{"id":89585,"date":"2020-05-05T14:18:32","date_gmt":"2020-05-05T12:18:32","guid":{"rendered":"https:\/\/www.heddata.se\/webbutik\/?post_type=product&#038;p=89585"},"modified":"2026-04-17T18:41:09","modified_gmt":"2026-04-17T16:41:09","slug":"pro-tek-roterande-fodral-for-samsung-galaxy-tab-a-10-1-2019","status":"publish","type":"product","link":"https:\/\/www.heddata.se\/webbutik\/produkt\/pro-tek-roterande-fodral-for-samsung-galaxy-tab-a-10-1-2019\/","title":{"rendered":"Pro-Tek roterande fodral f\u00f6r Samsung Galaxy Tab A 10.1 &#8221;(2019)"},"content":{"rendered":"<p id=\"tw-target-text\" class=\"tw-data-text tw-text-large tw-ta\" dir=\"ltr\" data-placeholder=\"\u00d6vers\u00e4ttning\"><span lang=\"sv\">Pro-Tek \u2122 roterande fodral f\u00f6r Samsung Galaxy Tab A 10.1 &#8221;(2019)<\/span><\/p>\n<p>The Pro-Tek\u2122 Rotating Case for Samsung Galaxy <a href=\"https:\/\/www.heddata.se\/webbutik\/produkt\/samsung-galaxy-tab-a-2019\/\">Tab A 10.1&#8243; (2019)<\/a> delivers practical protection and adaptable good looks with <a href=\"https:\/\/uk.targus.com\/\" target=\"_blank\" rel=\"noopener noreferrer\">Targus\u2019<\/a> signature geometric Pro-Tek\u2122 design. Rugged corner bumpers add impact protection. A custom-moulded interior tray with enhanced corners defends against damage. The magnetic wrap closure secures and safeguards on-the-go. And, like other Targus cases, it offers military grade protection for drops up to 4 feet*.<\/p>\n<p>Chameleon-like adaptability lets you adjust with ease to meet your needs. A simple flip transforms your 10.1 inch tablet case into a sturdy stand for comfortable typing. Flip again for easy viewing, with smooth rotation from portrait-to-landscape positioning. Your ideal viewing angle is assured thanks to virtually infinite options. Deep grooves anchor the edge to ensure stability. Precision cut-outs offer easy access to your controls, ports and camera. Even your audio gets a boost with audio scoops that deflect sound toward the user. And your stylus is always at-the-ready thanks to the convenient integrated loop.<\/p>\n<h4><strong>Military Grade Drop Protection<\/strong><\/h4>\n<p>Minor drops and bumps are no problem for this sturdy, structured case. In fact, this 10.1 inch tablet case passes rigorous MIL-STD 810G testing to ensure it can protect your Galaxy Tab A 10.1\u00ae from drops up to four feet.<\/p>\n<h4><strong>Easy Portrait and Landscape Viewing<\/strong><\/h4>\n<p>Patented 360-degree rotation makes it easy to switch from portrait to landscape modes and back again and use the stand function in either mode. That way, video conferences and FaceTime\u00ae aren\u2019t locked into landscape mode.<\/p>\n<h4><strong>Full Access, Full Functionality<\/strong><\/h4>\n<p>A full-coverage patented moulded tray with reinforced corners allows access to all ports, buttons and controls. Precision cut-outs ensure the camera is accessible for photos or videos without removing your tablet from its Galaxy Tab A case.<\/p>\n<h4><strong>Swipe or Type with Ease<\/strong><\/h4>\n<p>The textured, non-slip interior lets you position your Galaxy Tab A 10.1\u00ae in a virtually infinite range of reading or viewing angles for watching videos or interacting with your screen or flip the cover back for a comfortable typing angle.<\/p>\n<p>*As tested by an independent third party applying MIL-STD-810G, Method 516.6, Procedure IV.<\/p>\n<p dir=\"ltr\" data-placeholder=\"\u00d6vers\u00e4ttning\">\n","protected":false},"excerpt":{"rendered":"<p id=\"tw-target-text\" class=\"tw-data-text tw-text-large tw-ta\" dir=\"ltr\" data-placeholder=\"\u00d6vers\u00e4ttning\"><span lang=\"sv\">Pro-Tek \u2122 roterande fodral f\u00f6r Samsung Galaxy Tab A 10.1 &#8221;(2019)<\/span><\/p>\n","protected":false},"featured_media":89591,"template":"","meta":[],"product_brand":[],"product_cat":[130,104,63,7953],"product_tag":[],"class_list":{"0":"post-89585","1":"product","2":"type-product","3":"status-publish","4":"has-post-thumbnail","6":"product_cat-skal-skydd-surfplatta","7":"product_cat-surfplattor","8":"product_cat-telefoner-surfplattor","9":"product_cat-tillbehor-surfplattor","11":"first","12":"outofstock","13":"taxable","14":"shipping-taxable","15":"product-type-simple"},"yoast_head":"<!-- This site is optimized with the Yoast SEO Premium plugin v26.7 (Yoast SEO v26.7) - https:\/\/yoast.com\/wordpress\/plugins\/seo\/ -->\n<title>Pro-Tek \u2122 roterande fodral f\u00f6r Samsung Galaxy Tab A 10.1 &quot;(2019)<\/title>\n<meta name=\"description\" content=\"Pro-Tek \u2122 roterande fodral f\u00f6r Samsung Galaxy Tab A 10.1 &quot;(2019), skyddande fodral f\u00f6r din surfplatta, skyddar mot st\u00f6tar.\" \/>\n<meta name=\"robots\" content=\"index, follow, max-snippet:-1, max-image-preview:large, max-video-preview:-1\" \/>\n<link rel=\"canonical\" href=\"https:\/\/www.heddata.se\/webbutik\/produkt\/pro-tek-roterande-fodral-for-samsung-galaxy-tab-a-10-1-2019\/\" \/>\n<meta property=\"og:locale\" content=\"sv_SE\" \/>\n<meta property=\"og:type\" content=\"article\" \/>\n<meta property=\"og:title\" content=\"Pro-Tek roterande fodral f\u00f6r Samsung Galaxy Tab A 10.1 &quot;(2019)\" \/>\n<meta property=\"og:description\" content=\"Pro-Tek \u2122 roterande fodral f\u00f6r Samsung Galaxy Tab A 10.1 &quot;(2019), skyddande fodral f\u00f6r din surfplatta, skyddar mot st\u00f6tar.\" \/>\n<meta property=\"og:url\" content=\"https:\/\/www.heddata.se\/webbutik\/produkt\/pro-tek-roterande-fodral-for-samsung-galaxy-tab-a-10-1-2019\/\" \/>\n<meta property=\"og:site_name\" content=\"Datorer, Skrivare, F\u00e4rgpatroner, Mobiltelefoner\" \/>\n<meta property=\"article:modified_time\" content=\"2026-04-17T16:41:09+00:00\" \/>\n<meta property=\"og:image\" content=\"https:\/\/www.heddata.se\/webbutik\/wp-content\/uploads\/webbutik\/kategorier\/mobiltelefoner-surfplattor\/THZ792GL.jpg\" \/>\n\t<meta property=\"og:image:width\" content=\"1200\" \/>\n\t<meta property=\"og:image:height\" content=\"900\" \/>\n\t<meta property=\"og:image:type\" content=\"image\/jpeg\" \/>\n<meta name=\"twitter:card\" content=\"summary_large_image\" \/>\n<meta name=\"twitter:label1\" content=\"Ber\u00e4knad l\u00e4stid\" \/>\n\t<meta name=\"twitter:data1\" content=\"2 minuter\" \/>\n<script type=\"application\/ld+json\" class=\"yoast-schema-graph\">{\"@context\":\"https:\/\/schema.org\",\"@graph\":[{\"@type\":\"WebPage\",\"@id\":\"https:\/\/www.heddata.se\/webbutik\/produkt\/pro-tek-roterande-fodral-for-samsung-galaxy-tab-a-10-1-2019\/\",\"url\":\"https:\/\/www.heddata.se\/webbutik\/produkt\/pro-tek-roterande-fodral-for-samsung-galaxy-tab-a-10-1-2019\/\",\"name\":\"Pro-Tek \u2122 roterande fodral f\u00f6r Samsung Galaxy Tab A 10.1 \\\"(2019)\",\"isPartOf\":{\"@id\":\"https:\/\/www.heddata.se\/webbutik\/#website\"},\"primaryImageOfPage\":{\"@id\":\"https:\/\/www.heddata.se\/webbutik\/produkt\/pro-tek-roterande-fodral-for-samsung-galaxy-tab-a-10-1-2019\/#primaryimage\"},\"image\":{\"@id\":\"https:\/\/www.heddata.se\/webbutik\/produkt\/pro-tek-roterande-fodral-for-samsung-galaxy-tab-a-10-1-2019\/#primaryimage\"},\"thumbnailUrl\":\"https:\/\/www.heddata.se\/webbutik\/wp-content\/uploads\/webbutik\/kategorier\/mobiltelefoner-surfplattor\/THZ792GL.jpg\",\"datePublished\":\"2020-05-05T12:18:32+00:00\",\"dateModified\":\"2026-04-17T16:41:09+00:00\",\"description\":\"Pro-Tek \u2122 roterande fodral f\u00f6r Samsung Galaxy Tab A 10.1 \\\"(2019), skyddande fodral f\u00f6r din surfplatta, skyddar mot st\u00f6tar.\",\"breadcrumb\":{\"@id\":\"https:\/\/www.heddata.se\/webbutik\/produkt\/pro-tek-roterande-fodral-for-samsung-galaxy-tab-a-10-1-2019\/#breadcrumb\"},\"inLanguage\":\"sv-SE\",\"potentialAction\":[{\"@type\":\"ReadAction\",\"target\":[\"https:\/\/www.heddata.se\/webbutik\/produkt\/pro-tek-roterande-fodral-for-samsung-galaxy-tab-a-10-1-2019\/\"]}]},{\"@type\":\"ImageObject\",\"inLanguage\":\"sv-SE\",\"@id\":\"https:\/\/www.heddata.se\/webbutik\/produkt\/pro-tek-roterande-fodral-for-samsung-galaxy-tab-a-10-1-2019\/#primaryimage\",\"url\":\"https:\/\/www.heddata.se\/webbutik\/wp-content\/uploads\/webbutik\/kategorier\/mobiltelefoner-surfplattor\/THZ792GL.jpg\",\"contentUrl\":\"https:\/\/www.heddata.se\/webbutik\/wp-content\/uploads\/webbutik\/kategorier\/mobiltelefoner-surfplattor\/THZ792GL.jpg\",\"width\":1200,\"height\":900,\"caption\":\"Pro-Tek roterande fodral\"},{\"@type\":\"BreadcrumbList\",\"@id\":\"https:\/\/www.heddata.se\/webbutik\/produkt\/pro-tek-roterande-fodral-for-samsung-galaxy-tab-a-10-1-2019\/#breadcrumb\",\"itemListElement\":[{\"@type\":\"ListItem\",\"position\":1,\"name\":\"Hem\",\"item\":\"https:\/\/www.heddata.se\/webbutik\/\"},{\"@type\":\"ListItem\",\"position\":2,\"name\":\"Produkter\",\"item\":\"https:\/\/www.heddata.se\/webbutik\/shop\/\"},{\"@type\":\"ListItem\",\"position\":3,\"name\":\"Pro-Tek roterande fodral f\u00f6r Samsung Galaxy Tab A 10.1 &#8221;(2019)\"}]},{\"@type\":\"WebSite\",\"@id\":\"https:\/\/www.heddata.se\/webbutik\/#website\",\"url\":\"https:\/\/www.heddata.se\/webbutik\/\",\"name\":\"Datorer, Skrivare, F\u00e4rgpatroner, Mobiltelefoner\",\"description\":\"Kablar\",\"publisher\":{\"@id\":\"https:\/\/www.heddata.se\/webbutik\/#organization\"},\"potentialAction\":[{\"@type\":\"SearchAction\",\"target\":{\"@type\":\"EntryPoint\",\"urlTemplate\":\"https:\/\/www.heddata.se\/webbutik\/?s={search_term_string}\"},\"query-input\":{\"@type\":\"PropertyValueSpecification\",\"valueRequired\":true,\"valueName\":\"search_term_string\"}}],\"inLanguage\":\"sv-SE\"},{\"@type\":\"Organization\",\"@id\":\"https:\/\/www.heddata.se\/webbutik\/#organization\",\"name\":\"Heddata AB\",\"url\":\"https:\/\/www.heddata.se\/webbutik\/\",\"logo\":{\"@type\":\"ImageObject\",\"inLanguage\":\"sv-SE\",\"@id\":\"https:\/\/www.heddata.se\/webbutik\/#\/schema\/logo\/image\/\",\"url\":\"https:\/\/www.heddata.se\/webbutik\/wp-content\/uploads\/logga\/heddata-ab-logga.png\",\"contentUrl\":\"https:\/\/www.heddata.se\/webbutik\/wp-content\/uploads\/logga\/heddata-ab-logga.png\",\"width\":200,\"height\":64,\"caption\":\"Heddata AB\"},\"image\":{\"@id\":\"https:\/\/www.heddata.se\/webbutik\/#\/schema\/logo\/image\/\"}}]}<\/script>\n<!-- \/ Yoast SEO Premium plugin. -->","yoast_head_json":{"title":"Pro-Tek \u2122 roterande fodral f\u00f6r Samsung Galaxy Tab A 10.1 \"(2019)","description":"Pro-Tek \u2122 roterande fodral f\u00f6r Samsung Galaxy Tab A 10.1 \"(2019), skyddande fodral f\u00f6r din surfplatta, skyddar mot st\u00f6tar.","robots":{"index":"index","follow":"follow","max-snippet":"max-snippet:-1","max-image-preview":"max-image-preview:large","max-video-preview":"max-video-preview:-1"},"canonical":"https:\/\/www.heddata.se\/webbutik\/produkt\/pro-tek-roterande-fodral-for-samsung-galaxy-tab-a-10-1-2019\/","og_locale":"sv_SE","og_type":"article","og_title":"Pro-Tek roterande fodral f\u00f6r Samsung Galaxy Tab A 10.1 \"(2019)","og_description":"Pro-Tek \u2122 roterande fodral f\u00f6r Samsung Galaxy Tab A 10.1 \"(2019), skyddande fodral f\u00f6r din surfplatta, skyddar mot st\u00f6tar.","og_url":"https:\/\/www.heddata.se\/webbutik\/produkt\/pro-tek-roterande-fodral-for-samsung-galaxy-tab-a-10-1-2019\/","og_site_name":"Datorer, Skrivare, F\u00e4rgpatroner, Mobiltelefoner","article_modified_time":"2026-04-17T16:41:09+00:00","og_image":[{"width":1200,"height":900,"url":"https:\/\/www.heddata.se\/webbutik\/wp-content\/uploads\/webbutik\/kategorier\/mobiltelefoner-surfplattor\/THZ792GL.jpg","type":"image\/jpeg"}],"twitter_card":"summary_large_image","twitter_misc":{"Ber\u00e4knad l\u00e4stid":"2 minuter"},"schema":{"@context":"https:\/\/schema.org","@graph":[{"@type":"WebPage","@id":"https:\/\/www.heddata.se\/webbutik\/produkt\/pro-tek-roterande-fodral-for-samsung-galaxy-tab-a-10-1-2019\/","url":"https:\/\/www.heddata.se\/webbutik\/produkt\/pro-tek-roterande-fodral-for-samsung-galaxy-tab-a-10-1-2019\/","name":"Pro-Tek \u2122 roterande fodral f\u00f6r Samsung Galaxy Tab A 10.1 \"(2019)","isPartOf":{"@id":"https:\/\/www.heddata.se\/webbutik\/#website"},"primaryImageOfPage":{"@id":"https:\/\/www.heddata.se\/webbutik\/produkt\/pro-tek-roterande-fodral-for-samsung-galaxy-tab-a-10-1-2019\/#primaryimage"},"image":{"@id":"https:\/\/www.heddata.se\/webbutik\/produkt\/pro-tek-roterande-fodral-for-samsung-galaxy-tab-a-10-1-2019\/#primaryimage"},"thumbnailUrl":"https:\/\/www.heddata.se\/webbutik\/wp-content\/uploads\/webbutik\/kategorier\/mobiltelefoner-surfplattor\/THZ792GL.jpg","datePublished":"2020-05-05T12:18:32+00:00","dateModified":"2026-04-17T16:41:09+00:00","description":"Pro-Tek \u2122 roterande fodral f\u00f6r Samsung Galaxy Tab A 10.1 \"(2019), skyddande fodral f\u00f6r din surfplatta, skyddar mot st\u00f6tar.","breadcrumb":{"@id":"https:\/\/www.heddata.se\/webbutik\/produkt\/pro-tek-roterande-fodral-for-samsung-galaxy-tab-a-10-1-2019\/#breadcrumb"},"inLanguage":"sv-SE","potentialAction":[{"@type":"ReadAction","target":["https:\/\/www.heddata.se\/webbutik\/produkt\/pro-tek-roterande-fodral-for-samsung-galaxy-tab-a-10-1-2019\/"]}]},{"@type":"ImageObject","inLanguage":"sv-SE","@id":"https:\/\/www.heddata.se\/webbutik\/produkt\/pro-tek-roterande-fodral-for-samsung-galaxy-tab-a-10-1-2019\/#primaryimage","url":"https:\/\/www.heddata.se\/webbutik\/wp-content\/uploads\/webbutik\/kategorier\/mobiltelefoner-surfplattor\/THZ792GL.jpg","contentUrl":"https:\/\/www.heddata.se\/webbutik\/wp-content\/uploads\/webbutik\/kategorier\/mobiltelefoner-surfplattor\/THZ792GL.jpg","width":1200,"height":900,"caption":"Pro-Tek roterande fodral"},{"@type":"BreadcrumbList","@id":"https:\/\/www.heddata.se\/webbutik\/produkt\/pro-tek-roterande-fodral-for-samsung-galaxy-tab-a-10-1-2019\/#breadcrumb","itemListElement":[{"@type":"ListItem","position":1,"name":"Hem","item":"https:\/\/www.heddata.se\/webbutik\/"},{"@type":"ListItem","position":2,"name":"Produkter","item":"https:\/\/www.heddata.se\/webbutik\/shop\/"},{"@type":"ListItem","position":3,"name":"Pro-Tek roterande fodral f\u00f6r Samsung Galaxy Tab A 10.1 &#8221;(2019)"}]},{"@type":"WebSite","@id":"https:\/\/www.heddata.se\/webbutik\/#website","url":"https:\/\/www.heddata.se\/webbutik\/","name":"Datorer, Skrivare, F\u00e4rgpatroner, Mobiltelefoner","description":"Kablar","publisher":{"@id":"https:\/\/www.heddata.se\/webbutik\/#organization"},"potentialAction":[{"@type":"SearchAction","target":{"@type":"EntryPoint","urlTemplate":"https:\/\/www.heddata.se\/webbutik\/?s={search_term_string}"},"query-input":{"@type":"PropertyValueSpecification","valueRequired":true,"valueName":"search_term_string"}}],"inLanguage":"sv-SE"},{"@type":"Organization","@id":"https:\/\/www.heddata.se\/webbutik\/#organization","name":"Heddata AB","url":"https:\/\/www.heddata.se\/webbutik\/","logo":{"@type":"ImageObject","inLanguage":"sv-SE","@id":"https:\/\/www.heddata.se\/webbutik\/#\/schema\/logo\/image\/","url":"https:\/\/www.heddata.se\/webbutik\/wp-content\/uploads\/logga\/heddata-ab-logga.png","contentUrl":"https:\/\/www.heddata.se\/webbutik\/wp-content\/uploads\/logga\/heddata-ab-logga.png","width":200,"height":64,"caption":"Heddata AB"},"image":{"@id":"https:\/\/www.heddata.se\/webbutik\/#\/schema\/logo\/image\/"}}]}},"_links":{"self":[{"href":"https:\/\/www.heddata.se\/webbutik\/wp-json\/wp\/v2\/product\/89585","targetHints":{"allow":["GET"]}}],"collection":[{"href":"https:\/\/www.heddata.se\/webbutik\/wp-json\/wp\/v2\/product"}],"about":[{"href":"https:\/\/www.heddata.se\/webbutik\/wp-json\/wp\/v2\/types\/product"}],"wp:featuredmedia":[{"embeddable":true,"href":"https:\/\/www.heddata.se\/webbutik\/wp-json\/wp\/v2\/media\/89591"}],"wp:attachment":[{"href":"https:\/\/www.heddata.se\/webbutik\/wp-json\/wp\/v2\/media?parent=89585"}],"wp:term":[{"taxonomy":"product_brand","embeddable":true,"href":"https:\/\/www.heddata.se\/webbutik\/wp-json\/wp\/v2\/product_brand?post=89585"},{"taxonomy":"product_cat","embeddable":true,"href":"https:\/\/www.heddata.se\/webbutik\/wp-json\/wp\/v2\/product_cat?post=89585"},{"taxonomy":"product_tag","embeddable":true,"href":"https:\/\/www.heddata.se\/webbutik\/wp-json\/wp\/v2\/product_tag?post=89585"}],"curies":[{"name":"wp","href":"https:\/\/api.w.org\/{rel}","templated":true}]}}