{"id":89527,"date":"2020-04-21T15:18:29","date_gmt":"2020-04-21T13:18:29","guid":{"rendered":"https:\/\/www.heddata.se\/webbutik\/?post_type=product&#038;p=89527"},"modified":"2026-04-23T17:40:13","modified_gmt":"2026-04-23T15:40:13","slug":"ipad-10-2-32gb-wi-fi-space-grey","status":"publish","type":"product","link":"https:\/\/www.heddata.se\/webbutik\/produkt\/ipad-10-2-32gb-wi-fi-space-grey\/","title":{"rendered":"iPad 10.2&#8243; 32GB Wi-Fi Space Grey"},"content":{"rendered":"<p class=\"product-title\">iPad 10.2&#8243; 32GB Wi-Fi Space Grey<\/p>\n<p>iPad 10.2&#8243; 32GB Wi-Fi. Den popul\u00e4raste iPad-modellen \u00e4r b\u00e4ttre \u00e4n n\u00e5gonsin, med en st\u00f6rre 10,2-tums Retina-sk\u00e4rm\u00b9, st\u00f6d f\u00f6r Smart Keyboard och <a href=\"https:\/\/www.apple.com\/se\/\" target=\"_blank\" rel=\"noopener noreferrer\">Apple<\/a> Pencil\u00b2 och otroligt m\u00e5ngsidiga iPadOS.<\/p>\n<p>Skapa, l\u00e4r dig saker, jobba och spela som aldrig f\u00f6rr p\u00e5 den uppslukande 10,2-tums Retina-sk\u00e4rmen\u00b9. St\u00f6d f\u00f6r Smart Keyboard och Apple Pencil\u00b2. Och \u00f6ver en miljon appar i App Store, \u00e4ven Apple Arcadespel. Kamera p\u00e5 fram- och baksidan. 802.11ac WiFi och batteri som r\u00e4cker hela dagen?\u00b3. Och iPadOS som \u00f6ppnar upp en ny v\u00e4rld av m\u00f6jligheter. Det \u00e4r otroligt roligt. Och utan tvivel iPad.<\/p>\n<p><strong>De viktigaste funktionerna<\/strong><br \/>\n&#8211; 10.2-tums Retina-sk\u00e4rm\u00b9<br \/>\n&#8211; 32 GB minne<br \/>\n&#8211; A10 Fusion-chip<br \/>\n&#8211; Fingeravtrycksl\u00e4saren Touch ID och Apple Pay<br \/>\n&#8211; 8 MP kamera p\u00e5 baksidan, 1,2 MP FaceTime HD-kamera p\u00e5 framsidan<br \/>\n&#8211; Stereoh\u00f6gtalare<br \/>\n&#8211; 802.11ac WiFi<br \/>\n&#8211; Upp till 10 timmars batteritid\u00b3<br \/>\n&#8211; <a href=\"https:\/\/www.heddata.se\/webbutik\/produkt\/lightningkabel-1m-svart-synk-och-laddningskabel-for-apple\/\">Lightning-kontakt<\/a> f\u00f6r laddning och tillbeh\u00f6r<br \/>\n&#8211; St\u00f6d f\u00f6r Smart Keyboard och Apple Pencil\u00b2<br \/>\n&#8211; iPadOS<\/p>\n<p><strong>M\u00e5tt &amp; vikt<\/strong><br \/>\nH\u00f6jd (cm): 25,06<br \/>\nBredd (cm): 17,41<br \/>\nDjup (cm): 0,75<br \/>\nVikt (g): 483<\/p>\n","protected":false},"excerpt":{"rendered":"<p class=\"product-title\">iPad 10.2&#8243; 32GB Wi-Fi Space Grey<\/p>\n","protected":false},"featured_media":89529,"template":"","meta":[],"product_brand":[],"product_cat":[104,63],"product_tag":[],"class_list":{"0":"post-89527","1":"product","2":"type-product","3":"status-publish","4":"has-post-thumbnail","6":"product_cat-surfplattor","7":"product_cat-telefoner-surfplattor","9":"first","10":"outofstock","11":"taxable","12":"shipping-taxable","13":"product-type-simple"},"yoast_head":"<!-- This site is optimized with the Yoast SEO Premium plugin v26.7 (Yoast SEO v26.7) - https:\/\/yoast.com\/wordpress\/plugins\/seo\/ -->\n<title>iPad 10.2&quot; 32GB Wi-Fi den popul\u00e4raste iPad-modellen, b\u00e4ttre \u00e4n n\u00e5gonsin,<\/title>\n<meta name=\"description\" content=\"iPad 10.2&quot; 32GB Wi-Fi Space Grey. Den popul\u00e4raste iPad-modellen \u00e4r b\u00e4ttre \u00e4n n\u00e5gonsin, med en st\u00f6rre 10,2-tums Retina-sk\u00e4rm\u00b9, st\u00f6d f\u00f6r Smart Keyboard\" \/>\n<meta name=\"robots\" content=\"index, follow, max-snippet:-1, max-image-preview:large, max-video-preview:-1\" \/>\n<link rel=\"canonical\" href=\"https:\/\/www.heddata.se\/webbutik\/produkt\/ipad-10-2-32gb-wi-fi-space-grey\/\" \/>\n<meta property=\"og:locale\" content=\"sv_SE\" \/>\n<meta property=\"og:type\" content=\"article\" \/>\n<meta property=\"og:title\" content=\"iPad 10.2&quot; 32GB Wi-Fi Space Grey\" \/>\n<meta property=\"og:description\" content=\"iPad 10.2&quot; 32GB Wi-Fi Space Grey. Den popul\u00e4raste iPad-modellen \u00e4r b\u00e4ttre \u00e4n n\u00e5gonsin, med en st\u00f6rre 10,2-tums Retina-sk\u00e4rm\u00b9, st\u00f6d f\u00f6r Smart Keyboard\" \/>\n<meta property=\"og:url\" content=\"https:\/\/www.heddata.se\/webbutik\/produkt\/ipad-10-2-32gb-wi-fi-space-grey\/\" \/>\n<meta property=\"og:site_name\" content=\"Datorer, Skrivare, F\u00e4rgpatroner, Mobiltelefoner\" \/>\n<meta property=\"article:modified_time\" content=\"2026-04-23T15:40:13+00:00\" \/>\n<meta property=\"og:image\" content=\"https:\/\/www.heddata.se\/webbutik\/wp-content\/uploads\/webbutik\/kategorier\/mobiltelefoner-surfplattor\/apple-ipad-mw742.jpg\" \/>\n\t<meta property=\"og:image:width\" content=\"1000\" \/>\n\t<meta property=\"og:image:height\" content=\"1000\" \/>\n\t<meta property=\"og:image:type\" content=\"image\/jpeg\" \/>\n<meta name=\"twitter:card\" content=\"summary_large_image\" \/>\n<meta name=\"twitter:label1\" content=\"Ber\u00e4knad l\u00e4stid\" \/>\n\t<meta name=\"twitter:data1\" content=\"1 minut\" \/>\n<script type=\"application\/ld+json\" class=\"yoast-schema-graph\">{\"@context\":\"https:\/\/schema.org\",\"@graph\":[{\"@type\":\"WebPage\",\"@id\":\"https:\/\/www.heddata.se\/webbutik\/produkt\/ipad-10-2-32gb-wi-fi-space-grey\/\",\"url\":\"https:\/\/www.heddata.se\/webbutik\/produkt\/ipad-10-2-32gb-wi-fi-space-grey\/\",\"name\":\"iPad 10.2\\\" 32GB Wi-Fi den popul\u00e4raste iPad-modellen, b\u00e4ttre \u00e4n n\u00e5gonsin,\",\"isPartOf\":{\"@id\":\"https:\/\/www.heddata.se\/webbutik\/#website\"},\"primaryImageOfPage\":{\"@id\":\"https:\/\/www.heddata.se\/webbutik\/produkt\/ipad-10-2-32gb-wi-fi-space-grey\/#primaryimage\"},\"image\":{\"@id\":\"https:\/\/www.heddata.se\/webbutik\/produkt\/ipad-10-2-32gb-wi-fi-space-grey\/#primaryimage\"},\"thumbnailUrl\":\"https:\/\/www.heddata.se\/webbutik\/wp-content\/uploads\/webbutik\/kategorier\/mobiltelefoner-surfplattor\/apple-ipad-mw742.jpg\",\"datePublished\":\"2020-04-21T13:18:29+00:00\",\"dateModified\":\"2026-04-23T15:40:13+00:00\",\"description\":\"iPad 10.2\\\" 32GB Wi-Fi Space Grey. Den popul\u00e4raste iPad-modellen \u00e4r b\u00e4ttre \u00e4n n\u00e5gonsin, med en st\u00f6rre 10,2-tums Retina-sk\u00e4rm\u00b9, st\u00f6d f\u00f6r Smart Keyboard\",\"breadcrumb\":{\"@id\":\"https:\/\/www.heddata.se\/webbutik\/produkt\/ipad-10-2-32gb-wi-fi-space-grey\/#breadcrumb\"},\"inLanguage\":\"sv-SE\",\"potentialAction\":[{\"@type\":\"ReadAction\",\"target\":[\"https:\/\/www.heddata.se\/webbutik\/produkt\/ipad-10-2-32gb-wi-fi-space-grey\/\"]}]},{\"@type\":\"ImageObject\",\"inLanguage\":\"sv-SE\",\"@id\":\"https:\/\/www.heddata.se\/webbutik\/produkt\/ipad-10-2-32gb-wi-fi-space-grey\/#primaryimage\",\"url\":\"https:\/\/www.heddata.se\/webbutik\/wp-content\/uploads\/webbutik\/kategorier\/mobiltelefoner-surfplattor\/apple-ipad-mw742.jpg\",\"contentUrl\":\"https:\/\/www.heddata.se\/webbutik\/wp-content\/uploads\/webbutik\/kategorier\/mobiltelefoner-surfplattor\/apple-ipad-mw742.jpg\",\"width\":1000,\"height\":1000,\"caption\":\"iPad 10.2\\\" 32GB Wi-Fi\"},{\"@type\":\"BreadcrumbList\",\"@id\":\"https:\/\/www.heddata.se\/webbutik\/produkt\/ipad-10-2-32gb-wi-fi-space-grey\/#breadcrumb\",\"itemListElement\":[{\"@type\":\"ListItem\",\"position\":1,\"name\":\"Hem\",\"item\":\"https:\/\/www.heddata.se\/webbutik\/\"},{\"@type\":\"ListItem\",\"position\":2,\"name\":\"Produkter\",\"item\":\"https:\/\/www.heddata.se\/webbutik\/shop\/\"},{\"@type\":\"ListItem\",\"position\":3,\"name\":\"iPad 10.2&#8243; 32GB Wi-Fi Space Grey\"}]},{\"@type\":\"WebSite\",\"@id\":\"https:\/\/www.heddata.se\/webbutik\/#website\",\"url\":\"https:\/\/www.heddata.se\/webbutik\/\",\"name\":\"Datorer, Skrivare, F\u00e4rgpatroner, Mobiltelefoner\",\"description\":\"Kablar\",\"publisher\":{\"@id\":\"https:\/\/www.heddata.se\/webbutik\/#organization\"},\"potentialAction\":[{\"@type\":\"SearchAction\",\"target\":{\"@type\":\"EntryPoint\",\"urlTemplate\":\"https:\/\/www.heddata.se\/webbutik\/?s={search_term_string}\"},\"query-input\":{\"@type\":\"PropertyValueSpecification\",\"valueRequired\":true,\"valueName\":\"search_term_string\"}}],\"inLanguage\":\"sv-SE\"},{\"@type\":\"Organization\",\"@id\":\"https:\/\/www.heddata.se\/webbutik\/#organization\",\"name\":\"Heddata AB\",\"url\":\"https:\/\/www.heddata.se\/webbutik\/\",\"logo\":{\"@type\":\"ImageObject\",\"inLanguage\":\"sv-SE\",\"@id\":\"https:\/\/www.heddata.se\/webbutik\/#\/schema\/logo\/image\/\",\"url\":\"https:\/\/www.heddata.se\/webbutik\/wp-content\/uploads\/logga\/heddata-ab-logga.png\",\"contentUrl\":\"https:\/\/www.heddata.se\/webbutik\/wp-content\/uploads\/logga\/heddata-ab-logga.png\",\"width\":200,\"height\":64,\"caption\":\"Heddata AB\"},\"image\":{\"@id\":\"https:\/\/www.heddata.se\/webbutik\/#\/schema\/logo\/image\/\"}}]}<\/script>\n<!-- \/ Yoast SEO Premium plugin. -->","yoast_head_json":{"title":"iPad 10.2\" 32GB Wi-Fi den popul\u00e4raste iPad-modellen, b\u00e4ttre \u00e4n n\u00e5gonsin,","description":"iPad 10.2\" 32GB Wi-Fi Space Grey. Den popul\u00e4raste iPad-modellen \u00e4r b\u00e4ttre \u00e4n n\u00e5gonsin, med en st\u00f6rre 10,2-tums Retina-sk\u00e4rm\u00b9, st\u00f6d f\u00f6r Smart Keyboard","robots":{"index":"index","follow":"follow","max-snippet":"max-snippet:-1","max-image-preview":"max-image-preview:large","max-video-preview":"max-video-preview:-1"},"canonical":"https:\/\/www.heddata.se\/webbutik\/produkt\/ipad-10-2-32gb-wi-fi-space-grey\/","og_locale":"sv_SE","og_type":"article","og_title":"iPad 10.2\" 32GB Wi-Fi Space Grey","og_description":"iPad 10.2\" 32GB Wi-Fi Space Grey. Den popul\u00e4raste iPad-modellen \u00e4r b\u00e4ttre \u00e4n n\u00e5gonsin, med en st\u00f6rre 10,2-tums Retina-sk\u00e4rm\u00b9, st\u00f6d f\u00f6r Smart Keyboard","og_url":"https:\/\/www.heddata.se\/webbutik\/produkt\/ipad-10-2-32gb-wi-fi-space-grey\/","og_site_name":"Datorer, Skrivare, F\u00e4rgpatroner, Mobiltelefoner","article_modified_time":"2026-04-23T15:40:13+00:00","og_image":[{"width":1000,"height":1000,"url":"https:\/\/www.heddata.se\/webbutik\/wp-content\/uploads\/webbutik\/kategorier\/mobiltelefoner-surfplattor\/apple-ipad-mw742.jpg","type":"image\/jpeg"}],"twitter_card":"summary_large_image","twitter_misc":{"Ber\u00e4knad l\u00e4stid":"1 minut"},"schema":{"@context":"https:\/\/schema.org","@graph":[{"@type":"WebPage","@id":"https:\/\/www.heddata.se\/webbutik\/produkt\/ipad-10-2-32gb-wi-fi-space-grey\/","url":"https:\/\/www.heddata.se\/webbutik\/produkt\/ipad-10-2-32gb-wi-fi-space-grey\/","name":"iPad 10.2\" 32GB Wi-Fi den popul\u00e4raste iPad-modellen, b\u00e4ttre \u00e4n n\u00e5gonsin,","isPartOf":{"@id":"https:\/\/www.heddata.se\/webbutik\/#website"},"primaryImageOfPage":{"@id":"https:\/\/www.heddata.se\/webbutik\/produkt\/ipad-10-2-32gb-wi-fi-space-grey\/#primaryimage"},"image":{"@id":"https:\/\/www.heddata.se\/webbutik\/produkt\/ipad-10-2-32gb-wi-fi-space-grey\/#primaryimage"},"thumbnailUrl":"https:\/\/www.heddata.se\/webbutik\/wp-content\/uploads\/webbutik\/kategorier\/mobiltelefoner-surfplattor\/apple-ipad-mw742.jpg","datePublished":"2020-04-21T13:18:29+00:00","dateModified":"2026-04-23T15:40:13+00:00","description":"iPad 10.2\" 32GB Wi-Fi Space Grey. Den popul\u00e4raste iPad-modellen \u00e4r b\u00e4ttre \u00e4n n\u00e5gonsin, med en st\u00f6rre 10,2-tums Retina-sk\u00e4rm\u00b9, st\u00f6d f\u00f6r Smart Keyboard","breadcrumb":{"@id":"https:\/\/www.heddata.se\/webbutik\/produkt\/ipad-10-2-32gb-wi-fi-space-grey\/#breadcrumb"},"inLanguage":"sv-SE","potentialAction":[{"@type":"ReadAction","target":["https:\/\/www.heddata.se\/webbutik\/produkt\/ipad-10-2-32gb-wi-fi-space-grey\/"]}]},{"@type":"ImageObject","inLanguage":"sv-SE","@id":"https:\/\/www.heddata.se\/webbutik\/produkt\/ipad-10-2-32gb-wi-fi-space-grey\/#primaryimage","url":"https:\/\/www.heddata.se\/webbutik\/wp-content\/uploads\/webbutik\/kategorier\/mobiltelefoner-surfplattor\/apple-ipad-mw742.jpg","contentUrl":"https:\/\/www.heddata.se\/webbutik\/wp-content\/uploads\/webbutik\/kategorier\/mobiltelefoner-surfplattor\/apple-ipad-mw742.jpg","width":1000,"height":1000,"caption":"iPad 10.2\" 32GB Wi-Fi"},{"@type":"BreadcrumbList","@id":"https:\/\/www.heddata.se\/webbutik\/produkt\/ipad-10-2-32gb-wi-fi-space-grey\/#breadcrumb","itemListElement":[{"@type":"ListItem","position":1,"name":"Hem","item":"https:\/\/www.heddata.se\/webbutik\/"},{"@type":"ListItem","position":2,"name":"Produkter","item":"https:\/\/www.heddata.se\/webbutik\/shop\/"},{"@type":"ListItem","position":3,"name":"iPad 10.2&#8243; 32GB Wi-Fi Space Grey"}]},{"@type":"WebSite","@id":"https:\/\/www.heddata.se\/webbutik\/#website","url":"https:\/\/www.heddata.se\/webbutik\/","name":"Datorer, Skrivare, F\u00e4rgpatroner, Mobiltelefoner","description":"Kablar","publisher":{"@id":"https:\/\/www.heddata.se\/webbutik\/#organization"},"potentialAction":[{"@type":"SearchAction","target":{"@type":"EntryPoint","urlTemplate":"https:\/\/www.heddata.se\/webbutik\/?s={search_term_string}"},"query-input":{"@type":"PropertyValueSpecification","valueRequired":true,"valueName":"search_term_string"}}],"inLanguage":"sv-SE"},{"@type":"Organization","@id":"https:\/\/www.heddata.se\/webbutik\/#organization","name":"Heddata AB","url":"https:\/\/www.heddata.se\/webbutik\/","logo":{"@type":"ImageObject","inLanguage":"sv-SE","@id":"https:\/\/www.heddata.se\/webbutik\/#\/schema\/logo\/image\/","url":"https:\/\/www.heddata.se\/webbutik\/wp-content\/uploads\/logga\/heddata-ab-logga.png","contentUrl":"https:\/\/www.heddata.se\/webbutik\/wp-content\/uploads\/logga\/heddata-ab-logga.png","width":200,"height":64,"caption":"Heddata AB"},"image":{"@id":"https:\/\/www.heddata.se\/webbutik\/#\/schema\/logo\/image\/"}}]}},"_links":{"self":[{"href":"https:\/\/www.heddata.se\/webbutik\/wp-json\/wp\/v2\/product\/89527","targetHints":{"allow":["GET"]}}],"collection":[{"href":"https:\/\/www.heddata.se\/webbutik\/wp-json\/wp\/v2\/product"}],"about":[{"href":"https:\/\/www.heddata.se\/webbutik\/wp-json\/wp\/v2\/types\/product"}],"wp:featuredmedia":[{"embeddable":true,"href":"https:\/\/www.heddata.se\/webbutik\/wp-json\/wp\/v2\/media\/89529"}],"wp:attachment":[{"href":"https:\/\/www.heddata.se\/webbutik\/wp-json\/wp\/v2\/media?parent=89527"}],"wp:term":[{"taxonomy":"product_brand","embeddable":true,"href":"https:\/\/www.heddata.se\/webbutik\/wp-json\/wp\/v2\/product_brand?post=89527"},{"taxonomy":"product_cat","embeddable":true,"href":"https:\/\/www.heddata.se\/webbutik\/wp-json\/wp\/v2\/product_cat?post=89527"},{"taxonomy":"product_tag","embeddable":true,"href":"https:\/\/www.heddata.se\/webbutik\/wp-json\/wp\/v2\/product_tag?post=89527"}],"curies":[{"name":"wp","href":"https:\/\/api.w.org\/{rel}","templated":true}]}}