{"id":89524,"date":"2020-04-21T13:18:34","date_gmt":"2020-04-21T11:18:34","guid":{"rendered":"https:\/\/www.heddata.se\/webbutik\/?post_type=product&#038;p=89524"},"modified":"2026-04-03T18:41:19","modified_gmt":"2026-04-03T16:41:19","slug":"fast-vaggfaste-for-tv-23-55-tum-max-35-kg-23-mm-vaggavstand","status":"publish","type":"product","link":"https:\/\/www.heddata.se\/webbutik\/produkt\/fast-vaggfaste-for-tv-23-55-tum-max-35-kg-23-mm-vaggavstand\/","title":{"rendered":"Fast v\u00e4ggf\u00e4ste f\u00f6r TV 23\u201355 tum Max 35 kg 23 mm v\u00e4ggavst\u00e5nd"},"content":{"rendered":"<p>Fast v\u00e4ggf\u00e4ste f\u00f6r TV 23\u201355 tum Max 35 kg 23 mm v\u00e4ggavst\u00e5nd<\/p>\n<div class=\"description\">\n<div class=\"d-flex flex-column\">\n<div class=\"position-relative\">\n<div class=\"\">\n<p class=\"p-0 m-0\">Placera en <a href=\"https:\/\/www.heddata.se\/webbutik\/tv-apparater\/\">tv<\/a> extremt n\u00e4ra en v\u00e4gg med det h\u00e4r Nedis\u00ae tv-v\u00e4ggf\u00e4stet som g\u00f6r att tv:n sm\u00e4lter in i inredningen helt och h\u00e5llet. Inklusive alla n\u00f6dv\u00e4ndiga tillbeh\u00f6r f\u00f6r montering och en handbok f\u00f6r att installera tv-f\u00e4stet snabbt och enkelt.<\/p>\n<\/div>\n<\/div>\n<\/div>\n<\/div>\n<div class=\"mt-3\"><strong class=\"d-block\">Features<\/strong><\/p>\n<p class=\"m-0\">Minsta sk\u00e4rmstorlek: 23 tum\/58 cm St\u00f6rsta sk\u00e4rmstorlek: 55 tum\/139 cm \u2022 Fast installation \u2022 St\u00f6der 35 kg<\/p>\n<\/div>\n","protected":false},"excerpt":{"rendered":"<p>Fast v\u00e4ggf\u00e4ste f\u00f6r TV 23\u201355 tum Max 35 kg 23 mm v\u00e4ggavst\u00e5nd<\/p>\n","protected":false},"featured_media":89533,"template":"","meta":[],"product_brand":[],"product_cat":[60,86],"product_tag":[],"class_list":{"0":"post-89524","1":"product","2":"type-product","3":"status-publish","4":"has-post-thumbnail","6":"product_cat-hemelektronik","7":"product_cat-tillbehor-tv","9":"first","10":"outofstock","11":"taxable","12":"shipping-taxable","13":"product-type-simple"},"yoast_head":"<!-- This site is optimized with the Yoast SEO Premium plugin v26.7 (Yoast SEO v26.7) - https:\/\/yoast.com\/wordpress\/plugins\/seo\/ -->\n<title>Fast v\u00e4ggf\u00e4ste f\u00f6r TV 23\u201355 tum Max 35 kg 23 mm v\u00e4ggavst\u00e5nd<\/title>\n<meta name=\"description\" content=\"Fast v\u00e4ggf\u00e4ste f\u00f6r TV 23\u201355 tum Max 35 kg 23 mm v\u00e4ggavst\u00e5nd. Placera en tv extremt n\u00e4ra en v\u00e4gg med det h\u00e4r Nedis\u00ae tv-v\u00e4ggf\u00e4stet\" \/>\n<meta name=\"robots\" content=\"index, follow, max-snippet:-1, max-image-preview:large, max-video-preview:-1\" \/>\n<link rel=\"canonical\" href=\"https:\/\/www.heddata.se\/webbutik\/produkt\/fast-vaggfaste-for-tv-23-55-tum-max-35-kg-23-mm-vaggavstand\/\" \/>\n<meta property=\"og:locale\" content=\"sv_SE\" \/>\n<meta property=\"og:type\" content=\"article\" \/>\n<meta property=\"og:title\" content=\"Fast v\u00e4ggf\u00e4ste f\u00f6r TV 23\u201355 tum Max 35 kg 23 mm v\u00e4ggavst\u00e5nd\" \/>\n<meta property=\"og:description\" content=\"Fast v\u00e4ggf\u00e4ste f\u00f6r TV 23\u201355 tum Max 35 kg 23 mm v\u00e4ggavst\u00e5nd. Placera en tv extremt n\u00e4ra en v\u00e4gg med det h\u00e4r Nedis\u00ae tv-v\u00e4ggf\u00e4stet\" \/>\n<meta property=\"og:url\" content=\"https:\/\/www.heddata.se\/webbutik\/produkt\/fast-vaggfaste-for-tv-23-55-tum-max-35-kg-23-mm-vaggavstand\/\" \/>\n<meta property=\"og:site_name\" content=\"Datorer, Skrivare, F\u00e4rgpatroner, Mobiltelefoner\" \/>\n<meta property=\"article:modified_time\" content=\"2026-04-03T16:41:19+00:00\" \/>\n<meta property=\"og:image\" content=\"https:\/\/www.heddata.se\/webbutik\/wp-content\/uploads\/webbutik\/kategorier\/ovrigt-tillbehor\/TVWM1030BK.jpg\" \/>\n\t<meta property=\"og:image:width\" content=\"1200\" \/>\n\t<meta property=\"og:image:height\" content=\"1200\" \/>\n\t<meta property=\"og:image:type\" content=\"image\/jpeg\" \/>\n<meta name=\"twitter:card\" content=\"summary_large_image\" \/>\n<script type=\"application\/ld+json\" class=\"yoast-schema-graph\">{\"@context\":\"https:\/\/schema.org\",\"@graph\":[{\"@type\":\"WebPage\",\"@id\":\"https:\/\/www.heddata.se\/webbutik\/produkt\/fast-vaggfaste-for-tv-23-55-tum-max-35-kg-23-mm-vaggavstand\/\",\"url\":\"https:\/\/www.heddata.se\/webbutik\/produkt\/fast-vaggfaste-for-tv-23-55-tum-max-35-kg-23-mm-vaggavstand\/\",\"name\":\"Fast v\u00e4ggf\u00e4ste f\u00f6r TV 23\u201355 tum Max 35 kg 23 mm v\u00e4ggavst\u00e5nd\",\"isPartOf\":{\"@id\":\"https:\/\/www.heddata.se\/webbutik\/#website\"},\"primaryImageOfPage\":{\"@id\":\"https:\/\/www.heddata.se\/webbutik\/produkt\/fast-vaggfaste-for-tv-23-55-tum-max-35-kg-23-mm-vaggavstand\/#primaryimage\"},\"image\":{\"@id\":\"https:\/\/www.heddata.se\/webbutik\/produkt\/fast-vaggfaste-for-tv-23-55-tum-max-35-kg-23-mm-vaggavstand\/#primaryimage\"},\"thumbnailUrl\":\"https:\/\/www.heddata.se\/webbutik\/wp-content\/uploads\/webbutik\/kategorier\/ovrigt-tillbehor\/TVWM1030BK.jpg\",\"datePublished\":\"2020-04-21T11:18:34+00:00\",\"dateModified\":\"2026-04-03T16:41:19+00:00\",\"description\":\"Fast v\u00e4ggf\u00e4ste f\u00f6r TV 23\u201355 tum Max 35 kg 23 mm v\u00e4ggavst\u00e5nd. Placera en tv extremt n\u00e4ra en v\u00e4gg med det h\u00e4r Nedis\u00ae tv-v\u00e4ggf\u00e4stet\",\"breadcrumb\":{\"@id\":\"https:\/\/www.heddata.se\/webbutik\/produkt\/fast-vaggfaste-for-tv-23-55-tum-max-35-kg-23-mm-vaggavstand\/#breadcrumb\"},\"inLanguage\":\"sv-SE\",\"potentialAction\":[{\"@type\":\"ReadAction\",\"target\":[\"https:\/\/www.heddata.se\/webbutik\/produkt\/fast-vaggfaste-for-tv-23-55-tum-max-35-kg-23-mm-vaggavstand\/\"]}]},{\"@type\":\"ImageObject\",\"inLanguage\":\"sv-SE\",\"@id\":\"https:\/\/www.heddata.se\/webbutik\/produkt\/fast-vaggfaste-for-tv-23-55-tum-max-35-kg-23-mm-vaggavstand\/#primaryimage\",\"url\":\"https:\/\/www.heddata.se\/webbutik\/wp-content\/uploads\/webbutik\/kategorier\/ovrigt-tillbehor\/TVWM1030BK.jpg\",\"contentUrl\":\"https:\/\/www.heddata.se\/webbutik\/wp-content\/uploads\/webbutik\/kategorier\/ovrigt-tillbehor\/TVWM1030BK.jpg\",\"width\":1200,\"height\":1200,\"caption\":\"Fast v\u00e4ggf\u00e4ste f\u00f6r TV\"},{\"@type\":\"BreadcrumbList\",\"@id\":\"https:\/\/www.heddata.se\/webbutik\/produkt\/fast-vaggfaste-for-tv-23-55-tum-max-35-kg-23-mm-vaggavstand\/#breadcrumb\",\"itemListElement\":[{\"@type\":\"ListItem\",\"position\":1,\"name\":\"Hem\",\"item\":\"https:\/\/www.heddata.se\/webbutik\/\"},{\"@type\":\"ListItem\",\"position\":2,\"name\":\"Produkter\",\"item\":\"https:\/\/www.heddata.se\/webbutik\/shop\/\"},{\"@type\":\"ListItem\",\"position\":3,\"name\":\"Fast v\u00e4ggf\u00e4ste f\u00f6r TV 23\u201355 tum Max 35 kg 23 mm v\u00e4ggavst\u00e5nd\"}]},{\"@type\":\"WebSite\",\"@id\":\"https:\/\/www.heddata.se\/webbutik\/#website\",\"url\":\"https:\/\/www.heddata.se\/webbutik\/\",\"name\":\"Datorer, Skrivare, F\u00e4rgpatroner, Mobiltelefoner\",\"description\":\"Kablar\",\"publisher\":{\"@id\":\"https:\/\/www.heddata.se\/webbutik\/#organization\"},\"potentialAction\":[{\"@type\":\"SearchAction\",\"target\":{\"@type\":\"EntryPoint\",\"urlTemplate\":\"https:\/\/www.heddata.se\/webbutik\/?s={search_term_string}\"},\"query-input\":{\"@type\":\"PropertyValueSpecification\",\"valueRequired\":true,\"valueName\":\"search_term_string\"}}],\"inLanguage\":\"sv-SE\"},{\"@type\":\"Organization\",\"@id\":\"https:\/\/www.heddata.se\/webbutik\/#organization\",\"name\":\"Heddata AB\",\"url\":\"https:\/\/www.heddata.se\/webbutik\/\",\"logo\":{\"@type\":\"ImageObject\",\"inLanguage\":\"sv-SE\",\"@id\":\"https:\/\/www.heddata.se\/webbutik\/#\/schema\/logo\/image\/\",\"url\":\"https:\/\/www.heddata.se\/webbutik\/wp-content\/uploads\/logga\/heddata-ab-logga.png\",\"contentUrl\":\"https:\/\/www.heddata.se\/webbutik\/wp-content\/uploads\/logga\/heddata-ab-logga.png\",\"width\":200,\"height\":64,\"caption\":\"Heddata AB\"},\"image\":{\"@id\":\"https:\/\/www.heddata.se\/webbutik\/#\/schema\/logo\/image\/\"}}]}<\/script>\n<!-- \/ Yoast SEO Premium plugin. -->","yoast_head_json":{"title":"Fast v\u00e4ggf\u00e4ste f\u00f6r TV 23\u201355 tum Max 35 kg 23 mm v\u00e4ggavst\u00e5nd","description":"Fast v\u00e4ggf\u00e4ste f\u00f6r TV 23\u201355 tum Max 35 kg 23 mm v\u00e4ggavst\u00e5nd. Placera en tv extremt n\u00e4ra en v\u00e4gg med det h\u00e4r Nedis\u00ae tv-v\u00e4ggf\u00e4stet","robots":{"index":"index","follow":"follow","max-snippet":"max-snippet:-1","max-image-preview":"max-image-preview:large","max-video-preview":"max-video-preview:-1"},"canonical":"https:\/\/www.heddata.se\/webbutik\/produkt\/fast-vaggfaste-for-tv-23-55-tum-max-35-kg-23-mm-vaggavstand\/","og_locale":"sv_SE","og_type":"article","og_title":"Fast v\u00e4ggf\u00e4ste f\u00f6r TV 23\u201355 tum Max 35 kg 23 mm v\u00e4ggavst\u00e5nd","og_description":"Fast v\u00e4ggf\u00e4ste f\u00f6r TV 23\u201355 tum Max 35 kg 23 mm v\u00e4ggavst\u00e5nd. Placera en tv extremt n\u00e4ra en v\u00e4gg med det h\u00e4r Nedis\u00ae tv-v\u00e4ggf\u00e4stet","og_url":"https:\/\/www.heddata.se\/webbutik\/produkt\/fast-vaggfaste-for-tv-23-55-tum-max-35-kg-23-mm-vaggavstand\/","og_site_name":"Datorer, Skrivare, F\u00e4rgpatroner, Mobiltelefoner","article_modified_time":"2026-04-03T16:41:19+00:00","og_image":[{"width":1200,"height":1200,"url":"https:\/\/www.heddata.se\/webbutik\/wp-content\/uploads\/webbutik\/kategorier\/ovrigt-tillbehor\/TVWM1030BK.jpg","type":"image\/jpeg"}],"twitter_card":"summary_large_image","schema":{"@context":"https:\/\/schema.org","@graph":[{"@type":"WebPage","@id":"https:\/\/www.heddata.se\/webbutik\/produkt\/fast-vaggfaste-for-tv-23-55-tum-max-35-kg-23-mm-vaggavstand\/","url":"https:\/\/www.heddata.se\/webbutik\/produkt\/fast-vaggfaste-for-tv-23-55-tum-max-35-kg-23-mm-vaggavstand\/","name":"Fast v\u00e4ggf\u00e4ste f\u00f6r TV 23\u201355 tum Max 35 kg 23 mm v\u00e4ggavst\u00e5nd","isPartOf":{"@id":"https:\/\/www.heddata.se\/webbutik\/#website"},"primaryImageOfPage":{"@id":"https:\/\/www.heddata.se\/webbutik\/produkt\/fast-vaggfaste-for-tv-23-55-tum-max-35-kg-23-mm-vaggavstand\/#primaryimage"},"image":{"@id":"https:\/\/www.heddata.se\/webbutik\/produkt\/fast-vaggfaste-for-tv-23-55-tum-max-35-kg-23-mm-vaggavstand\/#primaryimage"},"thumbnailUrl":"https:\/\/www.heddata.se\/webbutik\/wp-content\/uploads\/webbutik\/kategorier\/ovrigt-tillbehor\/TVWM1030BK.jpg","datePublished":"2020-04-21T11:18:34+00:00","dateModified":"2026-04-03T16:41:19+00:00","description":"Fast v\u00e4ggf\u00e4ste f\u00f6r TV 23\u201355 tum Max 35 kg 23 mm v\u00e4ggavst\u00e5nd. Placera en tv extremt n\u00e4ra en v\u00e4gg med det h\u00e4r Nedis\u00ae tv-v\u00e4ggf\u00e4stet","breadcrumb":{"@id":"https:\/\/www.heddata.se\/webbutik\/produkt\/fast-vaggfaste-for-tv-23-55-tum-max-35-kg-23-mm-vaggavstand\/#breadcrumb"},"inLanguage":"sv-SE","potentialAction":[{"@type":"ReadAction","target":["https:\/\/www.heddata.se\/webbutik\/produkt\/fast-vaggfaste-for-tv-23-55-tum-max-35-kg-23-mm-vaggavstand\/"]}]},{"@type":"ImageObject","inLanguage":"sv-SE","@id":"https:\/\/www.heddata.se\/webbutik\/produkt\/fast-vaggfaste-for-tv-23-55-tum-max-35-kg-23-mm-vaggavstand\/#primaryimage","url":"https:\/\/www.heddata.se\/webbutik\/wp-content\/uploads\/webbutik\/kategorier\/ovrigt-tillbehor\/TVWM1030BK.jpg","contentUrl":"https:\/\/www.heddata.se\/webbutik\/wp-content\/uploads\/webbutik\/kategorier\/ovrigt-tillbehor\/TVWM1030BK.jpg","width":1200,"height":1200,"caption":"Fast v\u00e4ggf\u00e4ste f\u00f6r TV"},{"@type":"BreadcrumbList","@id":"https:\/\/www.heddata.se\/webbutik\/produkt\/fast-vaggfaste-for-tv-23-55-tum-max-35-kg-23-mm-vaggavstand\/#breadcrumb","itemListElement":[{"@type":"ListItem","position":1,"name":"Hem","item":"https:\/\/www.heddata.se\/webbutik\/"},{"@type":"ListItem","position":2,"name":"Produkter","item":"https:\/\/www.heddata.se\/webbutik\/shop\/"},{"@type":"ListItem","position":3,"name":"Fast v\u00e4ggf\u00e4ste f\u00f6r TV 23\u201355 tum Max 35 kg 23 mm v\u00e4ggavst\u00e5nd"}]},{"@type":"WebSite","@id":"https:\/\/www.heddata.se\/webbutik\/#website","url":"https:\/\/www.heddata.se\/webbutik\/","name":"Datorer, Skrivare, F\u00e4rgpatroner, Mobiltelefoner","description":"Kablar","publisher":{"@id":"https:\/\/www.heddata.se\/webbutik\/#organization"},"potentialAction":[{"@type":"SearchAction","target":{"@type":"EntryPoint","urlTemplate":"https:\/\/www.heddata.se\/webbutik\/?s={search_term_string}"},"query-input":{"@type":"PropertyValueSpecification","valueRequired":true,"valueName":"search_term_string"}}],"inLanguage":"sv-SE"},{"@type":"Organization","@id":"https:\/\/www.heddata.se\/webbutik\/#organization","name":"Heddata AB","url":"https:\/\/www.heddata.se\/webbutik\/","logo":{"@type":"ImageObject","inLanguage":"sv-SE","@id":"https:\/\/www.heddata.se\/webbutik\/#\/schema\/logo\/image\/","url":"https:\/\/www.heddata.se\/webbutik\/wp-content\/uploads\/logga\/heddata-ab-logga.png","contentUrl":"https:\/\/www.heddata.se\/webbutik\/wp-content\/uploads\/logga\/heddata-ab-logga.png","width":200,"height":64,"caption":"Heddata AB"},"image":{"@id":"https:\/\/www.heddata.se\/webbutik\/#\/schema\/logo\/image\/"}}]}},"_links":{"self":[{"href":"https:\/\/www.heddata.se\/webbutik\/wp-json\/wp\/v2\/product\/89524","targetHints":{"allow":["GET"]}}],"collection":[{"href":"https:\/\/www.heddata.se\/webbutik\/wp-json\/wp\/v2\/product"}],"about":[{"href":"https:\/\/www.heddata.se\/webbutik\/wp-json\/wp\/v2\/types\/product"}],"wp:featuredmedia":[{"embeddable":true,"href":"https:\/\/www.heddata.se\/webbutik\/wp-json\/wp\/v2\/media\/89533"}],"wp:attachment":[{"href":"https:\/\/www.heddata.se\/webbutik\/wp-json\/wp\/v2\/media?parent=89524"}],"wp:term":[{"taxonomy":"product_brand","embeddable":true,"href":"https:\/\/www.heddata.se\/webbutik\/wp-json\/wp\/v2\/product_brand?post=89524"},{"taxonomy":"product_cat","embeddable":true,"href":"https:\/\/www.heddata.se\/webbutik\/wp-json\/wp\/v2\/product_cat?post=89524"},{"taxonomy":"product_tag","embeddable":true,"href":"https:\/\/www.heddata.se\/webbutik\/wp-json\/wp\/v2\/product_tag?post=89524"}],"curies":[{"name":"wp","href":"https:\/\/api.w.org\/{rel}","templated":true}]}}