{"id":89520,"date":"2020-04-21T13:18:18","date_gmt":"2020-04-21T11:18:18","guid":{"rendered":"https:\/\/www.heddata.se\/webbutik\/?post_type=product&#038;p=89520"},"modified":"2026-05-15T18:09:21","modified_gmt":"2026-05-15T16:09:21","slug":"usb-3-0-kabel-a-hane-micro-b-hane-2-0-m-antracit","status":"publish","type":"product","link":"https:\/\/www.heddata.se\/webbutik\/produkt\/usb-3-0-kabel-a-hane-micro-b-hane-2-0-m-antracit\/","title":{"rendered":"USB 3.0-kabel A-hane &#8211; Micro B-hane 2.0 m Antracit"},"content":{"rendered":"<p>USB 3.0-kabel A-hane &#8211; Micro B-hane 2.0 m Antracit<\/p>\n<div class=\"description\">\n<div class=\"d-flex flex-column\">\n<div class=\"position-relative\">\n<div class=\"\">\n<p class=\"p-0 m-0\">Kabel f\u00f6r att ansluta en <a href=\"https:\/\/www.heddata.se\/webbutik\/telefon-surfplattor\/mobiltelefoner\/\">smartphone<\/a> eller <a href=\"https:\/\/www.samsung.com\/se\/\" target=\"_blank\" rel=\"noopener noreferrer\">surfplatta<\/a> till en pc f\u00f6r synkronisering och laddning.<\/p>\n<\/div>\n<\/div>\n<\/div>\n<\/div>\n<div class=\"mt-3\">\n<p><strong class=\"d-block\">Features<\/strong><\/p>\n<p class=\"m-0\">\u2022 24 karat guldpl\u00e4terade kontakter f\u00f6r p\u00e5litlig \u00f6verf\u00f6ring av data \u2022 USB 3.0-teknik f\u00f6r snabb data\u00f6verf\u00f6ring upp till 5 Gbit\/s \u2022 Fulla kopparkablar f\u00f6r felfritt signalfl\u00f6de \u2022 T\u00e5liga gjutna kontakter speciellt utformade f\u00f6r intensiv anv\u00e4ndning<\/p>\n<\/div>\n","protected":false},"excerpt":{"rendered":"<p>USB 3.0-kabel A-hane &#8211; Micro B-hane 2.0 m Antracit<\/p>\n","protected":false},"featured_media":95263,"template":"","meta":[],"product_brand":[],"product_cat":[8992,72],"product_tag":[],"class_list":{"0":"post-89520","1":"product","2":"type-product","3":"status-publish","4":"has-post-thumbnail","6":"product_cat-micro-usb-kablar","7":"product_cat-usb-kablar","9":"first","10":"instock","11":"taxable","12":"shipping-taxable","13":"purchasable","14":"product-type-simple"},"yoast_head":"<!-- This site is optimized with the Yoast SEO Premium plugin v26.7 (Yoast SEO v26.7) - https:\/\/yoast.com\/wordpress\/plugins\/seo\/ -->\n<title>USB 3.0-kabel A-hane - Micro B-hane 2.0 m Antracit<\/title>\n<meta name=\"description\" content=\"USB 3.0-kabel A-hane - Micro B-hane 2.0 m Antracit. Kabel f\u00f6r att ansluta en smartphone eller surfplatta till en pc f\u00f6r synkronisering och laddning.\" \/>\n<meta name=\"robots\" content=\"index, follow, max-snippet:-1, max-image-preview:large, max-video-preview:-1\" \/>\n<link rel=\"canonical\" href=\"https:\/\/www.heddata.se\/webbutik\/produkt\/usb-3-0-kabel-a-hane-micro-b-hane-2-0-m-antracit\/\" \/>\n<meta property=\"og:locale\" content=\"sv_SE\" \/>\n<meta property=\"og:type\" content=\"article\" \/>\n<meta property=\"og:title\" content=\"USB 3.0-kabel A-hane - Micro B-hane 2.0 m Antracit\" \/>\n<meta property=\"og:description\" content=\"USB 3.0-kabel A-hane - Micro B-hane 2.0 m Antracit. Kabel f\u00f6r att ansluta en smartphone eller surfplatta till en pc f\u00f6r synkronisering och laddning.\" \/>\n<meta property=\"og:url\" content=\"https:\/\/www.heddata.se\/webbutik\/produkt\/usb-3-0-kabel-a-hane-micro-b-hane-2-0-m-antracit\/\" \/>\n<meta property=\"og:site_name\" content=\"Datorer, Skrivare, F\u00e4rgpatroner, Mobiltelefoner\" \/>\n<meta property=\"article:modified_time\" content=\"2026-05-15T16:09:21+00:00\" \/>\n<meta property=\"og:image\" content=\"https:\/\/www.heddata.se\/webbutik\/wp-content\/uploads\/webbutik\/kategorier\/kablar-adaptrar\/ccbw61500at20.jpg\" \/>\n\t<meta property=\"og:image:width\" content=\"1200\" \/>\n\t<meta property=\"og:image:height\" content=\"1200\" \/>\n\t<meta property=\"og:image:type\" content=\"image\/jpeg\" \/>\n<meta name=\"twitter:card\" content=\"summary_large_image\" \/>\n<script type=\"application\/ld+json\" class=\"yoast-schema-graph\">{\"@context\":\"https:\/\/schema.org\",\"@graph\":[{\"@type\":\"WebPage\",\"@id\":\"https:\/\/www.heddata.se\/webbutik\/produkt\/usb-3-0-kabel-a-hane-micro-b-hane-2-0-m-antracit\/\",\"url\":\"https:\/\/www.heddata.se\/webbutik\/produkt\/usb-3-0-kabel-a-hane-micro-b-hane-2-0-m-antracit\/\",\"name\":\"USB 3.0-kabel A-hane - Micro B-hane 2.0 m Antracit\",\"isPartOf\":{\"@id\":\"https:\/\/www.heddata.se\/webbutik\/#website\"},\"primaryImageOfPage\":{\"@id\":\"https:\/\/www.heddata.se\/webbutik\/produkt\/usb-3-0-kabel-a-hane-micro-b-hane-2-0-m-antracit\/#primaryimage\"},\"image\":{\"@id\":\"https:\/\/www.heddata.se\/webbutik\/produkt\/usb-3-0-kabel-a-hane-micro-b-hane-2-0-m-antracit\/#primaryimage\"},\"thumbnailUrl\":\"https:\/\/www.heddata.se\/webbutik\/wp-content\/uploads\/webbutik\/kategorier\/kablar-adaptrar\/ccbw61500at20.jpg\",\"datePublished\":\"2020-04-21T11:18:18+00:00\",\"dateModified\":\"2026-05-15T16:09:21+00:00\",\"description\":\"USB 3.0-kabel A-hane - Micro B-hane 2.0 m Antracit. Kabel f\u00f6r att ansluta en smartphone eller surfplatta till en pc f\u00f6r synkronisering och laddning.\",\"breadcrumb\":{\"@id\":\"https:\/\/www.heddata.se\/webbutik\/produkt\/usb-3-0-kabel-a-hane-micro-b-hane-2-0-m-antracit\/#breadcrumb\"},\"inLanguage\":\"sv-SE\",\"potentialAction\":[{\"@type\":\"ReadAction\",\"target\":[\"https:\/\/www.heddata.se\/webbutik\/produkt\/usb-3-0-kabel-a-hane-micro-b-hane-2-0-m-antracit\/\"]}]},{\"@type\":\"ImageObject\",\"inLanguage\":\"sv-SE\",\"@id\":\"https:\/\/www.heddata.se\/webbutik\/produkt\/usb-3-0-kabel-a-hane-micro-b-hane-2-0-m-antracit\/#primaryimage\",\"url\":\"https:\/\/www.heddata.se\/webbutik\/wp-content\/uploads\/webbutik\/kategorier\/kablar-adaptrar\/ccbw61500at20.jpg\",\"contentUrl\":\"https:\/\/www.heddata.se\/webbutik\/wp-content\/uploads\/webbutik\/kategorier\/kablar-adaptrar\/ccbw61500at20.jpg\",\"width\":1200,\"height\":1200,\"caption\":\"USB 3.0-kabel A-hane\"},{\"@type\":\"BreadcrumbList\",\"@id\":\"https:\/\/www.heddata.se\/webbutik\/produkt\/usb-3-0-kabel-a-hane-micro-b-hane-2-0-m-antracit\/#breadcrumb\",\"itemListElement\":[{\"@type\":\"ListItem\",\"position\":1,\"name\":\"Hem\",\"item\":\"https:\/\/www.heddata.se\/webbutik\/\"},{\"@type\":\"ListItem\",\"position\":2,\"name\":\"Produkter\",\"item\":\"https:\/\/www.heddata.se\/webbutik\/shop\/\"},{\"@type\":\"ListItem\",\"position\":3,\"name\":\"USB 3.0-kabel A-hane &#8211; Micro B-hane 2.0 m Antracit\"}]},{\"@type\":\"WebSite\",\"@id\":\"https:\/\/www.heddata.se\/webbutik\/#website\",\"url\":\"https:\/\/www.heddata.se\/webbutik\/\",\"name\":\"Datorer, Skrivare, F\u00e4rgpatroner, Mobiltelefoner\",\"description\":\"Kablar\",\"publisher\":{\"@id\":\"https:\/\/www.heddata.se\/webbutik\/#organization\"},\"potentialAction\":[{\"@type\":\"SearchAction\",\"target\":{\"@type\":\"EntryPoint\",\"urlTemplate\":\"https:\/\/www.heddata.se\/webbutik\/?s={search_term_string}\"},\"query-input\":{\"@type\":\"PropertyValueSpecification\",\"valueRequired\":true,\"valueName\":\"search_term_string\"}}],\"inLanguage\":\"sv-SE\"},{\"@type\":\"Organization\",\"@id\":\"https:\/\/www.heddata.se\/webbutik\/#organization\",\"name\":\"Heddata AB\",\"url\":\"https:\/\/www.heddata.se\/webbutik\/\",\"logo\":{\"@type\":\"ImageObject\",\"inLanguage\":\"sv-SE\",\"@id\":\"https:\/\/www.heddata.se\/webbutik\/#\/schema\/logo\/image\/\",\"url\":\"https:\/\/www.heddata.se\/webbutik\/wp-content\/uploads\/logga\/heddata-ab-logga.png\",\"contentUrl\":\"https:\/\/www.heddata.se\/webbutik\/wp-content\/uploads\/logga\/heddata-ab-logga.png\",\"width\":200,\"height\":64,\"caption\":\"Heddata AB\"},\"image\":{\"@id\":\"https:\/\/www.heddata.se\/webbutik\/#\/schema\/logo\/image\/\"}}]}<\/script>\n<!-- \/ Yoast SEO Premium plugin. -->","yoast_head_json":{"title":"USB 3.0-kabel A-hane - Micro B-hane 2.0 m Antracit","description":"USB 3.0-kabel A-hane - Micro B-hane 2.0 m Antracit. Kabel f\u00f6r att ansluta en smartphone eller surfplatta till en pc f\u00f6r synkronisering och laddning.","robots":{"index":"index","follow":"follow","max-snippet":"max-snippet:-1","max-image-preview":"max-image-preview:large","max-video-preview":"max-video-preview:-1"},"canonical":"https:\/\/www.heddata.se\/webbutik\/produkt\/usb-3-0-kabel-a-hane-micro-b-hane-2-0-m-antracit\/","og_locale":"sv_SE","og_type":"article","og_title":"USB 3.0-kabel A-hane - Micro B-hane 2.0 m Antracit","og_description":"USB 3.0-kabel A-hane - Micro B-hane 2.0 m Antracit. Kabel f\u00f6r att ansluta en smartphone eller surfplatta till en pc f\u00f6r synkronisering och laddning.","og_url":"https:\/\/www.heddata.se\/webbutik\/produkt\/usb-3-0-kabel-a-hane-micro-b-hane-2-0-m-antracit\/","og_site_name":"Datorer, Skrivare, F\u00e4rgpatroner, Mobiltelefoner","article_modified_time":"2026-05-15T16:09:21+00:00","og_image":[{"width":1200,"height":1200,"url":"https:\/\/www.heddata.se\/webbutik\/wp-content\/uploads\/webbutik\/kategorier\/kablar-adaptrar\/ccbw61500at20.jpg","type":"image\/jpeg"}],"twitter_card":"summary_large_image","schema":{"@context":"https:\/\/schema.org","@graph":[{"@type":"WebPage","@id":"https:\/\/www.heddata.se\/webbutik\/produkt\/usb-3-0-kabel-a-hane-micro-b-hane-2-0-m-antracit\/","url":"https:\/\/www.heddata.se\/webbutik\/produkt\/usb-3-0-kabel-a-hane-micro-b-hane-2-0-m-antracit\/","name":"USB 3.0-kabel A-hane - Micro B-hane 2.0 m Antracit","isPartOf":{"@id":"https:\/\/www.heddata.se\/webbutik\/#website"},"primaryImageOfPage":{"@id":"https:\/\/www.heddata.se\/webbutik\/produkt\/usb-3-0-kabel-a-hane-micro-b-hane-2-0-m-antracit\/#primaryimage"},"image":{"@id":"https:\/\/www.heddata.se\/webbutik\/produkt\/usb-3-0-kabel-a-hane-micro-b-hane-2-0-m-antracit\/#primaryimage"},"thumbnailUrl":"https:\/\/www.heddata.se\/webbutik\/wp-content\/uploads\/webbutik\/kategorier\/kablar-adaptrar\/ccbw61500at20.jpg","datePublished":"2020-04-21T11:18:18+00:00","dateModified":"2026-05-15T16:09:21+00:00","description":"USB 3.0-kabel A-hane - Micro B-hane 2.0 m Antracit. Kabel f\u00f6r att ansluta en smartphone eller surfplatta till en pc f\u00f6r synkronisering och laddning.","breadcrumb":{"@id":"https:\/\/www.heddata.se\/webbutik\/produkt\/usb-3-0-kabel-a-hane-micro-b-hane-2-0-m-antracit\/#breadcrumb"},"inLanguage":"sv-SE","potentialAction":[{"@type":"ReadAction","target":["https:\/\/www.heddata.se\/webbutik\/produkt\/usb-3-0-kabel-a-hane-micro-b-hane-2-0-m-antracit\/"]}]},{"@type":"ImageObject","inLanguage":"sv-SE","@id":"https:\/\/www.heddata.se\/webbutik\/produkt\/usb-3-0-kabel-a-hane-micro-b-hane-2-0-m-antracit\/#primaryimage","url":"https:\/\/www.heddata.se\/webbutik\/wp-content\/uploads\/webbutik\/kategorier\/kablar-adaptrar\/ccbw61500at20.jpg","contentUrl":"https:\/\/www.heddata.se\/webbutik\/wp-content\/uploads\/webbutik\/kategorier\/kablar-adaptrar\/ccbw61500at20.jpg","width":1200,"height":1200,"caption":"USB 3.0-kabel A-hane"},{"@type":"BreadcrumbList","@id":"https:\/\/www.heddata.se\/webbutik\/produkt\/usb-3-0-kabel-a-hane-micro-b-hane-2-0-m-antracit\/#breadcrumb","itemListElement":[{"@type":"ListItem","position":1,"name":"Hem","item":"https:\/\/www.heddata.se\/webbutik\/"},{"@type":"ListItem","position":2,"name":"Produkter","item":"https:\/\/www.heddata.se\/webbutik\/shop\/"},{"@type":"ListItem","position":3,"name":"USB 3.0-kabel A-hane &#8211; Micro B-hane 2.0 m Antracit"}]},{"@type":"WebSite","@id":"https:\/\/www.heddata.se\/webbutik\/#website","url":"https:\/\/www.heddata.se\/webbutik\/","name":"Datorer, Skrivare, F\u00e4rgpatroner, Mobiltelefoner","description":"Kablar","publisher":{"@id":"https:\/\/www.heddata.se\/webbutik\/#organization"},"potentialAction":[{"@type":"SearchAction","target":{"@type":"EntryPoint","urlTemplate":"https:\/\/www.heddata.se\/webbutik\/?s={search_term_string}"},"query-input":{"@type":"PropertyValueSpecification","valueRequired":true,"valueName":"search_term_string"}}],"inLanguage":"sv-SE"},{"@type":"Organization","@id":"https:\/\/www.heddata.se\/webbutik\/#organization","name":"Heddata AB","url":"https:\/\/www.heddata.se\/webbutik\/","logo":{"@type":"ImageObject","inLanguage":"sv-SE","@id":"https:\/\/www.heddata.se\/webbutik\/#\/schema\/logo\/image\/","url":"https:\/\/www.heddata.se\/webbutik\/wp-content\/uploads\/logga\/heddata-ab-logga.png","contentUrl":"https:\/\/www.heddata.se\/webbutik\/wp-content\/uploads\/logga\/heddata-ab-logga.png","width":200,"height":64,"caption":"Heddata AB"},"image":{"@id":"https:\/\/www.heddata.se\/webbutik\/#\/schema\/logo\/image\/"}}]}},"_links":{"self":[{"href":"https:\/\/www.heddata.se\/webbutik\/wp-json\/wp\/v2\/product\/89520","targetHints":{"allow":["GET"]}}],"collection":[{"href":"https:\/\/www.heddata.se\/webbutik\/wp-json\/wp\/v2\/product"}],"about":[{"href":"https:\/\/www.heddata.se\/webbutik\/wp-json\/wp\/v2\/types\/product"}],"wp:featuredmedia":[{"embeddable":true,"href":"https:\/\/www.heddata.se\/webbutik\/wp-json\/wp\/v2\/media\/95263"}],"wp:attachment":[{"href":"https:\/\/www.heddata.se\/webbutik\/wp-json\/wp\/v2\/media?parent=89520"}],"wp:term":[{"taxonomy":"product_brand","embeddable":true,"href":"https:\/\/www.heddata.se\/webbutik\/wp-json\/wp\/v2\/product_brand?post=89520"},{"taxonomy":"product_cat","embeddable":true,"href":"https:\/\/www.heddata.se\/webbutik\/wp-json\/wp\/v2\/product_cat?post=89520"},{"taxonomy":"product_tag","embeddable":true,"href":"https:\/\/www.heddata.se\/webbutik\/wp-json\/wp\/v2\/product_tag?post=89520"}],"curies":[{"name":"wp","href":"https:\/\/api.w.org\/{rel}","templated":true}]}}