{"id":73749,"date":"2020-03-12T17:18:27","date_gmt":"2020-03-12T16:18:27","guid":{"rendered":"https:\/\/www.heddata.se\/webbutik\/?post_type=product&#038;p=73749"},"modified":"2026-05-08T18:40:39","modified_gmt":"2026-05-08T16:40:39","slug":"samsung-galaxy-xcover-pro-64-gb-sm-g715fz","status":"publish","type":"product","link":"https:\/\/www.heddata.se\/webbutik\/produkt\/samsung-galaxy-xcover-pro-64-gb-sm-g715fz\/","title":{"rendered":"Samsung Galaxy Xcover Pro 64 GB"},"content":{"rendered":"<h4>Samsung Galaxy Xcover Pro 64 GB SM-G715FZ<\/h4>\n<h4><strong>Samsung Galaxy Xcover Pro \u00e4r en smidig mobil f\u00f6r tuffa f\u00f6rh\u00e5llanden<\/strong><\/h4>\n<div class=\"feature-benefit__desc-wrap \">\n<p class=\"feature-benefit__desc\">Galaxy XCover Pro \u00e4r en robust <a href=\"https:\/\/www.heddata.se\/webbutik\/telefon-surfplattor\/mobiltelefoner\/\">mobil<\/a> perfekt f\u00f6r utomhusbruk. Med de l\u00e4tt\u00e5tkomliga knapparna n\u00e5r du snabbt appar du anv\u00e4nder ofta. Starkt dubbelt LED-ljus leder i m\u00f6rkret och signalerar med en stark blixt n\u00e4r du f\u00e5r ett meddelande. Med POGO-laddningssupport \u00e4r det enkelt att alltid ha XCover Pro redo.<\/p>\n<h4 class=\"feature-benefit__title\" data-omni=\"Reliably durable\"><strong>P\u00e5litlig h\u00e5llbarhet<\/strong><\/h4>\n<div class=\"feature-benefit__desc-wrap \">\n<p class=\"feature-benefit__desc\"><a href=\"https:\/\/www.samsung.com\/se\/\" target=\"_blank\" rel=\"noopener noreferrer\">Galaxy<\/a> XCover \u00e4r IP68-klassad och standardiserad enligt MIL-STD 810G. Det betyder att den t\u00e5l h\u00e5rda f\u00f6rh\u00e5llanden. Oavsett milj\u00f6 s\u00e5 \u00e4r Galaxy Cover skyddat mot b\u00e5de damm och vatten. XCover Pro erbjuder bekv\u00e4ma l\u00f6sningar s\u00e5 att du kan vara ett steg f\u00f6re.<\/p>\n<h4 class=\"feature-benefit__title\" data-omni=\"Resolution that stands out\"><strong>Uppl\u00f6sning som sticker ut<\/strong><\/h4>\n<div class=\"feature-benefit__desc-wrap \">\n<p class=\"feature-benefit__desc\">Ren och skarp bild var du \u00e4n \u00e4r. 6,3 tums-sk\u00e4rmen med h\u00f6g uppl\u00f6sning ger optimal upplevelse av bilder, kartor och annat visuellt inneh\u00e5ll &#8211; \u00e4ven d\u00e5 du jobbar ute p\u00e5 f\u00e4ltet.<\/p>\n<h4 class=\"feature-benefit__title\" data-omni=\"Increased touch sensitivity\"><strong>F\u00f6rb\u00e4ttrad k\u00e4nslighet i sk\u00e4rmen<\/strong><\/h4>\n<div class=\"feature-benefit__desc-wrap feature-benefit__desc-wrap--none\">\n<p class=\"feature-benefit__desc\">Beh\u00e5ll v\u00e4rmen n\u00e4r v\u00e4dret kr\u00e4ver att handskarna \u00e4r p\u00e5 hela tiden, njut av utomhusaktiviteterna tack vare k\u00e4nsligheten i sk\u00e4rmen.<\/p>\n<div class=\"feature-benefit__text-wrap \">\n<div class=\"feature-benefit__text\">\n<h4 class=\"feature-benefit__title\" data-omni=\"Cameras ready for the outdoors\"><strong>Kameror f\u00f6r utomhusmotiv<\/strong><\/h4>\n<div class=\"feature-benefit__desc-wrap \">\n<p class=\"feature-benefit__desc\">Galaxy XCover Pro&#8217;s 25MP och 8MP dubbla kamera och 13MP frontkamera tar skarpa och fina bilder ute i terr\u00e4ng. Med Live focus-funktion kan du f\u00e5 suddig bakgrund om du vill framh\u00e4va ett objekt skarpare mot landskapet. \u00c4r det d\u00e5ligt med ljus, anv\u00e4nd den starka LED-ficklampan!<\/p>\n<h4 class=\"feature-benefit__title\" data-omni=\"Packs more power\"><strong>Utbytbart batteri<\/strong><\/h4>\n<div class=\"feature-benefit__desc-wrap feature-benefit__desc-wrap--none\">\n<p class=\"feature-benefit__desc\">Kraften som ger lite mer. Galaxy XCover Pro \u00e4r utrustad med kraftfullt och utbytbart batteri p\u00e5 4,050mAh. Det betyder att du kan fokusera p\u00e5 inneh\u00e5llet ist\u00e4llet f\u00f6r att leta str\u00f6mk\u00e4lla till ett tomt batteri.<\/p>\n<p>&nbsp;<\/p>\n<\/div>\n<\/div>\n<\/div>\n<\/div>\n<\/div>\n<\/div>\n<\/div>\n<\/div>\n","protected":false},"excerpt":{"rendered":"<h4>Samsung Galaxy Xcover Pro 64 GB SM-G715FZ<\/h4>\n","protected":false},"featured_media":73864,"template":"","meta":[],"product_brand":[],"product_cat":[106,6009,103,63],"product_tag":[],"class_list":{"0":"post-73749","1":"product","2":"type-product","3":"status-publish","4":"has-post-thumbnail","6":"product_cat-mobiltelefoner","7":"product_cat-mobiltelefoner-touch","8":"product_cat-telefoner","9":"product_cat-telefoner-surfplattor","11":"first","12":"outofstock","13":"taxable","14":"shipping-taxable","15":"product-type-simple"},"yoast_head":"<!-- This site is optimized with the Yoast SEO Premium plugin v26.7 (Yoast SEO v26.7) - https:\/\/yoast.com\/wordpress\/plugins\/seo\/ -->\n<title>Samsung Galaxy Xcover Pro 64 GB robust mobil perfekt f\u00f6r utomhusbruk<\/title>\n<meta name=\"description\" content=\"Samsung Galaxy Xcover Pro 64 GB SM-G715FZ \u00e4r en robust mobil perfekt f\u00f6r utomhusbruk. Galaxy XCover \u00e4r IP68-klassad och standardiserad enligt MIL-STD 810G.\" \/>\n<meta name=\"robots\" content=\"index, follow, max-snippet:-1, max-image-preview:large, max-video-preview:-1\" \/>\n<link rel=\"canonical\" href=\"https:\/\/www.heddata.se\/webbutik\/produkt\/samsung-galaxy-xcover-pro-64-gb-sm-g715fz\/\" \/>\n<meta property=\"og:locale\" content=\"sv_SE\" \/>\n<meta property=\"og:type\" content=\"article\" \/>\n<meta property=\"og:title\" content=\"Samsung Galaxy Xcover Pro 64 GB\" \/>\n<meta property=\"og:description\" content=\"Samsung Galaxy Xcover Pro 64 GB SM-G715FZ \u00e4r en robust mobil perfekt f\u00f6r utomhusbruk. Galaxy XCover \u00e4r IP68-klassad och standardiserad enligt MIL-STD 810G.\" \/>\n<meta property=\"og:url\" content=\"https:\/\/www.heddata.se\/webbutik\/produkt\/samsung-galaxy-xcover-pro-64-gb-sm-g715fz\/\" \/>\n<meta property=\"og:site_name\" content=\"Datorer, Skrivare, F\u00e4rgpatroner, Mobiltelefoner\" \/>\n<meta property=\"article:modified_time\" content=\"2026-05-08T16:40:39+00:00\" \/>\n<meta property=\"og:image\" content=\"https:\/\/www.heddata.se\/webbutik\/wp-content\/uploads\/webbutik\/kategorier\/mobiltelefoner-surfplattor\/Samsung-GalaxyXCover-Pro.jpg\" \/>\n\t<meta property=\"og:image:width\" content=\"900\" \/>\n\t<meta property=\"og:image:height\" content=\"900\" \/>\n\t<meta property=\"og:image:type\" content=\"image\/jpeg\" \/>\n<meta name=\"twitter:card\" content=\"summary_large_image\" \/>\n<meta name=\"twitter:label1\" content=\"Ber\u00e4knad l\u00e4stid\" \/>\n\t<meta name=\"twitter:data1\" content=\"2 minuter\" \/>\n<script type=\"application\/ld+json\" class=\"yoast-schema-graph\">{\"@context\":\"https:\/\/schema.org\",\"@graph\":[{\"@type\":\"WebPage\",\"@id\":\"https:\/\/www.heddata.se\/webbutik\/produkt\/samsung-galaxy-xcover-pro-64-gb-sm-g715fz\/\",\"url\":\"https:\/\/www.heddata.se\/webbutik\/produkt\/samsung-galaxy-xcover-pro-64-gb-sm-g715fz\/\",\"name\":\"Samsung Galaxy Xcover Pro 64 GB robust mobil perfekt f\u00f6r utomhusbruk\",\"isPartOf\":{\"@id\":\"https:\/\/www.heddata.se\/webbutik\/#website\"},\"primaryImageOfPage\":{\"@id\":\"https:\/\/www.heddata.se\/webbutik\/produkt\/samsung-galaxy-xcover-pro-64-gb-sm-g715fz\/#primaryimage\"},\"image\":{\"@id\":\"https:\/\/www.heddata.se\/webbutik\/produkt\/samsung-galaxy-xcover-pro-64-gb-sm-g715fz\/#primaryimage\"},\"thumbnailUrl\":\"https:\/\/www.heddata.se\/webbutik\/wp-content\/uploads\/webbutik\/kategorier\/mobiltelefoner-surfplattor\/Samsung-GalaxyXCover-Pro.jpg\",\"datePublished\":\"2020-03-12T16:18:27+00:00\",\"dateModified\":\"2026-05-08T16:40:39+00:00\",\"description\":\"Samsung Galaxy Xcover Pro 64 GB SM-G715FZ \u00e4r en robust mobil perfekt f\u00f6r utomhusbruk. Galaxy XCover \u00e4r IP68-klassad och standardiserad enligt MIL-STD 810G.\",\"breadcrumb\":{\"@id\":\"https:\/\/www.heddata.se\/webbutik\/produkt\/samsung-galaxy-xcover-pro-64-gb-sm-g715fz\/#breadcrumb\"},\"inLanguage\":\"sv-SE\",\"potentialAction\":[{\"@type\":\"ReadAction\",\"target\":[\"https:\/\/www.heddata.se\/webbutik\/produkt\/samsung-galaxy-xcover-pro-64-gb-sm-g715fz\/\"]}]},{\"@type\":\"ImageObject\",\"inLanguage\":\"sv-SE\",\"@id\":\"https:\/\/www.heddata.se\/webbutik\/produkt\/samsung-galaxy-xcover-pro-64-gb-sm-g715fz\/#primaryimage\",\"url\":\"https:\/\/www.heddata.se\/webbutik\/wp-content\/uploads\/webbutik\/kategorier\/mobiltelefoner-surfplattor\/Samsung-GalaxyXCover-Pro.jpg\",\"contentUrl\":\"https:\/\/www.heddata.se\/webbutik\/wp-content\/uploads\/webbutik\/kategorier\/mobiltelefoner-surfplattor\/Samsung-GalaxyXCover-Pro.jpg\",\"width\":900,\"height\":900,\"caption\":\"Samsung Galaxy Xcover Pro\"},{\"@type\":\"BreadcrumbList\",\"@id\":\"https:\/\/www.heddata.se\/webbutik\/produkt\/samsung-galaxy-xcover-pro-64-gb-sm-g715fz\/#breadcrumb\",\"itemListElement\":[{\"@type\":\"ListItem\",\"position\":1,\"name\":\"Hem\",\"item\":\"https:\/\/www.heddata.se\/webbutik\/\"},{\"@type\":\"ListItem\",\"position\":2,\"name\":\"Produkter\",\"item\":\"https:\/\/www.heddata.se\/webbutik\/shop\/\"},{\"@type\":\"ListItem\",\"position\":3,\"name\":\"Samsung Galaxy Xcover Pro 64 GB\"}]},{\"@type\":\"WebSite\",\"@id\":\"https:\/\/www.heddata.se\/webbutik\/#website\",\"url\":\"https:\/\/www.heddata.se\/webbutik\/\",\"name\":\"Datorer, Skrivare, F\u00e4rgpatroner, Mobiltelefoner\",\"description\":\"Kablar\",\"publisher\":{\"@id\":\"https:\/\/www.heddata.se\/webbutik\/#organization\"},\"potentialAction\":[{\"@type\":\"SearchAction\",\"target\":{\"@type\":\"EntryPoint\",\"urlTemplate\":\"https:\/\/www.heddata.se\/webbutik\/?s={search_term_string}\"},\"query-input\":{\"@type\":\"PropertyValueSpecification\",\"valueRequired\":true,\"valueName\":\"search_term_string\"}}],\"inLanguage\":\"sv-SE\"},{\"@type\":\"Organization\",\"@id\":\"https:\/\/www.heddata.se\/webbutik\/#organization\",\"name\":\"Heddata AB\",\"url\":\"https:\/\/www.heddata.se\/webbutik\/\",\"logo\":{\"@type\":\"ImageObject\",\"inLanguage\":\"sv-SE\",\"@id\":\"https:\/\/www.heddata.se\/webbutik\/#\/schema\/logo\/image\/\",\"url\":\"https:\/\/www.heddata.se\/webbutik\/wp-content\/uploads\/logga\/heddata-ab-logga.png\",\"contentUrl\":\"https:\/\/www.heddata.se\/webbutik\/wp-content\/uploads\/logga\/heddata-ab-logga.png\",\"width\":200,\"height\":64,\"caption\":\"Heddata AB\"},\"image\":{\"@id\":\"https:\/\/www.heddata.se\/webbutik\/#\/schema\/logo\/image\/\"}}]}<\/script>\n<!-- \/ Yoast SEO Premium plugin. -->","yoast_head_json":{"title":"Samsung Galaxy Xcover Pro 64 GB robust mobil perfekt f\u00f6r utomhusbruk","description":"Samsung Galaxy Xcover Pro 64 GB SM-G715FZ \u00e4r en robust mobil perfekt f\u00f6r utomhusbruk. Galaxy XCover \u00e4r IP68-klassad och standardiserad enligt MIL-STD 810G.","robots":{"index":"index","follow":"follow","max-snippet":"max-snippet:-1","max-image-preview":"max-image-preview:large","max-video-preview":"max-video-preview:-1"},"canonical":"https:\/\/www.heddata.se\/webbutik\/produkt\/samsung-galaxy-xcover-pro-64-gb-sm-g715fz\/","og_locale":"sv_SE","og_type":"article","og_title":"Samsung Galaxy Xcover Pro 64 GB","og_description":"Samsung Galaxy Xcover Pro 64 GB SM-G715FZ \u00e4r en robust mobil perfekt f\u00f6r utomhusbruk. Galaxy XCover \u00e4r IP68-klassad och standardiserad enligt MIL-STD 810G.","og_url":"https:\/\/www.heddata.se\/webbutik\/produkt\/samsung-galaxy-xcover-pro-64-gb-sm-g715fz\/","og_site_name":"Datorer, Skrivare, F\u00e4rgpatroner, Mobiltelefoner","article_modified_time":"2026-05-08T16:40:39+00:00","og_image":[{"width":900,"height":900,"url":"https:\/\/www.heddata.se\/webbutik\/wp-content\/uploads\/webbutik\/kategorier\/mobiltelefoner-surfplattor\/Samsung-GalaxyXCover-Pro.jpg","type":"image\/jpeg"}],"twitter_card":"summary_large_image","twitter_misc":{"Ber\u00e4knad l\u00e4stid":"2 minuter"},"schema":{"@context":"https:\/\/schema.org","@graph":[{"@type":"WebPage","@id":"https:\/\/www.heddata.se\/webbutik\/produkt\/samsung-galaxy-xcover-pro-64-gb-sm-g715fz\/","url":"https:\/\/www.heddata.se\/webbutik\/produkt\/samsung-galaxy-xcover-pro-64-gb-sm-g715fz\/","name":"Samsung Galaxy Xcover Pro 64 GB robust mobil perfekt f\u00f6r utomhusbruk","isPartOf":{"@id":"https:\/\/www.heddata.se\/webbutik\/#website"},"primaryImageOfPage":{"@id":"https:\/\/www.heddata.se\/webbutik\/produkt\/samsung-galaxy-xcover-pro-64-gb-sm-g715fz\/#primaryimage"},"image":{"@id":"https:\/\/www.heddata.se\/webbutik\/produkt\/samsung-galaxy-xcover-pro-64-gb-sm-g715fz\/#primaryimage"},"thumbnailUrl":"https:\/\/www.heddata.se\/webbutik\/wp-content\/uploads\/webbutik\/kategorier\/mobiltelefoner-surfplattor\/Samsung-GalaxyXCover-Pro.jpg","datePublished":"2020-03-12T16:18:27+00:00","dateModified":"2026-05-08T16:40:39+00:00","description":"Samsung Galaxy Xcover Pro 64 GB SM-G715FZ \u00e4r en robust mobil perfekt f\u00f6r utomhusbruk. Galaxy XCover \u00e4r IP68-klassad och standardiserad enligt MIL-STD 810G.","breadcrumb":{"@id":"https:\/\/www.heddata.se\/webbutik\/produkt\/samsung-galaxy-xcover-pro-64-gb-sm-g715fz\/#breadcrumb"},"inLanguage":"sv-SE","potentialAction":[{"@type":"ReadAction","target":["https:\/\/www.heddata.se\/webbutik\/produkt\/samsung-galaxy-xcover-pro-64-gb-sm-g715fz\/"]}]},{"@type":"ImageObject","inLanguage":"sv-SE","@id":"https:\/\/www.heddata.se\/webbutik\/produkt\/samsung-galaxy-xcover-pro-64-gb-sm-g715fz\/#primaryimage","url":"https:\/\/www.heddata.se\/webbutik\/wp-content\/uploads\/webbutik\/kategorier\/mobiltelefoner-surfplattor\/Samsung-GalaxyXCover-Pro.jpg","contentUrl":"https:\/\/www.heddata.se\/webbutik\/wp-content\/uploads\/webbutik\/kategorier\/mobiltelefoner-surfplattor\/Samsung-GalaxyXCover-Pro.jpg","width":900,"height":900,"caption":"Samsung Galaxy Xcover Pro"},{"@type":"BreadcrumbList","@id":"https:\/\/www.heddata.se\/webbutik\/produkt\/samsung-galaxy-xcover-pro-64-gb-sm-g715fz\/#breadcrumb","itemListElement":[{"@type":"ListItem","position":1,"name":"Hem","item":"https:\/\/www.heddata.se\/webbutik\/"},{"@type":"ListItem","position":2,"name":"Produkter","item":"https:\/\/www.heddata.se\/webbutik\/shop\/"},{"@type":"ListItem","position":3,"name":"Samsung Galaxy Xcover Pro 64 GB"}]},{"@type":"WebSite","@id":"https:\/\/www.heddata.se\/webbutik\/#website","url":"https:\/\/www.heddata.se\/webbutik\/","name":"Datorer, Skrivare, F\u00e4rgpatroner, Mobiltelefoner","description":"Kablar","publisher":{"@id":"https:\/\/www.heddata.se\/webbutik\/#organization"},"potentialAction":[{"@type":"SearchAction","target":{"@type":"EntryPoint","urlTemplate":"https:\/\/www.heddata.se\/webbutik\/?s={search_term_string}"},"query-input":{"@type":"PropertyValueSpecification","valueRequired":true,"valueName":"search_term_string"}}],"inLanguage":"sv-SE"},{"@type":"Organization","@id":"https:\/\/www.heddata.se\/webbutik\/#organization","name":"Heddata AB","url":"https:\/\/www.heddata.se\/webbutik\/","logo":{"@type":"ImageObject","inLanguage":"sv-SE","@id":"https:\/\/www.heddata.se\/webbutik\/#\/schema\/logo\/image\/","url":"https:\/\/www.heddata.se\/webbutik\/wp-content\/uploads\/logga\/heddata-ab-logga.png","contentUrl":"https:\/\/www.heddata.se\/webbutik\/wp-content\/uploads\/logga\/heddata-ab-logga.png","width":200,"height":64,"caption":"Heddata AB"},"image":{"@id":"https:\/\/www.heddata.se\/webbutik\/#\/schema\/logo\/image\/"}}]}},"_links":{"self":[{"href":"https:\/\/www.heddata.se\/webbutik\/wp-json\/wp\/v2\/product\/73749","targetHints":{"allow":["GET"]}}],"collection":[{"href":"https:\/\/www.heddata.se\/webbutik\/wp-json\/wp\/v2\/product"}],"about":[{"href":"https:\/\/www.heddata.se\/webbutik\/wp-json\/wp\/v2\/types\/product"}],"wp:featuredmedia":[{"embeddable":true,"href":"https:\/\/www.heddata.se\/webbutik\/wp-json\/wp\/v2\/media\/73864"}],"wp:attachment":[{"href":"https:\/\/www.heddata.se\/webbutik\/wp-json\/wp\/v2\/media?parent=73749"}],"wp:term":[{"taxonomy":"product_brand","embeddable":true,"href":"https:\/\/www.heddata.se\/webbutik\/wp-json\/wp\/v2\/product_brand?post=73749"},{"taxonomy":"product_cat","embeddable":true,"href":"https:\/\/www.heddata.se\/webbutik\/wp-json\/wp\/v2\/product_cat?post=73749"},{"taxonomy":"product_tag","embeddable":true,"href":"https:\/\/www.heddata.se\/webbutik\/wp-json\/wp\/v2\/product_tag?post=73749"}],"curies":[{"name":"wp","href":"https:\/\/api.w.org\/{rel}","templated":true}]}}