{"id":7364,"date":"2019-11-20T09:07:59","date_gmt":"2019-11-20T08:07:59","guid":{"rendered":"https:\/\/www.heddata.se\/webbutik\/?post_type=product&#038;p=7364"},"modified":"2026-04-10T18:12:46","modified_gmt":"2026-04-10T16:12:46","slug":"brother-tze-221-laminerad-hafttejp","status":"publish","type":"product","link":"https:\/\/www.heddata.se\/webbutik\/produkt\/brother-tze-221-laminerad-hafttejp\/","title":{"rendered":"Brother TZe 221 &#8211; Laminerad h\u00e4fttejp &#8211; svart p\u00e5 vitt &#8211; Rulle"},"content":{"rendered":"<div class=\"col-xs-12 col-sm-6 col-md-12 product-detail--container-description\">\n<section class=\"product-detail--section product-detail--product-description\">Brother TZe-221 original tapekassett \u00e4r kompatibel med flera av Brothers P-touch m\u00e4rkmaskiner. Texten \u00e4r l\u00e4ttl\u00e4st eftersom att den laminerade tejpen \u00e4r svart p\u00e5 vit.\u00a0\u00a0<\/section>\n<\/div>\n<p><a href=\"https:\/\/www.brother.se\/\" target=\"_blank\" rel=\"noopener noreferrer\">Brother<\/a> TZe-221 original etikettape garanterar skarpa och l\u00e4ttl\u00e4sta etiketter som h\u00e5ller. Dessa etiketter \u00e4r lika praktiska i hemmet, som p\u00e5 <a href=\"https:\/\/www.heddata.se\/webbutik\/kontorstillbehor\/\">kontoret<\/a> eller arbetsplatsen.\u00a0 Anv\u00e4nd tejpen f\u00f6r att m\u00e4rka till exempel kablar eller hyllor. De sj\u00e4lvh\u00e4ftande laminerade etiketterna har utvecklats f\u00f6r att klara extrema temperaturer och \u00e4r resistenta mot kemikalier, n\u00f6tning, solljus och v\u00e4ta. De passar f\u00f6r b\u00e5de inomhus och utomhusbruk. Dessutom \u00e4r TZe tapekassetter enkla att installera.<\/p>\n<p>\u00d6vriga storlekar: <a href=\"https:\/\/www.heddata.se\/webbutik\/produkt\/brother-tze-231-laminerad-hafttejp\/\">Brother TZe 231<\/a><\/p>\n","protected":false},"excerpt":{"rendered":"<p>Brother TZe 221 &#8211; Laminerad h\u00e4fttejp &#8211; svart p\u00e5 vitt &#8211; Rulle<\/p>\n","protected":false},"featured_media":7962,"template":"","meta":[],"product_brand":[],"product_cat":[68],"product_tag":[],"class_list":{"0":"post-7364","1":"product","2":"type-product","3":"status-publish","4":"has-post-thumbnail","6":"product_cat-kontorstillbehor","8":"first","9":"instock","10":"taxable","11":"shipping-taxable","12":"purchasable","13":"product-type-simple"},"yoast_head":"<!-- This site is optimized with the Yoast SEO Premium plugin v26.7 (Yoast SEO v26.7) - https:\/\/yoast.com\/wordpress\/plugins\/seo\/ -->\n<title>Brother TZe 221 - Laminerad h\u00e4fttejp - svart p\u00e5 vitt - Rulle<\/title>\n<meta name=\"description\" content=\"Brother TZe-221 original etikettape garanterar skarpa och l\u00e4ttl\u00e4sta etiketter. De \u00e4r lika praktiska i hemmet, som p\u00e5 kontoret eller arbetsplatsen.\u00a0\" \/>\n<meta name=\"robots\" content=\"index, follow, max-snippet:-1, max-image-preview:large, max-video-preview:-1\" \/>\n<link rel=\"canonical\" href=\"https:\/\/www.heddata.se\/webbutik\/produkt\/brother-tze-221-laminerad-hafttejp\/\" \/>\n<meta property=\"og:locale\" content=\"sv_SE\" \/>\n<meta property=\"og:type\" content=\"article\" \/>\n<meta property=\"og:title\" content=\"Brother TZe 221 - Laminerad h\u00e4fttejp - svart p\u00e5 vitt - Rulle\" \/>\n<meta property=\"og:description\" content=\"Brother TZe-221 original etikettape garanterar skarpa och l\u00e4ttl\u00e4sta etiketter. De \u00e4r lika praktiska i hemmet, som p\u00e5 kontoret eller arbetsplatsen.\u00a0\" \/>\n<meta property=\"og:url\" content=\"https:\/\/www.heddata.se\/webbutik\/produkt\/brother-tze-221-laminerad-hafttejp\/\" \/>\n<meta property=\"og:site_name\" content=\"Datorer, Skrivare, F\u00e4rgpatroner, Mobiltelefoner\" \/>\n<meta property=\"article:modified_time\" content=\"2026-04-10T16:12:46+00:00\" \/>\n<meta property=\"og:image\" content=\"https:\/\/www.heddata.se\/webbutik\/wp-content\/uploads\/webbutik\/kategorier\/Kontorstillbehor\/Brother-TZe-221-Laminerad-hafttejp.png\" \/>\n\t<meta property=\"og:image:width\" content=\"1134\" \/>\n\t<meta property=\"og:image:height\" content=\"1134\" \/>\n\t<meta property=\"og:image:type\" content=\"image\/png\" \/>\n<meta name=\"twitter:card\" content=\"summary_large_image\" \/>\n<meta name=\"twitter:label1\" content=\"Ber\u00e4knad l\u00e4stid\" \/>\n\t<meta name=\"twitter:data1\" content=\"1 minut\" \/>\n<script type=\"application\/ld+json\" class=\"yoast-schema-graph\">{\"@context\":\"https:\/\/schema.org\",\"@graph\":[{\"@type\":\"WebPage\",\"@id\":\"https:\/\/www.heddata.se\/webbutik\/produkt\/brother-tze-221-laminerad-hafttejp\/\",\"url\":\"https:\/\/www.heddata.se\/webbutik\/produkt\/brother-tze-221-laminerad-hafttejp\/\",\"name\":\"Brother TZe 221 - Laminerad h\u00e4fttejp - svart p\u00e5 vitt - Rulle\",\"isPartOf\":{\"@id\":\"https:\/\/www.heddata.se\/webbutik\/#website\"},\"primaryImageOfPage\":{\"@id\":\"https:\/\/www.heddata.se\/webbutik\/produkt\/brother-tze-221-laminerad-hafttejp\/#primaryimage\"},\"image\":{\"@id\":\"https:\/\/www.heddata.se\/webbutik\/produkt\/brother-tze-221-laminerad-hafttejp\/#primaryimage\"},\"thumbnailUrl\":\"https:\/\/www.heddata.se\/webbutik\/wp-content\/uploads\/webbutik\/kategorier\/Kontorstillbehor\/Brother-TZe-221-Laminerad-hafttejp.png\",\"datePublished\":\"2019-11-20T08:07:59+00:00\",\"dateModified\":\"2026-04-10T16:12:46+00:00\",\"description\":\"Brother TZe-221 original etikettape garanterar skarpa och l\u00e4ttl\u00e4sta etiketter. De \u00e4r lika praktiska i hemmet, som p\u00e5 kontoret eller arbetsplatsen.\u00a0\",\"breadcrumb\":{\"@id\":\"https:\/\/www.heddata.se\/webbutik\/produkt\/brother-tze-221-laminerad-hafttejp\/#breadcrumb\"},\"inLanguage\":\"sv-SE\",\"potentialAction\":[{\"@type\":\"ReadAction\",\"target\":[\"https:\/\/www.heddata.se\/webbutik\/produkt\/brother-tze-221-laminerad-hafttejp\/\"]}]},{\"@type\":\"ImageObject\",\"inLanguage\":\"sv-SE\",\"@id\":\"https:\/\/www.heddata.se\/webbutik\/produkt\/brother-tze-221-laminerad-hafttejp\/#primaryimage\",\"url\":\"https:\/\/www.heddata.se\/webbutik\/wp-content\/uploads\/webbutik\/kategorier\/Kontorstillbehor\/Brother-TZe-221-Laminerad-hafttejp.png\",\"contentUrl\":\"https:\/\/www.heddata.se\/webbutik\/wp-content\/uploads\/webbutik\/kategorier\/Kontorstillbehor\/Brother-TZe-221-Laminerad-hafttejp.png\",\"width\":1134,\"height\":1134,\"caption\":\"Brother TZe 221 - Laminerad h\u00e4fttejp - svart p\u00e5 vitt - Rulle\"},{\"@type\":\"BreadcrumbList\",\"@id\":\"https:\/\/www.heddata.se\/webbutik\/produkt\/brother-tze-221-laminerad-hafttejp\/#breadcrumb\",\"itemListElement\":[{\"@type\":\"ListItem\",\"position\":1,\"name\":\"Hem\",\"item\":\"https:\/\/www.heddata.se\/webbutik\/\"},{\"@type\":\"ListItem\",\"position\":2,\"name\":\"Produkter\",\"item\":\"https:\/\/www.heddata.se\/webbutik\/shop\/\"},{\"@type\":\"ListItem\",\"position\":3,\"name\":\"Brother TZe 221 &#8211; Laminerad h\u00e4fttejp &#8211; svart p\u00e5 vitt &#8211; Rulle\"}]},{\"@type\":\"WebSite\",\"@id\":\"https:\/\/www.heddata.se\/webbutik\/#website\",\"url\":\"https:\/\/www.heddata.se\/webbutik\/\",\"name\":\"Datorer, Skrivare, F\u00e4rgpatroner, Mobiltelefoner\",\"description\":\"Kablar\",\"publisher\":{\"@id\":\"https:\/\/www.heddata.se\/webbutik\/#organization\"},\"potentialAction\":[{\"@type\":\"SearchAction\",\"target\":{\"@type\":\"EntryPoint\",\"urlTemplate\":\"https:\/\/www.heddata.se\/webbutik\/?s={search_term_string}\"},\"query-input\":{\"@type\":\"PropertyValueSpecification\",\"valueRequired\":true,\"valueName\":\"search_term_string\"}}],\"inLanguage\":\"sv-SE\"},{\"@type\":\"Organization\",\"@id\":\"https:\/\/www.heddata.se\/webbutik\/#organization\",\"name\":\"Heddata AB\",\"url\":\"https:\/\/www.heddata.se\/webbutik\/\",\"logo\":{\"@type\":\"ImageObject\",\"inLanguage\":\"sv-SE\",\"@id\":\"https:\/\/www.heddata.se\/webbutik\/#\/schema\/logo\/image\/\",\"url\":\"https:\/\/www.heddata.se\/webbutik\/wp-content\/uploads\/logga\/heddata-ab-logga.png\",\"contentUrl\":\"https:\/\/www.heddata.se\/webbutik\/wp-content\/uploads\/logga\/heddata-ab-logga.png\",\"width\":200,\"height\":64,\"caption\":\"Heddata AB\"},\"image\":{\"@id\":\"https:\/\/www.heddata.se\/webbutik\/#\/schema\/logo\/image\/\"}}]}<\/script>\n<!-- \/ Yoast SEO Premium plugin. -->","yoast_head_json":{"title":"Brother TZe 221 - Laminerad h\u00e4fttejp - svart p\u00e5 vitt - Rulle","description":"Brother TZe-221 original etikettape garanterar skarpa och l\u00e4ttl\u00e4sta etiketter. De \u00e4r lika praktiska i hemmet, som p\u00e5 kontoret eller arbetsplatsen.\u00a0","robots":{"index":"index","follow":"follow","max-snippet":"max-snippet:-1","max-image-preview":"max-image-preview:large","max-video-preview":"max-video-preview:-1"},"canonical":"https:\/\/www.heddata.se\/webbutik\/produkt\/brother-tze-221-laminerad-hafttejp\/","og_locale":"sv_SE","og_type":"article","og_title":"Brother TZe 221 - Laminerad h\u00e4fttejp - svart p\u00e5 vitt - Rulle","og_description":"Brother TZe-221 original etikettape garanterar skarpa och l\u00e4ttl\u00e4sta etiketter. De \u00e4r lika praktiska i hemmet, som p\u00e5 kontoret eller arbetsplatsen.\u00a0","og_url":"https:\/\/www.heddata.se\/webbutik\/produkt\/brother-tze-221-laminerad-hafttejp\/","og_site_name":"Datorer, Skrivare, F\u00e4rgpatroner, Mobiltelefoner","article_modified_time":"2026-04-10T16:12:46+00:00","og_image":[{"width":1134,"height":1134,"url":"https:\/\/www.heddata.se\/webbutik\/wp-content\/uploads\/webbutik\/kategorier\/Kontorstillbehor\/Brother-TZe-221-Laminerad-hafttejp.png","type":"image\/png"}],"twitter_card":"summary_large_image","twitter_misc":{"Ber\u00e4knad l\u00e4stid":"1 minut"},"schema":{"@context":"https:\/\/schema.org","@graph":[{"@type":"WebPage","@id":"https:\/\/www.heddata.se\/webbutik\/produkt\/brother-tze-221-laminerad-hafttejp\/","url":"https:\/\/www.heddata.se\/webbutik\/produkt\/brother-tze-221-laminerad-hafttejp\/","name":"Brother TZe 221 - Laminerad h\u00e4fttejp - svart p\u00e5 vitt - Rulle","isPartOf":{"@id":"https:\/\/www.heddata.se\/webbutik\/#website"},"primaryImageOfPage":{"@id":"https:\/\/www.heddata.se\/webbutik\/produkt\/brother-tze-221-laminerad-hafttejp\/#primaryimage"},"image":{"@id":"https:\/\/www.heddata.se\/webbutik\/produkt\/brother-tze-221-laminerad-hafttejp\/#primaryimage"},"thumbnailUrl":"https:\/\/www.heddata.se\/webbutik\/wp-content\/uploads\/webbutik\/kategorier\/Kontorstillbehor\/Brother-TZe-221-Laminerad-hafttejp.png","datePublished":"2019-11-20T08:07:59+00:00","dateModified":"2026-04-10T16:12:46+00:00","description":"Brother TZe-221 original etikettape garanterar skarpa och l\u00e4ttl\u00e4sta etiketter. De \u00e4r lika praktiska i hemmet, som p\u00e5 kontoret eller arbetsplatsen.\u00a0","breadcrumb":{"@id":"https:\/\/www.heddata.se\/webbutik\/produkt\/brother-tze-221-laminerad-hafttejp\/#breadcrumb"},"inLanguage":"sv-SE","potentialAction":[{"@type":"ReadAction","target":["https:\/\/www.heddata.se\/webbutik\/produkt\/brother-tze-221-laminerad-hafttejp\/"]}]},{"@type":"ImageObject","inLanguage":"sv-SE","@id":"https:\/\/www.heddata.se\/webbutik\/produkt\/brother-tze-221-laminerad-hafttejp\/#primaryimage","url":"https:\/\/www.heddata.se\/webbutik\/wp-content\/uploads\/webbutik\/kategorier\/Kontorstillbehor\/Brother-TZe-221-Laminerad-hafttejp.png","contentUrl":"https:\/\/www.heddata.se\/webbutik\/wp-content\/uploads\/webbutik\/kategorier\/Kontorstillbehor\/Brother-TZe-221-Laminerad-hafttejp.png","width":1134,"height":1134,"caption":"Brother TZe 221 - Laminerad h\u00e4fttejp - svart p\u00e5 vitt - Rulle"},{"@type":"BreadcrumbList","@id":"https:\/\/www.heddata.se\/webbutik\/produkt\/brother-tze-221-laminerad-hafttejp\/#breadcrumb","itemListElement":[{"@type":"ListItem","position":1,"name":"Hem","item":"https:\/\/www.heddata.se\/webbutik\/"},{"@type":"ListItem","position":2,"name":"Produkter","item":"https:\/\/www.heddata.se\/webbutik\/shop\/"},{"@type":"ListItem","position":3,"name":"Brother TZe 221 &#8211; Laminerad h\u00e4fttejp &#8211; svart p\u00e5 vitt &#8211; Rulle"}]},{"@type":"WebSite","@id":"https:\/\/www.heddata.se\/webbutik\/#website","url":"https:\/\/www.heddata.se\/webbutik\/","name":"Datorer, Skrivare, F\u00e4rgpatroner, Mobiltelefoner","description":"Kablar","publisher":{"@id":"https:\/\/www.heddata.se\/webbutik\/#organization"},"potentialAction":[{"@type":"SearchAction","target":{"@type":"EntryPoint","urlTemplate":"https:\/\/www.heddata.se\/webbutik\/?s={search_term_string}"},"query-input":{"@type":"PropertyValueSpecification","valueRequired":true,"valueName":"search_term_string"}}],"inLanguage":"sv-SE"},{"@type":"Organization","@id":"https:\/\/www.heddata.se\/webbutik\/#organization","name":"Heddata AB","url":"https:\/\/www.heddata.se\/webbutik\/","logo":{"@type":"ImageObject","inLanguage":"sv-SE","@id":"https:\/\/www.heddata.se\/webbutik\/#\/schema\/logo\/image\/","url":"https:\/\/www.heddata.se\/webbutik\/wp-content\/uploads\/logga\/heddata-ab-logga.png","contentUrl":"https:\/\/www.heddata.se\/webbutik\/wp-content\/uploads\/logga\/heddata-ab-logga.png","width":200,"height":64,"caption":"Heddata AB"},"image":{"@id":"https:\/\/www.heddata.se\/webbutik\/#\/schema\/logo\/image\/"}}]}},"_links":{"self":[{"href":"https:\/\/www.heddata.se\/webbutik\/wp-json\/wp\/v2\/product\/7364","targetHints":{"allow":["GET"]}}],"collection":[{"href":"https:\/\/www.heddata.se\/webbutik\/wp-json\/wp\/v2\/product"}],"about":[{"href":"https:\/\/www.heddata.se\/webbutik\/wp-json\/wp\/v2\/types\/product"}],"wp:featuredmedia":[{"embeddable":true,"href":"https:\/\/www.heddata.se\/webbutik\/wp-json\/wp\/v2\/media\/7962"}],"wp:attachment":[{"href":"https:\/\/www.heddata.se\/webbutik\/wp-json\/wp\/v2\/media?parent=7364"}],"wp:term":[{"taxonomy":"product_brand","embeddable":true,"href":"https:\/\/www.heddata.se\/webbutik\/wp-json\/wp\/v2\/product_brand?post=7364"},{"taxonomy":"product_cat","embeddable":true,"href":"https:\/\/www.heddata.se\/webbutik\/wp-json\/wp\/v2\/product_cat?post=7364"},{"taxonomy":"product_tag","embeddable":true,"href":"https:\/\/www.heddata.se\/webbutik\/wp-json\/wp\/v2\/product_tag?post=7364"}],"curies":[{"name":"wp","href":"https:\/\/api.w.org\/{rel}","templated":true}]}}