{"id":7343,"date":"2019-11-20T09:07:56","date_gmt":"2019-11-20T08:07:56","guid":{"rendered":"https:\/\/www.heddata.se\/webbutik\/?post_type=product&#038;p=7343"},"modified":"2026-05-07T13:10:42","modified_gmt":"2026-05-07T11:10:42","slug":"sea-cheetah-10k-7-146gb-u320-scsi-68-pin","status":"publish","type":"product","link":"https:\/\/www.heddata.se\/webbutik\/produkt\/sea-cheetah-10k-7-146gb-u320-scsi-68-pin\/","title":{"rendered":"SEA CHEETAH  SCSI H\u00c5RDDISK 10K.7 146GB U320 SCSI 68-PIN"},"content":{"rendered":"<p>SEA CHEETAH SCSI H\u00c5RDDISK 10K.7 146GB U320 SCSI 68-PIN<\/p>\n<p><a href=\"https:\/\/www.seagate.com\/gb\/en\/\" target=\"_blank\" rel=\"noopener noreferrer\">SEAGATE<\/a> HDD<\/p>\n<table class=\"responsive-table fixed-layout\">\n<tbody>\n<tr>\n<th scope=\"row\">Typ av enhet<\/th>\n<td>H\u00e5rddisk &#8211; inbyggd<\/td>\n<\/tr>\n<tr>\n<th scope=\"row\">Kapacitet<\/th>\n<td>146 GB<\/td>\n<\/tr>\n<tr>\n<th scope=\"row\">Formfaktor<\/th>\n<td>3.5&#8243; x 1\/3H<\/td>\n<\/tr>\n<tr>\n<th scope=\"row\">Gr\u00e4nssnitt<\/th>\n<td>Ultra320 SCSI<\/td>\n<\/tr>\n<tr>\n<th scope=\"row\">Anslutning<\/th>\n<td>68 PIN HD D-Sub<\/td>\n<\/tr>\n<tr>\n<th scope=\"row\">SCSI-signaleringstyp<\/th>\n<td>Low Voltage Differential (LVD)<\/td>\n<\/tr>\n<tr>\n<th scope=\"row\">Buffertstorlek<\/th>\n<td>8 MB<\/td>\n<\/tr>\n<tr>\n<th scope=\"row\">Bredd<\/th>\n<td>10.2 cm<\/td>\n<\/tr>\n<tr>\n<th scope=\"row\">Djup<\/th>\n<td>14.6 cm<\/td>\n<\/tr>\n<tr>\n<th scope=\"row\">H\u00f6jd<\/th>\n<td>2.5 cm<\/td>\n<\/tr>\n<tr>\n<th scope=\"row\">Vikt<\/th>\n<td>0.7 kg<\/td>\n<\/tr>\n<\/tbody>\n<\/table>\n<table class=\"responsive-table fixed-layout\">\n<caption>Prestanda<\/caption>\n<tbody>\n<tr>\n<th scope=\"row\">H\u00e5rddiskens \u00f6verf\u00f6ringshastighet<\/th>\n<td>320 MBps (extern)<\/td>\n<\/tr>\n<tr>\n<th scope=\"row\">Intern datafrekvens<\/th>\n<td>118 MBps<\/td>\n<\/tr>\n<tr>\n<th scope=\"row\">S\u00f6ktid<\/th>\n<td>4.7 ms (medel)<\/td>\n<\/tr>\n<tr>\n<th scope=\"row\">Sp\u00e5r-till-sp\u00e5r-s\u00f6ktid<\/th>\n<td>0.2 ms<\/td>\n<\/tr>\n<tr>\n<th scope=\"row\">Genomsnittlig \u00e5tkomsttid<\/th>\n<td>3 ms<\/td>\n<\/tr>\n<tr>\n<th scope=\"row\">Spindelhastighet<\/th>\n<td>10000 rpm<\/td>\n<\/tr>\n<\/tbody>\n<\/table>\n<p>SEA CHEETAH SCSI H\u00c5RDDISK 10K.7 146GB<\/p>\n","protected":false},"excerpt":{"rendered":"<p>SEA CHEETAHSCSI H\u00c5RDDISK 10K.7 146GB U320 SCSI 68-PIN<\/p>\n","protected":false},"featured_media":42883,"template":"","meta":[],"product_brand":[],"product_cat":[64],"product_tag":[],"class_list":{"0":"post-7343","1":"product","2":"type-product","3":"status-publish","4":"has-post-thumbnail","6":"product_cat-lagring","8":"first","9":"instock","10":"taxable","11":"shipping-taxable","12":"purchasable","13":"product-type-simple"},"yoast_head":"<!-- This site is optimized with the Yoast SEO Premium plugin v26.7 (Yoast SEO v26.7) - https:\/\/yoast.com\/wordpress\/plugins\/seo\/ -->\n<title>SEA CHEETAH SCSI H\u00c5RDDISK 10K.7 146GB U320 SCSI 68-PIN intern h\u00e5rddisk<\/title>\n<meta name=\"description\" content=\"SEA CHEETAH SCSI H\u00c5RDDISK10K.7 146GB U320 SCSI 68-PIN intern h\u00e5rddisk med gr\u00e4nssnittet Ultra320 SCSI 68 PIN HD D-Sub 146 GB lagringskapacitet.\" \/>\n<meta name=\"robots\" content=\"index, follow, max-snippet:-1, max-image-preview:large, max-video-preview:-1\" \/>\n<link rel=\"canonical\" href=\"https:\/\/www.heddata.se\/webbutik\/produkt\/sea-cheetah-10k-7-146gb-u320-scsi-68-pin\/\" \/>\n<meta property=\"og:locale\" content=\"sv_SE\" \/>\n<meta property=\"og:type\" content=\"article\" \/>\n<meta property=\"og:title\" content=\"SEA CHEETAH SCSI H\u00c5RDDISK 10K.7 146GB U320 SCSI 68-PIN\" \/>\n<meta property=\"og:description\" content=\"SEA CHEETAH SCSI H\u00c5RDDISK10K.7 146GB U320 SCSI 68-PIN intern h\u00e5rddisk med gr\u00e4nssnittet Ultra320 SCSI 68 PIN HD D-Sub 146 GB lagringskapacitet.\" \/>\n<meta property=\"og:url\" content=\"https:\/\/www.heddata.se\/webbutik\/produkt\/sea-cheetah-10k-7-146gb-u320-scsi-68-pin\/\" \/>\n<meta property=\"og:site_name\" content=\"Datorer, Skrivare, F\u00e4rgpatroner, Mobiltelefoner\" \/>\n<meta property=\"article:modified_time\" content=\"2026-05-07T11:10:42+00:00\" \/>\n<meta property=\"og:image\" content=\"https:\/\/www.heddata.se\/webbutik\/wp-content\/uploads\/seagate-scsi-disk.jpg\" \/>\n\t<meta property=\"og:image:width\" content=\"752\" \/>\n\t<meta property=\"og:image:height\" content=\"752\" \/>\n\t<meta property=\"og:image:type\" content=\"image\/jpeg\" \/>\n<meta name=\"twitter:card\" content=\"summary_large_image\" \/>\n<script type=\"application\/ld+json\" class=\"yoast-schema-graph\">{\"@context\":\"https:\/\/schema.org\",\"@graph\":[{\"@type\":\"WebPage\",\"@id\":\"https:\/\/www.heddata.se\/webbutik\/produkt\/sea-cheetah-10k-7-146gb-u320-scsi-68-pin\/\",\"url\":\"https:\/\/www.heddata.se\/webbutik\/produkt\/sea-cheetah-10k-7-146gb-u320-scsi-68-pin\/\",\"name\":\"SEA CHEETAH SCSI H\u00c5RDDISK 10K.7 146GB U320 SCSI 68-PIN intern h\u00e5rddisk\",\"isPartOf\":{\"@id\":\"https:\/\/www.heddata.se\/webbutik\/#website\"},\"primaryImageOfPage\":{\"@id\":\"https:\/\/www.heddata.se\/webbutik\/produkt\/sea-cheetah-10k-7-146gb-u320-scsi-68-pin\/#primaryimage\"},\"image\":{\"@id\":\"https:\/\/www.heddata.se\/webbutik\/produkt\/sea-cheetah-10k-7-146gb-u320-scsi-68-pin\/#primaryimage\"},\"thumbnailUrl\":\"https:\/\/www.heddata.se\/webbutik\/wp-content\/uploads\/seagate-scsi-disk.jpg\",\"datePublished\":\"2019-11-20T08:07:56+00:00\",\"dateModified\":\"2026-05-07T11:10:42+00:00\",\"description\":\"SEA CHEETAH SCSI H\u00c5RDDISK10K.7 146GB U320 SCSI 68-PIN intern h\u00e5rddisk med gr\u00e4nssnittet Ultra320 SCSI 68 PIN HD D-Sub 146 GB lagringskapacitet.\",\"breadcrumb\":{\"@id\":\"https:\/\/www.heddata.se\/webbutik\/produkt\/sea-cheetah-10k-7-146gb-u320-scsi-68-pin\/#breadcrumb\"},\"inLanguage\":\"sv-SE\",\"potentialAction\":[{\"@type\":\"ReadAction\",\"target\":[\"https:\/\/www.heddata.se\/webbutik\/produkt\/sea-cheetah-10k-7-146gb-u320-scsi-68-pin\/\"]}]},{\"@type\":\"ImageObject\",\"inLanguage\":\"sv-SE\",\"@id\":\"https:\/\/www.heddata.se\/webbutik\/produkt\/sea-cheetah-10k-7-146gb-u320-scsi-68-pin\/#primaryimage\",\"url\":\"https:\/\/www.heddata.se\/webbutik\/wp-content\/uploads\/seagate-scsi-disk.jpg\",\"contentUrl\":\"https:\/\/www.heddata.se\/webbutik\/wp-content\/uploads\/seagate-scsi-disk.jpg\",\"width\":752,\"height\":752,\"caption\":\"SEA CHEETAH 10K.7 146GB\"},{\"@type\":\"BreadcrumbList\",\"@id\":\"https:\/\/www.heddata.se\/webbutik\/produkt\/sea-cheetah-10k-7-146gb-u320-scsi-68-pin\/#breadcrumb\",\"itemListElement\":[{\"@type\":\"ListItem\",\"position\":1,\"name\":\"Hem\",\"item\":\"https:\/\/www.heddata.se\/webbutik\/\"},{\"@type\":\"ListItem\",\"position\":2,\"name\":\"Produkter\",\"item\":\"https:\/\/www.heddata.se\/webbutik\/shop\/\"},{\"@type\":\"ListItem\",\"position\":3,\"name\":\"SEA CHEETAH SCSI H\u00c5RDDISK 10K.7 146GB U320 SCSI 68-PIN\"}]},{\"@type\":\"WebSite\",\"@id\":\"https:\/\/www.heddata.se\/webbutik\/#website\",\"url\":\"https:\/\/www.heddata.se\/webbutik\/\",\"name\":\"Datorer, Skrivare, F\u00e4rgpatroner, Mobiltelefoner\",\"description\":\"Kablar\",\"publisher\":{\"@id\":\"https:\/\/www.heddata.se\/webbutik\/#organization\"},\"potentialAction\":[{\"@type\":\"SearchAction\",\"target\":{\"@type\":\"EntryPoint\",\"urlTemplate\":\"https:\/\/www.heddata.se\/webbutik\/?s={search_term_string}\"},\"query-input\":{\"@type\":\"PropertyValueSpecification\",\"valueRequired\":true,\"valueName\":\"search_term_string\"}}],\"inLanguage\":\"sv-SE\"},{\"@type\":\"Organization\",\"@id\":\"https:\/\/www.heddata.se\/webbutik\/#organization\",\"name\":\"Heddata AB\",\"url\":\"https:\/\/www.heddata.se\/webbutik\/\",\"logo\":{\"@type\":\"ImageObject\",\"inLanguage\":\"sv-SE\",\"@id\":\"https:\/\/www.heddata.se\/webbutik\/#\/schema\/logo\/image\/\",\"url\":\"https:\/\/www.heddata.se\/webbutik\/wp-content\/uploads\/logga\/heddata-ab-logga.png\",\"contentUrl\":\"https:\/\/www.heddata.se\/webbutik\/wp-content\/uploads\/logga\/heddata-ab-logga.png\",\"width\":200,\"height\":64,\"caption\":\"Heddata AB\"},\"image\":{\"@id\":\"https:\/\/www.heddata.se\/webbutik\/#\/schema\/logo\/image\/\"}}]}<\/script>\n<!-- \/ Yoast SEO Premium plugin. -->","yoast_head_json":{"title":"SEA CHEETAH SCSI H\u00c5RDDISK 10K.7 146GB U320 SCSI 68-PIN intern h\u00e5rddisk","description":"SEA CHEETAH SCSI H\u00c5RDDISK10K.7 146GB U320 SCSI 68-PIN intern h\u00e5rddisk med gr\u00e4nssnittet Ultra320 SCSI 68 PIN HD D-Sub 146 GB lagringskapacitet.","robots":{"index":"index","follow":"follow","max-snippet":"max-snippet:-1","max-image-preview":"max-image-preview:large","max-video-preview":"max-video-preview:-1"},"canonical":"https:\/\/www.heddata.se\/webbutik\/produkt\/sea-cheetah-10k-7-146gb-u320-scsi-68-pin\/","og_locale":"sv_SE","og_type":"article","og_title":"SEA CHEETAH SCSI H\u00c5RDDISK 10K.7 146GB U320 SCSI 68-PIN","og_description":"SEA CHEETAH SCSI H\u00c5RDDISK10K.7 146GB U320 SCSI 68-PIN intern h\u00e5rddisk med gr\u00e4nssnittet Ultra320 SCSI 68 PIN HD D-Sub 146 GB lagringskapacitet.","og_url":"https:\/\/www.heddata.se\/webbutik\/produkt\/sea-cheetah-10k-7-146gb-u320-scsi-68-pin\/","og_site_name":"Datorer, Skrivare, F\u00e4rgpatroner, Mobiltelefoner","article_modified_time":"2026-05-07T11:10:42+00:00","og_image":[{"width":752,"height":752,"url":"https:\/\/www.heddata.se\/webbutik\/wp-content\/uploads\/seagate-scsi-disk.jpg","type":"image\/jpeg"}],"twitter_card":"summary_large_image","schema":{"@context":"https:\/\/schema.org","@graph":[{"@type":"WebPage","@id":"https:\/\/www.heddata.se\/webbutik\/produkt\/sea-cheetah-10k-7-146gb-u320-scsi-68-pin\/","url":"https:\/\/www.heddata.se\/webbutik\/produkt\/sea-cheetah-10k-7-146gb-u320-scsi-68-pin\/","name":"SEA CHEETAH SCSI H\u00c5RDDISK 10K.7 146GB U320 SCSI 68-PIN intern h\u00e5rddisk","isPartOf":{"@id":"https:\/\/www.heddata.se\/webbutik\/#website"},"primaryImageOfPage":{"@id":"https:\/\/www.heddata.se\/webbutik\/produkt\/sea-cheetah-10k-7-146gb-u320-scsi-68-pin\/#primaryimage"},"image":{"@id":"https:\/\/www.heddata.se\/webbutik\/produkt\/sea-cheetah-10k-7-146gb-u320-scsi-68-pin\/#primaryimage"},"thumbnailUrl":"https:\/\/www.heddata.se\/webbutik\/wp-content\/uploads\/seagate-scsi-disk.jpg","datePublished":"2019-11-20T08:07:56+00:00","dateModified":"2026-05-07T11:10:42+00:00","description":"SEA CHEETAH SCSI H\u00c5RDDISK10K.7 146GB U320 SCSI 68-PIN intern h\u00e5rddisk med gr\u00e4nssnittet Ultra320 SCSI 68 PIN HD D-Sub 146 GB lagringskapacitet.","breadcrumb":{"@id":"https:\/\/www.heddata.se\/webbutik\/produkt\/sea-cheetah-10k-7-146gb-u320-scsi-68-pin\/#breadcrumb"},"inLanguage":"sv-SE","potentialAction":[{"@type":"ReadAction","target":["https:\/\/www.heddata.se\/webbutik\/produkt\/sea-cheetah-10k-7-146gb-u320-scsi-68-pin\/"]}]},{"@type":"ImageObject","inLanguage":"sv-SE","@id":"https:\/\/www.heddata.se\/webbutik\/produkt\/sea-cheetah-10k-7-146gb-u320-scsi-68-pin\/#primaryimage","url":"https:\/\/www.heddata.se\/webbutik\/wp-content\/uploads\/seagate-scsi-disk.jpg","contentUrl":"https:\/\/www.heddata.se\/webbutik\/wp-content\/uploads\/seagate-scsi-disk.jpg","width":752,"height":752,"caption":"SEA CHEETAH 10K.7 146GB"},{"@type":"BreadcrumbList","@id":"https:\/\/www.heddata.se\/webbutik\/produkt\/sea-cheetah-10k-7-146gb-u320-scsi-68-pin\/#breadcrumb","itemListElement":[{"@type":"ListItem","position":1,"name":"Hem","item":"https:\/\/www.heddata.se\/webbutik\/"},{"@type":"ListItem","position":2,"name":"Produkter","item":"https:\/\/www.heddata.se\/webbutik\/shop\/"},{"@type":"ListItem","position":3,"name":"SEA CHEETAH SCSI H\u00c5RDDISK 10K.7 146GB U320 SCSI 68-PIN"}]},{"@type":"WebSite","@id":"https:\/\/www.heddata.se\/webbutik\/#website","url":"https:\/\/www.heddata.se\/webbutik\/","name":"Datorer, Skrivare, F\u00e4rgpatroner, Mobiltelefoner","description":"Kablar","publisher":{"@id":"https:\/\/www.heddata.se\/webbutik\/#organization"},"potentialAction":[{"@type":"SearchAction","target":{"@type":"EntryPoint","urlTemplate":"https:\/\/www.heddata.se\/webbutik\/?s={search_term_string}"},"query-input":{"@type":"PropertyValueSpecification","valueRequired":true,"valueName":"search_term_string"}}],"inLanguage":"sv-SE"},{"@type":"Organization","@id":"https:\/\/www.heddata.se\/webbutik\/#organization","name":"Heddata AB","url":"https:\/\/www.heddata.se\/webbutik\/","logo":{"@type":"ImageObject","inLanguage":"sv-SE","@id":"https:\/\/www.heddata.se\/webbutik\/#\/schema\/logo\/image\/","url":"https:\/\/www.heddata.se\/webbutik\/wp-content\/uploads\/logga\/heddata-ab-logga.png","contentUrl":"https:\/\/www.heddata.se\/webbutik\/wp-content\/uploads\/logga\/heddata-ab-logga.png","width":200,"height":64,"caption":"Heddata AB"},"image":{"@id":"https:\/\/www.heddata.se\/webbutik\/#\/schema\/logo\/image\/"}}]}},"_links":{"self":[{"href":"https:\/\/www.heddata.se\/webbutik\/wp-json\/wp\/v2\/product\/7343","targetHints":{"allow":["GET"]}}],"collection":[{"href":"https:\/\/www.heddata.se\/webbutik\/wp-json\/wp\/v2\/product"}],"about":[{"href":"https:\/\/www.heddata.se\/webbutik\/wp-json\/wp\/v2\/types\/product"}],"wp:featuredmedia":[{"embeddable":true,"href":"https:\/\/www.heddata.se\/webbutik\/wp-json\/wp\/v2\/media\/42883"}],"wp:attachment":[{"href":"https:\/\/www.heddata.se\/webbutik\/wp-json\/wp\/v2\/media?parent=7343"}],"wp:term":[{"taxonomy":"product_brand","embeddable":true,"href":"https:\/\/www.heddata.se\/webbutik\/wp-json\/wp\/v2\/product_brand?post=7343"},{"taxonomy":"product_cat","embeddable":true,"href":"https:\/\/www.heddata.se\/webbutik\/wp-json\/wp\/v2\/product_cat?post=7343"},{"taxonomy":"product_tag","embeddable":true,"href":"https:\/\/www.heddata.se\/webbutik\/wp-json\/wp\/v2\/product_tag?post=7343"}],"curies":[{"name":"wp","href":"https:\/\/api.w.org\/{rel}","templated":true}]}}