{"id":7322,"date":"2019-11-20T09:07:53","date_gmt":"2019-11-20T08:07:53","guid":{"rendered":"https:\/\/www.heddata.se\/webbutik\/?post_type=product&#038;p=7322"},"modified":"2026-04-09T18:10:19","modified_gmt":"2026-04-09T16:10:19","slug":"tp-link-ac1200-wi-fi-range-extender-re305","status":"publish","type":"product","link":"https:\/\/www.heddata.se\/webbutik\/produkt\/tp-link-ac1200-wi-fi-range-extender-re305\/","title":{"rendered":"TP-Link AC1200 Wi-Fi Range Extender RE305"},"content":{"rendered":"<p>TP-Link AC1200 Wi-Fi Range Extender RE305<\/p>\n<ul class=\"ac f0 ew\">\n<li>Wireless AC<\/li>\n<li>Fungerar \u00e4ven som accesspunkt<\/li>\n<li>St\u00f6d f\u00f6r TP-link Onemesh<\/li>\n<\/ul>\n<div class=\"ac f1 ew f2 q ak f3 f4\">\n<div class=\"\">R\u00e4ckviddsf\u00f6rl\u00e4ngare <a href=\"https:\/\/www.tp-link.com\/se\/\" target=\"_blank\" rel=\"noopener noreferrer\">TP-Link<\/a> AC1200 som repeterar signalen fr\u00e5n ett befintligt tr\u00e5dl\u00f6st <a href=\"https:\/\/www.heddata.se\/webbutik\/natverk\/\">n\u00e4tverk<\/a>. St\u00f6d f\u00f6r Wireless AC ger hastigheter upp till 867 Mb\/s p\u00e5 5 GHz-bandet och 300 Mb\/s p\u00e5 2,4 GHz-bandet. Kan repetera b\u00e5da frekvensbanden samtidigt. Inbyggd n\u00e4tverksport (100 Mb\/s) g\u00f6r att repeatern kan fungera som brygga f\u00f6r exempelvis en spelkonsol samtidigt som den repeterar den tr\u00e5dl\u00f6sa signalen. St\u00f6d f\u00f6r TP-link Oneesh f\u00f6r anv\u00e4ndning i mesh- konfiguration med kompatibla enheter.<\/div>\n<\/div>\n","protected":false},"excerpt":{"rendered":"<p>TP-Link AC1200 Wi-Fi Range Extender<\/p>\n","protected":false},"featured_media":27999,"template":"","meta":[],"product_brand":[],"product_cat":[8980,70],"product_tag":[],"class_list":{"0":"post-7322","1":"product","2":"type-product","3":"status-publish","4":"has-post-thumbnail","6":"product_cat-accesspunkter-och-natverksforlangare","7":"product_cat-natverk","9":"first","10":"outofstock","11":"taxable","12":"shipping-taxable","13":"purchasable","14":"product-type-simple"},"yoast_head":"<!-- This site is optimized with the Yoast SEO Premium plugin v26.7 (Yoast SEO v26.7) - https:\/\/yoast.com\/wordpress\/plugins\/seo\/ -->\n<title>TP-Link AC1200 Wi-Fi Range Extender RE305 | Wireless AC<\/title>\n<meta name=\"description\" content=\"TP-Link AC1200. Wireless AC. St\u00f6d f\u00f6r Wireless AC ger hastigheter upp till 867 Mb\/s p\u00e5 5 GHz-bandet och 300 Mb\/s p\u00e5 2,4 GHz-bandet.\" \/>\n<meta name=\"robots\" content=\"index, follow, max-snippet:-1, max-image-preview:large, max-video-preview:-1\" \/>\n<link rel=\"canonical\" href=\"https:\/\/www.heddata.se\/webbutik\/produkt\/tp-link-ac1200-wi-fi-range-extender-re305\/\" \/>\n<meta property=\"og:locale\" content=\"sv_SE\" \/>\n<meta property=\"og:type\" content=\"article\" \/>\n<meta property=\"og:title\" content=\"TP-Link AC1200 Wi-Fi Range Extender RE305\" \/>\n<meta property=\"og:description\" content=\"TP-Link AC1200. Wireless AC. St\u00f6d f\u00f6r Wireless AC ger hastigheter upp till 867 Mb\/s p\u00e5 5 GHz-bandet och 300 Mb\/s p\u00e5 2,4 GHz-bandet.\" \/>\n<meta property=\"og:url\" content=\"https:\/\/www.heddata.se\/webbutik\/produkt\/tp-link-ac1200-wi-fi-range-extender-re305\/\" \/>\n<meta property=\"og:site_name\" content=\"Datorer, Skrivare, F\u00e4rgpatroner, Mobiltelefoner\" \/>\n<meta property=\"article:modified_time\" content=\"2026-04-09T16:10:19+00:00\" \/>\n<meta property=\"og:image\" content=\"https:\/\/www.heddata.se\/webbutik\/wp-content\/uploads\/webbutik\/kategorier\/Natvark\/TP-Link-AC1200-Wi-Fi-Range-Extender-RE305.jpg\" \/>\n\t<meta property=\"og:image:width\" content=\"960\" \/>\n\t<meta property=\"og:image:height\" content=\"960\" \/>\n\t<meta property=\"og:image:type\" content=\"image\/jpeg\" \/>\n<meta name=\"twitter:card\" content=\"summary_large_image\" \/>\n<meta name=\"twitter:label1\" content=\"Ber\u00e4knad l\u00e4stid\" \/>\n\t<meta name=\"twitter:data1\" content=\"1 minut\" \/>\n<script type=\"application\/ld+json\" class=\"yoast-schema-graph\">{\"@context\":\"https:\/\/schema.org\",\"@graph\":[{\"@type\":\"WebPage\",\"@id\":\"https:\/\/www.heddata.se\/webbutik\/produkt\/tp-link-ac1200-wi-fi-range-extender-re305\/\",\"url\":\"https:\/\/www.heddata.se\/webbutik\/produkt\/tp-link-ac1200-wi-fi-range-extender-re305\/\",\"name\":\"TP-Link AC1200 Wi-Fi Range Extender RE305 | Wireless AC\",\"isPartOf\":{\"@id\":\"https:\/\/www.heddata.se\/webbutik\/#website\"},\"primaryImageOfPage\":{\"@id\":\"https:\/\/www.heddata.se\/webbutik\/produkt\/tp-link-ac1200-wi-fi-range-extender-re305\/#primaryimage\"},\"image\":{\"@id\":\"https:\/\/www.heddata.se\/webbutik\/produkt\/tp-link-ac1200-wi-fi-range-extender-re305\/#primaryimage\"},\"thumbnailUrl\":\"https:\/\/www.heddata.se\/webbutik\/wp-content\/uploads\/webbutik\/kategorier\/Natvark\/TP-Link-AC1200-Wi-Fi-Range-Extender-RE305.jpg\",\"datePublished\":\"2019-11-20T08:07:53+00:00\",\"dateModified\":\"2026-04-09T16:10:19+00:00\",\"description\":\"TP-Link AC1200. Wireless AC. St\u00f6d f\u00f6r Wireless AC ger hastigheter upp till 867 Mb\/s p\u00e5 5 GHz-bandet och 300 Mb\/s p\u00e5 2,4 GHz-bandet.\",\"breadcrumb\":{\"@id\":\"https:\/\/www.heddata.se\/webbutik\/produkt\/tp-link-ac1200-wi-fi-range-extender-re305\/#breadcrumb\"},\"inLanguage\":\"sv-SE\",\"potentialAction\":[{\"@type\":\"ReadAction\",\"target\":[\"https:\/\/www.heddata.se\/webbutik\/produkt\/tp-link-ac1200-wi-fi-range-extender-re305\/\"]}]},{\"@type\":\"ImageObject\",\"inLanguage\":\"sv-SE\",\"@id\":\"https:\/\/www.heddata.se\/webbutik\/produkt\/tp-link-ac1200-wi-fi-range-extender-re305\/#primaryimage\",\"url\":\"https:\/\/www.heddata.se\/webbutik\/wp-content\/uploads\/webbutik\/kategorier\/Natvark\/TP-Link-AC1200-Wi-Fi-Range-Extender-RE305.jpg\",\"contentUrl\":\"https:\/\/www.heddata.se\/webbutik\/wp-content\/uploads\/webbutik\/kategorier\/Natvark\/TP-Link-AC1200-Wi-Fi-Range-Extender-RE305.jpg\",\"width\":960,\"height\":960,\"caption\":\"TP-Link AC1200 Wi-Fi Range Extender RE305\"},{\"@type\":\"BreadcrumbList\",\"@id\":\"https:\/\/www.heddata.se\/webbutik\/produkt\/tp-link-ac1200-wi-fi-range-extender-re305\/#breadcrumb\",\"itemListElement\":[{\"@type\":\"ListItem\",\"position\":1,\"name\":\"Hem\",\"item\":\"https:\/\/www.heddata.se\/webbutik\/\"},{\"@type\":\"ListItem\",\"position\":2,\"name\":\"Produkter\",\"item\":\"https:\/\/www.heddata.se\/webbutik\/shop\/\"},{\"@type\":\"ListItem\",\"position\":3,\"name\":\"TP-Link AC1200 Wi-Fi Range Extender RE305\"}]},{\"@type\":\"WebSite\",\"@id\":\"https:\/\/www.heddata.se\/webbutik\/#website\",\"url\":\"https:\/\/www.heddata.se\/webbutik\/\",\"name\":\"Datorer, Skrivare, F\u00e4rgpatroner, Mobiltelefoner\",\"description\":\"Kablar\",\"publisher\":{\"@id\":\"https:\/\/www.heddata.se\/webbutik\/#organization\"},\"potentialAction\":[{\"@type\":\"SearchAction\",\"target\":{\"@type\":\"EntryPoint\",\"urlTemplate\":\"https:\/\/www.heddata.se\/webbutik\/?s={search_term_string}\"},\"query-input\":{\"@type\":\"PropertyValueSpecification\",\"valueRequired\":true,\"valueName\":\"search_term_string\"}}],\"inLanguage\":\"sv-SE\"},{\"@type\":\"Organization\",\"@id\":\"https:\/\/www.heddata.se\/webbutik\/#organization\",\"name\":\"Heddata AB\",\"url\":\"https:\/\/www.heddata.se\/webbutik\/\",\"logo\":{\"@type\":\"ImageObject\",\"inLanguage\":\"sv-SE\",\"@id\":\"https:\/\/www.heddata.se\/webbutik\/#\/schema\/logo\/image\/\",\"url\":\"https:\/\/www.heddata.se\/webbutik\/wp-content\/uploads\/logga\/heddata-ab-logga.png\",\"contentUrl\":\"https:\/\/www.heddata.se\/webbutik\/wp-content\/uploads\/logga\/heddata-ab-logga.png\",\"width\":200,\"height\":64,\"caption\":\"Heddata AB\"},\"image\":{\"@id\":\"https:\/\/www.heddata.se\/webbutik\/#\/schema\/logo\/image\/\"}}]}<\/script>\n<!-- \/ Yoast SEO Premium plugin. -->","yoast_head_json":{"title":"TP-Link AC1200 Wi-Fi Range Extender RE305 | Wireless AC","description":"TP-Link AC1200. Wireless AC. St\u00f6d f\u00f6r Wireless AC ger hastigheter upp till 867 Mb\/s p\u00e5 5 GHz-bandet och 300 Mb\/s p\u00e5 2,4 GHz-bandet.","robots":{"index":"index","follow":"follow","max-snippet":"max-snippet:-1","max-image-preview":"max-image-preview:large","max-video-preview":"max-video-preview:-1"},"canonical":"https:\/\/www.heddata.se\/webbutik\/produkt\/tp-link-ac1200-wi-fi-range-extender-re305\/","og_locale":"sv_SE","og_type":"article","og_title":"TP-Link AC1200 Wi-Fi Range Extender RE305","og_description":"TP-Link AC1200. Wireless AC. St\u00f6d f\u00f6r Wireless AC ger hastigheter upp till 867 Mb\/s p\u00e5 5 GHz-bandet och 300 Mb\/s p\u00e5 2,4 GHz-bandet.","og_url":"https:\/\/www.heddata.se\/webbutik\/produkt\/tp-link-ac1200-wi-fi-range-extender-re305\/","og_site_name":"Datorer, Skrivare, F\u00e4rgpatroner, Mobiltelefoner","article_modified_time":"2026-04-09T16:10:19+00:00","og_image":[{"width":960,"height":960,"url":"https:\/\/www.heddata.se\/webbutik\/wp-content\/uploads\/webbutik\/kategorier\/Natvark\/TP-Link-AC1200-Wi-Fi-Range-Extender-RE305.jpg","type":"image\/jpeg"}],"twitter_card":"summary_large_image","twitter_misc":{"Ber\u00e4knad l\u00e4stid":"1 minut"},"schema":{"@context":"https:\/\/schema.org","@graph":[{"@type":"WebPage","@id":"https:\/\/www.heddata.se\/webbutik\/produkt\/tp-link-ac1200-wi-fi-range-extender-re305\/","url":"https:\/\/www.heddata.se\/webbutik\/produkt\/tp-link-ac1200-wi-fi-range-extender-re305\/","name":"TP-Link AC1200 Wi-Fi Range Extender RE305 | Wireless AC","isPartOf":{"@id":"https:\/\/www.heddata.se\/webbutik\/#website"},"primaryImageOfPage":{"@id":"https:\/\/www.heddata.se\/webbutik\/produkt\/tp-link-ac1200-wi-fi-range-extender-re305\/#primaryimage"},"image":{"@id":"https:\/\/www.heddata.se\/webbutik\/produkt\/tp-link-ac1200-wi-fi-range-extender-re305\/#primaryimage"},"thumbnailUrl":"https:\/\/www.heddata.se\/webbutik\/wp-content\/uploads\/webbutik\/kategorier\/Natvark\/TP-Link-AC1200-Wi-Fi-Range-Extender-RE305.jpg","datePublished":"2019-11-20T08:07:53+00:00","dateModified":"2026-04-09T16:10:19+00:00","description":"TP-Link AC1200. Wireless AC. St\u00f6d f\u00f6r Wireless AC ger hastigheter upp till 867 Mb\/s p\u00e5 5 GHz-bandet och 300 Mb\/s p\u00e5 2,4 GHz-bandet.","breadcrumb":{"@id":"https:\/\/www.heddata.se\/webbutik\/produkt\/tp-link-ac1200-wi-fi-range-extender-re305\/#breadcrumb"},"inLanguage":"sv-SE","potentialAction":[{"@type":"ReadAction","target":["https:\/\/www.heddata.se\/webbutik\/produkt\/tp-link-ac1200-wi-fi-range-extender-re305\/"]}]},{"@type":"ImageObject","inLanguage":"sv-SE","@id":"https:\/\/www.heddata.se\/webbutik\/produkt\/tp-link-ac1200-wi-fi-range-extender-re305\/#primaryimage","url":"https:\/\/www.heddata.se\/webbutik\/wp-content\/uploads\/webbutik\/kategorier\/Natvark\/TP-Link-AC1200-Wi-Fi-Range-Extender-RE305.jpg","contentUrl":"https:\/\/www.heddata.se\/webbutik\/wp-content\/uploads\/webbutik\/kategorier\/Natvark\/TP-Link-AC1200-Wi-Fi-Range-Extender-RE305.jpg","width":960,"height":960,"caption":"TP-Link AC1200 Wi-Fi Range Extender RE305"},{"@type":"BreadcrumbList","@id":"https:\/\/www.heddata.se\/webbutik\/produkt\/tp-link-ac1200-wi-fi-range-extender-re305\/#breadcrumb","itemListElement":[{"@type":"ListItem","position":1,"name":"Hem","item":"https:\/\/www.heddata.se\/webbutik\/"},{"@type":"ListItem","position":2,"name":"Produkter","item":"https:\/\/www.heddata.se\/webbutik\/shop\/"},{"@type":"ListItem","position":3,"name":"TP-Link AC1200 Wi-Fi Range Extender RE305"}]},{"@type":"WebSite","@id":"https:\/\/www.heddata.se\/webbutik\/#website","url":"https:\/\/www.heddata.se\/webbutik\/","name":"Datorer, Skrivare, F\u00e4rgpatroner, Mobiltelefoner","description":"Kablar","publisher":{"@id":"https:\/\/www.heddata.se\/webbutik\/#organization"},"potentialAction":[{"@type":"SearchAction","target":{"@type":"EntryPoint","urlTemplate":"https:\/\/www.heddata.se\/webbutik\/?s={search_term_string}"},"query-input":{"@type":"PropertyValueSpecification","valueRequired":true,"valueName":"search_term_string"}}],"inLanguage":"sv-SE"},{"@type":"Organization","@id":"https:\/\/www.heddata.se\/webbutik\/#organization","name":"Heddata AB","url":"https:\/\/www.heddata.se\/webbutik\/","logo":{"@type":"ImageObject","inLanguage":"sv-SE","@id":"https:\/\/www.heddata.se\/webbutik\/#\/schema\/logo\/image\/","url":"https:\/\/www.heddata.se\/webbutik\/wp-content\/uploads\/logga\/heddata-ab-logga.png","contentUrl":"https:\/\/www.heddata.se\/webbutik\/wp-content\/uploads\/logga\/heddata-ab-logga.png","width":200,"height":64,"caption":"Heddata AB"},"image":{"@id":"https:\/\/www.heddata.se\/webbutik\/#\/schema\/logo\/image\/"}}]}},"_links":{"self":[{"href":"https:\/\/www.heddata.se\/webbutik\/wp-json\/wp\/v2\/product\/7322","targetHints":{"allow":["GET"]}}],"collection":[{"href":"https:\/\/www.heddata.se\/webbutik\/wp-json\/wp\/v2\/product"}],"about":[{"href":"https:\/\/www.heddata.se\/webbutik\/wp-json\/wp\/v2\/types\/product"}],"wp:featuredmedia":[{"embeddable":true,"href":"https:\/\/www.heddata.se\/webbutik\/wp-json\/wp\/v2\/media\/27999"}],"wp:attachment":[{"href":"https:\/\/www.heddata.se\/webbutik\/wp-json\/wp\/v2\/media?parent=7322"}],"wp:term":[{"taxonomy":"product_brand","embeddable":true,"href":"https:\/\/www.heddata.se\/webbutik\/wp-json\/wp\/v2\/product_brand?post=7322"},{"taxonomy":"product_cat","embeddable":true,"href":"https:\/\/www.heddata.se\/webbutik\/wp-json\/wp\/v2\/product_cat?post=7322"},{"taxonomy":"product_tag","embeddable":true,"href":"https:\/\/www.heddata.se\/webbutik\/wp-json\/wp\/v2\/product_tag?post=7322"}],"curies":[{"name":"wp","href":"https:\/\/api.w.org\/{rel}","templated":true}]}}