{"id":7283,"date":"2019-11-20T09:07:47","date_gmt":"2019-11-20T08:07:47","guid":{"rendered":"https:\/\/www.heddata.se\/webbutik\/?post_type=product&#038;p=7283"},"modified":"2026-05-04T15:10:17","modified_gmt":"2026-05-04T13:10:17","slug":"peltor-vindskydd-for-mikrofon-m995","status":"publish","type":"product","link":"https:\/\/www.heddata.se\/webbutik\/produkt\/peltor-vindskydd-for-mikrofon-m995\/","title":{"rendered":"Peltor Vindskydd f\u00f6r mikrofon &#8211; M995"},"content":{"rendered":"<p>Peltor Vindskydd f\u00f6r mikrofon &#8211; M995<\/p>\n<p>Peltor Vindskydd f\u00f6r mikrofon &#8211; M995\u00a02-pack skydd mot vindbrus. \u00d6kar livsl\u00e4ngden och skyddar bom-mikrofonen.<\/p>\n<p>Passar till <a href=\"https:\/\/www.3msverige.se\/\" target=\"_blank\" rel=\"noopener noreferrer\">Peltor<\/a> WS Alert XP och <a href=\"https:\/\/www.heddata.se\/webbutik\/produkt\/peltor-ws-alert-xp\/\">Peltor<\/a> WS Workstyle<\/p>\n","protected":false},"excerpt":{"rendered":"<p>Peltor Vindskydd f\u00f6r mikrofon &#8211; M995<\/p>\n","protected":false},"featured_media":51080,"template":"","meta":[],"product_brand":[],"product_cat":[128,119,198],"product_tag":[],"class_list":{"0":"post-7283","1":"product","2":"type-product","3":"status-publish","4":"has-post-thumbnail","6":"product_cat-headset-horlurar-med-bluetooth","7":"product_cat-horlurar-headset","8":"product_cat-ovrigt","10":"first","11":"instock","12":"taxable","13":"shipping-taxable","14":"purchasable","15":"product-type-simple"},"yoast_head":"<!-- This site is optimized with the Yoast SEO Premium plugin v26.7 (Yoast SEO v26.7) - https:\/\/yoast.com\/wordpress\/plugins\/seo\/ -->\n<title>Peltor Vindskydd f\u00f6r mikrofon - M995 2-pack f\u00f6r skydd mot vindbrus<\/title>\n<meta name=\"description\" content=\"Peltor Vindskydd f\u00f6r mikrofon - M995\u00a02-pack skydd mot vindbrus. \u00d6kar livsl\u00e4ngden och skyddar bom-mikrofonen. F\u00f6r Peltor WS Alert XP och Peltor WS Workstyle\" \/>\n<meta name=\"robots\" content=\"index, follow, max-snippet:-1, max-image-preview:large, max-video-preview:-1\" \/>\n<link rel=\"canonical\" href=\"https:\/\/www.heddata.se\/webbutik\/produkt\/peltor-vindskydd-for-mikrofon-m995\/\" \/>\n<meta property=\"og:locale\" content=\"sv_SE\" \/>\n<meta property=\"og:type\" content=\"article\" \/>\n<meta property=\"og:title\" content=\"Peltor Vindskydd f\u00f6r mikrofon - M995\" \/>\n<meta property=\"og:description\" content=\"Peltor Vindskydd f\u00f6r mikrofon - M995\u00a02-pack skydd mot vindbrus. \u00d6kar livsl\u00e4ngden och skyddar bom-mikrofonen. F\u00f6r Peltor WS Alert XP och Peltor WS Workstyle\" \/>\n<meta property=\"og:url\" content=\"https:\/\/www.heddata.se\/webbutik\/produkt\/peltor-vindskydd-for-mikrofon-m995\/\" \/>\n<meta property=\"og:site_name\" content=\"Datorer, Skrivare, F\u00e4rgpatroner, Mobiltelefoner\" \/>\n<meta property=\"article:modified_time\" content=\"2026-05-04T13:10:17+00:00\" \/>\n<meta property=\"og:image\" content=\"https:\/\/www.heddata.se\/webbutik\/wp-content\/uploads\/peltor-vindskydd.jpg\" \/>\n\t<meta property=\"og:image:width\" content=\"498\" \/>\n\t<meta property=\"og:image:height\" content=\"498\" \/>\n\t<meta property=\"og:image:type\" content=\"image\/jpeg\" \/>\n<meta name=\"twitter:card\" content=\"summary_large_image\" \/>\n<script type=\"application\/ld+json\" class=\"yoast-schema-graph\">{\"@context\":\"https:\/\/schema.org\",\"@graph\":[{\"@type\":\"WebPage\",\"@id\":\"https:\/\/www.heddata.se\/webbutik\/produkt\/peltor-vindskydd-for-mikrofon-m995\/\",\"url\":\"https:\/\/www.heddata.se\/webbutik\/produkt\/peltor-vindskydd-for-mikrofon-m995\/\",\"name\":\"Peltor Vindskydd f\u00f6r mikrofon - M995 2-pack f\u00f6r skydd mot vindbrus\",\"isPartOf\":{\"@id\":\"https:\/\/www.heddata.se\/webbutik\/#website\"},\"primaryImageOfPage\":{\"@id\":\"https:\/\/www.heddata.se\/webbutik\/produkt\/peltor-vindskydd-for-mikrofon-m995\/#primaryimage\"},\"image\":{\"@id\":\"https:\/\/www.heddata.se\/webbutik\/produkt\/peltor-vindskydd-for-mikrofon-m995\/#primaryimage\"},\"thumbnailUrl\":\"https:\/\/www.heddata.se\/webbutik\/wp-content\/uploads\/peltor-vindskydd.jpg\",\"datePublished\":\"2019-11-20T08:07:47+00:00\",\"dateModified\":\"2026-05-04T13:10:17+00:00\",\"description\":\"Peltor Vindskydd f\u00f6r mikrofon - M995\u00a02-pack skydd mot vindbrus. \u00d6kar livsl\u00e4ngden och skyddar bom-mikrofonen. F\u00f6r Peltor WS Alert XP och Peltor WS Workstyle\",\"breadcrumb\":{\"@id\":\"https:\/\/www.heddata.se\/webbutik\/produkt\/peltor-vindskydd-for-mikrofon-m995\/#breadcrumb\"},\"inLanguage\":\"sv-SE\",\"potentialAction\":[{\"@type\":\"ReadAction\",\"target\":[\"https:\/\/www.heddata.se\/webbutik\/produkt\/peltor-vindskydd-for-mikrofon-m995\/\"]}]},{\"@type\":\"ImageObject\",\"inLanguage\":\"sv-SE\",\"@id\":\"https:\/\/www.heddata.se\/webbutik\/produkt\/peltor-vindskydd-for-mikrofon-m995\/#primaryimage\",\"url\":\"https:\/\/www.heddata.se\/webbutik\/wp-content\/uploads\/peltor-vindskydd.jpg\",\"contentUrl\":\"https:\/\/www.heddata.se\/webbutik\/wp-content\/uploads\/peltor-vindskydd.jpg\",\"width\":498,\"height\":498,\"caption\":\"Peltor Vindskydd f\u00f6r mikrofon\"},{\"@type\":\"BreadcrumbList\",\"@id\":\"https:\/\/www.heddata.se\/webbutik\/produkt\/peltor-vindskydd-for-mikrofon-m995\/#breadcrumb\",\"itemListElement\":[{\"@type\":\"ListItem\",\"position\":1,\"name\":\"Hem\",\"item\":\"https:\/\/www.heddata.se\/webbutik\/\"},{\"@type\":\"ListItem\",\"position\":2,\"name\":\"Produkter\",\"item\":\"https:\/\/www.heddata.se\/webbutik\/shop\/\"},{\"@type\":\"ListItem\",\"position\":3,\"name\":\"Peltor Vindskydd f\u00f6r mikrofon &#8211; M995\"}]},{\"@type\":\"WebSite\",\"@id\":\"https:\/\/www.heddata.se\/webbutik\/#website\",\"url\":\"https:\/\/www.heddata.se\/webbutik\/\",\"name\":\"Datorer, Skrivare, F\u00e4rgpatroner, Mobiltelefoner\",\"description\":\"Kablar\",\"publisher\":{\"@id\":\"https:\/\/www.heddata.se\/webbutik\/#organization\"},\"potentialAction\":[{\"@type\":\"SearchAction\",\"target\":{\"@type\":\"EntryPoint\",\"urlTemplate\":\"https:\/\/www.heddata.se\/webbutik\/?s={search_term_string}\"},\"query-input\":{\"@type\":\"PropertyValueSpecification\",\"valueRequired\":true,\"valueName\":\"search_term_string\"}}],\"inLanguage\":\"sv-SE\"},{\"@type\":\"Organization\",\"@id\":\"https:\/\/www.heddata.se\/webbutik\/#organization\",\"name\":\"Heddata AB\",\"url\":\"https:\/\/www.heddata.se\/webbutik\/\",\"logo\":{\"@type\":\"ImageObject\",\"inLanguage\":\"sv-SE\",\"@id\":\"https:\/\/www.heddata.se\/webbutik\/#\/schema\/logo\/image\/\",\"url\":\"https:\/\/www.heddata.se\/webbutik\/wp-content\/uploads\/logga\/heddata-ab-logga.png\",\"contentUrl\":\"https:\/\/www.heddata.se\/webbutik\/wp-content\/uploads\/logga\/heddata-ab-logga.png\",\"width\":200,\"height\":64,\"caption\":\"Heddata AB\"},\"image\":{\"@id\":\"https:\/\/www.heddata.se\/webbutik\/#\/schema\/logo\/image\/\"}}]}<\/script>\n<!-- \/ Yoast SEO Premium plugin. -->","yoast_head_json":{"title":"Peltor Vindskydd f\u00f6r mikrofon - M995 2-pack f\u00f6r skydd mot vindbrus","description":"Peltor Vindskydd f\u00f6r mikrofon - M995\u00a02-pack skydd mot vindbrus. \u00d6kar livsl\u00e4ngden och skyddar bom-mikrofonen. F\u00f6r Peltor WS Alert XP och Peltor WS Workstyle","robots":{"index":"index","follow":"follow","max-snippet":"max-snippet:-1","max-image-preview":"max-image-preview:large","max-video-preview":"max-video-preview:-1"},"canonical":"https:\/\/www.heddata.se\/webbutik\/produkt\/peltor-vindskydd-for-mikrofon-m995\/","og_locale":"sv_SE","og_type":"article","og_title":"Peltor Vindskydd f\u00f6r mikrofon - M995","og_description":"Peltor Vindskydd f\u00f6r mikrofon - M995\u00a02-pack skydd mot vindbrus. \u00d6kar livsl\u00e4ngden och skyddar bom-mikrofonen. F\u00f6r Peltor WS Alert XP och Peltor WS Workstyle","og_url":"https:\/\/www.heddata.se\/webbutik\/produkt\/peltor-vindskydd-for-mikrofon-m995\/","og_site_name":"Datorer, Skrivare, F\u00e4rgpatroner, Mobiltelefoner","article_modified_time":"2026-05-04T13:10:17+00:00","og_image":[{"width":498,"height":498,"url":"https:\/\/www.heddata.se\/webbutik\/wp-content\/uploads\/peltor-vindskydd.jpg","type":"image\/jpeg"}],"twitter_card":"summary_large_image","schema":{"@context":"https:\/\/schema.org","@graph":[{"@type":"WebPage","@id":"https:\/\/www.heddata.se\/webbutik\/produkt\/peltor-vindskydd-for-mikrofon-m995\/","url":"https:\/\/www.heddata.se\/webbutik\/produkt\/peltor-vindskydd-for-mikrofon-m995\/","name":"Peltor Vindskydd f\u00f6r mikrofon - M995 2-pack f\u00f6r skydd mot vindbrus","isPartOf":{"@id":"https:\/\/www.heddata.se\/webbutik\/#website"},"primaryImageOfPage":{"@id":"https:\/\/www.heddata.se\/webbutik\/produkt\/peltor-vindskydd-for-mikrofon-m995\/#primaryimage"},"image":{"@id":"https:\/\/www.heddata.se\/webbutik\/produkt\/peltor-vindskydd-for-mikrofon-m995\/#primaryimage"},"thumbnailUrl":"https:\/\/www.heddata.se\/webbutik\/wp-content\/uploads\/peltor-vindskydd.jpg","datePublished":"2019-11-20T08:07:47+00:00","dateModified":"2026-05-04T13:10:17+00:00","description":"Peltor Vindskydd f\u00f6r mikrofon - M995\u00a02-pack skydd mot vindbrus. \u00d6kar livsl\u00e4ngden och skyddar bom-mikrofonen. F\u00f6r Peltor WS Alert XP och Peltor WS Workstyle","breadcrumb":{"@id":"https:\/\/www.heddata.se\/webbutik\/produkt\/peltor-vindskydd-for-mikrofon-m995\/#breadcrumb"},"inLanguage":"sv-SE","potentialAction":[{"@type":"ReadAction","target":["https:\/\/www.heddata.se\/webbutik\/produkt\/peltor-vindskydd-for-mikrofon-m995\/"]}]},{"@type":"ImageObject","inLanguage":"sv-SE","@id":"https:\/\/www.heddata.se\/webbutik\/produkt\/peltor-vindskydd-for-mikrofon-m995\/#primaryimage","url":"https:\/\/www.heddata.se\/webbutik\/wp-content\/uploads\/peltor-vindskydd.jpg","contentUrl":"https:\/\/www.heddata.se\/webbutik\/wp-content\/uploads\/peltor-vindskydd.jpg","width":498,"height":498,"caption":"Peltor Vindskydd f\u00f6r mikrofon"},{"@type":"BreadcrumbList","@id":"https:\/\/www.heddata.se\/webbutik\/produkt\/peltor-vindskydd-for-mikrofon-m995\/#breadcrumb","itemListElement":[{"@type":"ListItem","position":1,"name":"Hem","item":"https:\/\/www.heddata.se\/webbutik\/"},{"@type":"ListItem","position":2,"name":"Produkter","item":"https:\/\/www.heddata.se\/webbutik\/shop\/"},{"@type":"ListItem","position":3,"name":"Peltor Vindskydd f\u00f6r mikrofon &#8211; M995"}]},{"@type":"WebSite","@id":"https:\/\/www.heddata.se\/webbutik\/#website","url":"https:\/\/www.heddata.se\/webbutik\/","name":"Datorer, Skrivare, F\u00e4rgpatroner, Mobiltelefoner","description":"Kablar","publisher":{"@id":"https:\/\/www.heddata.se\/webbutik\/#organization"},"potentialAction":[{"@type":"SearchAction","target":{"@type":"EntryPoint","urlTemplate":"https:\/\/www.heddata.se\/webbutik\/?s={search_term_string}"},"query-input":{"@type":"PropertyValueSpecification","valueRequired":true,"valueName":"search_term_string"}}],"inLanguage":"sv-SE"},{"@type":"Organization","@id":"https:\/\/www.heddata.se\/webbutik\/#organization","name":"Heddata AB","url":"https:\/\/www.heddata.se\/webbutik\/","logo":{"@type":"ImageObject","inLanguage":"sv-SE","@id":"https:\/\/www.heddata.se\/webbutik\/#\/schema\/logo\/image\/","url":"https:\/\/www.heddata.se\/webbutik\/wp-content\/uploads\/logga\/heddata-ab-logga.png","contentUrl":"https:\/\/www.heddata.se\/webbutik\/wp-content\/uploads\/logga\/heddata-ab-logga.png","width":200,"height":64,"caption":"Heddata AB"},"image":{"@id":"https:\/\/www.heddata.se\/webbutik\/#\/schema\/logo\/image\/"}}]}},"_links":{"self":[{"href":"https:\/\/www.heddata.se\/webbutik\/wp-json\/wp\/v2\/product\/7283","targetHints":{"allow":["GET"]}}],"collection":[{"href":"https:\/\/www.heddata.se\/webbutik\/wp-json\/wp\/v2\/product"}],"about":[{"href":"https:\/\/www.heddata.se\/webbutik\/wp-json\/wp\/v2\/types\/product"}],"wp:featuredmedia":[{"embeddable":true,"href":"https:\/\/www.heddata.se\/webbutik\/wp-json\/wp\/v2\/media\/51080"}],"wp:attachment":[{"href":"https:\/\/www.heddata.se\/webbutik\/wp-json\/wp\/v2\/media?parent=7283"}],"wp:term":[{"taxonomy":"product_brand","embeddable":true,"href":"https:\/\/www.heddata.se\/webbutik\/wp-json\/wp\/v2\/product_brand?post=7283"},{"taxonomy":"product_cat","embeddable":true,"href":"https:\/\/www.heddata.se\/webbutik\/wp-json\/wp\/v2\/product_cat?post=7283"},{"taxonomy":"product_tag","embeddable":true,"href":"https:\/\/www.heddata.se\/webbutik\/wp-json\/wp\/v2\/product_tag?post=7283"}],"curies":[{"name":"wp","href":"https:\/\/api.w.org\/{rel}","templated":true}]}}