{"id":7282,"date":"2019-11-20T09:07:47","date_gmt":"2019-11-20T08:07:47","guid":{"rendered":"https:\/\/www.heddata.se\/webbutik\/?post_type=product&#038;p=7282"},"modified":"2026-04-15T18:12:08","modified_gmt":"2026-04-15T16:12:08","slug":"laminator-ilam-home-office","status":"publish","type":"product","link":"https:\/\/www.heddata.se\/webbutik\/produkt\/laminator-ilam-home-office\/","title":{"rendered":"Laminator iLAM Home Office A3 Gr\u00e5 &#8211; LTZ74400089"},"content":{"rendered":"<p>Laminator iLAM f\u00f6r hemmakontor \u00e4r det perfekta verktyget f\u00f6r att snabbt och enkelt skydda och f\u00f6rb\u00e4ttra dokument. Den eleganta designen \u00e4r diskret nog f\u00f6r att sm\u00e4lta in, \u00e4ven om den \u00e4r tillverkad av ett rept\u00e5ligt material f\u00f6r att skydda konstruktionen. L\u00e5g energif\u00f6rbrukning och en frisl\u00e4ppningsmekanism som g\u00f6r det enkelt att rensa fickor som har fastnat. Den kan dessutom laminera fickor med 80 till 125 mikrometer p\u00e5 under en minut. Detta inneb\u00e4r att du snabbt kan fastst\u00e4lla dokumentformat och bredd p\u00e5 fickor f\u00f6r att automatiskt v\u00e4lja r\u00e4tt hastighet och temperatur som ska anv\u00e4ndas. Laminator iLAM f\u00f6r hemmakontor v\u00e4rms upp p\u00e5 bara tre minuter. En indikatorlampa och ljudlarm talar om f\u00f6r dig n\u00e4r den \u00e4r redo att anv\u00e4ndas. Efter trettio minuter kommer enheten att st\u00e4ngas av automatiskt f\u00f6r att spara energi.<\/p>\n","protected":false},"excerpt":{"rendered":"<p>Laminator iLAM<\/p>\n","protected":false},"featured_media":8567,"template":"","meta":[],"product_brand":[],"product_cat":[68],"product_tag":[],"class_list":{"0":"post-7282","1":"product","2":"type-product","3":"status-publish","4":"has-post-thumbnail","6":"product_cat-kontorstillbehor","8":"first","9":"outofstock","10":"taxable","11":"shipping-taxable","12":"purchasable","13":"product-type-simple"},"yoast_head":"<!-- This site is optimized with the Yoast SEO Premium plugin v26.7 (Yoast SEO v26.7) - https:\/\/yoast.com\/wordpress\/plugins\/seo\/ -->\n<title>Laminator iLAM Home Office A3 Gr\u00e5 - LTZ74400089<\/title>\n<meta name=\"description\" content=\"Laminator iLAM f\u00f6r hemmakontor \u00e4r det perfekta verktyget f\u00f6r att snabbt och enkelt skydda och f\u00f6rb\u00e4ttra dokument. L\u00e5g energif\u00f6rbrukning\" \/>\n<meta name=\"robots\" content=\"index, follow, max-snippet:-1, max-image-preview:large, max-video-preview:-1\" \/>\n<link rel=\"canonical\" href=\"https:\/\/www.heddata.se\/webbutik\/produkt\/laminator-ilam-home-office\/\" \/>\n<meta property=\"og:locale\" content=\"sv_SE\" \/>\n<meta property=\"og:type\" content=\"article\" \/>\n<meta property=\"og:title\" content=\"Laminator iLAM Home Office A3 Gr\u00e5 - LTZ74400089\" \/>\n<meta property=\"og:description\" content=\"Laminator iLAM f\u00f6r hemmakontor \u00e4r det perfekta verktyget f\u00f6r att snabbt och enkelt skydda och f\u00f6rb\u00e4ttra dokument. L\u00e5g energif\u00f6rbrukning\" \/>\n<meta property=\"og:url\" content=\"https:\/\/www.heddata.se\/webbutik\/produkt\/laminator-ilam-home-office\/\" \/>\n<meta property=\"og:site_name\" content=\"Datorer, Skrivare, F\u00e4rgpatroner, Mobiltelefoner\" \/>\n<meta property=\"article:modified_time\" content=\"2026-04-15T16:12:08+00:00\" \/>\n<meta property=\"og:image\" content=\"https:\/\/www.heddata.se\/webbutik\/wp-content\/uploads\/webbutik\/kategorier\/Kontorstillbehor\/Laminator-iLAM-Home-Office-A3-Gra-LTZ74400089-1.png\" \/>\n\t<meta property=\"og:image:width\" content=\"610\" \/>\n\t<meta property=\"og:image:height\" content=\"610\" \/>\n\t<meta property=\"og:image:type\" content=\"image\/png\" \/>\n<meta name=\"twitter:card\" content=\"summary_large_image\" \/>\n<meta name=\"twitter:label1\" content=\"Ber\u00e4knad l\u00e4stid\" \/>\n\t<meta name=\"twitter:data1\" content=\"1 minut\" \/>\n<script type=\"application\/ld+json\" class=\"yoast-schema-graph\">{\"@context\":\"https:\/\/schema.org\",\"@graph\":[{\"@type\":\"WebPage\",\"@id\":\"https:\/\/www.heddata.se\/webbutik\/produkt\/laminator-ilam-home-office\/\",\"url\":\"https:\/\/www.heddata.se\/webbutik\/produkt\/laminator-ilam-home-office\/\",\"name\":\"Laminator iLAM Home Office A3 Gr\u00e5 - LTZ74400089\",\"isPartOf\":{\"@id\":\"https:\/\/www.heddata.se\/webbutik\/#website\"},\"primaryImageOfPage\":{\"@id\":\"https:\/\/www.heddata.se\/webbutik\/produkt\/laminator-ilam-home-office\/#primaryimage\"},\"image\":{\"@id\":\"https:\/\/www.heddata.se\/webbutik\/produkt\/laminator-ilam-home-office\/#primaryimage\"},\"thumbnailUrl\":\"https:\/\/www.heddata.se\/webbutik\/wp-content\/uploads\/webbutik\/kategorier\/Kontorstillbehor\/Laminator-iLAM-Home-Office-A3-Gra-LTZ74400089-1.png\",\"datePublished\":\"2019-11-20T08:07:47+00:00\",\"dateModified\":\"2026-04-15T16:12:08+00:00\",\"description\":\"Laminator iLAM f\u00f6r hemmakontor \u00e4r det perfekta verktyget f\u00f6r att snabbt och enkelt skydda och f\u00f6rb\u00e4ttra dokument. L\u00e5g energif\u00f6rbrukning\",\"breadcrumb\":{\"@id\":\"https:\/\/www.heddata.se\/webbutik\/produkt\/laminator-ilam-home-office\/#breadcrumb\"},\"inLanguage\":\"sv-SE\",\"potentialAction\":[{\"@type\":\"ReadAction\",\"target\":[\"https:\/\/www.heddata.se\/webbutik\/produkt\/laminator-ilam-home-office\/\"]}]},{\"@type\":\"ImageObject\",\"inLanguage\":\"sv-SE\",\"@id\":\"https:\/\/www.heddata.se\/webbutik\/produkt\/laminator-ilam-home-office\/#primaryimage\",\"url\":\"https:\/\/www.heddata.se\/webbutik\/wp-content\/uploads\/webbutik\/kategorier\/Kontorstillbehor\/Laminator-iLAM-Home-Office-A3-Gra-LTZ74400089-1.png\",\"contentUrl\":\"https:\/\/www.heddata.se\/webbutik\/wp-content\/uploads\/webbutik\/kategorier\/Kontorstillbehor\/Laminator-iLAM-Home-Office-A3-Gra-LTZ74400089-1.png\",\"width\":610,\"height\":610,\"caption\":\"Laminator iLAM Home Office A3 Gr\u00e5 - LTZ74400089\"},{\"@type\":\"BreadcrumbList\",\"@id\":\"https:\/\/www.heddata.se\/webbutik\/produkt\/laminator-ilam-home-office\/#breadcrumb\",\"itemListElement\":[{\"@type\":\"ListItem\",\"position\":1,\"name\":\"Hem\",\"item\":\"https:\/\/www.heddata.se\/webbutik\/\"},{\"@type\":\"ListItem\",\"position\":2,\"name\":\"Produkter\",\"item\":\"https:\/\/www.heddata.se\/webbutik\/shop\/\"},{\"@type\":\"ListItem\",\"position\":3,\"name\":\"Laminator iLAM Home Office A3 Gr\u00e5 &#8211; LTZ74400089\"}]},{\"@type\":\"WebSite\",\"@id\":\"https:\/\/www.heddata.se\/webbutik\/#website\",\"url\":\"https:\/\/www.heddata.se\/webbutik\/\",\"name\":\"Datorer, Skrivare, F\u00e4rgpatroner, Mobiltelefoner\",\"description\":\"Kablar\",\"publisher\":{\"@id\":\"https:\/\/www.heddata.se\/webbutik\/#organization\"},\"potentialAction\":[{\"@type\":\"SearchAction\",\"target\":{\"@type\":\"EntryPoint\",\"urlTemplate\":\"https:\/\/www.heddata.se\/webbutik\/?s={search_term_string}\"},\"query-input\":{\"@type\":\"PropertyValueSpecification\",\"valueRequired\":true,\"valueName\":\"search_term_string\"}}],\"inLanguage\":\"sv-SE\"},{\"@type\":\"Organization\",\"@id\":\"https:\/\/www.heddata.se\/webbutik\/#organization\",\"name\":\"Heddata AB\",\"url\":\"https:\/\/www.heddata.se\/webbutik\/\",\"logo\":{\"@type\":\"ImageObject\",\"inLanguage\":\"sv-SE\",\"@id\":\"https:\/\/www.heddata.se\/webbutik\/#\/schema\/logo\/image\/\",\"url\":\"https:\/\/www.heddata.se\/webbutik\/wp-content\/uploads\/logga\/heddata-ab-logga.png\",\"contentUrl\":\"https:\/\/www.heddata.se\/webbutik\/wp-content\/uploads\/logga\/heddata-ab-logga.png\",\"width\":200,\"height\":64,\"caption\":\"Heddata AB\"},\"image\":{\"@id\":\"https:\/\/www.heddata.se\/webbutik\/#\/schema\/logo\/image\/\"}}]}<\/script>\n<!-- \/ Yoast SEO Premium plugin. -->","yoast_head_json":{"title":"Laminator iLAM Home Office A3 Gr\u00e5 - LTZ74400089","description":"Laminator iLAM f\u00f6r hemmakontor \u00e4r det perfekta verktyget f\u00f6r att snabbt och enkelt skydda och f\u00f6rb\u00e4ttra dokument. L\u00e5g energif\u00f6rbrukning","robots":{"index":"index","follow":"follow","max-snippet":"max-snippet:-1","max-image-preview":"max-image-preview:large","max-video-preview":"max-video-preview:-1"},"canonical":"https:\/\/www.heddata.se\/webbutik\/produkt\/laminator-ilam-home-office\/","og_locale":"sv_SE","og_type":"article","og_title":"Laminator iLAM Home Office A3 Gr\u00e5 - LTZ74400089","og_description":"Laminator iLAM f\u00f6r hemmakontor \u00e4r det perfekta verktyget f\u00f6r att snabbt och enkelt skydda och f\u00f6rb\u00e4ttra dokument. L\u00e5g energif\u00f6rbrukning","og_url":"https:\/\/www.heddata.se\/webbutik\/produkt\/laminator-ilam-home-office\/","og_site_name":"Datorer, Skrivare, F\u00e4rgpatroner, Mobiltelefoner","article_modified_time":"2026-04-15T16:12:08+00:00","og_image":[{"width":610,"height":610,"url":"https:\/\/www.heddata.se\/webbutik\/wp-content\/uploads\/webbutik\/kategorier\/Kontorstillbehor\/Laminator-iLAM-Home-Office-A3-Gra-LTZ74400089-1.png","type":"image\/png"}],"twitter_card":"summary_large_image","twitter_misc":{"Ber\u00e4knad l\u00e4stid":"1 minut"},"schema":{"@context":"https:\/\/schema.org","@graph":[{"@type":"WebPage","@id":"https:\/\/www.heddata.se\/webbutik\/produkt\/laminator-ilam-home-office\/","url":"https:\/\/www.heddata.se\/webbutik\/produkt\/laminator-ilam-home-office\/","name":"Laminator iLAM Home Office A3 Gr\u00e5 - LTZ74400089","isPartOf":{"@id":"https:\/\/www.heddata.se\/webbutik\/#website"},"primaryImageOfPage":{"@id":"https:\/\/www.heddata.se\/webbutik\/produkt\/laminator-ilam-home-office\/#primaryimage"},"image":{"@id":"https:\/\/www.heddata.se\/webbutik\/produkt\/laminator-ilam-home-office\/#primaryimage"},"thumbnailUrl":"https:\/\/www.heddata.se\/webbutik\/wp-content\/uploads\/webbutik\/kategorier\/Kontorstillbehor\/Laminator-iLAM-Home-Office-A3-Gra-LTZ74400089-1.png","datePublished":"2019-11-20T08:07:47+00:00","dateModified":"2026-04-15T16:12:08+00:00","description":"Laminator iLAM f\u00f6r hemmakontor \u00e4r det perfekta verktyget f\u00f6r att snabbt och enkelt skydda och f\u00f6rb\u00e4ttra dokument. L\u00e5g energif\u00f6rbrukning","breadcrumb":{"@id":"https:\/\/www.heddata.se\/webbutik\/produkt\/laminator-ilam-home-office\/#breadcrumb"},"inLanguage":"sv-SE","potentialAction":[{"@type":"ReadAction","target":["https:\/\/www.heddata.se\/webbutik\/produkt\/laminator-ilam-home-office\/"]}]},{"@type":"ImageObject","inLanguage":"sv-SE","@id":"https:\/\/www.heddata.se\/webbutik\/produkt\/laminator-ilam-home-office\/#primaryimage","url":"https:\/\/www.heddata.se\/webbutik\/wp-content\/uploads\/webbutik\/kategorier\/Kontorstillbehor\/Laminator-iLAM-Home-Office-A3-Gra-LTZ74400089-1.png","contentUrl":"https:\/\/www.heddata.se\/webbutik\/wp-content\/uploads\/webbutik\/kategorier\/Kontorstillbehor\/Laminator-iLAM-Home-Office-A3-Gra-LTZ74400089-1.png","width":610,"height":610,"caption":"Laminator iLAM Home Office A3 Gr\u00e5 - LTZ74400089"},{"@type":"BreadcrumbList","@id":"https:\/\/www.heddata.se\/webbutik\/produkt\/laminator-ilam-home-office\/#breadcrumb","itemListElement":[{"@type":"ListItem","position":1,"name":"Hem","item":"https:\/\/www.heddata.se\/webbutik\/"},{"@type":"ListItem","position":2,"name":"Produkter","item":"https:\/\/www.heddata.se\/webbutik\/shop\/"},{"@type":"ListItem","position":3,"name":"Laminator iLAM Home Office A3 Gr\u00e5 &#8211; LTZ74400089"}]},{"@type":"WebSite","@id":"https:\/\/www.heddata.se\/webbutik\/#website","url":"https:\/\/www.heddata.se\/webbutik\/","name":"Datorer, Skrivare, F\u00e4rgpatroner, Mobiltelefoner","description":"Kablar","publisher":{"@id":"https:\/\/www.heddata.se\/webbutik\/#organization"},"potentialAction":[{"@type":"SearchAction","target":{"@type":"EntryPoint","urlTemplate":"https:\/\/www.heddata.se\/webbutik\/?s={search_term_string}"},"query-input":{"@type":"PropertyValueSpecification","valueRequired":true,"valueName":"search_term_string"}}],"inLanguage":"sv-SE"},{"@type":"Organization","@id":"https:\/\/www.heddata.se\/webbutik\/#organization","name":"Heddata AB","url":"https:\/\/www.heddata.se\/webbutik\/","logo":{"@type":"ImageObject","inLanguage":"sv-SE","@id":"https:\/\/www.heddata.se\/webbutik\/#\/schema\/logo\/image\/","url":"https:\/\/www.heddata.se\/webbutik\/wp-content\/uploads\/logga\/heddata-ab-logga.png","contentUrl":"https:\/\/www.heddata.se\/webbutik\/wp-content\/uploads\/logga\/heddata-ab-logga.png","width":200,"height":64,"caption":"Heddata AB"},"image":{"@id":"https:\/\/www.heddata.se\/webbutik\/#\/schema\/logo\/image\/"}}]}},"_links":{"self":[{"href":"https:\/\/www.heddata.se\/webbutik\/wp-json\/wp\/v2\/product\/7282","targetHints":{"allow":["GET"]}}],"collection":[{"href":"https:\/\/www.heddata.se\/webbutik\/wp-json\/wp\/v2\/product"}],"about":[{"href":"https:\/\/www.heddata.se\/webbutik\/wp-json\/wp\/v2\/types\/product"}],"wp:featuredmedia":[{"embeddable":true,"href":"https:\/\/www.heddata.se\/webbutik\/wp-json\/wp\/v2\/media\/8567"}],"wp:attachment":[{"href":"https:\/\/www.heddata.se\/webbutik\/wp-json\/wp\/v2\/media?parent=7282"}],"wp:term":[{"taxonomy":"product_brand","embeddable":true,"href":"https:\/\/www.heddata.se\/webbutik\/wp-json\/wp\/v2\/product_brand?post=7282"},{"taxonomy":"product_cat","embeddable":true,"href":"https:\/\/www.heddata.se\/webbutik\/wp-json\/wp\/v2\/product_cat?post=7282"},{"taxonomy":"product_tag","embeddable":true,"href":"https:\/\/www.heddata.se\/webbutik\/wp-json\/wp\/v2\/product_tag?post=7282"}],"curies":[{"name":"wp","href":"https:\/\/api.w.org\/{rel}","templated":true}]}}