{"id":7280,"date":"2019-11-20T09:07:47","date_gmt":"2019-11-20T08:07:47","guid":{"rendered":"https:\/\/www.heddata.se\/webbutik\/?post_type=product&#038;p=7280"},"modified":"2026-04-07T18:31:33","modified_gmt":"2026-04-07T16:31:33","slug":"laminat-sjalvande-baksida-a4","status":"publish","type":"product","link":"https:\/\/www.heddata.se\/webbutik\/produkt\/laminat-sjalvande-baksida-a4\/","title":{"rendered":"Laminat sj\u00e4lvh\u00e4ftande baksida A4 80mic (100) &#8211; LTZ33872"},"content":{"rendered":"<p>Laminat sj\u00e4lvh\u00e4ftande baksida A4. Med en perfekt f\u00f6rslutning f\u00f6r garanterat skydd mot smuts, v\u00e4tska och fukt. Den sj\u00e4lvh\u00e4ftande baksidan g\u00f6r den enkel att s\u00e4tta upp och ta ned utan att l\u00e4mna n\u00e5gra limrester. F\u00e4ster dessutom p\u00e5 alla ytor, vilket g\u00f6r denna ficka idealisk till att laminera skyltar och meddelanden. Kan ocks\u00e5 l\u00e4tt tas bort eller flyttas. De rundade kanterna \u00e4r f\u00f6r bra f\u00f6rslutning och en ren och fin yta. En f\u00f6rpackning inneh\u00e5ller 100 stycken. Och de \u00e4r <span style=\"font-size: 14.4px;\">216 x 303 mm (f\u00f6r A4)\u00a0<\/span><br \/>\nPassar alla varmlamineringsmaskiner<\/p>\n","protected":false},"excerpt":{"rendered":"<p>Laminat sj\u00e4lvh\u00e4ftande baksida A4<\/p>\n","protected":false},"featured_media":8499,"template":"","meta":[],"product_brand":[],"product_cat":[68],"product_tag":[],"class_list":{"0":"post-7280","1":"product","2":"type-product","3":"status-publish","4":"has-post-thumbnail","6":"product_cat-kontorstillbehor","8":"first","9":"outofstock","10":"taxable","11":"shipping-taxable","12":"product-type-simple"},"yoast_head":"<!-- This site is optimized with the Yoast SEO Premium plugin v26.7 (Yoast SEO v26.7) - https:\/\/yoast.com\/wordpress\/plugins\/seo\/ -->\n<title>Laminat sj\u00e4lvh\u00e4ftande baksida A4 80mic (100) - LTZ33872<\/title>\n<meta name=\"description\" content=\"Laminat sj\u00e4lvh\u00e4ftande baksida A4 80mic (100) - LTZ33872. Den sj\u00e4lvh\u00e4ftande baksidan g\u00f6r den enkel att s\u00e4tta upp och ta ned utan att l\u00e4mna n\u00e5gra limrester\" \/>\n<meta name=\"robots\" content=\"index, follow, max-snippet:-1, max-image-preview:large, max-video-preview:-1\" \/>\n<link rel=\"canonical\" href=\"https:\/\/www.heddata.se\/webbutik\/produkt\/laminat-sjalvande-baksida-a4\/\" \/>\n<meta property=\"og:locale\" content=\"sv_SE\" \/>\n<meta property=\"og:type\" content=\"article\" \/>\n<meta property=\"og:title\" content=\"Laminat sj\u00e4lvh\u00e4ftande baksida A4 80mic (100) - LTZ33872\" \/>\n<meta property=\"og:description\" content=\"Laminat sj\u00e4lvh\u00e4ftande baksida A4 80mic (100) - LTZ33872. Den sj\u00e4lvh\u00e4ftande baksidan g\u00f6r den enkel att s\u00e4tta upp och ta ned utan att l\u00e4mna n\u00e5gra limrester\" \/>\n<meta property=\"og:url\" content=\"https:\/\/www.heddata.se\/webbutik\/produkt\/laminat-sjalvande-baksida-a4\/\" \/>\n<meta property=\"og:site_name\" content=\"Datorer, Skrivare, F\u00e4rgpatroner, Mobiltelefoner\" \/>\n<meta property=\"article:modified_time\" content=\"2026-04-07T16:31:33+00:00\" \/>\n<meta property=\"og:image\" content=\"https:\/\/www.heddata.se\/webbutik\/wp-content\/uploads\/webbutik\/kategorier\/Kontorstillbehor\/Laminat-sjalvhaftande-baksida-A4-80mic-100-LTZ33872.jpg\" \/>\n\t<meta property=\"og:image:width\" content=\"600\" \/>\n\t<meta property=\"og:image:height\" content=\"600\" \/>\n\t<meta property=\"og:image:type\" content=\"image\/jpeg\" \/>\n<meta name=\"twitter:card\" content=\"summary_large_image\" \/>\n<meta name=\"twitter:label1\" content=\"Ber\u00e4knad l\u00e4stid\" \/>\n\t<meta name=\"twitter:data1\" content=\"1 minut\" \/>\n<script type=\"application\/ld+json\" class=\"yoast-schema-graph\">{\"@context\":\"https:\/\/schema.org\",\"@graph\":[{\"@type\":\"WebPage\",\"@id\":\"https:\/\/www.heddata.se\/webbutik\/produkt\/laminat-sjalvande-baksida-a4\/\",\"url\":\"https:\/\/www.heddata.se\/webbutik\/produkt\/laminat-sjalvande-baksida-a4\/\",\"name\":\"Laminat sj\u00e4lvh\u00e4ftande baksida A4 80mic (100) - LTZ33872\",\"isPartOf\":{\"@id\":\"https:\/\/www.heddata.se\/webbutik\/#website\"},\"primaryImageOfPage\":{\"@id\":\"https:\/\/www.heddata.se\/webbutik\/produkt\/laminat-sjalvande-baksida-a4\/#primaryimage\"},\"image\":{\"@id\":\"https:\/\/www.heddata.se\/webbutik\/produkt\/laminat-sjalvande-baksida-a4\/#primaryimage\"},\"thumbnailUrl\":\"https:\/\/www.heddata.se\/webbutik\/wp-content\/uploads\/webbutik\/kategorier\/Kontorstillbehor\/Laminat-sjalvhaftande-baksida-A4-80mic-100-LTZ33872.jpg\",\"datePublished\":\"2019-11-20T08:07:47+00:00\",\"dateModified\":\"2026-04-07T16:31:33+00:00\",\"description\":\"Laminat sj\u00e4lvh\u00e4ftande baksida A4 80mic (100) - LTZ33872. Den sj\u00e4lvh\u00e4ftande baksidan g\u00f6r den enkel att s\u00e4tta upp och ta ned utan att l\u00e4mna n\u00e5gra limrester\",\"breadcrumb\":{\"@id\":\"https:\/\/www.heddata.se\/webbutik\/produkt\/laminat-sjalvande-baksida-a4\/#breadcrumb\"},\"inLanguage\":\"sv-SE\",\"potentialAction\":[{\"@type\":\"ReadAction\",\"target\":[\"https:\/\/www.heddata.se\/webbutik\/produkt\/laminat-sjalvande-baksida-a4\/\"]}]},{\"@type\":\"ImageObject\",\"inLanguage\":\"sv-SE\",\"@id\":\"https:\/\/www.heddata.se\/webbutik\/produkt\/laminat-sjalvande-baksida-a4\/#primaryimage\",\"url\":\"https:\/\/www.heddata.se\/webbutik\/wp-content\/uploads\/webbutik\/kategorier\/Kontorstillbehor\/Laminat-sjalvhaftande-baksida-A4-80mic-100-LTZ33872.jpg\",\"contentUrl\":\"https:\/\/www.heddata.se\/webbutik\/wp-content\/uploads\/webbutik\/kategorier\/Kontorstillbehor\/Laminat-sjalvhaftande-baksida-A4-80mic-100-LTZ33872.jpg\",\"width\":600,\"height\":600,\"caption\":\"Laminat sj\u00e4lvh\u00e4ftande baksida A4 80mic (100) - LTZ33872\"},{\"@type\":\"BreadcrumbList\",\"@id\":\"https:\/\/www.heddata.se\/webbutik\/produkt\/laminat-sjalvande-baksida-a4\/#breadcrumb\",\"itemListElement\":[{\"@type\":\"ListItem\",\"position\":1,\"name\":\"Hem\",\"item\":\"https:\/\/www.heddata.se\/webbutik\/\"},{\"@type\":\"ListItem\",\"position\":2,\"name\":\"Produkter\",\"item\":\"https:\/\/www.heddata.se\/webbutik\/shop\/\"},{\"@type\":\"ListItem\",\"position\":3,\"name\":\"Laminat sj\u00e4lvh\u00e4ftande baksida A4 80mic (100) &#8211; LTZ33872\"}]},{\"@type\":\"WebSite\",\"@id\":\"https:\/\/www.heddata.se\/webbutik\/#website\",\"url\":\"https:\/\/www.heddata.se\/webbutik\/\",\"name\":\"Datorer, Skrivare, F\u00e4rgpatroner, Mobiltelefoner\",\"description\":\"Kablar\",\"publisher\":{\"@id\":\"https:\/\/www.heddata.se\/webbutik\/#organization\"},\"potentialAction\":[{\"@type\":\"SearchAction\",\"target\":{\"@type\":\"EntryPoint\",\"urlTemplate\":\"https:\/\/www.heddata.se\/webbutik\/?s={search_term_string}\"},\"query-input\":{\"@type\":\"PropertyValueSpecification\",\"valueRequired\":true,\"valueName\":\"search_term_string\"}}],\"inLanguage\":\"sv-SE\"},{\"@type\":\"Organization\",\"@id\":\"https:\/\/www.heddata.se\/webbutik\/#organization\",\"name\":\"Heddata AB\",\"url\":\"https:\/\/www.heddata.se\/webbutik\/\",\"logo\":{\"@type\":\"ImageObject\",\"inLanguage\":\"sv-SE\",\"@id\":\"https:\/\/www.heddata.se\/webbutik\/#\/schema\/logo\/image\/\",\"url\":\"https:\/\/www.heddata.se\/webbutik\/wp-content\/uploads\/logga\/heddata-ab-logga.png\",\"contentUrl\":\"https:\/\/www.heddata.se\/webbutik\/wp-content\/uploads\/logga\/heddata-ab-logga.png\",\"width\":200,\"height\":64,\"caption\":\"Heddata AB\"},\"image\":{\"@id\":\"https:\/\/www.heddata.se\/webbutik\/#\/schema\/logo\/image\/\"}}]}<\/script>\n<!-- \/ Yoast SEO Premium plugin. -->","yoast_head_json":{"title":"Laminat sj\u00e4lvh\u00e4ftande baksida A4 80mic (100) - LTZ33872","description":"Laminat sj\u00e4lvh\u00e4ftande baksida A4 80mic (100) - LTZ33872. Den sj\u00e4lvh\u00e4ftande baksidan g\u00f6r den enkel att s\u00e4tta upp och ta ned utan att l\u00e4mna n\u00e5gra limrester","robots":{"index":"index","follow":"follow","max-snippet":"max-snippet:-1","max-image-preview":"max-image-preview:large","max-video-preview":"max-video-preview:-1"},"canonical":"https:\/\/www.heddata.se\/webbutik\/produkt\/laminat-sjalvande-baksida-a4\/","og_locale":"sv_SE","og_type":"article","og_title":"Laminat sj\u00e4lvh\u00e4ftande baksida A4 80mic (100) - LTZ33872","og_description":"Laminat sj\u00e4lvh\u00e4ftande baksida A4 80mic (100) - LTZ33872. Den sj\u00e4lvh\u00e4ftande baksidan g\u00f6r den enkel att s\u00e4tta upp och ta ned utan att l\u00e4mna n\u00e5gra limrester","og_url":"https:\/\/www.heddata.se\/webbutik\/produkt\/laminat-sjalvande-baksida-a4\/","og_site_name":"Datorer, Skrivare, F\u00e4rgpatroner, Mobiltelefoner","article_modified_time":"2026-04-07T16:31:33+00:00","og_image":[{"width":600,"height":600,"url":"https:\/\/www.heddata.se\/webbutik\/wp-content\/uploads\/webbutik\/kategorier\/Kontorstillbehor\/Laminat-sjalvhaftande-baksida-A4-80mic-100-LTZ33872.jpg","type":"image\/jpeg"}],"twitter_card":"summary_large_image","twitter_misc":{"Ber\u00e4knad l\u00e4stid":"1 minut"},"schema":{"@context":"https:\/\/schema.org","@graph":[{"@type":"WebPage","@id":"https:\/\/www.heddata.se\/webbutik\/produkt\/laminat-sjalvande-baksida-a4\/","url":"https:\/\/www.heddata.se\/webbutik\/produkt\/laminat-sjalvande-baksida-a4\/","name":"Laminat sj\u00e4lvh\u00e4ftande baksida A4 80mic (100) - LTZ33872","isPartOf":{"@id":"https:\/\/www.heddata.se\/webbutik\/#website"},"primaryImageOfPage":{"@id":"https:\/\/www.heddata.se\/webbutik\/produkt\/laminat-sjalvande-baksida-a4\/#primaryimage"},"image":{"@id":"https:\/\/www.heddata.se\/webbutik\/produkt\/laminat-sjalvande-baksida-a4\/#primaryimage"},"thumbnailUrl":"https:\/\/www.heddata.se\/webbutik\/wp-content\/uploads\/webbutik\/kategorier\/Kontorstillbehor\/Laminat-sjalvhaftande-baksida-A4-80mic-100-LTZ33872.jpg","datePublished":"2019-11-20T08:07:47+00:00","dateModified":"2026-04-07T16:31:33+00:00","description":"Laminat sj\u00e4lvh\u00e4ftande baksida A4 80mic (100) - LTZ33872. Den sj\u00e4lvh\u00e4ftande baksidan g\u00f6r den enkel att s\u00e4tta upp och ta ned utan att l\u00e4mna n\u00e5gra limrester","breadcrumb":{"@id":"https:\/\/www.heddata.se\/webbutik\/produkt\/laminat-sjalvande-baksida-a4\/#breadcrumb"},"inLanguage":"sv-SE","potentialAction":[{"@type":"ReadAction","target":["https:\/\/www.heddata.se\/webbutik\/produkt\/laminat-sjalvande-baksida-a4\/"]}]},{"@type":"ImageObject","inLanguage":"sv-SE","@id":"https:\/\/www.heddata.se\/webbutik\/produkt\/laminat-sjalvande-baksida-a4\/#primaryimage","url":"https:\/\/www.heddata.se\/webbutik\/wp-content\/uploads\/webbutik\/kategorier\/Kontorstillbehor\/Laminat-sjalvhaftande-baksida-A4-80mic-100-LTZ33872.jpg","contentUrl":"https:\/\/www.heddata.se\/webbutik\/wp-content\/uploads\/webbutik\/kategorier\/Kontorstillbehor\/Laminat-sjalvhaftande-baksida-A4-80mic-100-LTZ33872.jpg","width":600,"height":600,"caption":"Laminat sj\u00e4lvh\u00e4ftande baksida A4 80mic (100) - LTZ33872"},{"@type":"BreadcrumbList","@id":"https:\/\/www.heddata.se\/webbutik\/produkt\/laminat-sjalvande-baksida-a4\/#breadcrumb","itemListElement":[{"@type":"ListItem","position":1,"name":"Hem","item":"https:\/\/www.heddata.se\/webbutik\/"},{"@type":"ListItem","position":2,"name":"Produkter","item":"https:\/\/www.heddata.se\/webbutik\/shop\/"},{"@type":"ListItem","position":3,"name":"Laminat sj\u00e4lvh\u00e4ftande baksida A4 80mic (100) &#8211; LTZ33872"}]},{"@type":"WebSite","@id":"https:\/\/www.heddata.se\/webbutik\/#website","url":"https:\/\/www.heddata.se\/webbutik\/","name":"Datorer, Skrivare, F\u00e4rgpatroner, Mobiltelefoner","description":"Kablar","publisher":{"@id":"https:\/\/www.heddata.se\/webbutik\/#organization"},"potentialAction":[{"@type":"SearchAction","target":{"@type":"EntryPoint","urlTemplate":"https:\/\/www.heddata.se\/webbutik\/?s={search_term_string}"},"query-input":{"@type":"PropertyValueSpecification","valueRequired":true,"valueName":"search_term_string"}}],"inLanguage":"sv-SE"},{"@type":"Organization","@id":"https:\/\/www.heddata.se\/webbutik\/#organization","name":"Heddata AB","url":"https:\/\/www.heddata.se\/webbutik\/","logo":{"@type":"ImageObject","inLanguage":"sv-SE","@id":"https:\/\/www.heddata.se\/webbutik\/#\/schema\/logo\/image\/","url":"https:\/\/www.heddata.se\/webbutik\/wp-content\/uploads\/logga\/heddata-ab-logga.png","contentUrl":"https:\/\/www.heddata.se\/webbutik\/wp-content\/uploads\/logga\/heddata-ab-logga.png","width":200,"height":64,"caption":"Heddata AB"},"image":{"@id":"https:\/\/www.heddata.se\/webbutik\/#\/schema\/logo\/image\/"}}]}},"_links":{"self":[{"href":"https:\/\/www.heddata.se\/webbutik\/wp-json\/wp\/v2\/product\/7280","targetHints":{"allow":["GET"]}}],"collection":[{"href":"https:\/\/www.heddata.se\/webbutik\/wp-json\/wp\/v2\/product"}],"about":[{"href":"https:\/\/www.heddata.se\/webbutik\/wp-json\/wp\/v2\/types\/product"}],"wp:featuredmedia":[{"embeddable":true,"href":"https:\/\/www.heddata.se\/webbutik\/wp-json\/wp\/v2\/media\/8499"}],"wp:attachment":[{"href":"https:\/\/www.heddata.se\/webbutik\/wp-json\/wp\/v2\/media?parent=7280"}],"wp:term":[{"taxonomy":"product_brand","embeddable":true,"href":"https:\/\/www.heddata.se\/webbutik\/wp-json\/wp\/v2\/product_brand?post=7280"},{"taxonomy":"product_cat","embeddable":true,"href":"https:\/\/www.heddata.se\/webbutik\/wp-json\/wp\/v2\/product_cat?post=7280"},{"taxonomy":"product_tag","embeddable":true,"href":"https:\/\/www.heddata.se\/webbutik\/wp-json\/wp\/v2\/product_tag?post=7280"}],"curies":[{"name":"wp","href":"https:\/\/api.w.org\/{rel}","templated":true}]}}