{"id":72350,"date":"2020-03-11T11:18:28","date_gmt":"2020-03-11T10:18:28","guid":{"rendered":"https:\/\/www.heddata.se\/webbutik\/?post_type=product&#038;p=72350"},"modified":"2026-05-08T18:12:09","modified_gmt":"2026-05-08T16:12:09","slug":"3m-peltor-vindskydd-m60-2","status":"publish","type":"product","link":"https:\/\/www.heddata.se\/webbutik\/produkt\/3m-peltor-vindskydd-m60-2\/","title":{"rendered":"3M Peltor vindskydd M60\/2"},"content":{"rendered":"<h4>3M Peltor vindskydd M60\/2<\/h4>\n<p>3M Peltor vindskydd M60\/2. Effektivt vindskydd f\u00f6r medh\u00f6rning.<\/p>\n<p>Vindskydd f\u00f6r mikrofon som tar bort st\u00f6rningar vid \u00f6verf\u00f6ring, f\u00f6r anv\u00e4ndning med 3M\u2122 PELTOR\u2122 Alert LiteCom-, ProTac III- och ComTac XPI-headset. Satsen inneh\u00e5ller f\u00e4stkl\u00e4mma<\/p>\n<h4>Kompatibilitet:<\/h4>\n<p>Peltor Alert<br \/>\n<a href=\"https:\/\/www.heddata.se\/webbutik\/produkt\/peltor-ws-alert-xp\/\">Peltor<\/a> WS Alert XP<br \/>\nPeltor WS Alert A2DP<br \/>\nPeltor WS Lite-Com Bluetooth<br \/>\nPeltor WS ProTac XP<br \/>\n<a href=\"https:\/\/www.3msverige.se\/3M\/sv_SE\/company-ndc\/\" target=\"_blank\" rel=\"noopener noreferrer\">Peltor<\/a> WS ProTac XP Flex<br \/>\nPeltor WS ProTac XP EX<\/p>\n","protected":false},"excerpt":{"rendered":"<h4>3M Peltor vindskydd M60\/2<\/h4>\n","protected":false},"featured_media":72576,"template":"","meta":[],"product_brand":[],"product_cat":[128,119],"product_tag":[],"class_list":{"0":"post-72350","1":"product","2":"type-product","3":"status-publish","4":"has-post-thumbnail","6":"product_cat-headset-horlurar-med-bluetooth","7":"product_cat-horlurar-headset","9":"first","10":"instock","11":"taxable","12":"shipping-taxable","13":"purchasable","14":"product-type-simple"},"yoast_head":"<!-- This site is optimized with the Yoast SEO Premium plugin v26.7 (Yoast SEO v26.7) - https:\/\/yoast.com\/wordpress\/plugins\/seo\/ -->\n<title>3M Peltor vindskydd M60\/2 effektivt vindskydd f\u00f6r medh\u00f6rning.<\/title>\n<meta name=\"description\" content=\"3M Peltor vindskydd M60\/2 effektivt vindskydd f\u00f6r medh\u00f6rning. F\u00f6rb\u00e4ttrar kommunikations\u00f6verf\u00f6ring genom att avl\u00e4gsna buller och st\u00f6rande vind\" \/>\n<meta name=\"robots\" content=\"index, follow, max-snippet:-1, max-image-preview:large, max-video-preview:-1\" \/>\n<link rel=\"canonical\" href=\"https:\/\/www.heddata.se\/webbutik\/produkt\/3m-peltor-vindskydd-m60-2\/\" \/>\n<meta property=\"og:locale\" content=\"sv_SE\" \/>\n<meta property=\"og:type\" content=\"article\" \/>\n<meta property=\"og:title\" content=\"3M Peltor vindskydd M60\/2\" \/>\n<meta property=\"og:description\" content=\"3M Peltor vindskydd M60\/2 effektivt vindskydd f\u00f6r medh\u00f6rning. F\u00f6rb\u00e4ttrar kommunikations\u00f6verf\u00f6ring genom att avl\u00e4gsna buller och st\u00f6rande vind\" \/>\n<meta property=\"og:url\" content=\"https:\/\/www.heddata.se\/webbutik\/produkt\/3m-peltor-vindskydd-m60-2\/\" \/>\n<meta property=\"og:site_name\" content=\"Datorer, Skrivare, F\u00e4rgpatroner, Mobiltelefoner\" \/>\n<meta property=\"article:modified_time\" content=\"2026-05-08T16:12:09+00:00\" \/>\n<meta property=\"og:image\" content=\"https:\/\/www.heddata.se\/webbutik\/wp-content\/uploads\/webbutik\/kategorier\/horlurar\/peltor-m60.jpg\" \/>\n\t<meta property=\"og:image:width\" content=\"232\" \/>\n\t<meta property=\"og:image:height\" content=\"232\" \/>\n\t<meta property=\"og:image:type\" content=\"image\/jpeg\" \/>\n<meta name=\"twitter:card\" content=\"summary_large_image\" \/>\n<script type=\"application\/ld+json\" class=\"yoast-schema-graph\">{\"@context\":\"https:\/\/schema.org\",\"@graph\":[{\"@type\":\"WebPage\",\"@id\":\"https:\/\/www.heddata.se\/webbutik\/produkt\/3m-peltor-vindskydd-m60-2\/\",\"url\":\"https:\/\/www.heddata.se\/webbutik\/produkt\/3m-peltor-vindskydd-m60-2\/\",\"name\":\"3M Peltor vindskydd M60\/2 effektivt vindskydd f\u00f6r medh\u00f6rning.\",\"isPartOf\":{\"@id\":\"https:\/\/www.heddata.se\/webbutik\/#website\"},\"primaryImageOfPage\":{\"@id\":\"https:\/\/www.heddata.se\/webbutik\/produkt\/3m-peltor-vindskydd-m60-2\/#primaryimage\"},\"image\":{\"@id\":\"https:\/\/www.heddata.se\/webbutik\/produkt\/3m-peltor-vindskydd-m60-2\/#primaryimage\"},\"thumbnailUrl\":\"https:\/\/www.heddata.se\/webbutik\/wp-content\/uploads\/webbutik\/kategorier\/horlurar\/peltor-m60.jpg\",\"datePublished\":\"2020-03-11T10:18:28+00:00\",\"dateModified\":\"2026-05-08T16:12:09+00:00\",\"description\":\"3M Peltor vindskydd M60\/2 effektivt vindskydd f\u00f6r medh\u00f6rning. F\u00f6rb\u00e4ttrar kommunikations\u00f6verf\u00f6ring genom att avl\u00e4gsna buller och st\u00f6rande vind\",\"breadcrumb\":{\"@id\":\"https:\/\/www.heddata.se\/webbutik\/produkt\/3m-peltor-vindskydd-m60-2\/#breadcrumb\"},\"inLanguage\":\"sv-SE\",\"potentialAction\":[{\"@type\":\"ReadAction\",\"target\":[\"https:\/\/www.heddata.se\/webbutik\/produkt\/3m-peltor-vindskydd-m60-2\/\"]}]},{\"@type\":\"ImageObject\",\"inLanguage\":\"sv-SE\",\"@id\":\"https:\/\/www.heddata.se\/webbutik\/produkt\/3m-peltor-vindskydd-m60-2\/#primaryimage\",\"url\":\"https:\/\/www.heddata.se\/webbutik\/wp-content\/uploads\/webbutik\/kategorier\/horlurar\/peltor-m60.jpg\",\"contentUrl\":\"https:\/\/www.heddata.se\/webbutik\/wp-content\/uploads\/webbutik\/kategorier\/horlurar\/peltor-m60.jpg\",\"width\":232,\"height\":232,\"caption\":\"3M Peltor vindskydd M60\/2\"},{\"@type\":\"BreadcrumbList\",\"@id\":\"https:\/\/www.heddata.se\/webbutik\/produkt\/3m-peltor-vindskydd-m60-2\/#breadcrumb\",\"itemListElement\":[{\"@type\":\"ListItem\",\"position\":1,\"name\":\"Hem\",\"item\":\"https:\/\/www.heddata.se\/webbutik\/\"},{\"@type\":\"ListItem\",\"position\":2,\"name\":\"Produkter\",\"item\":\"https:\/\/www.heddata.se\/webbutik\/shop\/\"},{\"@type\":\"ListItem\",\"position\":3,\"name\":\"3M Peltor vindskydd M60\/2\"}]},{\"@type\":\"WebSite\",\"@id\":\"https:\/\/www.heddata.se\/webbutik\/#website\",\"url\":\"https:\/\/www.heddata.se\/webbutik\/\",\"name\":\"Datorer, Skrivare, F\u00e4rgpatroner, Mobiltelefoner\",\"description\":\"Kablar\",\"publisher\":{\"@id\":\"https:\/\/www.heddata.se\/webbutik\/#organization\"},\"potentialAction\":[{\"@type\":\"SearchAction\",\"target\":{\"@type\":\"EntryPoint\",\"urlTemplate\":\"https:\/\/www.heddata.se\/webbutik\/?s={search_term_string}\"},\"query-input\":{\"@type\":\"PropertyValueSpecification\",\"valueRequired\":true,\"valueName\":\"search_term_string\"}}],\"inLanguage\":\"sv-SE\"},{\"@type\":\"Organization\",\"@id\":\"https:\/\/www.heddata.se\/webbutik\/#organization\",\"name\":\"Heddata AB\",\"url\":\"https:\/\/www.heddata.se\/webbutik\/\",\"logo\":{\"@type\":\"ImageObject\",\"inLanguage\":\"sv-SE\",\"@id\":\"https:\/\/www.heddata.se\/webbutik\/#\/schema\/logo\/image\/\",\"url\":\"https:\/\/www.heddata.se\/webbutik\/wp-content\/uploads\/logga\/heddata-ab-logga.png\",\"contentUrl\":\"https:\/\/www.heddata.se\/webbutik\/wp-content\/uploads\/logga\/heddata-ab-logga.png\",\"width\":200,\"height\":64,\"caption\":\"Heddata AB\"},\"image\":{\"@id\":\"https:\/\/www.heddata.se\/webbutik\/#\/schema\/logo\/image\/\"}}]}<\/script>\n<!-- \/ Yoast SEO Premium plugin. -->","yoast_head_json":{"title":"3M Peltor vindskydd M60\/2 effektivt vindskydd f\u00f6r medh\u00f6rning.","description":"3M Peltor vindskydd M60\/2 effektivt vindskydd f\u00f6r medh\u00f6rning. F\u00f6rb\u00e4ttrar kommunikations\u00f6verf\u00f6ring genom att avl\u00e4gsna buller och st\u00f6rande vind","robots":{"index":"index","follow":"follow","max-snippet":"max-snippet:-1","max-image-preview":"max-image-preview:large","max-video-preview":"max-video-preview:-1"},"canonical":"https:\/\/www.heddata.se\/webbutik\/produkt\/3m-peltor-vindskydd-m60-2\/","og_locale":"sv_SE","og_type":"article","og_title":"3M Peltor vindskydd M60\/2","og_description":"3M Peltor vindskydd M60\/2 effektivt vindskydd f\u00f6r medh\u00f6rning. F\u00f6rb\u00e4ttrar kommunikations\u00f6verf\u00f6ring genom att avl\u00e4gsna buller och st\u00f6rande vind","og_url":"https:\/\/www.heddata.se\/webbutik\/produkt\/3m-peltor-vindskydd-m60-2\/","og_site_name":"Datorer, Skrivare, F\u00e4rgpatroner, Mobiltelefoner","article_modified_time":"2026-05-08T16:12:09+00:00","og_image":[{"width":232,"height":232,"url":"https:\/\/www.heddata.se\/webbutik\/wp-content\/uploads\/webbutik\/kategorier\/horlurar\/peltor-m60.jpg","type":"image\/jpeg"}],"twitter_card":"summary_large_image","schema":{"@context":"https:\/\/schema.org","@graph":[{"@type":"WebPage","@id":"https:\/\/www.heddata.se\/webbutik\/produkt\/3m-peltor-vindskydd-m60-2\/","url":"https:\/\/www.heddata.se\/webbutik\/produkt\/3m-peltor-vindskydd-m60-2\/","name":"3M Peltor vindskydd M60\/2 effektivt vindskydd f\u00f6r medh\u00f6rning.","isPartOf":{"@id":"https:\/\/www.heddata.se\/webbutik\/#website"},"primaryImageOfPage":{"@id":"https:\/\/www.heddata.se\/webbutik\/produkt\/3m-peltor-vindskydd-m60-2\/#primaryimage"},"image":{"@id":"https:\/\/www.heddata.se\/webbutik\/produkt\/3m-peltor-vindskydd-m60-2\/#primaryimage"},"thumbnailUrl":"https:\/\/www.heddata.se\/webbutik\/wp-content\/uploads\/webbutik\/kategorier\/horlurar\/peltor-m60.jpg","datePublished":"2020-03-11T10:18:28+00:00","dateModified":"2026-05-08T16:12:09+00:00","description":"3M Peltor vindskydd M60\/2 effektivt vindskydd f\u00f6r medh\u00f6rning. F\u00f6rb\u00e4ttrar kommunikations\u00f6verf\u00f6ring genom att avl\u00e4gsna buller och st\u00f6rande vind","breadcrumb":{"@id":"https:\/\/www.heddata.se\/webbutik\/produkt\/3m-peltor-vindskydd-m60-2\/#breadcrumb"},"inLanguage":"sv-SE","potentialAction":[{"@type":"ReadAction","target":["https:\/\/www.heddata.se\/webbutik\/produkt\/3m-peltor-vindskydd-m60-2\/"]}]},{"@type":"ImageObject","inLanguage":"sv-SE","@id":"https:\/\/www.heddata.se\/webbutik\/produkt\/3m-peltor-vindskydd-m60-2\/#primaryimage","url":"https:\/\/www.heddata.se\/webbutik\/wp-content\/uploads\/webbutik\/kategorier\/horlurar\/peltor-m60.jpg","contentUrl":"https:\/\/www.heddata.se\/webbutik\/wp-content\/uploads\/webbutik\/kategorier\/horlurar\/peltor-m60.jpg","width":232,"height":232,"caption":"3M Peltor vindskydd M60\/2"},{"@type":"BreadcrumbList","@id":"https:\/\/www.heddata.se\/webbutik\/produkt\/3m-peltor-vindskydd-m60-2\/#breadcrumb","itemListElement":[{"@type":"ListItem","position":1,"name":"Hem","item":"https:\/\/www.heddata.se\/webbutik\/"},{"@type":"ListItem","position":2,"name":"Produkter","item":"https:\/\/www.heddata.se\/webbutik\/shop\/"},{"@type":"ListItem","position":3,"name":"3M Peltor vindskydd M60\/2"}]},{"@type":"WebSite","@id":"https:\/\/www.heddata.se\/webbutik\/#website","url":"https:\/\/www.heddata.se\/webbutik\/","name":"Datorer, Skrivare, F\u00e4rgpatroner, Mobiltelefoner","description":"Kablar","publisher":{"@id":"https:\/\/www.heddata.se\/webbutik\/#organization"},"potentialAction":[{"@type":"SearchAction","target":{"@type":"EntryPoint","urlTemplate":"https:\/\/www.heddata.se\/webbutik\/?s={search_term_string}"},"query-input":{"@type":"PropertyValueSpecification","valueRequired":true,"valueName":"search_term_string"}}],"inLanguage":"sv-SE"},{"@type":"Organization","@id":"https:\/\/www.heddata.se\/webbutik\/#organization","name":"Heddata AB","url":"https:\/\/www.heddata.se\/webbutik\/","logo":{"@type":"ImageObject","inLanguage":"sv-SE","@id":"https:\/\/www.heddata.se\/webbutik\/#\/schema\/logo\/image\/","url":"https:\/\/www.heddata.se\/webbutik\/wp-content\/uploads\/logga\/heddata-ab-logga.png","contentUrl":"https:\/\/www.heddata.se\/webbutik\/wp-content\/uploads\/logga\/heddata-ab-logga.png","width":200,"height":64,"caption":"Heddata AB"},"image":{"@id":"https:\/\/www.heddata.se\/webbutik\/#\/schema\/logo\/image\/"}}]}},"_links":{"self":[{"href":"https:\/\/www.heddata.se\/webbutik\/wp-json\/wp\/v2\/product\/72350","targetHints":{"allow":["GET"]}}],"collection":[{"href":"https:\/\/www.heddata.se\/webbutik\/wp-json\/wp\/v2\/product"}],"about":[{"href":"https:\/\/www.heddata.se\/webbutik\/wp-json\/wp\/v2\/types\/product"}],"wp:featuredmedia":[{"embeddable":true,"href":"https:\/\/www.heddata.se\/webbutik\/wp-json\/wp\/v2\/media\/72576"}],"wp:attachment":[{"href":"https:\/\/www.heddata.se\/webbutik\/wp-json\/wp\/v2\/media?parent=72350"}],"wp:term":[{"taxonomy":"product_brand","embeddable":true,"href":"https:\/\/www.heddata.se\/webbutik\/wp-json\/wp\/v2\/product_brand?post=72350"},{"taxonomy":"product_cat","embeddable":true,"href":"https:\/\/www.heddata.se\/webbutik\/wp-json\/wp\/v2\/product_cat?post=72350"},{"taxonomy":"product_tag","embeddable":true,"href":"https:\/\/www.heddata.se\/webbutik\/wp-json\/wp\/v2\/product_tag?post=72350"}],"curies":[{"name":"wp","href":"https:\/\/api.w.org\/{rel}","templated":true}]}}