{"id":7229,"date":"2019-11-20T09:07:38","date_gmt":"2019-11-20T08:07:38","guid":{"rendered":"https:\/\/www.heddata.se\/webbutik\/?post_type=product&#038;p=7229"},"modified":"2026-04-03T18:11:49","modified_gmt":"2026-04-03T16:11:49","slug":"aktiv-inomhusantenn-for-uhf-och-det-digitala-marknatet","status":"publish","type":"product","link":"https:\/\/www.heddata.se\/webbutik\/produkt\/aktiv-inomhusantenn-for-uhf-och-det-digitala-marknatet\/","title":{"rendered":"AKTIV INOMHUSANTENN F\u00d6R UHF OCH DET DIGITALA MARKN\u00c4TET"},"content":{"rendered":"<p>AKTIV INOMHUSANTENN F\u00d6R UHF OCH DET DIGITALA MARKN\u00c4TET<\/p>\n<p><a href=\"https:\/\/www.televes.com\/se\" target=\"_blank\" rel=\"noopener noreferrer\">Telev\u00e9s<\/a> Mira \u00e4r en mycket speciell <a href=\"https:\/\/www.heddata.se\/webbutik\/produkt-kategori\/antenn\/\">inomhusantenn,<\/a> utvecklad f\u00f6r det svenska markn\u00e4tets digitala 8k-signaler.<\/p>\n<p>Antennen \u00e4r uppbyggd med 7 element i stripline-teknik. Genom detta uppn\u00e5r man en mycket h\u00f6g effektivitet i mottagningen. D\u00e4refter passerar signalen i en nyutvecklad l\u00e5gbrusf\u00f6rst\u00e4rkare d\u00e4r o\u00f6nskade st\u00f6rningar typ GSM, elimineras. En h\u00f6gre riktverkan och d\u00e4rigenom b\u00e4ttre bild f\u00e5r man genom att plattan med stripline-elementen \u00e4r vridbar. F\u00f6rst\u00e4rkningen totalt \u00e4r p\u00e5 h\u00f6ga 40dB<\/p>\n<p>Mycket h\u00f6g f\u00f6rst\u00e4rkning<br \/>\nL\u00e5gt brustal<br \/>\nSnyggt och kompakt utf\u00f6rande p\u00e5 antennen<br \/>\nSp\u00e4rr f\u00f6r GSM, FM ISM m.m.<br \/>\nL\u00e5g str\u00f6mf\u00f6rbrukning<br \/>\nSeparat passing\u00e5ng f\u00f6r andra signaler<br \/>\nF\u00f6rst\u00e4rkningsreglering<br \/>\nJ\u00e4mn frekvensg\u00e5ng<br \/>\nStr\u00f6mf\u00f6rs\u00f6rjs via n\u00e4tadapter (ing\u00e5r)<\/p>\n<p>Paketet inneh\u00e5ller:<br \/>\nAntennen<br \/>\nPower supply<br \/>\nCable<br \/>\nManual included<\/p>\n<p>Mottagningsdel:<br \/>\nF\u00f6rst\u00e4rkning:<br \/>\n7,5 dBi vid 860 MHz<br \/>\n4,5 dBi vid 470 MHz<br \/>\nF\/B:<br \/>\n10dB vid 750MHz<br \/>\n6dB vid 470MHz<br \/>\nDiameter 20cm<\/p>\n<h3><span style=\"font-size: 20.16px\">\u00a0<\/span><\/h3>\n<p id=\"rmjs-2\" class=\"readmore\" style=\"margin: 0px 0px 12px;max-height: none;overflow: hidden;color: #444444;font-family: Roboto, sans-serif;font-size: 16px;font-style: normal;font-weight: 300;letter-spacing: normal;text-align: start;text-indent: 0px;text-transform: none;background-color: #ffffff;height: 215px\" data-read-more-label=\"l\u00e4s mer &gt;&gt;\" data-read-less-label=\"Visa mindre\" data-readmore=\"\">\n","protected":false},"excerpt":{"rendered":"<p>AKTIV INOMHUSANTENN F\u00d6R UHF OCH DET DIGITALA MARKN\u00c4TET<\/p>\n","protected":false},"featured_media":43034,"template":"","meta":[],"product_brand":[],"product_cat":[2260],"product_tag":[],"class_list":{"0":"post-7229","1":"product","2":"type-product","3":"status-publish","4":"has-post-thumbnail","6":"product_cat-antenn","8":"first","9":"instock","10":"taxable","11":"shipping-taxable","12":"purchasable","13":"product-type-simple"},"yoast_head":"<!-- This site is optimized with the Yoast SEO Premium plugin v26.7 (Yoast SEO v26.7) - https:\/\/yoast.com\/wordpress\/plugins\/seo\/ -->\n<title>AKTIV INOMHUSANTENN F\u00d6R UHF OCH DET DIGITALA MARKN\u00c4TET<\/title>\n<meta name=\"description\" content=\"AKTIV INOMHUSANTENN F\u00d6R UHF OCH DET DIGITALA MARKN\u00c4TET 25 dB FM \/ VHF \/ UHF utvecklad f\u00f6r det svenska markn\u00e4tets digitala 8k-signaler.\" \/>\n<meta name=\"robots\" content=\"index, follow, max-snippet:-1, max-image-preview:large, max-video-preview:-1\" \/>\n<link rel=\"canonical\" href=\"https:\/\/www.heddata.se\/webbutik\/produkt\/aktiv-inomhusantenn-for-uhf-och-det-digitala-marknatet\/\" \/>\n<meta property=\"og:locale\" content=\"sv_SE\" \/>\n<meta property=\"og:type\" content=\"article\" \/>\n<meta property=\"og:title\" content=\"AKTIV INOMHUSANTENN F\u00d6R UHF OCH DET DIGITALA MARKN\u00c4TET\" \/>\n<meta property=\"og:description\" content=\"AKTIV INOMHUSANTENN F\u00d6R UHF OCH DET DIGITALA MARKN\u00c4TET 25 dB FM \/ VHF \/ UHF utvecklad f\u00f6r det svenska markn\u00e4tets digitala 8k-signaler.\" \/>\n<meta property=\"og:url\" content=\"https:\/\/www.heddata.se\/webbutik\/produkt\/aktiv-inomhusantenn-for-uhf-och-det-digitala-marknatet\/\" \/>\n<meta property=\"og:site_name\" content=\"Datorer, Skrivare, F\u00e4rgpatroner, Mobiltelefoner\" \/>\n<meta property=\"article:modified_time\" content=\"2026-04-03T16:11:49+00:00\" \/>\n<meta property=\"og:image\" content=\"https:\/\/www.heddata.se\/webbutik\/wp-content\/uploads\/televes-F1961301.jpg\" \/>\n\t<meta property=\"og:image:width\" content=\"2187\" \/>\n\t<meta property=\"og:image:height\" content=\"2187\" \/>\n\t<meta property=\"og:image:type\" content=\"image\/jpeg\" \/>\n<meta name=\"twitter:card\" content=\"summary_large_image\" \/>\n<meta name=\"twitter:label1\" content=\"Ber\u00e4knad l\u00e4stid\" \/>\n\t<meta name=\"twitter:data1\" content=\"1 minut\" \/>\n<script type=\"application\/ld+json\" class=\"yoast-schema-graph\">{\"@context\":\"https:\/\/schema.org\",\"@graph\":[{\"@type\":\"WebPage\",\"@id\":\"https:\/\/www.heddata.se\/webbutik\/produkt\/aktiv-inomhusantenn-for-uhf-och-det-digitala-marknatet\/\",\"url\":\"https:\/\/www.heddata.se\/webbutik\/produkt\/aktiv-inomhusantenn-for-uhf-och-det-digitala-marknatet\/\",\"name\":\"AKTIV INOMHUSANTENN F\u00d6R UHF OCH DET DIGITALA MARKN\u00c4TET\",\"isPartOf\":{\"@id\":\"https:\/\/www.heddata.se\/webbutik\/#website\"},\"primaryImageOfPage\":{\"@id\":\"https:\/\/www.heddata.se\/webbutik\/produkt\/aktiv-inomhusantenn-for-uhf-och-det-digitala-marknatet\/#primaryimage\"},\"image\":{\"@id\":\"https:\/\/www.heddata.se\/webbutik\/produkt\/aktiv-inomhusantenn-for-uhf-och-det-digitala-marknatet\/#primaryimage\"},\"thumbnailUrl\":\"https:\/\/www.heddata.se\/webbutik\/wp-content\/uploads\/televes-F1961301.jpg\",\"datePublished\":\"2019-11-20T08:07:38+00:00\",\"dateModified\":\"2026-04-03T16:11:49+00:00\",\"description\":\"AKTIV INOMHUSANTENN F\u00d6R UHF OCH DET DIGITALA MARKN\u00c4TET 25 dB FM \/ VHF \/ UHF utvecklad f\u00f6r det svenska markn\u00e4tets digitala 8k-signaler.\",\"breadcrumb\":{\"@id\":\"https:\/\/www.heddata.se\/webbutik\/produkt\/aktiv-inomhusantenn-for-uhf-och-det-digitala-marknatet\/#breadcrumb\"},\"inLanguage\":\"sv-SE\",\"potentialAction\":[{\"@type\":\"ReadAction\",\"target\":[\"https:\/\/www.heddata.se\/webbutik\/produkt\/aktiv-inomhusantenn-for-uhf-och-det-digitala-marknatet\/\"]}]},{\"@type\":\"ImageObject\",\"inLanguage\":\"sv-SE\",\"@id\":\"https:\/\/www.heddata.se\/webbutik\/produkt\/aktiv-inomhusantenn-for-uhf-och-det-digitala-marknatet\/#primaryimage\",\"url\":\"https:\/\/www.heddata.se\/webbutik\/wp-content\/uploads\/televes-F1961301.jpg\",\"contentUrl\":\"https:\/\/www.heddata.se\/webbutik\/wp-content\/uploads\/televes-F1961301.jpg\",\"width\":2187,\"height\":2187,\"caption\":\"AKTIV INOMHUSANTENN F\u00d6R UHF OCH DET DIGITALA MARKN\u00c4TET\"},{\"@type\":\"BreadcrumbList\",\"@id\":\"https:\/\/www.heddata.se\/webbutik\/produkt\/aktiv-inomhusantenn-for-uhf-och-det-digitala-marknatet\/#breadcrumb\",\"itemListElement\":[{\"@type\":\"ListItem\",\"position\":1,\"name\":\"Hem\",\"item\":\"https:\/\/www.heddata.se\/webbutik\/\"},{\"@type\":\"ListItem\",\"position\":2,\"name\":\"Produkter\",\"item\":\"https:\/\/www.heddata.se\/webbutik\/shop\/\"},{\"@type\":\"ListItem\",\"position\":3,\"name\":\"AKTIV INOMHUSANTENN F\u00d6R UHF OCH DET DIGITALA MARKN\u00c4TET\"}]},{\"@type\":\"WebSite\",\"@id\":\"https:\/\/www.heddata.se\/webbutik\/#website\",\"url\":\"https:\/\/www.heddata.se\/webbutik\/\",\"name\":\"Datorer, Skrivare, F\u00e4rgpatroner, Mobiltelefoner\",\"description\":\"Kablar\",\"publisher\":{\"@id\":\"https:\/\/www.heddata.se\/webbutik\/#organization\"},\"potentialAction\":[{\"@type\":\"SearchAction\",\"target\":{\"@type\":\"EntryPoint\",\"urlTemplate\":\"https:\/\/www.heddata.se\/webbutik\/?s={search_term_string}\"},\"query-input\":{\"@type\":\"PropertyValueSpecification\",\"valueRequired\":true,\"valueName\":\"search_term_string\"}}],\"inLanguage\":\"sv-SE\"},{\"@type\":\"Organization\",\"@id\":\"https:\/\/www.heddata.se\/webbutik\/#organization\",\"name\":\"Heddata AB\",\"url\":\"https:\/\/www.heddata.se\/webbutik\/\",\"logo\":{\"@type\":\"ImageObject\",\"inLanguage\":\"sv-SE\",\"@id\":\"https:\/\/www.heddata.se\/webbutik\/#\/schema\/logo\/image\/\",\"url\":\"https:\/\/www.heddata.se\/webbutik\/wp-content\/uploads\/logga\/heddata-ab-logga.png\",\"contentUrl\":\"https:\/\/www.heddata.se\/webbutik\/wp-content\/uploads\/logga\/heddata-ab-logga.png\",\"width\":200,\"height\":64,\"caption\":\"Heddata AB\"},\"image\":{\"@id\":\"https:\/\/www.heddata.se\/webbutik\/#\/schema\/logo\/image\/\"}}]}<\/script>\n<!-- \/ Yoast SEO Premium plugin. -->","yoast_head_json":{"title":"AKTIV INOMHUSANTENN F\u00d6R UHF OCH DET DIGITALA MARKN\u00c4TET","description":"AKTIV INOMHUSANTENN F\u00d6R UHF OCH DET DIGITALA MARKN\u00c4TET 25 dB FM \/ VHF \/ UHF utvecklad f\u00f6r det svenska markn\u00e4tets digitala 8k-signaler.","robots":{"index":"index","follow":"follow","max-snippet":"max-snippet:-1","max-image-preview":"max-image-preview:large","max-video-preview":"max-video-preview:-1"},"canonical":"https:\/\/www.heddata.se\/webbutik\/produkt\/aktiv-inomhusantenn-for-uhf-och-det-digitala-marknatet\/","og_locale":"sv_SE","og_type":"article","og_title":"AKTIV INOMHUSANTENN F\u00d6R UHF OCH DET DIGITALA MARKN\u00c4TET","og_description":"AKTIV INOMHUSANTENN F\u00d6R UHF OCH DET DIGITALA MARKN\u00c4TET 25 dB FM \/ VHF \/ UHF utvecklad f\u00f6r det svenska markn\u00e4tets digitala 8k-signaler.","og_url":"https:\/\/www.heddata.se\/webbutik\/produkt\/aktiv-inomhusantenn-for-uhf-och-det-digitala-marknatet\/","og_site_name":"Datorer, Skrivare, F\u00e4rgpatroner, Mobiltelefoner","article_modified_time":"2026-04-03T16:11:49+00:00","og_image":[{"width":2187,"height":2187,"url":"https:\/\/www.heddata.se\/webbutik\/wp-content\/uploads\/televes-F1961301.jpg","type":"image\/jpeg"}],"twitter_card":"summary_large_image","twitter_misc":{"Ber\u00e4knad l\u00e4stid":"1 minut"},"schema":{"@context":"https:\/\/schema.org","@graph":[{"@type":"WebPage","@id":"https:\/\/www.heddata.se\/webbutik\/produkt\/aktiv-inomhusantenn-for-uhf-och-det-digitala-marknatet\/","url":"https:\/\/www.heddata.se\/webbutik\/produkt\/aktiv-inomhusantenn-for-uhf-och-det-digitala-marknatet\/","name":"AKTIV INOMHUSANTENN F\u00d6R UHF OCH DET DIGITALA MARKN\u00c4TET","isPartOf":{"@id":"https:\/\/www.heddata.se\/webbutik\/#website"},"primaryImageOfPage":{"@id":"https:\/\/www.heddata.se\/webbutik\/produkt\/aktiv-inomhusantenn-for-uhf-och-det-digitala-marknatet\/#primaryimage"},"image":{"@id":"https:\/\/www.heddata.se\/webbutik\/produkt\/aktiv-inomhusantenn-for-uhf-och-det-digitala-marknatet\/#primaryimage"},"thumbnailUrl":"https:\/\/www.heddata.se\/webbutik\/wp-content\/uploads\/televes-F1961301.jpg","datePublished":"2019-11-20T08:07:38+00:00","dateModified":"2026-04-03T16:11:49+00:00","description":"AKTIV INOMHUSANTENN F\u00d6R UHF OCH DET DIGITALA MARKN\u00c4TET 25 dB FM \/ VHF \/ UHF utvecklad f\u00f6r det svenska markn\u00e4tets digitala 8k-signaler.","breadcrumb":{"@id":"https:\/\/www.heddata.se\/webbutik\/produkt\/aktiv-inomhusantenn-for-uhf-och-det-digitala-marknatet\/#breadcrumb"},"inLanguage":"sv-SE","potentialAction":[{"@type":"ReadAction","target":["https:\/\/www.heddata.se\/webbutik\/produkt\/aktiv-inomhusantenn-for-uhf-och-det-digitala-marknatet\/"]}]},{"@type":"ImageObject","inLanguage":"sv-SE","@id":"https:\/\/www.heddata.se\/webbutik\/produkt\/aktiv-inomhusantenn-for-uhf-och-det-digitala-marknatet\/#primaryimage","url":"https:\/\/www.heddata.se\/webbutik\/wp-content\/uploads\/televes-F1961301.jpg","contentUrl":"https:\/\/www.heddata.se\/webbutik\/wp-content\/uploads\/televes-F1961301.jpg","width":2187,"height":2187,"caption":"AKTIV INOMHUSANTENN F\u00d6R UHF OCH DET DIGITALA MARKN\u00c4TET"},{"@type":"BreadcrumbList","@id":"https:\/\/www.heddata.se\/webbutik\/produkt\/aktiv-inomhusantenn-for-uhf-och-det-digitala-marknatet\/#breadcrumb","itemListElement":[{"@type":"ListItem","position":1,"name":"Hem","item":"https:\/\/www.heddata.se\/webbutik\/"},{"@type":"ListItem","position":2,"name":"Produkter","item":"https:\/\/www.heddata.se\/webbutik\/shop\/"},{"@type":"ListItem","position":3,"name":"AKTIV INOMHUSANTENN F\u00d6R UHF OCH DET DIGITALA MARKN\u00c4TET"}]},{"@type":"WebSite","@id":"https:\/\/www.heddata.se\/webbutik\/#website","url":"https:\/\/www.heddata.se\/webbutik\/","name":"Datorer, Skrivare, F\u00e4rgpatroner, Mobiltelefoner","description":"Kablar","publisher":{"@id":"https:\/\/www.heddata.se\/webbutik\/#organization"},"potentialAction":[{"@type":"SearchAction","target":{"@type":"EntryPoint","urlTemplate":"https:\/\/www.heddata.se\/webbutik\/?s={search_term_string}"},"query-input":{"@type":"PropertyValueSpecification","valueRequired":true,"valueName":"search_term_string"}}],"inLanguage":"sv-SE"},{"@type":"Organization","@id":"https:\/\/www.heddata.se\/webbutik\/#organization","name":"Heddata AB","url":"https:\/\/www.heddata.se\/webbutik\/","logo":{"@type":"ImageObject","inLanguage":"sv-SE","@id":"https:\/\/www.heddata.se\/webbutik\/#\/schema\/logo\/image\/","url":"https:\/\/www.heddata.se\/webbutik\/wp-content\/uploads\/logga\/heddata-ab-logga.png","contentUrl":"https:\/\/www.heddata.se\/webbutik\/wp-content\/uploads\/logga\/heddata-ab-logga.png","width":200,"height":64,"caption":"Heddata AB"},"image":{"@id":"https:\/\/www.heddata.se\/webbutik\/#\/schema\/logo\/image\/"}}]}},"_links":{"self":[{"href":"https:\/\/www.heddata.se\/webbutik\/wp-json\/wp\/v2\/product\/7229","targetHints":{"allow":["GET"]}}],"collection":[{"href":"https:\/\/www.heddata.se\/webbutik\/wp-json\/wp\/v2\/product"}],"about":[{"href":"https:\/\/www.heddata.se\/webbutik\/wp-json\/wp\/v2\/types\/product"}],"wp:featuredmedia":[{"embeddable":true,"href":"https:\/\/www.heddata.se\/webbutik\/wp-json\/wp\/v2\/media\/43034"}],"wp:attachment":[{"href":"https:\/\/www.heddata.se\/webbutik\/wp-json\/wp\/v2\/media?parent=7229"}],"wp:term":[{"taxonomy":"product_brand","embeddable":true,"href":"https:\/\/www.heddata.se\/webbutik\/wp-json\/wp\/v2\/product_brand?post=7229"},{"taxonomy":"product_cat","embeddable":true,"href":"https:\/\/www.heddata.se\/webbutik\/wp-json\/wp\/v2\/product_cat?post=7229"},{"taxonomy":"product_tag","embeddable":true,"href":"https:\/\/www.heddata.se\/webbutik\/wp-json\/wp\/v2\/product_tag?post=7229"}],"curies":[{"name":"wp","href":"https:\/\/api.w.org\/{rel}","templated":true}]}}