{"id":7217,"date":"2019-11-20T09:07:34","date_gmt":"2019-11-20T08:07:34","guid":{"rendered":"https:\/\/www.heddata.se\/webbutik\/?post_type=product&#038;p=7217"},"modified":"2026-04-07T09:43:24","modified_gmt":"2026-04-07T07:43:24","slug":"huawei-e5330-mobilt-hotspot","status":"publish","type":"product","link":"https:\/\/www.heddata.se\/webbutik\/produkt\/huawei-e5330-mobilt-hotspot\/","title":{"rendered":"Huawei E5330 Mobilt hotspot 21.6Mbps"},"content":{"rendered":"<p><span>Huawei E5330 \u00e4r ett 3G-modem med en inbyggd WiFi-hotspot. Med denna kan du ansluta upp till 10 enheter tr\u00e5dl\u00f6st. <\/span><span>Via USB kan du ansluta <a href=\"https:\/\/www.huawei.com\/en\/?ic_medium=direct&amp;ic_source=surlent\" target=\"_blank\" rel=\"noopener noreferrer\">Huawei<\/a> E5330 till en <a href=\"https:\/\/www.heddata.se\/webbutik\/datorer-tillbehor\/datorer\/\">dator<\/a> eller b\u00e4rbar dator f\u00f6r att ladda <a href=\"https:\/\/www.heddata.se\/webbutik\/batterier\/\">batteriet<\/a> eller surfa direkt p\u00e5 internet. Enheten har<\/span><span>\u00a0en kompakt storlek och passar i handflatan.<\/span><\/p>\n<ul>\n<li><span>\u00a0802.11 b \/ g \/ n WiFi-hastigheter upp till 72,2 Mbps<\/span><\/li>\n<li><span>3G-hastigheter upp till 21 Mbps<\/span><\/li>\n<li><span>USB-anslutning f\u00f6r PC eller b\u00e4rbar dator<\/span><\/li>\n<li><span>St\u00f6der upp till 10 WiFi-enheter i taget<\/span><\/li>\n<li><span>Start upp p\u00e5 5 sekunder, 6 timmars batteritid<\/span><\/li>\n<li><span>1 Standard SIM-kortplats<\/span><\/li>\n<li><span>Hi-Link automatisk konfiguration<\/span><\/li>\n<li><span>Vikt 120 gram<\/span><\/li>\n<\/ul>\n","protected":false},"excerpt":{"rendered":"<p>Huawei E5330<\/p>\n","protected":false},"featured_media":10056,"template":"","meta":[],"product_brand":[],"product_cat":[8975,70,8973,8974],"product_tag":[],"class_list":{"0":"post-7217","1":"product","2":"type-product","3":"status-publish","4":"has-post-thumbnail","6":"product_cat-4g","7":"product_cat-natverk","8":"product_cat-router","9":"product_cat-tradlos","11":"first","12":"outofstock","13":"taxable","14":"shipping-taxable","15":"product-type-simple"},"yoast_head":"<!-- This site is optimized with the Yoast SEO Premium plugin v26.7 (Yoast SEO v26.7) - https:\/\/yoast.com\/wordpress\/plugins\/seo\/ -->\n<title>Huawei E5330 Mobilt hotspot 21.6Mbps. Inbyggd WiFi- Hotspot<\/title>\n<meta name=\"description\" content=\"Huawei E5330 \u00e4r ett 3G-modem med en inbyggd WiFi-hotspot. Med denna kan du ansluta upp till 10 enheter tr\u00e5dl\u00f6st. Anslut till andra enheter via USB.\" \/>\n<meta name=\"robots\" content=\"index, follow, max-snippet:-1, max-image-preview:large, max-video-preview:-1\" \/>\n<link rel=\"canonical\" href=\"https:\/\/www.heddata.se\/webbutik\/produkt\/huawei-e5330-mobilt-hotspot\/\" \/>\n<meta property=\"og:locale\" content=\"sv_SE\" \/>\n<meta property=\"og:type\" content=\"article\" \/>\n<meta property=\"og:title\" content=\"Huawei E5330 Mobilt hotspot 21.6Mbps\" \/>\n<meta property=\"og:description\" content=\"Huawei E5330 \u00e4r ett 3G-modem med en inbyggd WiFi-hotspot. Med denna kan du ansluta upp till 10 enheter tr\u00e5dl\u00f6st. Anslut till andra enheter via USB.\" \/>\n<meta property=\"og:url\" content=\"https:\/\/www.heddata.se\/webbutik\/produkt\/huawei-e5330-mobilt-hotspot\/\" \/>\n<meta property=\"og:site_name\" content=\"Datorer, Skrivare, F\u00e4rgpatroner, Mobiltelefoner\" \/>\n<meta property=\"article:modified_time\" content=\"2026-04-07T07:43:24+00:00\" \/>\n<meta property=\"og:image\" content=\"https:\/\/www.heddata.se\/webbutik\/wp-content\/uploads\/webbutik\/kategorier\/Natvark\/Huawei-E5330-Mobilt-hotspot-21-6Mbps.jpg\" \/>\n\t<meta property=\"og:image:width\" content=\"500\" \/>\n\t<meta property=\"og:image:height\" content=\"375\" \/>\n\t<meta property=\"og:image:type\" content=\"image\/jpeg\" \/>\n<meta name=\"twitter:card\" content=\"summary_large_image\" \/>\n<script type=\"application\/ld+json\" class=\"yoast-schema-graph\">{\"@context\":\"https:\/\/schema.org\",\"@graph\":[{\"@type\":\"WebPage\",\"@id\":\"https:\/\/www.heddata.se\/webbutik\/produkt\/huawei-e5330-mobilt-hotspot\/\",\"url\":\"https:\/\/www.heddata.se\/webbutik\/produkt\/huawei-e5330-mobilt-hotspot\/\",\"name\":\"Huawei E5330 Mobilt hotspot 21.6Mbps. Inbyggd WiFi- Hotspot\",\"isPartOf\":{\"@id\":\"https:\/\/www.heddata.se\/webbutik\/#website\"},\"primaryImageOfPage\":{\"@id\":\"https:\/\/www.heddata.se\/webbutik\/produkt\/huawei-e5330-mobilt-hotspot\/#primaryimage\"},\"image\":{\"@id\":\"https:\/\/www.heddata.se\/webbutik\/produkt\/huawei-e5330-mobilt-hotspot\/#primaryimage\"},\"thumbnailUrl\":\"https:\/\/www.heddata.se\/webbutik\/wp-content\/uploads\/webbutik\/kategorier\/Natvark\/Huawei-E5330-Mobilt-hotspot-21-6Mbps.jpg\",\"datePublished\":\"2019-11-20T08:07:34+00:00\",\"dateModified\":\"2026-04-07T07:43:24+00:00\",\"description\":\"Huawei E5330 \u00e4r ett 3G-modem med en inbyggd WiFi-hotspot. Med denna kan du ansluta upp till 10 enheter tr\u00e5dl\u00f6st. Anslut till andra enheter via USB.\",\"breadcrumb\":{\"@id\":\"https:\/\/www.heddata.se\/webbutik\/produkt\/huawei-e5330-mobilt-hotspot\/#breadcrumb\"},\"inLanguage\":\"sv-SE\",\"potentialAction\":[{\"@type\":\"ReadAction\",\"target\":[\"https:\/\/www.heddata.se\/webbutik\/produkt\/huawei-e5330-mobilt-hotspot\/\"]}]},{\"@type\":\"ImageObject\",\"inLanguage\":\"sv-SE\",\"@id\":\"https:\/\/www.heddata.se\/webbutik\/produkt\/huawei-e5330-mobilt-hotspot\/#primaryimage\",\"url\":\"https:\/\/www.heddata.se\/webbutik\/wp-content\/uploads\/webbutik\/kategorier\/Natvark\/Huawei-E5330-Mobilt-hotspot-21-6Mbps.jpg\",\"contentUrl\":\"https:\/\/www.heddata.se\/webbutik\/wp-content\/uploads\/webbutik\/kategorier\/Natvark\/Huawei-E5330-Mobilt-hotspot-21-6Mbps.jpg\",\"width\":500,\"height\":375,\"caption\":\"Huawei E5330 Mobilt hotspot 21.6Mbps\"},{\"@type\":\"BreadcrumbList\",\"@id\":\"https:\/\/www.heddata.se\/webbutik\/produkt\/huawei-e5330-mobilt-hotspot\/#breadcrumb\",\"itemListElement\":[{\"@type\":\"ListItem\",\"position\":1,\"name\":\"Hem\",\"item\":\"https:\/\/www.heddata.se\/webbutik\/\"},{\"@type\":\"ListItem\",\"position\":2,\"name\":\"Produkter\",\"item\":\"https:\/\/www.heddata.se\/webbutik\/shop\/\"},{\"@type\":\"ListItem\",\"position\":3,\"name\":\"Huawei E5330 Mobilt hotspot 21.6Mbps\"}]},{\"@type\":\"WebSite\",\"@id\":\"https:\/\/www.heddata.se\/webbutik\/#website\",\"url\":\"https:\/\/www.heddata.se\/webbutik\/\",\"name\":\"Datorer, Skrivare, F\u00e4rgpatroner, Mobiltelefoner\",\"description\":\"Kablar\",\"publisher\":{\"@id\":\"https:\/\/www.heddata.se\/webbutik\/#organization\"},\"potentialAction\":[{\"@type\":\"SearchAction\",\"target\":{\"@type\":\"EntryPoint\",\"urlTemplate\":\"https:\/\/www.heddata.se\/webbutik\/?s={search_term_string}\"},\"query-input\":{\"@type\":\"PropertyValueSpecification\",\"valueRequired\":true,\"valueName\":\"search_term_string\"}}],\"inLanguage\":\"sv-SE\"},{\"@type\":\"Organization\",\"@id\":\"https:\/\/www.heddata.se\/webbutik\/#organization\",\"name\":\"Heddata AB\",\"url\":\"https:\/\/www.heddata.se\/webbutik\/\",\"logo\":{\"@type\":\"ImageObject\",\"inLanguage\":\"sv-SE\",\"@id\":\"https:\/\/www.heddata.se\/webbutik\/#\/schema\/logo\/image\/\",\"url\":\"https:\/\/www.heddata.se\/webbutik\/wp-content\/uploads\/logga\/heddata-ab-logga.png\",\"contentUrl\":\"https:\/\/www.heddata.se\/webbutik\/wp-content\/uploads\/logga\/heddata-ab-logga.png\",\"width\":200,\"height\":64,\"caption\":\"Heddata AB\"},\"image\":{\"@id\":\"https:\/\/www.heddata.se\/webbutik\/#\/schema\/logo\/image\/\"}}]}<\/script>\n<!-- \/ Yoast SEO Premium plugin. -->","yoast_head_json":{"title":"Huawei E5330 Mobilt hotspot 21.6Mbps. Inbyggd WiFi- Hotspot","description":"Huawei E5330 \u00e4r ett 3G-modem med en inbyggd WiFi-hotspot. Med denna kan du ansluta upp till 10 enheter tr\u00e5dl\u00f6st. Anslut till andra enheter via USB.","robots":{"index":"index","follow":"follow","max-snippet":"max-snippet:-1","max-image-preview":"max-image-preview:large","max-video-preview":"max-video-preview:-1"},"canonical":"https:\/\/www.heddata.se\/webbutik\/produkt\/huawei-e5330-mobilt-hotspot\/","og_locale":"sv_SE","og_type":"article","og_title":"Huawei E5330 Mobilt hotspot 21.6Mbps","og_description":"Huawei E5330 \u00e4r ett 3G-modem med en inbyggd WiFi-hotspot. Med denna kan du ansluta upp till 10 enheter tr\u00e5dl\u00f6st. Anslut till andra enheter via USB.","og_url":"https:\/\/www.heddata.se\/webbutik\/produkt\/huawei-e5330-mobilt-hotspot\/","og_site_name":"Datorer, Skrivare, F\u00e4rgpatroner, Mobiltelefoner","article_modified_time":"2026-04-07T07:43:24+00:00","og_image":[{"width":500,"height":375,"url":"https:\/\/www.heddata.se\/webbutik\/wp-content\/uploads\/webbutik\/kategorier\/Natvark\/Huawei-E5330-Mobilt-hotspot-21-6Mbps.jpg","type":"image\/jpeg"}],"twitter_card":"summary_large_image","schema":{"@context":"https:\/\/schema.org","@graph":[{"@type":"WebPage","@id":"https:\/\/www.heddata.se\/webbutik\/produkt\/huawei-e5330-mobilt-hotspot\/","url":"https:\/\/www.heddata.se\/webbutik\/produkt\/huawei-e5330-mobilt-hotspot\/","name":"Huawei E5330 Mobilt hotspot 21.6Mbps. Inbyggd WiFi- Hotspot","isPartOf":{"@id":"https:\/\/www.heddata.se\/webbutik\/#website"},"primaryImageOfPage":{"@id":"https:\/\/www.heddata.se\/webbutik\/produkt\/huawei-e5330-mobilt-hotspot\/#primaryimage"},"image":{"@id":"https:\/\/www.heddata.se\/webbutik\/produkt\/huawei-e5330-mobilt-hotspot\/#primaryimage"},"thumbnailUrl":"https:\/\/www.heddata.se\/webbutik\/wp-content\/uploads\/webbutik\/kategorier\/Natvark\/Huawei-E5330-Mobilt-hotspot-21-6Mbps.jpg","datePublished":"2019-11-20T08:07:34+00:00","dateModified":"2026-04-07T07:43:24+00:00","description":"Huawei E5330 \u00e4r ett 3G-modem med en inbyggd WiFi-hotspot. Med denna kan du ansluta upp till 10 enheter tr\u00e5dl\u00f6st. Anslut till andra enheter via USB.","breadcrumb":{"@id":"https:\/\/www.heddata.se\/webbutik\/produkt\/huawei-e5330-mobilt-hotspot\/#breadcrumb"},"inLanguage":"sv-SE","potentialAction":[{"@type":"ReadAction","target":["https:\/\/www.heddata.se\/webbutik\/produkt\/huawei-e5330-mobilt-hotspot\/"]}]},{"@type":"ImageObject","inLanguage":"sv-SE","@id":"https:\/\/www.heddata.se\/webbutik\/produkt\/huawei-e5330-mobilt-hotspot\/#primaryimage","url":"https:\/\/www.heddata.se\/webbutik\/wp-content\/uploads\/webbutik\/kategorier\/Natvark\/Huawei-E5330-Mobilt-hotspot-21-6Mbps.jpg","contentUrl":"https:\/\/www.heddata.se\/webbutik\/wp-content\/uploads\/webbutik\/kategorier\/Natvark\/Huawei-E5330-Mobilt-hotspot-21-6Mbps.jpg","width":500,"height":375,"caption":"Huawei E5330 Mobilt hotspot 21.6Mbps"},{"@type":"BreadcrumbList","@id":"https:\/\/www.heddata.se\/webbutik\/produkt\/huawei-e5330-mobilt-hotspot\/#breadcrumb","itemListElement":[{"@type":"ListItem","position":1,"name":"Hem","item":"https:\/\/www.heddata.se\/webbutik\/"},{"@type":"ListItem","position":2,"name":"Produkter","item":"https:\/\/www.heddata.se\/webbutik\/shop\/"},{"@type":"ListItem","position":3,"name":"Huawei E5330 Mobilt hotspot 21.6Mbps"}]},{"@type":"WebSite","@id":"https:\/\/www.heddata.se\/webbutik\/#website","url":"https:\/\/www.heddata.se\/webbutik\/","name":"Datorer, Skrivare, F\u00e4rgpatroner, Mobiltelefoner","description":"Kablar","publisher":{"@id":"https:\/\/www.heddata.se\/webbutik\/#organization"},"potentialAction":[{"@type":"SearchAction","target":{"@type":"EntryPoint","urlTemplate":"https:\/\/www.heddata.se\/webbutik\/?s={search_term_string}"},"query-input":{"@type":"PropertyValueSpecification","valueRequired":true,"valueName":"search_term_string"}}],"inLanguage":"sv-SE"},{"@type":"Organization","@id":"https:\/\/www.heddata.se\/webbutik\/#organization","name":"Heddata AB","url":"https:\/\/www.heddata.se\/webbutik\/","logo":{"@type":"ImageObject","inLanguage":"sv-SE","@id":"https:\/\/www.heddata.se\/webbutik\/#\/schema\/logo\/image\/","url":"https:\/\/www.heddata.se\/webbutik\/wp-content\/uploads\/logga\/heddata-ab-logga.png","contentUrl":"https:\/\/www.heddata.se\/webbutik\/wp-content\/uploads\/logga\/heddata-ab-logga.png","width":200,"height":64,"caption":"Heddata AB"},"image":{"@id":"https:\/\/www.heddata.se\/webbutik\/#\/schema\/logo\/image\/"}}]}},"_links":{"self":[{"href":"https:\/\/www.heddata.se\/webbutik\/wp-json\/wp\/v2\/product\/7217","targetHints":{"allow":["GET"]}}],"collection":[{"href":"https:\/\/www.heddata.se\/webbutik\/wp-json\/wp\/v2\/product"}],"about":[{"href":"https:\/\/www.heddata.se\/webbutik\/wp-json\/wp\/v2\/types\/product"}],"wp:featuredmedia":[{"embeddable":true,"href":"https:\/\/www.heddata.se\/webbutik\/wp-json\/wp\/v2\/media\/10056"}],"wp:attachment":[{"href":"https:\/\/www.heddata.se\/webbutik\/wp-json\/wp\/v2\/media?parent=7217"}],"wp:term":[{"taxonomy":"product_brand","embeddable":true,"href":"https:\/\/www.heddata.se\/webbutik\/wp-json\/wp\/v2\/product_brand?post=7217"},{"taxonomy":"product_cat","embeddable":true,"href":"https:\/\/www.heddata.se\/webbutik\/wp-json\/wp\/v2\/product_cat?post=7217"},{"taxonomy":"product_tag","embeddable":true,"href":"https:\/\/www.heddata.se\/webbutik\/wp-json\/wp\/v2\/product_tag?post=7217"}],"curies":[{"name":"wp","href":"https:\/\/api.w.org\/{rel}","templated":true}]}}