{"id":7215,"date":"2019-11-20T09:07:34","date_gmt":"2019-11-20T08:07:34","guid":{"rendered":"https:\/\/www.heddata.se\/webbutik\/?post_type=product&#038;p=7215"},"modified":"2026-04-17T18:09:38","modified_gmt":"2026-04-17T16:09:38","slug":"d-link-wireless-extender-dir-506l","status":"publish","type":"product","link":"https:\/\/www.heddata.se\/webbutik\/produkt\/d-link-wireless-extender-dir-506l\/","title":{"rendered":"D-Link Wireless extender DIR-506L"},"content":{"rendered":"<p>D-Link Wireless extender. Pocket Cloud Router \u00e4r en portabel och m\u00e5ngsidig enhet som utvidgar och f\u00f6rb\u00e4ttrar din tr\u00e5dl\u00f6sa internetanslutning genom att fungera b\u00e5de som tr\u00e5dl\u00f6s router och Wi-Fi-hotspot. Routerns inbyggda molnteknik tillsammans med den kostnadsfria SharePort mobilappen f\u00f6r iOS och Android ger dig tillg\u00e5ng till dina personliga filer och multimedia n\u00e4r en flashdisk \u00e4r ansluten till routerns inbyggda USB-port. Det inbyggda batteriet med upp till 4 timmars batteritid g\u00f6r routern idealisk f\u00f6r distansarbetande eller folk i farten, eftersom man \u00e4r oberoende av eln\u00e4tet. Det g\u00e5r ocks\u00e5 att anv\u00e4nda routern som extraladdare1 till <a href=\"https:\/\/www.heddata.se\/webbutik\/telefon-surfplattor\/mobiltelefoner\/\">mobiltelefoner<\/a>.<\/p>\n<p>Tillverkare: <a href=\"https:\/\/eu.dlink.com\/se\/sv\" target=\"_blank\" rel=\"noopener noreferrer\">D-Link<\/a><\/p>\n","protected":false},"excerpt":{"rendered":"<p>D-Link Wireless extender<\/p>\n","protected":false},"featured_media":23104,"template":"","meta":[],"product_brand":[],"product_cat":[8980,70],"product_tag":[],"class_list":{"0":"post-7215","1":"product","2":"type-product","3":"status-publish","4":"has-post-thumbnail","6":"product_cat-accesspunkter-och-natverksforlangare","7":"product_cat-natverk","9":"first","10":"instock","11":"taxable","12":"shipping-taxable","13":"purchasable","14":"product-type-simple"},"yoast_head":"<!-- This site is optimized with the Yoast SEO Premium plugin v26.7 (Yoast SEO v26.7) - https:\/\/yoast.com\/wordpress\/plugins\/seo\/ -->\n<title>D-Link Wireless extender DIR-506L<\/title>\n<meta name=\"description\" content=\"D-Link Wireless extender. Pocket Cloud Router \u00e4r en portabel och m\u00e5ngsidig enhet som utvidgar och f\u00f6rb\u00e4ttrar din tr\u00e5dl\u00f6sa internetanslutning\" \/>\n<meta name=\"robots\" content=\"index, follow, max-snippet:-1, max-image-preview:large, max-video-preview:-1\" \/>\n<link rel=\"canonical\" href=\"https:\/\/www.heddata.se\/webbutik\/produkt\/d-link-wireless-extender-dir-506l\/\" \/>\n<meta property=\"og:locale\" content=\"sv_SE\" \/>\n<meta property=\"og:type\" content=\"article\" \/>\n<meta property=\"og:title\" content=\"D-Link Wireless extender DIR-506L\" \/>\n<meta property=\"og:description\" content=\"D-Link Wireless extender. Pocket Cloud Router \u00e4r en portabel och m\u00e5ngsidig enhet som utvidgar och f\u00f6rb\u00e4ttrar din tr\u00e5dl\u00f6sa internetanslutning\" \/>\n<meta property=\"og:url\" content=\"https:\/\/www.heddata.se\/webbutik\/produkt\/d-link-wireless-extender-dir-506l\/\" \/>\n<meta property=\"og:site_name\" content=\"Datorer, Skrivare, F\u00e4rgpatroner, Mobiltelefoner\" \/>\n<meta property=\"article:modified_time\" content=\"2026-04-17T16:09:38+00:00\" \/>\n<meta property=\"og:image\" content=\"https:\/\/www.heddata.se\/webbutik\/wp-content\/uploads\/webbutik\/kategorier\/Natvark\/D-Link-Wireless-extender-DIR-506L.jpg\" \/>\n\t<meta property=\"og:image:width\" content=\"960\" \/>\n\t<meta property=\"og:image:height\" content=\"720\" \/>\n\t<meta property=\"og:image:type\" content=\"image\/jpeg\" \/>\n<meta name=\"twitter:card\" content=\"summary_large_image\" \/>\n<meta name=\"twitter:label1\" content=\"Ber\u00e4knad l\u00e4stid\" \/>\n\t<meta name=\"twitter:data1\" content=\"1 minut\" \/>\n<script type=\"application\/ld+json\" class=\"yoast-schema-graph\">{\"@context\":\"https:\/\/schema.org\",\"@graph\":[{\"@type\":\"WebPage\",\"@id\":\"https:\/\/www.heddata.se\/webbutik\/produkt\/d-link-wireless-extender-dir-506l\/\",\"url\":\"https:\/\/www.heddata.se\/webbutik\/produkt\/d-link-wireless-extender-dir-506l\/\",\"name\":\"D-Link Wireless extender DIR-506L\",\"isPartOf\":{\"@id\":\"https:\/\/www.heddata.se\/webbutik\/#website\"},\"primaryImageOfPage\":{\"@id\":\"https:\/\/www.heddata.se\/webbutik\/produkt\/d-link-wireless-extender-dir-506l\/#primaryimage\"},\"image\":{\"@id\":\"https:\/\/www.heddata.se\/webbutik\/produkt\/d-link-wireless-extender-dir-506l\/#primaryimage\"},\"thumbnailUrl\":\"https:\/\/www.heddata.se\/webbutik\/wp-content\/uploads\/webbutik\/kategorier\/Natvark\/D-Link-Wireless-extender-DIR-506L.jpg\",\"datePublished\":\"2019-11-20T08:07:34+00:00\",\"dateModified\":\"2026-04-17T16:09:38+00:00\",\"description\":\"D-Link Wireless extender. Pocket Cloud Router \u00e4r en portabel och m\u00e5ngsidig enhet som utvidgar och f\u00f6rb\u00e4ttrar din tr\u00e5dl\u00f6sa internetanslutning\",\"breadcrumb\":{\"@id\":\"https:\/\/www.heddata.se\/webbutik\/produkt\/d-link-wireless-extender-dir-506l\/#breadcrumb\"},\"inLanguage\":\"sv-SE\",\"potentialAction\":[{\"@type\":\"ReadAction\",\"target\":[\"https:\/\/www.heddata.se\/webbutik\/produkt\/d-link-wireless-extender-dir-506l\/\"]}]},{\"@type\":\"ImageObject\",\"inLanguage\":\"sv-SE\",\"@id\":\"https:\/\/www.heddata.se\/webbutik\/produkt\/d-link-wireless-extender-dir-506l\/#primaryimage\",\"url\":\"https:\/\/www.heddata.se\/webbutik\/wp-content\/uploads\/webbutik\/kategorier\/Natvark\/D-Link-Wireless-extender-DIR-506L.jpg\",\"contentUrl\":\"https:\/\/www.heddata.se\/webbutik\/wp-content\/uploads\/webbutik\/kategorier\/Natvark\/D-Link-Wireless-extender-DIR-506L.jpg\",\"width\":960,\"height\":720,\"caption\":\"D-Link Wireless extender DIR-506L\"},{\"@type\":\"BreadcrumbList\",\"@id\":\"https:\/\/www.heddata.se\/webbutik\/produkt\/d-link-wireless-extender-dir-506l\/#breadcrumb\",\"itemListElement\":[{\"@type\":\"ListItem\",\"position\":1,\"name\":\"Hem\",\"item\":\"https:\/\/www.heddata.se\/webbutik\/\"},{\"@type\":\"ListItem\",\"position\":2,\"name\":\"Produkter\",\"item\":\"https:\/\/www.heddata.se\/webbutik\/shop\/\"},{\"@type\":\"ListItem\",\"position\":3,\"name\":\"D-Link Wireless extender DIR-506L\"}]},{\"@type\":\"WebSite\",\"@id\":\"https:\/\/www.heddata.se\/webbutik\/#website\",\"url\":\"https:\/\/www.heddata.se\/webbutik\/\",\"name\":\"Datorer, Skrivare, F\u00e4rgpatroner, Mobiltelefoner\",\"description\":\"Kablar\",\"publisher\":{\"@id\":\"https:\/\/www.heddata.se\/webbutik\/#organization\"},\"potentialAction\":[{\"@type\":\"SearchAction\",\"target\":{\"@type\":\"EntryPoint\",\"urlTemplate\":\"https:\/\/www.heddata.se\/webbutik\/?s={search_term_string}\"},\"query-input\":{\"@type\":\"PropertyValueSpecification\",\"valueRequired\":true,\"valueName\":\"search_term_string\"}}],\"inLanguage\":\"sv-SE\"},{\"@type\":\"Organization\",\"@id\":\"https:\/\/www.heddata.se\/webbutik\/#organization\",\"name\":\"Heddata AB\",\"url\":\"https:\/\/www.heddata.se\/webbutik\/\",\"logo\":{\"@type\":\"ImageObject\",\"inLanguage\":\"sv-SE\",\"@id\":\"https:\/\/www.heddata.se\/webbutik\/#\/schema\/logo\/image\/\",\"url\":\"https:\/\/www.heddata.se\/webbutik\/wp-content\/uploads\/logga\/heddata-ab-logga.png\",\"contentUrl\":\"https:\/\/www.heddata.se\/webbutik\/wp-content\/uploads\/logga\/heddata-ab-logga.png\",\"width\":200,\"height\":64,\"caption\":\"Heddata AB\"},\"image\":{\"@id\":\"https:\/\/www.heddata.se\/webbutik\/#\/schema\/logo\/image\/\"}}]}<\/script>\n<!-- \/ Yoast SEO Premium plugin. -->","yoast_head_json":{"title":"D-Link Wireless extender DIR-506L","description":"D-Link Wireless extender. Pocket Cloud Router \u00e4r en portabel och m\u00e5ngsidig enhet som utvidgar och f\u00f6rb\u00e4ttrar din tr\u00e5dl\u00f6sa internetanslutning","robots":{"index":"index","follow":"follow","max-snippet":"max-snippet:-1","max-image-preview":"max-image-preview:large","max-video-preview":"max-video-preview:-1"},"canonical":"https:\/\/www.heddata.se\/webbutik\/produkt\/d-link-wireless-extender-dir-506l\/","og_locale":"sv_SE","og_type":"article","og_title":"D-Link Wireless extender DIR-506L","og_description":"D-Link Wireless extender. Pocket Cloud Router \u00e4r en portabel och m\u00e5ngsidig enhet som utvidgar och f\u00f6rb\u00e4ttrar din tr\u00e5dl\u00f6sa internetanslutning","og_url":"https:\/\/www.heddata.se\/webbutik\/produkt\/d-link-wireless-extender-dir-506l\/","og_site_name":"Datorer, Skrivare, F\u00e4rgpatroner, Mobiltelefoner","article_modified_time":"2026-04-17T16:09:38+00:00","og_image":[{"width":960,"height":720,"url":"https:\/\/www.heddata.se\/webbutik\/wp-content\/uploads\/webbutik\/kategorier\/Natvark\/D-Link-Wireless-extender-DIR-506L.jpg","type":"image\/jpeg"}],"twitter_card":"summary_large_image","twitter_misc":{"Ber\u00e4knad l\u00e4stid":"1 minut"},"schema":{"@context":"https:\/\/schema.org","@graph":[{"@type":"WebPage","@id":"https:\/\/www.heddata.se\/webbutik\/produkt\/d-link-wireless-extender-dir-506l\/","url":"https:\/\/www.heddata.se\/webbutik\/produkt\/d-link-wireless-extender-dir-506l\/","name":"D-Link Wireless extender DIR-506L","isPartOf":{"@id":"https:\/\/www.heddata.se\/webbutik\/#website"},"primaryImageOfPage":{"@id":"https:\/\/www.heddata.se\/webbutik\/produkt\/d-link-wireless-extender-dir-506l\/#primaryimage"},"image":{"@id":"https:\/\/www.heddata.se\/webbutik\/produkt\/d-link-wireless-extender-dir-506l\/#primaryimage"},"thumbnailUrl":"https:\/\/www.heddata.se\/webbutik\/wp-content\/uploads\/webbutik\/kategorier\/Natvark\/D-Link-Wireless-extender-DIR-506L.jpg","datePublished":"2019-11-20T08:07:34+00:00","dateModified":"2026-04-17T16:09:38+00:00","description":"D-Link Wireless extender. Pocket Cloud Router \u00e4r en portabel och m\u00e5ngsidig enhet som utvidgar och f\u00f6rb\u00e4ttrar din tr\u00e5dl\u00f6sa internetanslutning","breadcrumb":{"@id":"https:\/\/www.heddata.se\/webbutik\/produkt\/d-link-wireless-extender-dir-506l\/#breadcrumb"},"inLanguage":"sv-SE","potentialAction":[{"@type":"ReadAction","target":["https:\/\/www.heddata.se\/webbutik\/produkt\/d-link-wireless-extender-dir-506l\/"]}]},{"@type":"ImageObject","inLanguage":"sv-SE","@id":"https:\/\/www.heddata.se\/webbutik\/produkt\/d-link-wireless-extender-dir-506l\/#primaryimage","url":"https:\/\/www.heddata.se\/webbutik\/wp-content\/uploads\/webbutik\/kategorier\/Natvark\/D-Link-Wireless-extender-DIR-506L.jpg","contentUrl":"https:\/\/www.heddata.se\/webbutik\/wp-content\/uploads\/webbutik\/kategorier\/Natvark\/D-Link-Wireless-extender-DIR-506L.jpg","width":960,"height":720,"caption":"D-Link Wireless extender DIR-506L"},{"@type":"BreadcrumbList","@id":"https:\/\/www.heddata.se\/webbutik\/produkt\/d-link-wireless-extender-dir-506l\/#breadcrumb","itemListElement":[{"@type":"ListItem","position":1,"name":"Hem","item":"https:\/\/www.heddata.se\/webbutik\/"},{"@type":"ListItem","position":2,"name":"Produkter","item":"https:\/\/www.heddata.se\/webbutik\/shop\/"},{"@type":"ListItem","position":3,"name":"D-Link Wireless extender DIR-506L"}]},{"@type":"WebSite","@id":"https:\/\/www.heddata.se\/webbutik\/#website","url":"https:\/\/www.heddata.se\/webbutik\/","name":"Datorer, Skrivare, F\u00e4rgpatroner, Mobiltelefoner","description":"Kablar","publisher":{"@id":"https:\/\/www.heddata.se\/webbutik\/#organization"},"potentialAction":[{"@type":"SearchAction","target":{"@type":"EntryPoint","urlTemplate":"https:\/\/www.heddata.se\/webbutik\/?s={search_term_string}"},"query-input":{"@type":"PropertyValueSpecification","valueRequired":true,"valueName":"search_term_string"}}],"inLanguage":"sv-SE"},{"@type":"Organization","@id":"https:\/\/www.heddata.se\/webbutik\/#organization","name":"Heddata AB","url":"https:\/\/www.heddata.se\/webbutik\/","logo":{"@type":"ImageObject","inLanguage":"sv-SE","@id":"https:\/\/www.heddata.se\/webbutik\/#\/schema\/logo\/image\/","url":"https:\/\/www.heddata.se\/webbutik\/wp-content\/uploads\/logga\/heddata-ab-logga.png","contentUrl":"https:\/\/www.heddata.se\/webbutik\/wp-content\/uploads\/logga\/heddata-ab-logga.png","width":200,"height":64,"caption":"Heddata AB"},"image":{"@id":"https:\/\/www.heddata.se\/webbutik\/#\/schema\/logo\/image\/"}}]}},"_links":{"self":[{"href":"https:\/\/www.heddata.se\/webbutik\/wp-json\/wp\/v2\/product\/7215","targetHints":{"allow":["GET"]}}],"collection":[{"href":"https:\/\/www.heddata.se\/webbutik\/wp-json\/wp\/v2\/product"}],"about":[{"href":"https:\/\/www.heddata.se\/webbutik\/wp-json\/wp\/v2\/types\/product"}],"wp:featuredmedia":[{"embeddable":true,"href":"https:\/\/www.heddata.se\/webbutik\/wp-json\/wp\/v2\/media\/23104"}],"wp:attachment":[{"href":"https:\/\/www.heddata.se\/webbutik\/wp-json\/wp\/v2\/media?parent=7215"}],"wp:term":[{"taxonomy":"product_brand","embeddable":true,"href":"https:\/\/www.heddata.se\/webbutik\/wp-json\/wp\/v2\/product_brand?post=7215"},{"taxonomy":"product_cat","embeddable":true,"href":"https:\/\/www.heddata.se\/webbutik\/wp-json\/wp\/v2\/product_cat?post=7215"},{"taxonomy":"product_tag","embeddable":true,"href":"https:\/\/www.heddata.se\/webbutik\/wp-json\/wp\/v2\/product_tag?post=7215"}],"curies":[{"name":"wp","href":"https:\/\/api.w.org\/{rel}","templated":true}]}}