{"id":7197,"date":"2019-11-20T09:07:31","date_gmt":"2019-11-20T08:07:31","guid":{"rendered":"https:\/\/www.heddata.se\/webbutik\/?post_type=product&#038;p=7197"},"modified":"2026-05-07T18:28:56","modified_gmt":"2026-05-07T16:28:56","slug":"hp-20-svart-original-blackpatron","status":"publish","type":"product","link":"https:\/\/www.heddata.se\/webbutik\/produkt\/hp-20-svart-original-blackpatron\/","title":{"rendered":"HP 20 Svart Original Bl\u00e4ckpatron 500 sidor &#8211; C6614DE"},"content":{"rendered":"<p>HP 20 Svart Original <a href=\"https:\/\/www.heddata.se\/webbutik\/blackpatroner-toners\/blackpatroner\/\" target=\"_blank\" rel=\"noopener noreferrer\">Bl\u00e4ckpatron<\/a>. Att v\u00e4lja en Originalpatron fr\u00e5n HP \u00e4r det b\u00e4sta du kan g\u00f6ra f\u00f6r din <a href=\"https:\/\/www.heddata.se\/webbutik\/skrivare-blackstrale-monolaser\/\" target=\"_blank\" rel=\"noopener noreferrer\">skrivare<\/a>. HP 20 svart Original ger ett resultat du kan lita p\u00e5 fr\u00e5n f\u00f6rsta till sista utskriften med tydligt och klart tryck. Den \u00e4r speciellt utformad f\u00f6r att jobba tillsammans med din HP-skrivare.<\/p>\n<p>Att v\u00e4lja HP gynnar inte bara dig och dina utskrifter, utan \u00e4ven milj\u00f6n. De samlar in sina begagnade produkter f\u00f6r \u00e5tervinning och \u00e5terf\u00f6rs\u00e4ljning i 74 l\u00e4nder v\u00e4rlden \u00f6ver. En stor procent av deras f\u00f6rbrukningsvaror \u00e4r tillverkade av \u00e5tervunnet inneh\u00e5ll. De har \u00e4ven anv\u00e4nt \u00f6ver en halv miljon kilo havsbundet plast f\u00f6r att skapa deras Original HP bl\u00e4ckpatroner. L\u00e4s mer om detta <a href=\"https:\/\/www8.hp.com\/us\/en\/hp-information\/environment\/product-recycling.html?jumpid=in_r138_us\/en\/corp\/sustainable_impact\/pillar-cross-section\/planet\">H\u00c4R<\/a><\/p>\n<p>F\u00e4rg: Svart<br \/>\nSidor: 500<\/p>\n","protected":false},"excerpt":{"rendered":"<p>HP 20 Svart Original Bl\u00e4ckpatron<\/p>\n","protected":false},"featured_media":9072,"template":"","meta":[],"product_brand":[],"product_cat":[87,61,91],"product_tag":[],"class_list":{"0":"post-7197","1":"product","2":"type-product","3":"status-publish","4":"has-post-thumbnail","6":"product_cat-blackpatroner","7":"product_cat-blackpatroner-toners","8":"product_cat-hp-blackpatroner","10":"first","11":"outofstock","12":"taxable","13":"shipping-taxable","14":"product-type-simple"},"yoast_head":"<!-- This site is optimized with the Yoast SEO Premium plugin v26.7 (Yoast SEO v26.7) - https:\/\/yoast.com\/wordpress\/plugins\/seo\/ -->\n<title>HP 20 Svart Original Bl\u00e4ckpatron 500 sidor - C6614DE<\/title>\n<meta name=\"description\" content=\"HP 20 Original Bl\u00e4ckpatron SVART. Att v\u00e4lja en Originalpatron fr\u00e5n HP \u00e4r det b\u00e4sta du kan g\u00f6ra f\u00f6r din skrivare. Framtagen f\u00f6r att fungera med HP-skrivare\" \/>\n<meta name=\"robots\" content=\"index, follow, max-snippet:-1, max-image-preview:large, max-video-preview:-1\" \/>\n<link rel=\"canonical\" href=\"https:\/\/www.heddata.se\/webbutik\/produkt\/hp-20-svart-original-blackpatron\/\" \/>\n<meta property=\"og:locale\" content=\"sv_SE\" \/>\n<meta property=\"og:type\" content=\"article\" \/>\n<meta property=\"og:title\" content=\"HP 20 Svart Original Bl\u00e4ckpatron 500 sidor - C6614DE\" \/>\n<meta property=\"og:description\" content=\"HP 20 Original Bl\u00e4ckpatron SVART. Att v\u00e4lja en Originalpatron fr\u00e5n HP \u00e4r det b\u00e4sta du kan g\u00f6ra f\u00f6r din skrivare. Framtagen f\u00f6r att fungera med HP-skrivare\" \/>\n<meta property=\"og:url\" content=\"https:\/\/www.heddata.se\/webbutik\/produkt\/hp-20-svart-original-blackpatron\/\" \/>\n<meta property=\"og:site_name\" content=\"Datorer, Skrivare, F\u00e4rgpatroner, Mobiltelefoner\" \/>\n<meta property=\"article:modified_time\" content=\"2026-05-07T16:28:56+00:00\" \/>\n<meta property=\"og:image\" content=\"https:\/\/www.heddata.se\/webbutik\/wp-content\/uploads\/webbutik\/kategorier\/Blackpatroner-toners\/HP-20-Svart-Original-Blackpatron-500.jpg\" \/>\n\t<meta property=\"og:image:width\" content=\"400\" \/>\n\t<meta property=\"og:image:height\" content=\"400\" \/>\n\t<meta property=\"og:image:type\" content=\"image\/jpeg\" \/>\n<meta name=\"twitter:card\" content=\"summary_large_image\" \/>\n<meta name=\"twitter:label1\" content=\"Ber\u00e4knad l\u00e4stid\" \/>\n\t<meta name=\"twitter:data1\" content=\"1 minut\" \/>\n<script type=\"application\/ld+json\" class=\"yoast-schema-graph\">{\"@context\":\"https:\/\/schema.org\",\"@graph\":[{\"@type\":\"WebPage\",\"@id\":\"https:\/\/www.heddata.se\/webbutik\/produkt\/hp-20-svart-original-blackpatron\/\",\"url\":\"https:\/\/www.heddata.se\/webbutik\/produkt\/hp-20-svart-original-blackpatron\/\",\"name\":\"HP 20 Svart Original Bl\u00e4ckpatron 500 sidor - C6614DE\",\"isPartOf\":{\"@id\":\"https:\/\/www.heddata.se\/webbutik\/#website\"},\"primaryImageOfPage\":{\"@id\":\"https:\/\/www.heddata.se\/webbutik\/produkt\/hp-20-svart-original-blackpatron\/#primaryimage\"},\"image\":{\"@id\":\"https:\/\/www.heddata.se\/webbutik\/produkt\/hp-20-svart-original-blackpatron\/#primaryimage\"},\"thumbnailUrl\":\"https:\/\/www.heddata.se\/webbutik\/wp-content\/uploads\/webbutik\/kategorier\/Blackpatroner-toners\/HP-20-Svart-Original-Blackpatron-500.jpg\",\"datePublished\":\"2019-11-20T08:07:31+00:00\",\"dateModified\":\"2026-05-07T16:28:56+00:00\",\"description\":\"HP 20 Original Bl\u00e4ckpatron SVART. Att v\u00e4lja en Originalpatron fr\u00e5n HP \u00e4r det b\u00e4sta du kan g\u00f6ra f\u00f6r din skrivare. Framtagen f\u00f6r att fungera med HP-skrivare\",\"breadcrumb\":{\"@id\":\"https:\/\/www.heddata.se\/webbutik\/produkt\/hp-20-svart-original-blackpatron\/#breadcrumb\"},\"inLanguage\":\"sv-SE\",\"potentialAction\":[{\"@type\":\"ReadAction\",\"target\":[\"https:\/\/www.heddata.se\/webbutik\/produkt\/hp-20-svart-original-blackpatron\/\"]}]},{\"@type\":\"ImageObject\",\"inLanguage\":\"sv-SE\",\"@id\":\"https:\/\/www.heddata.se\/webbutik\/produkt\/hp-20-svart-original-blackpatron\/#primaryimage\",\"url\":\"https:\/\/www.heddata.se\/webbutik\/wp-content\/uploads\/webbutik\/kategorier\/Blackpatroner-toners\/HP-20-Svart-Original-Blackpatron-500.jpg\",\"contentUrl\":\"https:\/\/www.heddata.se\/webbutik\/wp-content\/uploads\/webbutik\/kategorier\/Blackpatroner-toners\/HP-20-Svart-Original-Blackpatron-500.jpg\",\"width\":400,\"height\":400,\"caption\":\"HP 20 Svart Original Bl\u00e4ckpatron 500 sidor - C6614DE\"},{\"@type\":\"BreadcrumbList\",\"@id\":\"https:\/\/www.heddata.se\/webbutik\/produkt\/hp-20-svart-original-blackpatron\/#breadcrumb\",\"itemListElement\":[{\"@type\":\"ListItem\",\"position\":1,\"name\":\"Hem\",\"item\":\"https:\/\/www.heddata.se\/webbutik\/\"},{\"@type\":\"ListItem\",\"position\":2,\"name\":\"Produkter\",\"item\":\"https:\/\/www.heddata.se\/webbutik\/shop\/\"},{\"@type\":\"ListItem\",\"position\":3,\"name\":\"HP 20 Svart Original Bl\u00e4ckpatron 500 sidor &#8211; C6614DE\"}]},{\"@type\":\"WebSite\",\"@id\":\"https:\/\/www.heddata.se\/webbutik\/#website\",\"url\":\"https:\/\/www.heddata.se\/webbutik\/\",\"name\":\"Datorer, Skrivare, F\u00e4rgpatroner, Mobiltelefoner\",\"description\":\"Kablar\",\"publisher\":{\"@id\":\"https:\/\/www.heddata.se\/webbutik\/#organization\"},\"potentialAction\":[{\"@type\":\"SearchAction\",\"target\":{\"@type\":\"EntryPoint\",\"urlTemplate\":\"https:\/\/www.heddata.se\/webbutik\/?s={search_term_string}\"},\"query-input\":{\"@type\":\"PropertyValueSpecification\",\"valueRequired\":true,\"valueName\":\"search_term_string\"}}],\"inLanguage\":\"sv-SE\"},{\"@type\":\"Organization\",\"@id\":\"https:\/\/www.heddata.se\/webbutik\/#organization\",\"name\":\"Heddata AB\",\"url\":\"https:\/\/www.heddata.se\/webbutik\/\",\"logo\":{\"@type\":\"ImageObject\",\"inLanguage\":\"sv-SE\",\"@id\":\"https:\/\/www.heddata.se\/webbutik\/#\/schema\/logo\/image\/\",\"url\":\"https:\/\/www.heddata.se\/webbutik\/wp-content\/uploads\/logga\/heddata-ab-logga.png\",\"contentUrl\":\"https:\/\/www.heddata.se\/webbutik\/wp-content\/uploads\/logga\/heddata-ab-logga.png\",\"width\":200,\"height\":64,\"caption\":\"Heddata AB\"},\"image\":{\"@id\":\"https:\/\/www.heddata.se\/webbutik\/#\/schema\/logo\/image\/\"}}]}<\/script>\n<!-- \/ Yoast SEO Premium plugin. -->","yoast_head_json":{"title":"HP 20 Svart Original Bl\u00e4ckpatron 500 sidor - C6614DE","description":"HP 20 Original Bl\u00e4ckpatron SVART. Att v\u00e4lja en Originalpatron fr\u00e5n HP \u00e4r det b\u00e4sta du kan g\u00f6ra f\u00f6r din skrivare. Framtagen f\u00f6r att fungera med HP-skrivare","robots":{"index":"index","follow":"follow","max-snippet":"max-snippet:-1","max-image-preview":"max-image-preview:large","max-video-preview":"max-video-preview:-1"},"canonical":"https:\/\/www.heddata.se\/webbutik\/produkt\/hp-20-svart-original-blackpatron\/","og_locale":"sv_SE","og_type":"article","og_title":"HP 20 Svart Original Bl\u00e4ckpatron 500 sidor - C6614DE","og_description":"HP 20 Original Bl\u00e4ckpatron SVART. Att v\u00e4lja en Originalpatron fr\u00e5n HP \u00e4r det b\u00e4sta du kan g\u00f6ra f\u00f6r din skrivare. Framtagen f\u00f6r att fungera med HP-skrivare","og_url":"https:\/\/www.heddata.se\/webbutik\/produkt\/hp-20-svart-original-blackpatron\/","og_site_name":"Datorer, Skrivare, F\u00e4rgpatroner, Mobiltelefoner","article_modified_time":"2026-05-07T16:28:56+00:00","og_image":[{"width":400,"height":400,"url":"https:\/\/www.heddata.se\/webbutik\/wp-content\/uploads\/webbutik\/kategorier\/Blackpatroner-toners\/HP-20-Svart-Original-Blackpatron-500.jpg","type":"image\/jpeg"}],"twitter_card":"summary_large_image","twitter_misc":{"Ber\u00e4knad l\u00e4stid":"1 minut"},"schema":{"@context":"https:\/\/schema.org","@graph":[{"@type":"WebPage","@id":"https:\/\/www.heddata.se\/webbutik\/produkt\/hp-20-svart-original-blackpatron\/","url":"https:\/\/www.heddata.se\/webbutik\/produkt\/hp-20-svart-original-blackpatron\/","name":"HP 20 Svart Original Bl\u00e4ckpatron 500 sidor - C6614DE","isPartOf":{"@id":"https:\/\/www.heddata.se\/webbutik\/#website"},"primaryImageOfPage":{"@id":"https:\/\/www.heddata.se\/webbutik\/produkt\/hp-20-svart-original-blackpatron\/#primaryimage"},"image":{"@id":"https:\/\/www.heddata.se\/webbutik\/produkt\/hp-20-svart-original-blackpatron\/#primaryimage"},"thumbnailUrl":"https:\/\/www.heddata.se\/webbutik\/wp-content\/uploads\/webbutik\/kategorier\/Blackpatroner-toners\/HP-20-Svart-Original-Blackpatron-500.jpg","datePublished":"2019-11-20T08:07:31+00:00","dateModified":"2026-05-07T16:28:56+00:00","description":"HP 20 Original Bl\u00e4ckpatron SVART. Att v\u00e4lja en Originalpatron fr\u00e5n HP \u00e4r det b\u00e4sta du kan g\u00f6ra f\u00f6r din skrivare. Framtagen f\u00f6r att fungera med HP-skrivare","breadcrumb":{"@id":"https:\/\/www.heddata.se\/webbutik\/produkt\/hp-20-svart-original-blackpatron\/#breadcrumb"},"inLanguage":"sv-SE","potentialAction":[{"@type":"ReadAction","target":["https:\/\/www.heddata.se\/webbutik\/produkt\/hp-20-svart-original-blackpatron\/"]}]},{"@type":"ImageObject","inLanguage":"sv-SE","@id":"https:\/\/www.heddata.se\/webbutik\/produkt\/hp-20-svart-original-blackpatron\/#primaryimage","url":"https:\/\/www.heddata.se\/webbutik\/wp-content\/uploads\/webbutik\/kategorier\/Blackpatroner-toners\/HP-20-Svart-Original-Blackpatron-500.jpg","contentUrl":"https:\/\/www.heddata.se\/webbutik\/wp-content\/uploads\/webbutik\/kategorier\/Blackpatroner-toners\/HP-20-Svart-Original-Blackpatron-500.jpg","width":400,"height":400,"caption":"HP 20 Svart Original Bl\u00e4ckpatron 500 sidor - C6614DE"},{"@type":"BreadcrumbList","@id":"https:\/\/www.heddata.se\/webbutik\/produkt\/hp-20-svart-original-blackpatron\/#breadcrumb","itemListElement":[{"@type":"ListItem","position":1,"name":"Hem","item":"https:\/\/www.heddata.se\/webbutik\/"},{"@type":"ListItem","position":2,"name":"Produkter","item":"https:\/\/www.heddata.se\/webbutik\/shop\/"},{"@type":"ListItem","position":3,"name":"HP 20 Svart Original Bl\u00e4ckpatron 500 sidor &#8211; C6614DE"}]},{"@type":"WebSite","@id":"https:\/\/www.heddata.se\/webbutik\/#website","url":"https:\/\/www.heddata.se\/webbutik\/","name":"Datorer, Skrivare, F\u00e4rgpatroner, Mobiltelefoner","description":"Kablar","publisher":{"@id":"https:\/\/www.heddata.se\/webbutik\/#organization"},"potentialAction":[{"@type":"SearchAction","target":{"@type":"EntryPoint","urlTemplate":"https:\/\/www.heddata.se\/webbutik\/?s={search_term_string}"},"query-input":{"@type":"PropertyValueSpecification","valueRequired":true,"valueName":"search_term_string"}}],"inLanguage":"sv-SE"},{"@type":"Organization","@id":"https:\/\/www.heddata.se\/webbutik\/#organization","name":"Heddata AB","url":"https:\/\/www.heddata.se\/webbutik\/","logo":{"@type":"ImageObject","inLanguage":"sv-SE","@id":"https:\/\/www.heddata.se\/webbutik\/#\/schema\/logo\/image\/","url":"https:\/\/www.heddata.se\/webbutik\/wp-content\/uploads\/logga\/heddata-ab-logga.png","contentUrl":"https:\/\/www.heddata.se\/webbutik\/wp-content\/uploads\/logga\/heddata-ab-logga.png","width":200,"height":64,"caption":"Heddata AB"},"image":{"@id":"https:\/\/www.heddata.se\/webbutik\/#\/schema\/logo\/image\/"}}]}},"_links":{"self":[{"href":"https:\/\/www.heddata.se\/webbutik\/wp-json\/wp\/v2\/product\/7197","targetHints":{"allow":["GET"]}}],"collection":[{"href":"https:\/\/www.heddata.se\/webbutik\/wp-json\/wp\/v2\/product"}],"about":[{"href":"https:\/\/www.heddata.se\/webbutik\/wp-json\/wp\/v2\/types\/product"}],"wp:featuredmedia":[{"embeddable":true,"href":"https:\/\/www.heddata.se\/webbutik\/wp-json\/wp\/v2\/media\/9072"}],"wp:attachment":[{"href":"https:\/\/www.heddata.se\/webbutik\/wp-json\/wp\/v2\/media?parent=7197"}],"wp:term":[{"taxonomy":"product_brand","embeddable":true,"href":"https:\/\/www.heddata.se\/webbutik\/wp-json\/wp\/v2\/product_brand?post=7197"},{"taxonomy":"product_cat","embeddable":true,"href":"https:\/\/www.heddata.se\/webbutik\/wp-json\/wp\/v2\/product_cat?post=7197"},{"taxonomy":"product_tag","embeddable":true,"href":"https:\/\/www.heddata.se\/webbutik\/wp-json\/wp\/v2\/product_tag?post=7197"}],"curies":[{"name":"wp","href":"https:\/\/api.w.org\/{rel}","templated":true}]}}