{"id":7193,"date":"2019-11-20T09:07:31","date_gmt":"2019-11-20T08:07:31","guid":{"rendered":"https:\/\/www.heddata.se\/webbutik\/?post_type=product&#038;p=7193"},"modified":"2026-04-03T18:11:07","modified_gmt":"2026-04-03T16:11:07","slug":"brother-etikett-tejp-tz-241","status":"publish","type":"product","link":"https:\/\/www.heddata.se\/webbutik\/produkt\/brother-etikett-tejp-tz-241\/","title":{"rendered":"Brother Etikett-tejp TZ 241 Vit och svart utskrift &#8211; BROTX241"},"content":{"rendered":"<p>Brother Etikett-tejp TZ 241 Vit och svart. Detta etikettband fr\u00e5n <a href=\"https:\/\/www.brother.se\/\" target=\"_blank\" rel=\"noopener noreferrer\">Brother<\/a> \u00e4r 18mm och ger en svart text p\u00e5 vit bakgrund. Etiketterna t\u00e5l dessutom n\u00e4stan vad som helst. Olja, vatten, starka l\u00f6sningar och m\u00e5nga andra kemikalier \u00e4r inga problem. Perfekt f\u00f6r b\u00e5de hemmet och arbetet\/<a href=\"https:\/\/www.heddata.se\/webbutik\/kontorstillbehor\/\" target=\"_blank\" rel=\"noopener noreferrer\">kontoret<\/a>, och de f\u00e4rdiga etiketterna t\u00e5l slitage samt -50 grader<\/p>\n<p>&nbsp;<\/p>\n","protected":false},"excerpt":{"rendered":"<p>Brother Etikett-tejp TZ 241<\/p>\n","protected":false},"featured_media":9361,"template":"","meta":[],"product_brand":[],"product_cat":[68],"product_tag":[],"class_list":{"0":"post-7193","1":"product","2":"type-product","3":"status-publish","4":"has-post-thumbnail","6":"product_cat-kontorstillbehor","8":"first","9":"instock","10":"taxable","11":"shipping-taxable","12":"purchasable","13":"product-type-simple"},"yoast_head":"<!-- This site is optimized with the Yoast SEO Premium plugin v26.7 (Yoast SEO v26.7) - https:\/\/yoast.com\/wordpress\/plugins\/seo\/ -->\n<title>Brother Etikett-tejp TZ 241 Vit och svart utskrift - BROTX241<\/title>\n<meta name=\"description\" content=\"Brother Etikett-tejp TZ 241 Vit och svart. Detta etikettband \u00e4r 18mm och ger en svart text p\u00e5 vit bakgrund. Etiketterna t\u00e5l dessutom n\u00e4stan vad som helst\" \/>\n<meta name=\"robots\" content=\"index, follow, max-snippet:-1, max-image-preview:large, max-video-preview:-1\" \/>\n<link rel=\"canonical\" href=\"https:\/\/www.heddata.se\/webbutik\/produkt\/brother-etikett-tejp-tz-241\/\" \/>\n<meta property=\"og:locale\" content=\"sv_SE\" \/>\n<meta property=\"og:type\" content=\"article\" \/>\n<meta property=\"og:title\" content=\"Brother Etikett-tejp TZ 241 Vit och svart utskrift - BROTX241\" \/>\n<meta property=\"og:description\" content=\"Brother Etikett-tejp TZ 241 Vit och svart. Detta etikettband \u00e4r 18mm och ger en svart text p\u00e5 vit bakgrund. Etiketterna t\u00e5l dessutom n\u00e4stan vad som helst\" \/>\n<meta property=\"og:url\" content=\"https:\/\/www.heddata.se\/webbutik\/produkt\/brother-etikett-tejp-tz-241\/\" \/>\n<meta property=\"og:site_name\" content=\"Datorer, Skrivare, F\u00e4rgpatroner, Mobiltelefoner\" \/>\n<meta property=\"article:modified_time\" content=\"2026-04-03T16:11:07+00:00\" \/>\n<meta property=\"og:image\" content=\"https:\/\/www.heddata.se\/webbutik\/wp-content\/uploads\/webbutik\/kategorier\/Kontorstillbehor\/Brother-Etikett-tejp-TZ-241-Vit-och-svart-utskrift-BROTX241.jpg\" \/>\n\t<meta property=\"og:image:width\" content=\"800\" \/>\n\t<meta property=\"og:image:height\" content=\"800\" \/>\n\t<meta property=\"og:image:type\" content=\"image\/jpeg\" \/>\n<meta name=\"twitter:card\" content=\"summary_large_image\" \/>\n<script type=\"application\/ld+json\" class=\"yoast-schema-graph\">{\"@context\":\"https:\/\/schema.org\",\"@graph\":[{\"@type\":\"WebPage\",\"@id\":\"https:\/\/www.heddata.se\/webbutik\/produkt\/brother-etikett-tejp-tz-241\/\",\"url\":\"https:\/\/www.heddata.se\/webbutik\/produkt\/brother-etikett-tejp-tz-241\/\",\"name\":\"Brother Etikett-tejp TZ 241 Vit och svart utskrift - BROTX241\",\"isPartOf\":{\"@id\":\"https:\/\/www.heddata.se\/webbutik\/#website\"},\"primaryImageOfPage\":{\"@id\":\"https:\/\/www.heddata.se\/webbutik\/produkt\/brother-etikett-tejp-tz-241\/#primaryimage\"},\"image\":{\"@id\":\"https:\/\/www.heddata.se\/webbutik\/produkt\/brother-etikett-tejp-tz-241\/#primaryimage\"},\"thumbnailUrl\":\"https:\/\/www.heddata.se\/webbutik\/wp-content\/uploads\/webbutik\/kategorier\/Kontorstillbehor\/Brother-Etikett-tejp-TZ-241-Vit-och-svart-utskrift-BROTX241.jpg\",\"datePublished\":\"2019-11-20T08:07:31+00:00\",\"dateModified\":\"2026-04-03T16:11:07+00:00\",\"description\":\"Brother Etikett-tejp TZ 241 Vit och svart. Detta etikettband \u00e4r 18mm och ger en svart text p\u00e5 vit bakgrund. Etiketterna t\u00e5l dessutom n\u00e4stan vad som helst\",\"breadcrumb\":{\"@id\":\"https:\/\/www.heddata.se\/webbutik\/produkt\/brother-etikett-tejp-tz-241\/#breadcrumb\"},\"inLanguage\":\"sv-SE\",\"potentialAction\":[{\"@type\":\"ReadAction\",\"target\":[\"https:\/\/www.heddata.se\/webbutik\/produkt\/brother-etikett-tejp-tz-241\/\"]}]},{\"@type\":\"ImageObject\",\"inLanguage\":\"sv-SE\",\"@id\":\"https:\/\/www.heddata.se\/webbutik\/produkt\/brother-etikett-tejp-tz-241\/#primaryimage\",\"url\":\"https:\/\/www.heddata.se\/webbutik\/wp-content\/uploads\/webbutik\/kategorier\/Kontorstillbehor\/Brother-Etikett-tejp-TZ-241-Vit-och-svart-utskrift-BROTX241.jpg\",\"contentUrl\":\"https:\/\/www.heddata.se\/webbutik\/wp-content\/uploads\/webbutik\/kategorier\/Kontorstillbehor\/Brother-Etikett-tejp-TZ-241-Vit-och-svart-utskrift-BROTX241.jpg\",\"width\":800,\"height\":800,\"caption\":\"Brother Etikett-tejp TZ 241 Vit och svart utskrift - BROTX241\"},{\"@type\":\"BreadcrumbList\",\"@id\":\"https:\/\/www.heddata.se\/webbutik\/produkt\/brother-etikett-tejp-tz-241\/#breadcrumb\",\"itemListElement\":[{\"@type\":\"ListItem\",\"position\":1,\"name\":\"Hem\",\"item\":\"https:\/\/www.heddata.se\/webbutik\/\"},{\"@type\":\"ListItem\",\"position\":2,\"name\":\"Produkter\",\"item\":\"https:\/\/www.heddata.se\/webbutik\/shop\/\"},{\"@type\":\"ListItem\",\"position\":3,\"name\":\"Brother Etikett-tejp TZ 241 Vit och svart utskrift &#8211; BROTX241\"}]},{\"@type\":\"WebSite\",\"@id\":\"https:\/\/www.heddata.se\/webbutik\/#website\",\"url\":\"https:\/\/www.heddata.se\/webbutik\/\",\"name\":\"Datorer, Skrivare, F\u00e4rgpatroner, Mobiltelefoner\",\"description\":\"Kablar\",\"publisher\":{\"@id\":\"https:\/\/www.heddata.se\/webbutik\/#organization\"},\"potentialAction\":[{\"@type\":\"SearchAction\",\"target\":{\"@type\":\"EntryPoint\",\"urlTemplate\":\"https:\/\/www.heddata.se\/webbutik\/?s={search_term_string}\"},\"query-input\":{\"@type\":\"PropertyValueSpecification\",\"valueRequired\":true,\"valueName\":\"search_term_string\"}}],\"inLanguage\":\"sv-SE\"},{\"@type\":\"Organization\",\"@id\":\"https:\/\/www.heddata.se\/webbutik\/#organization\",\"name\":\"Heddata AB\",\"url\":\"https:\/\/www.heddata.se\/webbutik\/\",\"logo\":{\"@type\":\"ImageObject\",\"inLanguage\":\"sv-SE\",\"@id\":\"https:\/\/www.heddata.se\/webbutik\/#\/schema\/logo\/image\/\",\"url\":\"https:\/\/www.heddata.se\/webbutik\/wp-content\/uploads\/logga\/heddata-ab-logga.png\",\"contentUrl\":\"https:\/\/www.heddata.se\/webbutik\/wp-content\/uploads\/logga\/heddata-ab-logga.png\",\"width\":200,\"height\":64,\"caption\":\"Heddata AB\"},\"image\":{\"@id\":\"https:\/\/www.heddata.se\/webbutik\/#\/schema\/logo\/image\/\"}}]}<\/script>\n<!-- \/ Yoast SEO Premium plugin. -->","yoast_head_json":{"title":"Brother Etikett-tejp TZ 241 Vit och svart utskrift - BROTX241","description":"Brother Etikett-tejp TZ 241 Vit och svart. Detta etikettband \u00e4r 18mm och ger en svart text p\u00e5 vit bakgrund. Etiketterna t\u00e5l dessutom n\u00e4stan vad som helst","robots":{"index":"index","follow":"follow","max-snippet":"max-snippet:-1","max-image-preview":"max-image-preview:large","max-video-preview":"max-video-preview:-1"},"canonical":"https:\/\/www.heddata.se\/webbutik\/produkt\/brother-etikett-tejp-tz-241\/","og_locale":"sv_SE","og_type":"article","og_title":"Brother Etikett-tejp TZ 241 Vit och svart utskrift - BROTX241","og_description":"Brother Etikett-tejp TZ 241 Vit och svart. Detta etikettband \u00e4r 18mm och ger en svart text p\u00e5 vit bakgrund. Etiketterna t\u00e5l dessutom n\u00e4stan vad som helst","og_url":"https:\/\/www.heddata.se\/webbutik\/produkt\/brother-etikett-tejp-tz-241\/","og_site_name":"Datorer, Skrivare, F\u00e4rgpatroner, Mobiltelefoner","article_modified_time":"2026-04-03T16:11:07+00:00","og_image":[{"width":800,"height":800,"url":"https:\/\/www.heddata.se\/webbutik\/wp-content\/uploads\/webbutik\/kategorier\/Kontorstillbehor\/Brother-Etikett-tejp-TZ-241-Vit-och-svart-utskrift-BROTX241.jpg","type":"image\/jpeg"}],"twitter_card":"summary_large_image","schema":{"@context":"https:\/\/schema.org","@graph":[{"@type":"WebPage","@id":"https:\/\/www.heddata.se\/webbutik\/produkt\/brother-etikett-tejp-tz-241\/","url":"https:\/\/www.heddata.se\/webbutik\/produkt\/brother-etikett-tejp-tz-241\/","name":"Brother Etikett-tejp TZ 241 Vit och svart utskrift - BROTX241","isPartOf":{"@id":"https:\/\/www.heddata.se\/webbutik\/#website"},"primaryImageOfPage":{"@id":"https:\/\/www.heddata.se\/webbutik\/produkt\/brother-etikett-tejp-tz-241\/#primaryimage"},"image":{"@id":"https:\/\/www.heddata.se\/webbutik\/produkt\/brother-etikett-tejp-tz-241\/#primaryimage"},"thumbnailUrl":"https:\/\/www.heddata.se\/webbutik\/wp-content\/uploads\/webbutik\/kategorier\/Kontorstillbehor\/Brother-Etikett-tejp-TZ-241-Vit-och-svart-utskrift-BROTX241.jpg","datePublished":"2019-11-20T08:07:31+00:00","dateModified":"2026-04-03T16:11:07+00:00","description":"Brother Etikett-tejp TZ 241 Vit och svart. Detta etikettband \u00e4r 18mm och ger en svart text p\u00e5 vit bakgrund. Etiketterna t\u00e5l dessutom n\u00e4stan vad som helst","breadcrumb":{"@id":"https:\/\/www.heddata.se\/webbutik\/produkt\/brother-etikett-tejp-tz-241\/#breadcrumb"},"inLanguage":"sv-SE","potentialAction":[{"@type":"ReadAction","target":["https:\/\/www.heddata.se\/webbutik\/produkt\/brother-etikett-tejp-tz-241\/"]}]},{"@type":"ImageObject","inLanguage":"sv-SE","@id":"https:\/\/www.heddata.se\/webbutik\/produkt\/brother-etikett-tejp-tz-241\/#primaryimage","url":"https:\/\/www.heddata.se\/webbutik\/wp-content\/uploads\/webbutik\/kategorier\/Kontorstillbehor\/Brother-Etikett-tejp-TZ-241-Vit-och-svart-utskrift-BROTX241.jpg","contentUrl":"https:\/\/www.heddata.se\/webbutik\/wp-content\/uploads\/webbutik\/kategorier\/Kontorstillbehor\/Brother-Etikett-tejp-TZ-241-Vit-och-svart-utskrift-BROTX241.jpg","width":800,"height":800,"caption":"Brother Etikett-tejp TZ 241 Vit och svart utskrift - BROTX241"},{"@type":"BreadcrumbList","@id":"https:\/\/www.heddata.se\/webbutik\/produkt\/brother-etikett-tejp-tz-241\/#breadcrumb","itemListElement":[{"@type":"ListItem","position":1,"name":"Hem","item":"https:\/\/www.heddata.se\/webbutik\/"},{"@type":"ListItem","position":2,"name":"Produkter","item":"https:\/\/www.heddata.se\/webbutik\/shop\/"},{"@type":"ListItem","position":3,"name":"Brother Etikett-tejp TZ 241 Vit och svart utskrift &#8211; BROTX241"}]},{"@type":"WebSite","@id":"https:\/\/www.heddata.se\/webbutik\/#website","url":"https:\/\/www.heddata.se\/webbutik\/","name":"Datorer, Skrivare, F\u00e4rgpatroner, Mobiltelefoner","description":"Kablar","publisher":{"@id":"https:\/\/www.heddata.se\/webbutik\/#organization"},"potentialAction":[{"@type":"SearchAction","target":{"@type":"EntryPoint","urlTemplate":"https:\/\/www.heddata.se\/webbutik\/?s={search_term_string}"},"query-input":{"@type":"PropertyValueSpecification","valueRequired":true,"valueName":"search_term_string"}}],"inLanguage":"sv-SE"},{"@type":"Organization","@id":"https:\/\/www.heddata.se\/webbutik\/#organization","name":"Heddata AB","url":"https:\/\/www.heddata.se\/webbutik\/","logo":{"@type":"ImageObject","inLanguage":"sv-SE","@id":"https:\/\/www.heddata.se\/webbutik\/#\/schema\/logo\/image\/","url":"https:\/\/www.heddata.se\/webbutik\/wp-content\/uploads\/logga\/heddata-ab-logga.png","contentUrl":"https:\/\/www.heddata.se\/webbutik\/wp-content\/uploads\/logga\/heddata-ab-logga.png","width":200,"height":64,"caption":"Heddata AB"},"image":{"@id":"https:\/\/www.heddata.se\/webbutik\/#\/schema\/logo\/image\/"}}]}},"_links":{"self":[{"href":"https:\/\/www.heddata.se\/webbutik\/wp-json\/wp\/v2\/product\/7193","targetHints":{"allow":["GET"]}}],"collection":[{"href":"https:\/\/www.heddata.se\/webbutik\/wp-json\/wp\/v2\/product"}],"about":[{"href":"https:\/\/www.heddata.se\/webbutik\/wp-json\/wp\/v2\/types\/product"}],"wp:featuredmedia":[{"embeddable":true,"href":"https:\/\/www.heddata.se\/webbutik\/wp-json\/wp\/v2\/media\/9361"}],"wp:attachment":[{"href":"https:\/\/www.heddata.se\/webbutik\/wp-json\/wp\/v2\/media?parent=7193"}],"wp:term":[{"taxonomy":"product_brand","embeddable":true,"href":"https:\/\/www.heddata.se\/webbutik\/wp-json\/wp\/v2\/product_brand?post=7193"},{"taxonomy":"product_cat","embeddable":true,"href":"https:\/\/www.heddata.se\/webbutik\/wp-json\/wp\/v2\/product_cat?post=7193"},{"taxonomy":"product_tag","embeddable":true,"href":"https:\/\/www.heddata.se\/webbutik\/wp-json\/wp\/v2\/product_tag?post=7193"}],"curies":[{"name":"wp","href":"https:\/\/api.w.org\/{rel}","templated":true}]}}