{"id":7184,"date":"2019-11-20T09:07:31","date_gmt":"2019-11-20T08:07:31","guid":{"rendered":"https:\/\/www.heddata.se\/webbutik\/?post_type=product&#038;p=7184"},"modified":"2026-04-15T18:11:02","modified_gmt":"2026-04-15T16:11:02","slug":"targus-2-in-1-penna-stylus","status":"publish","type":"product","link":"https:\/\/www.heddata.se\/webbutik\/produkt\/targus-2-in-1-penna-stylus\/","title":{"rendered":"Targus 2-in-1 Pen Stylus (For All Touch Screen Devices) Black &#8211; AMM163EU"},"content":{"rendered":"<p><span>Targus 2-in-1 Penna. Tillverkad av <a href=\"https:\/\/uk.targus.com\/\" target=\"_blank\" rel=\"noopener noreferrer\">Targus<\/a>, \u00e4r den h\u00e4r pennan \u00e4ndrar hur du anv\u00e4nder din peksk\u00e4rmsenhet tack vare den strukturerade, slitstarka, h\u00f6gpresterande spetsen. Med en f\u00f6rb\u00e4ttrad noggrannhet och en extremt responsiv k\u00e4nsla som \u00e4r j\u00e4mnare. Du kan g\u00f6ra anteckningar p\u00e5 papper med den sl\u00e4ta kulspetspennan, det \u00e4r d\u00e4rf\u00f6r den kallas 2-i-1. <\/span><span style=\"font-size: 14.4px;\">Med en smart twist penna design, det finns inget lock att f\u00f6rlora.\u00a0<\/span><span style=\"font-size: 14.4px;\">Det h\u00f6gpresterande tipset glider \u00f6ver sk\u00e4rmen p\u00e5 mikrofickor med luft. Detta resulterar i f\u00f6rb\u00e4ttrad noggrannhet och utm\u00e4rkt k\u00e4nslighet n\u00e4r du anv\u00e4nder dina applikationer.<\/span><\/p>\n","protected":false},"excerpt":{"rendered":"<p>Targus 2-in-1 Pen Stylus<\/p>\n","protected":false},"featured_media":9363,"template":"","meta":[],"product_brand":[],"product_cat":[153,69],"product_tag":[],"class_list":{"0":"post-7184","1":"product","2":"type-product","3":"status-publish","4":"has-post-thumbnail","6":"product_cat-ovrigt-telefontillbehor","7":"product_cat-telefontillbehor","9":"first","10":"instock","11":"taxable","12":"shipping-taxable","13":"purchasable","14":"product-type-simple"},"yoast_head":"<!-- This site is optimized with the Yoast SEO Premium plugin v26.7 (Yoast SEO v26.7) - https:\/\/yoast.com\/wordpress\/plugins\/seo\/ -->\n<title>Targus 2-in-1 Penna Stylus (For All Touch Screen Devices) Black<\/title>\n<meta name=\"description\" content=\"Targus 2-in-1 Penna. Den h\u00e4r pennan \u00e4ndrar hur du anv\u00e4nder din peksk\u00e4rmsenhet tack vare den strukturerade, slitstarka, h\u00f6gpresterande spetsen.\" \/>\n<meta name=\"robots\" content=\"index, follow, max-snippet:-1, max-image-preview:large, max-video-preview:-1\" \/>\n<link rel=\"canonical\" href=\"https:\/\/www.heddata.se\/webbutik\/produkt\/targus-2-in-1-penna-stylus\/\" \/>\n<meta property=\"og:locale\" content=\"sv_SE\" \/>\n<meta property=\"og:type\" content=\"article\" \/>\n<meta property=\"og:title\" content=\"Targus 2-in-1 Pen Stylus (For All Touch Screen Devices) Black - AMM163EU\" \/>\n<meta property=\"og:description\" content=\"Targus 2-in-1 Penna. Den h\u00e4r pennan \u00e4ndrar hur du anv\u00e4nder din peksk\u00e4rmsenhet tack vare den strukturerade, slitstarka, h\u00f6gpresterande spetsen.\" \/>\n<meta property=\"og:url\" content=\"https:\/\/www.heddata.se\/webbutik\/produkt\/targus-2-in-1-penna-stylus\/\" \/>\n<meta property=\"og:site_name\" content=\"Datorer, Skrivare, F\u00e4rgpatroner, Mobiltelefoner\" \/>\n<meta property=\"article:modified_time\" content=\"2026-04-15T16:11:02+00:00\" \/>\n<meta property=\"og:image\" content=\"https:\/\/www.heddata.se\/webbutik\/wp-content\/uploads\/webbutik\/kategorier\/Telefontillbehor\/Targus-2-in-1-Pen-Stylus-Black-AMM163EU.jpg\" \/>\n\t<meta property=\"og:image:width\" content=\"1200\" \/>\n\t<meta property=\"og:image:height\" content=\"900\" \/>\n\t<meta property=\"og:image:type\" content=\"image\/jpeg\" \/>\n<meta name=\"twitter:card\" content=\"summary_large_image\" \/>\n<meta name=\"twitter:label1\" content=\"Ber\u00e4knad l\u00e4stid\" \/>\n\t<meta name=\"twitter:data1\" content=\"1 minut\" \/>\n<script type=\"application\/ld+json\" class=\"yoast-schema-graph\">{\"@context\":\"https:\/\/schema.org\",\"@graph\":[{\"@type\":\"WebPage\",\"@id\":\"https:\/\/www.heddata.se\/webbutik\/produkt\/targus-2-in-1-penna-stylus\/\",\"url\":\"https:\/\/www.heddata.se\/webbutik\/produkt\/targus-2-in-1-penna-stylus\/\",\"name\":\"Targus 2-in-1 Penna Stylus (For All Touch Screen Devices) Black\",\"isPartOf\":{\"@id\":\"https:\/\/www.heddata.se\/webbutik\/#website\"},\"primaryImageOfPage\":{\"@id\":\"https:\/\/www.heddata.se\/webbutik\/produkt\/targus-2-in-1-penna-stylus\/#primaryimage\"},\"image\":{\"@id\":\"https:\/\/www.heddata.se\/webbutik\/produkt\/targus-2-in-1-penna-stylus\/#primaryimage\"},\"thumbnailUrl\":\"https:\/\/www.heddata.se\/webbutik\/wp-content\/uploads\/webbutik\/kategorier\/Telefontillbehor\/Targus-2-in-1-Pen-Stylus-Black-AMM163EU.jpg\",\"datePublished\":\"2019-11-20T08:07:31+00:00\",\"dateModified\":\"2026-04-15T16:11:02+00:00\",\"description\":\"Targus 2-in-1 Penna. Den h\u00e4r pennan \u00e4ndrar hur du anv\u00e4nder din peksk\u00e4rmsenhet tack vare den strukturerade, slitstarka, h\u00f6gpresterande spetsen.\",\"breadcrumb\":{\"@id\":\"https:\/\/www.heddata.se\/webbutik\/produkt\/targus-2-in-1-penna-stylus\/#breadcrumb\"},\"inLanguage\":\"sv-SE\",\"potentialAction\":[{\"@type\":\"ReadAction\",\"target\":[\"https:\/\/www.heddata.se\/webbutik\/produkt\/targus-2-in-1-penna-stylus\/\"]}]},{\"@type\":\"ImageObject\",\"inLanguage\":\"sv-SE\",\"@id\":\"https:\/\/www.heddata.se\/webbutik\/produkt\/targus-2-in-1-penna-stylus\/#primaryimage\",\"url\":\"https:\/\/www.heddata.se\/webbutik\/wp-content\/uploads\/webbutik\/kategorier\/Telefontillbehor\/Targus-2-in-1-Pen-Stylus-Black-AMM163EU.jpg\",\"contentUrl\":\"https:\/\/www.heddata.se\/webbutik\/wp-content\/uploads\/webbutik\/kategorier\/Telefontillbehor\/Targus-2-in-1-Pen-Stylus-Black-AMM163EU.jpg\",\"width\":1200,\"height\":900,\"caption\":\"Targus 2-in-1 Pen Stylus (For All Touch Screen Devices) Black - AMM163EU\"},{\"@type\":\"BreadcrumbList\",\"@id\":\"https:\/\/www.heddata.se\/webbutik\/produkt\/targus-2-in-1-penna-stylus\/#breadcrumb\",\"itemListElement\":[{\"@type\":\"ListItem\",\"position\":1,\"name\":\"Hem\",\"item\":\"https:\/\/www.heddata.se\/webbutik\/\"},{\"@type\":\"ListItem\",\"position\":2,\"name\":\"Produkter\",\"item\":\"https:\/\/www.heddata.se\/webbutik\/shop\/\"},{\"@type\":\"ListItem\",\"position\":3,\"name\":\"Targus 2-in-1 Pen Stylus (For All Touch Screen Devices) Black &#8211; AMM163EU\"}]},{\"@type\":\"WebSite\",\"@id\":\"https:\/\/www.heddata.se\/webbutik\/#website\",\"url\":\"https:\/\/www.heddata.se\/webbutik\/\",\"name\":\"Datorer, Skrivare, F\u00e4rgpatroner, Mobiltelefoner\",\"description\":\"Kablar\",\"publisher\":{\"@id\":\"https:\/\/www.heddata.se\/webbutik\/#organization\"},\"potentialAction\":[{\"@type\":\"SearchAction\",\"target\":{\"@type\":\"EntryPoint\",\"urlTemplate\":\"https:\/\/www.heddata.se\/webbutik\/?s={search_term_string}\"},\"query-input\":{\"@type\":\"PropertyValueSpecification\",\"valueRequired\":true,\"valueName\":\"search_term_string\"}}],\"inLanguage\":\"sv-SE\"},{\"@type\":\"Organization\",\"@id\":\"https:\/\/www.heddata.se\/webbutik\/#organization\",\"name\":\"Heddata AB\",\"url\":\"https:\/\/www.heddata.se\/webbutik\/\",\"logo\":{\"@type\":\"ImageObject\",\"inLanguage\":\"sv-SE\",\"@id\":\"https:\/\/www.heddata.se\/webbutik\/#\/schema\/logo\/image\/\",\"url\":\"https:\/\/www.heddata.se\/webbutik\/wp-content\/uploads\/logga\/heddata-ab-logga.png\",\"contentUrl\":\"https:\/\/www.heddata.se\/webbutik\/wp-content\/uploads\/logga\/heddata-ab-logga.png\",\"width\":200,\"height\":64,\"caption\":\"Heddata AB\"},\"image\":{\"@id\":\"https:\/\/www.heddata.se\/webbutik\/#\/schema\/logo\/image\/\"}}]}<\/script>\n<!-- \/ Yoast SEO Premium plugin. -->","yoast_head_json":{"title":"Targus 2-in-1 Penna Stylus (For All Touch Screen Devices) Black","description":"Targus 2-in-1 Penna. Den h\u00e4r pennan \u00e4ndrar hur du anv\u00e4nder din peksk\u00e4rmsenhet tack vare den strukturerade, slitstarka, h\u00f6gpresterande spetsen.","robots":{"index":"index","follow":"follow","max-snippet":"max-snippet:-1","max-image-preview":"max-image-preview:large","max-video-preview":"max-video-preview:-1"},"canonical":"https:\/\/www.heddata.se\/webbutik\/produkt\/targus-2-in-1-penna-stylus\/","og_locale":"sv_SE","og_type":"article","og_title":"Targus 2-in-1 Pen Stylus (For All Touch Screen Devices) Black - AMM163EU","og_description":"Targus 2-in-1 Penna. Den h\u00e4r pennan \u00e4ndrar hur du anv\u00e4nder din peksk\u00e4rmsenhet tack vare den strukturerade, slitstarka, h\u00f6gpresterande spetsen.","og_url":"https:\/\/www.heddata.se\/webbutik\/produkt\/targus-2-in-1-penna-stylus\/","og_site_name":"Datorer, Skrivare, F\u00e4rgpatroner, Mobiltelefoner","article_modified_time":"2026-04-15T16:11:02+00:00","og_image":[{"width":1200,"height":900,"url":"https:\/\/www.heddata.se\/webbutik\/wp-content\/uploads\/webbutik\/kategorier\/Telefontillbehor\/Targus-2-in-1-Pen-Stylus-Black-AMM163EU.jpg","type":"image\/jpeg"}],"twitter_card":"summary_large_image","twitter_misc":{"Ber\u00e4knad l\u00e4stid":"1 minut"},"schema":{"@context":"https:\/\/schema.org","@graph":[{"@type":"WebPage","@id":"https:\/\/www.heddata.se\/webbutik\/produkt\/targus-2-in-1-penna-stylus\/","url":"https:\/\/www.heddata.se\/webbutik\/produkt\/targus-2-in-1-penna-stylus\/","name":"Targus 2-in-1 Penna Stylus (For All Touch Screen Devices) Black","isPartOf":{"@id":"https:\/\/www.heddata.se\/webbutik\/#website"},"primaryImageOfPage":{"@id":"https:\/\/www.heddata.se\/webbutik\/produkt\/targus-2-in-1-penna-stylus\/#primaryimage"},"image":{"@id":"https:\/\/www.heddata.se\/webbutik\/produkt\/targus-2-in-1-penna-stylus\/#primaryimage"},"thumbnailUrl":"https:\/\/www.heddata.se\/webbutik\/wp-content\/uploads\/webbutik\/kategorier\/Telefontillbehor\/Targus-2-in-1-Pen-Stylus-Black-AMM163EU.jpg","datePublished":"2019-11-20T08:07:31+00:00","dateModified":"2026-04-15T16:11:02+00:00","description":"Targus 2-in-1 Penna. Den h\u00e4r pennan \u00e4ndrar hur du anv\u00e4nder din peksk\u00e4rmsenhet tack vare den strukturerade, slitstarka, h\u00f6gpresterande spetsen.","breadcrumb":{"@id":"https:\/\/www.heddata.se\/webbutik\/produkt\/targus-2-in-1-penna-stylus\/#breadcrumb"},"inLanguage":"sv-SE","potentialAction":[{"@type":"ReadAction","target":["https:\/\/www.heddata.se\/webbutik\/produkt\/targus-2-in-1-penna-stylus\/"]}]},{"@type":"ImageObject","inLanguage":"sv-SE","@id":"https:\/\/www.heddata.se\/webbutik\/produkt\/targus-2-in-1-penna-stylus\/#primaryimage","url":"https:\/\/www.heddata.se\/webbutik\/wp-content\/uploads\/webbutik\/kategorier\/Telefontillbehor\/Targus-2-in-1-Pen-Stylus-Black-AMM163EU.jpg","contentUrl":"https:\/\/www.heddata.se\/webbutik\/wp-content\/uploads\/webbutik\/kategorier\/Telefontillbehor\/Targus-2-in-1-Pen-Stylus-Black-AMM163EU.jpg","width":1200,"height":900,"caption":"Targus 2-in-1 Pen Stylus (For All Touch Screen Devices) Black - AMM163EU"},{"@type":"BreadcrumbList","@id":"https:\/\/www.heddata.se\/webbutik\/produkt\/targus-2-in-1-penna-stylus\/#breadcrumb","itemListElement":[{"@type":"ListItem","position":1,"name":"Hem","item":"https:\/\/www.heddata.se\/webbutik\/"},{"@type":"ListItem","position":2,"name":"Produkter","item":"https:\/\/www.heddata.se\/webbutik\/shop\/"},{"@type":"ListItem","position":3,"name":"Targus 2-in-1 Pen Stylus (For All Touch Screen Devices) Black &#8211; AMM163EU"}]},{"@type":"WebSite","@id":"https:\/\/www.heddata.se\/webbutik\/#website","url":"https:\/\/www.heddata.se\/webbutik\/","name":"Datorer, Skrivare, F\u00e4rgpatroner, Mobiltelefoner","description":"Kablar","publisher":{"@id":"https:\/\/www.heddata.se\/webbutik\/#organization"},"potentialAction":[{"@type":"SearchAction","target":{"@type":"EntryPoint","urlTemplate":"https:\/\/www.heddata.se\/webbutik\/?s={search_term_string}"},"query-input":{"@type":"PropertyValueSpecification","valueRequired":true,"valueName":"search_term_string"}}],"inLanguage":"sv-SE"},{"@type":"Organization","@id":"https:\/\/www.heddata.se\/webbutik\/#organization","name":"Heddata AB","url":"https:\/\/www.heddata.se\/webbutik\/","logo":{"@type":"ImageObject","inLanguage":"sv-SE","@id":"https:\/\/www.heddata.se\/webbutik\/#\/schema\/logo\/image\/","url":"https:\/\/www.heddata.se\/webbutik\/wp-content\/uploads\/logga\/heddata-ab-logga.png","contentUrl":"https:\/\/www.heddata.se\/webbutik\/wp-content\/uploads\/logga\/heddata-ab-logga.png","width":200,"height":64,"caption":"Heddata AB"},"image":{"@id":"https:\/\/www.heddata.se\/webbutik\/#\/schema\/logo\/image\/"}}]}},"_links":{"self":[{"href":"https:\/\/www.heddata.se\/webbutik\/wp-json\/wp\/v2\/product\/7184","targetHints":{"allow":["GET"]}}],"collection":[{"href":"https:\/\/www.heddata.se\/webbutik\/wp-json\/wp\/v2\/product"}],"about":[{"href":"https:\/\/www.heddata.se\/webbutik\/wp-json\/wp\/v2\/types\/product"}],"wp:featuredmedia":[{"embeddable":true,"href":"https:\/\/www.heddata.se\/webbutik\/wp-json\/wp\/v2\/media\/9363"}],"wp:attachment":[{"href":"https:\/\/www.heddata.se\/webbutik\/wp-json\/wp\/v2\/media?parent=7184"}],"wp:term":[{"taxonomy":"product_brand","embeddable":true,"href":"https:\/\/www.heddata.se\/webbutik\/wp-json\/wp\/v2\/product_brand?post=7184"},{"taxonomy":"product_cat","embeddable":true,"href":"https:\/\/www.heddata.se\/webbutik\/wp-json\/wp\/v2\/product_cat?post=7184"},{"taxonomy":"product_tag","embeddable":true,"href":"https:\/\/www.heddata.se\/webbutik\/wp-json\/wp\/v2\/product_tag?post=7184"}],"curies":[{"name":"wp","href":"https:\/\/api.w.org\/{rel}","templated":true}]}}