{"id":7179,"date":"2019-11-20T09:07:28","date_gmt":"2019-11-20T08:07:28","guid":{"rendered":"https:\/\/www.heddata.se\/webbutik\/?post_type=product&#038;p=7179"},"modified":"2026-04-08T12:09:06","modified_gmt":"2026-04-08T10:09:06","slug":"voyager-legend-eartips-medium","status":"publish","type":"product","link":"https:\/\/www.heddata.se\/webbutik\/produkt\/voyager-legend-eartips-medium\/","title":{"rendered":"Voyager Legend Eartips &#8211; Medium &#8211; 987955088ST"},"content":{"rendered":"<p><span>Voyager Legend Eartips. Ers\u00e4ttning-pluggar f\u00f6r <a href=\"https:\/\/www.plantronics.com\/se\/sv\" target=\"_blank\" rel=\"noopener noreferrer\">Plantronics<\/a> Voyager Legend-headsetet finns i tre olika storlekar: sm\u00e5, medelstora och stora. <\/span><span>Varje paket inneh\u00e5ller 3 silikon-\u00f6ronpluggar i samma storlek, plus tre \u00f6ronkuddar i skum<\/span><\/p>\n","protected":false},"excerpt":{"rendered":"<p>Ers\u00e4ttnings\u00f6rsats f\u00f6r Plantronics Voyager<\/p>\n","protected":false},"featured_media":9140,"template":"","meta":[],"product_brand":[],"product_cat":[119],"product_tag":[],"class_list":{"0":"post-7179","1":"product","2":"type-product","3":"status-publish","4":"has-post-thumbnail","6":"product_cat-horlurar-headset","8":"first","9":"instock","10":"taxable","11":"shipping-taxable","12":"purchasable","13":"product-type-simple"},"yoast_head":"<!-- This site is optimized with the Yoast SEO Premium plugin v26.7 (Yoast SEO v26.7) - https:\/\/yoast.com\/wordpress\/plugins\/seo\/ -->\n<title>Voyager Legend Eartips - Medium - 987955088ST<\/title>\n<meta name=\"description\" content=\"Voyager Legend Eartips. Ers\u00e4ttning-pluggar f\u00f6r Plantronics Voyager Legend-headsetet finns i tre olika storlekar: sm\u00e5, medelstora och stora.\" \/>\n<meta name=\"robots\" content=\"index, follow, max-snippet:-1, max-image-preview:large, max-video-preview:-1\" \/>\n<link rel=\"canonical\" href=\"https:\/\/www.heddata.se\/webbutik\/produkt\/voyager-legend-eartips-medium\/\" \/>\n<meta property=\"og:locale\" content=\"sv_SE\" \/>\n<meta property=\"og:type\" content=\"article\" \/>\n<meta property=\"og:title\" content=\"Voyager Legend Eartips - Medium - 987955088ST\" \/>\n<meta property=\"og:description\" content=\"Voyager Legend Eartips. Ers\u00e4ttning-pluggar f\u00f6r Plantronics Voyager Legend-headsetet finns i tre olika storlekar: sm\u00e5, medelstora och stora.\" \/>\n<meta property=\"og:url\" content=\"https:\/\/www.heddata.se\/webbutik\/produkt\/voyager-legend-eartips-medium\/\" \/>\n<meta property=\"og:site_name\" content=\"Datorer, Skrivare, F\u00e4rgpatroner, Mobiltelefoner\" \/>\n<meta property=\"article:modified_time\" content=\"2026-04-08T10:09:06+00:00\" \/>\n<meta property=\"og:image\" content=\"https:\/\/www.heddata.se\/webbutik\/wp-content\/uploads\/webbutik\/kategorier\/horlurar\/Voyager-Legend-Eartips-Medium-987955088ST.jpg\" \/>\n\t<meta property=\"og:image:width\" content=\"400\" \/>\n\t<meta property=\"og:image:height\" content=\"300\" \/>\n\t<meta property=\"og:image:type\" content=\"image\/jpeg\" \/>\n<meta name=\"twitter:card\" content=\"summary_large_image\" \/>\n<script type=\"application\/ld+json\" class=\"yoast-schema-graph\">{\"@context\":\"https:\/\/schema.org\",\"@graph\":[{\"@type\":\"WebPage\",\"@id\":\"https:\/\/www.heddata.se\/webbutik\/produkt\/voyager-legend-eartips-medium\/\",\"url\":\"https:\/\/www.heddata.se\/webbutik\/produkt\/voyager-legend-eartips-medium\/\",\"name\":\"Voyager Legend Eartips - Medium - 987955088ST\",\"isPartOf\":{\"@id\":\"https:\/\/www.heddata.se\/webbutik\/#website\"},\"primaryImageOfPage\":{\"@id\":\"https:\/\/www.heddata.se\/webbutik\/produkt\/voyager-legend-eartips-medium\/#primaryimage\"},\"image\":{\"@id\":\"https:\/\/www.heddata.se\/webbutik\/produkt\/voyager-legend-eartips-medium\/#primaryimage\"},\"thumbnailUrl\":\"https:\/\/www.heddata.se\/webbutik\/wp-content\/uploads\/webbutik\/kategorier\/horlurar\/Voyager-Legend-Eartips-Medium-987955088ST.jpg\",\"datePublished\":\"2019-11-20T08:07:28+00:00\",\"dateModified\":\"2026-04-08T10:09:06+00:00\",\"description\":\"Voyager Legend Eartips. Ers\u00e4ttning-pluggar f\u00f6r Plantronics Voyager Legend-headsetet finns i tre olika storlekar: sm\u00e5, medelstora och stora.\",\"breadcrumb\":{\"@id\":\"https:\/\/www.heddata.se\/webbutik\/produkt\/voyager-legend-eartips-medium\/#breadcrumb\"},\"inLanguage\":\"sv-SE\",\"potentialAction\":[{\"@type\":\"ReadAction\",\"target\":[\"https:\/\/www.heddata.se\/webbutik\/produkt\/voyager-legend-eartips-medium\/\"]}]},{\"@type\":\"ImageObject\",\"inLanguage\":\"sv-SE\",\"@id\":\"https:\/\/www.heddata.se\/webbutik\/produkt\/voyager-legend-eartips-medium\/#primaryimage\",\"url\":\"https:\/\/www.heddata.se\/webbutik\/wp-content\/uploads\/webbutik\/kategorier\/horlurar\/Voyager-Legend-Eartips-Medium-987955088ST.jpg\",\"contentUrl\":\"https:\/\/www.heddata.se\/webbutik\/wp-content\/uploads\/webbutik\/kategorier\/horlurar\/Voyager-Legend-Eartips-Medium-987955088ST.jpg\",\"width\":400,\"height\":300,\"caption\":\"Voyager Legend Eartips - Medium - 987955088ST\"},{\"@type\":\"BreadcrumbList\",\"@id\":\"https:\/\/www.heddata.se\/webbutik\/produkt\/voyager-legend-eartips-medium\/#breadcrumb\",\"itemListElement\":[{\"@type\":\"ListItem\",\"position\":1,\"name\":\"Hem\",\"item\":\"https:\/\/www.heddata.se\/webbutik\/\"},{\"@type\":\"ListItem\",\"position\":2,\"name\":\"Produkter\",\"item\":\"https:\/\/www.heddata.se\/webbutik\/shop\/\"},{\"@type\":\"ListItem\",\"position\":3,\"name\":\"Voyager Legend Eartips &#8211; Medium &#8211; 987955088ST\"}]},{\"@type\":\"WebSite\",\"@id\":\"https:\/\/www.heddata.se\/webbutik\/#website\",\"url\":\"https:\/\/www.heddata.se\/webbutik\/\",\"name\":\"Datorer, Skrivare, F\u00e4rgpatroner, Mobiltelefoner\",\"description\":\"Kablar\",\"publisher\":{\"@id\":\"https:\/\/www.heddata.se\/webbutik\/#organization\"},\"potentialAction\":[{\"@type\":\"SearchAction\",\"target\":{\"@type\":\"EntryPoint\",\"urlTemplate\":\"https:\/\/www.heddata.se\/webbutik\/?s={search_term_string}\"},\"query-input\":{\"@type\":\"PropertyValueSpecification\",\"valueRequired\":true,\"valueName\":\"search_term_string\"}}],\"inLanguage\":\"sv-SE\"},{\"@type\":\"Organization\",\"@id\":\"https:\/\/www.heddata.se\/webbutik\/#organization\",\"name\":\"Heddata AB\",\"url\":\"https:\/\/www.heddata.se\/webbutik\/\",\"logo\":{\"@type\":\"ImageObject\",\"inLanguage\":\"sv-SE\",\"@id\":\"https:\/\/www.heddata.se\/webbutik\/#\/schema\/logo\/image\/\",\"url\":\"https:\/\/www.heddata.se\/webbutik\/wp-content\/uploads\/logga\/heddata-ab-logga.png\",\"contentUrl\":\"https:\/\/www.heddata.se\/webbutik\/wp-content\/uploads\/logga\/heddata-ab-logga.png\",\"width\":200,\"height\":64,\"caption\":\"Heddata AB\"},\"image\":{\"@id\":\"https:\/\/www.heddata.se\/webbutik\/#\/schema\/logo\/image\/\"}}]}<\/script>\n<!-- \/ Yoast SEO Premium plugin. -->","yoast_head_json":{"title":"Voyager Legend Eartips - Medium - 987955088ST","description":"Voyager Legend Eartips. Ers\u00e4ttning-pluggar f\u00f6r Plantronics Voyager Legend-headsetet finns i tre olika storlekar: sm\u00e5, medelstora och stora.","robots":{"index":"index","follow":"follow","max-snippet":"max-snippet:-1","max-image-preview":"max-image-preview:large","max-video-preview":"max-video-preview:-1"},"canonical":"https:\/\/www.heddata.se\/webbutik\/produkt\/voyager-legend-eartips-medium\/","og_locale":"sv_SE","og_type":"article","og_title":"Voyager Legend Eartips - Medium - 987955088ST","og_description":"Voyager Legend Eartips. Ers\u00e4ttning-pluggar f\u00f6r Plantronics Voyager Legend-headsetet finns i tre olika storlekar: sm\u00e5, medelstora och stora.","og_url":"https:\/\/www.heddata.se\/webbutik\/produkt\/voyager-legend-eartips-medium\/","og_site_name":"Datorer, Skrivare, F\u00e4rgpatroner, Mobiltelefoner","article_modified_time":"2026-04-08T10:09:06+00:00","og_image":[{"width":400,"height":300,"url":"https:\/\/www.heddata.se\/webbutik\/wp-content\/uploads\/webbutik\/kategorier\/horlurar\/Voyager-Legend-Eartips-Medium-987955088ST.jpg","type":"image\/jpeg"}],"twitter_card":"summary_large_image","schema":{"@context":"https:\/\/schema.org","@graph":[{"@type":"WebPage","@id":"https:\/\/www.heddata.se\/webbutik\/produkt\/voyager-legend-eartips-medium\/","url":"https:\/\/www.heddata.se\/webbutik\/produkt\/voyager-legend-eartips-medium\/","name":"Voyager Legend Eartips - Medium - 987955088ST","isPartOf":{"@id":"https:\/\/www.heddata.se\/webbutik\/#website"},"primaryImageOfPage":{"@id":"https:\/\/www.heddata.se\/webbutik\/produkt\/voyager-legend-eartips-medium\/#primaryimage"},"image":{"@id":"https:\/\/www.heddata.se\/webbutik\/produkt\/voyager-legend-eartips-medium\/#primaryimage"},"thumbnailUrl":"https:\/\/www.heddata.se\/webbutik\/wp-content\/uploads\/webbutik\/kategorier\/horlurar\/Voyager-Legend-Eartips-Medium-987955088ST.jpg","datePublished":"2019-11-20T08:07:28+00:00","dateModified":"2026-04-08T10:09:06+00:00","description":"Voyager Legend Eartips. Ers\u00e4ttning-pluggar f\u00f6r Plantronics Voyager Legend-headsetet finns i tre olika storlekar: sm\u00e5, medelstora och stora.","breadcrumb":{"@id":"https:\/\/www.heddata.se\/webbutik\/produkt\/voyager-legend-eartips-medium\/#breadcrumb"},"inLanguage":"sv-SE","potentialAction":[{"@type":"ReadAction","target":["https:\/\/www.heddata.se\/webbutik\/produkt\/voyager-legend-eartips-medium\/"]}]},{"@type":"ImageObject","inLanguage":"sv-SE","@id":"https:\/\/www.heddata.se\/webbutik\/produkt\/voyager-legend-eartips-medium\/#primaryimage","url":"https:\/\/www.heddata.se\/webbutik\/wp-content\/uploads\/webbutik\/kategorier\/horlurar\/Voyager-Legend-Eartips-Medium-987955088ST.jpg","contentUrl":"https:\/\/www.heddata.se\/webbutik\/wp-content\/uploads\/webbutik\/kategorier\/horlurar\/Voyager-Legend-Eartips-Medium-987955088ST.jpg","width":400,"height":300,"caption":"Voyager Legend Eartips - Medium - 987955088ST"},{"@type":"BreadcrumbList","@id":"https:\/\/www.heddata.se\/webbutik\/produkt\/voyager-legend-eartips-medium\/#breadcrumb","itemListElement":[{"@type":"ListItem","position":1,"name":"Hem","item":"https:\/\/www.heddata.se\/webbutik\/"},{"@type":"ListItem","position":2,"name":"Produkter","item":"https:\/\/www.heddata.se\/webbutik\/shop\/"},{"@type":"ListItem","position":3,"name":"Voyager Legend Eartips &#8211; Medium &#8211; 987955088ST"}]},{"@type":"WebSite","@id":"https:\/\/www.heddata.se\/webbutik\/#website","url":"https:\/\/www.heddata.se\/webbutik\/","name":"Datorer, Skrivare, F\u00e4rgpatroner, Mobiltelefoner","description":"Kablar","publisher":{"@id":"https:\/\/www.heddata.se\/webbutik\/#organization"},"potentialAction":[{"@type":"SearchAction","target":{"@type":"EntryPoint","urlTemplate":"https:\/\/www.heddata.se\/webbutik\/?s={search_term_string}"},"query-input":{"@type":"PropertyValueSpecification","valueRequired":true,"valueName":"search_term_string"}}],"inLanguage":"sv-SE"},{"@type":"Organization","@id":"https:\/\/www.heddata.se\/webbutik\/#organization","name":"Heddata AB","url":"https:\/\/www.heddata.se\/webbutik\/","logo":{"@type":"ImageObject","inLanguage":"sv-SE","@id":"https:\/\/www.heddata.se\/webbutik\/#\/schema\/logo\/image\/","url":"https:\/\/www.heddata.se\/webbutik\/wp-content\/uploads\/logga\/heddata-ab-logga.png","contentUrl":"https:\/\/www.heddata.se\/webbutik\/wp-content\/uploads\/logga\/heddata-ab-logga.png","width":200,"height":64,"caption":"Heddata AB"},"image":{"@id":"https:\/\/www.heddata.se\/webbutik\/#\/schema\/logo\/image\/"}}]}},"_links":{"self":[{"href":"https:\/\/www.heddata.se\/webbutik\/wp-json\/wp\/v2\/product\/7179","targetHints":{"allow":["GET"]}}],"collection":[{"href":"https:\/\/www.heddata.se\/webbutik\/wp-json\/wp\/v2\/product"}],"about":[{"href":"https:\/\/www.heddata.se\/webbutik\/wp-json\/wp\/v2\/types\/product"}],"wp:featuredmedia":[{"embeddable":true,"href":"https:\/\/www.heddata.se\/webbutik\/wp-json\/wp\/v2\/media\/9140"}],"wp:attachment":[{"href":"https:\/\/www.heddata.se\/webbutik\/wp-json\/wp\/v2\/media?parent=7179"}],"wp:term":[{"taxonomy":"product_brand","embeddable":true,"href":"https:\/\/www.heddata.se\/webbutik\/wp-json\/wp\/v2\/product_brand?post=7179"},{"taxonomy":"product_cat","embeddable":true,"href":"https:\/\/www.heddata.se\/webbutik\/wp-json\/wp\/v2\/product_cat?post=7179"},{"taxonomy":"product_tag","embeddable":true,"href":"https:\/\/www.heddata.se\/webbutik\/wp-json\/wp\/v2\/product_tag?post=7179"}],"curies":[{"name":"wp","href":"https:\/\/api.w.org\/{rel}","templated":true}]}}