{"id":7171,"date":"2019-11-20T09:07:28","date_gmt":"2019-11-20T08:07:28","guid":{"rendered":"https:\/\/www.heddata.se\/webbutik\/?post_type=product&#038;p=7171"},"modified":"2026-05-15T18:08:50","modified_gmt":"2026-05-15T16:08:50","slug":"etikett-26x12-g2-vit-6-stycken-rullar","status":"publish","type":"product","link":"https:\/\/www.heddata.se\/webbutik\/produkt\/etikett-26x12-g2-vit-6-stycken-rullar\/","title":{"rendered":"Etikett 26&#215;12 G2 vit 6 stycken rullar"},"content":{"rendered":"<p>Etikett 26&#215;12 G2 vit 6 stycken rullar<\/p>\n<h3 class=\"head head--small pdp__details__title\">PRODUKTINFORMATION<\/h3>\n<div class=\"pdp__details__bullets\">\n<ul>\n<li><b>Prisetiketter 26x12mm fr\u00e5n Avery Meto.<\/b>\u00a0Permanenta prisetiketter med god f\u00e4stf\u00f6rm\u00e5ga som ej g\u00e5r att plocka bort. Perfekt f\u00f6r vardaglig m\u00e4rkning vid justering av pris eller datum.<\/li>\n<li><b>Produktspecifikationer:<\/b><br \/>\n\u2022Etiketterna passar med:<br \/>\n\u2022METO Classic, Arrow, Eagle, Flash<br \/>\n\u2022ProLine prism\u00e4rkare<br \/>\n\u2022Prism\u00e4rkare fr\u00e5n Avery, Contact, Blitz, Tovel, Open, Sato, Etimark, Samark, Jolly, Herlitz, Prix med flera.<\/p>\n<p><b>Produktegenskaper:<\/b><br \/>\n\u2022Stabil och noggrann utmatning<br \/>\n\u2022Universalm\u00e5tt<\/li>\n<\/ul>\n<\/div>\n","protected":false},"excerpt":{"rendered":"<p>Etikett 26&#215;12<\/p>\n","protected":false},"featured_media":10412,"template":"","meta":[],"product_brand":[],"product_cat":[68],"product_tag":[],"class_list":{"0":"post-7171","1":"product","2":"type-product","3":"status-publish","4":"has-post-thumbnail","6":"product_cat-kontorstillbehor","8":"first","9":"instock","10":"taxable","11":"shipping-taxable","12":"purchasable","13":"product-type-simple"},"yoast_head":"<!-- This site is optimized with the Yoast SEO Premium plugin v26.7 (Yoast SEO v26.7) - https:\/\/yoast.com\/wordpress\/plugins\/seo\/ -->\n<title>Etikett 26x12 G2 vit 6 stycken rullar fr\u00e5n Avery Meto<\/title>\n<meta name=\"description\" content=\"Etikett 26x12 G2 vit 6 stycken rullar. Permanenta prisetiketter med god f\u00e4stf\u00f6rm\u00e5ga som ej g\u00e5r att plocka bort.\" \/>\n<meta name=\"robots\" content=\"index, follow, max-snippet:-1, max-image-preview:large, max-video-preview:-1\" \/>\n<link rel=\"canonical\" href=\"https:\/\/www.heddata.se\/webbutik\/produkt\/etikett-26x12-g2-vit-6-stycken-rullar\/\" \/>\n<meta property=\"og:locale\" content=\"sv_SE\" \/>\n<meta property=\"og:type\" content=\"article\" \/>\n<meta property=\"og:title\" content=\"Etikett 26x12 G2 vit 6 stycken rullar\" \/>\n<meta property=\"og:description\" content=\"Etikett 26x12 G2 vit 6 stycken rullar. Permanenta prisetiketter med god f\u00e4stf\u00f6rm\u00e5ga som ej g\u00e5r att plocka bort.\" \/>\n<meta property=\"og:url\" content=\"https:\/\/www.heddata.se\/webbutik\/produkt\/etikett-26x12-g2-vit-6-stycken-rullar\/\" \/>\n<meta property=\"og:site_name\" content=\"Datorer, Skrivare, F\u00e4rgpatroner, Mobiltelefoner\" \/>\n<meta property=\"article:modified_time\" content=\"2026-05-15T16:08:50+00:00\" \/>\n<meta property=\"og:image\" content=\"https:\/\/www.heddata.se\/webbutik\/wp-content\/uploads\/webbutik\/kategorier\/Kontorstillbehor\/Etikett-26x-12-G2-vit-6-stycken.jpg\" \/>\n\t<meta property=\"og:image:width\" content=\"210\" \/>\n\t<meta property=\"og:image:height\" content=\"160\" \/>\n\t<meta property=\"og:image:type\" content=\"image\/jpeg\" \/>\n<meta name=\"twitter:card\" content=\"summary_large_image\" \/>\n<script type=\"application\/ld+json\" class=\"yoast-schema-graph\">{\"@context\":\"https:\/\/schema.org\",\"@graph\":[{\"@type\":\"WebPage\",\"@id\":\"https:\/\/www.heddata.se\/webbutik\/produkt\/etikett-26x12-g2-vit-6-stycken-rullar\/\",\"url\":\"https:\/\/www.heddata.se\/webbutik\/produkt\/etikett-26x12-g2-vit-6-stycken-rullar\/\",\"name\":\"Etikett 26x12 G2 vit 6 stycken rullar fr\u00e5n Avery Meto\",\"isPartOf\":{\"@id\":\"https:\/\/www.heddata.se\/webbutik\/#website\"},\"primaryImageOfPage\":{\"@id\":\"https:\/\/www.heddata.se\/webbutik\/produkt\/etikett-26x12-g2-vit-6-stycken-rullar\/#primaryimage\"},\"image\":{\"@id\":\"https:\/\/www.heddata.se\/webbutik\/produkt\/etikett-26x12-g2-vit-6-stycken-rullar\/#primaryimage\"},\"thumbnailUrl\":\"https:\/\/www.heddata.se\/webbutik\/wp-content\/uploads\/webbutik\/kategorier\/Kontorstillbehor\/Etikett-26x-12-G2-vit-6-stycken.jpg\",\"datePublished\":\"2019-11-20T08:07:28+00:00\",\"dateModified\":\"2026-05-15T16:08:50+00:00\",\"description\":\"Etikett 26x12 G2 vit 6 stycken rullar. Permanenta prisetiketter med god f\u00e4stf\u00f6rm\u00e5ga som ej g\u00e5r att plocka bort.\",\"breadcrumb\":{\"@id\":\"https:\/\/www.heddata.se\/webbutik\/produkt\/etikett-26x12-g2-vit-6-stycken-rullar\/#breadcrumb\"},\"inLanguage\":\"sv-SE\",\"potentialAction\":[{\"@type\":\"ReadAction\",\"target\":[\"https:\/\/www.heddata.se\/webbutik\/produkt\/etikett-26x12-g2-vit-6-stycken-rullar\/\"]}]},{\"@type\":\"ImageObject\",\"inLanguage\":\"sv-SE\",\"@id\":\"https:\/\/www.heddata.se\/webbutik\/produkt\/etikett-26x12-g2-vit-6-stycken-rullar\/#primaryimage\",\"url\":\"https:\/\/www.heddata.se\/webbutik\/wp-content\/uploads\/webbutik\/kategorier\/Kontorstillbehor\/Etikett-26x-12-G2-vit-6-stycken.jpg\",\"contentUrl\":\"https:\/\/www.heddata.se\/webbutik\/wp-content\/uploads\/webbutik\/kategorier\/Kontorstillbehor\/Etikett-26x-12-G2-vit-6-stycken.jpg\",\"width\":210,\"height\":160,\"caption\":\"Etikett 26x12 G2 vit 6 stycken rullar\"},{\"@type\":\"BreadcrumbList\",\"@id\":\"https:\/\/www.heddata.se\/webbutik\/produkt\/etikett-26x12-g2-vit-6-stycken-rullar\/#breadcrumb\",\"itemListElement\":[{\"@type\":\"ListItem\",\"position\":1,\"name\":\"Hem\",\"item\":\"https:\/\/www.heddata.se\/webbutik\/\"},{\"@type\":\"ListItem\",\"position\":2,\"name\":\"Produkter\",\"item\":\"https:\/\/www.heddata.se\/webbutik\/shop\/\"},{\"@type\":\"ListItem\",\"position\":3,\"name\":\"Etikett 26&#215;12 G2 vit 6 stycken rullar\"}]},{\"@type\":\"WebSite\",\"@id\":\"https:\/\/www.heddata.se\/webbutik\/#website\",\"url\":\"https:\/\/www.heddata.se\/webbutik\/\",\"name\":\"Datorer, Skrivare, F\u00e4rgpatroner, Mobiltelefoner\",\"description\":\"Kablar\",\"publisher\":{\"@id\":\"https:\/\/www.heddata.se\/webbutik\/#organization\"},\"potentialAction\":[{\"@type\":\"SearchAction\",\"target\":{\"@type\":\"EntryPoint\",\"urlTemplate\":\"https:\/\/www.heddata.se\/webbutik\/?s={search_term_string}\"},\"query-input\":{\"@type\":\"PropertyValueSpecification\",\"valueRequired\":true,\"valueName\":\"search_term_string\"}}],\"inLanguage\":\"sv-SE\"},{\"@type\":\"Organization\",\"@id\":\"https:\/\/www.heddata.se\/webbutik\/#organization\",\"name\":\"Heddata AB\",\"url\":\"https:\/\/www.heddata.se\/webbutik\/\",\"logo\":{\"@type\":\"ImageObject\",\"inLanguage\":\"sv-SE\",\"@id\":\"https:\/\/www.heddata.se\/webbutik\/#\/schema\/logo\/image\/\",\"url\":\"https:\/\/www.heddata.se\/webbutik\/wp-content\/uploads\/logga\/heddata-ab-logga.png\",\"contentUrl\":\"https:\/\/www.heddata.se\/webbutik\/wp-content\/uploads\/logga\/heddata-ab-logga.png\",\"width\":200,\"height\":64,\"caption\":\"Heddata AB\"},\"image\":{\"@id\":\"https:\/\/www.heddata.se\/webbutik\/#\/schema\/logo\/image\/\"}}]}<\/script>\n<!-- \/ Yoast SEO Premium plugin. -->","yoast_head_json":{"title":"Etikett 26x12 G2 vit 6 stycken rullar fr\u00e5n Avery Meto","description":"Etikett 26x12 G2 vit 6 stycken rullar. Permanenta prisetiketter med god f\u00e4stf\u00f6rm\u00e5ga som ej g\u00e5r att plocka bort.","robots":{"index":"index","follow":"follow","max-snippet":"max-snippet:-1","max-image-preview":"max-image-preview:large","max-video-preview":"max-video-preview:-1"},"canonical":"https:\/\/www.heddata.se\/webbutik\/produkt\/etikett-26x12-g2-vit-6-stycken-rullar\/","og_locale":"sv_SE","og_type":"article","og_title":"Etikett 26x12 G2 vit 6 stycken rullar","og_description":"Etikett 26x12 G2 vit 6 stycken rullar. Permanenta prisetiketter med god f\u00e4stf\u00f6rm\u00e5ga som ej g\u00e5r att plocka bort.","og_url":"https:\/\/www.heddata.se\/webbutik\/produkt\/etikett-26x12-g2-vit-6-stycken-rullar\/","og_site_name":"Datorer, Skrivare, F\u00e4rgpatroner, Mobiltelefoner","article_modified_time":"2026-05-15T16:08:50+00:00","og_image":[{"width":210,"height":160,"url":"https:\/\/www.heddata.se\/webbutik\/wp-content\/uploads\/webbutik\/kategorier\/Kontorstillbehor\/Etikett-26x-12-G2-vit-6-stycken.jpg","type":"image\/jpeg"}],"twitter_card":"summary_large_image","schema":{"@context":"https:\/\/schema.org","@graph":[{"@type":"WebPage","@id":"https:\/\/www.heddata.se\/webbutik\/produkt\/etikett-26x12-g2-vit-6-stycken-rullar\/","url":"https:\/\/www.heddata.se\/webbutik\/produkt\/etikett-26x12-g2-vit-6-stycken-rullar\/","name":"Etikett 26x12 G2 vit 6 stycken rullar fr\u00e5n Avery Meto","isPartOf":{"@id":"https:\/\/www.heddata.se\/webbutik\/#website"},"primaryImageOfPage":{"@id":"https:\/\/www.heddata.se\/webbutik\/produkt\/etikett-26x12-g2-vit-6-stycken-rullar\/#primaryimage"},"image":{"@id":"https:\/\/www.heddata.se\/webbutik\/produkt\/etikett-26x12-g2-vit-6-stycken-rullar\/#primaryimage"},"thumbnailUrl":"https:\/\/www.heddata.se\/webbutik\/wp-content\/uploads\/webbutik\/kategorier\/Kontorstillbehor\/Etikett-26x-12-G2-vit-6-stycken.jpg","datePublished":"2019-11-20T08:07:28+00:00","dateModified":"2026-05-15T16:08:50+00:00","description":"Etikett 26x12 G2 vit 6 stycken rullar. Permanenta prisetiketter med god f\u00e4stf\u00f6rm\u00e5ga som ej g\u00e5r att plocka bort.","breadcrumb":{"@id":"https:\/\/www.heddata.se\/webbutik\/produkt\/etikett-26x12-g2-vit-6-stycken-rullar\/#breadcrumb"},"inLanguage":"sv-SE","potentialAction":[{"@type":"ReadAction","target":["https:\/\/www.heddata.se\/webbutik\/produkt\/etikett-26x12-g2-vit-6-stycken-rullar\/"]}]},{"@type":"ImageObject","inLanguage":"sv-SE","@id":"https:\/\/www.heddata.se\/webbutik\/produkt\/etikett-26x12-g2-vit-6-stycken-rullar\/#primaryimage","url":"https:\/\/www.heddata.se\/webbutik\/wp-content\/uploads\/webbutik\/kategorier\/Kontorstillbehor\/Etikett-26x-12-G2-vit-6-stycken.jpg","contentUrl":"https:\/\/www.heddata.se\/webbutik\/wp-content\/uploads\/webbutik\/kategorier\/Kontorstillbehor\/Etikett-26x-12-G2-vit-6-stycken.jpg","width":210,"height":160,"caption":"Etikett 26x12 G2 vit 6 stycken rullar"},{"@type":"BreadcrumbList","@id":"https:\/\/www.heddata.se\/webbutik\/produkt\/etikett-26x12-g2-vit-6-stycken-rullar\/#breadcrumb","itemListElement":[{"@type":"ListItem","position":1,"name":"Hem","item":"https:\/\/www.heddata.se\/webbutik\/"},{"@type":"ListItem","position":2,"name":"Produkter","item":"https:\/\/www.heddata.se\/webbutik\/shop\/"},{"@type":"ListItem","position":3,"name":"Etikett 26&#215;12 G2 vit 6 stycken rullar"}]},{"@type":"WebSite","@id":"https:\/\/www.heddata.se\/webbutik\/#website","url":"https:\/\/www.heddata.se\/webbutik\/","name":"Datorer, Skrivare, F\u00e4rgpatroner, Mobiltelefoner","description":"Kablar","publisher":{"@id":"https:\/\/www.heddata.se\/webbutik\/#organization"},"potentialAction":[{"@type":"SearchAction","target":{"@type":"EntryPoint","urlTemplate":"https:\/\/www.heddata.se\/webbutik\/?s={search_term_string}"},"query-input":{"@type":"PropertyValueSpecification","valueRequired":true,"valueName":"search_term_string"}}],"inLanguage":"sv-SE"},{"@type":"Organization","@id":"https:\/\/www.heddata.se\/webbutik\/#organization","name":"Heddata AB","url":"https:\/\/www.heddata.se\/webbutik\/","logo":{"@type":"ImageObject","inLanguage":"sv-SE","@id":"https:\/\/www.heddata.se\/webbutik\/#\/schema\/logo\/image\/","url":"https:\/\/www.heddata.se\/webbutik\/wp-content\/uploads\/logga\/heddata-ab-logga.png","contentUrl":"https:\/\/www.heddata.se\/webbutik\/wp-content\/uploads\/logga\/heddata-ab-logga.png","width":200,"height":64,"caption":"Heddata AB"},"image":{"@id":"https:\/\/www.heddata.se\/webbutik\/#\/schema\/logo\/image\/"}}]}},"_links":{"self":[{"href":"https:\/\/www.heddata.se\/webbutik\/wp-json\/wp\/v2\/product\/7171","targetHints":{"allow":["GET"]}}],"collection":[{"href":"https:\/\/www.heddata.se\/webbutik\/wp-json\/wp\/v2\/product"}],"about":[{"href":"https:\/\/www.heddata.se\/webbutik\/wp-json\/wp\/v2\/types\/product"}],"wp:featuredmedia":[{"embeddable":true,"href":"https:\/\/www.heddata.se\/webbutik\/wp-json\/wp\/v2\/media\/10412"}],"wp:attachment":[{"href":"https:\/\/www.heddata.se\/webbutik\/wp-json\/wp\/v2\/media?parent=7171"}],"wp:term":[{"taxonomy":"product_brand","embeddable":true,"href":"https:\/\/www.heddata.se\/webbutik\/wp-json\/wp\/v2\/product_brand?post=7171"},{"taxonomy":"product_cat","embeddable":true,"href":"https:\/\/www.heddata.se\/webbutik\/wp-json\/wp\/v2\/product_cat?post=7171"},{"taxonomy":"product_tag","embeddable":true,"href":"https:\/\/www.heddata.se\/webbutik\/wp-json\/wp\/v2\/product_tag?post=7171"}],"curies":[{"name":"wp","href":"https:\/\/api.w.org\/{rel}","templated":true}]}}