{"id":71686,"date":"2020-03-10T15:32:26","date_gmt":"2020-03-10T14:32:26","guid":{"rendered":"https:\/\/www.heddata.se\/webbutik\/?post_type=product&#038;p=71686"},"modified":"2026-04-08T09:55:18","modified_gmt":"2026-04-08T07:55:18","slug":"dynabooktecra-x50-f-17l-bp-15-fhd-i7-8565u-16gb-ddr4-512gb-pcie-ssd-wifi","status":"publish","type":"product","link":"https:\/\/www.heddata.se\/webbutik\/produkt\/dynabooktecra-x50-f-17l-bp-15-fhd-i7-8565u-16gb-ddr4-512gb-pcie-ssd-wifi\/","title":{"rendered":"DynabookTecra X50-F-17L \/ BP \/15&#8243; FHD\/i7-8565U\/16GB DDR4\/512GB PCIe SSD\/Wifi"},"content":{"rendered":"<div>\n<h3 class=\"title\">R\u00f6r dig snabbt. Arbeta snabbare.<\/h3>\n<p>Tecra X50 \u00e4r gjord f\u00f6r att maximera produktivitet under hela arbetsdagen och \u00e4nnu l\u00e4ngre. Och med 17 timmar batteritid beh\u00f6ver du inte ens koppla in den. Beta av alla uppgifter snabbt med de senaste Intel\u00ae Core\u2122-processorerna, som kompletteras av en 15 tums bl\u00e4ndningsfri sk\u00e4rm med otroliga 470 NIT ljusstyrka. Sk\u00e4rmen anv\u00e4nder ocks\u00e5 IGZO LCD-teknik som utvecklats av Sharp, s\u00e5 att du kan f\u00e5 en enast\u00e5ende bild under alla ljusf\u00f6rh\u00e5llanden. Med en vikt p\u00e5 bara 1,42 kg* och ett t\u00e5ligt magnesiumchassi \u00e4r du sj\u00e4lv det enda som r\u00f6r sig snabbare \u00e4n ditt arbete.<\/p>\n<p><span style=\"font-size: xx-small\">*Vikt beroende p\u00e5 konfiguration<\/span><\/p>\n<h3 class=\"title\">Omedelbar produktivitet<\/h3>\n<p>Inget kan sakta ned dig med Tecra X50. Datorn \u00e4r utrustad med Instant On, Modern Standby, v\u00e4ckningsfunktion med fingeravtryck och en IR-kamera f\u00f6r supersnabb inloggning, s\u00e5 du kan \u00f6ppna den och b\u00f6rja skapa, granska eller presentera direkt. N\u00e4r du kommit ig\u00e5ng f\u00e5r du f\u00f6rb\u00e4ttrade svarstider, starttider och inl\u00e4sningstider. V\u00e4lj bland flera olika SSD-enheter, d\u00e4ribland ultrasnabb PCIe- eller Intel\u00ae Optane-teknik, och dra nytta av 8:e generationens fyrk\u00e4rniga processorkraft fr\u00e5n Intel som ger h\u00f6gre prestanda \u00e4n n\u00e5gonsin. Allt detta st\u00f6ds av en otrolig minneskapacitet, med tv\u00e5 kortplatser f\u00f6r DDR4-2400MHZ som ger en sammanlagd kapacitet p\u00e5 32 GB.<\/p>\n<h3 class=\"title\">Prestera \u00f6verallt<\/h3>\n<p>Med Tecra X50 kan du arbeta som om du sitter vid skrivbordet \u00e4ven n\u00e4r du inte g\u00f6r det. Den stora och otroligt ljusstarka och energieffektiva 15-tumssk\u00e4rmen g\u00f6r att du kommer \u00e5t och kan anv\u00e4nda alla dina program snabbt, enkelt och tydligt. Och med en smal utformning av infattningen \u00e4r Tecra X50 l\u00e4tt att b\u00e4ra men fantastisk att arbeta med. Det bakgrundsbelysta tangentbordet g\u00f6r att du kan skriva bekv\u00e4mt och tyst med taktil \u00e5terkoppling, och precisionspekplattan ger dig full kontroll i alla milj\u00f6er.<\/p>\n<h3 class=\"title\">Allt du beh\u00f6ver f\u00f6r att lyckas<\/h3>\n<p>Vi har lagt till lite extra i Tecra X50 som g\u00f6r stor skillnad f\u00f6r din upplevelse. Du kan v\u00e4lja en peksk\u00e4rm och interagera intuitivt med sk\u00e4rmen med hj\u00e4lp av inbyggd pekteknik. Samtidigt \u00f6kar den nya och f\u00f6rb\u00e4ttrade S-typsfl\u00e4kten luftfl\u00f6det i enheten med upp till 10\u00a0% och ger h\u00f6gre prestanda med l\u00e4gre ljudniv\u00e5er. Med HD-kameran och de dubbla mikrofonerna med brusreducering kan du samarbeta s\u00f6ml\u00f6st med kollegor och kunder \u00e4ven p\u00e5 distans.<\/p>\n<h3 class=\"title\">S\u00e4kerhet i farten<\/h3>\n<p>R\u00f6rliga arbetsmetoder kr\u00e4ver modern s\u00e4kerhet \u2013 och Tecra X50 levererar p\u00e5 den punkten. Med Windows Hello kan du s\u00e4kra datorn med ansikts- eller fingeravtrycksigenk\u00e4nning. Funktionen kompletteras av smartkortfunktionalitet och en plats f\u00f6r ett fysiskt s\u00e4kerhetsl\u00e5s s\u00e5 att du kan k\u00e4nna dig trygg var du \u00e4n arbetar. Hos dynabook g\u00e5r vi ett steg l\u00e4ngre f\u00f6r att skydda dina k\u00e4nsliga data, s\u00e5 vi har ocks\u00e5 tagit med Trusted Platform Module 2.0, ett s\u00e4kerhetslock f\u00f6r webbkameran och en integritetssk\u00e4rm som tillval \u2013 allt p\u00e5 grundval av v\u00e5rt eget unika egenutvecklade BIOS.<\/p>\n<h3 class=\"title\">Anslut p\u00e5 n\u00e5gra sekunder<\/h3>\n<p>Med Tecra X50 blir det l\u00e4ttare \u00e4n n\u00e5gonsin att komma \u00e5t och dela information. WiFi 6 ger fyra g\u00e5nger s\u00e5 h\u00f6ga prestanda som tidigare WiFi-standarder, och du kan ocks\u00e5 v\u00e4lja till 4G f\u00f6r extra tr\u00e5dl\u00f6s anslutning. Tecra X50 erbjuder ocks\u00e5 den senaste Bluetooth-tekniken. Vi har utrustat enheten med det b\u00e4sta urvalet portar i sin klass, inklusive tv\u00e5 Thunderbolt 3-utrustade USB Type-C\u2122-portar, tv\u00e5 vanliga USB A-portar och en HDMI-port i full storlek. Ett uttag f\u00f6r headset eller h\u00f6gtalare kompletterar en enast\u00e5ende upps\u00e4ttning alternativ f\u00f6r anslutning.<\/p>\n<h3 class=\"title\">Tj\u00e4nster f\u00f6r felfria prestanda<\/h3>\n<p>V\u00e5rt st\u00f6rsta intresse \u00e4r att din Toshiba\/dynabook-produkt fungerar felfritt. F\u00f6r att f\u00e5 ut mesta m\u00f6jliga fr\u00e5n din IT-investering erbjuder vi ett brett utbud av tj\u00e4nster som h\u00e5ller din dagliga verksamhet ig\u00e5ng och passar just dina behov perfekt. Vare sig du vill f\u00f6rl\u00e4nga standardgarantin, uppgradera supportniv\u00e5n eller hantera dina tillg\u00e5ngar inom en plattform \u00e4r vi alltid din idealiska partner!<\/p>\n<p>&nbsp;<\/p>\n<\/div>\n<div>\n<p><b>Specifikationer:<\/b><\/p>\n<table border=\"0\" cellspacing=\"0\" cellpadding=\"0\">\n<tbody>\n<tr>\n<td>Processortyp<\/td>\n<td>I7-8565U<\/td>\n<\/tr>\n<tr>\n<td>H\u00e5rddisk<\/td>\n<td>512GB PCIe SSD<\/td>\n<\/tr>\n<tr>\n<td>Minne<\/td>\n<td>16GB RAM<\/td>\n<\/tr>\n<tr>\n<td>Sk\u00e4rm<\/td>\n<td>15&#8243; FHD<\/td>\n<\/tr>\n<tr>\n<td>Operativsystem<\/td>\n<td>Win 10 Pro<\/td>\n<\/tr>\n<tr>\n<td>LAN<\/td>\n<td>AC Wifi<\/td>\n<\/tr>\n<tr>\n<td>Ljud<\/td>\n<td>Harmon Kardon Speakers<\/td>\n<\/tr>\n<tr>\n<td>Webbkamera<\/td>\n<td>0.9MP+IR Cam<\/td>\n<\/tr>\n<tr>\n<td>Warranty terms<\/td>\n<td>1Yr Onsite+RG<\/td>\n<\/tr>\n<tr>\n<td>\u00d6vrigt<\/td>\n<td>Bakgrundsbelyst TGB\/ Mag Alloy\/Mil Spec\/Thunderbolt docking<\/td>\n<\/tr>\n<\/tbody>\n<\/table>\n<\/div>\n","protected":false},"excerpt":{"rendered":"<p>Kraftfull b\u00e4rbar dator fr\u00e5n Dynabook<\/p>\n","protected":false},"featured_media":71688,"template":"","meta":[],"product_brand":[],"product_cat":[5367],"product_tag":[8100],"class_list":{"0":"post-71686","1":"product","2":"type-product","3":"status-publish","4":"has-post-thumbnail","6":"product_cat-barbara-datorer","7":"product_tag-dynabook","9":"first","10":"outofstock","11":"taxable","12":"shipping-taxable","13":"product-type-simple"},"yoast_head":"<!-- This site is optimized with the Yoast SEO Premium plugin v26.7 (Yoast SEO v26.7) - https:\/\/yoast.com\/wordpress\/plugins\/seo\/ -->\n<title>DynabookTecra X50-F-17L \/ BP \/15&quot; FHD\/i7-8565U\/16GB DDR4\/512GB PCIe SSD\/Wifi - Datorer, Skrivare, F\u00e4rgpatroner, Mobiltelefoner<\/title>\n<meta name=\"robots\" content=\"index, follow, max-snippet:-1, max-image-preview:large, max-video-preview:-1\" \/>\n<link rel=\"canonical\" href=\"https:\/\/www.heddata.se\/webbutik\/produkt\/dynabooktecra-x50-f-17l-bp-15-fhd-i7-8565u-16gb-ddr4-512gb-pcie-ssd-wifi\/\" \/>\n<meta property=\"og:locale\" content=\"sv_SE\" \/>\n<meta property=\"og:type\" content=\"article\" \/>\n<meta property=\"og:title\" content=\"DynabookTecra X50-F-17L \/ BP \/15&quot; FHD\/i7-8565U\/16GB DDR4\/512GB PCIe SSD\/Wifi\" \/>\n<meta property=\"og:description\" content=\"Kraftfull b\u00e4rbar dator fr\u00e5n Dynabook\" \/>\n<meta property=\"og:url\" content=\"https:\/\/www.heddata.se\/webbutik\/produkt\/dynabooktecra-x50-f-17l-bp-15-fhd-i7-8565u-16gb-ddr4-512gb-pcie-ssd-wifi\/\" \/>\n<meta property=\"og:site_name\" content=\"Datorer, Skrivare, F\u00e4rgpatroner, Mobiltelefoner\" \/>\n<meta property=\"article:modified_time\" content=\"2026-04-08T07:55:18+00:00\" \/>\n<meta property=\"og:image\" content=\"https:\/\/www.heddata.se\/webbutik\/wp-content\/uploads\/webbutik\/kategorier\/datorer\/PLR31E-1CV009N5.jpg\" \/>\n\t<meta property=\"og:image:width\" content=\"375\" \/>\n\t<meta property=\"og:image:height\" content=\"375\" \/>\n\t<meta property=\"og:image:type\" content=\"image\/jpeg\" \/>\n<meta name=\"twitter:card\" content=\"summary_large_image\" \/>\n<meta name=\"twitter:label1\" content=\"Ber\u00e4knad l\u00e4stid\" \/>\n\t<meta name=\"twitter:data1\" content=\"4 minuter\" \/>\n<script type=\"application\/ld+json\" class=\"yoast-schema-graph\">{\"@context\":\"https:\/\/schema.org\",\"@graph\":[{\"@type\":\"WebPage\",\"@id\":\"https:\/\/www.heddata.se\/webbutik\/produkt\/dynabooktecra-x50-f-17l-bp-15-fhd-i7-8565u-16gb-ddr4-512gb-pcie-ssd-wifi\/\",\"url\":\"https:\/\/www.heddata.se\/webbutik\/produkt\/dynabooktecra-x50-f-17l-bp-15-fhd-i7-8565u-16gb-ddr4-512gb-pcie-ssd-wifi\/\",\"name\":\"DynabookTecra X50-F-17L \/ BP \/15\\\" FHD\/i7-8565U\/16GB DDR4\/512GB PCIe SSD\/Wifi - Datorer, Skrivare, F\u00e4rgpatroner, Mobiltelefoner\",\"isPartOf\":{\"@id\":\"https:\/\/www.heddata.se\/webbutik\/#website\"},\"primaryImageOfPage\":{\"@id\":\"https:\/\/www.heddata.se\/webbutik\/produkt\/dynabooktecra-x50-f-17l-bp-15-fhd-i7-8565u-16gb-ddr4-512gb-pcie-ssd-wifi\/#primaryimage\"},\"image\":{\"@id\":\"https:\/\/www.heddata.se\/webbutik\/produkt\/dynabooktecra-x50-f-17l-bp-15-fhd-i7-8565u-16gb-ddr4-512gb-pcie-ssd-wifi\/#primaryimage\"},\"thumbnailUrl\":\"https:\/\/www.heddata.se\/webbutik\/wp-content\/uploads\/webbutik\/kategorier\/datorer\/PLR31E-1CV009N5.jpg\",\"datePublished\":\"2020-03-10T14:32:26+00:00\",\"dateModified\":\"2026-04-08T07:55:18+00:00\",\"breadcrumb\":{\"@id\":\"https:\/\/www.heddata.se\/webbutik\/produkt\/dynabooktecra-x50-f-17l-bp-15-fhd-i7-8565u-16gb-ddr4-512gb-pcie-ssd-wifi\/#breadcrumb\"},\"inLanguage\":\"sv-SE\",\"potentialAction\":[{\"@type\":\"ReadAction\",\"target\":[\"https:\/\/www.heddata.se\/webbutik\/produkt\/dynabooktecra-x50-f-17l-bp-15-fhd-i7-8565u-16gb-ddr4-512gb-pcie-ssd-wifi\/\"]}]},{\"@type\":\"ImageObject\",\"inLanguage\":\"sv-SE\",\"@id\":\"https:\/\/www.heddata.se\/webbutik\/produkt\/dynabooktecra-x50-f-17l-bp-15-fhd-i7-8565u-16gb-ddr4-512gb-pcie-ssd-wifi\/#primaryimage\",\"url\":\"https:\/\/www.heddata.se\/webbutik\/wp-content\/uploads\/webbutik\/kategorier\/datorer\/PLR31E-1CV009N5.jpg\",\"contentUrl\":\"https:\/\/www.heddata.se\/webbutik\/wp-content\/uploads\/webbutik\/kategorier\/datorer\/PLR31E-1CV009N5.jpg\",\"width\":375,\"height\":375},{\"@type\":\"BreadcrumbList\",\"@id\":\"https:\/\/www.heddata.se\/webbutik\/produkt\/dynabooktecra-x50-f-17l-bp-15-fhd-i7-8565u-16gb-ddr4-512gb-pcie-ssd-wifi\/#breadcrumb\",\"itemListElement\":[{\"@type\":\"ListItem\",\"position\":1,\"name\":\"Hem\",\"item\":\"https:\/\/www.heddata.se\/webbutik\/\"},{\"@type\":\"ListItem\",\"position\":2,\"name\":\"Produkter\",\"item\":\"https:\/\/www.heddata.se\/webbutik\/shop\/\"},{\"@type\":\"ListItem\",\"position\":3,\"name\":\"DynabookTecra X50-F-17L \/ BP \/15&#8243; FHD\/i7-8565U\/16GB DDR4\/512GB PCIe SSD\/Wifi\"}]},{\"@type\":\"WebSite\",\"@id\":\"https:\/\/www.heddata.se\/webbutik\/#website\",\"url\":\"https:\/\/www.heddata.se\/webbutik\/\",\"name\":\"Datorer, Skrivare, F\u00e4rgpatroner, Mobiltelefoner\",\"description\":\"Kablar\",\"publisher\":{\"@id\":\"https:\/\/www.heddata.se\/webbutik\/#organization\"},\"potentialAction\":[{\"@type\":\"SearchAction\",\"target\":{\"@type\":\"EntryPoint\",\"urlTemplate\":\"https:\/\/www.heddata.se\/webbutik\/?s={search_term_string}\"},\"query-input\":{\"@type\":\"PropertyValueSpecification\",\"valueRequired\":true,\"valueName\":\"search_term_string\"}}],\"inLanguage\":\"sv-SE\"},{\"@type\":\"Organization\",\"@id\":\"https:\/\/www.heddata.se\/webbutik\/#organization\",\"name\":\"Heddata AB\",\"url\":\"https:\/\/www.heddata.se\/webbutik\/\",\"logo\":{\"@type\":\"ImageObject\",\"inLanguage\":\"sv-SE\",\"@id\":\"https:\/\/www.heddata.se\/webbutik\/#\/schema\/logo\/image\/\",\"url\":\"https:\/\/www.heddata.se\/webbutik\/wp-content\/uploads\/logga\/heddata-ab-logga.png\",\"contentUrl\":\"https:\/\/www.heddata.se\/webbutik\/wp-content\/uploads\/logga\/heddata-ab-logga.png\",\"width\":200,\"height\":64,\"caption\":\"Heddata AB\"},\"image\":{\"@id\":\"https:\/\/www.heddata.se\/webbutik\/#\/schema\/logo\/image\/\"}}]}<\/script>\n<!-- \/ Yoast SEO Premium plugin. -->","yoast_head_json":{"title":"DynabookTecra X50-F-17L \/ BP \/15\" FHD\/i7-8565U\/16GB DDR4\/512GB PCIe SSD\/Wifi - Datorer, Skrivare, F\u00e4rgpatroner, Mobiltelefoner","robots":{"index":"index","follow":"follow","max-snippet":"max-snippet:-1","max-image-preview":"max-image-preview:large","max-video-preview":"max-video-preview:-1"},"canonical":"https:\/\/www.heddata.se\/webbutik\/produkt\/dynabooktecra-x50-f-17l-bp-15-fhd-i7-8565u-16gb-ddr4-512gb-pcie-ssd-wifi\/","og_locale":"sv_SE","og_type":"article","og_title":"DynabookTecra X50-F-17L \/ BP \/15\" FHD\/i7-8565U\/16GB DDR4\/512GB PCIe SSD\/Wifi","og_description":"Kraftfull b\u00e4rbar dator fr\u00e5n Dynabook","og_url":"https:\/\/www.heddata.se\/webbutik\/produkt\/dynabooktecra-x50-f-17l-bp-15-fhd-i7-8565u-16gb-ddr4-512gb-pcie-ssd-wifi\/","og_site_name":"Datorer, Skrivare, F\u00e4rgpatroner, Mobiltelefoner","article_modified_time":"2026-04-08T07:55:18+00:00","og_image":[{"width":375,"height":375,"url":"https:\/\/www.heddata.se\/webbutik\/wp-content\/uploads\/webbutik\/kategorier\/datorer\/PLR31E-1CV009N5.jpg","type":"image\/jpeg"}],"twitter_card":"summary_large_image","twitter_misc":{"Ber\u00e4knad l\u00e4stid":"4 minuter"},"schema":{"@context":"https:\/\/schema.org","@graph":[{"@type":"WebPage","@id":"https:\/\/www.heddata.se\/webbutik\/produkt\/dynabooktecra-x50-f-17l-bp-15-fhd-i7-8565u-16gb-ddr4-512gb-pcie-ssd-wifi\/","url":"https:\/\/www.heddata.se\/webbutik\/produkt\/dynabooktecra-x50-f-17l-bp-15-fhd-i7-8565u-16gb-ddr4-512gb-pcie-ssd-wifi\/","name":"DynabookTecra X50-F-17L \/ BP \/15\" FHD\/i7-8565U\/16GB DDR4\/512GB PCIe SSD\/Wifi - Datorer, Skrivare, F\u00e4rgpatroner, Mobiltelefoner","isPartOf":{"@id":"https:\/\/www.heddata.se\/webbutik\/#website"},"primaryImageOfPage":{"@id":"https:\/\/www.heddata.se\/webbutik\/produkt\/dynabooktecra-x50-f-17l-bp-15-fhd-i7-8565u-16gb-ddr4-512gb-pcie-ssd-wifi\/#primaryimage"},"image":{"@id":"https:\/\/www.heddata.se\/webbutik\/produkt\/dynabooktecra-x50-f-17l-bp-15-fhd-i7-8565u-16gb-ddr4-512gb-pcie-ssd-wifi\/#primaryimage"},"thumbnailUrl":"https:\/\/www.heddata.se\/webbutik\/wp-content\/uploads\/webbutik\/kategorier\/datorer\/PLR31E-1CV009N5.jpg","datePublished":"2020-03-10T14:32:26+00:00","dateModified":"2026-04-08T07:55:18+00:00","breadcrumb":{"@id":"https:\/\/www.heddata.se\/webbutik\/produkt\/dynabooktecra-x50-f-17l-bp-15-fhd-i7-8565u-16gb-ddr4-512gb-pcie-ssd-wifi\/#breadcrumb"},"inLanguage":"sv-SE","potentialAction":[{"@type":"ReadAction","target":["https:\/\/www.heddata.se\/webbutik\/produkt\/dynabooktecra-x50-f-17l-bp-15-fhd-i7-8565u-16gb-ddr4-512gb-pcie-ssd-wifi\/"]}]},{"@type":"ImageObject","inLanguage":"sv-SE","@id":"https:\/\/www.heddata.se\/webbutik\/produkt\/dynabooktecra-x50-f-17l-bp-15-fhd-i7-8565u-16gb-ddr4-512gb-pcie-ssd-wifi\/#primaryimage","url":"https:\/\/www.heddata.se\/webbutik\/wp-content\/uploads\/webbutik\/kategorier\/datorer\/PLR31E-1CV009N5.jpg","contentUrl":"https:\/\/www.heddata.se\/webbutik\/wp-content\/uploads\/webbutik\/kategorier\/datorer\/PLR31E-1CV009N5.jpg","width":375,"height":375},{"@type":"BreadcrumbList","@id":"https:\/\/www.heddata.se\/webbutik\/produkt\/dynabooktecra-x50-f-17l-bp-15-fhd-i7-8565u-16gb-ddr4-512gb-pcie-ssd-wifi\/#breadcrumb","itemListElement":[{"@type":"ListItem","position":1,"name":"Hem","item":"https:\/\/www.heddata.se\/webbutik\/"},{"@type":"ListItem","position":2,"name":"Produkter","item":"https:\/\/www.heddata.se\/webbutik\/shop\/"},{"@type":"ListItem","position":3,"name":"DynabookTecra X50-F-17L \/ BP \/15&#8243; FHD\/i7-8565U\/16GB DDR4\/512GB PCIe SSD\/Wifi"}]},{"@type":"WebSite","@id":"https:\/\/www.heddata.se\/webbutik\/#website","url":"https:\/\/www.heddata.se\/webbutik\/","name":"Datorer, Skrivare, F\u00e4rgpatroner, Mobiltelefoner","description":"Kablar","publisher":{"@id":"https:\/\/www.heddata.se\/webbutik\/#organization"},"potentialAction":[{"@type":"SearchAction","target":{"@type":"EntryPoint","urlTemplate":"https:\/\/www.heddata.se\/webbutik\/?s={search_term_string}"},"query-input":{"@type":"PropertyValueSpecification","valueRequired":true,"valueName":"search_term_string"}}],"inLanguage":"sv-SE"},{"@type":"Organization","@id":"https:\/\/www.heddata.se\/webbutik\/#organization","name":"Heddata AB","url":"https:\/\/www.heddata.se\/webbutik\/","logo":{"@type":"ImageObject","inLanguage":"sv-SE","@id":"https:\/\/www.heddata.se\/webbutik\/#\/schema\/logo\/image\/","url":"https:\/\/www.heddata.se\/webbutik\/wp-content\/uploads\/logga\/heddata-ab-logga.png","contentUrl":"https:\/\/www.heddata.se\/webbutik\/wp-content\/uploads\/logga\/heddata-ab-logga.png","width":200,"height":64,"caption":"Heddata AB"},"image":{"@id":"https:\/\/www.heddata.se\/webbutik\/#\/schema\/logo\/image\/"}}]}},"_links":{"self":[{"href":"https:\/\/www.heddata.se\/webbutik\/wp-json\/wp\/v2\/product\/71686","targetHints":{"allow":["GET"]}}],"collection":[{"href":"https:\/\/www.heddata.se\/webbutik\/wp-json\/wp\/v2\/product"}],"about":[{"href":"https:\/\/www.heddata.se\/webbutik\/wp-json\/wp\/v2\/types\/product"}],"wp:featuredmedia":[{"embeddable":true,"href":"https:\/\/www.heddata.se\/webbutik\/wp-json\/wp\/v2\/media\/71688"}],"wp:attachment":[{"href":"https:\/\/www.heddata.se\/webbutik\/wp-json\/wp\/v2\/media?parent=71686"}],"wp:term":[{"taxonomy":"product_brand","embeddable":true,"href":"https:\/\/www.heddata.se\/webbutik\/wp-json\/wp\/v2\/product_brand?post=71686"},{"taxonomy":"product_cat","embeddable":true,"href":"https:\/\/www.heddata.se\/webbutik\/wp-json\/wp\/v2\/product_cat?post=71686"},{"taxonomy":"product_tag","embeddable":true,"href":"https:\/\/www.heddata.se\/webbutik\/wp-json\/wp\/v2\/product_tag?post=71686"}],"curies":[{"name":"wp","href":"https:\/\/api.w.org\/{rel}","templated":true}]}}