{"id":7164,"date":"2019-11-20T09:07:28","date_gmt":"2019-11-20T08:07:28","guid":{"rendered":"https:\/\/www.heddata.se\/webbutik\/?post_type=product&#038;p=7164"},"modified":"2026-05-15T18:08:48","modified_gmt":"2026-05-15T16:08:48","slug":"gaffelparm-esselte-morkgron-jopa-a4","status":"publish","type":"product","link":"https:\/\/www.heddata.se\/webbutik\/produkt\/gaffelparm-esselte-morkgron-jopa-a4\/","title":{"rendered":"Gaffelp\u00e4rm Esselte M\u00f6rkgr\u00f6n JOPA A4\/80 &#8211; 868239"},"content":{"rendered":"<p>Gaffelp\u00e4rm Esselte M\u00f6rkgr\u00f6n <a href=\"https:\/\/www.esselte.com\/sv-se\/\" target=\"_blank\" rel=\"noopener noreferrer\">Esselte<\/a>. Jopa Original \u00e4r den klassiska arbetsp\u00e4rmen p\u00e5 svenska <a href=\"https:\/\/www.heddata.se\/webbutik\/kontorstillbehor\/\" target=\"_blank\" rel=\"noopener noreferrer\">kontor<\/a>. P\u00e4rmryggen \u00e4r kl\u00e4dd med tyg och finns i massa snygga f\u00e4rger. De har svarta p\u00e4rmsidor med kantf\u00f6rst\u00e4rkning nedtill. A4 hel- och halvrygg har en nyutvecklad mekanism med en ergonomisk tryckknapp som g\u00f6r det enklare att \u00f6ppna p\u00e4rmen. Jopa Systemp\u00e4rm har dessutom extra breda p\u00e4rmsidor anpassade till extra breda p\u00e4rmregister. F\u00f6r den som beh\u00f6ver plats med m\u00e5nga dokument i samma p\u00e4rm finns d\u00e5 denna Jopa med 80 mm ryggbredd. Jopa original h\u00e5ller h\u00f6gsta kvalitet.<\/p>\n","protected":false},"excerpt":{"rendered":"<p>Gaffelp\u00e4rm Esselte M\u00f6rkgr\u00f6n JOPA A4<\/p>\n","protected":false},"featured_media":9256,"template":"","meta":[],"product_brand":[],"product_cat":[68,8986],"product_tag":[],"class_list":{"0":"post-7164","1":"product","2":"type-product","3":"status-publish","4":"has-post-thumbnail","6":"product_cat-kontorstillbehor","7":"product_cat-parmar","9":"first","10":"instock","11":"taxable","12":"shipping-taxable","13":"purchasable","14":"product-type-simple"},"yoast_head":"<!-- This site is optimized with the Yoast SEO Premium plugin v26.7 (Yoast SEO v26.7) - https:\/\/yoast.com\/wordpress\/plugins\/seo\/ -->\n<title>Gaffelp\u00e4rm Esselte M\u00f6rkgr\u00f6n JOPA A4\/80 - 868239<\/title>\n<meta name=\"description\" content=\"Gaffelp\u00e4rm Esselte M\u00f6rkgr\u00f6n. Jopa Original \u00e4r den klassiska arbetsp\u00e4rmen p\u00e5 svenska kontor. P\u00e4rmryggen \u00e4r kl\u00e4dd med tyg och finns i massa snygga f\u00e4rger.\" \/>\n<meta name=\"robots\" content=\"index, follow, max-snippet:-1, max-image-preview:large, max-video-preview:-1\" \/>\n<link rel=\"canonical\" href=\"https:\/\/www.heddata.se\/webbutik\/produkt\/gaffelparm-esselte-morkgron-jopa-a4\/\" \/>\n<meta property=\"og:locale\" content=\"sv_SE\" \/>\n<meta property=\"og:type\" content=\"article\" \/>\n<meta property=\"og:title\" content=\"Gaffelp\u00e4rm Esselte M\u00f6rkgr\u00f6n JOPA A4\/80 - 868239\" \/>\n<meta property=\"og:description\" content=\"Gaffelp\u00e4rm Esselte M\u00f6rkgr\u00f6n. Jopa Original \u00e4r den klassiska arbetsp\u00e4rmen p\u00e5 svenska kontor. P\u00e4rmryggen \u00e4r kl\u00e4dd med tyg och finns i massa snygga f\u00e4rger.\" \/>\n<meta property=\"og:url\" content=\"https:\/\/www.heddata.se\/webbutik\/produkt\/gaffelparm-esselte-morkgron-jopa-a4\/\" \/>\n<meta property=\"og:site_name\" content=\"Datorer, Skrivare, F\u00e4rgpatroner, Mobiltelefoner\" \/>\n<meta property=\"article:modified_time\" content=\"2026-05-15T16:08:48+00:00\" \/>\n<meta property=\"og:image\" content=\"https:\/\/www.heddata.se\/webbutik\/wp-content\/uploads\/webbutik\/kategorier\/Kontorstillbehor\/Gaffelparm-Esselte-Morkgron-a4.jpg\" \/>\n\t<meta property=\"og:image:width\" content=\"400\" \/>\n\t<meta property=\"og:image:height\" content=\"320\" \/>\n\t<meta property=\"og:image:type\" content=\"image\/jpeg\" \/>\n<meta name=\"twitter:card\" content=\"summary_large_image\" \/>\n<meta name=\"twitter:label1\" content=\"Ber\u00e4knad l\u00e4stid\" \/>\n\t<meta name=\"twitter:data1\" content=\"1 minut\" \/>\n<script type=\"application\/ld+json\" class=\"yoast-schema-graph\">{\"@context\":\"https:\/\/schema.org\",\"@graph\":[{\"@type\":\"WebPage\",\"@id\":\"https:\/\/www.heddata.se\/webbutik\/produkt\/gaffelparm-esselte-morkgron-jopa-a4\/\",\"url\":\"https:\/\/www.heddata.se\/webbutik\/produkt\/gaffelparm-esselte-morkgron-jopa-a4\/\",\"name\":\"Gaffelp\u00e4rm Esselte M\u00f6rkgr\u00f6n JOPA A4\/80 - 868239\",\"isPartOf\":{\"@id\":\"https:\/\/www.heddata.se\/webbutik\/#website\"},\"primaryImageOfPage\":{\"@id\":\"https:\/\/www.heddata.se\/webbutik\/produkt\/gaffelparm-esselte-morkgron-jopa-a4\/#primaryimage\"},\"image\":{\"@id\":\"https:\/\/www.heddata.se\/webbutik\/produkt\/gaffelparm-esselte-morkgron-jopa-a4\/#primaryimage\"},\"thumbnailUrl\":\"https:\/\/www.heddata.se\/webbutik\/wp-content\/uploads\/webbutik\/kategorier\/Kontorstillbehor\/Gaffelparm-Esselte-Morkgron-a4.jpg\",\"datePublished\":\"2019-11-20T08:07:28+00:00\",\"dateModified\":\"2026-05-15T16:08:48+00:00\",\"description\":\"Gaffelp\u00e4rm Esselte M\u00f6rkgr\u00f6n. Jopa Original \u00e4r den klassiska arbetsp\u00e4rmen p\u00e5 svenska kontor. P\u00e4rmryggen \u00e4r kl\u00e4dd med tyg och finns i massa snygga f\u00e4rger.\",\"breadcrumb\":{\"@id\":\"https:\/\/www.heddata.se\/webbutik\/produkt\/gaffelparm-esselte-morkgron-jopa-a4\/#breadcrumb\"},\"inLanguage\":\"sv-SE\",\"potentialAction\":[{\"@type\":\"ReadAction\",\"target\":[\"https:\/\/www.heddata.se\/webbutik\/produkt\/gaffelparm-esselte-morkgron-jopa-a4\/\"]}]},{\"@type\":\"ImageObject\",\"inLanguage\":\"sv-SE\",\"@id\":\"https:\/\/www.heddata.se\/webbutik\/produkt\/gaffelparm-esselte-morkgron-jopa-a4\/#primaryimage\",\"url\":\"https:\/\/www.heddata.se\/webbutik\/wp-content\/uploads\/webbutik\/kategorier\/Kontorstillbehor\/Gaffelparm-Esselte-Morkgron-a4.jpg\",\"contentUrl\":\"https:\/\/www.heddata.se\/webbutik\/wp-content\/uploads\/webbutik\/kategorier\/Kontorstillbehor\/Gaffelparm-Esselte-Morkgron-a4.jpg\",\"width\":400,\"height\":320,\"caption\":\"Gaffelp\u00e4rm Esselte M\u00f6rkgr\u00f6n\"},{\"@type\":\"BreadcrumbList\",\"@id\":\"https:\/\/www.heddata.se\/webbutik\/produkt\/gaffelparm-esselte-morkgron-jopa-a4\/#breadcrumb\",\"itemListElement\":[{\"@type\":\"ListItem\",\"position\":1,\"name\":\"Hem\",\"item\":\"https:\/\/www.heddata.se\/webbutik\/\"},{\"@type\":\"ListItem\",\"position\":2,\"name\":\"Produkter\",\"item\":\"https:\/\/www.heddata.se\/webbutik\/shop\/\"},{\"@type\":\"ListItem\",\"position\":3,\"name\":\"Gaffelp\u00e4rm Esselte M\u00f6rkgr\u00f6n JOPA A4\/80 &#8211; 868239\"}]},{\"@type\":\"WebSite\",\"@id\":\"https:\/\/www.heddata.se\/webbutik\/#website\",\"url\":\"https:\/\/www.heddata.se\/webbutik\/\",\"name\":\"Datorer, Skrivare, F\u00e4rgpatroner, Mobiltelefoner\",\"description\":\"Kablar\",\"publisher\":{\"@id\":\"https:\/\/www.heddata.se\/webbutik\/#organization\"},\"potentialAction\":[{\"@type\":\"SearchAction\",\"target\":{\"@type\":\"EntryPoint\",\"urlTemplate\":\"https:\/\/www.heddata.se\/webbutik\/?s={search_term_string}\"},\"query-input\":{\"@type\":\"PropertyValueSpecification\",\"valueRequired\":true,\"valueName\":\"search_term_string\"}}],\"inLanguage\":\"sv-SE\"},{\"@type\":\"Organization\",\"@id\":\"https:\/\/www.heddata.se\/webbutik\/#organization\",\"name\":\"Heddata AB\",\"url\":\"https:\/\/www.heddata.se\/webbutik\/\",\"logo\":{\"@type\":\"ImageObject\",\"inLanguage\":\"sv-SE\",\"@id\":\"https:\/\/www.heddata.se\/webbutik\/#\/schema\/logo\/image\/\",\"url\":\"https:\/\/www.heddata.se\/webbutik\/wp-content\/uploads\/logga\/heddata-ab-logga.png\",\"contentUrl\":\"https:\/\/www.heddata.se\/webbutik\/wp-content\/uploads\/logga\/heddata-ab-logga.png\",\"width\":200,\"height\":64,\"caption\":\"Heddata AB\"},\"image\":{\"@id\":\"https:\/\/www.heddata.se\/webbutik\/#\/schema\/logo\/image\/\"}}]}<\/script>\n<!-- \/ Yoast SEO Premium plugin. -->","yoast_head_json":{"title":"Gaffelp\u00e4rm Esselte M\u00f6rkgr\u00f6n JOPA A4\/80 - 868239","description":"Gaffelp\u00e4rm Esselte M\u00f6rkgr\u00f6n. Jopa Original \u00e4r den klassiska arbetsp\u00e4rmen p\u00e5 svenska kontor. P\u00e4rmryggen \u00e4r kl\u00e4dd med tyg och finns i massa snygga f\u00e4rger.","robots":{"index":"index","follow":"follow","max-snippet":"max-snippet:-1","max-image-preview":"max-image-preview:large","max-video-preview":"max-video-preview:-1"},"canonical":"https:\/\/www.heddata.se\/webbutik\/produkt\/gaffelparm-esselte-morkgron-jopa-a4\/","og_locale":"sv_SE","og_type":"article","og_title":"Gaffelp\u00e4rm Esselte M\u00f6rkgr\u00f6n JOPA A4\/80 - 868239","og_description":"Gaffelp\u00e4rm Esselte M\u00f6rkgr\u00f6n. Jopa Original \u00e4r den klassiska arbetsp\u00e4rmen p\u00e5 svenska kontor. P\u00e4rmryggen \u00e4r kl\u00e4dd med tyg och finns i massa snygga f\u00e4rger.","og_url":"https:\/\/www.heddata.se\/webbutik\/produkt\/gaffelparm-esselte-morkgron-jopa-a4\/","og_site_name":"Datorer, Skrivare, F\u00e4rgpatroner, Mobiltelefoner","article_modified_time":"2026-05-15T16:08:48+00:00","og_image":[{"width":400,"height":320,"url":"https:\/\/www.heddata.se\/webbutik\/wp-content\/uploads\/webbutik\/kategorier\/Kontorstillbehor\/Gaffelparm-Esselte-Morkgron-a4.jpg","type":"image\/jpeg"}],"twitter_card":"summary_large_image","twitter_misc":{"Ber\u00e4knad l\u00e4stid":"1 minut"},"schema":{"@context":"https:\/\/schema.org","@graph":[{"@type":"WebPage","@id":"https:\/\/www.heddata.se\/webbutik\/produkt\/gaffelparm-esselte-morkgron-jopa-a4\/","url":"https:\/\/www.heddata.se\/webbutik\/produkt\/gaffelparm-esselte-morkgron-jopa-a4\/","name":"Gaffelp\u00e4rm Esselte M\u00f6rkgr\u00f6n JOPA A4\/80 - 868239","isPartOf":{"@id":"https:\/\/www.heddata.se\/webbutik\/#website"},"primaryImageOfPage":{"@id":"https:\/\/www.heddata.se\/webbutik\/produkt\/gaffelparm-esselte-morkgron-jopa-a4\/#primaryimage"},"image":{"@id":"https:\/\/www.heddata.se\/webbutik\/produkt\/gaffelparm-esselte-morkgron-jopa-a4\/#primaryimage"},"thumbnailUrl":"https:\/\/www.heddata.se\/webbutik\/wp-content\/uploads\/webbutik\/kategorier\/Kontorstillbehor\/Gaffelparm-Esselte-Morkgron-a4.jpg","datePublished":"2019-11-20T08:07:28+00:00","dateModified":"2026-05-15T16:08:48+00:00","description":"Gaffelp\u00e4rm Esselte M\u00f6rkgr\u00f6n. Jopa Original \u00e4r den klassiska arbetsp\u00e4rmen p\u00e5 svenska kontor. P\u00e4rmryggen \u00e4r kl\u00e4dd med tyg och finns i massa snygga f\u00e4rger.","breadcrumb":{"@id":"https:\/\/www.heddata.se\/webbutik\/produkt\/gaffelparm-esselte-morkgron-jopa-a4\/#breadcrumb"},"inLanguage":"sv-SE","potentialAction":[{"@type":"ReadAction","target":["https:\/\/www.heddata.se\/webbutik\/produkt\/gaffelparm-esselte-morkgron-jopa-a4\/"]}]},{"@type":"ImageObject","inLanguage":"sv-SE","@id":"https:\/\/www.heddata.se\/webbutik\/produkt\/gaffelparm-esselte-morkgron-jopa-a4\/#primaryimage","url":"https:\/\/www.heddata.se\/webbutik\/wp-content\/uploads\/webbutik\/kategorier\/Kontorstillbehor\/Gaffelparm-Esselte-Morkgron-a4.jpg","contentUrl":"https:\/\/www.heddata.se\/webbutik\/wp-content\/uploads\/webbutik\/kategorier\/Kontorstillbehor\/Gaffelparm-Esselte-Morkgron-a4.jpg","width":400,"height":320,"caption":"Gaffelp\u00e4rm Esselte M\u00f6rkgr\u00f6n"},{"@type":"BreadcrumbList","@id":"https:\/\/www.heddata.se\/webbutik\/produkt\/gaffelparm-esselte-morkgron-jopa-a4\/#breadcrumb","itemListElement":[{"@type":"ListItem","position":1,"name":"Hem","item":"https:\/\/www.heddata.se\/webbutik\/"},{"@type":"ListItem","position":2,"name":"Produkter","item":"https:\/\/www.heddata.se\/webbutik\/shop\/"},{"@type":"ListItem","position":3,"name":"Gaffelp\u00e4rm Esselte M\u00f6rkgr\u00f6n JOPA A4\/80 &#8211; 868239"}]},{"@type":"WebSite","@id":"https:\/\/www.heddata.se\/webbutik\/#website","url":"https:\/\/www.heddata.se\/webbutik\/","name":"Datorer, Skrivare, F\u00e4rgpatroner, Mobiltelefoner","description":"Kablar","publisher":{"@id":"https:\/\/www.heddata.se\/webbutik\/#organization"},"potentialAction":[{"@type":"SearchAction","target":{"@type":"EntryPoint","urlTemplate":"https:\/\/www.heddata.se\/webbutik\/?s={search_term_string}"},"query-input":{"@type":"PropertyValueSpecification","valueRequired":true,"valueName":"search_term_string"}}],"inLanguage":"sv-SE"},{"@type":"Organization","@id":"https:\/\/www.heddata.se\/webbutik\/#organization","name":"Heddata AB","url":"https:\/\/www.heddata.se\/webbutik\/","logo":{"@type":"ImageObject","inLanguage":"sv-SE","@id":"https:\/\/www.heddata.se\/webbutik\/#\/schema\/logo\/image\/","url":"https:\/\/www.heddata.se\/webbutik\/wp-content\/uploads\/logga\/heddata-ab-logga.png","contentUrl":"https:\/\/www.heddata.se\/webbutik\/wp-content\/uploads\/logga\/heddata-ab-logga.png","width":200,"height":64,"caption":"Heddata AB"},"image":{"@id":"https:\/\/www.heddata.se\/webbutik\/#\/schema\/logo\/image\/"}}]}},"_links":{"self":[{"href":"https:\/\/www.heddata.se\/webbutik\/wp-json\/wp\/v2\/product\/7164","targetHints":{"allow":["GET"]}}],"collection":[{"href":"https:\/\/www.heddata.se\/webbutik\/wp-json\/wp\/v2\/product"}],"about":[{"href":"https:\/\/www.heddata.se\/webbutik\/wp-json\/wp\/v2\/types\/product"}],"wp:featuredmedia":[{"embeddable":true,"href":"https:\/\/www.heddata.se\/webbutik\/wp-json\/wp\/v2\/media\/9256"}],"wp:attachment":[{"href":"https:\/\/www.heddata.se\/webbutik\/wp-json\/wp\/v2\/media?parent=7164"}],"wp:term":[{"taxonomy":"product_brand","embeddable":true,"href":"https:\/\/www.heddata.se\/webbutik\/wp-json\/wp\/v2\/product_brand?post=7164"},{"taxonomy":"product_cat","embeddable":true,"href":"https:\/\/www.heddata.se\/webbutik\/wp-json\/wp\/v2\/product_cat?post=7164"},{"taxonomy":"product_tag","embeddable":true,"href":"https:\/\/www.heddata.se\/webbutik\/wp-json\/wp\/v2\/product_tag?post=7164"}],"curies":[{"name":"wp","href":"https:\/\/api.w.org\/{rel}","templated":true}]}}