{"id":7162,"date":"2019-11-20T09:07:28","date_gmt":"2019-11-20T08:07:28","guid":{"rendered":"https:\/\/www.heddata.se\/webbutik\/?post_type=product&#038;p=7162"},"modified":"2026-04-09T10:10:46","modified_gmt":"2026-04-09T08:10:46","slug":"itrip-clip-bluetooth-ljudadapter","status":"publish","type":"product","link":"https:\/\/www.heddata.se\/webbutik\/produkt\/itrip-clip-bluetooth-ljudadapter\/","title":{"rendered":"iTrip Clip Bluetooth-ljudadapter"},"content":{"rendered":"<h4 id=\"tw-target-text\" class=\"tw-data-text tw-text-large tw-ta\" data-placeholder=\"\u00d6vers\u00e4ttning\"><span lang=\"sv\">iTrip Clip Bluetooth-ljudadapter <\/span><\/h4>\n<p class=\"tw-data-text tw-text-large tw-ta\" dir=\"ltr\" data-placeholder=\"\u00d6vers\u00e4ttning\"><span lang=\"sv\">iTrip Clip Bluetooth-ljudadapter g\u00f6r att du kan spela, kontrollera och prata p\u00e5 din smartphone utan kablar. iTrip Clip skippar kabeln mellan din smartphone och <a href=\"https:\/\/www.heddata.se\/webbutik\/horlurar-headset\/\">h\u00f6rlurar<\/a> f\u00f6r att ge den ultimata tr\u00e5dl\u00f6sa friheten att lyssna och kontrollera din musik. <\/span><\/p>\n<h4 class=\"tw-data-text tw-text-large tw-ta\" data-placeholder=\"\u00d6vers\u00e4ttning\"><span lang=\"sv\">G\u00f6r alla h\u00f6rlurar tr\u00e5dl\u00f6sa <\/span><\/h4>\n<p class=\"tw-data-text tw-text-large tw-ta\" dir=\"ltr\" data-placeholder=\"\u00d6vers\u00e4ttning\"><span lang=\"sv\">F\u00e5 \u00e4nnu mer n\u00f6je fr\u00e5n dina favorit \u00f6ronsn\u00e4ckor eller h\u00f6rlurar. Anslut till <a href=\"https:\/\/griffintechnology.com\/\" target=\"_blank\" rel=\"noopener noreferrer\">iTrip-enheten<\/a> och lyssna tr\u00e5dl\u00f6st. Inget h\u00f6rlursuttag? Inga problem! Oroa dig inte om din favorit-smarttelefon nyligen dumpade h\u00f6rlursuttaget. iTrip Clip ansluter dina favorith\u00f6rlurar tr\u00e5dl\u00f6st till din smartphone eller surfplatta med Bluetooth 4.1. St\u00e4ll in det och gl\u00f6m det &#8211; iTrip Clip ansluter automatiskt till din smartphone eller surfplatta n\u00e4r de v\u00e4l \u00e4r ihopkopplade. inget mer fumlande med inst\u00e4llningar n\u00e4r du \u00e4r redo att spela eller ringa ett samtal.<\/span><\/p>\n<h4 class=\"tw-data-text tw-text-large tw-ta\" data-placeholder=\"\u00d6vers\u00e4ttning\"><span lang=\"sv\"> Fingertoppskontroller <\/span><\/h4>\n<p class=\"tw-data-text tw-text-large tw-ta\" dir=\"ltr\" data-placeholder=\"\u00d6vers\u00e4ttning\"><span lang=\"sv\">Du har full kontroll \u00f6ver din smartphone eller surfplatta med iTrip Clips uppspelning, paus, hoppa \u00f6ver sp\u00e5r, fram\u00e5t och bak\u00e5t och volymkontroller. Aktivera Siri och ring ocks\u00e5.<\/span><\/p>\n<p class=\"tw-data-text tw-text-large tw-ta\" dir=\"ltr\" data-placeholder=\"\u00d6vers\u00e4ttning\"><span lang=\"sv\">iTrip Clips inbyggda clip f\u00e4ster du p\u00e5 skjortkragen eller v\u00e4skrem f\u00f6r total kontroll inom r\u00e4ckh\u00e5ll. Vi \u00e4lskar faktiskt iTrip Clip f\u00f6r l\u00f6pning och utomhusaktiviteter eftersom det \u00e4r tillr\u00e4ckligt litet f\u00f6r att kl\u00e4mma fast p\u00e5 en hatt eller visir. <\/span><\/p>\n<h4 class=\"tw-data-text tw-text-large tw-ta\" data-placeholder=\"\u00d6vers\u00e4ttning\"><span lang=\"sv\">Tr\u00e5dl\u00f6sa h\u00f6rlurar, tr\u00e5dl\u00f6st billjud, allt tr\u00e5dl\u00f6st <\/span><\/h4>\n<p class=\"tw-data-text tw-text-large tw-ta\" dir=\"ltr\" data-placeholder=\"\u00d6vers\u00e4ttning\"><span lang=\"sv\">Anslut tr\u00e5dl\u00f6sa h\u00f6rlurar, bilstereo eller hemljudsystem till en smartphone.<br \/>\nInbyggd handsfree-mikrofon \u00e4r perfekt f\u00f6r video- och ljudsamtal.<br \/>\nSkippa kablarna.<br \/>\n<\/span><span style=\"font-size: 14.4px\">Konverterar alla h\u00f6rlurar eller h\u00f6rlurar till tr\u00e5dl\u00f6sa Bluetooth-h\u00f6rlurar<br \/>\nSt\u00f6der Bluetooth version 4.1<br \/>\nSpela-, volym- och sp\u00e5rkontroller fungerar med all musik, video och streaming-appar<br \/>\nInbyggd handsfree-mikrofon f\u00f6r telefon- och videosamtal<br \/>\nKompatibel med Siri, Google Now och andra r\u00f6stigenk\u00e4nningsappar<br \/>\nSt\u00e4ll in och gl\u00f6m konfiguration: ansluter automatiskt utan anstr\u00e4ngning till parade iOS- och Android-smartphones<br \/>\nTr\u00e5dl\u00f6st intervall ca. 30 fot (10 meter)<br \/>\nUppladdningsbart Li-Ion-batteri: upp till 6 timmars spel- \/ samtalstid, 180 timmars v\u00e4ntel\u00e4ge<br \/>\nInkluderar mikro-USB-laddningskabel<br \/>\nAnslut till bilens stereo med AUX-kabel (s\u00e4ljs separat) f\u00f6r att lyssna och styra din smartphone i din bil, tr\u00e5dl\u00f6st<br \/>\nPerfekt till\u00e4gg f\u00f6r Moto Z och framtida enheter utan h\u00f6rlursuttag<\/span><\/p>\n","protected":false},"excerpt":{"rendered":"<p><span lang=\"sv\">iTrip Clip Bluetooth-ljudadapter<\/span><\/p>\n","protected":false},"featured_media":74985,"template":"","meta":[],"product_brand":[],"product_cat":[128,119],"product_tag":[],"class_list":{"0":"post-7162","1":"product","2":"type-product","3":"status-publish","4":"has-post-thumbnail","6":"product_cat-headset-horlurar-med-bluetooth","7":"product_cat-horlurar-headset","9":"first","10":"instock","11":"taxable","12":"shipping-taxable","13":"purchasable","14":"product-type-simple"},"yoast_head":"<!-- This site is optimized with the Yoast SEO Premium plugin v26.7 (Yoast SEO v26.7) - https:\/\/yoast.com\/wordpress\/plugins\/seo\/ -->\n<title>iTrip Clip Bluetooth-ljudadapter f\u00f6rvandlar din tr\u00e5dade lurar till tr\u00e5dl\u00f6sa<\/title>\n<meta name=\"description\" content=\"iTrip Clip Bluetooth-ljudadapter. Spela, kontrollera och prata p\u00e5 din smartphone utan kablar. iTrip Clip skippar kabeln mellan din smartphone och h\u00f6rlurar\" \/>\n<meta name=\"robots\" content=\"index, follow, max-snippet:-1, max-image-preview:large, max-video-preview:-1\" \/>\n<link rel=\"canonical\" href=\"https:\/\/www.heddata.se\/webbutik\/produkt\/itrip-clip-bluetooth-ljudadapter\/\" \/>\n<meta property=\"og:locale\" content=\"sv_SE\" \/>\n<meta property=\"og:type\" content=\"article\" \/>\n<meta property=\"og:title\" content=\"iTrip Clip Bluetooth-ljudadapter\" \/>\n<meta property=\"og:description\" content=\"iTrip Clip Bluetooth-ljudadapter. Spela, kontrollera och prata p\u00e5 din smartphone utan kablar. iTrip Clip skippar kabeln mellan din smartphone och h\u00f6rlurar\" \/>\n<meta property=\"og:url\" content=\"https:\/\/www.heddata.se\/webbutik\/produkt\/itrip-clip-bluetooth-ljudadapter\/\" \/>\n<meta property=\"og:site_name\" content=\"Datorer, Skrivare, F\u00e4rgpatroner, Mobiltelefoner\" \/>\n<meta property=\"article:modified_time\" content=\"2026-04-09T08:10:46+00:00\" \/>\n<meta property=\"og:image\" content=\"https:\/\/www.heddata.se\/webbutik\/wp-content\/uploads\/webbutik\/kategorier\/horlurar\/griffin-itrip.jpg\" \/>\n\t<meta property=\"og:image:width\" content=\"600\" \/>\n\t<meta property=\"og:image:height\" content=\"400\" \/>\n\t<meta property=\"og:image:type\" content=\"image\/jpeg\" \/>\n<meta name=\"twitter:card\" content=\"summary_large_image\" \/>\n<meta name=\"twitter:label1\" content=\"Ber\u00e4knad l\u00e4stid\" \/>\n\t<meta name=\"twitter:data1\" content=\"2 minuter\" \/>\n<script type=\"application\/ld+json\" class=\"yoast-schema-graph\">{\"@context\":\"https:\/\/schema.org\",\"@graph\":[{\"@type\":\"WebPage\",\"@id\":\"https:\/\/www.heddata.se\/webbutik\/produkt\/itrip-clip-bluetooth-ljudadapter\/\",\"url\":\"https:\/\/www.heddata.se\/webbutik\/produkt\/itrip-clip-bluetooth-ljudadapter\/\",\"name\":\"iTrip Clip Bluetooth-ljudadapter f\u00f6rvandlar din tr\u00e5dade lurar till tr\u00e5dl\u00f6sa\",\"isPartOf\":{\"@id\":\"https:\/\/www.heddata.se\/webbutik\/#website\"},\"primaryImageOfPage\":{\"@id\":\"https:\/\/www.heddata.se\/webbutik\/produkt\/itrip-clip-bluetooth-ljudadapter\/#primaryimage\"},\"image\":{\"@id\":\"https:\/\/www.heddata.se\/webbutik\/produkt\/itrip-clip-bluetooth-ljudadapter\/#primaryimage\"},\"thumbnailUrl\":\"https:\/\/www.heddata.se\/webbutik\/wp-content\/uploads\/webbutik\/kategorier\/horlurar\/griffin-itrip.jpg\",\"datePublished\":\"2019-11-20T08:07:28+00:00\",\"dateModified\":\"2026-04-09T08:10:46+00:00\",\"description\":\"iTrip Clip Bluetooth-ljudadapter. Spela, kontrollera och prata p\u00e5 din smartphone utan kablar. iTrip Clip skippar kabeln mellan din smartphone och h\u00f6rlurar\",\"breadcrumb\":{\"@id\":\"https:\/\/www.heddata.se\/webbutik\/produkt\/itrip-clip-bluetooth-ljudadapter\/#breadcrumb\"},\"inLanguage\":\"sv-SE\",\"potentialAction\":[{\"@type\":\"ReadAction\",\"target\":[\"https:\/\/www.heddata.se\/webbutik\/produkt\/itrip-clip-bluetooth-ljudadapter\/\"]}]},{\"@type\":\"ImageObject\",\"inLanguage\":\"sv-SE\",\"@id\":\"https:\/\/www.heddata.se\/webbutik\/produkt\/itrip-clip-bluetooth-ljudadapter\/#primaryimage\",\"url\":\"https:\/\/www.heddata.se\/webbutik\/wp-content\/uploads\/webbutik\/kategorier\/horlurar\/griffin-itrip.jpg\",\"contentUrl\":\"https:\/\/www.heddata.se\/webbutik\/wp-content\/uploads\/webbutik\/kategorier\/horlurar\/griffin-itrip.jpg\",\"width\":600,\"height\":400,\"caption\":\"iTrip Clip Bluetooth-ljudadapter\"},{\"@type\":\"BreadcrumbList\",\"@id\":\"https:\/\/www.heddata.se\/webbutik\/produkt\/itrip-clip-bluetooth-ljudadapter\/#breadcrumb\",\"itemListElement\":[{\"@type\":\"ListItem\",\"position\":1,\"name\":\"Hem\",\"item\":\"https:\/\/www.heddata.se\/webbutik\/\"},{\"@type\":\"ListItem\",\"position\":2,\"name\":\"Produkter\",\"item\":\"https:\/\/www.heddata.se\/webbutik\/shop\/\"},{\"@type\":\"ListItem\",\"position\":3,\"name\":\"iTrip Clip Bluetooth-ljudadapter\"}]},{\"@type\":\"WebSite\",\"@id\":\"https:\/\/www.heddata.se\/webbutik\/#website\",\"url\":\"https:\/\/www.heddata.se\/webbutik\/\",\"name\":\"Datorer, Skrivare, F\u00e4rgpatroner, Mobiltelefoner\",\"description\":\"Kablar\",\"publisher\":{\"@id\":\"https:\/\/www.heddata.se\/webbutik\/#organization\"},\"potentialAction\":[{\"@type\":\"SearchAction\",\"target\":{\"@type\":\"EntryPoint\",\"urlTemplate\":\"https:\/\/www.heddata.se\/webbutik\/?s={search_term_string}\"},\"query-input\":{\"@type\":\"PropertyValueSpecification\",\"valueRequired\":true,\"valueName\":\"search_term_string\"}}],\"inLanguage\":\"sv-SE\"},{\"@type\":\"Organization\",\"@id\":\"https:\/\/www.heddata.se\/webbutik\/#organization\",\"name\":\"Heddata AB\",\"url\":\"https:\/\/www.heddata.se\/webbutik\/\",\"logo\":{\"@type\":\"ImageObject\",\"inLanguage\":\"sv-SE\",\"@id\":\"https:\/\/www.heddata.se\/webbutik\/#\/schema\/logo\/image\/\",\"url\":\"https:\/\/www.heddata.se\/webbutik\/wp-content\/uploads\/logga\/heddata-ab-logga.png\",\"contentUrl\":\"https:\/\/www.heddata.se\/webbutik\/wp-content\/uploads\/logga\/heddata-ab-logga.png\",\"width\":200,\"height\":64,\"caption\":\"Heddata AB\"},\"image\":{\"@id\":\"https:\/\/www.heddata.se\/webbutik\/#\/schema\/logo\/image\/\"}}]}<\/script>\n<!-- \/ Yoast SEO Premium plugin. -->","yoast_head_json":{"title":"iTrip Clip Bluetooth-ljudadapter f\u00f6rvandlar din tr\u00e5dade lurar till tr\u00e5dl\u00f6sa","description":"iTrip Clip Bluetooth-ljudadapter. Spela, kontrollera och prata p\u00e5 din smartphone utan kablar. iTrip Clip skippar kabeln mellan din smartphone och h\u00f6rlurar","robots":{"index":"index","follow":"follow","max-snippet":"max-snippet:-1","max-image-preview":"max-image-preview:large","max-video-preview":"max-video-preview:-1"},"canonical":"https:\/\/www.heddata.se\/webbutik\/produkt\/itrip-clip-bluetooth-ljudadapter\/","og_locale":"sv_SE","og_type":"article","og_title":"iTrip Clip Bluetooth-ljudadapter","og_description":"iTrip Clip Bluetooth-ljudadapter. Spela, kontrollera och prata p\u00e5 din smartphone utan kablar. iTrip Clip skippar kabeln mellan din smartphone och h\u00f6rlurar","og_url":"https:\/\/www.heddata.se\/webbutik\/produkt\/itrip-clip-bluetooth-ljudadapter\/","og_site_name":"Datorer, Skrivare, F\u00e4rgpatroner, Mobiltelefoner","article_modified_time":"2026-04-09T08:10:46+00:00","og_image":[{"width":600,"height":400,"url":"https:\/\/www.heddata.se\/webbutik\/wp-content\/uploads\/webbutik\/kategorier\/horlurar\/griffin-itrip.jpg","type":"image\/jpeg"}],"twitter_card":"summary_large_image","twitter_misc":{"Ber\u00e4knad l\u00e4stid":"2 minuter"},"schema":{"@context":"https:\/\/schema.org","@graph":[{"@type":"WebPage","@id":"https:\/\/www.heddata.se\/webbutik\/produkt\/itrip-clip-bluetooth-ljudadapter\/","url":"https:\/\/www.heddata.se\/webbutik\/produkt\/itrip-clip-bluetooth-ljudadapter\/","name":"iTrip Clip Bluetooth-ljudadapter f\u00f6rvandlar din tr\u00e5dade lurar till tr\u00e5dl\u00f6sa","isPartOf":{"@id":"https:\/\/www.heddata.se\/webbutik\/#website"},"primaryImageOfPage":{"@id":"https:\/\/www.heddata.se\/webbutik\/produkt\/itrip-clip-bluetooth-ljudadapter\/#primaryimage"},"image":{"@id":"https:\/\/www.heddata.se\/webbutik\/produkt\/itrip-clip-bluetooth-ljudadapter\/#primaryimage"},"thumbnailUrl":"https:\/\/www.heddata.se\/webbutik\/wp-content\/uploads\/webbutik\/kategorier\/horlurar\/griffin-itrip.jpg","datePublished":"2019-11-20T08:07:28+00:00","dateModified":"2026-04-09T08:10:46+00:00","description":"iTrip Clip Bluetooth-ljudadapter. Spela, kontrollera och prata p\u00e5 din smartphone utan kablar. iTrip Clip skippar kabeln mellan din smartphone och h\u00f6rlurar","breadcrumb":{"@id":"https:\/\/www.heddata.se\/webbutik\/produkt\/itrip-clip-bluetooth-ljudadapter\/#breadcrumb"},"inLanguage":"sv-SE","potentialAction":[{"@type":"ReadAction","target":["https:\/\/www.heddata.se\/webbutik\/produkt\/itrip-clip-bluetooth-ljudadapter\/"]}]},{"@type":"ImageObject","inLanguage":"sv-SE","@id":"https:\/\/www.heddata.se\/webbutik\/produkt\/itrip-clip-bluetooth-ljudadapter\/#primaryimage","url":"https:\/\/www.heddata.se\/webbutik\/wp-content\/uploads\/webbutik\/kategorier\/horlurar\/griffin-itrip.jpg","contentUrl":"https:\/\/www.heddata.se\/webbutik\/wp-content\/uploads\/webbutik\/kategorier\/horlurar\/griffin-itrip.jpg","width":600,"height":400,"caption":"iTrip Clip Bluetooth-ljudadapter"},{"@type":"BreadcrumbList","@id":"https:\/\/www.heddata.se\/webbutik\/produkt\/itrip-clip-bluetooth-ljudadapter\/#breadcrumb","itemListElement":[{"@type":"ListItem","position":1,"name":"Hem","item":"https:\/\/www.heddata.se\/webbutik\/"},{"@type":"ListItem","position":2,"name":"Produkter","item":"https:\/\/www.heddata.se\/webbutik\/shop\/"},{"@type":"ListItem","position":3,"name":"iTrip Clip Bluetooth-ljudadapter"}]},{"@type":"WebSite","@id":"https:\/\/www.heddata.se\/webbutik\/#website","url":"https:\/\/www.heddata.se\/webbutik\/","name":"Datorer, Skrivare, F\u00e4rgpatroner, Mobiltelefoner","description":"Kablar","publisher":{"@id":"https:\/\/www.heddata.se\/webbutik\/#organization"},"potentialAction":[{"@type":"SearchAction","target":{"@type":"EntryPoint","urlTemplate":"https:\/\/www.heddata.se\/webbutik\/?s={search_term_string}"},"query-input":{"@type":"PropertyValueSpecification","valueRequired":true,"valueName":"search_term_string"}}],"inLanguage":"sv-SE"},{"@type":"Organization","@id":"https:\/\/www.heddata.se\/webbutik\/#organization","name":"Heddata AB","url":"https:\/\/www.heddata.se\/webbutik\/","logo":{"@type":"ImageObject","inLanguage":"sv-SE","@id":"https:\/\/www.heddata.se\/webbutik\/#\/schema\/logo\/image\/","url":"https:\/\/www.heddata.se\/webbutik\/wp-content\/uploads\/logga\/heddata-ab-logga.png","contentUrl":"https:\/\/www.heddata.se\/webbutik\/wp-content\/uploads\/logga\/heddata-ab-logga.png","width":200,"height":64,"caption":"Heddata AB"},"image":{"@id":"https:\/\/www.heddata.se\/webbutik\/#\/schema\/logo\/image\/"}}]}},"_links":{"self":[{"href":"https:\/\/www.heddata.se\/webbutik\/wp-json\/wp\/v2\/product\/7162","targetHints":{"allow":["GET"]}}],"collection":[{"href":"https:\/\/www.heddata.se\/webbutik\/wp-json\/wp\/v2\/product"}],"about":[{"href":"https:\/\/www.heddata.se\/webbutik\/wp-json\/wp\/v2\/types\/product"}],"wp:featuredmedia":[{"embeddable":true,"href":"https:\/\/www.heddata.se\/webbutik\/wp-json\/wp\/v2\/media\/74985"}],"wp:attachment":[{"href":"https:\/\/www.heddata.se\/webbutik\/wp-json\/wp\/v2\/media?parent=7162"}],"wp:term":[{"taxonomy":"product_brand","embeddable":true,"href":"https:\/\/www.heddata.se\/webbutik\/wp-json\/wp\/v2\/product_brand?post=7162"},{"taxonomy":"product_cat","embeddable":true,"href":"https:\/\/www.heddata.se\/webbutik\/wp-json\/wp\/v2\/product_cat?post=7162"},{"taxonomy":"product_tag","embeddable":true,"href":"https:\/\/www.heddata.se\/webbutik\/wp-json\/wp\/v2\/product_tag?post=7162"}],"curies":[{"name":"wp","href":"https:\/\/api.w.org\/{rel}","templated":true}]}}