{"id":7148,"date":"2019-11-20T09:07:25","date_gmt":"2019-11-20T08:07:25","guid":{"rendered":"https:\/\/www.heddata.se\/webbutik\/?post_type=product&#038;p=7148"},"modified":"2026-04-15T18:10:42","modified_gmt":"2026-04-15T16:10:42","slug":"pappersregister-a-o-jopa-a4","status":"publish","type":"product","link":"https:\/\/www.heddata.se\/webbutik\/produkt\/pappersregister-a-o-jopa-a4\/","title":{"rendered":"Pappersregister A-\u00d6 JOPA A4 vit\/bl\u00e5 &#8211; 69910ST"},"content":{"rendered":"<p>Pappersregister A-\u00d6 JOPA fr\u00e5n <a href=\"https:\/\/www.esselte.com\/sv-se\/\" target=\"_blank\" rel=\"noopener noreferrer\">Esselte<\/a>. Detta register m\u00f6jligg\u00f6r en enkel och effektiv sortering av dina dokument. En klassiker p\u00e5 Svenskt <a href=\"https:\/\/www.heddata.se\/webbutik\/kontorstillbehor\/\">kontor<\/a>! Det \u00e4r tillverkat av gultonat 90g kraftpapper som dessutom \u00e4r klor och syrafritt. Flikarna \u00e4r bl\u00e5 med svart tryck p\u00e5. Samtliga JOPA register \u00e4r ett bra milj\u00f6val, d\u00e5 de \u00e4r tillverkade av FSC certifierat papper.<\/p>\n","protected":false},"excerpt":{"rendered":"<p>Pappersregister A-\u00d6 JOPA<\/p>\n","protected":false},"featured_media":9396,"template":"","meta":[],"product_brand":[],"product_cat":[68],"product_tag":[],"class_list":{"0":"post-7148","1":"product","2":"type-product","3":"status-publish","4":"has-post-thumbnail","6":"product_cat-kontorstillbehor","8":"first","9":"instock","10":"taxable","11":"shipping-taxable","12":"purchasable","13":"product-type-simple"},"yoast_head":"<!-- This site is optimized with the Yoast SEO Premium plugin v26.7 (Yoast SEO v26.7) - https:\/\/yoast.com\/wordpress\/plugins\/seo\/ -->\n<title>Pappersregister A-\u00d6 JOPA A4 vit\/bl\u00e5 - 69910ST - Klassiker!<\/title>\n<meta name=\"description\" content=\"Pappersregister A-\u00d6 JOPA fr\u00e5n Esselte. Detta register m\u00f6jligg\u00f6r en enkel och effektiv sortering av dina dokument. En klassiker p\u00e5 Svenskt kontor!\" \/>\n<meta name=\"robots\" content=\"index, follow, max-snippet:-1, max-image-preview:large, max-video-preview:-1\" \/>\n<link rel=\"canonical\" href=\"https:\/\/www.heddata.se\/webbutik\/produkt\/pappersregister-a-o-jopa-a4\/\" \/>\n<meta property=\"og:locale\" content=\"sv_SE\" \/>\n<meta property=\"og:type\" content=\"article\" \/>\n<meta property=\"og:title\" content=\"Pappersregister A-\u00d6 JOPA A4 vit\/bl\u00e5 - 69910ST\" \/>\n<meta property=\"og:description\" content=\"Pappersregister A-\u00d6 JOPA fr\u00e5n Esselte. Detta register m\u00f6jligg\u00f6r en enkel och effektiv sortering av dina dokument. En klassiker p\u00e5 Svenskt kontor!\" \/>\n<meta property=\"og:url\" content=\"https:\/\/www.heddata.se\/webbutik\/produkt\/pappersregister-a-o-jopa-a4\/\" \/>\n<meta property=\"og:site_name\" content=\"Datorer, Skrivare, F\u00e4rgpatroner, Mobiltelefoner\" \/>\n<meta property=\"article:modified_time\" content=\"2026-04-15T16:10:42+00:00\" \/>\n<meta property=\"og:image\" content=\"https:\/\/www.heddata.se\/webbutik\/wp-content\/uploads\/webbutik\/kategorier\/Kontorstillbehor\/Pappersregister-A-o-JOPA-A4-vit-bla-69910ST.jpg\" \/>\n\t<meta property=\"og:image:width\" content=\"1000\" \/>\n\t<meta property=\"og:image:height\" content=\"1000\" \/>\n\t<meta property=\"og:image:type\" content=\"image\/jpeg\" \/>\n<meta name=\"twitter:card\" content=\"summary_large_image\" \/>\n<script type=\"application\/ld+json\" class=\"yoast-schema-graph\">{\"@context\":\"https:\/\/schema.org\",\"@graph\":[{\"@type\":\"WebPage\",\"@id\":\"https:\/\/www.heddata.se\/webbutik\/produkt\/pappersregister-a-o-jopa-a4\/\",\"url\":\"https:\/\/www.heddata.se\/webbutik\/produkt\/pappersregister-a-o-jopa-a4\/\",\"name\":\"Pappersregister A-\u00d6 JOPA A4 vit\/bl\u00e5 - 69910ST - Klassiker!\",\"isPartOf\":{\"@id\":\"https:\/\/www.heddata.se\/webbutik\/#website\"},\"primaryImageOfPage\":{\"@id\":\"https:\/\/www.heddata.se\/webbutik\/produkt\/pappersregister-a-o-jopa-a4\/#primaryimage\"},\"image\":{\"@id\":\"https:\/\/www.heddata.se\/webbutik\/produkt\/pappersregister-a-o-jopa-a4\/#primaryimage\"},\"thumbnailUrl\":\"https:\/\/www.heddata.se\/webbutik\/wp-content\/uploads\/webbutik\/kategorier\/Kontorstillbehor\/Pappersregister-A-o-JOPA-A4-vit-bla-69910ST.jpg\",\"datePublished\":\"2019-11-20T08:07:25+00:00\",\"dateModified\":\"2026-04-15T16:10:42+00:00\",\"description\":\"Pappersregister A-\u00d6 JOPA fr\u00e5n Esselte. Detta register m\u00f6jligg\u00f6r en enkel och effektiv sortering av dina dokument. En klassiker p\u00e5 Svenskt kontor!\",\"breadcrumb\":{\"@id\":\"https:\/\/www.heddata.se\/webbutik\/produkt\/pappersregister-a-o-jopa-a4\/#breadcrumb\"},\"inLanguage\":\"sv-SE\",\"potentialAction\":[{\"@type\":\"ReadAction\",\"target\":[\"https:\/\/www.heddata.se\/webbutik\/produkt\/pappersregister-a-o-jopa-a4\/\"]}]},{\"@type\":\"ImageObject\",\"inLanguage\":\"sv-SE\",\"@id\":\"https:\/\/www.heddata.se\/webbutik\/produkt\/pappersregister-a-o-jopa-a4\/#primaryimage\",\"url\":\"https:\/\/www.heddata.se\/webbutik\/wp-content\/uploads\/webbutik\/kategorier\/Kontorstillbehor\/Pappersregister-A-o-JOPA-A4-vit-bla-69910ST.jpg\",\"contentUrl\":\"https:\/\/www.heddata.se\/webbutik\/wp-content\/uploads\/webbutik\/kategorier\/Kontorstillbehor\/Pappersregister-A-o-JOPA-A4-vit-bla-69910ST.jpg\",\"width\":1000,\"height\":1000,\"caption\":\"Pappersregister A-\u00d6 JOPA A4 vit\/bl\u00e5 - 69910ST\"},{\"@type\":\"BreadcrumbList\",\"@id\":\"https:\/\/www.heddata.se\/webbutik\/produkt\/pappersregister-a-o-jopa-a4\/#breadcrumb\",\"itemListElement\":[{\"@type\":\"ListItem\",\"position\":1,\"name\":\"Hem\",\"item\":\"https:\/\/www.heddata.se\/webbutik\/\"},{\"@type\":\"ListItem\",\"position\":2,\"name\":\"Produkter\",\"item\":\"https:\/\/www.heddata.se\/webbutik\/shop\/\"},{\"@type\":\"ListItem\",\"position\":3,\"name\":\"Pappersregister A-\u00d6 JOPA A4 vit\/bl\u00e5 &#8211; 69910ST\"}]},{\"@type\":\"WebSite\",\"@id\":\"https:\/\/www.heddata.se\/webbutik\/#website\",\"url\":\"https:\/\/www.heddata.se\/webbutik\/\",\"name\":\"Datorer, Skrivare, F\u00e4rgpatroner, Mobiltelefoner\",\"description\":\"Kablar\",\"publisher\":{\"@id\":\"https:\/\/www.heddata.se\/webbutik\/#organization\"},\"potentialAction\":[{\"@type\":\"SearchAction\",\"target\":{\"@type\":\"EntryPoint\",\"urlTemplate\":\"https:\/\/www.heddata.se\/webbutik\/?s={search_term_string}\"},\"query-input\":{\"@type\":\"PropertyValueSpecification\",\"valueRequired\":true,\"valueName\":\"search_term_string\"}}],\"inLanguage\":\"sv-SE\"},{\"@type\":\"Organization\",\"@id\":\"https:\/\/www.heddata.se\/webbutik\/#organization\",\"name\":\"Heddata AB\",\"url\":\"https:\/\/www.heddata.se\/webbutik\/\",\"logo\":{\"@type\":\"ImageObject\",\"inLanguage\":\"sv-SE\",\"@id\":\"https:\/\/www.heddata.se\/webbutik\/#\/schema\/logo\/image\/\",\"url\":\"https:\/\/www.heddata.se\/webbutik\/wp-content\/uploads\/logga\/heddata-ab-logga.png\",\"contentUrl\":\"https:\/\/www.heddata.se\/webbutik\/wp-content\/uploads\/logga\/heddata-ab-logga.png\",\"width\":200,\"height\":64,\"caption\":\"Heddata AB\"},\"image\":{\"@id\":\"https:\/\/www.heddata.se\/webbutik\/#\/schema\/logo\/image\/\"}}]}<\/script>\n<!-- \/ Yoast SEO Premium plugin. -->","yoast_head_json":{"title":"Pappersregister A-\u00d6 JOPA A4 vit\/bl\u00e5 - 69910ST - Klassiker!","description":"Pappersregister A-\u00d6 JOPA fr\u00e5n Esselte. Detta register m\u00f6jligg\u00f6r en enkel och effektiv sortering av dina dokument. En klassiker p\u00e5 Svenskt kontor!","robots":{"index":"index","follow":"follow","max-snippet":"max-snippet:-1","max-image-preview":"max-image-preview:large","max-video-preview":"max-video-preview:-1"},"canonical":"https:\/\/www.heddata.se\/webbutik\/produkt\/pappersregister-a-o-jopa-a4\/","og_locale":"sv_SE","og_type":"article","og_title":"Pappersregister A-\u00d6 JOPA A4 vit\/bl\u00e5 - 69910ST","og_description":"Pappersregister A-\u00d6 JOPA fr\u00e5n Esselte. Detta register m\u00f6jligg\u00f6r en enkel och effektiv sortering av dina dokument. En klassiker p\u00e5 Svenskt kontor!","og_url":"https:\/\/www.heddata.se\/webbutik\/produkt\/pappersregister-a-o-jopa-a4\/","og_site_name":"Datorer, Skrivare, F\u00e4rgpatroner, Mobiltelefoner","article_modified_time":"2026-04-15T16:10:42+00:00","og_image":[{"width":1000,"height":1000,"url":"https:\/\/www.heddata.se\/webbutik\/wp-content\/uploads\/webbutik\/kategorier\/Kontorstillbehor\/Pappersregister-A-o-JOPA-A4-vit-bla-69910ST.jpg","type":"image\/jpeg"}],"twitter_card":"summary_large_image","schema":{"@context":"https:\/\/schema.org","@graph":[{"@type":"WebPage","@id":"https:\/\/www.heddata.se\/webbutik\/produkt\/pappersregister-a-o-jopa-a4\/","url":"https:\/\/www.heddata.se\/webbutik\/produkt\/pappersregister-a-o-jopa-a4\/","name":"Pappersregister A-\u00d6 JOPA A4 vit\/bl\u00e5 - 69910ST - Klassiker!","isPartOf":{"@id":"https:\/\/www.heddata.se\/webbutik\/#website"},"primaryImageOfPage":{"@id":"https:\/\/www.heddata.se\/webbutik\/produkt\/pappersregister-a-o-jopa-a4\/#primaryimage"},"image":{"@id":"https:\/\/www.heddata.se\/webbutik\/produkt\/pappersregister-a-o-jopa-a4\/#primaryimage"},"thumbnailUrl":"https:\/\/www.heddata.se\/webbutik\/wp-content\/uploads\/webbutik\/kategorier\/Kontorstillbehor\/Pappersregister-A-o-JOPA-A4-vit-bla-69910ST.jpg","datePublished":"2019-11-20T08:07:25+00:00","dateModified":"2026-04-15T16:10:42+00:00","description":"Pappersregister A-\u00d6 JOPA fr\u00e5n Esselte. Detta register m\u00f6jligg\u00f6r en enkel och effektiv sortering av dina dokument. En klassiker p\u00e5 Svenskt kontor!","breadcrumb":{"@id":"https:\/\/www.heddata.se\/webbutik\/produkt\/pappersregister-a-o-jopa-a4\/#breadcrumb"},"inLanguage":"sv-SE","potentialAction":[{"@type":"ReadAction","target":["https:\/\/www.heddata.se\/webbutik\/produkt\/pappersregister-a-o-jopa-a4\/"]}]},{"@type":"ImageObject","inLanguage":"sv-SE","@id":"https:\/\/www.heddata.se\/webbutik\/produkt\/pappersregister-a-o-jopa-a4\/#primaryimage","url":"https:\/\/www.heddata.se\/webbutik\/wp-content\/uploads\/webbutik\/kategorier\/Kontorstillbehor\/Pappersregister-A-o-JOPA-A4-vit-bla-69910ST.jpg","contentUrl":"https:\/\/www.heddata.se\/webbutik\/wp-content\/uploads\/webbutik\/kategorier\/Kontorstillbehor\/Pappersregister-A-o-JOPA-A4-vit-bla-69910ST.jpg","width":1000,"height":1000,"caption":"Pappersregister A-\u00d6 JOPA A4 vit\/bl\u00e5 - 69910ST"},{"@type":"BreadcrumbList","@id":"https:\/\/www.heddata.se\/webbutik\/produkt\/pappersregister-a-o-jopa-a4\/#breadcrumb","itemListElement":[{"@type":"ListItem","position":1,"name":"Hem","item":"https:\/\/www.heddata.se\/webbutik\/"},{"@type":"ListItem","position":2,"name":"Produkter","item":"https:\/\/www.heddata.se\/webbutik\/shop\/"},{"@type":"ListItem","position":3,"name":"Pappersregister A-\u00d6 JOPA A4 vit\/bl\u00e5 &#8211; 69910ST"}]},{"@type":"WebSite","@id":"https:\/\/www.heddata.se\/webbutik\/#website","url":"https:\/\/www.heddata.se\/webbutik\/","name":"Datorer, Skrivare, F\u00e4rgpatroner, Mobiltelefoner","description":"Kablar","publisher":{"@id":"https:\/\/www.heddata.se\/webbutik\/#organization"},"potentialAction":[{"@type":"SearchAction","target":{"@type":"EntryPoint","urlTemplate":"https:\/\/www.heddata.se\/webbutik\/?s={search_term_string}"},"query-input":{"@type":"PropertyValueSpecification","valueRequired":true,"valueName":"search_term_string"}}],"inLanguage":"sv-SE"},{"@type":"Organization","@id":"https:\/\/www.heddata.se\/webbutik\/#organization","name":"Heddata AB","url":"https:\/\/www.heddata.se\/webbutik\/","logo":{"@type":"ImageObject","inLanguage":"sv-SE","@id":"https:\/\/www.heddata.se\/webbutik\/#\/schema\/logo\/image\/","url":"https:\/\/www.heddata.se\/webbutik\/wp-content\/uploads\/logga\/heddata-ab-logga.png","contentUrl":"https:\/\/www.heddata.se\/webbutik\/wp-content\/uploads\/logga\/heddata-ab-logga.png","width":200,"height":64,"caption":"Heddata AB"},"image":{"@id":"https:\/\/www.heddata.se\/webbutik\/#\/schema\/logo\/image\/"}}]}},"_links":{"self":[{"href":"https:\/\/www.heddata.se\/webbutik\/wp-json\/wp\/v2\/product\/7148","targetHints":{"allow":["GET"]}}],"collection":[{"href":"https:\/\/www.heddata.se\/webbutik\/wp-json\/wp\/v2\/product"}],"about":[{"href":"https:\/\/www.heddata.se\/webbutik\/wp-json\/wp\/v2\/types\/product"}],"wp:featuredmedia":[{"embeddable":true,"href":"https:\/\/www.heddata.se\/webbutik\/wp-json\/wp\/v2\/media\/9396"}],"wp:attachment":[{"href":"https:\/\/www.heddata.se\/webbutik\/wp-json\/wp\/v2\/media?parent=7148"}],"wp:term":[{"taxonomy":"product_brand","embeddable":true,"href":"https:\/\/www.heddata.se\/webbutik\/wp-json\/wp\/v2\/product_brand?post=7148"},{"taxonomy":"product_cat","embeddable":true,"href":"https:\/\/www.heddata.se\/webbutik\/wp-json\/wp\/v2\/product_cat?post=7148"},{"taxonomy":"product_tag","embeddable":true,"href":"https:\/\/www.heddata.se\/webbutik\/wp-json\/wp\/v2\/product_tag?post=7148"}],"curies":[{"name":"wp","href":"https:\/\/api.w.org\/{rel}","templated":true}]}}