{"id":7139,"date":"2019-11-20T09:07:22","date_gmt":"2019-11-20T08:07:22","guid":{"rendered":"https:\/\/www.heddata.se\/webbutik\/?post_type=product&#038;p=7139"},"modified":"2026-05-01T18:08:49","modified_gmt":"2026-05-01T16:08:49","slug":"canon-cli-551c-xl-lang-livslangd","status":"publish","type":"product","link":"https:\/\/www.heddata.se\/webbutik\/produkt\/canon-cli-551c-xl-lang-livslangd\/","title":{"rendered":"Canon CLI-551C XL Cyan L\u00e5ng livsl\u00e4ngd. \u00c4kta bl\u00e4ck"},"content":{"rendered":"<p>Canon CLI-551C XL Cyan Original Bl\u00e4ckpatron. Skriv ut dokument och foton med detta f\u00e4rgblock. F\u00e5 utskrifter i toppkvalitet n\u00e4r du anv\u00e4nder den tillsammans med <a href=\"https:\/\/www.canon.se\/\" target=\"_blank\" rel=\"noopener noreferrer\">Canons<\/a> egna fotopapper. Dessutom skyddar det mot blekning. Var s\u00e4ker p\u00e5 ett toppresultat med Canon CLI 551C XL, och att din <a href=\"https:\/\/www.heddata.se\/webbutik\/skrivare-blackstrale-monolaser\/\">skrivare<\/a> ger dig utskrifter av h\u00f6gsta kvalitet.<\/p>\n<p>Tillverkare: Canon<br \/>\nF\u00e4rg: Cyan<br \/>\nM\u00e4ngd bl\u00e4ck: 7 ml<br \/>\nSidkapacitet: 304 sidor<\/p>\n<p>Kompatibla skrivare: PIXMA iX6850, PIXMA MX925, PIXMA MG6650, PIXMA iP7250, PIXMA MX725, PIXMA MG6450, PIXMA MG5450, PIXMA MG5550, PIXMA MG5650, PIXMA iP8750, PIXMA MG6350, PIXMA MG7150, PIXMA MG7550<\/p>\n","protected":false},"excerpt":{"rendered":"<p>Canon CLI-551C XL Cyan<\/p>\n","protected":false},"featured_media":8794,"template":"","meta":[],"product_brand":[],"product_cat":[87,61,93],"product_tag":[],"class_list":{"0":"post-7139","1":"product","2":"type-product","3":"status-publish","4":"has-post-thumbnail","6":"product_cat-blackpatroner","7":"product_cat-blackpatroner-toners","8":"product_cat-canon","10":"first","11":"instock","12":"taxable","13":"shipping-taxable","14":"purchasable","15":"product-type-simple"},"yoast_head":"<!-- This site is optimized with the Yoast SEO Premium plugin v26.7 (Yoast SEO v26.7) - https:\/\/yoast.com\/wordpress\/plugins\/seo\/ -->\n<title>Canon CLI-551C XL Cyan L\u00e5ng livsl\u00e4ngd. \u00c4kta bl\u00e4ck<\/title>\n<meta name=\"description\" content=\"Canon CLI-551C XL Cyan Original Bl\u00e4ckpatron. Skriv ut dokument och foton med detta f\u00e4rgblock. F\u00f6r b\u00e4sta resultat anv\u00e4nd Canons eget fotopapper\" \/>\n<meta name=\"robots\" content=\"index, follow, max-snippet:-1, max-image-preview:large, max-video-preview:-1\" \/>\n<link rel=\"canonical\" href=\"https:\/\/www.heddata.se\/webbutik\/produkt\/canon-cli-551c-xl-lang-livslangd\/\" \/>\n<meta property=\"og:locale\" content=\"sv_SE\" \/>\n<meta property=\"og:type\" content=\"article\" \/>\n<meta property=\"og:title\" content=\"Canon CLI-551C XL Cyan L\u00e5ng livsl\u00e4ngd. \u00c4kta bl\u00e4ck\" \/>\n<meta property=\"og:description\" content=\"Canon CLI-551C XL Cyan Original Bl\u00e4ckpatron. Skriv ut dokument och foton med detta f\u00e4rgblock. F\u00f6r b\u00e4sta resultat anv\u00e4nd Canons eget fotopapper\" \/>\n<meta property=\"og:url\" content=\"https:\/\/www.heddata.se\/webbutik\/produkt\/canon-cli-551c-xl-lang-livslangd\/\" \/>\n<meta property=\"og:site_name\" content=\"Datorer, Skrivare, F\u00e4rgpatroner, Mobiltelefoner\" \/>\n<meta property=\"article:modified_time\" content=\"2026-05-01T16:08:49+00:00\" \/>\n<meta property=\"og:image\" content=\"https:\/\/www.heddata.se\/webbutik\/wp-content\/uploads\/webbutik\/kategorier\/Blackpatroner-toners\/Canon-CLI-551C-XL-Cyan-Lang-livslangd.jpg\" \/>\n\t<meta property=\"og:image:width\" content=\"850\" \/>\n\t<meta property=\"og:image:height\" content=\"850\" \/>\n\t<meta property=\"og:image:type\" content=\"image\/jpeg\" \/>\n<meta name=\"twitter:card\" content=\"summary_large_image\" \/>\n<script type=\"application\/ld+json\" class=\"yoast-schema-graph\">{\"@context\":\"https:\/\/schema.org\",\"@graph\":[{\"@type\":\"WebPage\",\"@id\":\"https:\/\/www.heddata.se\/webbutik\/produkt\/canon-cli-551c-xl-lang-livslangd\/\",\"url\":\"https:\/\/www.heddata.se\/webbutik\/produkt\/canon-cli-551c-xl-lang-livslangd\/\",\"name\":\"Canon CLI-551C XL Cyan L\u00e5ng livsl\u00e4ngd. \u00c4kta bl\u00e4ck\",\"isPartOf\":{\"@id\":\"https:\/\/www.heddata.se\/webbutik\/#website\"},\"primaryImageOfPage\":{\"@id\":\"https:\/\/www.heddata.se\/webbutik\/produkt\/canon-cli-551c-xl-lang-livslangd\/#primaryimage\"},\"image\":{\"@id\":\"https:\/\/www.heddata.se\/webbutik\/produkt\/canon-cli-551c-xl-lang-livslangd\/#primaryimage\"},\"thumbnailUrl\":\"https:\/\/www.heddata.se\/webbutik\/wp-content\/uploads\/webbutik\/kategorier\/Blackpatroner-toners\/Canon-CLI-551C-XL-Cyan-Lang-livslangd.jpg\",\"datePublished\":\"2019-11-20T08:07:22+00:00\",\"dateModified\":\"2026-05-01T16:08:49+00:00\",\"description\":\"Canon CLI-551C XL Cyan Original Bl\u00e4ckpatron. Skriv ut dokument och foton med detta f\u00e4rgblock. F\u00f6r b\u00e4sta resultat anv\u00e4nd Canons eget fotopapper\",\"breadcrumb\":{\"@id\":\"https:\/\/www.heddata.se\/webbutik\/produkt\/canon-cli-551c-xl-lang-livslangd\/#breadcrumb\"},\"inLanguage\":\"sv-SE\",\"potentialAction\":[{\"@type\":\"ReadAction\",\"target\":[\"https:\/\/www.heddata.se\/webbutik\/produkt\/canon-cli-551c-xl-lang-livslangd\/\"]}]},{\"@type\":\"ImageObject\",\"inLanguage\":\"sv-SE\",\"@id\":\"https:\/\/www.heddata.se\/webbutik\/produkt\/canon-cli-551c-xl-lang-livslangd\/#primaryimage\",\"url\":\"https:\/\/www.heddata.se\/webbutik\/wp-content\/uploads\/webbutik\/kategorier\/Blackpatroner-toners\/Canon-CLI-551C-XL-Cyan-Lang-livslangd.jpg\",\"contentUrl\":\"https:\/\/www.heddata.se\/webbutik\/wp-content\/uploads\/webbutik\/kategorier\/Blackpatroner-toners\/Canon-CLI-551C-XL-Cyan-Lang-livslangd.jpg\",\"width\":850,\"height\":850,\"caption\":\"Canon CLI-551C XL Cyan L\u00e5ng livsl\u00e4ngd. \u00c4kta bl\u00e4ck\"},{\"@type\":\"BreadcrumbList\",\"@id\":\"https:\/\/www.heddata.se\/webbutik\/produkt\/canon-cli-551c-xl-lang-livslangd\/#breadcrumb\",\"itemListElement\":[{\"@type\":\"ListItem\",\"position\":1,\"name\":\"Hem\",\"item\":\"https:\/\/www.heddata.se\/webbutik\/\"},{\"@type\":\"ListItem\",\"position\":2,\"name\":\"Produkter\",\"item\":\"https:\/\/www.heddata.se\/webbutik\/shop\/\"},{\"@type\":\"ListItem\",\"position\":3,\"name\":\"Canon CLI-551C XL Cyan L\u00e5ng livsl\u00e4ngd. \u00c4kta bl\u00e4ck\"}]},{\"@type\":\"WebSite\",\"@id\":\"https:\/\/www.heddata.se\/webbutik\/#website\",\"url\":\"https:\/\/www.heddata.se\/webbutik\/\",\"name\":\"Datorer, Skrivare, F\u00e4rgpatroner, Mobiltelefoner\",\"description\":\"Kablar\",\"publisher\":{\"@id\":\"https:\/\/www.heddata.se\/webbutik\/#organization\"},\"potentialAction\":[{\"@type\":\"SearchAction\",\"target\":{\"@type\":\"EntryPoint\",\"urlTemplate\":\"https:\/\/www.heddata.se\/webbutik\/?s={search_term_string}\"},\"query-input\":{\"@type\":\"PropertyValueSpecification\",\"valueRequired\":true,\"valueName\":\"search_term_string\"}}],\"inLanguage\":\"sv-SE\"},{\"@type\":\"Organization\",\"@id\":\"https:\/\/www.heddata.se\/webbutik\/#organization\",\"name\":\"Heddata AB\",\"url\":\"https:\/\/www.heddata.se\/webbutik\/\",\"logo\":{\"@type\":\"ImageObject\",\"inLanguage\":\"sv-SE\",\"@id\":\"https:\/\/www.heddata.se\/webbutik\/#\/schema\/logo\/image\/\",\"url\":\"https:\/\/www.heddata.se\/webbutik\/wp-content\/uploads\/logga\/heddata-ab-logga.png\",\"contentUrl\":\"https:\/\/www.heddata.se\/webbutik\/wp-content\/uploads\/logga\/heddata-ab-logga.png\",\"width\":200,\"height\":64,\"caption\":\"Heddata AB\"},\"image\":{\"@id\":\"https:\/\/www.heddata.se\/webbutik\/#\/schema\/logo\/image\/\"}}]}<\/script>\n<!-- \/ Yoast SEO Premium plugin. -->","yoast_head_json":{"title":"Canon CLI-551C XL Cyan L\u00e5ng livsl\u00e4ngd. \u00c4kta bl\u00e4ck","description":"Canon CLI-551C XL Cyan Original Bl\u00e4ckpatron. Skriv ut dokument och foton med detta f\u00e4rgblock. F\u00f6r b\u00e4sta resultat anv\u00e4nd Canons eget fotopapper","robots":{"index":"index","follow":"follow","max-snippet":"max-snippet:-1","max-image-preview":"max-image-preview:large","max-video-preview":"max-video-preview:-1"},"canonical":"https:\/\/www.heddata.se\/webbutik\/produkt\/canon-cli-551c-xl-lang-livslangd\/","og_locale":"sv_SE","og_type":"article","og_title":"Canon CLI-551C XL Cyan L\u00e5ng livsl\u00e4ngd. \u00c4kta bl\u00e4ck","og_description":"Canon CLI-551C XL Cyan Original Bl\u00e4ckpatron. Skriv ut dokument och foton med detta f\u00e4rgblock. F\u00f6r b\u00e4sta resultat anv\u00e4nd Canons eget fotopapper","og_url":"https:\/\/www.heddata.se\/webbutik\/produkt\/canon-cli-551c-xl-lang-livslangd\/","og_site_name":"Datorer, Skrivare, F\u00e4rgpatroner, Mobiltelefoner","article_modified_time":"2026-05-01T16:08:49+00:00","og_image":[{"width":850,"height":850,"url":"https:\/\/www.heddata.se\/webbutik\/wp-content\/uploads\/webbutik\/kategorier\/Blackpatroner-toners\/Canon-CLI-551C-XL-Cyan-Lang-livslangd.jpg","type":"image\/jpeg"}],"twitter_card":"summary_large_image","schema":{"@context":"https:\/\/schema.org","@graph":[{"@type":"WebPage","@id":"https:\/\/www.heddata.se\/webbutik\/produkt\/canon-cli-551c-xl-lang-livslangd\/","url":"https:\/\/www.heddata.se\/webbutik\/produkt\/canon-cli-551c-xl-lang-livslangd\/","name":"Canon CLI-551C XL Cyan L\u00e5ng livsl\u00e4ngd. \u00c4kta bl\u00e4ck","isPartOf":{"@id":"https:\/\/www.heddata.se\/webbutik\/#website"},"primaryImageOfPage":{"@id":"https:\/\/www.heddata.se\/webbutik\/produkt\/canon-cli-551c-xl-lang-livslangd\/#primaryimage"},"image":{"@id":"https:\/\/www.heddata.se\/webbutik\/produkt\/canon-cli-551c-xl-lang-livslangd\/#primaryimage"},"thumbnailUrl":"https:\/\/www.heddata.se\/webbutik\/wp-content\/uploads\/webbutik\/kategorier\/Blackpatroner-toners\/Canon-CLI-551C-XL-Cyan-Lang-livslangd.jpg","datePublished":"2019-11-20T08:07:22+00:00","dateModified":"2026-05-01T16:08:49+00:00","description":"Canon CLI-551C XL Cyan Original Bl\u00e4ckpatron. Skriv ut dokument och foton med detta f\u00e4rgblock. F\u00f6r b\u00e4sta resultat anv\u00e4nd Canons eget fotopapper","breadcrumb":{"@id":"https:\/\/www.heddata.se\/webbutik\/produkt\/canon-cli-551c-xl-lang-livslangd\/#breadcrumb"},"inLanguage":"sv-SE","potentialAction":[{"@type":"ReadAction","target":["https:\/\/www.heddata.se\/webbutik\/produkt\/canon-cli-551c-xl-lang-livslangd\/"]}]},{"@type":"ImageObject","inLanguage":"sv-SE","@id":"https:\/\/www.heddata.se\/webbutik\/produkt\/canon-cli-551c-xl-lang-livslangd\/#primaryimage","url":"https:\/\/www.heddata.se\/webbutik\/wp-content\/uploads\/webbutik\/kategorier\/Blackpatroner-toners\/Canon-CLI-551C-XL-Cyan-Lang-livslangd.jpg","contentUrl":"https:\/\/www.heddata.se\/webbutik\/wp-content\/uploads\/webbutik\/kategorier\/Blackpatroner-toners\/Canon-CLI-551C-XL-Cyan-Lang-livslangd.jpg","width":850,"height":850,"caption":"Canon CLI-551C XL Cyan L\u00e5ng livsl\u00e4ngd. \u00c4kta bl\u00e4ck"},{"@type":"BreadcrumbList","@id":"https:\/\/www.heddata.se\/webbutik\/produkt\/canon-cli-551c-xl-lang-livslangd\/#breadcrumb","itemListElement":[{"@type":"ListItem","position":1,"name":"Hem","item":"https:\/\/www.heddata.se\/webbutik\/"},{"@type":"ListItem","position":2,"name":"Produkter","item":"https:\/\/www.heddata.se\/webbutik\/shop\/"},{"@type":"ListItem","position":3,"name":"Canon CLI-551C XL Cyan L\u00e5ng livsl\u00e4ngd. \u00c4kta bl\u00e4ck"}]},{"@type":"WebSite","@id":"https:\/\/www.heddata.se\/webbutik\/#website","url":"https:\/\/www.heddata.se\/webbutik\/","name":"Datorer, Skrivare, F\u00e4rgpatroner, Mobiltelefoner","description":"Kablar","publisher":{"@id":"https:\/\/www.heddata.se\/webbutik\/#organization"},"potentialAction":[{"@type":"SearchAction","target":{"@type":"EntryPoint","urlTemplate":"https:\/\/www.heddata.se\/webbutik\/?s={search_term_string}"},"query-input":{"@type":"PropertyValueSpecification","valueRequired":true,"valueName":"search_term_string"}}],"inLanguage":"sv-SE"},{"@type":"Organization","@id":"https:\/\/www.heddata.se\/webbutik\/#organization","name":"Heddata AB","url":"https:\/\/www.heddata.se\/webbutik\/","logo":{"@type":"ImageObject","inLanguage":"sv-SE","@id":"https:\/\/www.heddata.se\/webbutik\/#\/schema\/logo\/image\/","url":"https:\/\/www.heddata.se\/webbutik\/wp-content\/uploads\/logga\/heddata-ab-logga.png","contentUrl":"https:\/\/www.heddata.se\/webbutik\/wp-content\/uploads\/logga\/heddata-ab-logga.png","width":200,"height":64,"caption":"Heddata AB"},"image":{"@id":"https:\/\/www.heddata.se\/webbutik\/#\/schema\/logo\/image\/"}}]}},"_links":{"self":[{"href":"https:\/\/www.heddata.se\/webbutik\/wp-json\/wp\/v2\/product\/7139","targetHints":{"allow":["GET"]}}],"collection":[{"href":"https:\/\/www.heddata.se\/webbutik\/wp-json\/wp\/v2\/product"}],"about":[{"href":"https:\/\/www.heddata.se\/webbutik\/wp-json\/wp\/v2\/types\/product"}],"wp:featuredmedia":[{"embeddable":true,"href":"https:\/\/www.heddata.se\/webbutik\/wp-json\/wp\/v2\/media\/8794"}],"wp:attachment":[{"href":"https:\/\/www.heddata.se\/webbutik\/wp-json\/wp\/v2\/media?parent=7139"}],"wp:term":[{"taxonomy":"product_brand","embeddable":true,"href":"https:\/\/www.heddata.se\/webbutik\/wp-json\/wp\/v2\/product_brand?post=7139"},{"taxonomy":"product_cat","embeddable":true,"href":"https:\/\/www.heddata.se\/webbutik\/wp-json\/wp\/v2\/product_cat?post=7139"},{"taxonomy":"product_tag","embeddable":true,"href":"https:\/\/www.heddata.se\/webbutik\/wp-json\/wp\/v2\/product_tag?post=7139"}],"curies":[{"name":"wp","href":"https:\/\/api.w.org\/{rel}","templated":true}]}}