{"id":7113,"date":"2019-11-20T09:07:19","date_gmt":"2019-11-20T08:07:19","guid":{"rendered":"https:\/\/www.heddata.se\/webbutik\/?post_type=product&#038;p=7113"},"modified":"2026-04-09T13:19:51","modified_gmt":"2026-04-09T11:19:51","slug":"dcs-930l-d-link-wireless-cloud-camera","status":"publish","type":"product","link":"https:\/\/www.heddata.se\/webbutik\/produkt\/dcs-930l-d-link-wireless-cloud-camera\/","title":{"rendered":"DCS-930L D-Link Wireless Cloud Camera"},"content":{"rendered":"<p><strong>Produktinformation<\/strong><\/p>\n<h3>Minimal n\u00e4tverkskamera med Wireless N med st\u00f6d f\u00f6r mydlink<\/h3>\n<p class=\"Title-sc-1i89wok-2 bMfikE\" data-test=\"ProductTitle\">DCS-930L \u00e4r en m\u00e5ngsidig \u00f6vervakningsl\u00f6sning f\u00f6r hemmet eller det lilla kontoret. Till skillnad fr\u00e5n en traditionell webbkamera, s\u00e5 kan denna kamera s\u00e4nda h\u00f6gkvalitativa bilder och ljud direkt fr\u00e5n hemmet. Med mydlink-tj\u00e4nsten som inkluderas i denna kamera, kan du p\u00e5 ett enkelt s\u00e4tt komma \u00e5t och hantera din kamera via en app i din smartphone, surfplatta eller via datorn.<\/p>\n<h3>Zero Configuration<\/h3>\n<p class=\"Title-sc-1i89wok-2 bMfikE\" data-test=\"ProductTitle\">Om du har en <a href=\"https:\/\/eu.dlink.com\/se\/sv\" target=\"_blank\" rel=\"noopener noreferrer\">D-Link<\/a> Cloud Router \u00e4r det l\u00e4tt att installera och konfigurera din cloud-kamera tack vare Zero Configuration-funktionen. Sl\u00e5 bara p\u00e5 str\u00f6mmen till kameran och anslut den till Cloud Routern med en Ethernetkabel, s\u00e5 l\u00e4ggs kameran automatiskt in i ditt mydlink\u2122-konto. S\u00e5 enkelt har det aldrig varit att st\u00e4lla in en kamera.<\/p>\n<h3>Med myDlink h\u00e5ller du enkelt koll p\u00e5 ditt hem &#8211; oavsett var du befinner dig<\/h3>\n<p class=\"Title-sc-1i89wok-2 bMfikE\" data-test=\"ProductTitle\">Att koppla in en kamera p\u00e5 ett n\u00e4tverk och f\u00e5 tillg\u00e5ng till den har traditionellt kr\u00e4vt en komplicerad konfiguration. mydlink g\u00f6r det enkelt att f\u00e5 tillg\u00e5ng till kameran var som helst, n\u00e4r som helst.<\/p>\n<h3>Enkel installation<\/h3>\n<p class=\"Title-sc-1i89wok-2 bMfikE\" data-test=\"ProductTitle\">Med hj\u00e4lp av en steg f\u00f6r steg-beskrivning kan du koppla in och f\u00e5 ig\u00e5ng din kamera p\u00e5 bara n\u00e5gra minuter. Sedan kan du via en enkel webbsida \u00f6ppna ett mydlink-konto d\u00e4r du kan visa och administrera din kamera fr\u00e5n en internetansluten dator. Om du har mer \u00e4n en kamera kan du l\u00e4gga till den i ditt befintliga mydlink-konto och se alla kamerorna fr\u00e5n ett st\u00e4lle.<\/p>\n<h3>Se bilden vart som helst<\/h3>\n<p class=\"Title-sc-1i89wok-2 bMfikE\" data-test=\"ProductTitle\">Du kommer ocks\u00e5 l\u00e4tt \u00e5t kamerorna n\u00e4r du \u00e4r ute och reser. H\u00e4mta bara den kostnadsfria mydlink-appen f\u00f6r iPhone eller Android s\u00e5 kan du snabbt och enkelt se kamerorna var som helst p\u00e5 din <a href=\"https:\/\/www.heddata.se\/webbutik\/telefon-surfplattor\/mobiltelefoner\/\">mobiltelefon <\/a>d\u00e4r du har en tr\u00e5dl\u00f6s f\u00f6rbindelse eller 3G-f\u00f6rbindelse. Med appen kan du sk\u00f6ta \u00f6vervakningen n\u00e4r du \u00e4r p\u00e5 resa \u00e4ven om du inte har tillg\u00e5ng till dator.<\/p>\n<h3>Wireless N-st\u00f6d<\/h3>\n<p class=\"Title-sc-1i89wok-2 bMfikE\" data-test=\"ProductTitle\">Kameran anv\u00e4nder sig av Wireless N-teknik f\u00f6r b\u00e4ttre t\u00e4ckning i ditt hem. Tekniken l\u00e5ter dig str\u00f6mma video med h\u00f6g kvalitet \u00f6ver Internet. DCS-930L har ocks\u00e5 en standard Ethernet-port f\u00f6r anslutning till vanliga fasta n\u00e4tverk.<\/p>\n<h3>Ett komplett \u00f6vervakningssystem<\/h3>\n<p class=\"Title-sc-1i89wok-2 bMfikE\" data-test=\"ProductTitle\">DCS-930L inkluderar \u00e4ven digital r\u00f6relsedetektor och e-postmeddelanden kan s\u00e4ndas vid r\u00f6relse \u2013 n\u00e5got som konfigureras via anv\u00e4ndargr\u00e4nssnittet vilket g\u00f6r denna kamera till ett helt\u00e4ckande hem\u00f6vervakningssystem. Du kan enkelt markera ett omr\u00e5de d\u00e4r du vill \u00f6vervaka r\u00f6relse (exempelvis ett f\u00f6nster eller din garageport) i kamerans anv\u00e4ndargr\u00e4nssnitt. Sedan kan e-post skickas till dig f\u00f6r att meddela om r\u00f6relse sker. Du kan ocks\u00e5 visa upp till 32 kameror p\u00e5 en Windows-dator med den medf\u00f6ljande D-ViewCam programvaran (DCS-100). D-ViewCam har en rik upps\u00e4ttning funktioner, inklusive centraliserat varningssystem och video \/ ljudinspelning.<\/p>\n","protected":false},"excerpt":{"rendered":"<p>DCS-930L<\/p>\n","protected":false},"featured_media":23549,"template":"","meta":[],"product_brand":[],"product_cat":[70],"product_tag":[],"class_list":{"0":"post-7113","1":"product","2":"type-product","3":"status-publish","4":"has-post-thumbnail","6":"product_cat-natverk","8":"first","9":"outofstock","10":"taxable","11":"shipping-taxable","12":"product-type-simple"},"yoast_head":"<!-- This site is optimized with the Yoast SEO Premium plugin v26.7 (Yoast SEO v26.7) - https:\/\/yoast.com\/wordpress\/plugins\/seo\/ -->\n<title>DCS-930L D-Link Wireless Cloud Camera | Zero Configuration<\/title>\n<meta name=\"description\" content=\"DCS-930L \u00e4r en m\u00e5ngsidig \u00f6vervakningsl\u00f6sning f\u00f6r hemmet eller det lilla kontoret. Kameran anv\u00e4nder sig av Wireless N-teknik f\u00f6r b\u00e4ttre t\u00e4ckning i ditt hem\" \/>\n<meta name=\"robots\" content=\"index, follow, max-snippet:-1, max-image-preview:large, max-video-preview:-1\" \/>\n<link rel=\"canonical\" href=\"https:\/\/www.heddata.se\/webbutik\/produkt\/dcs-930l-d-link-wireless-cloud-camera\/\" \/>\n<meta property=\"og:locale\" content=\"sv_SE\" \/>\n<meta property=\"og:type\" content=\"article\" \/>\n<meta property=\"og:title\" content=\"DCS-930L D-Link Wireless Cloud Camera\" \/>\n<meta property=\"og:description\" content=\"DCS-930L \u00e4r en m\u00e5ngsidig \u00f6vervakningsl\u00f6sning f\u00f6r hemmet eller det lilla kontoret. Kameran anv\u00e4nder sig av Wireless N-teknik f\u00f6r b\u00e4ttre t\u00e4ckning i ditt hem\" \/>\n<meta property=\"og:url\" content=\"https:\/\/www.heddata.se\/webbutik\/produkt\/dcs-930l-d-link-wireless-cloud-camera\/\" \/>\n<meta property=\"og:site_name\" content=\"Datorer, Skrivare, F\u00e4rgpatroner, Mobiltelefoner\" \/>\n<meta property=\"article:modified_time\" content=\"2026-04-09T11:19:51+00:00\" \/>\n<meta property=\"og:image\" content=\"https:\/\/www.heddata.se\/webbutik\/wp-content\/uploads\/webbutik\/kategorier\/Natvark\/DCS-930L-D-Link-Wireless-Cloud-Camera.png\" \/>\n\t<meta property=\"og:image:width\" content=\"960\" \/>\n\t<meta property=\"og:image:height\" content=\"720\" \/>\n\t<meta property=\"og:image:type\" content=\"image\/png\" \/>\n<meta name=\"twitter:card\" content=\"summary_large_image\" \/>\n<meta name=\"twitter:label1\" content=\"Ber\u00e4knad l\u00e4stid\" \/>\n\t<meta name=\"twitter:data1\" content=\"3 minuter\" \/>\n<script type=\"application\/ld+json\" class=\"yoast-schema-graph\">{\"@context\":\"https:\/\/schema.org\",\"@graph\":[{\"@type\":\"WebPage\",\"@id\":\"https:\/\/www.heddata.se\/webbutik\/produkt\/dcs-930l-d-link-wireless-cloud-camera\/\",\"url\":\"https:\/\/www.heddata.se\/webbutik\/produkt\/dcs-930l-d-link-wireless-cloud-camera\/\",\"name\":\"DCS-930L D-Link Wireless Cloud Camera | Zero Configuration\",\"isPartOf\":{\"@id\":\"https:\/\/www.heddata.se\/webbutik\/#website\"},\"primaryImageOfPage\":{\"@id\":\"https:\/\/www.heddata.se\/webbutik\/produkt\/dcs-930l-d-link-wireless-cloud-camera\/#primaryimage\"},\"image\":{\"@id\":\"https:\/\/www.heddata.se\/webbutik\/produkt\/dcs-930l-d-link-wireless-cloud-camera\/#primaryimage\"},\"thumbnailUrl\":\"https:\/\/www.heddata.se\/webbutik\/wp-content\/uploads\/webbutik\/kategorier\/Natvark\/DCS-930L-D-Link-Wireless-Cloud-Camera.png\",\"datePublished\":\"2019-11-20T08:07:19+00:00\",\"dateModified\":\"2026-04-09T11:19:51+00:00\",\"description\":\"DCS-930L \u00e4r en m\u00e5ngsidig \u00f6vervakningsl\u00f6sning f\u00f6r hemmet eller det lilla kontoret. Kameran anv\u00e4nder sig av Wireless N-teknik f\u00f6r b\u00e4ttre t\u00e4ckning i ditt hem\",\"breadcrumb\":{\"@id\":\"https:\/\/www.heddata.se\/webbutik\/produkt\/dcs-930l-d-link-wireless-cloud-camera\/#breadcrumb\"},\"inLanguage\":\"sv-SE\",\"potentialAction\":[{\"@type\":\"ReadAction\",\"target\":[\"https:\/\/www.heddata.se\/webbutik\/produkt\/dcs-930l-d-link-wireless-cloud-camera\/\"]}]},{\"@type\":\"ImageObject\",\"inLanguage\":\"sv-SE\",\"@id\":\"https:\/\/www.heddata.se\/webbutik\/produkt\/dcs-930l-d-link-wireless-cloud-camera\/#primaryimage\",\"url\":\"https:\/\/www.heddata.se\/webbutik\/wp-content\/uploads\/webbutik\/kategorier\/Natvark\/DCS-930L-D-Link-Wireless-Cloud-Camera.png\",\"contentUrl\":\"https:\/\/www.heddata.se\/webbutik\/wp-content\/uploads\/webbutik\/kategorier\/Natvark\/DCS-930L-D-Link-Wireless-Cloud-Camera.png\",\"width\":960,\"height\":720,\"caption\":\"DCS-930L-D-Link-Wireless-Cloud-Camera\"},{\"@type\":\"BreadcrumbList\",\"@id\":\"https:\/\/www.heddata.se\/webbutik\/produkt\/dcs-930l-d-link-wireless-cloud-camera\/#breadcrumb\",\"itemListElement\":[{\"@type\":\"ListItem\",\"position\":1,\"name\":\"Hem\",\"item\":\"https:\/\/www.heddata.se\/webbutik\/\"},{\"@type\":\"ListItem\",\"position\":2,\"name\":\"Produkter\",\"item\":\"https:\/\/www.heddata.se\/webbutik\/shop\/\"},{\"@type\":\"ListItem\",\"position\":3,\"name\":\"DCS-930L D-Link Wireless Cloud Camera\"}]},{\"@type\":\"WebSite\",\"@id\":\"https:\/\/www.heddata.se\/webbutik\/#website\",\"url\":\"https:\/\/www.heddata.se\/webbutik\/\",\"name\":\"Datorer, Skrivare, F\u00e4rgpatroner, Mobiltelefoner\",\"description\":\"Kablar\",\"publisher\":{\"@id\":\"https:\/\/www.heddata.se\/webbutik\/#organization\"},\"potentialAction\":[{\"@type\":\"SearchAction\",\"target\":{\"@type\":\"EntryPoint\",\"urlTemplate\":\"https:\/\/www.heddata.se\/webbutik\/?s={search_term_string}\"},\"query-input\":{\"@type\":\"PropertyValueSpecification\",\"valueRequired\":true,\"valueName\":\"search_term_string\"}}],\"inLanguage\":\"sv-SE\"},{\"@type\":\"Organization\",\"@id\":\"https:\/\/www.heddata.se\/webbutik\/#organization\",\"name\":\"Heddata AB\",\"url\":\"https:\/\/www.heddata.se\/webbutik\/\",\"logo\":{\"@type\":\"ImageObject\",\"inLanguage\":\"sv-SE\",\"@id\":\"https:\/\/www.heddata.se\/webbutik\/#\/schema\/logo\/image\/\",\"url\":\"https:\/\/www.heddata.se\/webbutik\/wp-content\/uploads\/logga\/heddata-ab-logga.png\",\"contentUrl\":\"https:\/\/www.heddata.se\/webbutik\/wp-content\/uploads\/logga\/heddata-ab-logga.png\",\"width\":200,\"height\":64,\"caption\":\"Heddata AB\"},\"image\":{\"@id\":\"https:\/\/www.heddata.se\/webbutik\/#\/schema\/logo\/image\/\"}}]}<\/script>\n<!-- \/ Yoast SEO Premium plugin. -->","yoast_head_json":{"title":"DCS-930L D-Link Wireless Cloud Camera | Zero Configuration","description":"DCS-930L \u00e4r en m\u00e5ngsidig \u00f6vervakningsl\u00f6sning f\u00f6r hemmet eller det lilla kontoret. Kameran anv\u00e4nder sig av Wireless N-teknik f\u00f6r b\u00e4ttre t\u00e4ckning i ditt hem","robots":{"index":"index","follow":"follow","max-snippet":"max-snippet:-1","max-image-preview":"max-image-preview:large","max-video-preview":"max-video-preview:-1"},"canonical":"https:\/\/www.heddata.se\/webbutik\/produkt\/dcs-930l-d-link-wireless-cloud-camera\/","og_locale":"sv_SE","og_type":"article","og_title":"DCS-930L D-Link Wireless Cloud Camera","og_description":"DCS-930L \u00e4r en m\u00e5ngsidig \u00f6vervakningsl\u00f6sning f\u00f6r hemmet eller det lilla kontoret. Kameran anv\u00e4nder sig av Wireless N-teknik f\u00f6r b\u00e4ttre t\u00e4ckning i ditt hem","og_url":"https:\/\/www.heddata.se\/webbutik\/produkt\/dcs-930l-d-link-wireless-cloud-camera\/","og_site_name":"Datorer, Skrivare, F\u00e4rgpatroner, Mobiltelefoner","article_modified_time":"2026-04-09T11:19:51+00:00","og_image":[{"width":960,"height":720,"url":"https:\/\/www.heddata.se\/webbutik\/wp-content\/uploads\/webbutik\/kategorier\/Natvark\/DCS-930L-D-Link-Wireless-Cloud-Camera.png","type":"image\/png"}],"twitter_card":"summary_large_image","twitter_misc":{"Ber\u00e4knad l\u00e4stid":"3 minuter"},"schema":{"@context":"https:\/\/schema.org","@graph":[{"@type":"WebPage","@id":"https:\/\/www.heddata.se\/webbutik\/produkt\/dcs-930l-d-link-wireless-cloud-camera\/","url":"https:\/\/www.heddata.se\/webbutik\/produkt\/dcs-930l-d-link-wireless-cloud-camera\/","name":"DCS-930L D-Link Wireless Cloud Camera | Zero Configuration","isPartOf":{"@id":"https:\/\/www.heddata.se\/webbutik\/#website"},"primaryImageOfPage":{"@id":"https:\/\/www.heddata.se\/webbutik\/produkt\/dcs-930l-d-link-wireless-cloud-camera\/#primaryimage"},"image":{"@id":"https:\/\/www.heddata.se\/webbutik\/produkt\/dcs-930l-d-link-wireless-cloud-camera\/#primaryimage"},"thumbnailUrl":"https:\/\/www.heddata.se\/webbutik\/wp-content\/uploads\/webbutik\/kategorier\/Natvark\/DCS-930L-D-Link-Wireless-Cloud-Camera.png","datePublished":"2019-11-20T08:07:19+00:00","dateModified":"2026-04-09T11:19:51+00:00","description":"DCS-930L \u00e4r en m\u00e5ngsidig \u00f6vervakningsl\u00f6sning f\u00f6r hemmet eller det lilla kontoret. Kameran anv\u00e4nder sig av Wireless N-teknik f\u00f6r b\u00e4ttre t\u00e4ckning i ditt hem","breadcrumb":{"@id":"https:\/\/www.heddata.se\/webbutik\/produkt\/dcs-930l-d-link-wireless-cloud-camera\/#breadcrumb"},"inLanguage":"sv-SE","potentialAction":[{"@type":"ReadAction","target":["https:\/\/www.heddata.se\/webbutik\/produkt\/dcs-930l-d-link-wireless-cloud-camera\/"]}]},{"@type":"ImageObject","inLanguage":"sv-SE","@id":"https:\/\/www.heddata.se\/webbutik\/produkt\/dcs-930l-d-link-wireless-cloud-camera\/#primaryimage","url":"https:\/\/www.heddata.se\/webbutik\/wp-content\/uploads\/webbutik\/kategorier\/Natvark\/DCS-930L-D-Link-Wireless-Cloud-Camera.png","contentUrl":"https:\/\/www.heddata.se\/webbutik\/wp-content\/uploads\/webbutik\/kategorier\/Natvark\/DCS-930L-D-Link-Wireless-Cloud-Camera.png","width":960,"height":720,"caption":"DCS-930L-D-Link-Wireless-Cloud-Camera"},{"@type":"BreadcrumbList","@id":"https:\/\/www.heddata.se\/webbutik\/produkt\/dcs-930l-d-link-wireless-cloud-camera\/#breadcrumb","itemListElement":[{"@type":"ListItem","position":1,"name":"Hem","item":"https:\/\/www.heddata.se\/webbutik\/"},{"@type":"ListItem","position":2,"name":"Produkter","item":"https:\/\/www.heddata.se\/webbutik\/shop\/"},{"@type":"ListItem","position":3,"name":"DCS-930L D-Link Wireless Cloud Camera"}]},{"@type":"WebSite","@id":"https:\/\/www.heddata.se\/webbutik\/#website","url":"https:\/\/www.heddata.se\/webbutik\/","name":"Datorer, Skrivare, F\u00e4rgpatroner, Mobiltelefoner","description":"Kablar","publisher":{"@id":"https:\/\/www.heddata.se\/webbutik\/#organization"},"potentialAction":[{"@type":"SearchAction","target":{"@type":"EntryPoint","urlTemplate":"https:\/\/www.heddata.se\/webbutik\/?s={search_term_string}"},"query-input":{"@type":"PropertyValueSpecification","valueRequired":true,"valueName":"search_term_string"}}],"inLanguage":"sv-SE"},{"@type":"Organization","@id":"https:\/\/www.heddata.se\/webbutik\/#organization","name":"Heddata AB","url":"https:\/\/www.heddata.se\/webbutik\/","logo":{"@type":"ImageObject","inLanguage":"sv-SE","@id":"https:\/\/www.heddata.se\/webbutik\/#\/schema\/logo\/image\/","url":"https:\/\/www.heddata.se\/webbutik\/wp-content\/uploads\/logga\/heddata-ab-logga.png","contentUrl":"https:\/\/www.heddata.se\/webbutik\/wp-content\/uploads\/logga\/heddata-ab-logga.png","width":200,"height":64,"caption":"Heddata AB"},"image":{"@id":"https:\/\/www.heddata.se\/webbutik\/#\/schema\/logo\/image\/"}}]}},"_links":{"self":[{"href":"https:\/\/www.heddata.se\/webbutik\/wp-json\/wp\/v2\/product\/7113","targetHints":{"allow":["GET"]}}],"collection":[{"href":"https:\/\/www.heddata.se\/webbutik\/wp-json\/wp\/v2\/product"}],"about":[{"href":"https:\/\/www.heddata.se\/webbutik\/wp-json\/wp\/v2\/types\/product"}],"wp:featuredmedia":[{"embeddable":true,"href":"https:\/\/www.heddata.se\/webbutik\/wp-json\/wp\/v2\/media\/23549"}],"wp:attachment":[{"href":"https:\/\/www.heddata.se\/webbutik\/wp-json\/wp\/v2\/media?parent=7113"}],"wp:term":[{"taxonomy":"product_brand","embeddable":true,"href":"https:\/\/www.heddata.se\/webbutik\/wp-json\/wp\/v2\/product_brand?post=7113"},{"taxonomy":"product_cat","embeddable":true,"href":"https:\/\/www.heddata.se\/webbutik\/wp-json\/wp\/v2\/product_cat?post=7113"},{"taxonomy":"product_tag","embeddable":true,"href":"https:\/\/www.heddata.se\/webbutik\/wp-json\/wp\/v2\/product_tag?post=7113"}],"curies":[{"name":"wp","href":"https:\/\/api.w.org\/{rel}","templated":true}]}}