{"id":7102,"date":"2019-11-20T09:07:19","date_gmt":"2019-11-20T08:07:19","guid":{"rendered":"https:\/\/www.heddata.se\/webbutik\/?post_type=product&#038;p=7102"},"modified":"2026-04-08T18:10:32","modified_gmt":"2026-04-08T16:10:32","slug":"adata-2gb-modul-ddr2-pc6400-original-dimm-240-pin-800mhz","status":"publish","type":"product","link":"https:\/\/www.heddata.se\/webbutik\/produkt\/adata-2gb-modul-ddr2-pc6400-original-dimm-240-pin-800mhz\/","title":{"rendered":"ADATA 2GB Modul DDR2 PC6400 Original DIMM 240-pin 800Mhz"},"content":{"rendered":"<p>ADATA 2GB Modul DDR2 PC6400 Original DIMM 240-pin 800Mhz<\/p>\n<p>ADATA 2GB (1x2GB) CL6 800Mhz <a href=\"https:\/\/www.adata.com\/en\/\" target=\"_blank\" rel=\"noopener noreferrer\">Premier<\/a> \u00e4r ett bra och prisv\u00e4rt <a href=\"https:\/\/www.heddata.se\/webbutik\/lagring__trashed\/ram-minnen\/\">standardminne<\/a> f\u00f6r dig med en DDR2 plattform. Fungerar till b\u00e5de Intel och AMD plattformar.<\/p>\n<p>240-pin PC6400.<\/p>\n","protected":false},"excerpt":{"rendered":"<p>ADATA 2GB Modul DDR2 PC6400 Original DIMM 240-pin 800Mhz<\/p>\n","protected":false},"featured_media":79652,"template":"","meta":[],"product_brand":[],"product_cat":[109],"product_tag":[],"class_list":{"0":"post-7102","1":"product","2":"type-product","3":"status-publish","4":"has-post-thumbnail","6":"product_cat-ram-minne","8":"first","9":"outofstock","10":"taxable","11":"shipping-taxable","12":"purchasable","13":"product-type-simple"},"yoast_head":"<!-- This site is optimized with the Yoast SEO Premium plugin v26.7 (Yoast SEO v26.7) - https:\/\/yoast.com\/wordpress\/plugins\/seo\/ -->\n<title>ADATA 2GB Modul DDR2 PC6400 Original DIMM 240-pin 800Mhz<\/title>\n<meta name=\"description\" content=\"ADATA 2GB Modul DDR2 PC6400 Original DIMM 240-pin 800Mhz \u00e4r ett bra och prisv\u00e4rt standardminne f\u00f6r dig med en DDR2 plattform.\" \/>\n<meta name=\"robots\" content=\"index, follow, max-snippet:-1, max-image-preview:large, max-video-preview:-1\" \/>\n<link rel=\"canonical\" href=\"https:\/\/www.heddata.se\/webbutik\/produkt\/adata-2gb-modul-ddr2-pc6400-original-dimm-240-pin-800mhz\/\" \/>\n<meta property=\"og:locale\" content=\"sv_SE\" \/>\n<meta property=\"og:type\" content=\"article\" \/>\n<meta property=\"og:title\" content=\"ADATA 2GB Modul DDR2 PC6400 Original DIMM 240-pin 800Mhz\" \/>\n<meta property=\"og:description\" content=\"ADATA 2GB Modul DDR2 PC6400 Original DIMM 240-pin 800Mhz \u00e4r ett bra och prisv\u00e4rt standardminne f\u00f6r dig med en DDR2 plattform.\" \/>\n<meta property=\"og:url\" content=\"https:\/\/www.heddata.se\/webbutik\/produkt\/adata-2gb-modul-ddr2-pc6400-original-dimm-240-pin-800mhz\/\" \/>\n<meta property=\"og:site_name\" content=\"Datorer, Skrivare, F\u00e4rgpatroner, Mobiltelefoner\" \/>\n<meta property=\"article:modified_time\" content=\"2026-04-08T16:10:32+00:00\" \/>\n<meta property=\"og:image\" content=\"https:\/\/www.heddata.se\/webbutik\/wp-content\/uploads\/webbutik\/kategorier\/lagring\/adata-5304221.jpg\" \/>\n\t<meta property=\"og:image:width\" content=\"515\" \/>\n\t<meta property=\"og:image:height\" content=\"386\" \/>\n\t<meta property=\"og:image:type\" content=\"image\/jpeg\" \/>\n<meta name=\"twitter:card\" content=\"summary_large_image\" \/>\n<script type=\"application\/ld+json\" class=\"yoast-schema-graph\">{\"@context\":\"https:\/\/schema.org\",\"@graph\":[{\"@type\":\"WebPage\",\"@id\":\"https:\/\/www.heddata.se\/webbutik\/produkt\/adata-2gb-modul-ddr2-pc6400-original-dimm-240-pin-800mhz\/\",\"url\":\"https:\/\/www.heddata.se\/webbutik\/produkt\/adata-2gb-modul-ddr2-pc6400-original-dimm-240-pin-800mhz\/\",\"name\":\"ADATA 2GB Modul DDR2 PC6400 Original DIMM 240-pin 800Mhz\",\"isPartOf\":{\"@id\":\"https:\/\/www.heddata.se\/webbutik\/#website\"},\"primaryImageOfPage\":{\"@id\":\"https:\/\/www.heddata.se\/webbutik\/produkt\/adata-2gb-modul-ddr2-pc6400-original-dimm-240-pin-800mhz\/#primaryimage\"},\"image\":{\"@id\":\"https:\/\/www.heddata.se\/webbutik\/produkt\/adata-2gb-modul-ddr2-pc6400-original-dimm-240-pin-800mhz\/#primaryimage\"},\"thumbnailUrl\":\"https:\/\/www.heddata.se\/webbutik\/wp-content\/uploads\/webbutik\/kategorier\/lagring\/adata-5304221.jpg\",\"datePublished\":\"2019-11-20T08:07:19+00:00\",\"dateModified\":\"2026-04-08T16:10:32+00:00\",\"description\":\"ADATA 2GB Modul DDR2 PC6400 Original DIMM 240-pin 800Mhz \u00e4r ett bra och prisv\u00e4rt standardminne f\u00f6r dig med en DDR2 plattform.\",\"breadcrumb\":{\"@id\":\"https:\/\/www.heddata.se\/webbutik\/produkt\/adata-2gb-modul-ddr2-pc6400-original-dimm-240-pin-800mhz\/#breadcrumb\"},\"inLanguage\":\"sv-SE\",\"potentialAction\":[{\"@type\":\"ReadAction\",\"target\":[\"https:\/\/www.heddata.se\/webbutik\/produkt\/adata-2gb-modul-ddr2-pc6400-original-dimm-240-pin-800mhz\/\"]}]},{\"@type\":\"ImageObject\",\"inLanguage\":\"sv-SE\",\"@id\":\"https:\/\/www.heddata.se\/webbutik\/produkt\/adata-2gb-modul-ddr2-pc6400-original-dimm-240-pin-800mhz\/#primaryimage\",\"url\":\"https:\/\/www.heddata.se\/webbutik\/wp-content\/uploads\/webbutik\/kategorier\/lagring\/adata-5304221.jpg\",\"contentUrl\":\"https:\/\/www.heddata.se\/webbutik\/wp-content\/uploads\/webbutik\/kategorier\/lagring\/adata-5304221.jpg\",\"width\":515,\"height\":386,\"caption\":\"ADATA 2GB Modul DDR2\"},{\"@type\":\"BreadcrumbList\",\"@id\":\"https:\/\/www.heddata.se\/webbutik\/produkt\/adata-2gb-modul-ddr2-pc6400-original-dimm-240-pin-800mhz\/#breadcrumb\",\"itemListElement\":[{\"@type\":\"ListItem\",\"position\":1,\"name\":\"Hem\",\"item\":\"https:\/\/www.heddata.se\/webbutik\/\"},{\"@type\":\"ListItem\",\"position\":2,\"name\":\"Produkter\",\"item\":\"https:\/\/www.heddata.se\/webbutik\/shop\/\"},{\"@type\":\"ListItem\",\"position\":3,\"name\":\"ADATA 2GB Modul DDR2 PC6400 Original DIMM 240-pin 800Mhz\"}]},{\"@type\":\"WebSite\",\"@id\":\"https:\/\/www.heddata.se\/webbutik\/#website\",\"url\":\"https:\/\/www.heddata.se\/webbutik\/\",\"name\":\"Datorer, Skrivare, F\u00e4rgpatroner, Mobiltelefoner\",\"description\":\"Kablar\",\"publisher\":{\"@id\":\"https:\/\/www.heddata.se\/webbutik\/#organization\"},\"potentialAction\":[{\"@type\":\"SearchAction\",\"target\":{\"@type\":\"EntryPoint\",\"urlTemplate\":\"https:\/\/www.heddata.se\/webbutik\/?s={search_term_string}\"},\"query-input\":{\"@type\":\"PropertyValueSpecification\",\"valueRequired\":true,\"valueName\":\"search_term_string\"}}],\"inLanguage\":\"sv-SE\"},{\"@type\":\"Organization\",\"@id\":\"https:\/\/www.heddata.se\/webbutik\/#organization\",\"name\":\"Heddata AB\",\"url\":\"https:\/\/www.heddata.se\/webbutik\/\",\"logo\":{\"@type\":\"ImageObject\",\"inLanguage\":\"sv-SE\",\"@id\":\"https:\/\/www.heddata.se\/webbutik\/#\/schema\/logo\/image\/\",\"url\":\"https:\/\/www.heddata.se\/webbutik\/wp-content\/uploads\/logga\/heddata-ab-logga.png\",\"contentUrl\":\"https:\/\/www.heddata.se\/webbutik\/wp-content\/uploads\/logga\/heddata-ab-logga.png\",\"width\":200,\"height\":64,\"caption\":\"Heddata AB\"},\"image\":{\"@id\":\"https:\/\/www.heddata.se\/webbutik\/#\/schema\/logo\/image\/\"}}]}<\/script>\n<!-- \/ Yoast SEO Premium plugin. -->","yoast_head_json":{"title":"ADATA 2GB Modul DDR2 PC6400 Original DIMM 240-pin 800Mhz","description":"ADATA 2GB Modul DDR2 PC6400 Original DIMM 240-pin 800Mhz \u00e4r ett bra och prisv\u00e4rt standardminne f\u00f6r dig med en DDR2 plattform.","robots":{"index":"index","follow":"follow","max-snippet":"max-snippet:-1","max-image-preview":"max-image-preview:large","max-video-preview":"max-video-preview:-1"},"canonical":"https:\/\/www.heddata.se\/webbutik\/produkt\/adata-2gb-modul-ddr2-pc6400-original-dimm-240-pin-800mhz\/","og_locale":"sv_SE","og_type":"article","og_title":"ADATA 2GB Modul DDR2 PC6400 Original DIMM 240-pin 800Mhz","og_description":"ADATA 2GB Modul DDR2 PC6400 Original DIMM 240-pin 800Mhz \u00e4r ett bra och prisv\u00e4rt standardminne f\u00f6r dig med en DDR2 plattform.","og_url":"https:\/\/www.heddata.se\/webbutik\/produkt\/adata-2gb-modul-ddr2-pc6400-original-dimm-240-pin-800mhz\/","og_site_name":"Datorer, Skrivare, F\u00e4rgpatroner, Mobiltelefoner","article_modified_time":"2026-04-08T16:10:32+00:00","og_image":[{"width":515,"height":386,"url":"https:\/\/www.heddata.se\/webbutik\/wp-content\/uploads\/webbutik\/kategorier\/lagring\/adata-5304221.jpg","type":"image\/jpeg"}],"twitter_card":"summary_large_image","schema":{"@context":"https:\/\/schema.org","@graph":[{"@type":"WebPage","@id":"https:\/\/www.heddata.se\/webbutik\/produkt\/adata-2gb-modul-ddr2-pc6400-original-dimm-240-pin-800mhz\/","url":"https:\/\/www.heddata.se\/webbutik\/produkt\/adata-2gb-modul-ddr2-pc6400-original-dimm-240-pin-800mhz\/","name":"ADATA 2GB Modul DDR2 PC6400 Original DIMM 240-pin 800Mhz","isPartOf":{"@id":"https:\/\/www.heddata.se\/webbutik\/#website"},"primaryImageOfPage":{"@id":"https:\/\/www.heddata.se\/webbutik\/produkt\/adata-2gb-modul-ddr2-pc6400-original-dimm-240-pin-800mhz\/#primaryimage"},"image":{"@id":"https:\/\/www.heddata.se\/webbutik\/produkt\/adata-2gb-modul-ddr2-pc6400-original-dimm-240-pin-800mhz\/#primaryimage"},"thumbnailUrl":"https:\/\/www.heddata.se\/webbutik\/wp-content\/uploads\/webbutik\/kategorier\/lagring\/adata-5304221.jpg","datePublished":"2019-11-20T08:07:19+00:00","dateModified":"2026-04-08T16:10:32+00:00","description":"ADATA 2GB Modul DDR2 PC6400 Original DIMM 240-pin 800Mhz \u00e4r ett bra och prisv\u00e4rt standardminne f\u00f6r dig med en DDR2 plattform.","breadcrumb":{"@id":"https:\/\/www.heddata.se\/webbutik\/produkt\/adata-2gb-modul-ddr2-pc6400-original-dimm-240-pin-800mhz\/#breadcrumb"},"inLanguage":"sv-SE","potentialAction":[{"@type":"ReadAction","target":["https:\/\/www.heddata.se\/webbutik\/produkt\/adata-2gb-modul-ddr2-pc6400-original-dimm-240-pin-800mhz\/"]}]},{"@type":"ImageObject","inLanguage":"sv-SE","@id":"https:\/\/www.heddata.se\/webbutik\/produkt\/adata-2gb-modul-ddr2-pc6400-original-dimm-240-pin-800mhz\/#primaryimage","url":"https:\/\/www.heddata.se\/webbutik\/wp-content\/uploads\/webbutik\/kategorier\/lagring\/adata-5304221.jpg","contentUrl":"https:\/\/www.heddata.se\/webbutik\/wp-content\/uploads\/webbutik\/kategorier\/lagring\/adata-5304221.jpg","width":515,"height":386,"caption":"ADATA 2GB Modul DDR2"},{"@type":"BreadcrumbList","@id":"https:\/\/www.heddata.se\/webbutik\/produkt\/adata-2gb-modul-ddr2-pc6400-original-dimm-240-pin-800mhz\/#breadcrumb","itemListElement":[{"@type":"ListItem","position":1,"name":"Hem","item":"https:\/\/www.heddata.se\/webbutik\/"},{"@type":"ListItem","position":2,"name":"Produkter","item":"https:\/\/www.heddata.se\/webbutik\/shop\/"},{"@type":"ListItem","position":3,"name":"ADATA 2GB Modul DDR2 PC6400 Original DIMM 240-pin 800Mhz"}]},{"@type":"WebSite","@id":"https:\/\/www.heddata.se\/webbutik\/#website","url":"https:\/\/www.heddata.se\/webbutik\/","name":"Datorer, Skrivare, F\u00e4rgpatroner, Mobiltelefoner","description":"Kablar","publisher":{"@id":"https:\/\/www.heddata.se\/webbutik\/#organization"},"potentialAction":[{"@type":"SearchAction","target":{"@type":"EntryPoint","urlTemplate":"https:\/\/www.heddata.se\/webbutik\/?s={search_term_string}"},"query-input":{"@type":"PropertyValueSpecification","valueRequired":true,"valueName":"search_term_string"}}],"inLanguage":"sv-SE"},{"@type":"Organization","@id":"https:\/\/www.heddata.se\/webbutik\/#organization","name":"Heddata AB","url":"https:\/\/www.heddata.se\/webbutik\/","logo":{"@type":"ImageObject","inLanguage":"sv-SE","@id":"https:\/\/www.heddata.se\/webbutik\/#\/schema\/logo\/image\/","url":"https:\/\/www.heddata.se\/webbutik\/wp-content\/uploads\/logga\/heddata-ab-logga.png","contentUrl":"https:\/\/www.heddata.se\/webbutik\/wp-content\/uploads\/logga\/heddata-ab-logga.png","width":200,"height":64,"caption":"Heddata AB"},"image":{"@id":"https:\/\/www.heddata.se\/webbutik\/#\/schema\/logo\/image\/"}}]}},"_links":{"self":[{"href":"https:\/\/www.heddata.se\/webbutik\/wp-json\/wp\/v2\/product\/7102","targetHints":{"allow":["GET"]}}],"collection":[{"href":"https:\/\/www.heddata.se\/webbutik\/wp-json\/wp\/v2\/product"}],"about":[{"href":"https:\/\/www.heddata.se\/webbutik\/wp-json\/wp\/v2\/types\/product"}],"wp:featuredmedia":[{"embeddable":true,"href":"https:\/\/www.heddata.se\/webbutik\/wp-json\/wp\/v2\/media\/79652"}],"wp:attachment":[{"href":"https:\/\/www.heddata.se\/webbutik\/wp-json\/wp\/v2\/media?parent=7102"}],"wp:term":[{"taxonomy":"product_brand","embeddable":true,"href":"https:\/\/www.heddata.se\/webbutik\/wp-json\/wp\/v2\/product_brand?post=7102"},{"taxonomy":"product_cat","embeddable":true,"href":"https:\/\/www.heddata.se\/webbutik\/wp-json\/wp\/v2\/product_cat?post=7102"},{"taxonomy":"product_tag","embeddable":true,"href":"https:\/\/www.heddata.se\/webbutik\/wp-json\/wp\/v2\/product_tag?post=7102"}],"curies":[{"name":"wp","href":"https:\/\/api.w.org\/{rel}","templated":true}]}}