{"id":7082,"date":"2019-11-20T09:07:17","date_gmt":"2019-11-20T08:07:17","guid":{"rendered":"https:\/\/www.heddata.se\/webbutik\/?post_type=product&#038;p=7082"},"modified":"2026-04-07T11:19:15","modified_gmt":"2026-04-07T09:19:15","slug":"freecom-hard-drive-quattro","status":"publish","type":"product","link":"https:\/\/www.heddata.se\/webbutik\/produkt\/freecom-hard-drive-quattro\/","title":{"rendered":"Freecom Hard Drive Quattro"},"content":{"rendered":"<h4><span style=\"font-size: 14.4px\">Freecom Hard Drive Quattro Extern H\u00e5rddisk 1TB, 3,5&#8243;&#8221;, USB3.0, FW800, FW400, eSATA<\/span><\/h4>\n<p>Freecom Hard Drive Quattro:<\/p>\n<p><b>4 interfaces in one drive<\/b><br \/>\nProfessional <a href=\"https:\/\/www.heddata.se\/webbutik\/lagring__trashed\/extern-harddisk\/\">external<\/a> hard drive with multiple high speedInterfaces: USB-2, FireWire 400\/800, eSATA. 4 interfaces in one drive, provides optimal flexibility and connects to any computer!<\/p>\n<p><b>Space saving design<\/b><br \/>\nCompact high quality aluminium enclosure. Includes 2 rubber footstands for positioning the drive upright, to save space on your desk.<\/p>\n<p><b>Fanless design, quiet operation<\/b><br \/>\nThe <a href=\"https:\/\/www.freecom.com\/\" target=\"_blank\" rel=\"noopener noreferrer\">Hard<\/a> Drive Quattro is a very quiet drive thanks to its fanless design. It does not generate any disturbing noise while operation like other hard drives on the market.<\/p>\n<table id=\"prodSpecs\" class=\"table table-condensed\">\n<tbody>\n<tr>\n<td class=\"h\" colspan=\"2\">Lagring<\/td>\n<\/tr>\n<tr class=\"b\">\n<td>Diskkapacitet<\/td>\n<td>1000 GB<\/td>\n<\/tr>\n<tr>\n<td>H\u00e5rddisk storlek<\/td>\n<td>3.5&#8243;<\/td>\n<\/tr>\n<tr class=\"b\">\n<td>Enhetstyp<\/td>\n<td>HDD<\/td>\n<\/tr>\n<tr>\n<td class=\"h\" colspan=\"2\">Anslutningar<\/td>\n<\/tr>\n<tr class=\"b\">\n<td>USB-version<\/td>\n<td>3.0 (3.1 Gen 1)<\/td>\n<\/tr>\n<tr>\n<td class=\"h\" colspan=\"2\">Vikt &amp; dimension<\/td>\n<\/tr>\n<tr class=\"b\">\n<td>Vikt<\/td>\n<td>1,4 kg<\/td>\n<\/tr>\n<tr>\n<td>H\u00f6jd<\/td>\n<td>43 mm<\/td>\n<\/tr>\n<tr class=\"b\">\n<td>Bredd<\/td>\n<td>155 mm<\/td>\n<\/tr>\n<tr>\n<td>Djup<\/td>\n<td>148 mm<\/td>\n<\/tr>\n<tr>\n<td class=\"h\" colspan=\"2\">Str\u00f6mtillf\u00f6rsel<\/td>\n<\/tr>\n<tr class=\"b\">\n<td>Sp\u00e4nning<\/td>\n<td>12 V<\/td>\n<\/tr>\n<tr>\n<td>Extern laddare<\/td>\n<td><\/td>\n<\/tr>\n<tr>\n<td class=\"h\" colspan=\"2\">Milj\u00f6krav<\/td>\n<\/tr>\n<tr class=\"b\">\n<td>Temperaturintervall (f\u00f6rvaring)<\/td>\n<td>-20 &#8211; 70 \u00b0 C<\/td>\n<\/tr>\n<tr>\n<td>Temperatur vid drift<\/td>\n<td>10 &#8211; 35 \u00b0 C<\/td>\n<\/tr>\n<tr>\n<td class=\"h\" colspan=\"2\">F\u00f6rpackning<\/td>\n<\/tr>\n<tr class=\"b\">\n<td>Kabel inkluderad<\/td>\n<td>eSATA,FireWire,USB<\/td>\n<\/tr>\n<tr>\n<td>Garantisedel<\/td>\n<td><\/td>\n<\/tr>\n<tr class=\"b\">\n<td>Manual<\/td>\n<td><\/td>\n<\/tr>\n<tr>\n<td class=\"h\" colspan=\"2\">\u00d6vriga egenskaper<\/td>\n<\/tr>\n<tr class=\"b\">\n<td>Gr\u00e4nssnitt<\/td>\n<td>SATA<\/td>\n<\/tr>\n<tr>\n<td>Minimikrav, processor<\/td>\n<td>Pentium III, AMD Duron 900MHz, iMac, iBook, Mac G3\/G4\/G5, PowerBook G3\/G4<\/td>\n<\/tr>\n<tr class=\"b\">\n<td>Minimikrav, RAM<\/td>\n<td>256 MB<\/td>\n<\/tr>\n<tr>\n<td>Medeltid mellan fel (MTBF)<\/td>\n<td>50000 h<\/td>\n<\/tr>\n<tr class=\"b\">\n<td>Material<\/td>\n<td>Gjuten aluminium<\/td>\n<\/tr>\n<tr>\n<td>Maximal data\u00f6verf\u00f6ringshastighet<\/td>\n<td>5000 Mbit\/s<\/td>\n<\/tr>\n<tr class=\"b\">\n<td>Anslutningsteknologi<\/td>\n<td>Kabel<\/td>\n<\/tr>\n<tr>\n<td>Snabbstartsguide<\/td>\n<td><\/td>\n<\/tr>\n<tr>\n<td class=\"h\" colspan=\"2\">Design<\/td>\n<\/tr>\n<tr class=\"b\">\n<td>Produktens f\u00e4rg<\/td>\n<td>Svart, Silver<\/td>\n<\/tr>\n<tr>\n<td class=\"h\" colspan=\"2\">Prestanda<\/td>\n<\/tr>\n<tr class=\"b\">\n<td>Windows-operativsystem som st\u00f6ds<\/td>\n<td>Windows 7 Home Basic,Windows 7 Home Basic x64,Windows 7 Home Premium,Windows 7 Home Premium x64,Windows 7 Professional,Windows 7 Professional x64,Windows 7 Starter,Windows 7 Starter x64,Windows 7 Ultimate,Windows 7 Ultimate x64,Windows 8,Windows 8 Enterprise,Windows 8 Enterprise x64,Windows 8 Pro,Windows 8 Pro x64,Windows 8 x64,Windows Vista Business,Windows Vista Business x64,Windows Vista Enterprise,Windows Vista Enterprise x64,Windows Vista Home Basic,Windows Vista Home Basic x64,Windows Vista Home Premium,Windows Vista Home Premium x64,Windows Vista Ultimate,Windows Vista Ultimate x64,Windows XP Home,Windows XP Home x64,Windows XP Professional,Windows XP Professional x64<\/td>\n<\/tr>\n<tr>\n<td>Mac-operativsystem som st\u00f6ds<\/td>\n<td>Mac OS X 10.4 Tiger,Mac OS X 10.5 Leopard,Mac OS X 10.6 Snow Leopard,Mac OS X 10.7 Lion,Mac OS X 10.8 Mountain Lion<\/td>\n<\/tr>\n<tr class=\"b\">\n<td>FireWire data\u00f6verf\u00f6ringshastigheter<\/td>\n<td>400,800 Mbit\/s<\/td>\n<\/tr>\n<tr>\n<td>eSATA data\u00f6verf\u00f6ringshastigheter<\/td>\n<td>1.5,3 Gbit\/s<\/td>\n<\/tr>\n<tr class=\"b\">\n<td>USB data\u00f6verf\u00f6ring<\/td>\n<td>480,5000 Mbit\/s<\/td>\n<\/tr>\n<tr>\n<td class=\"h\">EAN<\/td>\n<td>4021801560667<\/td>\n<\/tr>\n<\/tbody>\n<\/table>\n","protected":false},"excerpt":{"rendered":"<p>Freecom Hard Drive Quattro Extern H\u00e5rddisk 1TB, 3,5&#8243;&#8221;, USB3.0, FW800, FW400, eSATA<\/p>\n","protected":false},"featured_media":67920,"template":"","meta":[],"product_brand":[],"product_cat":[111,64],"product_tag":[],"class_list":{"0":"post-7082","1":"product","2":"type-product","3":"status-publish","4":"has-post-thumbnail","6":"product_cat-extern-harddisk","7":"product_cat-lagring","9":"first","10":"outofstock","11":"taxable","12":"shipping-taxable","13":"product-type-simple"},"yoast_head":"<!-- This site is optimized with the Yoast SEO Premium plugin v26.7 (Yoast SEO v26.7) - https:\/\/yoast.com\/wordpress\/plugins\/seo\/ -->\n<title>Freecom Hard Drive Quattro Extern H\u00e5rddisk 1TB USB 3.0 FW800<\/title>\n<meta name=\"description\" content=\"Freecom Hard Drive Quattro Extern H\u00e5rddisk 1TB, 3,5&quot;&quot;, USB3.0, FW800, FW400, eSATA, lagra dina data p\u00e5 denna m\u00e5ngsidiga disk\" \/>\n<meta name=\"robots\" content=\"index, follow, max-snippet:-1, max-image-preview:large, max-video-preview:-1\" \/>\n<link rel=\"canonical\" href=\"https:\/\/www.heddata.se\/webbutik\/produkt\/freecom-hard-drive-quattro\/\" \/>\n<meta property=\"og:locale\" content=\"sv_SE\" \/>\n<meta property=\"og:type\" content=\"article\" \/>\n<meta property=\"og:title\" content=\"Freecom Hard Drive Quattro\" \/>\n<meta property=\"og:description\" content=\"Freecom Hard Drive Quattro Extern H\u00e5rddisk 1TB, 3,5&quot;&quot;, USB3.0, FW800, FW400, eSATA, lagra dina data p\u00e5 denna m\u00e5ngsidiga disk\" \/>\n<meta property=\"og:url\" content=\"https:\/\/www.heddata.se\/webbutik\/produkt\/freecom-hard-drive-quattro\/\" \/>\n<meta property=\"og:site_name\" content=\"Datorer, Skrivare, F\u00e4rgpatroner, Mobiltelefoner\" \/>\n<meta property=\"article:modified_time\" content=\"2026-04-07T09:19:15+00:00\" \/>\n<meta property=\"og:image\" content=\"https:\/\/www.heddata.se\/webbutik\/wp-content\/uploads\/freecom-ex-hd.jpg\" \/>\n\t<meta property=\"og:image:width\" content=\"500\" \/>\n\t<meta property=\"og:image:height\" content=\"500\" \/>\n\t<meta property=\"og:image:type\" content=\"image\/jpeg\" \/>\n<meta name=\"twitter:card\" content=\"summary_large_image\" \/>\n<meta name=\"twitter:label1\" content=\"Ber\u00e4knad l\u00e4stid\" \/>\n\t<meta name=\"twitter:data1\" content=\"2 minuter\" \/>\n<script type=\"application\/ld+json\" class=\"yoast-schema-graph\">{\"@context\":\"https:\/\/schema.org\",\"@graph\":[{\"@type\":\"WebPage\",\"@id\":\"https:\/\/www.heddata.se\/webbutik\/produkt\/freecom-hard-drive-quattro\/\",\"url\":\"https:\/\/www.heddata.se\/webbutik\/produkt\/freecom-hard-drive-quattro\/\",\"name\":\"Freecom Hard Drive Quattro Extern H\u00e5rddisk 1TB USB 3.0 FW800\",\"isPartOf\":{\"@id\":\"https:\/\/www.heddata.se\/webbutik\/#website\"},\"primaryImageOfPage\":{\"@id\":\"https:\/\/www.heddata.se\/webbutik\/produkt\/freecom-hard-drive-quattro\/#primaryimage\"},\"image\":{\"@id\":\"https:\/\/www.heddata.se\/webbutik\/produkt\/freecom-hard-drive-quattro\/#primaryimage\"},\"thumbnailUrl\":\"https:\/\/www.heddata.se\/webbutik\/wp-content\/uploads\/freecom-ex-hd.jpg\",\"datePublished\":\"2019-11-20T08:07:17+00:00\",\"dateModified\":\"2026-04-07T09:19:15+00:00\",\"description\":\"Freecom Hard Drive Quattro Extern H\u00e5rddisk 1TB, 3,5\\\"\\\", USB3.0, FW800, FW400, eSATA, lagra dina data p\u00e5 denna m\u00e5ngsidiga disk\",\"breadcrumb\":{\"@id\":\"https:\/\/www.heddata.se\/webbutik\/produkt\/freecom-hard-drive-quattro\/#breadcrumb\"},\"inLanguage\":\"sv-SE\",\"potentialAction\":[{\"@type\":\"ReadAction\",\"target\":[\"https:\/\/www.heddata.se\/webbutik\/produkt\/freecom-hard-drive-quattro\/\"]}]},{\"@type\":\"ImageObject\",\"inLanguage\":\"sv-SE\",\"@id\":\"https:\/\/www.heddata.se\/webbutik\/produkt\/freecom-hard-drive-quattro\/#primaryimage\",\"url\":\"https:\/\/www.heddata.se\/webbutik\/wp-content\/uploads\/freecom-ex-hd.jpg\",\"contentUrl\":\"https:\/\/www.heddata.se\/webbutik\/wp-content\/uploads\/freecom-ex-hd.jpg\",\"width\":500,\"height\":500,\"caption\":\"Freecom Hard Drive Quattro\"},{\"@type\":\"BreadcrumbList\",\"@id\":\"https:\/\/www.heddata.se\/webbutik\/produkt\/freecom-hard-drive-quattro\/#breadcrumb\",\"itemListElement\":[{\"@type\":\"ListItem\",\"position\":1,\"name\":\"Hem\",\"item\":\"https:\/\/www.heddata.se\/webbutik\/\"},{\"@type\":\"ListItem\",\"position\":2,\"name\":\"Produkter\",\"item\":\"https:\/\/www.heddata.se\/webbutik\/shop\/\"},{\"@type\":\"ListItem\",\"position\":3,\"name\":\"Freecom Hard Drive Quattro\"}]},{\"@type\":\"WebSite\",\"@id\":\"https:\/\/www.heddata.se\/webbutik\/#website\",\"url\":\"https:\/\/www.heddata.se\/webbutik\/\",\"name\":\"Datorer, Skrivare, F\u00e4rgpatroner, Mobiltelefoner\",\"description\":\"Kablar\",\"publisher\":{\"@id\":\"https:\/\/www.heddata.se\/webbutik\/#organization\"},\"potentialAction\":[{\"@type\":\"SearchAction\",\"target\":{\"@type\":\"EntryPoint\",\"urlTemplate\":\"https:\/\/www.heddata.se\/webbutik\/?s={search_term_string}\"},\"query-input\":{\"@type\":\"PropertyValueSpecification\",\"valueRequired\":true,\"valueName\":\"search_term_string\"}}],\"inLanguage\":\"sv-SE\"},{\"@type\":\"Organization\",\"@id\":\"https:\/\/www.heddata.se\/webbutik\/#organization\",\"name\":\"Heddata AB\",\"url\":\"https:\/\/www.heddata.se\/webbutik\/\",\"logo\":{\"@type\":\"ImageObject\",\"inLanguage\":\"sv-SE\",\"@id\":\"https:\/\/www.heddata.se\/webbutik\/#\/schema\/logo\/image\/\",\"url\":\"https:\/\/www.heddata.se\/webbutik\/wp-content\/uploads\/logga\/heddata-ab-logga.png\",\"contentUrl\":\"https:\/\/www.heddata.se\/webbutik\/wp-content\/uploads\/logga\/heddata-ab-logga.png\",\"width\":200,\"height\":64,\"caption\":\"Heddata AB\"},\"image\":{\"@id\":\"https:\/\/www.heddata.se\/webbutik\/#\/schema\/logo\/image\/\"}}]}<\/script>\n<!-- \/ Yoast SEO Premium plugin. -->","yoast_head_json":{"title":"Freecom Hard Drive Quattro Extern H\u00e5rddisk 1TB USB 3.0 FW800","description":"Freecom Hard Drive Quattro Extern H\u00e5rddisk 1TB, 3,5\"\", USB3.0, FW800, FW400, eSATA, lagra dina data p\u00e5 denna m\u00e5ngsidiga disk","robots":{"index":"index","follow":"follow","max-snippet":"max-snippet:-1","max-image-preview":"max-image-preview:large","max-video-preview":"max-video-preview:-1"},"canonical":"https:\/\/www.heddata.se\/webbutik\/produkt\/freecom-hard-drive-quattro\/","og_locale":"sv_SE","og_type":"article","og_title":"Freecom Hard Drive Quattro","og_description":"Freecom Hard Drive Quattro Extern H\u00e5rddisk 1TB, 3,5\"\", USB3.0, FW800, FW400, eSATA, lagra dina data p\u00e5 denna m\u00e5ngsidiga disk","og_url":"https:\/\/www.heddata.se\/webbutik\/produkt\/freecom-hard-drive-quattro\/","og_site_name":"Datorer, Skrivare, F\u00e4rgpatroner, Mobiltelefoner","article_modified_time":"2026-04-07T09:19:15+00:00","og_image":[{"width":500,"height":500,"url":"https:\/\/www.heddata.se\/webbutik\/wp-content\/uploads\/freecom-ex-hd.jpg","type":"image\/jpeg"}],"twitter_card":"summary_large_image","twitter_misc":{"Ber\u00e4knad l\u00e4stid":"2 minuter"},"schema":{"@context":"https:\/\/schema.org","@graph":[{"@type":"WebPage","@id":"https:\/\/www.heddata.se\/webbutik\/produkt\/freecom-hard-drive-quattro\/","url":"https:\/\/www.heddata.se\/webbutik\/produkt\/freecom-hard-drive-quattro\/","name":"Freecom Hard Drive Quattro Extern H\u00e5rddisk 1TB USB 3.0 FW800","isPartOf":{"@id":"https:\/\/www.heddata.se\/webbutik\/#website"},"primaryImageOfPage":{"@id":"https:\/\/www.heddata.se\/webbutik\/produkt\/freecom-hard-drive-quattro\/#primaryimage"},"image":{"@id":"https:\/\/www.heddata.se\/webbutik\/produkt\/freecom-hard-drive-quattro\/#primaryimage"},"thumbnailUrl":"https:\/\/www.heddata.se\/webbutik\/wp-content\/uploads\/freecom-ex-hd.jpg","datePublished":"2019-11-20T08:07:17+00:00","dateModified":"2026-04-07T09:19:15+00:00","description":"Freecom Hard Drive Quattro Extern H\u00e5rddisk 1TB, 3,5\"\", USB3.0, FW800, FW400, eSATA, lagra dina data p\u00e5 denna m\u00e5ngsidiga disk","breadcrumb":{"@id":"https:\/\/www.heddata.se\/webbutik\/produkt\/freecom-hard-drive-quattro\/#breadcrumb"},"inLanguage":"sv-SE","potentialAction":[{"@type":"ReadAction","target":["https:\/\/www.heddata.se\/webbutik\/produkt\/freecom-hard-drive-quattro\/"]}]},{"@type":"ImageObject","inLanguage":"sv-SE","@id":"https:\/\/www.heddata.se\/webbutik\/produkt\/freecom-hard-drive-quattro\/#primaryimage","url":"https:\/\/www.heddata.se\/webbutik\/wp-content\/uploads\/freecom-ex-hd.jpg","contentUrl":"https:\/\/www.heddata.se\/webbutik\/wp-content\/uploads\/freecom-ex-hd.jpg","width":500,"height":500,"caption":"Freecom Hard Drive Quattro"},{"@type":"BreadcrumbList","@id":"https:\/\/www.heddata.se\/webbutik\/produkt\/freecom-hard-drive-quattro\/#breadcrumb","itemListElement":[{"@type":"ListItem","position":1,"name":"Hem","item":"https:\/\/www.heddata.se\/webbutik\/"},{"@type":"ListItem","position":2,"name":"Produkter","item":"https:\/\/www.heddata.se\/webbutik\/shop\/"},{"@type":"ListItem","position":3,"name":"Freecom Hard Drive Quattro"}]},{"@type":"WebSite","@id":"https:\/\/www.heddata.se\/webbutik\/#website","url":"https:\/\/www.heddata.se\/webbutik\/","name":"Datorer, Skrivare, F\u00e4rgpatroner, Mobiltelefoner","description":"Kablar","publisher":{"@id":"https:\/\/www.heddata.se\/webbutik\/#organization"},"potentialAction":[{"@type":"SearchAction","target":{"@type":"EntryPoint","urlTemplate":"https:\/\/www.heddata.se\/webbutik\/?s={search_term_string}"},"query-input":{"@type":"PropertyValueSpecification","valueRequired":true,"valueName":"search_term_string"}}],"inLanguage":"sv-SE"},{"@type":"Organization","@id":"https:\/\/www.heddata.se\/webbutik\/#organization","name":"Heddata AB","url":"https:\/\/www.heddata.se\/webbutik\/","logo":{"@type":"ImageObject","inLanguage":"sv-SE","@id":"https:\/\/www.heddata.se\/webbutik\/#\/schema\/logo\/image\/","url":"https:\/\/www.heddata.se\/webbutik\/wp-content\/uploads\/logga\/heddata-ab-logga.png","contentUrl":"https:\/\/www.heddata.se\/webbutik\/wp-content\/uploads\/logga\/heddata-ab-logga.png","width":200,"height":64,"caption":"Heddata AB"},"image":{"@id":"https:\/\/www.heddata.se\/webbutik\/#\/schema\/logo\/image\/"}}]}},"_links":{"self":[{"href":"https:\/\/www.heddata.se\/webbutik\/wp-json\/wp\/v2\/product\/7082","targetHints":{"allow":["GET"]}}],"collection":[{"href":"https:\/\/www.heddata.se\/webbutik\/wp-json\/wp\/v2\/product"}],"about":[{"href":"https:\/\/www.heddata.se\/webbutik\/wp-json\/wp\/v2\/types\/product"}],"wp:featuredmedia":[{"embeddable":true,"href":"https:\/\/www.heddata.se\/webbutik\/wp-json\/wp\/v2\/media\/67920"}],"wp:attachment":[{"href":"https:\/\/www.heddata.se\/webbutik\/wp-json\/wp\/v2\/media?parent=7082"}],"wp:term":[{"taxonomy":"product_brand","embeddable":true,"href":"https:\/\/www.heddata.se\/webbutik\/wp-json\/wp\/v2\/product_brand?post=7082"},{"taxonomy":"product_cat","embeddable":true,"href":"https:\/\/www.heddata.se\/webbutik\/wp-json\/wp\/v2\/product_cat?post=7082"},{"taxonomy":"product_tag","embeddable":true,"href":"https:\/\/www.heddata.se\/webbutik\/wp-json\/wp\/v2\/product_tag?post=7082"}],"curies":[{"name":"wp","href":"https:\/\/api.w.org\/{rel}","templated":true}]}}