{"id":7080,"date":"2019-11-20T09:07:17","date_gmt":"2019-11-20T08:07:17","guid":{"rendered":"https:\/\/www.heddata.se\/webbutik\/?post_type=product&#038;p=7080"},"modified":"2026-04-07T10:19:14","modified_gmt":"2026-04-07T08:19:14","slug":"wd-blue-desktop-hdd-35-500gb-32mb-7200rpm","status":"publish","type":"product","link":"https:\/\/www.heddata.se\/webbutik\/produkt\/wd-blue-desktop-hdd-35-500gb-32mb-7200rpm\/","title":{"rendered":"WD BLUE Desktop HDD 3,5&#8243; 500GB, 32MB, 7200RPM"},"content":{"rendered":"<h4>WD BLUE Desktop HDD 3,5&#8243; 500GB, 32MB, 7200RPM<\/h4>\n<p id=\"tw-target-text\" class=\"tw-data-text tw-text-large tw-ta\" dir=\"ltr\" data-placeholder=\"\u00d6vers\u00e4ttning\"><span lang=\"sv\">\u00d6ka din PC-lagring med <a href=\"https:\/\/www.westerndigital.com\/\" target=\"_blank\" rel=\"noopener noreferrer\">WD<\/a> BLUE Desktop HDD, varum\u00e4rket som \u00e4r designat bara f\u00f6r station\u00e4ra och <a href=\"https:\/\/www.heddata.se\/webbutik\/datorer\/\">allt-i-ett-datorer<\/a> med en m\u00e4ngd lagringskapacitet.<\/span><\/p>\n<table class=\"table table-condensed table-striped tech-specs-table\">\n<tbody>\n<tr>\n<th class=\"pt-5\" colspan=\"2\">\n<h4>WD BLUE Desktop HDD<\/h4>\n<\/th>\n<\/tr>\n<tr>\n<td>Formfaktor:<\/td>\n<td>3.5&#8243;<\/td>\n<\/tr>\n<tr>\n<td>Spindelhastighet:<\/td>\n<td>7200 rpm<\/td>\n<\/tr>\n<tr>\n<td>O\u00e5terkalleligt fel:<\/td>\n<td>1 per 10^14<\/td>\n<\/tr>\n<tr>\n<td>Intern datafrekvens:<\/td>\n<td>150 MBps<\/td>\n<\/tr>\n<tr>\n<td>Data\u00f6verf\u00f6ringshastighet:<\/td>\n<td>600 MBps<\/td>\n<\/tr>\n<tr>\n<td>H\u00e5rddisktyp:<\/td>\n<td>Inbyggd h\u00e5rddisk<\/td>\n<\/tr>\n<tr>\n<td>Formfaktor (kort):<\/td>\n<td>3.5&#8243;<\/td>\n<\/tr>\n<tr>\n<td>Gr\u00e4nssnitt:<\/td>\n<td>Serial ATA-600<\/td>\n<\/tr>\n<tr>\n<td>Formfaktor (metrisk):<\/td>\n<td>8.9 cm x 1\/3H<\/td>\n<\/tr>\n<tr>\n<td>Formfaktor (kort) (metrisk):<\/td>\n<td>8.9 cm<\/td>\n<\/tr>\n<tr>\n<td>H\u00e5rddiskutrymme:<\/td>\n<td>500 GB<\/td>\n<\/tr>\n<tr>\n<td>Buffertstorlek:<\/td>\n<td>32 MB<\/td>\n<\/tr>\n<\/tbody>\n<\/table>\n","protected":false},"excerpt":{"rendered":"<h4>WD BLUE Desktop HDD 3,5&#8243; 500GB, 32MB, 7200RPM<\/h4>\n","protected":false},"featured_media":75963,"template":"","meta":[],"product_brand":[],"product_cat":[7545,64],"product_tag":[],"class_list":{"0":"post-7080","1":"product","2":"type-product","3":"status-publish","4":"has-post-thumbnail","6":"product_cat-intern-harddisk","7":"product_cat-lagring","9":"first","10":"outofstock","11":"taxable","12":"shipping-taxable","13":"product-type-simple"},"yoast_head":"<!-- This site is optimized with the Yoast SEO Premium plugin v26.7 (Yoast SEO v26.7) - https:\/\/yoast.com\/wordpress\/plugins\/seo\/ -->\n<title>WD BLUE Desktop HDD 3,5&quot; 500GB, 32MB, 7200RPM<\/title>\n<meta name=\"description\" content=\"WD BLUE Desktop HDD 3,5&quot; 500GB, 32MB, 7200RPM intern h\u00e5rddisk f\u00f6r lagring av data eller installation av operativsystem p\u00e5 station\u00e4r PC-dator.\" \/>\n<meta name=\"robots\" content=\"index, follow, max-snippet:-1, max-image-preview:large, max-video-preview:-1\" \/>\n<link rel=\"canonical\" href=\"https:\/\/www.heddata.se\/webbutik\/produkt\/wd-blue-desktop-hdd-35-500gb-32mb-7200rpm\/\" \/>\n<meta property=\"og:locale\" content=\"sv_SE\" \/>\n<meta property=\"og:type\" content=\"article\" \/>\n<meta property=\"og:title\" content=\"WD BLUE Desktop HDD 3,5&quot; 500GB, 32MB, 7200RPM\" \/>\n<meta property=\"og:description\" content=\"WD BLUE Desktop HDD 3,5&quot; 500GB, 32MB, 7200RPM intern h\u00e5rddisk f\u00f6r lagring av data eller installation av operativsystem p\u00e5 station\u00e4r PC-dator.\" \/>\n<meta property=\"og:url\" content=\"https:\/\/www.heddata.se\/webbutik\/produkt\/wd-blue-desktop-hdd-35-500gb-32mb-7200rpm\/\" \/>\n<meta property=\"og:site_name\" content=\"Datorer, Skrivare, F\u00e4rgpatroner, Mobiltelefoner\" \/>\n<meta property=\"article:modified_time\" content=\"2026-04-07T08:19:14+00:00\" \/>\n<meta property=\"og:image\" content=\"https:\/\/www.heddata.se\/webbutik\/wp-content\/uploads\/webbutik\/kategorier\/lagring\/wd5000azlx.jpg\" \/>\n\t<meta property=\"og:image:width\" content=\"1466\" \/>\n\t<meta property=\"og:image:height\" content=\"1474\" \/>\n\t<meta property=\"og:image:type\" content=\"image\/jpeg\" \/>\n<meta name=\"twitter:card\" content=\"summary_large_image\" \/>\n<script type=\"application\/ld+json\" class=\"yoast-schema-graph\">{\"@context\":\"https:\/\/schema.org\",\"@graph\":[{\"@type\":\"WebPage\",\"@id\":\"https:\/\/www.heddata.se\/webbutik\/produkt\/wd-blue-desktop-hdd-35-500gb-32mb-7200rpm\/\",\"url\":\"https:\/\/www.heddata.se\/webbutik\/produkt\/wd-blue-desktop-hdd-35-500gb-32mb-7200rpm\/\",\"name\":\"WD BLUE Desktop HDD 3,5\\\" 500GB, 32MB, 7200RPM\",\"isPartOf\":{\"@id\":\"https:\/\/www.heddata.se\/webbutik\/#website\"},\"primaryImageOfPage\":{\"@id\":\"https:\/\/www.heddata.se\/webbutik\/produkt\/wd-blue-desktop-hdd-35-500gb-32mb-7200rpm\/#primaryimage\"},\"image\":{\"@id\":\"https:\/\/www.heddata.se\/webbutik\/produkt\/wd-blue-desktop-hdd-35-500gb-32mb-7200rpm\/#primaryimage\"},\"thumbnailUrl\":\"https:\/\/www.heddata.se\/webbutik\/wp-content\/uploads\/webbutik\/kategorier\/lagring\/wd5000azlx.jpg\",\"datePublished\":\"2019-11-20T08:07:17+00:00\",\"dateModified\":\"2026-04-07T08:19:14+00:00\",\"description\":\"WD BLUE Desktop HDD 3,5\\\" 500GB, 32MB, 7200RPM intern h\u00e5rddisk f\u00f6r lagring av data eller installation av operativsystem p\u00e5 station\u00e4r PC-dator.\",\"breadcrumb\":{\"@id\":\"https:\/\/www.heddata.se\/webbutik\/produkt\/wd-blue-desktop-hdd-35-500gb-32mb-7200rpm\/#breadcrumb\"},\"inLanguage\":\"sv-SE\",\"potentialAction\":[{\"@type\":\"ReadAction\",\"target\":[\"https:\/\/www.heddata.se\/webbutik\/produkt\/wd-blue-desktop-hdd-35-500gb-32mb-7200rpm\/\"]}]},{\"@type\":\"ImageObject\",\"inLanguage\":\"sv-SE\",\"@id\":\"https:\/\/www.heddata.se\/webbutik\/produkt\/wd-blue-desktop-hdd-35-500gb-32mb-7200rpm\/#primaryimage\",\"url\":\"https:\/\/www.heddata.se\/webbutik\/wp-content\/uploads\/webbutik\/kategorier\/lagring\/wd5000azlx.jpg\",\"contentUrl\":\"https:\/\/www.heddata.se\/webbutik\/wp-content\/uploads\/webbutik\/kategorier\/lagring\/wd5000azlx.jpg\",\"width\":1466,\"height\":1474,\"caption\":\"WD BLUE Desktop HDD\"},{\"@type\":\"BreadcrumbList\",\"@id\":\"https:\/\/www.heddata.se\/webbutik\/produkt\/wd-blue-desktop-hdd-35-500gb-32mb-7200rpm\/#breadcrumb\",\"itemListElement\":[{\"@type\":\"ListItem\",\"position\":1,\"name\":\"Hem\",\"item\":\"https:\/\/www.heddata.se\/webbutik\/\"},{\"@type\":\"ListItem\",\"position\":2,\"name\":\"Produkter\",\"item\":\"https:\/\/www.heddata.se\/webbutik\/shop\/\"},{\"@type\":\"ListItem\",\"position\":3,\"name\":\"WD BLUE Desktop HDD 3,5&#8243; 500GB, 32MB, 7200RPM\"}]},{\"@type\":\"WebSite\",\"@id\":\"https:\/\/www.heddata.se\/webbutik\/#website\",\"url\":\"https:\/\/www.heddata.se\/webbutik\/\",\"name\":\"Datorer, Skrivare, F\u00e4rgpatroner, Mobiltelefoner\",\"description\":\"Kablar\",\"publisher\":{\"@id\":\"https:\/\/www.heddata.se\/webbutik\/#organization\"},\"potentialAction\":[{\"@type\":\"SearchAction\",\"target\":{\"@type\":\"EntryPoint\",\"urlTemplate\":\"https:\/\/www.heddata.se\/webbutik\/?s={search_term_string}\"},\"query-input\":{\"@type\":\"PropertyValueSpecification\",\"valueRequired\":true,\"valueName\":\"search_term_string\"}}],\"inLanguage\":\"sv-SE\"},{\"@type\":\"Organization\",\"@id\":\"https:\/\/www.heddata.se\/webbutik\/#organization\",\"name\":\"Heddata AB\",\"url\":\"https:\/\/www.heddata.se\/webbutik\/\",\"logo\":{\"@type\":\"ImageObject\",\"inLanguage\":\"sv-SE\",\"@id\":\"https:\/\/www.heddata.se\/webbutik\/#\/schema\/logo\/image\/\",\"url\":\"https:\/\/www.heddata.se\/webbutik\/wp-content\/uploads\/logga\/heddata-ab-logga.png\",\"contentUrl\":\"https:\/\/www.heddata.se\/webbutik\/wp-content\/uploads\/logga\/heddata-ab-logga.png\",\"width\":200,\"height\":64,\"caption\":\"Heddata AB\"},\"image\":{\"@id\":\"https:\/\/www.heddata.se\/webbutik\/#\/schema\/logo\/image\/\"}}]}<\/script>\n<!-- \/ Yoast SEO Premium plugin. -->","yoast_head_json":{"title":"WD BLUE Desktop HDD 3,5\" 500GB, 32MB, 7200RPM","description":"WD BLUE Desktop HDD 3,5\" 500GB, 32MB, 7200RPM intern h\u00e5rddisk f\u00f6r lagring av data eller installation av operativsystem p\u00e5 station\u00e4r PC-dator.","robots":{"index":"index","follow":"follow","max-snippet":"max-snippet:-1","max-image-preview":"max-image-preview:large","max-video-preview":"max-video-preview:-1"},"canonical":"https:\/\/www.heddata.se\/webbutik\/produkt\/wd-blue-desktop-hdd-35-500gb-32mb-7200rpm\/","og_locale":"sv_SE","og_type":"article","og_title":"WD BLUE Desktop HDD 3,5\" 500GB, 32MB, 7200RPM","og_description":"WD BLUE Desktop HDD 3,5\" 500GB, 32MB, 7200RPM intern h\u00e5rddisk f\u00f6r lagring av data eller installation av operativsystem p\u00e5 station\u00e4r PC-dator.","og_url":"https:\/\/www.heddata.se\/webbutik\/produkt\/wd-blue-desktop-hdd-35-500gb-32mb-7200rpm\/","og_site_name":"Datorer, Skrivare, F\u00e4rgpatroner, Mobiltelefoner","article_modified_time":"2026-04-07T08:19:14+00:00","og_image":[{"width":1466,"height":1474,"url":"https:\/\/www.heddata.se\/webbutik\/wp-content\/uploads\/webbutik\/kategorier\/lagring\/wd5000azlx.jpg","type":"image\/jpeg"}],"twitter_card":"summary_large_image","schema":{"@context":"https:\/\/schema.org","@graph":[{"@type":"WebPage","@id":"https:\/\/www.heddata.se\/webbutik\/produkt\/wd-blue-desktop-hdd-35-500gb-32mb-7200rpm\/","url":"https:\/\/www.heddata.se\/webbutik\/produkt\/wd-blue-desktop-hdd-35-500gb-32mb-7200rpm\/","name":"WD BLUE Desktop HDD 3,5\" 500GB, 32MB, 7200RPM","isPartOf":{"@id":"https:\/\/www.heddata.se\/webbutik\/#website"},"primaryImageOfPage":{"@id":"https:\/\/www.heddata.se\/webbutik\/produkt\/wd-blue-desktop-hdd-35-500gb-32mb-7200rpm\/#primaryimage"},"image":{"@id":"https:\/\/www.heddata.se\/webbutik\/produkt\/wd-blue-desktop-hdd-35-500gb-32mb-7200rpm\/#primaryimage"},"thumbnailUrl":"https:\/\/www.heddata.se\/webbutik\/wp-content\/uploads\/webbutik\/kategorier\/lagring\/wd5000azlx.jpg","datePublished":"2019-11-20T08:07:17+00:00","dateModified":"2026-04-07T08:19:14+00:00","description":"WD BLUE Desktop HDD 3,5\" 500GB, 32MB, 7200RPM intern h\u00e5rddisk f\u00f6r lagring av data eller installation av operativsystem p\u00e5 station\u00e4r PC-dator.","breadcrumb":{"@id":"https:\/\/www.heddata.se\/webbutik\/produkt\/wd-blue-desktop-hdd-35-500gb-32mb-7200rpm\/#breadcrumb"},"inLanguage":"sv-SE","potentialAction":[{"@type":"ReadAction","target":["https:\/\/www.heddata.se\/webbutik\/produkt\/wd-blue-desktop-hdd-35-500gb-32mb-7200rpm\/"]}]},{"@type":"ImageObject","inLanguage":"sv-SE","@id":"https:\/\/www.heddata.se\/webbutik\/produkt\/wd-blue-desktop-hdd-35-500gb-32mb-7200rpm\/#primaryimage","url":"https:\/\/www.heddata.se\/webbutik\/wp-content\/uploads\/webbutik\/kategorier\/lagring\/wd5000azlx.jpg","contentUrl":"https:\/\/www.heddata.se\/webbutik\/wp-content\/uploads\/webbutik\/kategorier\/lagring\/wd5000azlx.jpg","width":1466,"height":1474,"caption":"WD BLUE Desktop HDD"},{"@type":"BreadcrumbList","@id":"https:\/\/www.heddata.se\/webbutik\/produkt\/wd-blue-desktop-hdd-35-500gb-32mb-7200rpm\/#breadcrumb","itemListElement":[{"@type":"ListItem","position":1,"name":"Hem","item":"https:\/\/www.heddata.se\/webbutik\/"},{"@type":"ListItem","position":2,"name":"Produkter","item":"https:\/\/www.heddata.se\/webbutik\/shop\/"},{"@type":"ListItem","position":3,"name":"WD BLUE Desktop HDD 3,5&#8243; 500GB, 32MB, 7200RPM"}]},{"@type":"WebSite","@id":"https:\/\/www.heddata.se\/webbutik\/#website","url":"https:\/\/www.heddata.se\/webbutik\/","name":"Datorer, Skrivare, F\u00e4rgpatroner, Mobiltelefoner","description":"Kablar","publisher":{"@id":"https:\/\/www.heddata.se\/webbutik\/#organization"},"potentialAction":[{"@type":"SearchAction","target":{"@type":"EntryPoint","urlTemplate":"https:\/\/www.heddata.se\/webbutik\/?s={search_term_string}"},"query-input":{"@type":"PropertyValueSpecification","valueRequired":true,"valueName":"search_term_string"}}],"inLanguage":"sv-SE"},{"@type":"Organization","@id":"https:\/\/www.heddata.se\/webbutik\/#organization","name":"Heddata AB","url":"https:\/\/www.heddata.se\/webbutik\/","logo":{"@type":"ImageObject","inLanguage":"sv-SE","@id":"https:\/\/www.heddata.se\/webbutik\/#\/schema\/logo\/image\/","url":"https:\/\/www.heddata.se\/webbutik\/wp-content\/uploads\/logga\/heddata-ab-logga.png","contentUrl":"https:\/\/www.heddata.se\/webbutik\/wp-content\/uploads\/logga\/heddata-ab-logga.png","width":200,"height":64,"caption":"Heddata AB"},"image":{"@id":"https:\/\/www.heddata.se\/webbutik\/#\/schema\/logo\/image\/"}}]}},"_links":{"self":[{"href":"https:\/\/www.heddata.se\/webbutik\/wp-json\/wp\/v2\/product\/7080","targetHints":{"allow":["GET"]}}],"collection":[{"href":"https:\/\/www.heddata.se\/webbutik\/wp-json\/wp\/v2\/product"}],"about":[{"href":"https:\/\/www.heddata.se\/webbutik\/wp-json\/wp\/v2\/types\/product"}],"wp:featuredmedia":[{"embeddable":true,"href":"https:\/\/www.heddata.se\/webbutik\/wp-json\/wp\/v2\/media\/75963"}],"wp:attachment":[{"href":"https:\/\/www.heddata.se\/webbutik\/wp-json\/wp\/v2\/media?parent=7080"}],"wp:term":[{"taxonomy":"product_brand","embeddable":true,"href":"https:\/\/www.heddata.se\/webbutik\/wp-json\/wp\/v2\/product_brand?post=7080"},{"taxonomy":"product_cat","embeddable":true,"href":"https:\/\/www.heddata.se\/webbutik\/wp-json\/wp\/v2\/product_cat?post=7080"},{"taxonomy":"product_tag","embeddable":true,"href":"https:\/\/www.heddata.se\/webbutik\/wp-json\/wp\/v2\/product_tag?post=7080"}],"curies":[{"name":"wp","href":"https:\/\/api.w.org\/{rel}","templated":true}]}}