{"id":7052,"date":"2019-11-20T09:07:11","date_gmt":"2019-11-20T08:07:11","guid":{"rendered":"https:\/\/www.heddata.se\/webbutik\/?post_type=product&#038;p=7052"},"modified":"2026-04-08T16:16:59","modified_gmt":"2026-04-08T14:16:59","slug":"benq-gw2780-27tum-skarm","status":"publish","type":"product","link":"https:\/\/www.heddata.se\/webbutik\/produkt\/benq-gw2780-27tum-skarm\/","title":{"rendered":"BenQ GW2780 27tum sk\u00e4rm IPS HDMI\/VGA\/DP, Svart"},"content":{"rendered":"<p>BenQ GW2780 27tum sk\u00e4rm. Kombinerar de ultratunna kanterna med dolda kablar f\u00f6r ett cleant utseende. GW2780 \u00e4r formgiven f\u00f6r enkel sk\u00f6nhet. Den kombinerar ultratunna kanter med dolda kablar.<\/p>\n<p><a href=\"https:\/\/www.benq.eu\/en-se\/index.html\" target=\"_blank\" rel=\"noopener noreferrer\">BenQ<\/a> har en exlusiv Eye-Care teknik med Low Blue Light och flimmerfri bild f\u00f6r att skona \u00f6gonen. Deras Brightness-intelligence- teknik s\u00e4kerst\u00e4ller dessutom en uts\u00f6kt detaljsk\u00e4rpa som ger en helt \u00f6verl\u00e4gsen bildupplevelse. Detta p\u00e5 grund av de autentiska f\u00e4rgerna, den djupare sv\u00e4rtan, v\u00e4ldigt skarpa detaljer och \u00e4ven h\u00f6gre kontrast.<\/p>\n<p><strong>Gr\u00e4nssnitt: DisplayPort, <a href=\"https:\/\/www.heddata.se\/webbutik\/kablar\/hdmi-kablar\/\">HDMI<\/a>, VGA<\/strong><\/p>\n","protected":false},"excerpt":{"rendered":"<p>BenQ GW2780 27tum<\/p>\n","protected":false},"featured_media":30019,"template":"","meta":[],"product_brand":[],"product_cat":[2123],"product_tag":[],"class_list":{"0":"post-7052","1":"product","2":"type-product","3":"status-publish","4":"has-post-thumbnail","6":"product_cat-skarmar","8":"first","9":"outofstock","10":"taxable","11":"shipping-taxable","12":"product-type-simple"},"yoast_head":"<!-- This site is optimized with the Yoast SEO Premium plugin v26.7 (Yoast SEO v26.7) - https:\/\/yoast.com\/wordpress\/plugins\/seo\/ -->\n<title>BenQ GW2780 27tum sk\u00e4rm IPS HDMI\/VGA\/DP, Svart<\/title>\n<meta name=\"description\" content=\"BenQ GW2780 27tum sk\u00e4rm. Kombinerar de ultratunna kanterna med dolda kablar f\u00f6r ett cleant utseende. GW2780 \u00e4r formgiven f\u00f6r enkel sk\u00f6nhet\" \/>\n<meta name=\"robots\" content=\"index, follow, max-snippet:-1, max-image-preview:large, max-video-preview:-1\" \/>\n<link rel=\"canonical\" href=\"https:\/\/www.heddata.se\/webbutik\/produkt\/benq-gw2780-27tum-skarm\/\" \/>\n<meta property=\"og:locale\" content=\"sv_SE\" \/>\n<meta property=\"og:type\" content=\"article\" \/>\n<meta property=\"og:title\" content=\"BenQ GW2780 27tum sk\u00e4rm IPS HDMI\/VGA\/DP, Svart\" \/>\n<meta property=\"og:description\" content=\"BenQ GW2780 27tum sk\u00e4rm. Kombinerar de ultratunna kanterna med dolda kablar f\u00f6r ett cleant utseende. GW2780 \u00e4r formgiven f\u00f6r enkel sk\u00f6nhet\" \/>\n<meta property=\"og:url\" content=\"https:\/\/www.heddata.se\/webbutik\/produkt\/benq-gw2780-27tum-skarm\/\" \/>\n<meta property=\"og:site_name\" content=\"Datorer, Skrivare, F\u00e4rgpatroner, Mobiltelefoner\" \/>\n<meta property=\"article:modified_time\" content=\"2026-04-08T14:16:59+00:00\" \/>\n<meta property=\"og:image\" content=\"https:\/\/www.heddata.se\/webbutik\/wp-content\/uploads\/webbutik\/kategorier\/skarmar\/BenQ-GW2780-27tum-skarm-IPS-HDMI-VGA-DP-Svart-2.png\" \/>\n\t<meta property=\"og:image:width\" content=\"1152\" \/>\n\t<meta property=\"og:image:height\" content=\"1152\" \/>\n\t<meta property=\"og:image:type\" content=\"image\/png\" \/>\n<meta name=\"twitter:card\" content=\"summary_large_image\" \/>\n<script type=\"application\/ld+json\" class=\"yoast-schema-graph\">{\"@context\":\"https:\/\/schema.org\",\"@graph\":[{\"@type\":\"WebPage\",\"@id\":\"https:\/\/www.heddata.se\/webbutik\/produkt\/benq-gw2780-27tum-skarm\/\",\"url\":\"https:\/\/www.heddata.se\/webbutik\/produkt\/benq-gw2780-27tum-skarm\/\",\"name\":\"BenQ GW2780 27tum sk\u00e4rm IPS HDMI\/VGA\/DP, Svart\",\"isPartOf\":{\"@id\":\"https:\/\/www.heddata.se\/webbutik\/#website\"},\"primaryImageOfPage\":{\"@id\":\"https:\/\/www.heddata.se\/webbutik\/produkt\/benq-gw2780-27tum-skarm\/#primaryimage\"},\"image\":{\"@id\":\"https:\/\/www.heddata.se\/webbutik\/produkt\/benq-gw2780-27tum-skarm\/#primaryimage\"},\"thumbnailUrl\":\"https:\/\/www.heddata.se\/webbutik\/wp-content\/uploads\/webbutik\/kategorier\/skarmar\/BenQ-GW2780-27tum-skarm-IPS-HDMI-VGA-DP-Svart-2.png\",\"datePublished\":\"2019-11-20T08:07:11+00:00\",\"dateModified\":\"2026-04-08T14:16:59+00:00\",\"description\":\"BenQ GW2780 27tum sk\u00e4rm. Kombinerar de ultratunna kanterna med dolda kablar f\u00f6r ett cleant utseende. GW2780 \u00e4r formgiven f\u00f6r enkel sk\u00f6nhet\",\"breadcrumb\":{\"@id\":\"https:\/\/www.heddata.se\/webbutik\/produkt\/benq-gw2780-27tum-skarm\/#breadcrumb\"},\"inLanguage\":\"sv-SE\",\"potentialAction\":[{\"@type\":\"ReadAction\",\"target\":[\"https:\/\/www.heddata.se\/webbutik\/produkt\/benq-gw2780-27tum-skarm\/\"]}]},{\"@type\":\"ImageObject\",\"inLanguage\":\"sv-SE\",\"@id\":\"https:\/\/www.heddata.se\/webbutik\/produkt\/benq-gw2780-27tum-skarm\/#primaryimage\",\"url\":\"https:\/\/www.heddata.se\/webbutik\/wp-content\/uploads\/webbutik\/kategorier\/skarmar\/BenQ-GW2780-27tum-skarm-IPS-HDMI-VGA-DP-Svart-2.png\",\"contentUrl\":\"https:\/\/www.heddata.se\/webbutik\/wp-content\/uploads\/webbutik\/kategorier\/skarmar\/BenQ-GW2780-27tum-skarm-IPS-HDMI-VGA-DP-Svart-2.png\",\"width\":1152,\"height\":1152,\"caption\":\"BenQ-GW2780-27tum-skarm-IPS-HDMI-VGA-DP-Svart\"},{\"@type\":\"BreadcrumbList\",\"@id\":\"https:\/\/www.heddata.se\/webbutik\/produkt\/benq-gw2780-27tum-skarm\/#breadcrumb\",\"itemListElement\":[{\"@type\":\"ListItem\",\"position\":1,\"name\":\"Hem\",\"item\":\"https:\/\/www.heddata.se\/webbutik\/\"},{\"@type\":\"ListItem\",\"position\":2,\"name\":\"Produkter\",\"item\":\"https:\/\/www.heddata.se\/webbutik\/shop\/\"},{\"@type\":\"ListItem\",\"position\":3,\"name\":\"BenQ GW2780 27tum sk\u00e4rm IPS HDMI\/VGA\/DP, Svart\"}]},{\"@type\":\"WebSite\",\"@id\":\"https:\/\/www.heddata.se\/webbutik\/#website\",\"url\":\"https:\/\/www.heddata.se\/webbutik\/\",\"name\":\"Datorer, Skrivare, F\u00e4rgpatroner, Mobiltelefoner\",\"description\":\"Kablar\",\"publisher\":{\"@id\":\"https:\/\/www.heddata.se\/webbutik\/#organization\"},\"potentialAction\":[{\"@type\":\"SearchAction\",\"target\":{\"@type\":\"EntryPoint\",\"urlTemplate\":\"https:\/\/www.heddata.se\/webbutik\/?s={search_term_string}\"},\"query-input\":{\"@type\":\"PropertyValueSpecification\",\"valueRequired\":true,\"valueName\":\"search_term_string\"}}],\"inLanguage\":\"sv-SE\"},{\"@type\":\"Organization\",\"@id\":\"https:\/\/www.heddata.se\/webbutik\/#organization\",\"name\":\"Heddata AB\",\"url\":\"https:\/\/www.heddata.se\/webbutik\/\",\"logo\":{\"@type\":\"ImageObject\",\"inLanguage\":\"sv-SE\",\"@id\":\"https:\/\/www.heddata.se\/webbutik\/#\/schema\/logo\/image\/\",\"url\":\"https:\/\/www.heddata.se\/webbutik\/wp-content\/uploads\/logga\/heddata-ab-logga.png\",\"contentUrl\":\"https:\/\/www.heddata.se\/webbutik\/wp-content\/uploads\/logga\/heddata-ab-logga.png\",\"width\":200,\"height\":64,\"caption\":\"Heddata AB\"},\"image\":{\"@id\":\"https:\/\/www.heddata.se\/webbutik\/#\/schema\/logo\/image\/\"}}]}<\/script>\n<!-- \/ Yoast SEO Premium plugin. -->","yoast_head_json":{"title":"BenQ GW2780 27tum sk\u00e4rm IPS HDMI\/VGA\/DP, Svart","description":"BenQ GW2780 27tum sk\u00e4rm. Kombinerar de ultratunna kanterna med dolda kablar f\u00f6r ett cleant utseende. GW2780 \u00e4r formgiven f\u00f6r enkel sk\u00f6nhet","robots":{"index":"index","follow":"follow","max-snippet":"max-snippet:-1","max-image-preview":"max-image-preview:large","max-video-preview":"max-video-preview:-1"},"canonical":"https:\/\/www.heddata.se\/webbutik\/produkt\/benq-gw2780-27tum-skarm\/","og_locale":"sv_SE","og_type":"article","og_title":"BenQ GW2780 27tum sk\u00e4rm IPS HDMI\/VGA\/DP, Svart","og_description":"BenQ GW2780 27tum sk\u00e4rm. Kombinerar de ultratunna kanterna med dolda kablar f\u00f6r ett cleant utseende. GW2780 \u00e4r formgiven f\u00f6r enkel sk\u00f6nhet","og_url":"https:\/\/www.heddata.se\/webbutik\/produkt\/benq-gw2780-27tum-skarm\/","og_site_name":"Datorer, Skrivare, F\u00e4rgpatroner, Mobiltelefoner","article_modified_time":"2026-04-08T14:16:59+00:00","og_image":[{"width":1152,"height":1152,"url":"https:\/\/www.heddata.se\/webbutik\/wp-content\/uploads\/webbutik\/kategorier\/skarmar\/BenQ-GW2780-27tum-skarm-IPS-HDMI-VGA-DP-Svart-2.png","type":"image\/png"}],"twitter_card":"summary_large_image","schema":{"@context":"https:\/\/schema.org","@graph":[{"@type":"WebPage","@id":"https:\/\/www.heddata.se\/webbutik\/produkt\/benq-gw2780-27tum-skarm\/","url":"https:\/\/www.heddata.se\/webbutik\/produkt\/benq-gw2780-27tum-skarm\/","name":"BenQ GW2780 27tum sk\u00e4rm IPS HDMI\/VGA\/DP, Svart","isPartOf":{"@id":"https:\/\/www.heddata.se\/webbutik\/#website"},"primaryImageOfPage":{"@id":"https:\/\/www.heddata.se\/webbutik\/produkt\/benq-gw2780-27tum-skarm\/#primaryimage"},"image":{"@id":"https:\/\/www.heddata.se\/webbutik\/produkt\/benq-gw2780-27tum-skarm\/#primaryimage"},"thumbnailUrl":"https:\/\/www.heddata.se\/webbutik\/wp-content\/uploads\/webbutik\/kategorier\/skarmar\/BenQ-GW2780-27tum-skarm-IPS-HDMI-VGA-DP-Svart-2.png","datePublished":"2019-11-20T08:07:11+00:00","dateModified":"2026-04-08T14:16:59+00:00","description":"BenQ GW2780 27tum sk\u00e4rm. Kombinerar de ultratunna kanterna med dolda kablar f\u00f6r ett cleant utseende. GW2780 \u00e4r formgiven f\u00f6r enkel sk\u00f6nhet","breadcrumb":{"@id":"https:\/\/www.heddata.se\/webbutik\/produkt\/benq-gw2780-27tum-skarm\/#breadcrumb"},"inLanguage":"sv-SE","potentialAction":[{"@type":"ReadAction","target":["https:\/\/www.heddata.se\/webbutik\/produkt\/benq-gw2780-27tum-skarm\/"]}]},{"@type":"ImageObject","inLanguage":"sv-SE","@id":"https:\/\/www.heddata.se\/webbutik\/produkt\/benq-gw2780-27tum-skarm\/#primaryimage","url":"https:\/\/www.heddata.se\/webbutik\/wp-content\/uploads\/webbutik\/kategorier\/skarmar\/BenQ-GW2780-27tum-skarm-IPS-HDMI-VGA-DP-Svart-2.png","contentUrl":"https:\/\/www.heddata.se\/webbutik\/wp-content\/uploads\/webbutik\/kategorier\/skarmar\/BenQ-GW2780-27tum-skarm-IPS-HDMI-VGA-DP-Svart-2.png","width":1152,"height":1152,"caption":"BenQ-GW2780-27tum-skarm-IPS-HDMI-VGA-DP-Svart"},{"@type":"BreadcrumbList","@id":"https:\/\/www.heddata.se\/webbutik\/produkt\/benq-gw2780-27tum-skarm\/#breadcrumb","itemListElement":[{"@type":"ListItem","position":1,"name":"Hem","item":"https:\/\/www.heddata.se\/webbutik\/"},{"@type":"ListItem","position":2,"name":"Produkter","item":"https:\/\/www.heddata.se\/webbutik\/shop\/"},{"@type":"ListItem","position":3,"name":"BenQ GW2780 27tum sk\u00e4rm IPS HDMI\/VGA\/DP, Svart"}]},{"@type":"WebSite","@id":"https:\/\/www.heddata.se\/webbutik\/#website","url":"https:\/\/www.heddata.se\/webbutik\/","name":"Datorer, Skrivare, F\u00e4rgpatroner, Mobiltelefoner","description":"Kablar","publisher":{"@id":"https:\/\/www.heddata.se\/webbutik\/#organization"},"potentialAction":[{"@type":"SearchAction","target":{"@type":"EntryPoint","urlTemplate":"https:\/\/www.heddata.se\/webbutik\/?s={search_term_string}"},"query-input":{"@type":"PropertyValueSpecification","valueRequired":true,"valueName":"search_term_string"}}],"inLanguage":"sv-SE"},{"@type":"Organization","@id":"https:\/\/www.heddata.se\/webbutik\/#organization","name":"Heddata AB","url":"https:\/\/www.heddata.se\/webbutik\/","logo":{"@type":"ImageObject","inLanguage":"sv-SE","@id":"https:\/\/www.heddata.se\/webbutik\/#\/schema\/logo\/image\/","url":"https:\/\/www.heddata.se\/webbutik\/wp-content\/uploads\/logga\/heddata-ab-logga.png","contentUrl":"https:\/\/www.heddata.se\/webbutik\/wp-content\/uploads\/logga\/heddata-ab-logga.png","width":200,"height":64,"caption":"Heddata AB"},"image":{"@id":"https:\/\/www.heddata.se\/webbutik\/#\/schema\/logo\/image\/"}}]}},"_links":{"self":[{"href":"https:\/\/www.heddata.se\/webbutik\/wp-json\/wp\/v2\/product\/7052","targetHints":{"allow":["GET"]}}],"collection":[{"href":"https:\/\/www.heddata.se\/webbutik\/wp-json\/wp\/v2\/product"}],"about":[{"href":"https:\/\/www.heddata.se\/webbutik\/wp-json\/wp\/v2\/types\/product"}],"wp:featuredmedia":[{"embeddable":true,"href":"https:\/\/www.heddata.se\/webbutik\/wp-json\/wp\/v2\/media\/30019"}],"wp:attachment":[{"href":"https:\/\/www.heddata.se\/webbutik\/wp-json\/wp\/v2\/media?parent=7052"}],"wp:term":[{"taxonomy":"product_brand","embeddable":true,"href":"https:\/\/www.heddata.se\/webbutik\/wp-json\/wp\/v2\/product_brand?post=7052"},{"taxonomy":"product_cat","embeddable":true,"href":"https:\/\/www.heddata.se\/webbutik\/wp-json\/wp\/v2\/product_cat?post=7052"},{"taxonomy":"product_tag","embeddable":true,"href":"https:\/\/www.heddata.se\/webbutik\/wp-json\/wp\/v2\/product_tag?post=7052"}],"curies":[{"name":"wp","href":"https:\/\/api.w.org\/{rel}","templated":true}]}}