{"id":7043,"date":"2019-11-20T09:07:11","date_gmt":"2019-11-20T08:07:11","guid":{"rendered":"https:\/\/www.heddata.se\/webbutik\/?post_type=product&#038;p=7043"},"modified":"2026-04-03T18:16:33","modified_gmt":"2026-04-03T16:16:33","slug":"sms-larm-med-intern-o-extern-sensor","status":"publish","type":"product","link":"https:\/\/www.heddata.se\/webbutik\/produkt\/sms-larm-med-intern-o-extern-sensor\/","title":{"rendered":"Sms Larm med intern o extern sensor"},"content":{"rendered":"<p>Sms Larm med intern o extern sensor<\/p>\n<p>Med detta Sms Larm med sensor kan du varna f\u00f6r olika typer av gr\u00e4nsv\u00e4rden som brutits. Larm g\u00e5r d\u00e5 via SMS till din <a href=\"https:\/\/www.heddata.se\/webbutik\/telefon-surfplattor\/mobiltelefoner\/\">mobiltelefon.<\/a> Perfekt f\u00f6r temperaturkoll i fritidshuset, serverrummet, kylar och frysar och lagerrum. Nu \u00e4ven med app f\u00f6r din iPhone eller iPad f\u00f6r \u00e4nnu enklare anv\u00e4ndning. Sl\u00e5 p\u00e5 Simpal GSM i Appstore. Kommer \u00e4ven snart f\u00f6r Android ocks\u00e5.<\/p>\n<p>Ett nytt mycket prisv\u00e4rt SMS-larm med intern givare. Extern givare p\u00e5 2 m medf\u00f6ljer ocks\u00e5. Mycket l\u00e4mplig vid \u00f6vervakning av fritidshus. Den extra 2 m givaren kan anv\u00e4ndas vid exempelvis \u00f6vervakning av kylar\/frysar samt vid kontroll av temperatur p\u00e5 r\u00f6r.<\/p>\n<p>&nbsp;<\/p>\n<p>Koppla in standard SIM-kort och det \u00e4r bara att anv\u00e4nda.<\/p>\n<p>2 viktiga saker att observera:<\/p>\n<p>1) Ta bort eventuell PIN-kod p\u00e5 SIM-kortet!<\/p>\n<p>2) Anv\u00e4nd ett SIM-kort som klarar 2G &amp; 2,5G (Ej 3, Hallon, Halebop, etc). Vi rekommenderar <a href=\"https:\/\/www.telia.se\/\" target=\"_blank\" rel=\"noopener noreferrer\">Telia<\/a> eller Telenor!<\/p>\n<p>Du kan st\u00e4lla in upp till 5 anv\u00e4ndare som kan kommunicera med sms till enheten och 1 huvudanv\u00e4ndaren kan f\u00e5 larm via sms. Dessa nummer m\u00e5ste godk\u00e4nnas vilket \u00f6kar s\u00e4kerheten vid anv\u00e4ndande. Liten och smidig enhet som \u00e4r enkel att ta med sig.<\/p>\n<p><i><b>Anv\u00e4ndningsomr\u00e5den inom industri\u00a0<\/b><\/i><\/p>\n<p>Serverrum: Varning via SMS om \u00f6verhettning eller att elavbrott intr\u00e4ffar.<\/p>\n<p>Kyl\/Frysrum: Varning via SMS om Kyl\/Frysrummet blir f\u00f6r varmt eller att elavbrott intr\u00e4ffar.<\/p>\n<p>V\u00e4xthus: Varning via SMS om f\u00f6rfrysning eller att elavbrott intr\u00e4ffar.<\/p>\n<p>Lager: Varning via SMS att produkter s\u00e5som Vacciner, V\u00e4xter, LCD-paneler fryser s\u00f6nder eller att elavbrott intr\u00e4ffar.<\/p>\n<p>Pumpstationer: Varning via SMS att pumpstationer fryser s\u00f6nder eller att elavbrott intr\u00e4ffar<\/p>\n","protected":false},"excerpt":{"rendered":"<p>Sms Larm med intern o extern sensor<\/p>\n","protected":false},"featured_media":53911,"template":"","meta":[],"product_brand":[],"product_cat":[3500,198],"product_tag":[],"class_list":{"0":"post-7043","1":"product","2":"type-product","3":"status-publish","4":"has-post-thumbnail","6":"product_cat-larm-overvakning","7":"product_cat-ovrigt","9":"first","10":"outofstock","11":"taxable","12":"shipping-taxable","13":"product-type-simple"},"yoast_head":"<!-- This site is optimized with the Yoast SEO Premium plugin v26.7 (Yoast SEO v26.7) - https:\/\/yoast.com\/wordpress\/plugins\/seo\/ -->\n<title>Sms Larm med intern o extern sensor f\u00f6r temperaturkoll<\/title>\n<meta name=\"description\" content=\"Sms Larm med intern o extern sensor Perfekt f\u00f6r temperaturkoll i fritidshuset, serverrummet, kylar och frysar och lagerrum. Nu \u00e4ven med app f\u00f6r din iPhone\" \/>\n<meta name=\"robots\" content=\"index, follow, max-snippet:-1, max-image-preview:large, max-video-preview:-1\" \/>\n<link rel=\"canonical\" href=\"https:\/\/www.heddata.se\/webbutik\/produkt\/sms-larm-med-intern-o-extern-sensor\/\" \/>\n<meta property=\"og:locale\" content=\"sv_SE\" \/>\n<meta property=\"og:type\" content=\"article\" \/>\n<meta property=\"og:title\" content=\"Sms Larm med intern o extern sensor\" \/>\n<meta property=\"og:description\" content=\"Sms Larm med intern o extern sensor Perfekt f\u00f6r temperaturkoll i fritidshuset, serverrummet, kylar och frysar och lagerrum. Nu \u00e4ven med app f\u00f6r din iPhone\" \/>\n<meta property=\"og:url\" content=\"https:\/\/www.heddata.se\/webbutik\/produkt\/sms-larm-med-intern-o-extern-sensor\/\" \/>\n<meta property=\"og:site_name\" content=\"Datorer, Skrivare, F\u00e4rgpatroner, Mobiltelefoner\" \/>\n<meta property=\"article:modified_time\" content=\"2026-04-03T16:16:33+00:00\" \/>\n<meta property=\"og:image\" content=\"https:\/\/www.heddata.se\/webbutik\/wp-content\/uploads\/sms-larm-16-8770.jpg\" \/>\n\t<meta property=\"og:image:width\" content=\"500\" \/>\n\t<meta property=\"og:image:height\" content=\"500\" \/>\n\t<meta property=\"og:image:type\" content=\"image\/jpeg\" \/>\n<meta name=\"twitter:card\" content=\"summary_large_image\" \/>\n<meta name=\"twitter:label1\" content=\"Ber\u00e4knad l\u00e4stid\" \/>\n\t<meta name=\"twitter:data1\" content=\"1 minut\" \/>\n<script type=\"application\/ld+json\" class=\"yoast-schema-graph\">{\"@context\":\"https:\/\/schema.org\",\"@graph\":[{\"@type\":\"WebPage\",\"@id\":\"https:\/\/www.heddata.se\/webbutik\/produkt\/sms-larm-med-intern-o-extern-sensor\/\",\"url\":\"https:\/\/www.heddata.se\/webbutik\/produkt\/sms-larm-med-intern-o-extern-sensor\/\",\"name\":\"Sms Larm med intern o extern sensor f\u00f6r temperaturkoll\",\"isPartOf\":{\"@id\":\"https:\/\/www.heddata.se\/webbutik\/#website\"},\"primaryImageOfPage\":{\"@id\":\"https:\/\/www.heddata.se\/webbutik\/produkt\/sms-larm-med-intern-o-extern-sensor\/#primaryimage\"},\"image\":{\"@id\":\"https:\/\/www.heddata.se\/webbutik\/produkt\/sms-larm-med-intern-o-extern-sensor\/#primaryimage\"},\"thumbnailUrl\":\"https:\/\/www.heddata.se\/webbutik\/wp-content\/uploads\/sms-larm-16-8770.jpg\",\"datePublished\":\"2019-11-20T08:07:11+00:00\",\"dateModified\":\"2026-04-03T16:16:33+00:00\",\"description\":\"Sms Larm med intern o extern sensor Perfekt f\u00f6r temperaturkoll i fritidshuset, serverrummet, kylar och frysar och lagerrum. Nu \u00e4ven med app f\u00f6r din iPhone\",\"breadcrumb\":{\"@id\":\"https:\/\/www.heddata.se\/webbutik\/produkt\/sms-larm-med-intern-o-extern-sensor\/#breadcrumb\"},\"inLanguage\":\"sv-SE\",\"potentialAction\":[{\"@type\":\"ReadAction\",\"target\":[\"https:\/\/www.heddata.se\/webbutik\/produkt\/sms-larm-med-intern-o-extern-sensor\/\"]}]},{\"@type\":\"ImageObject\",\"inLanguage\":\"sv-SE\",\"@id\":\"https:\/\/www.heddata.se\/webbutik\/produkt\/sms-larm-med-intern-o-extern-sensor\/#primaryimage\",\"url\":\"https:\/\/www.heddata.se\/webbutik\/wp-content\/uploads\/sms-larm-16-8770.jpg\",\"contentUrl\":\"https:\/\/www.heddata.se\/webbutik\/wp-content\/uploads\/sms-larm-16-8770.jpg\",\"width\":500,\"height\":500,\"caption\":\"Sms Larm med sensor\"},{\"@type\":\"BreadcrumbList\",\"@id\":\"https:\/\/www.heddata.se\/webbutik\/produkt\/sms-larm-med-intern-o-extern-sensor\/#breadcrumb\",\"itemListElement\":[{\"@type\":\"ListItem\",\"position\":1,\"name\":\"Hem\",\"item\":\"https:\/\/www.heddata.se\/webbutik\/\"},{\"@type\":\"ListItem\",\"position\":2,\"name\":\"Produkter\",\"item\":\"https:\/\/www.heddata.se\/webbutik\/shop\/\"},{\"@type\":\"ListItem\",\"position\":3,\"name\":\"Sms Larm med intern o extern sensor\"}]},{\"@type\":\"WebSite\",\"@id\":\"https:\/\/www.heddata.se\/webbutik\/#website\",\"url\":\"https:\/\/www.heddata.se\/webbutik\/\",\"name\":\"Datorer, Skrivare, F\u00e4rgpatroner, Mobiltelefoner\",\"description\":\"Kablar\",\"publisher\":{\"@id\":\"https:\/\/www.heddata.se\/webbutik\/#organization\"},\"potentialAction\":[{\"@type\":\"SearchAction\",\"target\":{\"@type\":\"EntryPoint\",\"urlTemplate\":\"https:\/\/www.heddata.se\/webbutik\/?s={search_term_string}\"},\"query-input\":{\"@type\":\"PropertyValueSpecification\",\"valueRequired\":true,\"valueName\":\"search_term_string\"}}],\"inLanguage\":\"sv-SE\"},{\"@type\":\"Organization\",\"@id\":\"https:\/\/www.heddata.se\/webbutik\/#organization\",\"name\":\"Heddata AB\",\"url\":\"https:\/\/www.heddata.se\/webbutik\/\",\"logo\":{\"@type\":\"ImageObject\",\"inLanguage\":\"sv-SE\",\"@id\":\"https:\/\/www.heddata.se\/webbutik\/#\/schema\/logo\/image\/\",\"url\":\"https:\/\/www.heddata.se\/webbutik\/wp-content\/uploads\/logga\/heddata-ab-logga.png\",\"contentUrl\":\"https:\/\/www.heddata.se\/webbutik\/wp-content\/uploads\/logga\/heddata-ab-logga.png\",\"width\":200,\"height\":64,\"caption\":\"Heddata AB\"},\"image\":{\"@id\":\"https:\/\/www.heddata.se\/webbutik\/#\/schema\/logo\/image\/\"}}]}<\/script>\n<!-- \/ Yoast SEO Premium plugin. -->","yoast_head_json":{"title":"Sms Larm med intern o extern sensor f\u00f6r temperaturkoll","description":"Sms Larm med intern o extern sensor Perfekt f\u00f6r temperaturkoll i fritidshuset, serverrummet, kylar och frysar och lagerrum. Nu \u00e4ven med app f\u00f6r din iPhone","robots":{"index":"index","follow":"follow","max-snippet":"max-snippet:-1","max-image-preview":"max-image-preview:large","max-video-preview":"max-video-preview:-1"},"canonical":"https:\/\/www.heddata.se\/webbutik\/produkt\/sms-larm-med-intern-o-extern-sensor\/","og_locale":"sv_SE","og_type":"article","og_title":"Sms Larm med intern o extern sensor","og_description":"Sms Larm med intern o extern sensor Perfekt f\u00f6r temperaturkoll i fritidshuset, serverrummet, kylar och frysar och lagerrum. Nu \u00e4ven med app f\u00f6r din iPhone","og_url":"https:\/\/www.heddata.se\/webbutik\/produkt\/sms-larm-med-intern-o-extern-sensor\/","og_site_name":"Datorer, Skrivare, F\u00e4rgpatroner, Mobiltelefoner","article_modified_time":"2026-04-03T16:16:33+00:00","og_image":[{"width":500,"height":500,"url":"https:\/\/www.heddata.se\/webbutik\/wp-content\/uploads\/sms-larm-16-8770.jpg","type":"image\/jpeg"}],"twitter_card":"summary_large_image","twitter_misc":{"Ber\u00e4knad l\u00e4stid":"1 minut"},"schema":{"@context":"https:\/\/schema.org","@graph":[{"@type":"WebPage","@id":"https:\/\/www.heddata.se\/webbutik\/produkt\/sms-larm-med-intern-o-extern-sensor\/","url":"https:\/\/www.heddata.se\/webbutik\/produkt\/sms-larm-med-intern-o-extern-sensor\/","name":"Sms Larm med intern o extern sensor f\u00f6r temperaturkoll","isPartOf":{"@id":"https:\/\/www.heddata.se\/webbutik\/#website"},"primaryImageOfPage":{"@id":"https:\/\/www.heddata.se\/webbutik\/produkt\/sms-larm-med-intern-o-extern-sensor\/#primaryimage"},"image":{"@id":"https:\/\/www.heddata.se\/webbutik\/produkt\/sms-larm-med-intern-o-extern-sensor\/#primaryimage"},"thumbnailUrl":"https:\/\/www.heddata.se\/webbutik\/wp-content\/uploads\/sms-larm-16-8770.jpg","datePublished":"2019-11-20T08:07:11+00:00","dateModified":"2026-04-03T16:16:33+00:00","description":"Sms Larm med intern o extern sensor Perfekt f\u00f6r temperaturkoll i fritidshuset, serverrummet, kylar och frysar och lagerrum. Nu \u00e4ven med app f\u00f6r din iPhone","breadcrumb":{"@id":"https:\/\/www.heddata.se\/webbutik\/produkt\/sms-larm-med-intern-o-extern-sensor\/#breadcrumb"},"inLanguage":"sv-SE","potentialAction":[{"@type":"ReadAction","target":["https:\/\/www.heddata.se\/webbutik\/produkt\/sms-larm-med-intern-o-extern-sensor\/"]}]},{"@type":"ImageObject","inLanguage":"sv-SE","@id":"https:\/\/www.heddata.se\/webbutik\/produkt\/sms-larm-med-intern-o-extern-sensor\/#primaryimage","url":"https:\/\/www.heddata.se\/webbutik\/wp-content\/uploads\/sms-larm-16-8770.jpg","contentUrl":"https:\/\/www.heddata.se\/webbutik\/wp-content\/uploads\/sms-larm-16-8770.jpg","width":500,"height":500,"caption":"Sms Larm med sensor"},{"@type":"BreadcrumbList","@id":"https:\/\/www.heddata.se\/webbutik\/produkt\/sms-larm-med-intern-o-extern-sensor\/#breadcrumb","itemListElement":[{"@type":"ListItem","position":1,"name":"Hem","item":"https:\/\/www.heddata.se\/webbutik\/"},{"@type":"ListItem","position":2,"name":"Produkter","item":"https:\/\/www.heddata.se\/webbutik\/shop\/"},{"@type":"ListItem","position":3,"name":"Sms Larm med intern o extern sensor"}]},{"@type":"WebSite","@id":"https:\/\/www.heddata.se\/webbutik\/#website","url":"https:\/\/www.heddata.se\/webbutik\/","name":"Datorer, Skrivare, F\u00e4rgpatroner, Mobiltelefoner","description":"Kablar","publisher":{"@id":"https:\/\/www.heddata.se\/webbutik\/#organization"},"potentialAction":[{"@type":"SearchAction","target":{"@type":"EntryPoint","urlTemplate":"https:\/\/www.heddata.se\/webbutik\/?s={search_term_string}"},"query-input":{"@type":"PropertyValueSpecification","valueRequired":true,"valueName":"search_term_string"}}],"inLanguage":"sv-SE"},{"@type":"Organization","@id":"https:\/\/www.heddata.se\/webbutik\/#organization","name":"Heddata AB","url":"https:\/\/www.heddata.se\/webbutik\/","logo":{"@type":"ImageObject","inLanguage":"sv-SE","@id":"https:\/\/www.heddata.se\/webbutik\/#\/schema\/logo\/image\/","url":"https:\/\/www.heddata.se\/webbutik\/wp-content\/uploads\/logga\/heddata-ab-logga.png","contentUrl":"https:\/\/www.heddata.se\/webbutik\/wp-content\/uploads\/logga\/heddata-ab-logga.png","width":200,"height":64,"caption":"Heddata AB"},"image":{"@id":"https:\/\/www.heddata.se\/webbutik\/#\/schema\/logo\/image\/"}}]}},"_links":{"self":[{"href":"https:\/\/www.heddata.se\/webbutik\/wp-json\/wp\/v2\/product\/7043","targetHints":{"allow":["GET"]}}],"collection":[{"href":"https:\/\/www.heddata.se\/webbutik\/wp-json\/wp\/v2\/product"}],"about":[{"href":"https:\/\/www.heddata.se\/webbutik\/wp-json\/wp\/v2\/types\/product"}],"wp:featuredmedia":[{"embeddable":true,"href":"https:\/\/www.heddata.se\/webbutik\/wp-json\/wp\/v2\/media\/53911"}],"wp:attachment":[{"href":"https:\/\/www.heddata.se\/webbutik\/wp-json\/wp\/v2\/media?parent=7043"}],"wp:term":[{"taxonomy":"product_brand","embeddable":true,"href":"https:\/\/www.heddata.se\/webbutik\/wp-json\/wp\/v2\/product_brand?post=7043"},{"taxonomy":"product_cat","embeddable":true,"href":"https:\/\/www.heddata.se\/webbutik\/wp-json\/wp\/v2\/product_cat?post=7043"},{"taxonomy":"product_tag","embeddable":true,"href":"https:\/\/www.heddata.se\/webbutik\/wp-json\/wp\/v2\/product_tag?post=7043"}],"curies":[{"name":"wp","href":"https:\/\/api.w.org\/{rel}","templated":true}]}}