{"id":7036,"date":"2019-11-20T09:07:08","date_gmt":"2019-11-20T08:07:08","guid":{"rendered":"https:\/\/www.heddata.se\/webbutik\/?post_type=product&#038;p=7036"},"modified":"2026-04-09T12:10:09","modified_gmt":"2026-04-09T10:10:09","slug":"etikett-herma-premium-70x37mm","status":"publish","type":"product","link":"https:\/\/www.heddata.se\/webbutik\/produkt\/etikett-herma-premium-70x37mm\/","title":{"rendered":"Etikett HERMA Premium 70x37mm"},"content":{"rendered":"<p><b>Etikett HERMA Premium. M\u00e4rk det du vill p\u00e5 <a href=\"https:\/\/www.heddata.se\/webbutik\/kontorstillbehor\/\">kontoret<\/a> eller hemma med extra starka Premium-etiketter med h\u00f6g vithetsgrad fr\u00e5n Herma.<\/b><\/p>\n<p>De h\u00e4r allroundetiketterna fr\u00e5n Herma \u00e4r extra starka med permanent sj\u00e4lvh\u00e4ftande lim. Etiketterna \u00e4r tillverkade s\u00e5 att de ligger plant vid utskrift, vilket s\u00e4kerst\u00e4ller att de inte fastnar i skrivaren vid utskrift av stora eller sm\u00e5 volymer. Inga klisteravlagringar tack vare den helt\u00e4ckande skyddskanten. De h\u00e4r etiketterna fr\u00e5n Herma ger mycket snabb, tillf\u00f6rlitlig vidh\u00e4ftning \u00e4ven p\u00e5 svala, fuktiga ytor.<\/p>\n<p>&nbsp;<\/p>\n<ul>\n<li>Permanenta etiketter<\/li>\n<li>Kompatibla med laserskrivare, bl\u00e4ckstr\u00e5leskrivare och kopiatorer<\/li>\n<li>H\u00f6g vithet och j\u00e4mn yta<\/li>\n<li>Tjockare, extra starka etiketter som \u00e4r enkla att f\u00e4sta<\/li>\n<li>Milj\u00f6v\u00e4nligare produkt<\/li>\n<li>H\u00f6gkvalitativt, klorfritt blekt papper<\/li>\n<li>Anv\u00e4nder klister utan l\u00f6sningsmedel<\/li>\n<li>Certifieringar: PEFC, T\u00dcV S\u00dcD<\/li>\n<li>Pappersformat: A4<\/li>\n<li>M\u00e5tt: 70 x 37 mm<\/li>\n<li>F\u00e4rg: Vit<\/li>\n<li>Antal: 600 etiketter, 24 x 25 ark Etikett HERMA Premium<\/li>\n<\/ul>\n<p>&nbsp;<\/p>\n","protected":false},"excerpt":{"rendered":"<p>Etikett HERMA Premium<\/p>\n","protected":false},"featured_media":13394,"template":"","meta":[],"product_brand":[],"product_cat":[68],"product_tag":[],"class_list":{"0":"post-7036","1":"product","2":"type-product","3":"status-publish","4":"has-post-thumbnail","6":"product_cat-kontorstillbehor","8":"first","9":"instock","10":"taxable","11":"shipping-taxable","12":"purchasable","13":"product-type-simple"},"yoast_head":"<!-- This site is optimized with the Yoast SEO Premium plugin v26.7 (Yoast SEO v26.7) - https:\/\/yoast.com\/wordpress\/plugins\/seo\/ -->\n<title>Etikett HERMA Premium 70x37mm<\/title>\n<meta name=\"description\" content=\"Etikett HERMA Premium. M\u00e4rk det du vill p\u00e5 kontoret eller hemma med extra starka Premium-etiketter med h\u00f6g vithetsgrad fr\u00e5n Herma.\" \/>\n<meta name=\"robots\" content=\"index, follow, max-snippet:-1, max-image-preview:large, max-video-preview:-1\" \/>\n<link rel=\"canonical\" href=\"https:\/\/www.heddata.se\/webbutik\/produkt\/etikett-herma-premium-70x37mm\/\" \/>\n<meta property=\"og:locale\" content=\"sv_SE\" \/>\n<meta property=\"og:type\" content=\"article\" \/>\n<meta property=\"og:title\" content=\"Etikett HERMA Premium 70x37mm\" \/>\n<meta property=\"og:description\" content=\"Etikett HERMA Premium. M\u00e4rk det du vill p\u00e5 kontoret eller hemma med extra starka Premium-etiketter med h\u00f6g vithetsgrad fr\u00e5n Herma.\" \/>\n<meta property=\"og:url\" content=\"https:\/\/www.heddata.se\/webbutik\/produkt\/etikett-herma-premium-70x37mm\/\" \/>\n<meta property=\"og:site_name\" content=\"Datorer, Skrivare, F\u00e4rgpatroner, Mobiltelefoner\" \/>\n<meta property=\"article:modified_time\" content=\"2026-04-09T10:10:09+00:00\" \/>\n<meta property=\"og:image\" content=\"https:\/\/www.heddata.se\/webbutik\/wp-content\/uploads\/webbutik\/kategorier\/Kontorstillbehor\/Etikett-HERMA-Premium70x37mm-119683.jpg\" \/>\n\t<meta property=\"og:image:width\" content=\"640\" \/>\n\t<meta property=\"og:image:height\" content=\"480\" \/>\n\t<meta property=\"og:image:type\" content=\"image\/jpeg\" \/>\n<meta name=\"twitter:card\" content=\"summary_large_image\" \/>\n<meta name=\"twitter:label1\" content=\"Ber\u00e4knad l\u00e4stid\" \/>\n\t<meta name=\"twitter:data1\" content=\"1 minut\" \/>\n<script type=\"application\/ld+json\" class=\"yoast-schema-graph\">{\"@context\":\"https:\/\/schema.org\",\"@graph\":[{\"@type\":\"WebPage\",\"@id\":\"https:\/\/www.heddata.se\/webbutik\/produkt\/etikett-herma-premium-70x37mm\/\",\"url\":\"https:\/\/www.heddata.se\/webbutik\/produkt\/etikett-herma-premium-70x37mm\/\",\"name\":\"Etikett HERMA Premium 70x37mm\",\"isPartOf\":{\"@id\":\"https:\/\/www.heddata.se\/webbutik\/#website\"},\"primaryImageOfPage\":{\"@id\":\"https:\/\/www.heddata.se\/webbutik\/produkt\/etikett-herma-premium-70x37mm\/#primaryimage\"},\"image\":{\"@id\":\"https:\/\/www.heddata.se\/webbutik\/produkt\/etikett-herma-premium-70x37mm\/#primaryimage\"},\"thumbnailUrl\":\"https:\/\/www.heddata.se\/webbutik\/wp-content\/uploads\/webbutik\/kategorier\/Kontorstillbehor\/Etikett-HERMA-Premium70x37mm-119683.jpg\",\"datePublished\":\"2019-11-20T08:07:08+00:00\",\"dateModified\":\"2026-04-09T10:10:09+00:00\",\"description\":\"Etikett HERMA Premium. M\u00e4rk det du vill p\u00e5 kontoret eller hemma med extra starka Premium-etiketter med h\u00f6g vithetsgrad fr\u00e5n Herma.\",\"breadcrumb\":{\"@id\":\"https:\/\/www.heddata.se\/webbutik\/produkt\/etikett-herma-premium-70x37mm\/#breadcrumb\"},\"inLanguage\":\"sv-SE\",\"potentialAction\":[{\"@type\":\"ReadAction\",\"target\":[\"https:\/\/www.heddata.se\/webbutik\/produkt\/etikett-herma-premium-70x37mm\/\"]}]},{\"@type\":\"ImageObject\",\"inLanguage\":\"sv-SE\",\"@id\":\"https:\/\/www.heddata.se\/webbutik\/produkt\/etikett-herma-premium-70x37mm\/#primaryimage\",\"url\":\"https:\/\/www.heddata.se\/webbutik\/wp-content\/uploads\/webbutik\/kategorier\/Kontorstillbehor\/Etikett-HERMA-Premium70x37mm-119683.jpg\",\"contentUrl\":\"https:\/\/www.heddata.se\/webbutik\/wp-content\/uploads\/webbutik\/kategorier\/Kontorstillbehor\/Etikett-HERMA-Premium70x37mm-119683.jpg\",\"width\":640,\"height\":480,\"caption\":\"Etikett HERMA Premium 70x37mm\"},{\"@type\":\"BreadcrumbList\",\"@id\":\"https:\/\/www.heddata.se\/webbutik\/produkt\/etikett-herma-premium-70x37mm\/#breadcrumb\",\"itemListElement\":[{\"@type\":\"ListItem\",\"position\":1,\"name\":\"Hem\",\"item\":\"https:\/\/www.heddata.se\/webbutik\/\"},{\"@type\":\"ListItem\",\"position\":2,\"name\":\"Produkter\",\"item\":\"https:\/\/www.heddata.se\/webbutik\/shop\/\"},{\"@type\":\"ListItem\",\"position\":3,\"name\":\"Etikett HERMA Premium 70x37mm\"}]},{\"@type\":\"WebSite\",\"@id\":\"https:\/\/www.heddata.se\/webbutik\/#website\",\"url\":\"https:\/\/www.heddata.se\/webbutik\/\",\"name\":\"Datorer, Skrivare, F\u00e4rgpatroner, Mobiltelefoner\",\"description\":\"Kablar\",\"publisher\":{\"@id\":\"https:\/\/www.heddata.se\/webbutik\/#organization\"},\"potentialAction\":[{\"@type\":\"SearchAction\",\"target\":{\"@type\":\"EntryPoint\",\"urlTemplate\":\"https:\/\/www.heddata.se\/webbutik\/?s={search_term_string}\"},\"query-input\":{\"@type\":\"PropertyValueSpecification\",\"valueRequired\":true,\"valueName\":\"search_term_string\"}}],\"inLanguage\":\"sv-SE\"},{\"@type\":\"Organization\",\"@id\":\"https:\/\/www.heddata.se\/webbutik\/#organization\",\"name\":\"Heddata AB\",\"url\":\"https:\/\/www.heddata.se\/webbutik\/\",\"logo\":{\"@type\":\"ImageObject\",\"inLanguage\":\"sv-SE\",\"@id\":\"https:\/\/www.heddata.se\/webbutik\/#\/schema\/logo\/image\/\",\"url\":\"https:\/\/www.heddata.se\/webbutik\/wp-content\/uploads\/logga\/heddata-ab-logga.png\",\"contentUrl\":\"https:\/\/www.heddata.se\/webbutik\/wp-content\/uploads\/logga\/heddata-ab-logga.png\",\"width\":200,\"height\":64,\"caption\":\"Heddata AB\"},\"image\":{\"@id\":\"https:\/\/www.heddata.se\/webbutik\/#\/schema\/logo\/image\/\"}}]}<\/script>\n<!-- \/ Yoast SEO Premium plugin. -->","yoast_head_json":{"title":"Etikett HERMA Premium 70x37mm","description":"Etikett HERMA Premium. M\u00e4rk det du vill p\u00e5 kontoret eller hemma med extra starka Premium-etiketter med h\u00f6g vithetsgrad fr\u00e5n Herma.","robots":{"index":"index","follow":"follow","max-snippet":"max-snippet:-1","max-image-preview":"max-image-preview:large","max-video-preview":"max-video-preview:-1"},"canonical":"https:\/\/www.heddata.se\/webbutik\/produkt\/etikett-herma-premium-70x37mm\/","og_locale":"sv_SE","og_type":"article","og_title":"Etikett HERMA Premium 70x37mm","og_description":"Etikett HERMA Premium. M\u00e4rk det du vill p\u00e5 kontoret eller hemma med extra starka Premium-etiketter med h\u00f6g vithetsgrad fr\u00e5n Herma.","og_url":"https:\/\/www.heddata.se\/webbutik\/produkt\/etikett-herma-premium-70x37mm\/","og_site_name":"Datorer, Skrivare, F\u00e4rgpatroner, Mobiltelefoner","article_modified_time":"2026-04-09T10:10:09+00:00","og_image":[{"width":640,"height":480,"url":"https:\/\/www.heddata.se\/webbutik\/wp-content\/uploads\/webbutik\/kategorier\/Kontorstillbehor\/Etikett-HERMA-Premium70x37mm-119683.jpg","type":"image\/jpeg"}],"twitter_card":"summary_large_image","twitter_misc":{"Ber\u00e4knad l\u00e4stid":"1 minut"},"schema":{"@context":"https:\/\/schema.org","@graph":[{"@type":"WebPage","@id":"https:\/\/www.heddata.se\/webbutik\/produkt\/etikett-herma-premium-70x37mm\/","url":"https:\/\/www.heddata.se\/webbutik\/produkt\/etikett-herma-premium-70x37mm\/","name":"Etikett HERMA Premium 70x37mm","isPartOf":{"@id":"https:\/\/www.heddata.se\/webbutik\/#website"},"primaryImageOfPage":{"@id":"https:\/\/www.heddata.se\/webbutik\/produkt\/etikett-herma-premium-70x37mm\/#primaryimage"},"image":{"@id":"https:\/\/www.heddata.se\/webbutik\/produkt\/etikett-herma-premium-70x37mm\/#primaryimage"},"thumbnailUrl":"https:\/\/www.heddata.se\/webbutik\/wp-content\/uploads\/webbutik\/kategorier\/Kontorstillbehor\/Etikett-HERMA-Premium70x37mm-119683.jpg","datePublished":"2019-11-20T08:07:08+00:00","dateModified":"2026-04-09T10:10:09+00:00","description":"Etikett HERMA Premium. M\u00e4rk det du vill p\u00e5 kontoret eller hemma med extra starka Premium-etiketter med h\u00f6g vithetsgrad fr\u00e5n Herma.","breadcrumb":{"@id":"https:\/\/www.heddata.se\/webbutik\/produkt\/etikett-herma-premium-70x37mm\/#breadcrumb"},"inLanguage":"sv-SE","potentialAction":[{"@type":"ReadAction","target":["https:\/\/www.heddata.se\/webbutik\/produkt\/etikett-herma-premium-70x37mm\/"]}]},{"@type":"ImageObject","inLanguage":"sv-SE","@id":"https:\/\/www.heddata.se\/webbutik\/produkt\/etikett-herma-premium-70x37mm\/#primaryimage","url":"https:\/\/www.heddata.se\/webbutik\/wp-content\/uploads\/webbutik\/kategorier\/Kontorstillbehor\/Etikett-HERMA-Premium70x37mm-119683.jpg","contentUrl":"https:\/\/www.heddata.se\/webbutik\/wp-content\/uploads\/webbutik\/kategorier\/Kontorstillbehor\/Etikett-HERMA-Premium70x37mm-119683.jpg","width":640,"height":480,"caption":"Etikett HERMA Premium 70x37mm"},{"@type":"BreadcrumbList","@id":"https:\/\/www.heddata.se\/webbutik\/produkt\/etikett-herma-premium-70x37mm\/#breadcrumb","itemListElement":[{"@type":"ListItem","position":1,"name":"Hem","item":"https:\/\/www.heddata.se\/webbutik\/"},{"@type":"ListItem","position":2,"name":"Produkter","item":"https:\/\/www.heddata.se\/webbutik\/shop\/"},{"@type":"ListItem","position":3,"name":"Etikett HERMA Premium 70x37mm"}]},{"@type":"WebSite","@id":"https:\/\/www.heddata.se\/webbutik\/#website","url":"https:\/\/www.heddata.se\/webbutik\/","name":"Datorer, Skrivare, F\u00e4rgpatroner, Mobiltelefoner","description":"Kablar","publisher":{"@id":"https:\/\/www.heddata.se\/webbutik\/#organization"},"potentialAction":[{"@type":"SearchAction","target":{"@type":"EntryPoint","urlTemplate":"https:\/\/www.heddata.se\/webbutik\/?s={search_term_string}"},"query-input":{"@type":"PropertyValueSpecification","valueRequired":true,"valueName":"search_term_string"}}],"inLanguage":"sv-SE"},{"@type":"Organization","@id":"https:\/\/www.heddata.se\/webbutik\/#organization","name":"Heddata AB","url":"https:\/\/www.heddata.se\/webbutik\/","logo":{"@type":"ImageObject","inLanguage":"sv-SE","@id":"https:\/\/www.heddata.se\/webbutik\/#\/schema\/logo\/image\/","url":"https:\/\/www.heddata.se\/webbutik\/wp-content\/uploads\/logga\/heddata-ab-logga.png","contentUrl":"https:\/\/www.heddata.se\/webbutik\/wp-content\/uploads\/logga\/heddata-ab-logga.png","width":200,"height":64,"caption":"Heddata AB"},"image":{"@id":"https:\/\/www.heddata.se\/webbutik\/#\/schema\/logo\/image\/"}}]}},"_links":{"self":[{"href":"https:\/\/www.heddata.se\/webbutik\/wp-json\/wp\/v2\/product\/7036","targetHints":{"allow":["GET"]}}],"collection":[{"href":"https:\/\/www.heddata.se\/webbutik\/wp-json\/wp\/v2\/product"}],"about":[{"href":"https:\/\/www.heddata.se\/webbutik\/wp-json\/wp\/v2\/types\/product"}],"wp:featuredmedia":[{"embeddable":true,"href":"https:\/\/www.heddata.se\/webbutik\/wp-json\/wp\/v2\/media\/13394"}],"wp:attachment":[{"href":"https:\/\/www.heddata.se\/webbutik\/wp-json\/wp\/v2\/media?parent=7036"}],"wp:term":[{"taxonomy":"product_brand","embeddable":true,"href":"https:\/\/www.heddata.se\/webbutik\/wp-json\/wp\/v2\/product_brand?post=7036"},{"taxonomy":"product_cat","embeddable":true,"href":"https:\/\/www.heddata.se\/webbutik\/wp-json\/wp\/v2\/product_cat?post=7036"},{"taxonomy":"product_tag","embeddable":true,"href":"https:\/\/www.heddata.se\/webbutik\/wp-json\/wp\/v2\/product_tag?post=7036"}],"curies":[{"name":"wp","href":"https:\/\/api.w.org\/{rel}","templated":true}]}}