{"id":7032,"date":"2019-11-20T09:07:08","date_gmt":"2019-11-20T08:07:08","guid":{"rendered":"https:\/\/www.heddata.se\/webbutik\/?post_type=product&#038;p=7032"},"modified":"2026-04-15T18:10:08","modified_gmt":"2026-04-15T16:10:08","slug":"thermorulle-80mmx80m-5580-7010-3-pack","status":"publish","type":"product","link":"https:\/\/www.heddata.se\/webbutik\/produkt\/thermorulle-80mmx80m-5580-7010-3-pack\/","title":{"rendered":"Thermorulle 80mmx80m 5580-7010 3-pack"},"content":{"rendered":"<p>Thermorulle 80mmx80m fr\u00e5n <a href=\"https:\/\/www.staples.se\/\" target=\"_blank\" rel=\"noopener noreferrer\">staples.<\/a><\/p>\n<ul>\n<li class=\"txtDesc oddRow\">Thermorulle. Bisfenolfri och Fenolfri. Arkivbest\u00e4ndighet 10 \u00e5r.<\/li>\n<li class=\"txtDesc  \">M\u00e5tt: 80 x 80 mm<\/li>\n<li class=\"txtDesc oddRow\">L\u00e4ngd: 80 m<\/li>\n<li class=\"txtDesc  \">K\u00e4rna: 12 mm<\/li>\n<\/ul>\n","protected":false},"excerpt":{"rendered":"<p>Thermorulle 80mmx80m<\/p>\n","protected":false},"featured_media":10157,"template":"","meta":[],"product_brand":[],"product_cat":[68],"product_tag":[],"class_list":{"0":"post-7032","1":"product","2":"type-product","3":"status-publish","4":"has-post-thumbnail","6":"product_cat-kontorstillbehor","8":"first","9":"instock","10":"taxable","11":"shipping-taxable","12":"purchasable","13":"product-type-simple"},"yoast_head":"<!-- This site is optimized with the Yoast SEO Premium plugin v26.7 (Yoast SEO v26.7) - https:\/\/yoast.com\/wordpress\/plugins\/seo\/ -->\n<title>Thermorulle 80mmx80m 5580-7010 3-pack - 106554<\/title>\n<meta name=\"description\" content=\"Thermorulle 80mmx80m. Bisfenolfri och Fenolfri. Arkivbest\u00e4ndighet 10 \u00e5r.M\u00e5tt: 80 x 80 mmL\u00e4ngd: 80 mK\u00e4rna: 12 mm - Kvittorulle\" \/>\n<meta name=\"robots\" content=\"index, follow, max-snippet:-1, max-image-preview:large, max-video-preview:-1\" \/>\n<link rel=\"canonical\" href=\"https:\/\/www.heddata.se\/webbutik\/produkt\/thermorulle-80mmx80m-5580-7010-3-pack\/\" \/>\n<meta property=\"og:locale\" content=\"sv_SE\" \/>\n<meta property=\"og:type\" content=\"article\" \/>\n<meta property=\"og:title\" content=\"Thermorulle 80mmx80m 5580-7010 3-pack\" \/>\n<meta property=\"og:description\" content=\"Thermorulle 80mmx80m. Bisfenolfri och Fenolfri. Arkivbest\u00e4ndighet 10 \u00e5r.M\u00e5tt: 80 x 80 mmL\u00e4ngd: 80 mK\u00e4rna: 12 mm - Kvittorulle\" \/>\n<meta property=\"og:url\" content=\"https:\/\/www.heddata.se\/webbutik\/produkt\/thermorulle-80mmx80m-5580-7010-3-pack\/\" \/>\n<meta property=\"og:site_name\" content=\"Datorer, Skrivare, F\u00e4rgpatroner, Mobiltelefoner\" \/>\n<meta property=\"article:modified_time\" content=\"2026-04-15T16:10:08+00:00\" \/>\n<meta property=\"og:image\" content=\"https:\/\/www.heddata.se\/webbutik\/wp-content\/uploads\/webbutik\/kategorier\/Kontorstillbehor\/Thermorulle-80mmx80m-5580-7010-3-pack.jpg\" \/>\n\t<meta property=\"og:image:width\" content=\"1000\" \/>\n\t<meta property=\"og:image:height\" content=\"1000\" \/>\n\t<meta property=\"og:image:type\" content=\"image\/jpeg\" \/>\n<meta name=\"twitter:card\" content=\"summary_large_image\" \/>\n<script type=\"application\/ld+json\" class=\"yoast-schema-graph\">{\"@context\":\"https:\/\/schema.org\",\"@graph\":[{\"@type\":\"WebPage\",\"@id\":\"https:\/\/www.heddata.se\/webbutik\/produkt\/thermorulle-80mmx80m-5580-7010-3-pack\/\",\"url\":\"https:\/\/www.heddata.se\/webbutik\/produkt\/thermorulle-80mmx80m-5580-7010-3-pack\/\",\"name\":\"Thermorulle 80mmx80m 5580-7010 3-pack - 106554\",\"isPartOf\":{\"@id\":\"https:\/\/www.heddata.se\/webbutik\/#website\"},\"primaryImageOfPage\":{\"@id\":\"https:\/\/www.heddata.se\/webbutik\/produkt\/thermorulle-80mmx80m-5580-7010-3-pack\/#primaryimage\"},\"image\":{\"@id\":\"https:\/\/www.heddata.se\/webbutik\/produkt\/thermorulle-80mmx80m-5580-7010-3-pack\/#primaryimage\"},\"thumbnailUrl\":\"https:\/\/www.heddata.se\/webbutik\/wp-content\/uploads\/webbutik\/kategorier\/Kontorstillbehor\/Thermorulle-80mmx80m-5580-7010-3-pack.jpg\",\"datePublished\":\"2019-11-20T08:07:08+00:00\",\"dateModified\":\"2026-04-15T16:10:08+00:00\",\"description\":\"Thermorulle 80mmx80m. Bisfenolfri och Fenolfri. Arkivbest\u00e4ndighet 10 \u00e5r.M\u00e5tt: 80 x 80 mmL\u00e4ngd: 80 mK\u00e4rna: 12 mm - Kvittorulle\",\"breadcrumb\":{\"@id\":\"https:\/\/www.heddata.se\/webbutik\/produkt\/thermorulle-80mmx80m-5580-7010-3-pack\/#breadcrumb\"},\"inLanguage\":\"sv-SE\",\"potentialAction\":[{\"@type\":\"ReadAction\",\"target\":[\"https:\/\/www.heddata.se\/webbutik\/produkt\/thermorulle-80mmx80m-5580-7010-3-pack\/\"]}]},{\"@type\":\"ImageObject\",\"inLanguage\":\"sv-SE\",\"@id\":\"https:\/\/www.heddata.se\/webbutik\/produkt\/thermorulle-80mmx80m-5580-7010-3-pack\/#primaryimage\",\"url\":\"https:\/\/www.heddata.se\/webbutik\/wp-content\/uploads\/webbutik\/kategorier\/Kontorstillbehor\/Thermorulle-80mmx80m-5580-7010-3-pack.jpg\",\"contentUrl\":\"https:\/\/www.heddata.se\/webbutik\/wp-content\/uploads\/webbutik\/kategorier\/Kontorstillbehor\/Thermorulle-80mmx80m-5580-7010-3-pack.jpg\",\"width\":1000,\"height\":1000,\"caption\":\"Thermorulle 80mmx80m 5580-7010 3-pack\"},{\"@type\":\"BreadcrumbList\",\"@id\":\"https:\/\/www.heddata.se\/webbutik\/produkt\/thermorulle-80mmx80m-5580-7010-3-pack\/#breadcrumb\",\"itemListElement\":[{\"@type\":\"ListItem\",\"position\":1,\"name\":\"Hem\",\"item\":\"https:\/\/www.heddata.se\/webbutik\/\"},{\"@type\":\"ListItem\",\"position\":2,\"name\":\"Produkter\",\"item\":\"https:\/\/www.heddata.se\/webbutik\/shop\/\"},{\"@type\":\"ListItem\",\"position\":3,\"name\":\"Thermorulle 80mmx80m 5580-7010 3-pack\"}]},{\"@type\":\"WebSite\",\"@id\":\"https:\/\/www.heddata.se\/webbutik\/#website\",\"url\":\"https:\/\/www.heddata.se\/webbutik\/\",\"name\":\"Datorer, Skrivare, F\u00e4rgpatroner, Mobiltelefoner\",\"description\":\"Kablar\",\"publisher\":{\"@id\":\"https:\/\/www.heddata.se\/webbutik\/#organization\"},\"potentialAction\":[{\"@type\":\"SearchAction\",\"target\":{\"@type\":\"EntryPoint\",\"urlTemplate\":\"https:\/\/www.heddata.se\/webbutik\/?s={search_term_string}\"},\"query-input\":{\"@type\":\"PropertyValueSpecification\",\"valueRequired\":true,\"valueName\":\"search_term_string\"}}],\"inLanguage\":\"sv-SE\"},{\"@type\":\"Organization\",\"@id\":\"https:\/\/www.heddata.se\/webbutik\/#organization\",\"name\":\"Heddata AB\",\"url\":\"https:\/\/www.heddata.se\/webbutik\/\",\"logo\":{\"@type\":\"ImageObject\",\"inLanguage\":\"sv-SE\",\"@id\":\"https:\/\/www.heddata.se\/webbutik\/#\/schema\/logo\/image\/\",\"url\":\"https:\/\/www.heddata.se\/webbutik\/wp-content\/uploads\/logga\/heddata-ab-logga.png\",\"contentUrl\":\"https:\/\/www.heddata.se\/webbutik\/wp-content\/uploads\/logga\/heddata-ab-logga.png\",\"width\":200,\"height\":64,\"caption\":\"Heddata AB\"},\"image\":{\"@id\":\"https:\/\/www.heddata.se\/webbutik\/#\/schema\/logo\/image\/\"}}]}<\/script>\n<!-- \/ Yoast SEO Premium plugin. -->","yoast_head_json":{"title":"Thermorulle 80mmx80m 5580-7010 3-pack - 106554","description":"Thermorulle 80mmx80m. Bisfenolfri och Fenolfri. Arkivbest\u00e4ndighet 10 \u00e5r.M\u00e5tt: 80 x 80 mmL\u00e4ngd: 80 mK\u00e4rna: 12 mm - Kvittorulle","robots":{"index":"index","follow":"follow","max-snippet":"max-snippet:-1","max-image-preview":"max-image-preview:large","max-video-preview":"max-video-preview:-1"},"canonical":"https:\/\/www.heddata.se\/webbutik\/produkt\/thermorulle-80mmx80m-5580-7010-3-pack\/","og_locale":"sv_SE","og_type":"article","og_title":"Thermorulle 80mmx80m 5580-7010 3-pack","og_description":"Thermorulle 80mmx80m. Bisfenolfri och Fenolfri. Arkivbest\u00e4ndighet 10 \u00e5r.M\u00e5tt: 80 x 80 mmL\u00e4ngd: 80 mK\u00e4rna: 12 mm - Kvittorulle","og_url":"https:\/\/www.heddata.se\/webbutik\/produkt\/thermorulle-80mmx80m-5580-7010-3-pack\/","og_site_name":"Datorer, Skrivare, F\u00e4rgpatroner, Mobiltelefoner","article_modified_time":"2026-04-15T16:10:08+00:00","og_image":[{"width":1000,"height":1000,"url":"https:\/\/www.heddata.se\/webbutik\/wp-content\/uploads\/webbutik\/kategorier\/Kontorstillbehor\/Thermorulle-80mmx80m-5580-7010-3-pack.jpg","type":"image\/jpeg"}],"twitter_card":"summary_large_image","schema":{"@context":"https:\/\/schema.org","@graph":[{"@type":"WebPage","@id":"https:\/\/www.heddata.se\/webbutik\/produkt\/thermorulle-80mmx80m-5580-7010-3-pack\/","url":"https:\/\/www.heddata.se\/webbutik\/produkt\/thermorulle-80mmx80m-5580-7010-3-pack\/","name":"Thermorulle 80mmx80m 5580-7010 3-pack - 106554","isPartOf":{"@id":"https:\/\/www.heddata.se\/webbutik\/#website"},"primaryImageOfPage":{"@id":"https:\/\/www.heddata.se\/webbutik\/produkt\/thermorulle-80mmx80m-5580-7010-3-pack\/#primaryimage"},"image":{"@id":"https:\/\/www.heddata.se\/webbutik\/produkt\/thermorulle-80mmx80m-5580-7010-3-pack\/#primaryimage"},"thumbnailUrl":"https:\/\/www.heddata.se\/webbutik\/wp-content\/uploads\/webbutik\/kategorier\/Kontorstillbehor\/Thermorulle-80mmx80m-5580-7010-3-pack.jpg","datePublished":"2019-11-20T08:07:08+00:00","dateModified":"2026-04-15T16:10:08+00:00","description":"Thermorulle 80mmx80m. Bisfenolfri och Fenolfri. Arkivbest\u00e4ndighet 10 \u00e5r.M\u00e5tt: 80 x 80 mmL\u00e4ngd: 80 mK\u00e4rna: 12 mm - Kvittorulle","breadcrumb":{"@id":"https:\/\/www.heddata.se\/webbutik\/produkt\/thermorulle-80mmx80m-5580-7010-3-pack\/#breadcrumb"},"inLanguage":"sv-SE","potentialAction":[{"@type":"ReadAction","target":["https:\/\/www.heddata.se\/webbutik\/produkt\/thermorulle-80mmx80m-5580-7010-3-pack\/"]}]},{"@type":"ImageObject","inLanguage":"sv-SE","@id":"https:\/\/www.heddata.se\/webbutik\/produkt\/thermorulle-80mmx80m-5580-7010-3-pack\/#primaryimage","url":"https:\/\/www.heddata.se\/webbutik\/wp-content\/uploads\/webbutik\/kategorier\/Kontorstillbehor\/Thermorulle-80mmx80m-5580-7010-3-pack.jpg","contentUrl":"https:\/\/www.heddata.se\/webbutik\/wp-content\/uploads\/webbutik\/kategorier\/Kontorstillbehor\/Thermorulle-80mmx80m-5580-7010-3-pack.jpg","width":1000,"height":1000,"caption":"Thermorulle 80mmx80m 5580-7010 3-pack"},{"@type":"BreadcrumbList","@id":"https:\/\/www.heddata.se\/webbutik\/produkt\/thermorulle-80mmx80m-5580-7010-3-pack\/#breadcrumb","itemListElement":[{"@type":"ListItem","position":1,"name":"Hem","item":"https:\/\/www.heddata.se\/webbutik\/"},{"@type":"ListItem","position":2,"name":"Produkter","item":"https:\/\/www.heddata.se\/webbutik\/shop\/"},{"@type":"ListItem","position":3,"name":"Thermorulle 80mmx80m 5580-7010 3-pack"}]},{"@type":"WebSite","@id":"https:\/\/www.heddata.se\/webbutik\/#website","url":"https:\/\/www.heddata.se\/webbutik\/","name":"Datorer, Skrivare, F\u00e4rgpatroner, Mobiltelefoner","description":"Kablar","publisher":{"@id":"https:\/\/www.heddata.se\/webbutik\/#organization"},"potentialAction":[{"@type":"SearchAction","target":{"@type":"EntryPoint","urlTemplate":"https:\/\/www.heddata.se\/webbutik\/?s={search_term_string}"},"query-input":{"@type":"PropertyValueSpecification","valueRequired":true,"valueName":"search_term_string"}}],"inLanguage":"sv-SE"},{"@type":"Organization","@id":"https:\/\/www.heddata.se\/webbutik\/#organization","name":"Heddata AB","url":"https:\/\/www.heddata.se\/webbutik\/","logo":{"@type":"ImageObject","inLanguage":"sv-SE","@id":"https:\/\/www.heddata.se\/webbutik\/#\/schema\/logo\/image\/","url":"https:\/\/www.heddata.se\/webbutik\/wp-content\/uploads\/logga\/heddata-ab-logga.png","contentUrl":"https:\/\/www.heddata.se\/webbutik\/wp-content\/uploads\/logga\/heddata-ab-logga.png","width":200,"height":64,"caption":"Heddata AB"},"image":{"@id":"https:\/\/www.heddata.se\/webbutik\/#\/schema\/logo\/image\/"}}]}},"_links":{"self":[{"href":"https:\/\/www.heddata.se\/webbutik\/wp-json\/wp\/v2\/product\/7032","targetHints":{"allow":["GET"]}}],"collection":[{"href":"https:\/\/www.heddata.se\/webbutik\/wp-json\/wp\/v2\/product"}],"about":[{"href":"https:\/\/www.heddata.se\/webbutik\/wp-json\/wp\/v2\/types\/product"}],"wp:featuredmedia":[{"embeddable":true,"href":"https:\/\/www.heddata.se\/webbutik\/wp-json\/wp\/v2\/media\/10157"}],"wp:attachment":[{"href":"https:\/\/www.heddata.se\/webbutik\/wp-json\/wp\/v2\/media?parent=7032"}],"wp:term":[{"taxonomy":"product_brand","embeddable":true,"href":"https:\/\/www.heddata.se\/webbutik\/wp-json\/wp\/v2\/product_brand?post=7032"},{"taxonomy":"product_cat","embeddable":true,"href":"https:\/\/www.heddata.se\/webbutik\/wp-json\/wp\/v2\/product_cat?post=7032"},{"taxonomy":"product_tag","embeddable":true,"href":"https:\/\/www.heddata.se\/webbutik\/wp-json\/wp\/v2\/product_tag?post=7032"}],"curies":[{"name":"wp","href":"https:\/\/api.w.org\/{rel}","templated":true}]}}