{"id":60660,"date":"2020-02-26T12:46:12","date_gmt":"2020-02-26T11:46:12","guid":{"rendered":"https:\/\/www.heddata.se\/webbutik\/?post_type=product&#038;p=60660"},"modified":"2026-04-07T09:29:43","modified_gmt":"2026-04-07T07:29:43","slug":"dell-optiplex-3060-sff","status":"publish","type":"product","link":"https:\/\/www.heddata.se\/webbutik\/produkt\/dell-optiplex-3060-sff\/","title":{"rendered":"Dell OptiPlex 3060 SFF i3-8100 4\/128GB W10 pro."},"content":{"rendered":"<h4 class=\"product-name margin-top-md\">Dell\u00a0OptiPlex 3060 SFF<\/h4>\n<p class=\"product-name margin-top-md\"><span id=\"productName\">Dell\u00a0OptiPlex 3060 SFF i3-8100 4\/128GB W10 pro.<\/span><\/p>\n<p><a href=\"https:\/\/www.dell.com\/sv-se?~ck=mn\" target=\"_blank\" rel=\"noopener noreferrer\">Dell<\/a> kompakt station\u00e4r <a href=\"https:\/\/www.heddata.se\/webbutik\/datorer\/\">f\u00f6retagsdator,<\/a> mus och tangentbord ing\u00e5r.<\/p>\n<p>Specifikationer:<\/p>\n<div class=\"specs-content px-2 pb-3 ng-star-inserted\">\n<h6 class=\"mx-1\">Grafiken<\/h6>\n<table class=\"table table-sm mb-0\">\n<tbody>\n<tr class=\"bg-white ng-star-inserted\">\n<td class=\"border-tableaccent w-50\">Integrerad grafik modell<\/td>\n<td class=\"border-tableaccent text-wrap\">Intel UHD Graphics 630<\/td>\n<\/tr>\n<tr class=\"bg-white ng-star-inserted\">\n<td class=\"border-tableaccent w-50\">Antal sk\u00e4rmar som st\u00f6ds (inbyggt grafikkort)<\/td>\n<td class=\"border-tableaccent text-wrap\">3<\/td>\n<\/tr>\n<tr class=\"bg-white ng-star-inserted\">\n<td class=\"border-tableaccent w-50\">Basfrekvens f\u00f6r inbyggt grafikkort<\/td>\n<td class=\"border-tableaccent text-wrap\">350 MHz<\/td>\n<\/tr>\n<tr class=\"bg-white ng-star-inserted\">\n<td class=\"border-tableaccent w-50\">Diskret grafikkort<\/td>\n<td class=\"border-tableaccent text-wrap\">Nej<\/td>\n<\/tr>\n<tr class=\"bg-white ng-star-inserted\">\n<td class=\"border-tableaccent w-50\">Diskret grafikkort modell<\/td>\n<td class=\"border-tableaccent text-wrap\">Ej tillg\u00e4nglig<\/td>\n<\/tr>\n<tr class=\"bg-white ng-star-inserted\">\n<td class=\"border-tableaccent w-50\">H\u00f6gsta dynamiska frekvens f\u00f6r inbyggt grafikkort<\/td>\n<td class=\"border-tableaccent text-wrap\">1100 MHz<\/td>\n<\/tr>\n<\/tbody>\n<\/table>\n<\/div>\n<div class=\"specs-content px-2 pb-3 ng-star-inserted\">\n<h6 class=\"mx-1\">Processor<\/h6>\n<table class=\"table table-sm mb-0\">\n<tbody>\n<tr class=\"bg-white ng-star-inserted\">\n<td class=\"border-tableaccent w-50\">Tillverkare<\/td>\n<td class=\"border-tableaccent text-wrap\">Intel<\/td>\n<\/tr>\n<tr class=\"bg-white ng-star-inserted\">\n<td class=\"border-tableaccent w-50\">Processork\u00e4rnor<\/td>\n<td class=\"border-tableaccent text-wrap\">4<\/td>\n<\/tr>\n<tr class=\"bg-white ng-star-inserted\">\n<td class=\"border-tableaccent w-50\">Processorfamilj<\/td>\n<td class=\"border-tableaccent text-wrap\">Core i3 Gen.8<\/td>\n<\/tr>\n<tr class=\"bg-white ng-star-inserted\">\n<td class=\"border-tableaccent w-50\">Processor antal tr\u00e5dar<\/td>\n<td class=\"border-tableaccent text-wrap\">4<\/td>\n<\/tr>\n<tr class=\"bg-white ng-star-inserted\">\n<td class=\"border-tableaccent w-50\">Processor<\/td>\n<td class=\"border-tableaccent text-wrap\">i3-8100<\/td>\n<\/tr>\n<tr class=\"bg-white ng-star-inserted\">\n<td class=\"border-tableaccent w-50\">Processorfrekvens<\/td>\n<td class=\"border-tableaccent text-wrap\">3,6 GHz<\/td>\n<\/tr>\n<tr class=\"bg-white ng-star-inserted\">\n<td class=\"border-tableaccent w-50\">Processorsockel<\/td>\n<td class=\"border-tableaccent text-wrap\">LGA 1151 (Socket H4)<\/td>\n<\/tr>\n<tr class=\"bg-white ng-star-inserted\">\n<td class=\"border-tableaccent w-50\">V\u00e4rmeavledningseffekt (TDP)<\/td>\n<td class=\"border-tableaccent text-wrap\">65 W<\/td>\n<\/tr>\n<tr class=\"bg-white ng-star-inserted\">\n<td class=\"border-tableaccent w-50\">Minnesklockfrekvens som st\u00f6ds av processorn<\/td>\n<td class=\"border-tableaccent text-wrap\">2400 MHz<\/td>\n<\/tr>\n<tr class=\"bg-white ng-star-inserted\">\n<td class=\"border-tableaccent w-50\">Minnestyper som st\u00f6ds av processorn<\/td>\n<td class=\"border-tableaccent text-wrap\">DDR4-SDRAM<\/td>\n<\/tr>\n<\/tbody>\n<\/table>\n<\/div>\n<div class=\"specs-content px-2 pb-3 ng-star-inserted\">\n<h6 class=\"mx-1\">Minne<\/h6>\n<table class=\"table table-sm mb-0\">\n<tbody>\n<tr class=\"bg-white ng-star-inserted\">\n<td class=\"border-tableaccent w-50\">Internminne<\/td>\n<td class=\"border-tableaccent text-wrap\">4 GB<\/td>\n<\/tr>\n<tr class=\"bg-white ng-star-inserted\">\n<td class=\"border-tableaccent w-50\">Minne klockhastighet<\/td>\n<td class=\"border-tableaccent text-wrap\">2666 MHz<\/td>\n<\/tr>\n<tr class=\"bg-white ng-star-inserted\">\n<td class=\"border-tableaccent w-50\">Typ av internminne<\/td>\n<td class=\"border-tableaccent text-wrap\">DDR4-SDRAM<\/td>\n<\/tr>\n<tr class=\"bg-white ng-star-inserted\">\n<td class=\"border-tableaccent w-50\">Minnesplatser<\/td>\n<td class=\"border-tableaccent text-wrap\">2x DIMM<\/td>\n<\/tr>\n<tr class=\"bg-white ng-star-inserted\">\n<td class=\"border-tableaccent w-50\">Minneslayout<\/td>\n<td class=\"border-tableaccent text-wrap\">1 x 4 GB<\/td>\n<\/tr>\n<tr class=\"bg-white ng-star-inserted\">\n<td class=\"border-tableaccent w-50\">Maximalt internminne<\/td>\n<td class=\"border-tableaccent text-wrap\">32 GB<\/td>\n<\/tr>\n<\/tbody>\n<\/table>\n<\/div>\n<div class=\"specs-content px-2 pb-3 ng-star-inserted\">\n<h6 class=\"mx-1\">Lagringsmedia<\/h6>\n<table class=\"table table-sm mb-0\">\n<tbody>\n<tr class=\"bg-white ng-star-inserted\">\n<td class=\"border-tableaccent w-50\">Lagringsmedia<\/td>\n<td class=\"border-tableaccent text-wrap\">SSD<\/td>\n<\/tr>\n<tr class=\"bg-white ng-star-inserted\">\n<td class=\"border-tableaccent w-50\">Solid-state drive kapacitet<\/td>\n<td class=\"border-tableaccent text-wrap\">128 GB<\/td>\n<\/tr>\n<tr class=\"bg-white ng-star-inserted\">\n<td class=\"border-tableaccent w-50\">Total lagringskapacitet<\/td>\n<td class=\"border-tableaccent text-wrap\">128 GB<\/td>\n<\/tr>\n<\/tbody>\n<\/table>\n<\/div>\n<div class=\"specs-content px-2 pb-3 ng-star-inserted\">\n<h6 class=\"mx-1\">Anslutningar<\/h6>\n<table class=\"table table-sm mb-0\">\n<tbody>\n<tr class=\"bg-white ng-star-inserted\">\n<td class=\"border-tableaccent w-50\">Antal Ethernet (RJ-45)<\/td>\n<td class=\"border-tableaccent text-wrap\">1<\/td>\n<\/tr>\n<tr class=\"bg-white ng-star-inserted\">\n<td class=\"border-tableaccent w-50\">Antal USB 2.0<\/td>\n<td class=\"border-tableaccent text-wrap\">4<\/td>\n<\/tr>\n<tr class=\"bg-white ng-star-inserted\">\n<td class=\"border-tableaccent w-50\">Antal HDMI<\/td>\n<td class=\"border-tableaccent text-wrap\">1<\/td>\n<\/tr>\n<tr class=\"bg-white ng-star-inserted\">\n<td class=\"border-tableaccent w-50\">Antal USB 3.0 (3.1 Gen 1) typ A-portar<\/td>\n<td class=\"border-tableaccent text-wrap\">4<\/td>\n<\/tr>\n<tr class=\"bg-white ng-star-inserted\">\n<td class=\"border-tableaccent w-50\">DisplayPorts m\u00e4ngd<\/td>\n<td class=\"border-tableaccent text-wrap\">1<\/td>\n<\/tr>\n<tr class=\"bg-white ng-star-inserted\">\n<td class=\"border-tableaccent w-50\">H\u00f6rlursutg\u00e5ngar<\/td>\n<td class=\"border-tableaccent text-wrap\">1<\/td>\n<\/tr>\n<tr class=\"bg-white ng-star-inserted\">\n<td class=\"border-tableaccent w-50\">HDMI-version<\/td>\n<td class=\"border-tableaccent text-wrap\">1.4<\/td>\n<\/tr>\n<tr class=\"bg-white ng-star-inserted\">\n<td class=\"border-tableaccent w-50\">DVI-port<\/td>\n<td class=\"border-tableaccent text-wrap\">Nej<\/td>\n<\/tr>\n<\/tbody>\n<\/table>\n<\/div>\n<div class=\"specs-content px-2 pb-3 ng-star-inserted\">\n<h6 class=\"mx-1\">Design<\/h6>\n<table class=\"table table-sm mb-0\">\n<tbody>\n<tr class=\"bg-white ng-star-inserted\">\n<td class=\"border-tableaccent w-50\">Chassityp<\/td>\n<td class=\"border-tableaccent text-wrap\">SFF<\/td>\n<\/tr>\n<tr class=\"bg-white ng-star-inserted\">\n<td class=\"border-tableaccent w-50\">Produktens f\u00e4rg<\/td>\n<td class=\"border-tableaccent text-wrap\">Svart<\/td>\n<\/tr>\n<\/tbody>\n<\/table>\n<\/div>\n<div class=\"specs-content px-2 pb-3 ng-star-inserted\">\n<h6 class=\"mx-1\">F\u00f6rpackningens inneh\u00e5ll<\/h6>\n<table class=\"table table-sm mb-0\">\n<tbody>\n<tr class=\"bg-white ng-star-inserted\">\n<td class=\"border-tableaccent w-50\">Mus<\/td>\n<td class=\"border-tableaccent text-wrap\">Ja<\/td>\n<\/tr>\n<tr class=\"bg-white ng-star-inserted\">\n<td class=\"border-tableaccent w-50\">Tangentbord<\/td>\n<td class=\"border-tableaccent text-wrap\">Ja<\/td>\n<\/tr>\n<\/tbody>\n<\/table>\n<\/div>\n<div class=\"specs-content px-2 pb-3 ng-star-inserted\">\n<h6 class=\"mx-1\">N\u00e4tverk<\/h6>\n<table class=\"table table-sm mb-0\">\n<tbody>\n<tr class=\"bg-white ng-star-inserted\">\n<td class=\"border-tableaccent w-50\">Datahastighet f\u00f6r Ethernet-LAN<\/td>\n<td class=\"border-tableaccent text-wrap\">10,100,1000 Mbit\/s<\/td>\n<\/tr>\n<tr class=\"bg-white ng-star-inserted\">\n<td class=\"border-tableaccent w-50\">Kabelteknik<\/td>\n<td class=\"border-tableaccent text-wrap\">10\/100\/1000Base-T(X)<\/td>\n<\/tr>\n<tr class=\"bg-white ng-star-inserted\">\n<td class=\"border-tableaccent w-50\">Wi-Fi<\/td>\n<td class=\"border-tableaccent text-wrap\">Nej<\/td>\n<\/tr>\n<\/tbody>\n<\/table>\n<\/div>\n<div class=\"specs-content px-2 pb-3 ng-star-inserted\">\n<h6 class=\"mx-1\">Optisk lagring<\/h6>\n<table class=\"table table-sm mb-0\">\n<tbody>\n<tr class=\"bg-white ng-star-inserted\">\n<td class=\"border-tableaccent w-50\">Optisk enhetstyp<\/td>\n<td class=\"border-tableaccent text-wrap\">DVD\u00b1RW<\/td>\n<\/tr>\n<\/tbody>\n<\/table>\n<\/div>\n<div class=\"specs-content px-2 pb-3 ng-star-inserted\">\n<h6 class=\"mx-1\">Prestanda<\/h6>\n<table class=\"table table-sm mb-0\">\n<tbody>\n<tr class=\"bg-white ng-star-inserted\">\n<td class=\"border-tableaccent w-50\">Moderkort kretstyp<\/td>\n<td class=\"border-tableaccent text-wrap\">Intel H370<\/td>\n<\/tr>\n<tr class=\"bg-white ng-star-inserted\">\n<td class=\"border-tableaccent w-50\">Ljudchipp<\/td>\n<td class=\"border-tableaccent text-wrap\">Realtek ALC3234<\/td>\n<\/tr>\n<tr class=\"bg-white ng-star-inserted\">\n<td class=\"border-tableaccent w-50\">Trusted Platform Module (TPM)<\/td>\n<td class=\"border-tableaccent text-wrap\">Ja<\/td>\n<\/tr>\n<\/tbody>\n<\/table>\n<\/div>\n<div class=\"specs-content px-2 pb-3 ng-star-inserted\">\n<h6 class=\"mx-1\">Programvara<\/h6>\n<table class=\"table table-sm mb-0\">\n<tbody>\n<tr class=\"bg-white ng-star-inserted\">\n<td class=\"border-tableaccent w-50\">Installerat operativsystem<\/td>\n<td class=\"border-tableaccent text-wrap\">Windows 10 Pro<\/td>\n<\/tr>\n<tr class=\"bg-white ng-star-inserted\">\n<td class=\"border-tableaccent w-50\">Operativsystem systemarkitektur<\/td>\n<td class=\"border-tableaccent text-wrap\">64-bit<\/td>\n<\/tr>\n<\/tbody>\n<\/table>\n<\/div>\n<div class=\"specs-content px-2 pb-3 ng-star-inserted\">\n<h6 class=\"mx-1\">Str\u00f6mtillf\u00f6rsel<\/h6>\n<table class=\"table table-sm mb-0\">\n<tbody>\n<tr class=\"bg-white ng-star-inserted\">\n<td class=\"border-tableaccent w-50\">Str\u00f6mf\u00f6rs\u00f6rjning<\/td>\n<td class=\"border-tableaccent text-wrap\">200 W<\/td>\n<\/tr>\n<\/tbody>\n<\/table>\n<\/div>\n<div class=\"specs-content px-2 pb-3 ng-star-inserted\">\n<h6 class=\"mx-1\">Expansionsplatser<\/h6>\n<table class=\"table table-sm mb-0\">\n<tbody>\n<tr class=\"bg-white ng-star-inserted\">\n<td class=\"border-tableaccent w-50\">PCI Express x16 platser<\/td>\n<td class=\"border-tableaccent text-wrap\">1<\/td>\n<\/tr>\n<tr class=\"bg-white ng-star-inserted\">\n<td class=\"border-tableaccent w-50\">PCI Express x1 kortplatser<\/td>\n<td class=\"border-tableaccent text-wrap\">1<\/td>\n<\/tr>\n<\/tbody>\n<\/table>\n<\/div>\n","protected":false},"excerpt":{"rendered":"<h4 class=\"product-name margin-top-md\"><span id=\"productManufacturer\" class=\"text-muted\">Dell<\/span>\u00a0<span id=\"productName\">OptiPlex 3060 SFF<\/span><\/h4>\n","protected":false},"featured_media":65059,"template":"","meta":[],"product_brand":[],"product_cat":[112,65,5368],"product_tag":[],"class_list":{"0":"post-60660","1":"product","2":"type-product","3":"status-publish","4":"has-post-thumbnail","6":"product_cat-datorer","7":"product_cat-datorer-tillbehor","8":"product_cat-stationara-datorer","10":"first","11":"outofstock","12":"taxable","13":"shipping-taxable","14":"product-type-simple"},"yoast_head":"<!-- This site is optimized with the Yoast SEO Premium plugin v26.7 (Yoast SEO v26.7) - https:\/\/yoast.com\/wordpress\/plugins\/seo\/ -->\n<title>Dell\u00a0OptiPlex 3060 SFF station\u00e4r f\u00f6retagsdator, mus och tangentbord ing\u00e5r.<\/title>\n<meta name=\"description\" content=\"Dell\u00a0OptiPlex 3060 SFF Kompakt station\u00e4r f\u00f6retagsdator, mus och tangentbord ing\u00e5r. Med klassens b\u00e4sta m\u00e5ngsidighet, s\u00e4kerhet och hanterbarhet.\" \/>\n<meta name=\"robots\" content=\"index, follow, max-snippet:-1, max-image-preview:large, max-video-preview:-1\" \/>\n<link rel=\"canonical\" href=\"https:\/\/www.heddata.se\/webbutik\/produkt\/dell-optiplex-3060-sff\/\" \/>\n<meta property=\"og:locale\" content=\"sv_SE\" \/>\n<meta property=\"og:type\" content=\"article\" \/>\n<meta property=\"og:title\" content=\"Dell OptiPlex 3060 SFF i3-8100 4\/128GB W10 pro.\" \/>\n<meta property=\"og:description\" content=\"Dell\u00a0OptiPlex 3060 SFF Kompakt station\u00e4r f\u00f6retagsdator, mus och tangentbord ing\u00e5r. Med klassens b\u00e4sta m\u00e5ngsidighet, s\u00e4kerhet och hanterbarhet.\" \/>\n<meta property=\"og:url\" content=\"https:\/\/www.heddata.se\/webbutik\/produkt\/dell-optiplex-3060-sff\/\" \/>\n<meta property=\"og:site_name\" content=\"Datorer, Skrivare, F\u00e4rgpatroner, Mobiltelefoner\" \/>\n<meta property=\"article:modified_time\" content=\"2026-04-07T07:29:43+00:00\" \/>\n<meta property=\"og:image\" content=\"https:\/\/www.heddata.se\/webbutik\/wp-content\/uploads\/dell-optiplex-3060.jpg\" \/>\n\t<meta property=\"og:image:width\" content=\"720\" \/>\n\t<meta property=\"og:image:height\" content=\"720\" \/>\n\t<meta property=\"og:image:type\" content=\"image\/jpeg\" \/>\n<meta name=\"twitter:card\" content=\"summary_large_image\" \/>\n<meta name=\"twitter:label1\" content=\"Ber\u00e4knad l\u00e4stid\" \/>\n\t<meta name=\"twitter:data1\" content=\"1 minut\" \/>\n<script type=\"application\/ld+json\" class=\"yoast-schema-graph\">{\"@context\":\"https:\/\/schema.org\",\"@graph\":[{\"@type\":\"WebPage\",\"@id\":\"https:\/\/www.heddata.se\/webbutik\/produkt\/dell-optiplex-3060-sff\/\",\"url\":\"https:\/\/www.heddata.se\/webbutik\/produkt\/dell-optiplex-3060-sff\/\",\"name\":\"Dell\u00a0OptiPlex 3060 SFF station\u00e4r f\u00f6retagsdator, mus och tangentbord ing\u00e5r.\",\"isPartOf\":{\"@id\":\"https:\/\/www.heddata.se\/webbutik\/#website\"},\"primaryImageOfPage\":{\"@id\":\"https:\/\/www.heddata.se\/webbutik\/produkt\/dell-optiplex-3060-sff\/#primaryimage\"},\"image\":{\"@id\":\"https:\/\/www.heddata.se\/webbutik\/produkt\/dell-optiplex-3060-sff\/#primaryimage\"},\"thumbnailUrl\":\"https:\/\/www.heddata.se\/webbutik\/wp-content\/uploads\/dell-optiplex-3060.jpg\",\"datePublished\":\"2020-02-26T11:46:12+00:00\",\"dateModified\":\"2026-04-07T07:29:43+00:00\",\"description\":\"Dell\u00a0OptiPlex 3060 SFF Kompakt station\u00e4r f\u00f6retagsdator, mus och tangentbord ing\u00e5r. Med klassens b\u00e4sta m\u00e5ngsidighet, s\u00e4kerhet och hanterbarhet.\",\"breadcrumb\":{\"@id\":\"https:\/\/www.heddata.se\/webbutik\/produkt\/dell-optiplex-3060-sff\/#breadcrumb\"},\"inLanguage\":\"sv-SE\",\"potentialAction\":[{\"@type\":\"ReadAction\",\"target\":[\"https:\/\/www.heddata.se\/webbutik\/produkt\/dell-optiplex-3060-sff\/\"]}]},{\"@type\":\"ImageObject\",\"inLanguage\":\"sv-SE\",\"@id\":\"https:\/\/www.heddata.se\/webbutik\/produkt\/dell-optiplex-3060-sff\/#primaryimage\",\"url\":\"https:\/\/www.heddata.se\/webbutik\/wp-content\/uploads\/dell-optiplex-3060.jpg\",\"contentUrl\":\"https:\/\/www.heddata.se\/webbutik\/wp-content\/uploads\/dell-optiplex-3060.jpg\",\"width\":720,\"height\":720,\"caption\":\"Dell\u00a0OptiPlex 3060 SFF\"},{\"@type\":\"BreadcrumbList\",\"@id\":\"https:\/\/www.heddata.se\/webbutik\/produkt\/dell-optiplex-3060-sff\/#breadcrumb\",\"itemListElement\":[{\"@type\":\"ListItem\",\"position\":1,\"name\":\"Hem\",\"item\":\"https:\/\/www.heddata.se\/webbutik\/\"},{\"@type\":\"ListItem\",\"position\":2,\"name\":\"Produkter\",\"item\":\"https:\/\/www.heddata.se\/webbutik\/shop\/\"},{\"@type\":\"ListItem\",\"position\":3,\"name\":\"Dell OptiPlex 3060 SFF i3-8100 4\/128GB W10 pro.\"}]},{\"@type\":\"WebSite\",\"@id\":\"https:\/\/www.heddata.se\/webbutik\/#website\",\"url\":\"https:\/\/www.heddata.se\/webbutik\/\",\"name\":\"Datorer, Skrivare, F\u00e4rgpatroner, Mobiltelefoner\",\"description\":\"Kablar\",\"publisher\":{\"@id\":\"https:\/\/www.heddata.se\/webbutik\/#organization\"},\"potentialAction\":[{\"@type\":\"SearchAction\",\"target\":{\"@type\":\"EntryPoint\",\"urlTemplate\":\"https:\/\/www.heddata.se\/webbutik\/?s={search_term_string}\"},\"query-input\":{\"@type\":\"PropertyValueSpecification\",\"valueRequired\":true,\"valueName\":\"search_term_string\"}}],\"inLanguage\":\"sv-SE\"},{\"@type\":\"Organization\",\"@id\":\"https:\/\/www.heddata.se\/webbutik\/#organization\",\"name\":\"Heddata AB\",\"url\":\"https:\/\/www.heddata.se\/webbutik\/\",\"logo\":{\"@type\":\"ImageObject\",\"inLanguage\":\"sv-SE\",\"@id\":\"https:\/\/www.heddata.se\/webbutik\/#\/schema\/logo\/image\/\",\"url\":\"https:\/\/www.heddata.se\/webbutik\/wp-content\/uploads\/logga\/heddata-ab-logga.png\",\"contentUrl\":\"https:\/\/www.heddata.se\/webbutik\/wp-content\/uploads\/logga\/heddata-ab-logga.png\",\"width\":200,\"height\":64,\"caption\":\"Heddata AB\"},\"image\":{\"@id\":\"https:\/\/www.heddata.se\/webbutik\/#\/schema\/logo\/image\/\"}}]}<\/script>\n<!-- \/ Yoast SEO Premium plugin. -->","yoast_head_json":{"title":"Dell\u00a0OptiPlex 3060 SFF station\u00e4r f\u00f6retagsdator, mus och tangentbord ing\u00e5r.","description":"Dell\u00a0OptiPlex 3060 SFF Kompakt station\u00e4r f\u00f6retagsdator, mus och tangentbord ing\u00e5r. Med klassens b\u00e4sta m\u00e5ngsidighet, s\u00e4kerhet och hanterbarhet.","robots":{"index":"index","follow":"follow","max-snippet":"max-snippet:-1","max-image-preview":"max-image-preview:large","max-video-preview":"max-video-preview:-1"},"canonical":"https:\/\/www.heddata.se\/webbutik\/produkt\/dell-optiplex-3060-sff\/","og_locale":"sv_SE","og_type":"article","og_title":"Dell OptiPlex 3060 SFF i3-8100 4\/128GB W10 pro.","og_description":"Dell\u00a0OptiPlex 3060 SFF Kompakt station\u00e4r f\u00f6retagsdator, mus och tangentbord ing\u00e5r. Med klassens b\u00e4sta m\u00e5ngsidighet, s\u00e4kerhet och hanterbarhet.","og_url":"https:\/\/www.heddata.se\/webbutik\/produkt\/dell-optiplex-3060-sff\/","og_site_name":"Datorer, Skrivare, F\u00e4rgpatroner, Mobiltelefoner","article_modified_time":"2026-04-07T07:29:43+00:00","og_image":[{"width":720,"height":720,"url":"https:\/\/www.heddata.se\/webbutik\/wp-content\/uploads\/dell-optiplex-3060.jpg","type":"image\/jpeg"}],"twitter_card":"summary_large_image","twitter_misc":{"Ber\u00e4knad l\u00e4stid":"1 minut"},"schema":{"@context":"https:\/\/schema.org","@graph":[{"@type":"WebPage","@id":"https:\/\/www.heddata.se\/webbutik\/produkt\/dell-optiplex-3060-sff\/","url":"https:\/\/www.heddata.se\/webbutik\/produkt\/dell-optiplex-3060-sff\/","name":"Dell\u00a0OptiPlex 3060 SFF station\u00e4r f\u00f6retagsdator, mus och tangentbord ing\u00e5r.","isPartOf":{"@id":"https:\/\/www.heddata.se\/webbutik\/#website"},"primaryImageOfPage":{"@id":"https:\/\/www.heddata.se\/webbutik\/produkt\/dell-optiplex-3060-sff\/#primaryimage"},"image":{"@id":"https:\/\/www.heddata.se\/webbutik\/produkt\/dell-optiplex-3060-sff\/#primaryimage"},"thumbnailUrl":"https:\/\/www.heddata.se\/webbutik\/wp-content\/uploads\/dell-optiplex-3060.jpg","datePublished":"2020-02-26T11:46:12+00:00","dateModified":"2026-04-07T07:29:43+00:00","description":"Dell\u00a0OptiPlex 3060 SFF Kompakt station\u00e4r f\u00f6retagsdator, mus och tangentbord ing\u00e5r. Med klassens b\u00e4sta m\u00e5ngsidighet, s\u00e4kerhet och hanterbarhet.","breadcrumb":{"@id":"https:\/\/www.heddata.se\/webbutik\/produkt\/dell-optiplex-3060-sff\/#breadcrumb"},"inLanguage":"sv-SE","potentialAction":[{"@type":"ReadAction","target":["https:\/\/www.heddata.se\/webbutik\/produkt\/dell-optiplex-3060-sff\/"]}]},{"@type":"ImageObject","inLanguage":"sv-SE","@id":"https:\/\/www.heddata.se\/webbutik\/produkt\/dell-optiplex-3060-sff\/#primaryimage","url":"https:\/\/www.heddata.se\/webbutik\/wp-content\/uploads\/dell-optiplex-3060.jpg","contentUrl":"https:\/\/www.heddata.se\/webbutik\/wp-content\/uploads\/dell-optiplex-3060.jpg","width":720,"height":720,"caption":"Dell\u00a0OptiPlex 3060 SFF"},{"@type":"BreadcrumbList","@id":"https:\/\/www.heddata.se\/webbutik\/produkt\/dell-optiplex-3060-sff\/#breadcrumb","itemListElement":[{"@type":"ListItem","position":1,"name":"Hem","item":"https:\/\/www.heddata.se\/webbutik\/"},{"@type":"ListItem","position":2,"name":"Produkter","item":"https:\/\/www.heddata.se\/webbutik\/shop\/"},{"@type":"ListItem","position":3,"name":"Dell OptiPlex 3060 SFF i3-8100 4\/128GB W10 pro."}]},{"@type":"WebSite","@id":"https:\/\/www.heddata.se\/webbutik\/#website","url":"https:\/\/www.heddata.se\/webbutik\/","name":"Datorer, Skrivare, F\u00e4rgpatroner, Mobiltelefoner","description":"Kablar","publisher":{"@id":"https:\/\/www.heddata.se\/webbutik\/#organization"},"potentialAction":[{"@type":"SearchAction","target":{"@type":"EntryPoint","urlTemplate":"https:\/\/www.heddata.se\/webbutik\/?s={search_term_string}"},"query-input":{"@type":"PropertyValueSpecification","valueRequired":true,"valueName":"search_term_string"}}],"inLanguage":"sv-SE"},{"@type":"Organization","@id":"https:\/\/www.heddata.se\/webbutik\/#organization","name":"Heddata AB","url":"https:\/\/www.heddata.se\/webbutik\/","logo":{"@type":"ImageObject","inLanguage":"sv-SE","@id":"https:\/\/www.heddata.se\/webbutik\/#\/schema\/logo\/image\/","url":"https:\/\/www.heddata.se\/webbutik\/wp-content\/uploads\/logga\/heddata-ab-logga.png","contentUrl":"https:\/\/www.heddata.se\/webbutik\/wp-content\/uploads\/logga\/heddata-ab-logga.png","width":200,"height":64,"caption":"Heddata AB"},"image":{"@id":"https:\/\/www.heddata.se\/webbutik\/#\/schema\/logo\/image\/"}}]}},"_links":{"self":[{"href":"https:\/\/www.heddata.se\/webbutik\/wp-json\/wp\/v2\/product\/60660","targetHints":{"allow":["GET"]}}],"collection":[{"href":"https:\/\/www.heddata.se\/webbutik\/wp-json\/wp\/v2\/product"}],"about":[{"href":"https:\/\/www.heddata.se\/webbutik\/wp-json\/wp\/v2\/types\/product"}],"wp:featuredmedia":[{"embeddable":true,"href":"https:\/\/www.heddata.se\/webbutik\/wp-json\/wp\/v2\/media\/65059"}],"wp:attachment":[{"href":"https:\/\/www.heddata.se\/webbutik\/wp-json\/wp\/v2\/media?parent=60660"}],"wp:term":[{"taxonomy":"product_brand","embeddable":true,"href":"https:\/\/www.heddata.se\/webbutik\/wp-json\/wp\/v2\/product_brand?post=60660"},{"taxonomy":"product_cat","embeddable":true,"href":"https:\/\/www.heddata.se\/webbutik\/wp-json\/wp\/v2\/product_cat?post=60660"},{"taxonomy":"product_tag","embeddable":true,"href":"https:\/\/www.heddata.se\/webbutik\/wp-json\/wp\/v2\/product_tag?post=60660"}],"curies":[{"name":"wp","href":"https:\/\/api.w.org\/{rel}","templated":true}]}}