{"id":58569,"date":"2020-02-24T15:20:16","date_gmt":"2020-02-24T14:20:16","guid":{"rendered":"https:\/\/www.heddata.se\/webbutik\/?post_type=product&#038;p=58569"},"modified":"2026-05-01T09:56:12","modified_gmt":"2026-05-01T07:56:12","slug":"samsung-galaxy-a10-bla","status":"publish","type":"product","link":"https:\/\/www.heddata.se\/webbutik\/produkt\/samsung-galaxy-a10-bla\/","title":{"rendered":"SAMSUNG GALAXY A10 Bl\u00e5"},"content":{"rendered":"<h3>SAMSUNG GALAXY A10 Bl\u00e5<\/h3>\n<h4 class=\"feature-benefit__title\" data-omni=\"Simple design in living color\">Enkel design med levande f\u00e4rger<\/h4>\n<p><a href=\"https:\/\/www.samsung.com\/se\/\" target=\"_blank\" rel=\"noopener noreferrer\">SAMSUNG<\/a> GALAXY A10 Bl\u00e5 har en tunn design som \u00e4r gjord f\u00f6r att passa perfekt i handen. Den blanka plastfinishen ger ett snyggt helhetsintryck och du kan v\u00e4lja mellan svart, bl\u00e5 och r\u00f6d. N\u00e4r du v\u00e4l har den i handen kommer du inte att vilja sl\u00e4ppa taget.<\/p>\n<h4 class=\"feature-benefit__title\" data-omni=\"A screen with a better view\">En sk\u00e4rm med vidgade vyer<\/h4>\n<div class=\"feature-benefit__desc-wrap \">\n<p class=\"feature-benefit__desc\">6,2 tum HD+ sk\u00e4rm som du inte kommer att kunna slita blicken fr\u00e5n. Oavsett om du tittar p\u00e5 TV-serier eller spelar multiplayer-spel online f\u00f6r\u00e4ndrar A10:s Infinity-V-sk\u00e4rm f\u00f6ruts\u00e4ttningarna genom att ta dig n\u00e4rmare inneh\u00e5llet. Se hur l\u00e5ngt upplevelsen tar dig p\u00e5 Infinity-V-sk\u00e4rmen.<\/p>\n<h4 class=\"feature-benefit__title\" data-omni=\"A camera to capture the moment\">En kamera som f\u00e5ngar \u00f6gonblicket<\/h4>\n<div class=\"feature-benefit__desc-wrap \">\n<p class=\"feature-benefit__desc\">Fota p\u00e5 dina villkor med den bakre kameran p\u00e5 13MP och framkameran p\u00e5 5MP f\u00f6r h\u00f6gklassiga foton. Ta skarpa, ljusstarka och f\u00e4rg\u00e4kta foton med ett knapptryck. Octa Core-processorn garanterar att allting fungerar smidigt och h\u00e5ller j\u00e4mna steg med din vardag.<\/p>\n<p>&#8211; 6,2&#8243; HD-sk\u00e4rm<br \/>\n&#8211; 32GB lagring + 2GB RAM<br \/>\n&#8211; 13 MP kamera<br \/>\n&#8211; Ansiktsigenk\u00e4nning<\/p>\n<p><strong>Sk\u00e4rm:<\/strong>\u00a06.2&#8243; TFT LCD (720&#215;1520)<br \/>\n<strong>Minne:<\/strong>\u00a032 GB + microSD (upp till 512 GB) (2,0 GB RAM)<br \/>\n<strong>Kamera Baksida:<\/strong>\u00a013 MP (f\/1.9, 28mm wide)<br \/>\n<strong>Kamera Framsida:<\/strong>\u00a05 MP (f\/2.0)<br \/>\n<strong>Kommunikation:<\/strong>\u00a02G, 3G, 4G, BT 5.0, Wi-Fi 802.11 a\/b\/g\/n, NFC, GPS, Glonass, Beidou, Galileo<br \/>\n<strong>SIM-kort:<\/strong>\u00a0Dual-SIM (Nano-SIM)<br \/>\n<strong>OS:<\/strong>\u00a0Android<br \/>\n<strong>Anslutningar:<\/strong>\u00a0microUSB 2.0, <a href=\"https:\/\/www.heddata.se\/webbutik\/horlurar-headset\/\">h\u00f6rlursuttag<\/a> 3.5mm<br \/>\n<strong>Storlek (H x B x D):<\/strong>\u00a0155,6 x 75,8 x 8,1 mm<br \/>\n<strong>Vikt:<\/strong>\u00a0168g<br \/>\n<strong>Batteri:<\/strong>\u00a03400 mAh<\/p>\n<\/div>\n<\/div>\n","protected":false},"excerpt":{"rendered":"<p>SAMSUNG GALAXY A10 Bl\u00e5<\/p>\n","protected":false},"featured_media":59228,"template":"","meta":[],"product_brand":[],"product_cat":[106,6009,63],"product_tag":[6007,214,6008],"class_list":{"0":"post-58569","1":"product","2":"type-product","3":"status-publish","4":"has-post-thumbnail","6":"product_cat-mobiltelefoner","7":"product_cat-mobiltelefoner-touch","8":"product_cat-telefoner-surfplattor","9":"product_tag-mobiltelefon-touch","10":"product_tag-samsung","11":"product_tag-samsung-mobiltelefon","13":"first","14":"outofstock","15":"taxable","16":"shipping-taxable","17":"product-type-simple"},"yoast_head":"<!-- This site is optimized with the Yoast SEO Premium plugin v26.7 (Yoast SEO v26.7) - https:\/\/yoast.com\/wordpress\/plugins\/seo\/ -->\n<title>SAMSUNG GALAXY A10 Bl\u00e5 som \u00e4r gjord f\u00f6r att passa perfekt i handen.<\/title>\n<meta name=\"description\" content=\"SAMSUNG GALAXY A10 Bl\u00e5 har en tunn design som \u00e4r gjord f\u00f6r att passa perfekt i handen, med alla de funktioner du vill ha i din mobiltelefon.\" \/>\n<meta name=\"robots\" content=\"index, follow, max-snippet:-1, max-image-preview:large, max-video-preview:-1\" \/>\n<link rel=\"canonical\" href=\"https:\/\/www.heddata.se\/webbutik\/produkt\/samsung-galaxy-a10-bla\/\" \/>\n<meta property=\"og:locale\" content=\"sv_SE\" \/>\n<meta property=\"og:type\" content=\"article\" \/>\n<meta property=\"og:title\" content=\"SAMSUNG GALAXY A10 Bl\u00e5\" \/>\n<meta property=\"og:description\" content=\"SAMSUNG GALAXY A10 Bl\u00e5 har en tunn design som \u00e4r gjord f\u00f6r att passa perfekt i handen, med alla de funktioner du vill ha i din mobiltelefon.\" \/>\n<meta property=\"og:url\" content=\"https:\/\/www.heddata.se\/webbutik\/produkt\/samsung-galaxy-a10-bla\/\" \/>\n<meta property=\"og:site_name\" content=\"Datorer, Skrivare, F\u00e4rgpatroner, Mobiltelefoner\" \/>\n<meta property=\"article:modified_time\" content=\"2026-05-01T07:56:12+00:00\" \/>\n<meta property=\"og:image\" content=\"https:\/\/www.heddata.se\/webbutik\/wp-content\/uploads\/galaxy-a10-bla.jpg\" \/>\n\t<meta property=\"og:image:width\" content=\"1000\" \/>\n\t<meta property=\"og:image:height\" content=\"1000\" \/>\n\t<meta property=\"og:image:type\" content=\"image\/jpeg\" \/>\n<meta name=\"twitter:card\" content=\"summary_large_image\" \/>\n<meta name=\"twitter:label1\" content=\"Ber\u00e4knad l\u00e4stid\" \/>\n\t<meta name=\"twitter:data1\" content=\"1 minut\" \/>\n<script type=\"application\/ld+json\" class=\"yoast-schema-graph\">{\"@context\":\"https:\/\/schema.org\",\"@graph\":[{\"@type\":\"WebPage\",\"@id\":\"https:\/\/www.heddata.se\/webbutik\/produkt\/samsung-galaxy-a10-bla\/\",\"url\":\"https:\/\/www.heddata.se\/webbutik\/produkt\/samsung-galaxy-a10-bla\/\",\"name\":\"SAMSUNG GALAXY A10 Bl\u00e5 som \u00e4r gjord f\u00f6r att passa perfekt i handen.\",\"isPartOf\":{\"@id\":\"https:\/\/www.heddata.se\/webbutik\/#website\"},\"primaryImageOfPage\":{\"@id\":\"https:\/\/www.heddata.se\/webbutik\/produkt\/samsung-galaxy-a10-bla\/#primaryimage\"},\"image\":{\"@id\":\"https:\/\/www.heddata.se\/webbutik\/produkt\/samsung-galaxy-a10-bla\/#primaryimage\"},\"thumbnailUrl\":\"https:\/\/www.heddata.se\/webbutik\/wp-content\/uploads\/galaxy-a10-bla.jpg\",\"datePublished\":\"2020-02-24T14:20:16+00:00\",\"dateModified\":\"2026-05-01T07:56:12+00:00\",\"description\":\"SAMSUNG GALAXY A10 Bl\u00e5 har en tunn design som \u00e4r gjord f\u00f6r att passa perfekt i handen, med alla de funktioner du vill ha i din mobiltelefon.\",\"breadcrumb\":{\"@id\":\"https:\/\/www.heddata.se\/webbutik\/produkt\/samsung-galaxy-a10-bla\/#breadcrumb\"},\"inLanguage\":\"sv-SE\",\"potentialAction\":[{\"@type\":\"ReadAction\",\"target\":[\"https:\/\/www.heddata.se\/webbutik\/produkt\/samsung-galaxy-a10-bla\/\"]}]},{\"@type\":\"ImageObject\",\"inLanguage\":\"sv-SE\",\"@id\":\"https:\/\/www.heddata.se\/webbutik\/produkt\/samsung-galaxy-a10-bla\/#primaryimage\",\"url\":\"https:\/\/www.heddata.se\/webbutik\/wp-content\/uploads\/galaxy-a10-bla.jpg\",\"contentUrl\":\"https:\/\/www.heddata.se\/webbutik\/wp-content\/uploads\/galaxy-a10-bla.jpg\",\"width\":1000,\"height\":1000,\"caption\":\"SAMSUNG GALAXY A10 Bl\u00e5\"},{\"@type\":\"BreadcrumbList\",\"@id\":\"https:\/\/www.heddata.se\/webbutik\/produkt\/samsung-galaxy-a10-bla\/#breadcrumb\",\"itemListElement\":[{\"@type\":\"ListItem\",\"position\":1,\"name\":\"Hem\",\"item\":\"https:\/\/www.heddata.se\/webbutik\/\"},{\"@type\":\"ListItem\",\"position\":2,\"name\":\"Produkter\",\"item\":\"https:\/\/www.heddata.se\/webbutik\/shop\/\"},{\"@type\":\"ListItem\",\"position\":3,\"name\":\"SAMSUNG GALAXY A10 Bl\u00e5\"}]},{\"@type\":\"WebSite\",\"@id\":\"https:\/\/www.heddata.se\/webbutik\/#website\",\"url\":\"https:\/\/www.heddata.se\/webbutik\/\",\"name\":\"Datorer, Skrivare, F\u00e4rgpatroner, Mobiltelefoner\",\"description\":\"Kablar\",\"publisher\":{\"@id\":\"https:\/\/www.heddata.se\/webbutik\/#organization\"},\"potentialAction\":[{\"@type\":\"SearchAction\",\"target\":{\"@type\":\"EntryPoint\",\"urlTemplate\":\"https:\/\/www.heddata.se\/webbutik\/?s={search_term_string}\"},\"query-input\":{\"@type\":\"PropertyValueSpecification\",\"valueRequired\":true,\"valueName\":\"search_term_string\"}}],\"inLanguage\":\"sv-SE\"},{\"@type\":\"Organization\",\"@id\":\"https:\/\/www.heddata.se\/webbutik\/#organization\",\"name\":\"Heddata AB\",\"url\":\"https:\/\/www.heddata.se\/webbutik\/\",\"logo\":{\"@type\":\"ImageObject\",\"inLanguage\":\"sv-SE\",\"@id\":\"https:\/\/www.heddata.se\/webbutik\/#\/schema\/logo\/image\/\",\"url\":\"https:\/\/www.heddata.se\/webbutik\/wp-content\/uploads\/logga\/heddata-ab-logga.png\",\"contentUrl\":\"https:\/\/www.heddata.se\/webbutik\/wp-content\/uploads\/logga\/heddata-ab-logga.png\",\"width\":200,\"height\":64,\"caption\":\"Heddata AB\"},\"image\":{\"@id\":\"https:\/\/www.heddata.se\/webbutik\/#\/schema\/logo\/image\/\"}}]}<\/script>\n<!-- \/ Yoast SEO Premium plugin. -->","yoast_head_json":{"title":"SAMSUNG GALAXY A10 Bl\u00e5 som \u00e4r gjord f\u00f6r att passa perfekt i handen.","description":"SAMSUNG GALAXY A10 Bl\u00e5 har en tunn design som \u00e4r gjord f\u00f6r att passa perfekt i handen, med alla de funktioner du vill ha i din mobiltelefon.","robots":{"index":"index","follow":"follow","max-snippet":"max-snippet:-1","max-image-preview":"max-image-preview:large","max-video-preview":"max-video-preview:-1"},"canonical":"https:\/\/www.heddata.se\/webbutik\/produkt\/samsung-galaxy-a10-bla\/","og_locale":"sv_SE","og_type":"article","og_title":"SAMSUNG GALAXY A10 Bl\u00e5","og_description":"SAMSUNG GALAXY A10 Bl\u00e5 har en tunn design som \u00e4r gjord f\u00f6r att passa perfekt i handen, med alla de funktioner du vill ha i din mobiltelefon.","og_url":"https:\/\/www.heddata.se\/webbutik\/produkt\/samsung-galaxy-a10-bla\/","og_site_name":"Datorer, Skrivare, F\u00e4rgpatroner, Mobiltelefoner","article_modified_time":"2026-05-01T07:56:12+00:00","og_image":[{"width":1000,"height":1000,"url":"https:\/\/www.heddata.se\/webbutik\/wp-content\/uploads\/galaxy-a10-bla.jpg","type":"image\/jpeg"}],"twitter_card":"summary_large_image","twitter_misc":{"Ber\u00e4knad l\u00e4stid":"1 minut"},"schema":{"@context":"https:\/\/schema.org","@graph":[{"@type":"WebPage","@id":"https:\/\/www.heddata.se\/webbutik\/produkt\/samsung-galaxy-a10-bla\/","url":"https:\/\/www.heddata.se\/webbutik\/produkt\/samsung-galaxy-a10-bla\/","name":"SAMSUNG GALAXY A10 Bl\u00e5 som \u00e4r gjord f\u00f6r att passa perfekt i handen.","isPartOf":{"@id":"https:\/\/www.heddata.se\/webbutik\/#website"},"primaryImageOfPage":{"@id":"https:\/\/www.heddata.se\/webbutik\/produkt\/samsung-galaxy-a10-bla\/#primaryimage"},"image":{"@id":"https:\/\/www.heddata.se\/webbutik\/produkt\/samsung-galaxy-a10-bla\/#primaryimage"},"thumbnailUrl":"https:\/\/www.heddata.se\/webbutik\/wp-content\/uploads\/galaxy-a10-bla.jpg","datePublished":"2020-02-24T14:20:16+00:00","dateModified":"2026-05-01T07:56:12+00:00","description":"SAMSUNG GALAXY A10 Bl\u00e5 har en tunn design som \u00e4r gjord f\u00f6r att passa perfekt i handen, med alla de funktioner du vill ha i din mobiltelefon.","breadcrumb":{"@id":"https:\/\/www.heddata.se\/webbutik\/produkt\/samsung-galaxy-a10-bla\/#breadcrumb"},"inLanguage":"sv-SE","potentialAction":[{"@type":"ReadAction","target":["https:\/\/www.heddata.se\/webbutik\/produkt\/samsung-galaxy-a10-bla\/"]}]},{"@type":"ImageObject","inLanguage":"sv-SE","@id":"https:\/\/www.heddata.se\/webbutik\/produkt\/samsung-galaxy-a10-bla\/#primaryimage","url":"https:\/\/www.heddata.se\/webbutik\/wp-content\/uploads\/galaxy-a10-bla.jpg","contentUrl":"https:\/\/www.heddata.se\/webbutik\/wp-content\/uploads\/galaxy-a10-bla.jpg","width":1000,"height":1000,"caption":"SAMSUNG GALAXY A10 Bl\u00e5"},{"@type":"BreadcrumbList","@id":"https:\/\/www.heddata.se\/webbutik\/produkt\/samsung-galaxy-a10-bla\/#breadcrumb","itemListElement":[{"@type":"ListItem","position":1,"name":"Hem","item":"https:\/\/www.heddata.se\/webbutik\/"},{"@type":"ListItem","position":2,"name":"Produkter","item":"https:\/\/www.heddata.se\/webbutik\/shop\/"},{"@type":"ListItem","position":3,"name":"SAMSUNG GALAXY A10 Bl\u00e5"}]},{"@type":"WebSite","@id":"https:\/\/www.heddata.se\/webbutik\/#website","url":"https:\/\/www.heddata.se\/webbutik\/","name":"Datorer, Skrivare, F\u00e4rgpatroner, Mobiltelefoner","description":"Kablar","publisher":{"@id":"https:\/\/www.heddata.se\/webbutik\/#organization"},"potentialAction":[{"@type":"SearchAction","target":{"@type":"EntryPoint","urlTemplate":"https:\/\/www.heddata.se\/webbutik\/?s={search_term_string}"},"query-input":{"@type":"PropertyValueSpecification","valueRequired":true,"valueName":"search_term_string"}}],"inLanguage":"sv-SE"},{"@type":"Organization","@id":"https:\/\/www.heddata.se\/webbutik\/#organization","name":"Heddata AB","url":"https:\/\/www.heddata.se\/webbutik\/","logo":{"@type":"ImageObject","inLanguage":"sv-SE","@id":"https:\/\/www.heddata.se\/webbutik\/#\/schema\/logo\/image\/","url":"https:\/\/www.heddata.se\/webbutik\/wp-content\/uploads\/logga\/heddata-ab-logga.png","contentUrl":"https:\/\/www.heddata.se\/webbutik\/wp-content\/uploads\/logga\/heddata-ab-logga.png","width":200,"height":64,"caption":"Heddata AB"},"image":{"@id":"https:\/\/www.heddata.se\/webbutik\/#\/schema\/logo\/image\/"}}]}},"_links":{"self":[{"href":"https:\/\/www.heddata.se\/webbutik\/wp-json\/wp\/v2\/product\/58569","targetHints":{"allow":["GET"]}}],"collection":[{"href":"https:\/\/www.heddata.se\/webbutik\/wp-json\/wp\/v2\/product"}],"about":[{"href":"https:\/\/www.heddata.se\/webbutik\/wp-json\/wp\/v2\/types\/product"}],"wp:featuredmedia":[{"embeddable":true,"href":"https:\/\/www.heddata.se\/webbutik\/wp-json\/wp\/v2\/media\/59228"}],"wp:attachment":[{"href":"https:\/\/www.heddata.se\/webbutik\/wp-json\/wp\/v2\/media?parent=58569"}],"wp:term":[{"taxonomy":"product_brand","embeddable":true,"href":"https:\/\/www.heddata.se\/webbutik\/wp-json\/wp\/v2\/product_brand?post=58569"},{"taxonomy":"product_cat","embeddable":true,"href":"https:\/\/www.heddata.se\/webbutik\/wp-json\/wp\/v2\/product_cat?post=58569"},{"taxonomy":"product_tag","embeddable":true,"href":"https:\/\/www.heddata.se\/webbutik\/wp-json\/wp\/v2\/product_tag?post=58569"}],"curies":[{"name":"wp","href":"https:\/\/api.w.org\/{rel}","templated":true}]}}