{"id":57674,"date":"2020-02-21T17:46:11","date_gmt":"2020-02-21T16:46:11","guid":{"rendered":"https:\/\/www.heddata.se\/webbutik\/?post_type=product&#038;p=57674"},"modified":"2026-04-03T18:18:59","modified_gmt":"2026-04-03T16:18:59","slug":"doro-1362-svart","status":"publish","type":"product","link":"https:\/\/www.heddata.se\/webbutik\/produkt\/doro-1362-svart\/","title":{"rendered":"DORO 1362 Svart"},"content":{"rendered":"<p>DORO 1362 Svart<\/p>\n<p>Doro 1362 Svart \u00e4r en <a href=\"https:\/\/www.heddata.se\/webbutik\/telefon-surfplattor\/mobiltelefoner\/\">kameratelefon<\/a> med dubbla simkort f\u00f6r alla som f\u00f6redrar att skriva och l\u00e4sa sms, och titta p\u00e5 bilder, p\u00e5 en bredare display. Knappsatsens rundade och v\u00e4l separerade knappar g\u00f6r det enklare att sl\u00e5 telefonnummer och skriva sms, och en inbyggd trygghetsknapp g\u00f6r att du kan k\u00e4nna dig s\u00e4ker. Du f\u00e5r nyheter och underh\u00e5llning genom telefonens FM-radio, och kan lysa upp tillvaron med den praktiska inbyggda ficklampan.<\/p>\n<p><strong>Egenskaper f\u00f6r <a href=\"https:\/\/www.doro.com\/sv-se\" target=\"_blank\" rel=\"noopener noreferrer\">Doro<\/a> 1362:<\/strong><br \/>\n&#8211; L\u00e4tt att l\u00e4sa p\u00e5 en bred display<br \/>\n&#8211; Separerade knappar med h\u00f6g kontrast<br \/>\n&#8211; Trygghetsknapp f\u00f6r extra s\u00e4kerhet<br \/>\n&#8211; Kamerauppl\u00f6sning 2 megapixel<\/p>\n","protected":false},"excerpt":{"rendered":"<p>DORO 1362 Svart<\/p>\n","protected":false},"featured_media":57942,"template":"","meta":[],"product_brand":[],"product_cat":[6010,106,103,63],"product_tag":[],"class_list":{"0":"post-57674","1":"product","2":"type-product","3":"status-publish","4":"has-post-thumbnail","6":"product_cat-mobiltelefon-knapp","7":"product_cat-mobiltelefoner","8":"product_cat-telefoner","9":"product_cat-telefoner-surfplattor","11":"first","12":"outofstock","13":"taxable","14":"shipping-taxable","15":"product-type-simple"},"yoast_head":"<!-- This site is optimized with the Yoast SEO Premium plugin v26.7 (Yoast SEO v26.7) - https:\/\/yoast.com\/wordpress\/plugins\/seo\/ -->\n<title>DORO 1362 Svart l\u00e4ttanv\u00e4nd mobiltelefon perfekt f\u00f6r \u00e4ldre.<\/title>\n<meta name=\"description\" content=\"Doro 1362 Svart \u00e4r en l\u00e4ttanv\u00e4nd mobiltelefon med kamera, dubbla simkort och bredare sk\u00e4rm. V\u00e4l separerade knappar g\u00f6r det enklare att ringa och skriva sms.\" \/>\n<meta name=\"robots\" content=\"index, follow, max-snippet:-1, max-image-preview:large, max-video-preview:-1\" \/>\n<link rel=\"canonical\" href=\"https:\/\/www.heddata.se\/webbutik\/produkt\/doro-1362-svart\/\" \/>\n<meta property=\"og:locale\" content=\"sv_SE\" \/>\n<meta property=\"og:type\" content=\"article\" \/>\n<meta property=\"og:title\" content=\"DORO 1362 Svart\" \/>\n<meta property=\"og:description\" content=\"Doro 1362 Svart \u00e4r en l\u00e4ttanv\u00e4nd mobiltelefon med kamera, dubbla simkort och bredare sk\u00e4rm. V\u00e4l separerade knappar g\u00f6r det enklare att ringa och skriva sms.\" \/>\n<meta property=\"og:url\" content=\"https:\/\/www.heddata.se\/webbutik\/produkt\/doro-1362-svart\/\" \/>\n<meta property=\"og:site_name\" content=\"Datorer, Skrivare, F\u00e4rgpatroner, Mobiltelefoner\" \/>\n<meta property=\"article:modified_time\" content=\"2026-04-03T16:18:59+00:00\" \/>\n<meta property=\"og:image\" content=\"https:\/\/www.heddata.se\/webbutik\/wp-content\/uploads\/doro-1362-svart.jpg\" \/>\n\t<meta property=\"og:image:width\" content=\"720\" \/>\n\t<meta property=\"og:image:height\" content=\"720\" \/>\n\t<meta property=\"og:image:type\" content=\"image\/jpeg\" \/>\n<meta name=\"twitter:card\" content=\"summary_large_image\" \/>\n<meta name=\"twitter:label1\" content=\"Ber\u00e4knad l\u00e4stid\" \/>\n\t<meta name=\"twitter:data1\" content=\"1 minut\" \/>\n<script type=\"application\/ld+json\" class=\"yoast-schema-graph\">{\"@context\":\"https:\/\/schema.org\",\"@graph\":[{\"@type\":\"WebPage\",\"@id\":\"https:\/\/www.heddata.se\/webbutik\/produkt\/doro-1362-svart\/\",\"url\":\"https:\/\/www.heddata.se\/webbutik\/produkt\/doro-1362-svart\/\",\"name\":\"DORO 1362 Svart l\u00e4ttanv\u00e4nd mobiltelefon perfekt f\u00f6r \u00e4ldre.\",\"isPartOf\":{\"@id\":\"https:\/\/www.heddata.se\/webbutik\/#website\"},\"primaryImageOfPage\":{\"@id\":\"https:\/\/www.heddata.se\/webbutik\/produkt\/doro-1362-svart\/#primaryimage\"},\"image\":{\"@id\":\"https:\/\/www.heddata.se\/webbutik\/produkt\/doro-1362-svart\/#primaryimage\"},\"thumbnailUrl\":\"https:\/\/www.heddata.se\/webbutik\/wp-content\/uploads\/doro-1362-svart.jpg\",\"datePublished\":\"2020-02-21T16:46:11+00:00\",\"dateModified\":\"2026-04-03T16:18:59+00:00\",\"description\":\"Doro 1362 Svart \u00e4r en l\u00e4ttanv\u00e4nd mobiltelefon med kamera, dubbla simkort och bredare sk\u00e4rm. V\u00e4l separerade knappar g\u00f6r det enklare att ringa och skriva sms.\",\"breadcrumb\":{\"@id\":\"https:\/\/www.heddata.se\/webbutik\/produkt\/doro-1362-svart\/#breadcrumb\"},\"inLanguage\":\"sv-SE\",\"potentialAction\":[{\"@type\":\"ReadAction\",\"target\":[\"https:\/\/www.heddata.se\/webbutik\/produkt\/doro-1362-svart\/\"]}]},{\"@type\":\"ImageObject\",\"inLanguage\":\"sv-SE\",\"@id\":\"https:\/\/www.heddata.se\/webbutik\/produkt\/doro-1362-svart\/#primaryimage\",\"url\":\"https:\/\/www.heddata.se\/webbutik\/wp-content\/uploads\/doro-1362-svart.jpg\",\"contentUrl\":\"https:\/\/www.heddata.se\/webbutik\/wp-content\/uploads\/doro-1362-svart.jpg\",\"width\":720,\"height\":720,\"caption\":\"DORO 1362 Svart\"},{\"@type\":\"BreadcrumbList\",\"@id\":\"https:\/\/www.heddata.se\/webbutik\/produkt\/doro-1362-svart\/#breadcrumb\",\"itemListElement\":[{\"@type\":\"ListItem\",\"position\":1,\"name\":\"Hem\",\"item\":\"https:\/\/www.heddata.se\/webbutik\/\"},{\"@type\":\"ListItem\",\"position\":2,\"name\":\"Produkter\",\"item\":\"https:\/\/www.heddata.se\/webbutik\/shop\/\"},{\"@type\":\"ListItem\",\"position\":3,\"name\":\"DORO 1362 Svart\"}]},{\"@type\":\"WebSite\",\"@id\":\"https:\/\/www.heddata.se\/webbutik\/#website\",\"url\":\"https:\/\/www.heddata.se\/webbutik\/\",\"name\":\"Datorer, Skrivare, F\u00e4rgpatroner, Mobiltelefoner\",\"description\":\"Kablar\",\"publisher\":{\"@id\":\"https:\/\/www.heddata.se\/webbutik\/#organization\"},\"potentialAction\":[{\"@type\":\"SearchAction\",\"target\":{\"@type\":\"EntryPoint\",\"urlTemplate\":\"https:\/\/www.heddata.se\/webbutik\/?s={search_term_string}\"},\"query-input\":{\"@type\":\"PropertyValueSpecification\",\"valueRequired\":true,\"valueName\":\"search_term_string\"}}],\"inLanguage\":\"sv-SE\"},{\"@type\":\"Organization\",\"@id\":\"https:\/\/www.heddata.se\/webbutik\/#organization\",\"name\":\"Heddata AB\",\"url\":\"https:\/\/www.heddata.se\/webbutik\/\",\"logo\":{\"@type\":\"ImageObject\",\"inLanguage\":\"sv-SE\",\"@id\":\"https:\/\/www.heddata.se\/webbutik\/#\/schema\/logo\/image\/\",\"url\":\"https:\/\/www.heddata.se\/webbutik\/wp-content\/uploads\/logga\/heddata-ab-logga.png\",\"contentUrl\":\"https:\/\/www.heddata.se\/webbutik\/wp-content\/uploads\/logga\/heddata-ab-logga.png\",\"width\":200,\"height\":64,\"caption\":\"Heddata AB\"},\"image\":{\"@id\":\"https:\/\/www.heddata.se\/webbutik\/#\/schema\/logo\/image\/\"}}]}<\/script>\n<!-- \/ Yoast SEO Premium plugin. -->","yoast_head_json":{"title":"DORO 1362 Svart l\u00e4ttanv\u00e4nd mobiltelefon perfekt f\u00f6r \u00e4ldre.","description":"Doro 1362 Svart \u00e4r en l\u00e4ttanv\u00e4nd mobiltelefon med kamera, dubbla simkort och bredare sk\u00e4rm. V\u00e4l separerade knappar g\u00f6r det enklare att ringa och skriva sms.","robots":{"index":"index","follow":"follow","max-snippet":"max-snippet:-1","max-image-preview":"max-image-preview:large","max-video-preview":"max-video-preview:-1"},"canonical":"https:\/\/www.heddata.se\/webbutik\/produkt\/doro-1362-svart\/","og_locale":"sv_SE","og_type":"article","og_title":"DORO 1362 Svart","og_description":"Doro 1362 Svart \u00e4r en l\u00e4ttanv\u00e4nd mobiltelefon med kamera, dubbla simkort och bredare sk\u00e4rm. V\u00e4l separerade knappar g\u00f6r det enklare att ringa och skriva sms.","og_url":"https:\/\/www.heddata.se\/webbutik\/produkt\/doro-1362-svart\/","og_site_name":"Datorer, Skrivare, F\u00e4rgpatroner, Mobiltelefoner","article_modified_time":"2026-04-03T16:18:59+00:00","og_image":[{"width":720,"height":720,"url":"https:\/\/www.heddata.se\/webbutik\/wp-content\/uploads\/doro-1362-svart.jpg","type":"image\/jpeg"}],"twitter_card":"summary_large_image","twitter_misc":{"Ber\u00e4knad l\u00e4stid":"1 minut"},"schema":{"@context":"https:\/\/schema.org","@graph":[{"@type":"WebPage","@id":"https:\/\/www.heddata.se\/webbutik\/produkt\/doro-1362-svart\/","url":"https:\/\/www.heddata.se\/webbutik\/produkt\/doro-1362-svart\/","name":"DORO 1362 Svart l\u00e4ttanv\u00e4nd mobiltelefon perfekt f\u00f6r \u00e4ldre.","isPartOf":{"@id":"https:\/\/www.heddata.se\/webbutik\/#website"},"primaryImageOfPage":{"@id":"https:\/\/www.heddata.se\/webbutik\/produkt\/doro-1362-svart\/#primaryimage"},"image":{"@id":"https:\/\/www.heddata.se\/webbutik\/produkt\/doro-1362-svart\/#primaryimage"},"thumbnailUrl":"https:\/\/www.heddata.se\/webbutik\/wp-content\/uploads\/doro-1362-svart.jpg","datePublished":"2020-02-21T16:46:11+00:00","dateModified":"2026-04-03T16:18:59+00:00","description":"Doro 1362 Svart \u00e4r en l\u00e4ttanv\u00e4nd mobiltelefon med kamera, dubbla simkort och bredare sk\u00e4rm. V\u00e4l separerade knappar g\u00f6r det enklare att ringa och skriva sms.","breadcrumb":{"@id":"https:\/\/www.heddata.se\/webbutik\/produkt\/doro-1362-svart\/#breadcrumb"},"inLanguage":"sv-SE","potentialAction":[{"@type":"ReadAction","target":["https:\/\/www.heddata.se\/webbutik\/produkt\/doro-1362-svart\/"]}]},{"@type":"ImageObject","inLanguage":"sv-SE","@id":"https:\/\/www.heddata.se\/webbutik\/produkt\/doro-1362-svart\/#primaryimage","url":"https:\/\/www.heddata.se\/webbutik\/wp-content\/uploads\/doro-1362-svart.jpg","contentUrl":"https:\/\/www.heddata.se\/webbutik\/wp-content\/uploads\/doro-1362-svart.jpg","width":720,"height":720,"caption":"DORO 1362 Svart"},{"@type":"BreadcrumbList","@id":"https:\/\/www.heddata.se\/webbutik\/produkt\/doro-1362-svart\/#breadcrumb","itemListElement":[{"@type":"ListItem","position":1,"name":"Hem","item":"https:\/\/www.heddata.se\/webbutik\/"},{"@type":"ListItem","position":2,"name":"Produkter","item":"https:\/\/www.heddata.se\/webbutik\/shop\/"},{"@type":"ListItem","position":3,"name":"DORO 1362 Svart"}]},{"@type":"WebSite","@id":"https:\/\/www.heddata.se\/webbutik\/#website","url":"https:\/\/www.heddata.se\/webbutik\/","name":"Datorer, Skrivare, F\u00e4rgpatroner, Mobiltelefoner","description":"Kablar","publisher":{"@id":"https:\/\/www.heddata.se\/webbutik\/#organization"},"potentialAction":[{"@type":"SearchAction","target":{"@type":"EntryPoint","urlTemplate":"https:\/\/www.heddata.se\/webbutik\/?s={search_term_string}"},"query-input":{"@type":"PropertyValueSpecification","valueRequired":true,"valueName":"search_term_string"}}],"inLanguage":"sv-SE"},{"@type":"Organization","@id":"https:\/\/www.heddata.se\/webbutik\/#organization","name":"Heddata AB","url":"https:\/\/www.heddata.se\/webbutik\/","logo":{"@type":"ImageObject","inLanguage":"sv-SE","@id":"https:\/\/www.heddata.se\/webbutik\/#\/schema\/logo\/image\/","url":"https:\/\/www.heddata.se\/webbutik\/wp-content\/uploads\/logga\/heddata-ab-logga.png","contentUrl":"https:\/\/www.heddata.se\/webbutik\/wp-content\/uploads\/logga\/heddata-ab-logga.png","width":200,"height":64,"caption":"Heddata AB"},"image":{"@id":"https:\/\/www.heddata.se\/webbutik\/#\/schema\/logo\/image\/"}}]}},"_links":{"self":[{"href":"https:\/\/www.heddata.se\/webbutik\/wp-json\/wp\/v2\/product\/57674","targetHints":{"allow":["GET"]}}],"collection":[{"href":"https:\/\/www.heddata.se\/webbutik\/wp-json\/wp\/v2\/product"}],"about":[{"href":"https:\/\/www.heddata.se\/webbutik\/wp-json\/wp\/v2\/types\/product"}],"wp:featuredmedia":[{"embeddable":true,"href":"https:\/\/www.heddata.se\/webbutik\/wp-json\/wp\/v2\/media\/57942"}],"wp:attachment":[{"href":"https:\/\/www.heddata.se\/webbutik\/wp-json\/wp\/v2\/media?parent=57674"}],"wp:term":[{"taxonomy":"product_brand","embeddable":true,"href":"https:\/\/www.heddata.se\/webbutik\/wp-json\/wp\/v2\/product_brand?post=57674"},{"taxonomy":"product_cat","embeddable":true,"href":"https:\/\/www.heddata.se\/webbutik\/wp-json\/wp\/v2\/product_cat?post=57674"},{"taxonomy":"product_tag","embeddable":true,"href":"https:\/\/www.heddata.se\/webbutik\/wp-json\/wp\/v2\/product_tag?post=57674"}],"curies":[{"name":"wp","href":"https:\/\/api.w.org\/{rel}","templated":true}]}}