{"id":54178,"date":"2020-02-18T17:46:29","date_gmt":"2020-02-18T16:46:29","guid":{"rendered":"https:\/\/www.heddata.se\/webbutik\/?post_type=product&#038;p=54178"},"modified":"2026-04-07T18:10:23","modified_gmt":"2026-04-07T16:10:23","slug":"s-ftp-cat6-patchkabel-5m-250mhz-uv-resistent-svart","status":"publish","type":"product","link":"https:\/\/www.heddata.se\/webbutik\/produkt\/s-ftp-cat6-patchkabel-5m-250mhz-uv-resistent-svart\/","title":{"rendered":"S\/FTP Cat6 patchkabel 5m, 250MHz, UV-resistent, svart"},"content":{"rendered":"<p>S\/FTP Cat6 patchkabel, 5m, 250MHz, UV-resistent, svart<\/p>\n<p dir=\"ltr\" align=\"left\">S\/FTP Cat6 patchkabel 5m \u00e4r en <a href=\"https:\/\/www.heddata.se\/webbutik\/kablar\/natverkskablar\/\">kabel<\/a> f\u00f6r inom- och utomhusmilj\u00f6er d\u00e4r temperaturf\u00f6r\u00e4ndringar och solexponering \u00e4r vanligt f\u00f6rekommande.<\/p>\n<p dir=\"ltr\" align=\"left\">Manteln \u00e4r tillverkad Dow AXELERON GP 6059, ett LLDPE-material som \u00e4r UV-resistent och ger kabeln en driftstemperatur mellan -20 och 60 grader Celsius.<\/p>\n<p dir=\"ltr\" align=\"left\">Kontakterna \u00e4r gjutna med dragavlastning f\u00f6r minimerad risk att glapp uppst\u00e5r samtidigt som kontaktytorna \u00e4r guldpl\u00e4terade f\u00f6r bibeh\u00e5llen kvalitet vid upprepade anslutningar.<\/p>\n<p dir=\"ltr\" align=\"left\"><a href=\"https:\/\/www.deltaco.se\/\" target=\"_blank\" rel=\"noopener noreferrer\">Kabeln<\/a> m\u00f6ter de krav som \u00e4r specificerade i Cat6 vilket m\u00f6jligg\u00f6r 10Gbit\/s p\u00e5 avst\u00e5nd upp till 55m mellan anslutna enheter.<\/p>\n<p dir=\"ltr\" align=\"left\">\u2022 Mantel av UV-resistent plast och driftstemperatur mellan -20 och 60 grader Celsius.<\/p>\n<p dir=\"ltr\" align=\"left\">\u2022 Ledare av 23AWG ren koppar ger best\u00e4ndig signal f\u00f6r b\u00e5de Ethernet och PoE.<\/p>\n<p dir=\"ltr\" align=\"left\">\u2022 M\u00f6ter Cat6-specifikationen med 250MHz bandbredd och upp till 10Gbit\/s \u00f6verf\u00f6ringshastighet.<\/p>\n","protected":false},"excerpt":{"rendered":"<p>S\/FTP Cat6 patchkabel, 5m, 250MHz, UV-resistent, svart<\/p>\n","protected":false},"featured_media":59028,"template":"","meta":[],"product_brand":[],"product_cat":[59,70,78],"product_tag":[],"class_list":{"0":"post-54178","1":"product","2":"type-product","3":"status-publish","4":"has-post-thumbnail","6":"product_cat-kablar","7":"product_cat-natverk","8":"product_cat-natverkskablar","10":"first","11":"instock","12":"taxable","13":"shipping-taxable","14":"purchasable","15":"product-type-simple"},"yoast_head":"<!-- This site is optimized with the Yoast SEO Premium plugin v26.7 (Yoast SEO v26.7) - https:\/\/yoast.com\/wordpress\/plugins\/seo\/ -->\n<title>S\/FTP Cat6 patchkabel, 5m, 250MHz, UV-resistent, svart<\/title>\n<meta name=\"description\" content=\"S\/FTP Cat6 patchkabel, 5m, svart \u00e4r en kabel f\u00f6r inom- och utomhusmilj\u00f6er d\u00e4r temperaturf\u00f6r\u00e4ndringar och solexponering \u00e4r vanligt f\u00f6rekommande.\" \/>\n<meta name=\"robots\" content=\"index, follow, max-snippet:-1, max-image-preview:large, max-video-preview:-1\" \/>\n<link rel=\"canonical\" href=\"https:\/\/www.heddata.se\/webbutik\/produkt\/s-ftp-cat6-patchkabel-5m-250mhz-uv-resistent-svart\/\" \/>\n<meta property=\"og:locale\" content=\"sv_SE\" \/>\n<meta property=\"og:type\" content=\"article\" \/>\n<meta property=\"og:title\" content=\"S\/FTP Cat6 patchkabel 5m, 250MHz, UV-resistent, svart\" \/>\n<meta property=\"og:description\" content=\"S\/FTP Cat6 patchkabel, 5m, svart \u00e4r en kabel f\u00f6r inom- och utomhusmilj\u00f6er d\u00e4r temperaturf\u00f6r\u00e4ndringar och solexponering \u00e4r vanligt f\u00f6rekommande.\" \/>\n<meta property=\"og:url\" content=\"https:\/\/www.heddata.se\/webbutik\/produkt\/s-ftp-cat6-patchkabel-5m-250mhz-uv-resistent-svart\/\" \/>\n<meta property=\"og:site_name\" content=\"Datorer, Skrivare, F\u00e4rgpatroner, Mobiltelefoner\" \/>\n<meta property=\"article:modified_time\" content=\"2026-04-07T16:10:23+00:00\" \/>\n<meta property=\"og:image\" content=\"https:\/\/www.heddata.se\/webbutik\/wp-content\/uploads\/SFTP-65UV.jpg\" \/>\n\t<meta property=\"og:image:width\" content=\"446\" \/>\n\t<meta property=\"og:image:height\" content=\"446\" \/>\n\t<meta property=\"og:image:type\" content=\"image\/jpeg\" \/>\n<meta name=\"twitter:card\" content=\"summary_large_image\" \/>\n<meta name=\"twitter:label1\" content=\"Ber\u00e4knad l\u00e4stid\" \/>\n\t<meta name=\"twitter:data1\" content=\"1 minut\" \/>\n<script type=\"application\/ld+json\" class=\"yoast-schema-graph\">{\"@context\":\"https:\/\/schema.org\",\"@graph\":[{\"@type\":\"WebPage\",\"@id\":\"https:\/\/www.heddata.se\/webbutik\/produkt\/s-ftp-cat6-patchkabel-5m-250mhz-uv-resistent-svart\/\",\"url\":\"https:\/\/www.heddata.se\/webbutik\/produkt\/s-ftp-cat6-patchkabel-5m-250mhz-uv-resistent-svart\/\",\"name\":\"S\/FTP Cat6 patchkabel, 5m, 250MHz, UV-resistent, svart\",\"isPartOf\":{\"@id\":\"https:\/\/www.heddata.se\/webbutik\/#website\"},\"primaryImageOfPage\":{\"@id\":\"https:\/\/www.heddata.se\/webbutik\/produkt\/s-ftp-cat6-patchkabel-5m-250mhz-uv-resistent-svart\/#primaryimage\"},\"image\":{\"@id\":\"https:\/\/www.heddata.se\/webbutik\/produkt\/s-ftp-cat6-patchkabel-5m-250mhz-uv-resistent-svart\/#primaryimage\"},\"thumbnailUrl\":\"https:\/\/www.heddata.se\/webbutik\/wp-content\/uploads\/SFTP-65UV.jpg\",\"datePublished\":\"2020-02-18T16:46:29+00:00\",\"dateModified\":\"2026-04-07T16:10:23+00:00\",\"description\":\"S\/FTP Cat6 patchkabel, 5m, svart \u00e4r en kabel f\u00f6r inom- och utomhusmilj\u00f6er d\u00e4r temperaturf\u00f6r\u00e4ndringar och solexponering \u00e4r vanligt f\u00f6rekommande.\",\"breadcrumb\":{\"@id\":\"https:\/\/www.heddata.se\/webbutik\/produkt\/s-ftp-cat6-patchkabel-5m-250mhz-uv-resistent-svart\/#breadcrumb\"},\"inLanguage\":\"sv-SE\",\"potentialAction\":[{\"@type\":\"ReadAction\",\"target\":[\"https:\/\/www.heddata.se\/webbutik\/produkt\/s-ftp-cat6-patchkabel-5m-250mhz-uv-resistent-svart\/\"]}]},{\"@type\":\"ImageObject\",\"inLanguage\":\"sv-SE\",\"@id\":\"https:\/\/www.heddata.se\/webbutik\/produkt\/s-ftp-cat6-patchkabel-5m-250mhz-uv-resistent-svart\/#primaryimage\",\"url\":\"https:\/\/www.heddata.se\/webbutik\/wp-content\/uploads\/SFTP-65UV.jpg\",\"contentUrl\":\"https:\/\/www.heddata.se\/webbutik\/wp-content\/uploads\/SFTP-65UV.jpg\",\"width\":446,\"height\":446,\"caption\":\"S\/FTP Cat6 patchkabel, 5m\"},{\"@type\":\"BreadcrumbList\",\"@id\":\"https:\/\/www.heddata.se\/webbutik\/produkt\/s-ftp-cat6-patchkabel-5m-250mhz-uv-resistent-svart\/#breadcrumb\",\"itemListElement\":[{\"@type\":\"ListItem\",\"position\":1,\"name\":\"Hem\",\"item\":\"https:\/\/www.heddata.se\/webbutik\/\"},{\"@type\":\"ListItem\",\"position\":2,\"name\":\"Produkter\",\"item\":\"https:\/\/www.heddata.se\/webbutik\/shop\/\"},{\"@type\":\"ListItem\",\"position\":3,\"name\":\"S\/FTP Cat6 patchkabel 5m, 250MHz, UV-resistent, svart\"}]},{\"@type\":\"WebSite\",\"@id\":\"https:\/\/www.heddata.se\/webbutik\/#website\",\"url\":\"https:\/\/www.heddata.se\/webbutik\/\",\"name\":\"Datorer, Skrivare, F\u00e4rgpatroner, Mobiltelefoner\",\"description\":\"Kablar\",\"publisher\":{\"@id\":\"https:\/\/www.heddata.se\/webbutik\/#organization\"},\"potentialAction\":[{\"@type\":\"SearchAction\",\"target\":{\"@type\":\"EntryPoint\",\"urlTemplate\":\"https:\/\/www.heddata.se\/webbutik\/?s={search_term_string}\"},\"query-input\":{\"@type\":\"PropertyValueSpecification\",\"valueRequired\":true,\"valueName\":\"search_term_string\"}}],\"inLanguage\":\"sv-SE\"},{\"@type\":\"Organization\",\"@id\":\"https:\/\/www.heddata.se\/webbutik\/#organization\",\"name\":\"Heddata AB\",\"url\":\"https:\/\/www.heddata.se\/webbutik\/\",\"logo\":{\"@type\":\"ImageObject\",\"inLanguage\":\"sv-SE\",\"@id\":\"https:\/\/www.heddata.se\/webbutik\/#\/schema\/logo\/image\/\",\"url\":\"https:\/\/www.heddata.se\/webbutik\/wp-content\/uploads\/logga\/heddata-ab-logga.png\",\"contentUrl\":\"https:\/\/www.heddata.se\/webbutik\/wp-content\/uploads\/logga\/heddata-ab-logga.png\",\"width\":200,\"height\":64,\"caption\":\"Heddata AB\"},\"image\":{\"@id\":\"https:\/\/www.heddata.se\/webbutik\/#\/schema\/logo\/image\/\"}}]}<\/script>\n<!-- \/ Yoast SEO Premium plugin. -->","yoast_head_json":{"title":"S\/FTP Cat6 patchkabel, 5m, 250MHz, UV-resistent, svart","description":"S\/FTP Cat6 patchkabel, 5m, svart \u00e4r en kabel f\u00f6r inom- och utomhusmilj\u00f6er d\u00e4r temperaturf\u00f6r\u00e4ndringar och solexponering \u00e4r vanligt f\u00f6rekommande.","robots":{"index":"index","follow":"follow","max-snippet":"max-snippet:-1","max-image-preview":"max-image-preview:large","max-video-preview":"max-video-preview:-1"},"canonical":"https:\/\/www.heddata.se\/webbutik\/produkt\/s-ftp-cat6-patchkabel-5m-250mhz-uv-resistent-svart\/","og_locale":"sv_SE","og_type":"article","og_title":"S\/FTP Cat6 patchkabel 5m, 250MHz, UV-resistent, svart","og_description":"S\/FTP Cat6 patchkabel, 5m, svart \u00e4r en kabel f\u00f6r inom- och utomhusmilj\u00f6er d\u00e4r temperaturf\u00f6r\u00e4ndringar och solexponering \u00e4r vanligt f\u00f6rekommande.","og_url":"https:\/\/www.heddata.se\/webbutik\/produkt\/s-ftp-cat6-patchkabel-5m-250mhz-uv-resistent-svart\/","og_site_name":"Datorer, Skrivare, F\u00e4rgpatroner, Mobiltelefoner","article_modified_time":"2026-04-07T16:10:23+00:00","og_image":[{"width":446,"height":446,"url":"https:\/\/www.heddata.se\/webbutik\/wp-content\/uploads\/SFTP-65UV.jpg","type":"image\/jpeg"}],"twitter_card":"summary_large_image","twitter_misc":{"Ber\u00e4knad l\u00e4stid":"1 minut"},"schema":{"@context":"https:\/\/schema.org","@graph":[{"@type":"WebPage","@id":"https:\/\/www.heddata.se\/webbutik\/produkt\/s-ftp-cat6-patchkabel-5m-250mhz-uv-resistent-svart\/","url":"https:\/\/www.heddata.se\/webbutik\/produkt\/s-ftp-cat6-patchkabel-5m-250mhz-uv-resistent-svart\/","name":"S\/FTP Cat6 patchkabel, 5m, 250MHz, UV-resistent, svart","isPartOf":{"@id":"https:\/\/www.heddata.se\/webbutik\/#website"},"primaryImageOfPage":{"@id":"https:\/\/www.heddata.se\/webbutik\/produkt\/s-ftp-cat6-patchkabel-5m-250mhz-uv-resistent-svart\/#primaryimage"},"image":{"@id":"https:\/\/www.heddata.se\/webbutik\/produkt\/s-ftp-cat6-patchkabel-5m-250mhz-uv-resistent-svart\/#primaryimage"},"thumbnailUrl":"https:\/\/www.heddata.se\/webbutik\/wp-content\/uploads\/SFTP-65UV.jpg","datePublished":"2020-02-18T16:46:29+00:00","dateModified":"2026-04-07T16:10:23+00:00","description":"S\/FTP Cat6 patchkabel, 5m, svart \u00e4r en kabel f\u00f6r inom- och utomhusmilj\u00f6er d\u00e4r temperaturf\u00f6r\u00e4ndringar och solexponering \u00e4r vanligt f\u00f6rekommande.","breadcrumb":{"@id":"https:\/\/www.heddata.se\/webbutik\/produkt\/s-ftp-cat6-patchkabel-5m-250mhz-uv-resistent-svart\/#breadcrumb"},"inLanguage":"sv-SE","potentialAction":[{"@type":"ReadAction","target":["https:\/\/www.heddata.se\/webbutik\/produkt\/s-ftp-cat6-patchkabel-5m-250mhz-uv-resistent-svart\/"]}]},{"@type":"ImageObject","inLanguage":"sv-SE","@id":"https:\/\/www.heddata.se\/webbutik\/produkt\/s-ftp-cat6-patchkabel-5m-250mhz-uv-resistent-svart\/#primaryimage","url":"https:\/\/www.heddata.se\/webbutik\/wp-content\/uploads\/SFTP-65UV.jpg","contentUrl":"https:\/\/www.heddata.se\/webbutik\/wp-content\/uploads\/SFTP-65UV.jpg","width":446,"height":446,"caption":"S\/FTP Cat6 patchkabel, 5m"},{"@type":"BreadcrumbList","@id":"https:\/\/www.heddata.se\/webbutik\/produkt\/s-ftp-cat6-patchkabel-5m-250mhz-uv-resistent-svart\/#breadcrumb","itemListElement":[{"@type":"ListItem","position":1,"name":"Hem","item":"https:\/\/www.heddata.se\/webbutik\/"},{"@type":"ListItem","position":2,"name":"Produkter","item":"https:\/\/www.heddata.se\/webbutik\/shop\/"},{"@type":"ListItem","position":3,"name":"S\/FTP Cat6 patchkabel 5m, 250MHz, UV-resistent, svart"}]},{"@type":"WebSite","@id":"https:\/\/www.heddata.se\/webbutik\/#website","url":"https:\/\/www.heddata.se\/webbutik\/","name":"Datorer, Skrivare, F\u00e4rgpatroner, Mobiltelefoner","description":"Kablar","publisher":{"@id":"https:\/\/www.heddata.se\/webbutik\/#organization"},"potentialAction":[{"@type":"SearchAction","target":{"@type":"EntryPoint","urlTemplate":"https:\/\/www.heddata.se\/webbutik\/?s={search_term_string}"},"query-input":{"@type":"PropertyValueSpecification","valueRequired":true,"valueName":"search_term_string"}}],"inLanguage":"sv-SE"},{"@type":"Organization","@id":"https:\/\/www.heddata.se\/webbutik\/#organization","name":"Heddata AB","url":"https:\/\/www.heddata.se\/webbutik\/","logo":{"@type":"ImageObject","inLanguage":"sv-SE","@id":"https:\/\/www.heddata.se\/webbutik\/#\/schema\/logo\/image\/","url":"https:\/\/www.heddata.se\/webbutik\/wp-content\/uploads\/logga\/heddata-ab-logga.png","contentUrl":"https:\/\/www.heddata.se\/webbutik\/wp-content\/uploads\/logga\/heddata-ab-logga.png","width":200,"height":64,"caption":"Heddata AB"},"image":{"@id":"https:\/\/www.heddata.se\/webbutik\/#\/schema\/logo\/image\/"}}]}},"_links":{"self":[{"href":"https:\/\/www.heddata.se\/webbutik\/wp-json\/wp\/v2\/product\/54178","targetHints":{"allow":["GET"]}}],"collection":[{"href":"https:\/\/www.heddata.se\/webbutik\/wp-json\/wp\/v2\/product"}],"about":[{"href":"https:\/\/www.heddata.se\/webbutik\/wp-json\/wp\/v2\/types\/product"}],"wp:featuredmedia":[{"embeddable":true,"href":"https:\/\/www.heddata.se\/webbutik\/wp-json\/wp\/v2\/media\/59028"}],"wp:attachment":[{"href":"https:\/\/www.heddata.se\/webbutik\/wp-json\/wp\/v2\/media?parent=54178"}],"wp:term":[{"taxonomy":"product_brand","embeddable":true,"href":"https:\/\/www.heddata.se\/webbutik\/wp-json\/wp\/v2\/product_brand?post=54178"},{"taxonomy":"product_cat","embeddable":true,"href":"https:\/\/www.heddata.se\/webbutik\/wp-json\/wp\/v2\/product_cat?post=54178"},{"taxonomy":"product_tag","embeddable":true,"href":"https:\/\/www.heddata.se\/webbutik\/wp-json\/wp\/v2\/product_tag?post=54178"}],"curies":[{"name":"wp","href":"https:\/\/api.w.org\/{rel}","templated":true}]}}