{"id":5138,"date":"2019-11-08T16:10:16","date_gmt":"2019-11-08T15:10:16","guid":{"rendered":"https:\/\/www.heddata.se\/webbutik\/?post_type=product&#038;p=5138"},"modified":"2026-04-07T08:55:54","modified_gmt":"2026-04-07T06:55:54","slug":"sandisk-microsdhc-32gb-uhs-i-u3-extreme-pro","status":"publish","type":"product","link":"https:\/\/www.heddata.se\/webbutik\/produkt\/sandisk-microsdhc-32gb-uhs-i-u3-extreme-pro\/","title":{"rendered":"SanDisk microSDHC 32GB UHS-I U3 Extreme Pro"},"content":{"rendered":"<p>SanDisk microSDHC 32GB UHS-I U3 Extreme Pro- kortet l\u00e5ter dig fota mer och levererar h\u00f6ga \u00f6verf\u00f6ringshastigheter. En l\u00e4shastighet p\u00e5 upp till 100 MB\/s sparar dig tid vid \u00f6verf\u00f6ring av st\u00f6rre filer med 4-K UHD-videor och h\u00f6guppl\u00f6sta bilder. Den snabba skrivarhastigheten p\u00e5 90 MB\/ s till\u00e5ter dig att ta v\u00e4ldigt snabba actionbilder, eller l\u00e5nga kontinuerliga bildserier.<\/p>\n<p>Pro-prestanda f\u00f6r \u00e4nnu snabbare bilder, 4K UHD och en stigande app-prestanda. Dessa <a href=\"https:\/\/www.heddata.se\/webbutik\/lagring\/minneskort\/\">minneskort<\/a> \u00e4r tufft byggda f\u00f6r att kunna klara av v\u00e4ldigt utmanande milj\u00f6f\u00f6rh\u00e5llanden, och \u00e4r \u00e4ven extremt h\u00e5llbara.<\/p>\n<p><strong>Tillverkare: <\/strong><a href=\"https:\/\/kb.sandisk.com\/app\/cards\" target=\"_blank\" rel=\"noopener noreferrer\">SanDisk<\/a><strong><br \/>\nProdukttyp:<\/strong> Flash-minneskort<br \/>\n<strong>Lagringskapacitet:<\/strong> 32 GB<br \/>\n<strong>Kompatibilitet:<\/strong> Icke-specifik<br \/>\n<strong>Hastighetsbetyg:<\/strong> 667x<br \/>\nSD Speed \u200b\u200bClass A1 \/ Video Class V30 \/ UHS-I U3<br \/>\n<strong>L\u00e4shastighet:<\/strong> Upp till 100 MB \/ s<br \/>\n<strong>Formfaktor:<\/strong> microSDHC UHS-I-minneskort<\/p>\n","protected":false},"excerpt":{"rendered":"<p>SanDisk microSDHC 32GB UHS-I U3 Extreme Pro<\/p>\n","protected":false},"featured_media":5837,"template":"","meta":[],"product_brand":[],"product_cat":[64,108],"product_tag":[8971],"class_list":{"0":"post-5138","1":"product","2":"type-product","3":"status-publish","4":"has-post-thumbnail","6":"product_cat-lagring","7":"product_cat-minneskort","8":"product_tag-microsd-kort","10":"first","11":"outofstock","12":"taxable","13":"shipping-taxable","14":"product-type-simple"},"yoast_head":"<!-- This site is optimized with the Yoast SEO Premium plugin v26.7 (Yoast SEO v26.7) - https:\/\/yoast.com\/wordpress\/plugins\/seo\/ -->\n<title>SanDisk microSDHC 32GB UHS-I U3 Extreme Pro<\/title>\n<meta name=\"description\" content=\"SanDisk microSDHC 32GB UHS-I U3 Extreme Pro. Den snabba skrivarhastigheten p\u00e5 90 MB\/ s till\u00e5ter dig att ta v\u00e4ldigt snabba actionbilder\" \/>\n<meta name=\"robots\" content=\"index, follow, max-snippet:-1, max-image-preview:large, max-video-preview:-1\" \/>\n<link rel=\"canonical\" href=\"https:\/\/www.heddata.se\/webbutik\/produkt\/sandisk-microsdhc-32gb-uhs-i-u3-extreme-pro\/\" \/>\n<meta property=\"og:locale\" content=\"sv_SE\" \/>\n<meta property=\"og:type\" content=\"article\" \/>\n<meta property=\"og:title\" content=\"SanDisk microSDHC 32GB UHS-I U3 Extreme Pro\" \/>\n<meta property=\"og:description\" content=\"SanDisk microSDHC 32GB UHS-I U3 Extreme Pro. Den snabba skrivarhastigheten p\u00e5 90 MB\/ s till\u00e5ter dig att ta v\u00e4ldigt snabba actionbilder\" \/>\n<meta property=\"og:url\" content=\"https:\/\/www.heddata.se\/webbutik\/produkt\/sandisk-microsdhc-32gb-uhs-i-u3-extreme-pro\/\" \/>\n<meta property=\"og:site_name\" content=\"Datorer, Skrivare, F\u00e4rgpatroner, Mobiltelefoner\" \/>\n<meta property=\"article:modified_time\" content=\"2026-04-07T06:55:54+00:00\" \/>\n<meta property=\"og:image\" content=\"https:\/\/www.heddata.se\/webbutik\/wp-content\/uploads\/webbutik\/kategorier\/Lagring\/SanDisk-microSDHC-32GB-UHS-I-U-Extreme-Pro.jpg\" \/>\n\t<meta property=\"og:image:width\" content=\"800\" \/>\n\t<meta property=\"og:image:height\" content=\"600\" \/>\n\t<meta property=\"og:image:type\" content=\"image\/jpeg\" \/>\n<meta name=\"twitter:card\" content=\"summary_large_image\" \/>\n<meta name=\"twitter:label1\" content=\"Ber\u00e4knad l\u00e4stid\" \/>\n\t<meta name=\"twitter:data1\" content=\"1 minut\" \/>\n<script type=\"application\/ld+json\" class=\"yoast-schema-graph\">{\"@context\":\"https:\/\/schema.org\",\"@graph\":[{\"@type\":\"WebPage\",\"@id\":\"https:\/\/www.heddata.se\/webbutik\/produkt\/sandisk-microsdhc-32gb-uhs-i-u3-extreme-pro\/\",\"url\":\"https:\/\/www.heddata.se\/webbutik\/produkt\/sandisk-microsdhc-32gb-uhs-i-u3-extreme-pro\/\",\"name\":\"SanDisk microSDHC 32GB UHS-I U3 Extreme Pro\",\"isPartOf\":{\"@id\":\"https:\/\/www.heddata.se\/webbutik\/#website\"},\"primaryImageOfPage\":{\"@id\":\"https:\/\/www.heddata.se\/webbutik\/produkt\/sandisk-microsdhc-32gb-uhs-i-u3-extreme-pro\/#primaryimage\"},\"image\":{\"@id\":\"https:\/\/www.heddata.se\/webbutik\/produkt\/sandisk-microsdhc-32gb-uhs-i-u3-extreme-pro\/#primaryimage\"},\"thumbnailUrl\":\"https:\/\/www.heddata.se\/webbutik\/wp-content\/uploads\/webbutik\/kategorier\/Lagring\/SanDisk-microSDHC-32GB-UHS-I-U-Extreme-Pro.jpg\",\"datePublished\":\"2019-11-08T15:10:16+00:00\",\"dateModified\":\"2026-04-07T06:55:54+00:00\",\"description\":\"SanDisk microSDHC 32GB UHS-I U3 Extreme Pro. Den snabba skrivarhastigheten p\u00e5 90 MB\/ s till\u00e5ter dig att ta v\u00e4ldigt snabba actionbilder\",\"breadcrumb\":{\"@id\":\"https:\/\/www.heddata.se\/webbutik\/produkt\/sandisk-microsdhc-32gb-uhs-i-u3-extreme-pro\/#breadcrumb\"},\"inLanguage\":\"sv-SE\",\"potentialAction\":[{\"@type\":\"ReadAction\",\"target\":[\"https:\/\/www.heddata.se\/webbutik\/produkt\/sandisk-microsdhc-32gb-uhs-i-u3-extreme-pro\/\"]}]},{\"@type\":\"ImageObject\",\"inLanguage\":\"sv-SE\",\"@id\":\"https:\/\/www.heddata.se\/webbutik\/produkt\/sandisk-microsdhc-32gb-uhs-i-u3-extreme-pro\/#primaryimage\",\"url\":\"https:\/\/www.heddata.se\/webbutik\/wp-content\/uploads\/webbutik\/kategorier\/Lagring\/SanDisk-microSDHC-32GB-UHS-I-U-Extreme-Pro.jpg\",\"contentUrl\":\"https:\/\/www.heddata.se\/webbutik\/wp-content\/uploads\/webbutik\/kategorier\/Lagring\/SanDisk-microSDHC-32GB-UHS-I-U-Extreme-Pro.jpg\",\"width\":800,\"height\":600,\"caption\":\"SanDisk microSDHC 32GB UHS-I U3 Extreme Pro\"},{\"@type\":\"BreadcrumbList\",\"@id\":\"https:\/\/www.heddata.se\/webbutik\/produkt\/sandisk-microsdhc-32gb-uhs-i-u3-extreme-pro\/#breadcrumb\",\"itemListElement\":[{\"@type\":\"ListItem\",\"position\":1,\"name\":\"Hem\",\"item\":\"https:\/\/www.heddata.se\/webbutik\/\"},{\"@type\":\"ListItem\",\"position\":2,\"name\":\"Produkter\",\"item\":\"https:\/\/www.heddata.se\/webbutik\/shop\/\"},{\"@type\":\"ListItem\",\"position\":3,\"name\":\"SanDisk microSDHC 32GB UHS-I U3 Extreme Pro\"}]},{\"@type\":\"WebSite\",\"@id\":\"https:\/\/www.heddata.se\/webbutik\/#website\",\"url\":\"https:\/\/www.heddata.se\/webbutik\/\",\"name\":\"Datorer, Skrivare, F\u00e4rgpatroner, Mobiltelefoner\",\"description\":\"Kablar\",\"publisher\":{\"@id\":\"https:\/\/www.heddata.se\/webbutik\/#organization\"},\"potentialAction\":[{\"@type\":\"SearchAction\",\"target\":{\"@type\":\"EntryPoint\",\"urlTemplate\":\"https:\/\/www.heddata.se\/webbutik\/?s={search_term_string}\"},\"query-input\":{\"@type\":\"PropertyValueSpecification\",\"valueRequired\":true,\"valueName\":\"search_term_string\"}}],\"inLanguage\":\"sv-SE\"},{\"@type\":\"Organization\",\"@id\":\"https:\/\/www.heddata.se\/webbutik\/#organization\",\"name\":\"Heddata AB\",\"url\":\"https:\/\/www.heddata.se\/webbutik\/\",\"logo\":{\"@type\":\"ImageObject\",\"inLanguage\":\"sv-SE\",\"@id\":\"https:\/\/www.heddata.se\/webbutik\/#\/schema\/logo\/image\/\",\"url\":\"https:\/\/www.heddata.se\/webbutik\/wp-content\/uploads\/logga\/heddata-ab-logga.png\",\"contentUrl\":\"https:\/\/www.heddata.se\/webbutik\/wp-content\/uploads\/logga\/heddata-ab-logga.png\",\"width\":200,\"height\":64,\"caption\":\"Heddata AB\"},\"image\":{\"@id\":\"https:\/\/www.heddata.se\/webbutik\/#\/schema\/logo\/image\/\"}}]}<\/script>\n<!-- \/ Yoast SEO Premium plugin. -->","yoast_head_json":{"title":"SanDisk microSDHC 32GB UHS-I U3 Extreme Pro","description":"SanDisk microSDHC 32GB UHS-I U3 Extreme Pro. Den snabba skrivarhastigheten p\u00e5 90 MB\/ s till\u00e5ter dig att ta v\u00e4ldigt snabba actionbilder","robots":{"index":"index","follow":"follow","max-snippet":"max-snippet:-1","max-image-preview":"max-image-preview:large","max-video-preview":"max-video-preview:-1"},"canonical":"https:\/\/www.heddata.se\/webbutik\/produkt\/sandisk-microsdhc-32gb-uhs-i-u3-extreme-pro\/","og_locale":"sv_SE","og_type":"article","og_title":"SanDisk microSDHC 32GB UHS-I U3 Extreme Pro","og_description":"SanDisk microSDHC 32GB UHS-I U3 Extreme Pro. Den snabba skrivarhastigheten p\u00e5 90 MB\/ s till\u00e5ter dig att ta v\u00e4ldigt snabba actionbilder","og_url":"https:\/\/www.heddata.se\/webbutik\/produkt\/sandisk-microsdhc-32gb-uhs-i-u3-extreme-pro\/","og_site_name":"Datorer, Skrivare, F\u00e4rgpatroner, Mobiltelefoner","article_modified_time":"2026-04-07T06:55:54+00:00","og_image":[{"width":800,"height":600,"url":"https:\/\/www.heddata.se\/webbutik\/wp-content\/uploads\/webbutik\/kategorier\/Lagring\/SanDisk-microSDHC-32GB-UHS-I-U-Extreme-Pro.jpg","type":"image\/jpeg"}],"twitter_card":"summary_large_image","twitter_misc":{"Ber\u00e4knad l\u00e4stid":"1 minut"},"schema":{"@context":"https:\/\/schema.org","@graph":[{"@type":"WebPage","@id":"https:\/\/www.heddata.se\/webbutik\/produkt\/sandisk-microsdhc-32gb-uhs-i-u3-extreme-pro\/","url":"https:\/\/www.heddata.se\/webbutik\/produkt\/sandisk-microsdhc-32gb-uhs-i-u3-extreme-pro\/","name":"SanDisk microSDHC 32GB UHS-I U3 Extreme Pro","isPartOf":{"@id":"https:\/\/www.heddata.se\/webbutik\/#website"},"primaryImageOfPage":{"@id":"https:\/\/www.heddata.se\/webbutik\/produkt\/sandisk-microsdhc-32gb-uhs-i-u3-extreme-pro\/#primaryimage"},"image":{"@id":"https:\/\/www.heddata.se\/webbutik\/produkt\/sandisk-microsdhc-32gb-uhs-i-u3-extreme-pro\/#primaryimage"},"thumbnailUrl":"https:\/\/www.heddata.se\/webbutik\/wp-content\/uploads\/webbutik\/kategorier\/Lagring\/SanDisk-microSDHC-32GB-UHS-I-U-Extreme-Pro.jpg","datePublished":"2019-11-08T15:10:16+00:00","dateModified":"2026-04-07T06:55:54+00:00","description":"SanDisk microSDHC 32GB UHS-I U3 Extreme Pro. Den snabba skrivarhastigheten p\u00e5 90 MB\/ s till\u00e5ter dig att ta v\u00e4ldigt snabba actionbilder","breadcrumb":{"@id":"https:\/\/www.heddata.se\/webbutik\/produkt\/sandisk-microsdhc-32gb-uhs-i-u3-extreme-pro\/#breadcrumb"},"inLanguage":"sv-SE","potentialAction":[{"@type":"ReadAction","target":["https:\/\/www.heddata.se\/webbutik\/produkt\/sandisk-microsdhc-32gb-uhs-i-u3-extreme-pro\/"]}]},{"@type":"ImageObject","inLanguage":"sv-SE","@id":"https:\/\/www.heddata.se\/webbutik\/produkt\/sandisk-microsdhc-32gb-uhs-i-u3-extreme-pro\/#primaryimage","url":"https:\/\/www.heddata.se\/webbutik\/wp-content\/uploads\/webbutik\/kategorier\/Lagring\/SanDisk-microSDHC-32GB-UHS-I-U-Extreme-Pro.jpg","contentUrl":"https:\/\/www.heddata.se\/webbutik\/wp-content\/uploads\/webbutik\/kategorier\/Lagring\/SanDisk-microSDHC-32GB-UHS-I-U-Extreme-Pro.jpg","width":800,"height":600,"caption":"SanDisk microSDHC 32GB UHS-I U3 Extreme Pro"},{"@type":"BreadcrumbList","@id":"https:\/\/www.heddata.se\/webbutik\/produkt\/sandisk-microsdhc-32gb-uhs-i-u3-extreme-pro\/#breadcrumb","itemListElement":[{"@type":"ListItem","position":1,"name":"Hem","item":"https:\/\/www.heddata.se\/webbutik\/"},{"@type":"ListItem","position":2,"name":"Produkter","item":"https:\/\/www.heddata.se\/webbutik\/shop\/"},{"@type":"ListItem","position":3,"name":"SanDisk microSDHC 32GB UHS-I U3 Extreme Pro"}]},{"@type":"WebSite","@id":"https:\/\/www.heddata.se\/webbutik\/#website","url":"https:\/\/www.heddata.se\/webbutik\/","name":"Datorer, Skrivare, F\u00e4rgpatroner, Mobiltelefoner","description":"Kablar","publisher":{"@id":"https:\/\/www.heddata.se\/webbutik\/#organization"},"potentialAction":[{"@type":"SearchAction","target":{"@type":"EntryPoint","urlTemplate":"https:\/\/www.heddata.se\/webbutik\/?s={search_term_string}"},"query-input":{"@type":"PropertyValueSpecification","valueRequired":true,"valueName":"search_term_string"}}],"inLanguage":"sv-SE"},{"@type":"Organization","@id":"https:\/\/www.heddata.se\/webbutik\/#organization","name":"Heddata AB","url":"https:\/\/www.heddata.se\/webbutik\/","logo":{"@type":"ImageObject","inLanguage":"sv-SE","@id":"https:\/\/www.heddata.se\/webbutik\/#\/schema\/logo\/image\/","url":"https:\/\/www.heddata.se\/webbutik\/wp-content\/uploads\/logga\/heddata-ab-logga.png","contentUrl":"https:\/\/www.heddata.se\/webbutik\/wp-content\/uploads\/logga\/heddata-ab-logga.png","width":200,"height":64,"caption":"Heddata AB"},"image":{"@id":"https:\/\/www.heddata.se\/webbutik\/#\/schema\/logo\/image\/"}}]}},"_links":{"self":[{"href":"https:\/\/www.heddata.se\/webbutik\/wp-json\/wp\/v2\/product\/5138","targetHints":{"allow":["GET"]}}],"collection":[{"href":"https:\/\/www.heddata.se\/webbutik\/wp-json\/wp\/v2\/product"}],"about":[{"href":"https:\/\/www.heddata.se\/webbutik\/wp-json\/wp\/v2\/types\/product"}],"wp:featuredmedia":[{"embeddable":true,"href":"https:\/\/www.heddata.se\/webbutik\/wp-json\/wp\/v2\/media\/5837"}],"wp:attachment":[{"href":"https:\/\/www.heddata.se\/webbutik\/wp-json\/wp\/v2\/media?parent=5138"}],"wp:term":[{"taxonomy":"product_brand","embeddable":true,"href":"https:\/\/www.heddata.se\/webbutik\/wp-json\/wp\/v2\/product_brand?post=5138"},{"taxonomy":"product_cat","embeddable":true,"href":"https:\/\/www.heddata.se\/webbutik\/wp-json\/wp\/v2\/product_cat?post=5138"},{"taxonomy":"product_tag","embeddable":true,"href":"https:\/\/www.heddata.se\/webbutik\/wp-json\/wp\/v2\/product_tag?post=5138"}],"curies":[{"name":"wp","href":"https:\/\/api.w.org\/{rel}","templated":true}]}}