{"id":5136,"date":"2019-11-08T16:10:16","date_gmt":"2019-11-08T15:10:16","guid":{"rendered":"https:\/\/www.heddata.se\/webbutik\/?post_type=product&#038;p=5136"},"modified":"2026-04-10T18:40:16","modified_gmt":"2026-04-10T16:40:16","slug":"sandisk-microsdhc-32gb-ultra-class","status":"publish","type":"product","link":"https:\/\/www.heddata.se\/webbutik\/produkt\/sandisk-microsdhc-32gb-ultra-class\/","title":{"rendered":"SanDisk microSDHC 32GB Ultra Class 10\/A1\/UHS"},"content":{"rendered":"<p>SanDisk microSDHC 32GB Ultra Class 10\/A1\/UHS. Med genombrottskapaciteten f\u00f6r detta microSD-kort kan du f\u00e5nga livet fullt ut. Detta inneb\u00e4r att du aldrig beh\u00f6ver oroa dig f\u00f6r att beh\u00f6va ta bort saker. Det \u00e4r klassat med A1 f\u00f6r en snabbare app-prestanda s\u00e5 du kan b\u00e5de starta och st\u00e4nga appar snabbare \u00e4n n\u00e5gonsin tidigare. <a href=\"https:\/\/kb.sandisk.com\/app\/cards\" target=\"_blank\" rel=\"noopener noreferrer\">SanDisk<\/a> Ultra microSDXC UHS-I-kort \u00e4r tillverkade f\u00f6r att fungera under v\u00e4ldigt h\u00e5rda f\u00f6rh\u00e5llanden. De \u00e4r vattent\u00e4ta, temperaturs\u00e4kra, st\u00f6ts\u00e4kra och r\u00f6ntgenbest\u00e4ndiga.<\/p>\n<p><strong>Produkttyp:<\/strong> Flash-minneskort<br \/>\n<strong>Lagringskapacitet:<\/strong> 32 GB<br \/>\n<strong>Kompatibilitet:<\/strong> Icke-specifik<br \/>\nSD Speed \u200b\u200bClass A1 \/ UHS klass 1 \/ klass10<br \/>\n<strong>L\u00e4shastighet:<\/strong> Upp till 98 MB \/ s<br \/>\n<strong>Formfaktor:<\/strong> microSDHC UHS-I-<a href=\"https:\/\/www.heddata.se\/webbutik\/lagring\/minneskort\/\">minneskort<\/a><br \/>\n<strong>Funktioner:<\/strong> St\u00f6ts\u00e4ker, magnetisk, vattent\u00e4t, r\u00f6ntgenbest\u00e4ndig, temperaturs\u00e4ker<br \/>\n<strong>Inkluderad minnesadapter:<\/strong> microSDHC till SD-adapter<\/p>\n","protected":false},"excerpt":{"rendered":"<p>SanDisk microSDHC 32GB Ultra Class 10\/A1\/UHS<\/p>\n","protected":false},"featured_media":5813,"template":"","meta":[],"product_brand":[],"product_cat":[64,108],"product_tag":[8971],"class_list":{"0":"post-5136","1":"product","2":"type-product","3":"status-publish","4":"has-post-thumbnail","6":"product_cat-lagring","7":"product_cat-minneskort","8":"product_tag-microsd-kort","10":"first","11":"outofstock","12":"taxable","13":"shipping-taxable","14":"product-type-simple"},"yoast_head":"<!-- This site is optimized with the Yoast SEO Premium plugin v26.7 (Yoast SEO v26.7) - https:\/\/yoast.com\/wordpress\/plugins\/seo\/ -->\n<title>SanDisk microSDHC 32GB Ultra Class 10\/A1\/UHS<\/title>\n<meta name=\"description\" content=\"SanDisk microSDHC 32GB Ultra Class 10\/A1\/UHS. Med genombrottskapaciteten f\u00f6r detta microSD-kort kan du f\u00e5nga livet fullt ut.\" \/>\n<meta name=\"robots\" content=\"index, follow, max-snippet:-1, max-image-preview:large, max-video-preview:-1\" \/>\n<link rel=\"canonical\" href=\"https:\/\/www.heddata.se\/webbutik\/produkt\/sandisk-microsdhc-32gb-ultra-class\/\" \/>\n<meta property=\"og:locale\" content=\"sv_SE\" \/>\n<meta property=\"og:type\" content=\"article\" \/>\n<meta property=\"og:title\" content=\"SanDisk microSDHC 32GB Ultra Class 10\/A1\/UHS\" \/>\n<meta property=\"og:description\" content=\"SanDisk microSDHC 32GB Ultra Class 10\/A1\/UHS. Med genombrottskapaciteten f\u00f6r detta microSD-kort kan du f\u00e5nga livet fullt ut.\" \/>\n<meta property=\"og:url\" content=\"https:\/\/www.heddata.se\/webbutik\/produkt\/sandisk-microsdhc-32gb-ultra-class\/\" \/>\n<meta property=\"og:site_name\" content=\"Datorer, Skrivare, F\u00e4rgpatroner, Mobiltelefoner\" \/>\n<meta property=\"article:modified_time\" content=\"2026-04-10T16:40:16+00:00\" \/>\n<meta property=\"og:image\" content=\"https:\/\/www.heddata.se\/webbutik\/wp-content\/uploads\/webbutik\/kategorier\/Lagring\/SanDisk-microSDHC-32GB-Ultra-Class-10-A1-UHS.jpg\" \/>\n\t<meta property=\"og:image:width\" content=\"800\" \/>\n\t<meta property=\"og:image:height\" content=\"600\" \/>\n\t<meta property=\"og:image:type\" content=\"image\/jpeg\" \/>\n<meta name=\"twitter:card\" content=\"summary_large_image\" \/>\n<meta name=\"twitter:label1\" content=\"Ber\u00e4knad l\u00e4stid\" \/>\n\t<meta name=\"twitter:data1\" content=\"1 minut\" \/>\n<script type=\"application\/ld+json\" class=\"yoast-schema-graph\">{\"@context\":\"https:\/\/schema.org\",\"@graph\":[{\"@type\":\"WebPage\",\"@id\":\"https:\/\/www.heddata.se\/webbutik\/produkt\/sandisk-microsdhc-32gb-ultra-class\/\",\"url\":\"https:\/\/www.heddata.se\/webbutik\/produkt\/sandisk-microsdhc-32gb-ultra-class\/\",\"name\":\"SanDisk microSDHC 32GB Ultra Class 10\/A1\/UHS\",\"isPartOf\":{\"@id\":\"https:\/\/www.heddata.se\/webbutik\/#website\"},\"primaryImageOfPage\":{\"@id\":\"https:\/\/www.heddata.se\/webbutik\/produkt\/sandisk-microsdhc-32gb-ultra-class\/#primaryimage\"},\"image\":{\"@id\":\"https:\/\/www.heddata.se\/webbutik\/produkt\/sandisk-microsdhc-32gb-ultra-class\/#primaryimage\"},\"thumbnailUrl\":\"https:\/\/www.heddata.se\/webbutik\/wp-content\/uploads\/webbutik\/kategorier\/Lagring\/SanDisk-microSDHC-32GB-Ultra-Class-10-A1-UHS.jpg\",\"datePublished\":\"2019-11-08T15:10:16+00:00\",\"dateModified\":\"2026-04-10T16:40:16+00:00\",\"description\":\"SanDisk microSDHC 32GB Ultra Class 10\/A1\/UHS. Med genombrottskapaciteten f\u00f6r detta microSD-kort kan du f\u00e5nga livet fullt ut.\",\"breadcrumb\":{\"@id\":\"https:\/\/www.heddata.se\/webbutik\/produkt\/sandisk-microsdhc-32gb-ultra-class\/#breadcrumb\"},\"inLanguage\":\"sv-SE\",\"potentialAction\":[{\"@type\":\"ReadAction\",\"target\":[\"https:\/\/www.heddata.se\/webbutik\/produkt\/sandisk-microsdhc-32gb-ultra-class\/\"]}]},{\"@type\":\"ImageObject\",\"inLanguage\":\"sv-SE\",\"@id\":\"https:\/\/www.heddata.se\/webbutik\/produkt\/sandisk-microsdhc-32gb-ultra-class\/#primaryimage\",\"url\":\"https:\/\/www.heddata.se\/webbutik\/wp-content\/uploads\/webbutik\/kategorier\/Lagring\/SanDisk-microSDHC-32GB-Ultra-Class-10-A1-UHS.jpg\",\"contentUrl\":\"https:\/\/www.heddata.se\/webbutik\/wp-content\/uploads\/webbutik\/kategorier\/Lagring\/SanDisk-microSDHC-32GB-Ultra-Class-10-A1-UHS.jpg\",\"width\":800,\"height\":600,\"caption\":\"SanDisk microSDHC 32GB Ultra Class 10\/A1\/UHS\"},{\"@type\":\"BreadcrumbList\",\"@id\":\"https:\/\/www.heddata.se\/webbutik\/produkt\/sandisk-microsdhc-32gb-ultra-class\/#breadcrumb\",\"itemListElement\":[{\"@type\":\"ListItem\",\"position\":1,\"name\":\"Hem\",\"item\":\"https:\/\/www.heddata.se\/webbutik\/\"},{\"@type\":\"ListItem\",\"position\":2,\"name\":\"Produkter\",\"item\":\"https:\/\/www.heddata.se\/webbutik\/shop\/\"},{\"@type\":\"ListItem\",\"position\":3,\"name\":\"SanDisk microSDHC 32GB Ultra Class 10\/A1\/UHS\"}]},{\"@type\":\"WebSite\",\"@id\":\"https:\/\/www.heddata.se\/webbutik\/#website\",\"url\":\"https:\/\/www.heddata.se\/webbutik\/\",\"name\":\"Datorer, Skrivare, F\u00e4rgpatroner, Mobiltelefoner\",\"description\":\"Kablar\",\"publisher\":{\"@id\":\"https:\/\/www.heddata.se\/webbutik\/#organization\"},\"potentialAction\":[{\"@type\":\"SearchAction\",\"target\":{\"@type\":\"EntryPoint\",\"urlTemplate\":\"https:\/\/www.heddata.se\/webbutik\/?s={search_term_string}\"},\"query-input\":{\"@type\":\"PropertyValueSpecification\",\"valueRequired\":true,\"valueName\":\"search_term_string\"}}],\"inLanguage\":\"sv-SE\"},{\"@type\":\"Organization\",\"@id\":\"https:\/\/www.heddata.se\/webbutik\/#organization\",\"name\":\"Heddata AB\",\"url\":\"https:\/\/www.heddata.se\/webbutik\/\",\"logo\":{\"@type\":\"ImageObject\",\"inLanguage\":\"sv-SE\",\"@id\":\"https:\/\/www.heddata.se\/webbutik\/#\/schema\/logo\/image\/\",\"url\":\"https:\/\/www.heddata.se\/webbutik\/wp-content\/uploads\/logga\/heddata-ab-logga.png\",\"contentUrl\":\"https:\/\/www.heddata.se\/webbutik\/wp-content\/uploads\/logga\/heddata-ab-logga.png\",\"width\":200,\"height\":64,\"caption\":\"Heddata AB\"},\"image\":{\"@id\":\"https:\/\/www.heddata.se\/webbutik\/#\/schema\/logo\/image\/\"}}]}<\/script>\n<!-- \/ Yoast SEO Premium plugin. -->","yoast_head_json":{"title":"SanDisk microSDHC 32GB Ultra Class 10\/A1\/UHS","description":"SanDisk microSDHC 32GB Ultra Class 10\/A1\/UHS. Med genombrottskapaciteten f\u00f6r detta microSD-kort kan du f\u00e5nga livet fullt ut.","robots":{"index":"index","follow":"follow","max-snippet":"max-snippet:-1","max-image-preview":"max-image-preview:large","max-video-preview":"max-video-preview:-1"},"canonical":"https:\/\/www.heddata.se\/webbutik\/produkt\/sandisk-microsdhc-32gb-ultra-class\/","og_locale":"sv_SE","og_type":"article","og_title":"SanDisk microSDHC 32GB Ultra Class 10\/A1\/UHS","og_description":"SanDisk microSDHC 32GB Ultra Class 10\/A1\/UHS. Med genombrottskapaciteten f\u00f6r detta microSD-kort kan du f\u00e5nga livet fullt ut.","og_url":"https:\/\/www.heddata.se\/webbutik\/produkt\/sandisk-microsdhc-32gb-ultra-class\/","og_site_name":"Datorer, Skrivare, F\u00e4rgpatroner, Mobiltelefoner","article_modified_time":"2026-04-10T16:40:16+00:00","og_image":[{"width":800,"height":600,"url":"https:\/\/www.heddata.se\/webbutik\/wp-content\/uploads\/webbutik\/kategorier\/Lagring\/SanDisk-microSDHC-32GB-Ultra-Class-10-A1-UHS.jpg","type":"image\/jpeg"}],"twitter_card":"summary_large_image","twitter_misc":{"Ber\u00e4knad l\u00e4stid":"1 minut"},"schema":{"@context":"https:\/\/schema.org","@graph":[{"@type":"WebPage","@id":"https:\/\/www.heddata.se\/webbutik\/produkt\/sandisk-microsdhc-32gb-ultra-class\/","url":"https:\/\/www.heddata.se\/webbutik\/produkt\/sandisk-microsdhc-32gb-ultra-class\/","name":"SanDisk microSDHC 32GB Ultra Class 10\/A1\/UHS","isPartOf":{"@id":"https:\/\/www.heddata.se\/webbutik\/#website"},"primaryImageOfPage":{"@id":"https:\/\/www.heddata.se\/webbutik\/produkt\/sandisk-microsdhc-32gb-ultra-class\/#primaryimage"},"image":{"@id":"https:\/\/www.heddata.se\/webbutik\/produkt\/sandisk-microsdhc-32gb-ultra-class\/#primaryimage"},"thumbnailUrl":"https:\/\/www.heddata.se\/webbutik\/wp-content\/uploads\/webbutik\/kategorier\/Lagring\/SanDisk-microSDHC-32GB-Ultra-Class-10-A1-UHS.jpg","datePublished":"2019-11-08T15:10:16+00:00","dateModified":"2026-04-10T16:40:16+00:00","description":"SanDisk microSDHC 32GB Ultra Class 10\/A1\/UHS. Med genombrottskapaciteten f\u00f6r detta microSD-kort kan du f\u00e5nga livet fullt ut.","breadcrumb":{"@id":"https:\/\/www.heddata.se\/webbutik\/produkt\/sandisk-microsdhc-32gb-ultra-class\/#breadcrumb"},"inLanguage":"sv-SE","potentialAction":[{"@type":"ReadAction","target":["https:\/\/www.heddata.se\/webbutik\/produkt\/sandisk-microsdhc-32gb-ultra-class\/"]}]},{"@type":"ImageObject","inLanguage":"sv-SE","@id":"https:\/\/www.heddata.se\/webbutik\/produkt\/sandisk-microsdhc-32gb-ultra-class\/#primaryimage","url":"https:\/\/www.heddata.se\/webbutik\/wp-content\/uploads\/webbutik\/kategorier\/Lagring\/SanDisk-microSDHC-32GB-Ultra-Class-10-A1-UHS.jpg","contentUrl":"https:\/\/www.heddata.se\/webbutik\/wp-content\/uploads\/webbutik\/kategorier\/Lagring\/SanDisk-microSDHC-32GB-Ultra-Class-10-A1-UHS.jpg","width":800,"height":600,"caption":"SanDisk microSDHC 32GB Ultra Class 10\/A1\/UHS"},{"@type":"BreadcrumbList","@id":"https:\/\/www.heddata.se\/webbutik\/produkt\/sandisk-microsdhc-32gb-ultra-class\/#breadcrumb","itemListElement":[{"@type":"ListItem","position":1,"name":"Hem","item":"https:\/\/www.heddata.se\/webbutik\/"},{"@type":"ListItem","position":2,"name":"Produkter","item":"https:\/\/www.heddata.se\/webbutik\/shop\/"},{"@type":"ListItem","position":3,"name":"SanDisk microSDHC 32GB Ultra Class 10\/A1\/UHS"}]},{"@type":"WebSite","@id":"https:\/\/www.heddata.se\/webbutik\/#website","url":"https:\/\/www.heddata.se\/webbutik\/","name":"Datorer, Skrivare, F\u00e4rgpatroner, Mobiltelefoner","description":"Kablar","publisher":{"@id":"https:\/\/www.heddata.se\/webbutik\/#organization"},"potentialAction":[{"@type":"SearchAction","target":{"@type":"EntryPoint","urlTemplate":"https:\/\/www.heddata.se\/webbutik\/?s={search_term_string}"},"query-input":{"@type":"PropertyValueSpecification","valueRequired":true,"valueName":"search_term_string"}}],"inLanguage":"sv-SE"},{"@type":"Organization","@id":"https:\/\/www.heddata.se\/webbutik\/#organization","name":"Heddata AB","url":"https:\/\/www.heddata.se\/webbutik\/","logo":{"@type":"ImageObject","inLanguage":"sv-SE","@id":"https:\/\/www.heddata.se\/webbutik\/#\/schema\/logo\/image\/","url":"https:\/\/www.heddata.se\/webbutik\/wp-content\/uploads\/logga\/heddata-ab-logga.png","contentUrl":"https:\/\/www.heddata.se\/webbutik\/wp-content\/uploads\/logga\/heddata-ab-logga.png","width":200,"height":64,"caption":"Heddata AB"},"image":{"@id":"https:\/\/www.heddata.se\/webbutik\/#\/schema\/logo\/image\/"}}]}},"_links":{"self":[{"href":"https:\/\/www.heddata.se\/webbutik\/wp-json\/wp\/v2\/product\/5136","targetHints":{"allow":["GET"]}}],"collection":[{"href":"https:\/\/www.heddata.se\/webbutik\/wp-json\/wp\/v2\/product"}],"about":[{"href":"https:\/\/www.heddata.se\/webbutik\/wp-json\/wp\/v2\/types\/product"}],"wp:featuredmedia":[{"embeddable":true,"href":"https:\/\/www.heddata.se\/webbutik\/wp-json\/wp\/v2\/media\/5813"}],"wp:attachment":[{"href":"https:\/\/www.heddata.se\/webbutik\/wp-json\/wp\/v2\/media?parent=5136"}],"wp:term":[{"taxonomy":"product_brand","embeddable":true,"href":"https:\/\/www.heddata.se\/webbutik\/wp-json\/wp\/v2\/product_brand?post=5136"},{"taxonomy":"product_cat","embeddable":true,"href":"https:\/\/www.heddata.se\/webbutik\/wp-json\/wp\/v2\/product_cat?post=5136"},{"taxonomy":"product_tag","embeddable":true,"href":"https:\/\/www.heddata.se\/webbutik\/wp-json\/wp\/v2\/product_tag?post=5136"}],"curies":[{"name":"wp","href":"https:\/\/api.w.org\/{rel}","templated":true}]}}