{"id":5128,"date":"2019-11-08T16:10:13","date_gmt":"2019-11-08T15:10:13","guid":{"rendered":"https:\/\/www.heddata.se\/webbutik\/?post_type=product&#038;p=5128"},"modified":"2026-04-03T18:32:32","modified_gmt":"2026-04-03T16:32:32","slug":"radio-retrodesign-brun","status":"publish","type":"product","link":"https:\/\/www.heddata.se\/webbutik\/produkt\/radio-retrodesign-brun\/","title":{"rendered":"Radio Retrodesign AM\/FM brun"},"content":{"rendered":"<p>Radio Retrodesign AM\/FM brun fr\u00e5n <a href=\"https:\/\/nedis.se\/sv-se\" target=\"_blank\" rel=\"noopener noreferrer\">Nedis<\/a>. Denna retroradio har en stor ratt f\u00f6r inst\u00e4llning av stationer. Dessutom \u00e4r den utrustad med en volym- och tonkontroll f\u00f6r justering av ljudet. Lyssna p\u00e5 radio vart som helst d\u00e5 du kan anv\u00e4nda b\u00e5de <a href=\"https:\/\/www.heddata.se\/webbutik\/batterier\/\">batteri<\/a> eller n\u00e4tdel.<\/p>\n<p>Detta paket inneh\u00e5ller en radio, en str\u00f6msladd och en instruktionsbok.<\/p>\n","protected":false},"excerpt":{"rendered":"<p>Radio Retrodesign AM\/FM brun<\/p>\n","protected":false},"featured_media":6803,"template":"","meta":[],"product_brand":[],"product_cat":[60,81],"product_tag":[],"class_list":{"0":"post-5128","1":"product","2":"type-product","3":"status-publish","4":"has-post-thumbnail","6":"product_cat-hemelektronik","7":"product_cat-radio","9":"first","10":"outofstock","11":"taxable","12":"shipping-taxable","13":"product-type-simple"},"yoast_head":"<!-- This site is optimized with the Yoast SEO Premium plugin v26.7 (Yoast SEO v26.7) - https:\/\/yoast.com\/wordpress\/plugins\/seo\/ -->\n<title>Radio Retrodesign brun AM\/FM fr\u00e5n Nedis. Lyssna p\u00e5 radio vart som helst<\/title>\n<meta name=\"description\" content=\"Radio Retrodesign brun AM\/FM fr\u00e5n Nedis. Denna retroradio har en stor ratt f\u00f6r inst\u00e4llning av stationer. Lyssna var som helst genom att anv\u00e4nda batteri\" \/>\n<meta name=\"robots\" content=\"index, follow, max-snippet:-1, max-image-preview:large, max-video-preview:-1\" \/>\n<link rel=\"canonical\" href=\"https:\/\/www.heddata.se\/webbutik\/produkt\/radio-retrodesign-brun\/\" \/>\n<meta property=\"og:locale\" content=\"sv_SE\" \/>\n<meta property=\"og:type\" content=\"article\" \/>\n<meta property=\"og:title\" content=\"Radio Retrodesign AM\/FM brun\" \/>\n<meta property=\"og:description\" content=\"Radio Retrodesign brun AM\/FM fr\u00e5n Nedis. Denna retroradio har en stor ratt f\u00f6r inst\u00e4llning av stationer. Lyssna var som helst genom att anv\u00e4nda batteri\" \/>\n<meta property=\"og:url\" content=\"https:\/\/www.heddata.se\/webbutik\/produkt\/radio-retrodesign-brun\/\" \/>\n<meta property=\"og:site_name\" content=\"Datorer, Skrivare, F\u00e4rgpatroner, Mobiltelefoner\" \/>\n<meta property=\"article:modified_time\" content=\"2026-04-03T16:32:32+00:00\" \/>\n<meta property=\"og:image\" content=\"https:\/\/www.heddata.se\/webbutik\/wp-content\/uploads\/webbutik\/kategorier\/Hemelektronik\/radio-retrodesign-am-fm-brun.jpg\" \/>\n\t<meta property=\"og:image:width\" content=\"1200\" \/>\n\t<meta property=\"og:image:height\" content=\"1200\" \/>\n\t<meta property=\"og:image:type\" content=\"image\/jpeg\" \/>\n<meta name=\"twitter:card\" content=\"summary_large_image\" \/>\n<script type=\"application\/ld+json\" class=\"yoast-schema-graph\">{\"@context\":\"https:\/\/schema.org\",\"@graph\":[{\"@type\":\"WebPage\",\"@id\":\"https:\/\/www.heddata.se\/webbutik\/produkt\/radio-retrodesign-brun\/\",\"url\":\"https:\/\/www.heddata.se\/webbutik\/produkt\/radio-retrodesign-brun\/\",\"name\":\"Radio Retrodesign brun AM\/FM fr\u00e5n Nedis. Lyssna p\u00e5 radio vart som helst\",\"isPartOf\":{\"@id\":\"https:\/\/www.heddata.se\/webbutik\/#website\"},\"primaryImageOfPage\":{\"@id\":\"https:\/\/www.heddata.se\/webbutik\/produkt\/radio-retrodesign-brun\/#primaryimage\"},\"image\":{\"@id\":\"https:\/\/www.heddata.se\/webbutik\/produkt\/radio-retrodesign-brun\/#primaryimage\"},\"thumbnailUrl\":\"https:\/\/www.heddata.se\/webbutik\/wp-content\/uploads\/webbutik\/kategorier\/Hemelektronik\/radio-retrodesign-am-fm-brun.jpg\",\"datePublished\":\"2019-11-08T15:10:13+00:00\",\"dateModified\":\"2026-04-03T16:32:32+00:00\",\"description\":\"Radio Retrodesign brun AM\/FM fr\u00e5n Nedis. Denna retroradio har en stor ratt f\u00f6r inst\u00e4llning av stationer. Lyssna var som helst genom att anv\u00e4nda batteri\",\"breadcrumb\":{\"@id\":\"https:\/\/www.heddata.se\/webbutik\/produkt\/radio-retrodesign-brun\/#breadcrumb\"},\"inLanguage\":\"sv-SE\",\"potentialAction\":[{\"@type\":\"ReadAction\",\"target\":[\"https:\/\/www.heddata.se\/webbutik\/produkt\/radio-retrodesign-brun\/\"]}]},{\"@type\":\"ImageObject\",\"inLanguage\":\"sv-SE\",\"@id\":\"https:\/\/www.heddata.se\/webbutik\/produkt\/radio-retrodesign-brun\/#primaryimage\",\"url\":\"https:\/\/www.heddata.se\/webbutik\/wp-content\/uploads\/webbutik\/kategorier\/Hemelektronik\/radio-retrodesign-am-fm-brun.jpg\",\"contentUrl\":\"https:\/\/www.heddata.se\/webbutik\/wp-content\/uploads\/webbutik\/kategorier\/Hemelektronik\/radio-retrodesign-am-fm-brun.jpg\",\"width\":1200,\"height\":1200,\"caption\":\"Radio Retrodesign AM\/FM brun\"},{\"@type\":\"BreadcrumbList\",\"@id\":\"https:\/\/www.heddata.se\/webbutik\/produkt\/radio-retrodesign-brun\/#breadcrumb\",\"itemListElement\":[{\"@type\":\"ListItem\",\"position\":1,\"name\":\"Hem\",\"item\":\"https:\/\/www.heddata.se\/webbutik\/\"},{\"@type\":\"ListItem\",\"position\":2,\"name\":\"Produkter\",\"item\":\"https:\/\/www.heddata.se\/webbutik\/shop\/\"},{\"@type\":\"ListItem\",\"position\":3,\"name\":\"Radio Retrodesign AM\/FM brun\"}]},{\"@type\":\"WebSite\",\"@id\":\"https:\/\/www.heddata.se\/webbutik\/#website\",\"url\":\"https:\/\/www.heddata.se\/webbutik\/\",\"name\":\"Datorer, Skrivare, F\u00e4rgpatroner, Mobiltelefoner\",\"description\":\"Kablar\",\"publisher\":{\"@id\":\"https:\/\/www.heddata.se\/webbutik\/#organization\"},\"potentialAction\":[{\"@type\":\"SearchAction\",\"target\":{\"@type\":\"EntryPoint\",\"urlTemplate\":\"https:\/\/www.heddata.se\/webbutik\/?s={search_term_string}\"},\"query-input\":{\"@type\":\"PropertyValueSpecification\",\"valueRequired\":true,\"valueName\":\"search_term_string\"}}],\"inLanguage\":\"sv-SE\"},{\"@type\":\"Organization\",\"@id\":\"https:\/\/www.heddata.se\/webbutik\/#organization\",\"name\":\"Heddata AB\",\"url\":\"https:\/\/www.heddata.se\/webbutik\/\",\"logo\":{\"@type\":\"ImageObject\",\"inLanguage\":\"sv-SE\",\"@id\":\"https:\/\/www.heddata.se\/webbutik\/#\/schema\/logo\/image\/\",\"url\":\"https:\/\/www.heddata.se\/webbutik\/wp-content\/uploads\/logga\/heddata-ab-logga.png\",\"contentUrl\":\"https:\/\/www.heddata.se\/webbutik\/wp-content\/uploads\/logga\/heddata-ab-logga.png\",\"width\":200,\"height\":64,\"caption\":\"Heddata AB\"},\"image\":{\"@id\":\"https:\/\/www.heddata.se\/webbutik\/#\/schema\/logo\/image\/\"}}]}<\/script>\n<!-- \/ Yoast SEO Premium plugin. -->","yoast_head_json":{"title":"Radio Retrodesign brun AM\/FM fr\u00e5n Nedis. Lyssna p\u00e5 radio vart som helst","description":"Radio Retrodesign brun AM\/FM fr\u00e5n Nedis. Denna retroradio har en stor ratt f\u00f6r inst\u00e4llning av stationer. Lyssna var som helst genom att anv\u00e4nda batteri","robots":{"index":"index","follow":"follow","max-snippet":"max-snippet:-1","max-image-preview":"max-image-preview:large","max-video-preview":"max-video-preview:-1"},"canonical":"https:\/\/www.heddata.se\/webbutik\/produkt\/radio-retrodesign-brun\/","og_locale":"sv_SE","og_type":"article","og_title":"Radio Retrodesign AM\/FM brun","og_description":"Radio Retrodesign brun AM\/FM fr\u00e5n Nedis. Denna retroradio har en stor ratt f\u00f6r inst\u00e4llning av stationer. Lyssna var som helst genom att anv\u00e4nda batteri","og_url":"https:\/\/www.heddata.se\/webbutik\/produkt\/radio-retrodesign-brun\/","og_site_name":"Datorer, Skrivare, F\u00e4rgpatroner, Mobiltelefoner","article_modified_time":"2026-04-03T16:32:32+00:00","og_image":[{"width":1200,"height":1200,"url":"https:\/\/www.heddata.se\/webbutik\/wp-content\/uploads\/webbutik\/kategorier\/Hemelektronik\/radio-retrodesign-am-fm-brun.jpg","type":"image\/jpeg"}],"twitter_card":"summary_large_image","schema":{"@context":"https:\/\/schema.org","@graph":[{"@type":"WebPage","@id":"https:\/\/www.heddata.se\/webbutik\/produkt\/radio-retrodesign-brun\/","url":"https:\/\/www.heddata.se\/webbutik\/produkt\/radio-retrodesign-brun\/","name":"Radio Retrodesign brun AM\/FM fr\u00e5n Nedis. Lyssna p\u00e5 radio vart som helst","isPartOf":{"@id":"https:\/\/www.heddata.se\/webbutik\/#website"},"primaryImageOfPage":{"@id":"https:\/\/www.heddata.se\/webbutik\/produkt\/radio-retrodesign-brun\/#primaryimage"},"image":{"@id":"https:\/\/www.heddata.se\/webbutik\/produkt\/radio-retrodesign-brun\/#primaryimage"},"thumbnailUrl":"https:\/\/www.heddata.se\/webbutik\/wp-content\/uploads\/webbutik\/kategorier\/Hemelektronik\/radio-retrodesign-am-fm-brun.jpg","datePublished":"2019-11-08T15:10:13+00:00","dateModified":"2026-04-03T16:32:32+00:00","description":"Radio Retrodesign brun AM\/FM fr\u00e5n Nedis. Denna retroradio har en stor ratt f\u00f6r inst\u00e4llning av stationer. Lyssna var som helst genom att anv\u00e4nda batteri","breadcrumb":{"@id":"https:\/\/www.heddata.se\/webbutik\/produkt\/radio-retrodesign-brun\/#breadcrumb"},"inLanguage":"sv-SE","potentialAction":[{"@type":"ReadAction","target":["https:\/\/www.heddata.se\/webbutik\/produkt\/radio-retrodesign-brun\/"]}]},{"@type":"ImageObject","inLanguage":"sv-SE","@id":"https:\/\/www.heddata.se\/webbutik\/produkt\/radio-retrodesign-brun\/#primaryimage","url":"https:\/\/www.heddata.se\/webbutik\/wp-content\/uploads\/webbutik\/kategorier\/Hemelektronik\/radio-retrodesign-am-fm-brun.jpg","contentUrl":"https:\/\/www.heddata.se\/webbutik\/wp-content\/uploads\/webbutik\/kategorier\/Hemelektronik\/radio-retrodesign-am-fm-brun.jpg","width":1200,"height":1200,"caption":"Radio Retrodesign AM\/FM brun"},{"@type":"BreadcrumbList","@id":"https:\/\/www.heddata.se\/webbutik\/produkt\/radio-retrodesign-brun\/#breadcrumb","itemListElement":[{"@type":"ListItem","position":1,"name":"Hem","item":"https:\/\/www.heddata.se\/webbutik\/"},{"@type":"ListItem","position":2,"name":"Produkter","item":"https:\/\/www.heddata.se\/webbutik\/shop\/"},{"@type":"ListItem","position":3,"name":"Radio Retrodesign AM\/FM brun"}]},{"@type":"WebSite","@id":"https:\/\/www.heddata.se\/webbutik\/#website","url":"https:\/\/www.heddata.se\/webbutik\/","name":"Datorer, Skrivare, F\u00e4rgpatroner, Mobiltelefoner","description":"Kablar","publisher":{"@id":"https:\/\/www.heddata.se\/webbutik\/#organization"},"potentialAction":[{"@type":"SearchAction","target":{"@type":"EntryPoint","urlTemplate":"https:\/\/www.heddata.se\/webbutik\/?s={search_term_string}"},"query-input":{"@type":"PropertyValueSpecification","valueRequired":true,"valueName":"search_term_string"}}],"inLanguage":"sv-SE"},{"@type":"Organization","@id":"https:\/\/www.heddata.se\/webbutik\/#organization","name":"Heddata AB","url":"https:\/\/www.heddata.se\/webbutik\/","logo":{"@type":"ImageObject","inLanguage":"sv-SE","@id":"https:\/\/www.heddata.se\/webbutik\/#\/schema\/logo\/image\/","url":"https:\/\/www.heddata.se\/webbutik\/wp-content\/uploads\/logga\/heddata-ab-logga.png","contentUrl":"https:\/\/www.heddata.se\/webbutik\/wp-content\/uploads\/logga\/heddata-ab-logga.png","width":200,"height":64,"caption":"Heddata AB"},"image":{"@id":"https:\/\/www.heddata.se\/webbutik\/#\/schema\/logo\/image\/"}}]}},"_links":{"self":[{"href":"https:\/\/www.heddata.se\/webbutik\/wp-json\/wp\/v2\/product\/5128","targetHints":{"allow":["GET"]}}],"collection":[{"href":"https:\/\/www.heddata.se\/webbutik\/wp-json\/wp\/v2\/product"}],"about":[{"href":"https:\/\/www.heddata.se\/webbutik\/wp-json\/wp\/v2\/types\/product"}],"wp:featuredmedia":[{"embeddable":true,"href":"https:\/\/www.heddata.se\/webbutik\/wp-json\/wp\/v2\/media\/6803"}],"wp:attachment":[{"href":"https:\/\/www.heddata.se\/webbutik\/wp-json\/wp\/v2\/media?parent=5128"}],"wp:term":[{"taxonomy":"product_brand","embeddable":true,"href":"https:\/\/www.heddata.se\/webbutik\/wp-json\/wp\/v2\/product_brand?post=5128"},{"taxonomy":"product_cat","embeddable":true,"href":"https:\/\/www.heddata.se\/webbutik\/wp-json\/wp\/v2\/product_cat?post=5128"},{"taxonomy":"product_tag","embeddable":true,"href":"https:\/\/www.heddata.se\/webbutik\/wp-json\/wp\/v2\/product_tag?post=5128"}],"curies":[{"name":"wp","href":"https:\/\/api.w.org\/{rel}","templated":true}]}}