{"id":5120,"date":"2019-11-08T16:10:13","date_gmt":"2019-11-08T15:10:13","guid":{"rendered":"https:\/\/www.heddata.se\/webbutik\/?post_type=product&#038;p=5120"},"modified":"2026-04-07T10:09:24","modified_gmt":"2026-04-07T08:09:24","slug":"canon-miniraknare-p1-dtsc-bordsraknare-can12022","status":"publish","type":"product","link":"https:\/\/www.heddata.se\/webbutik\/produkt\/canon-miniraknare-p1-dtsc-bordsraknare-can12022\/","title":{"rendered":"Canon Minir\u00e4knare P1-DTSC- CAN12022"},"content":{"rendered":"<p>Canon Minir\u00e4knare Med P1-DTSC. Med denna kan du skriva ut resultat var du \u00e4n befinner dig och den har fullst\u00e4ndiga funktioner f\u00f6r skatteber\u00e4kning, aff\u00e4rsber\u00e4kning och valutaomvandling. Har dessutom tolvsiffrig minir\u00e4knare med utskriftsfunktion. Spara tid med funktioner f\u00f6r skatteber\u00e4kning, aff\u00e4rsber\u00e4kning och valutaomvandling. Den har \u00e4ven en tydlig LCD-display och praktisk knappsats. Intern och extern f\u00f6rvaring av pappersrullen. Drivs med batteri och n\u00e4tstr\u00f6m (adapter finns som tillval)<\/p>\n","protected":false},"excerpt":{"rendered":"<p>Canon Minir\u00e4knare<\/p>\n","protected":false},"featured_media":11871,"template":"","meta":[],"product_brand":[],"product_cat":[68],"product_tag":[],"class_list":{"0":"post-5120","1":"product","2":"type-product","3":"status-publish","4":"has-post-thumbnail","6":"product_cat-kontorstillbehor","8":"first","9":"instock","10":"taxable","11":"shipping-taxable","12":"purchasable","13":"product-type-simple"},"yoast_head":"<!-- This site is optimized with the Yoast SEO Premium plugin v26.7 (Yoast SEO v26.7) - https:\/\/yoast.com\/wordpress\/plugins\/seo\/ -->\n<title>Canon Minir\u00e4knare P1-DTSC- CAN12022 - Bordsr\u00e4knare<\/title>\n<meta name=\"description\" content=\"Canon Minir\u00e4knare Med P1-DTSC. Med denna kan du skriva ut resultat var du \u00e4n befinner dig och den har fullst\u00e4ndiga funktioner f\u00f6r skatteber\u00e4kning\" \/>\n<meta name=\"robots\" content=\"index, follow, max-snippet:-1, max-image-preview:large, max-video-preview:-1\" \/>\n<link rel=\"canonical\" href=\"https:\/\/www.heddata.se\/webbutik\/produkt\/canon-miniraknare-p1-dtsc-bordsraknare-can12022\/\" \/>\n<meta property=\"og:locale\" content=\"sv_SE\" \/>\n<meta property=\"og:type\" content=\"article\" \/>\n<meta property=\"og:title\" content=\"Canon Minir\u00e4knare P1-DTSC- CAN12022\" \/>\n<meta property=\"og:description\" content=\"Canon Minir\u00e4knare Med P1-DTSC. Med denna kan du skriva ut resultat var du \u00e4n befinner dig och den har fullst\u00e4ndiga funktioner f\u00f6r skatteber\u00e4kning\" \/>\n<meta property=\"og:url\" content=\"https:\/\/www.heddata.se\/webbutik\/produkt\/canon-miniraknare-p1-dtsc-bordsraknare-can12022\/\" \/>\n<meta property=\"og:site_name\" content=\"Datorer, Skrivare, F\u00e4rgpatroner, Mobiltelefoner\" \/>\n<meta property=\"article:modified_time\" content=\"2026-04-07T08:09:24+00:00\" \/>\n<meta property=\"og:image\" content=\"https:\/\/www.heddata.se\/webbutik\/wp-content\/uploads\/webbutik\/kategorier\/Kontorstillbehor\/Canon-Miniraknare-P1-DTSC-CAN12022.jpg\" \/>\n\t<meta property=\"og:image:width\" content=\"201\" \/>\n\t<meta property=\"og:image:height\" content=\"299\" \/>\n\t<meta property=\"og:image:type\" content=\"image\/jpeg\" \/>\n<meta name=\"twitter:card\" content=\"summary_large_image\" \/>\n<script type=\"application\/ld+json\" class=\"yoast-schema-graph\">{\"@context\":\"https:\/\/schema.org\",\"@graph\":[{\"@type\":\"WebPage\",\"@id\":\"https:\/\/www.heddata.se\/webbutik\/produkt\/canon-miniraknare-p1-dtsc-bordsraknare-can12022\/\",\"url\":\"https:\/\/www.heddata.se\/webbutik\/produkt\/canon-miniraknare-p1-dtsc-bordsraknare-can12022\/\",\"name\":\"Canon Minir\u00e4knare P1-DTSC- CAN12022 - Bordsr\u00e4knare\",\"isPartOf\":{\"@id\":\"https:\/\/www.heddata.se\/webbutik\/#website\"},\"primaryImageOfPage\":{\"@id\":\"https:\/\/www.heddata.se\/webbutik\/produkt\/canon-miniraknare-p1-dtsc-bordsraknare-can12022\/#primaryimage\"},\"image\":{\"@id\":\"https:\/\/www.heddata.se\/webbutik\/produkt\/canon-miniraknare-p1-dtsc-bordsraknare-can12022\/#primaryimage\"},\"thumbnailUrl\":\"https:\/\/www.heddata.se\/webbutik\/wp-content\/uploads\/webbutik\/kategorier\/Kontorstillbehor\/Canon-Miniraknare-P1-DTSC-CAN12022.jpg\",\"datePublished\":\"2019-11-08T15:10:13+00:00\",\"dateModified\":\"2026-04-07T08:09:24+00:00\",\"description\":\"Canon Minir\u00e4knare Med P1-DTSC. Med denna kan du skriva ut resultat var du \u00e4n befinner dig och den har fullst\u00e4ndiga funktioner f\u00f6r skatteber\u00e4kning\",\"breadcrumb\":{\"@id\":\"https:\/\/www.heddata.se\/webbutik\/produkt\/canon-miniraknare-p1-dtsc-bordsraknare-can12022\/#breadcrumb\"},\"inLanguage\":\"sv-SE\",\"potentialAction\":[{\"@type\":\"ReadAction\",\"target\":[\"https:\/\/www.heddata.se\/webbutik\/produkt\/canon-miniraknare-p1-dtsc-bordsraknare-can12022\/\"]}]},{\"@type\":\"ImageObject\",\"inLanguage\":\"sv-SE\",\"@id\":\"https:\/\/www.heddata.se\/webbutik\/produkt\/canon-miniraknare-p1-dtsc-bordsraknare-can12022\/#primaryimage\",\"url\":\"https:\/\/www.heddata.se\/webbutik\/wp-content\/uploads\/webbutik\/kategorier\/Kontorstillbehor\/Canon-Miniraknare-P1-DTSC-CAN12022.jpg\",\"contentUrl\":\"https:\/\/www.heddata.se\/webbutik\/wp-content\/uploads\/webbutik\/kategorier\/Kontorstillbehor\/Canon-Miniraknare-P1-DTSC-CAN12022.jpg\",\"width\":201,\"height\":299,\"caption\":\"Canon Minir\u00e4knare P1-DTSC- CAN12022\"},{\"@type\":\"BreadcrumbList\",\"@id\":\"https:\/\/www.heddata.se\/webbutik\/produkt\/canon-miniraknare-p1-dtsc-bordsraknare-can12022\/#breadcrumb\",\"itemListElement\":[{\"@type\":\"ListItem\",\"position\":1,\"name\":\"Hem\",\"item\":\"https:\/\/www.heddata.se\/webbutik\/\"},{\"@type\":\"ListItem\",\"position\":2,\"name\":\"Produkter\",\"item\":\"https:\/\/www.heddata.se\/webbutik\/shop\/\"},{\"@type\":\"ListItem\",\"position\":3,\"name\":\"Canon Minir\u00e4knare P1-DTSC- CAN12022\"}]},{\"@type\":\"WebSite\",\"@id\":\"https:\/\/www.heddata.se\/webbutik\/#website\",\"url\":\"https:\/\/www.heddata.se\/webbutik\/\",\"name\":\"Datorer, Skrivare, F\u00e4rgpatroner, Mobiltelefoner\",\"description\":\"Kablar\",\"publisher\":{\"@id\":\"https:\/\/www.heddata.se\/webbutik\/#organization\"},\"potentialAction\":[{\"@type\":\"SearchAction\",\"target\":{\"@type\":\"EntryPoint\",\"urlTemplate\":\"https:\/\/www.heddata.se\/webbutik\/?s={search_term_string}\"},\"query-input\":{\"@type\":\"PropertyValueSpecification\",\"valueRequired\":true,\"valueName\":\"search_term_string\"}}],\"inLanguage\":\"sv-SE\"},{\"@type\":\"Organization\",\"@id\":\"https:\/\/www.heddata.se\/webbutik\/#organization\",\"name\":\"Heddata AB\",\"url\":\"https:\/\/www.heddata.se\/webbutik\/\",\"logo\":{\"@type\":\"ImageObject\",\"inLanguage\":\"sv-SE\",\"@id\":\"https:\/\/www.heddata.se\/webbutik\/#\/schema\/logo\/image\/\",\"url\":\"https:\/\/www.heddata.se\/webbutik\/wp-content\/uploads\/logga\/heddata-ab-logga.png\",\"contentUrl\":\"https:\/\/www.heddata.se\/webbutik\/wp-content\/uploads\/logga\/heddata-ab-logga.png\",\"width\":200,\"height\":64,\"caption\":\"Heddata AB\"},\"image\":{\"@id\":\"https:\/\/www.heddata.se\/webbutik\/#\/schema\/logo\/image\/\"}}]}<\/script>\n<!-- \/ Yoast SEO Premium plugin. -->","yoast_head_json":{"title":"Canon Minir\u00e4knare P1-DTSC- CAN12022 - Bordsr\u00e4knare","description":"Canon Minir\u00e4knare Med P1-DTSC. Med denna kan du skriva ut resultat var du \u00e4n befinner dig och den har fullst\u00e4ndiga funktioner f\u00f6r skatteber\u00e4kning","robots":{"index":"index","follow":"follow","max-snippet":"max-snippet:-1","max-image-preview":"max-image-preview:large","max-video-preview":"max-video-preview:-1"},"canonical":"https:\/\/www.heddata.se\/webbutik\/produkt\/canon-miniraknare-p1-dtsc-bordsraknare-can12022\/","og_locale":"sv_SE","og_type":"article","og_title":"Canon Minir\u00e4knare P1-DTSC- CAN12022","og_description":"Canon Minir\u00e4knare Med P1-DTSC. Med denna kan du skriva ut resultat var du \u00e4n befinner dig och den har fullst\u00e4ndiga funktioner f\u00f6r skatteber\u00e4kning","og_url":"https:\/\/www.heddata.se\/webbutik\/produkt\/canon-miniraknare-p1-dtsc-bordsraknare-can12022\/","og_site_name":"Datorer, Skrivare, F\u00e4rgpatroner, Mobiltelefoner","article_modified_time":"2026-04-07T08:09:24+00:00","og_image":[{"width":201,"height":299,"url":"https:\/\/www.heddata.se\/webbutik\/wp-content\/uploads\/webbutik\/kategorier\/Kontorstillbehor\/Canon-Miniraknare-P1-DTSC-CAN12022.jpg","type":"image\/jpeg"}],"twitter_card":"summary_large_image","schema":{"@context":"https:\/\/schema.org","@graph":[{"@type":"WebPage","@id":"https:\/\/www.heddata.se\/webbutik\/produkt\/canon-miniraknare-p1-dtsc-bordsraknare-can12022\/","url":"https:\/\/www.heddata.se\/webbutik\/produkt\/canon-miniraknare-p1-dtsc-bordsraknare-can12022\/","name":"Canon Minir\u00e4knare P1-DTSC- CAN12022 - Bordsr\u00e4knare","isPartOf":{"@id":"https:\/\/www.heddata.se\/webbutik\/#website"},"primaryImageOfPage":{"@id":"https:\/\/www.heddata.se\/webbutik\/produkt\/canon-miniraknare-p1-dtsc-bordsraknare-can12022\/#primaryimage"},"image":{"@id":"https:\/\/www.heddata.se\/webbutik\/produkt\/canon-miniraknare-p1-dtsc-bordsraknare-can12022\/#primaryimage"},"thumbnailUrl":"https:\/\/www.heddata.se\/webbutik\/wp-content\/uploads\/webbutik\/kategorier\/Kontorstillbehor\/Canon-Miniraknare-P1-DTSC-CAN12022.jpg","datePublished":"2019-11-08T15:10:13+00:00","dateModified":"2026-04-07T08:09:24+00:00","description":"Canon Minir\u00e4knare Med P1-DTSC. Med denna kan du skriva ut resultat var du \u00e4n befinner dig och den har fullst\u00e4ndiga funktioner f\u00f6r skatteber\u00e4kning","breadcrumb":{"@id":"https:\/\/www.heddata.se\/webbutik\/produkt\/canon-miniraknare-p1-dtsc-bordsraknare-can12022\/#breadcrumb"},"inLanguage":"sv-SE","potentialAction":[{"@type":"ReadAction","target":["https:\/\/www.heddata.se\/webbutik\/produkt\/canon-miniraknare-p1-dtsc-bordsraknare-can12022\/"]}]},{"@type":"ImageObject","inLanguage":"sv-SE","@id":"https:\/\/www.heddata.se\/webbutik\/produkt\/canon-miniraknare-p1-dtsc-bordsraknare-can12022\/#primaryimage","url":"https:\/\/www.heddata.se\/webbutik\/wp-content\/uploads\/webbutik\/kategorier\/Kontorstillbehor\/Canon-Miniraknare-P1-DTSC-CAN12022.jpg","contentUrl":"https:\/\/www.heddata.se\/webbutik\/wp-content\/uploads\/webbutik\/kategorier\/Kontorstillbehor\/Canon-Miniraknare-P1-DTSC-CAN12022.jpg","width":201,"height":299,"caption":"Canon Minir\u00e4knare P1-DTSC- CAN12022"},{"@type":"BreadcrumbList","@id":"https:\/\/www.heddata.se\/webbutik\/produkt\/canon-miniraknare-p1-dtsc-bordsraknare-can12022\/#breadcrumb","itemListElement":[{"@type":"ListItem","position":1,"name":"Hem","item":"https:\/\/www.heddata.se\/webbutik\/"},{"@type":"ListItem","position":2,"name":"Produkter","item":"https:\/\/www.heddata.se\/webbutik\/shop\/"},{"@type":"ListItem","position":3,"name":"Canon Minir\u00e4knare P1-DTSC- CAN12022"}]},{"@type":"WebSite","@id":"https:\/\/www.heddata.se\/webbutik\/#website","url":"https:\/\/www.heddata.se\/webbutik\/","name":"Datorer, Skrivare, F\u00e4rgpatroner, Mobiltelefoner","description":"Kablar","publisher":{"@id":"https:\/\/www.heddata.se\/webbutik\/#organization"},"potentialAction":[{"@type":"SearchAction","target":{"@type":"EntryPoint","urlTemplate":"https:\/\/www.heddata.se\/webbutik\/?s={search_term_string}"},"query-input":{"@type":"PropertyValueSpecification","valueRequired":true,"valueName":"search_term_string"}}],"inLanguage":"sv-SE"},{"@type":"Organization","@id":"https:\/\/www.heddata.se\/webbutik\/#organization","name":"Heddata AB","url":"https:\/\/www.heddata.se\/webbutik\/","logo":{"@type":"ImageObject","inLanguage":"sv-SE","@id":"https:\/\/www.heddata.se\/webbutik\/#\/schema\/logo\/image\/","url":"https:\/\/www.heddata.se\/webbutik\/wp-content\/uploads\/logga\/heddata-ab-logga.png","contentUrl":"https:\/\/www.heddata.se\/webbutik\/wp-content\/uploads\/logga\/heddata-ab-logga.png","width":200,"height":64,"caption":"Heddata AB"},"image":{"@id":"https:\/\/www.heddata.se\/webbutik\/#\/schema\/logo\/image\/"}}]}},"_links":{"self":[{"href":"https:\/\/www.heddata.se\/webbutik\/wp-json\/wp\/v2\/product\/5120","targetHints":{"allow":["GET"]}}],"collection":[{"href":"https:\/\/www.heddata.se\/webbutik\/wp-json\/wp\/v2\/product"}],"about":[{"href":"https:\/\/www.heddata.se\/webbutik\/wp-json\/wp\/v2\/types\/product"}],"wp:featuredmedia":[{"embeddable":true,"href":"https:\/\/www.heddata.se\/webbutik\/wp-json\/wp\/v2\/media\/11871"}],"wp:attachment":[{"href":"https:\/\/www.heddata.se\/webbutik\/wp-json\/wp\/v2\/media?parent=5120"}],"wp:term":[{"taxonomy":"product_brand","embeddable":true,"href":"https:\/\/www.heddata.se\/webbutik\/wp-json\/wp\/v2\/product_brand?post=5120"},{"taxonomy":"product_cat","embeddable":true,"href":"https:\/\/www.heddata.se\/webbutik\/wp-json\/wp\/v2\/product_cat?post=5120"},{"taxonomy":"product_tag","embeddable":true,"href":"https:\/\/www.heddata.se\/webbutik\/wp-json\/wp\/v2\/product_tag?post=5120"}],"curies":[{"name":"wp","href":"https:\/\/api.w.org\/{rel}","templated":true}]}}