{"id":5111,"date":"2019-11-08T16:10:13","date_gmt":"2019-11-08T15:10:13","guid":{"rendered":"https:\/\/www.heddata.se\/webbutik\/?post_type=product&#038;p=5111"},"modified":"2026-04-17T18:18:43","modified_gmt":"2026-04-17T16:18:43","slug":"salora-24led","status":"publish","type":"product","link":"https:\/\/www.heddata.se\/webbutik\/produkt\/salora-24led\/","title":{"rendered":"Salora 24LED TV"},"content":{"rendered":"<p>Salora 24LED TV<\/p>\n<p>S\u00f6ker du efter en TV som skulle passa perfekt i stugan eller husbilen? <a href=\"https:\/\/www.bergsala-sda.se\/\" target=\"_blank\" rel=\"noopener noreferrer\">Salora<\/a> 24LED \u00e4r det perfekta valet med 12V <a href=\"https:\/\/www.heddata.se\/webbutik\/telefontillbehor-powerbank-laddare-kabel\/telefonladdare\/kablar\/\">kabel<\/a> och en massa andra smidiga funktioner. Kika p\u00e5 igenom gamla minnen genom att spela upp bilder och filmer fr\u00e5n en extern lagringsenhet. TV:n har inbyggd digitalmottagare.<\/p>\n<p><strong>\u00d6versikt:<br \/>\n<\/strong>12-volts kabel ing\u00e5r<br \/>\n<strong>ANSLUTNINGAR:<\/strong> Scart x 1 | USB x 2 | HDMI x 2 Composite Video \/ Audio IN PC in (VGA + YPbPr) + PC ljud in Antenn RF 75 ohm H\u00f6rlursing\u00e5ng \/ Line in Digitalt ljud ut (COAX) (Optisk)<\/p>\n<p><strong>FUNKTION:<\/strong> Barnl\u00e5s: JA Teletext: 1 000 sidor Personlig inspelning: Ja, fr\u00e5n digital-TV Mediaspelare: Ja, via USB LJUD: 2 x 2,5W RMS (10% THD)<\/p>\n<p><strong>STR\u00d6M:<\/strong> Str\u00f6mf\u00f6ring: 12 V (AC\/DC-adapter) Str\u00f6mf\u00f6rbrukning stand-by: &lt; 0.5W<\/p>\n<p><strong>BILDSK\u00c4RM:<\/strong> Panel: LED bakgrundsljus Panelstorlek: 24&#8243; Format: 16:9 Uppl\u00f6sning: 1366 x 768 Kontrast: 3000:1 Responstid: 5 ms (Tr + Tf)<\/p>\n<p><strong>VESA:<\/strong> 75 x 75<\/p>\n<p><strong>M\u00c5TT\/VIKT:<\/strong> Utan stativ: 563 x 55 x 345 mm | 3,8 kg Med stativ: 563 x 135 x 380 mm | 4,0 kg F\u00f6rpackning: 677 x 110 x 418 mm | 4,2 kg<\/p>\n<p>F\u00f6rslag p\u00e5 tillbeh\u00f6r: <a href=\"https:\/\/www.heddata.se\/webbutik\/kablar\/hdmi-kablar\/\">HDMI Kabel<\/a>, Chrome-cast<\/p>\n","protected":false},"excerpt":{"rendered":"<p>Salora 24LED TV<\/p>\n","protected":false},"featured_media":5661,"template":"","meta":[],"product_brand":[],"product_cat":[85],"product_tag":[],"class_list":{"0":"post-5111","1":"product","2":"type-product","3":"status-publish","4":"has-post-thumbnail","6":"product_cat-tv-apparater","8":"first","9":"outofstock","10":"taxable","11":"shipping-taxable","12":"product-type-simple"},"yoast_head":"<!-- This site is optimized with the Yoast SEO Premium plugin v26.7 (Yoast SEO v26.7) - https:\/\/yoast.com\/wordpress\/plugins\/seo\/ -->\n<title>Salora 24LED TV - Passar perfekt till stugan eller husbilen<\/title>\n<meta name=\"description\" content=\"Salora 24LED TV. 12-volts kabel ing\u00e5r. BILDSK\u00c4RM: Panel: LED bakgrundsljus Panelstorlek: 24&quot; Format: 16:9 Uppl\u00f6sning: 1366 x 768 Kontrast: 3000:1\" \/>\n<meta name=\"robots\" content=\"index, follow, max-snippet:-1, max-image-preview:large, max-video-preview:-1\" \/>\n<link rel=\"canonical\" href=\"https:\/\/www.heddata.se\/webbutik\/produkt\/salora-24led\/\" \/>\n<meta property=\"og:locale\" content=\"sv_SE\" \/>\n<meta property=\"og:type\" content=\"article\" \/>\n<meta property=\"og:title\" content=\"Salora 24LED TV\" \/>\n<meta property=\"og:description\" content=\"Salora 24LED TV. 12-volts kabel ing\u00e5r. BILDSK\u00c4RM: Panel: LED bakgrundsljus Panelstorlek: 24&quot; Format: 16:9 Uppl\u00f6sning: 1366 x 768 Kontrast: 3000:1\" \/>\n<meta property=\"og:url\" content=\"https:\/\/www.heddata.se\/webbutik\/produkt\/salora-24led\/\" \/>\n<meta property=\"og:site_name\" content=\"Datorer, Skrivare, F\u00e4rgpatroner, Mobiltelefoner\" \/>\n<meta property=\"article:modified_time\" content=\"2026-04-17T16:18:43+00:00\" \/>\n<meta property=\"og:image\" content=\"https:\/\/www.heddata.se\/webbutik\/wp-content\/uploads\/webbutik\/kategorier\/Blackpatroner-toners\/salora-24led-tv.jpeg\" \/>\n\t<meta property=\"og:image:width\" content=\"2000\" \/>\n\t<meta property=\"og:image:height\" content=\"1333\" \/>\n\t<meta property=\"og:image:type\" content=\"image\/jpeg\" \/>\n<meta name=\"twitter:card\" content=\"summary_large_image\" \/>\n<meta name=\"twitter:label1\" content=\"Ber\u00e4knad l\u00e4stid\" \/>\n\t<meta name=\"twitter:data1\" content=\"1 minut\" \/>\n<script type=\"application\/ld+json\" class=\"yoast-schema-graph\">{\"@context\":\"https:\/\/schema.org\",\"@graph\":[{\"@type\":\"WebPage\",\"@id\":\"https:\/\/www.heddata.se\/webbutik\/produkt\/salora-24led\/\",\"url\":\"https:\/\/www.heddata.se\/webbutik\/produkt\/salora-24led\/\",\"name\":\"Salora 24LED TV - Passar perfekt till stugan eller husbilen\",\"isPartOf\":{\"@id\":\"https:\/\/www.heddata.se\/webbutik\/#website\"},\"primaryImageOfPage\":{\"@id\":\"https:\/\/www.heddata.se\/webbutik\/produkt\/salora-24led\/#primaryimage\"},\"image\":{\"@id\":\"https:\/\/www.heddata.se\/webbutik\/produkt\/salora-24led\/#primaryimage\"},\"thumbnailUrl\":\"https:\/\/www.heddata.se\/webbutik\/wp-content\/uploads\/webbutik\/kategorier\/Blackpatroner-toners\/salora-24led-tv.jpeg\",\"datePublished\":\"2019-11-08T15:10:13+00:00\",\"dateModified\":\"2026-04-17T16:18:43+00:00\",\"description\":\"Salora 24LED TV. 12-volts kabel ing\u00e5r. BILDSK\u00c4RM: Panel: LED bakgrundsljus Panelstorlek: 24\\\" Format: 16:9 Uppl\u00f6sning: 1366 x 768 Kontrast: 3000:1\",\"breadcrumb\":{\"@id\":\"https:\/\/www.heddata.se\/webbutik\/produkt\/salora-24led\/#breadcrumb\"},\"inLanguage\":\"sv-SE\",\"potentialAction\":[{\"@type\":\"ReadAction\",\"target\":[\"https:\/\/www.heddata.se\/webbutik\/produkt\/salora-24led\/\"]}]},{\"@type\":\"ImageObject\",\"inLanguage\":\"sv-SE\",\"@id\":\"https:\/\/www.heddata.se\/webbutik\/produkt\/salora-24led\/#primaryimage\",\"url\":\"https:\/\/www.heddata.se\/webbutik\/wp-content\/uploads\/webbutik\/kategorier\/Blackpatroner-toners\/salora-24led-tv.jpeg\",\"contentUrl\":\"https:\/\/www.heddata.se\/webbutik\/wp-content\/uploads\/webbutik\/kategorier\/Blackpatroner-toners\/salora-24led-tv.jpeg\",\"width\":2000,\"height\":1333,\"caption\":\"Salora 24LED TV\"},{\"@type\":\"BreadcrumbList\",\"@id\":\"https:\/\/www.heddata.se\/webbutik\/produkt\/salora-24led\/#breadcrumb\",\"itemListElement\":[{\"@type\":\"ListItem\",\"position\":1,\"name\":\"Hem\",\"item\":\"https:\/\/www.heddata.se\/webbutik\/\"},{\"@type\":\"ListItem\",\"position\":2,\"name\":\"Produkter\",\"item\":\"https:\/\/www.heddata.se\/webbutik\/shop\/\"},{\"@type\":\"ListItem\",\"position\":3,\"name\":\"Salora 24LED TV\"}]},{\"@type\":\"WebSite\",\"@id\":\"https:\/\/www.heddata.se\/webbutik\/#website\",\"url\":\"https:\/\/www.heddata.se\/webbutik\/\",\"name\":\"Datorer, Skrivare, F\u00e4rgpatroner, Mobiltelefoner\",\"description\":\"Kablar\",\"publisher\":{\"@id\":\"https:\/\/www.heddata.se\/webbutik\/#organization\"},\"potentialAction\":[{\"@type\":\"SearchAction\",\"target\":{\"@type\":\"EntryPoint\",\"urlTemplate\":\"https:\/\/www.heddata.se\/webbutik\/?s={search_term_string}\"},\"query-input\":{\"@type\":\"PropertyValueSpecification\",\"valueRequired\":true,\"valueName\":\"search_term_string\"}}],\"inLanguage\":\"sv-SE\"},{\"@type\":\"Organization\",\"@id\":\"https:\/\/www.heddata.se\/webbutik\/#organization\",\"name\":\"Heddata AB\",\"url\":\"https:\/\/www.heddata.se\/webbutik\/\",\"logo\":{\"@type\":\"ImageObject\",\"inLanguage\":\"sv-SE\",\"@id\":\"https:\/\/www.heddata.se\/webbutik\/#\/schema\/logo\/image\/\",\"url\":\"https:\/\/www.heddata.se\/webbutik\/wp-content\/uploads\/logga\/heddata-ab-logga.png\",\"contentUrl\":\"https:\/\/www.heddata.se\/webbutik\/wp-content\/uploads\/logga\/heddata-ab-logga.png\",\"width\":200,\"height\":64,\"caption\":\"Heddata AB\"},\"image\":{\"@id\":\"https:\/\/www.heddata.se\/webbutik\/#\/schema\/logo\/image\/\"}}]}<\/script>\n<!-- \/ Yoast SEO Premium plugin. -->","yoast_head_json":{"title":"Salora 24LED TV - Passar perfekt till stugan eller husbilen","description":"Salora 24LED TV. 12-volts kabel ing\u00e5r. BILDSK\u00c4RM: Panel: LED bakgrundsljus Panelstorlek: 24\" Format: 16:9 Uppl\u00f6sning: 1366 x 768 Kontrast: 3000:1","robots":{"index":"index","follow":"follow","max-snippet":"max-snippet:-1","max-image-preview":"max-image-preview:large","max-video-preview":"max-video-preview:-1"},"canonical":"https:\/\/www.heddata.se\/webbutik\/produkt\/salora-24led\/","og_locale":"sv_SE","og_type":"article","og_title":"Salora 24LED TV","og_description":"Salora 24LED TV. 12-volts kabel ing\u00e5r. BILDSK\u00c4RM: Panel: LED bakgrundsljus Panelstorlek: 24\" Format: 16:9 Uppl\u00f6sning: 1366 x 768 Kontrast: 3000:1","og_url":"https:\/\/www.heddata.se\/webbutik\/produkt\/salora-24led\/","og_site_name":"Datorer, Skrivare, F\u00e4rgpatroner, Mobiltelefoner","article_modified_time":"2026-04-17T16:18:43+00:00","og_image":[{"width":2000,"height":1333,"url":"https:\/\/www.heddata.se\/webbutik\/wp-content\/uploads\/webbutik\/kategorier\/Blackpatroner-toners\/salora-24led-tv.jpeg","type":"image\/jpeg"}],"twitter_card":"summary_large_image","twitter_misc":{"Ber\u00e4knad l\u00e4stid":"1 minut"},"schema":{"@context":"https:\/\/schema.org","@graph":[{"@type":"WebPage","@id":"https:\/\/www.heddata.se\/webbutik\/produkt\/salora-24led\/","url":"https:\/\/www.heddata.se\/webbutik\/produkt\/salora-24led\/","name":"Salora 24LED TV - Passar perfekt till stugan eller husbilen","isPartOf":{"@id":"https:\/\/www.heddata.se\/webbutik\/#website"},"primaryImageOfPage":{"@id":"https:\/\/www.heddata.se\/webbutik\/produkt\/salora-24led\/#primaryimage"},"image":{"@id":"https:\/\/www.heddata.se\/webbutik\/produkt\/salora-24led\/#primaryimage"},"thumbnailUrl":"https:\/\/www.heddata.se\/webbutik\/wp-content\/uploads\/webbutik\/kategorier\/Blackpatroner-toners\/salora-24led-tv.jpeg","datePublished":"2019-11-08T15:10:13+00:00","dateModified":"2026-04-17T16:18:43+00:00","description":"Salora 24LED TV. 12-volts kabel ing\u00e5r. BILDSK\u00c4RM: Panel: LED bakgrundsljus Panelstorlek: 24\" Format: 16:9 Uppl\u00f6sning: 1366 x 768 Kontrast: 3000:1","breadcrumb":{"@id":"https:\/\/www.heddata.se\/webbutik\/produkt\/salora-24led\/#breadcrumb"},"inLanguage":"sv-SE","potentialAction":[{"@type":"ReadAction","target":["https:\/\/www.heddata.se\/webbutik\/produkt\/salora-24led\/"]}]},{"@type":"ImageObject","inLanguage":"sv-SE","@id":"https:\/\/www.heddata.se\/webbutik\/produkt\/salora-24led\/#primaryimage","url":"https:\/\/www.heddata.se\/webbutik\/wp-content\/uploads\/webbutik\/kategorier\/Blackpatroner-toners\/salora-24led-tv.jpeg","contentUrl":"https:\/\/www.heddata.se\/webbutik\/wp-content\/uploads\/webbutik\/kategorier\/Blackpatroner-toners\/salora-24led-tv.jpeg","width":2000,"height":1333,"caption":"Salora 24LED TV"},{"@type":"BreadcrumbList","@id":"https:\/\/www.heddata.se\/webbutik\/produkt\/salora-24led\/#breadcrumb","itemListElement":[{"@type":"ListItem","position":1,"name":"Hem","item":"https:\/\/www.heddata.se\/webbutik\/"},{"@type":"ListItem","position":2,"name":"Produkter","item":"https:\/\/www.heddata.se\/webbutik\/shop\/"},{"@type":"ListItem","position":3,"name":"Salora 24LED TV"}]},{"@type":"WebSite","@id":"https:\/\/www.heddata.se\/webbutik\/#website","url":"https:\/\/www.heddata.se\/webbutik\/","name":"Datorer, Skrivare, F\u00e4rgpatroner, Mobiltelefoner","description":"Kablar","publisher":{"@id":"https:\/\/www.heddata.se\/webbutik\/#organization"},"potentialAction":[{"@type":"SearchAction","target":{"@type":"EntryPoint","urlTemplate":"https:\/\/www.heddata.se\/webbutik\/?s={search_term_string}"},"query-input":{"@type":"PropertyValueSpecification","valueRequired":true,"valueName":"search_term_string"}}],"inLanguage":"sv-SE"},{"@type":"Organization","@id":"https:\/\/www.heddata.se\/webbutik\/#organization","name":"Heddata AB","url":"https:\/\/www.heddata.se\/webbutik\/","logo":{"@type":"ImageObject","inLanguage":"sv-SE","@id":"https:\/\/www.heddata.se\/webbutik\/#\/schema\/logo\/image\/","url":"https:\/\/www.heddata.se\/webbutik\/wp-content\/uploads\/logga\/heddata-ab-logga.png","contentUrl":"https:\/\/www.heddata.se\/webbutik\/wp-content\/uploads\/logga\/heddata-ab-logga.png","width":200,"height":64,"caption":"Heddata AB"},"image":{"@id":"https:\/\/www.heddata.se\/webbutik\/#\/schema\/logo\/image\/"}}]}},"_links":{"self":[{"href":"https:\/\/www.heddata.se\/webbutik\/wp-json\/wp\/v2\/product\/5111","targetHints":{"allow":["GET"]}}],"collection":[{"href":"https:\/\/www.heddata.se\/webbutik\/wp-json\/wp\/v2\/product"}],"about":[{"href":"https:\/\/www.heddata.se\/webbutik\/wp-json\/wp\/v2\/types\/product"}],"wp:featuredmedia":[{"embeddable":true,"href":"https:\/\/www.heddata.se\/webbutik\/wp-json\/wp\/v2\/media\/5661"}],"wp:attachment":[{"href":"https:\/\/www.heddata.se\/webbutik\/wp-json\/wp\/v2\/media?parent=5111"}],"wp:term":[{"taxonomy":"product_brand","embeddable":true,"href":"https:\/\/www.heddata.se\/webbutik\/wp-json\/wp\/v2\/product_brand?post=5111"},{"taxonomy":"product_cat","embeddable":true,"href":"https:\/\/www.heddata.se\/webbutik\/wp-json\/wp\/v2\/product_cat?post=5111"},{"taxonomy":"product_tag","embeddable":true,"href":"https:\/\/www.heddata.se\/webbutik\/wp-json\/wp\/v2\/product_tag?post=5111"}],"curies":[{"name":"wp","href":"https:\/\/api.w.org\/{rel}","templated":true}]}}