{"id":5097,"date":"2019-11-08T16:10:11","date_gmt":"2019-11-08T15:10:11","guid":{"rendered":"https:\/\/www.heddata.se\/webbutik\/?post_type=product&#038;p=5097"},"modified":"2026-04-03T18:16:55","modified_gmt":"2026-04-03T16:16:55","slug":"philips-android-led-tv","status":"publish","type":"product","link":"https:\/\/www.heddata.se\/webbutik\/produkt\/philips-android-led-tv\/","title":{"rendered":"Philips android LED TV med 4K UHD 65&#8243;"},"content":{"rendered":"<p>Philips android LED TV 65&#8243; med 4K UHD . Njut av dina favoritserier, filmer eller spel med en 4K UHD-TV som f\u00e5r allt inneh\u00e5ll att se suver\u00e4nt ut. Inte nog med att bilden ser suver\u00e4n ut, detaljerna har dessutom mer djup. I spelet blir r\u00f6relserna j\u00e4mna utan hack och l\u00e5ter dig aldrig tappa bort bollen, hur snabbt spelet \u00e4n \u00e4r. Allt detta p\u00e5 grund av Philips P5 Perfect Picture Engine- processorn.<\/p>\n<p><a href=\"https:\/\/www.philips.se\/\" target=\"_blank\" rel=\"noopener noreferrer\">Philips<\/a> ambilight f\u00e5r filmer och bilder att k\u00e4nnas mer uppslukande. Med hj\u00e4lp av detta ljus k\u00e4nns sk\u00e4rmen st\u00f6rre \u00e4n vad den egentligen \u00e4r. Intelligent belysning sitter runt <a href=\"https:\/\/www.heddata.se\/webbutik\/hemelektronik\/tv\/tv-apparater\/\">TV:ns<\/a> kanter och lyser upp f\u00e4rger p\u00e5 v\u00e4ggarna i rummet i realtid. Lev dig in i \u00e4ventyret med Philips android LED TV.<\/p>\n<p>&nbsp;<\/p>\n<p>&nbsp;<\/p>\n","protected":false},"excerpt":{"rendered":"<p>Philips android LED TV med 4K UHD<\/p>\n","protected":false},"featured_media":15432,"template":"","meta":[],"product_brand":[],"product_cat":[85],"product_tag":[],"class_list":{"0":"post-5097","1":"product","2":"type-product","3":"status-publish","4":"has-post-thumbnail","6":"product_cat-tv-apparater","8":"first","9":"outofstock","10":"taxable","11":"shipping-taxable","12":"product-type-simple"},"yoast_head":"<!-- This site is optimized with the Yoast SEO Premium plugin v26.7 (Yoast SEO v26.7) - https:\/\/yoast.com\/wordpress\/plugins\/seo\/ -->\n<title>Philips android LED TV med 4K UHD. Philips ambilight<\/title>\n<meta name=\"description\" content=\"Philips android LED TV med 4K UHD . Njut av dina favoritserier, filmer eller spel med en 4K UHD-TV som f\u00e5r allt inneh\u00e5ll att se suver\u00e4nt ut\" \/>\n<meta name=\"robots\" content=\"index, follow, max-snippet:-1, max-image-preview:large, max-video-preview:-1\" \/>\n<link rel=\"canonical\" href=\"https:\/\/www.heddata.se\/webbutik\/produkt\/philips-android-led-tv\/\" \/>\n<meta property=\"og:locale\" content=\"sv_SE\" \/>\n<meta property=\"og:type\" content=\"article\" \/>\n<meta property=\"og:title\" content=\"Philips android LED TV med 4K UHD 65&quot;\" \/>\n<meta property=\"og:description\" content=\"Philips android LED TV med 4K UHD . Njut av dina favoritserier, filmer eller spel med en 4K UHD-TV som f\u00e5r allt inneh\u00e5ll att se suver\u00e4nt ut\" \/>\n<meta property=\"og:url\" content=\"https:\/\/www.heddata.se\/webbutik\/produkt\/philips-android-led-tv\/\" \/>\n<meta property=\"og:site_name\" content=\"Datorer, Skrivare, F\u00e4rgpatroner, Mobiltelefoner\" \/>\n<meta property=\"article:modified_time\" content=\"2026-04-03T16:16:55+00:00\" \/>\n<meta property=\"og:image\" content=\"https:\/\/www.heddata.se\/webbutik\/wp-content\/uploads\/webbutik\/kategorier\/TV\/Tunn-android-LED-TV-med-4K-UHD-Philips-1.jpg\" \/>\n\t<meta property=\"og:image:width\" content=\"700\" \/>\n\t<meta property=\"og:image:height\" content=\"700\" \/>\n\t<meta property=\"og:image:type\" content=\"image\/jpeg\" \/>\n<meta name=\"twitter:card\" content=\"summary_large_image\" \/>\n<meta name=\"twitter:label1\" content=\"Ber\u00e4knad l\u00e4stid\" \/>\n\t<meta name=\"twitter:data1\" content=\"1 minut\" \/>\n<script type=\"application\/ld+json\" class=\"yoast-schema-graph\">{\"@context\":\"https:\/\/schema.org\",\"@graph\":[{\"@type\":\"WebPage\",\"@id\":\"https:\/\/www.heddata.se\/webbutik\/produkt\/philips-android-led-tv\/\",\"url\":\"https:\/\/www.heddata.se\/webbutik\/produkt\/philips-android-led-tv\/\",\"name\":\"Philips android LED TV med 4K UHD. Philips ambilight\",\"isPartOf\":{\"@id\":\"https:\/\/www.heddata.se\/webbutik\/#website\"},\"primaryImageOfPage\":{\"@id\":\"https:\/\/www.heddata.se\/webbutik\/produkt\/philips-android-led-tv\/#primaryimage\"},\"image\":{\"@id\":\"https:\/\/www.heddata.se\/webbutik\/produkt\/philips-android-led-tv\/#primaryimage\"},\"thumbnailUrl\":\"https:\/\/www.heddata.se\/webbutik\/wp-content\/uploads\/webbutik\/kategorier\/TV\/Tunn-android-LED-TV-med-4K-UHD-Philips-1.jpg\",\"datePublished\":\"2019-11-08T15:10:11+00:00\",\"dateModified\":\"2026-04-03T16:16:55+00:00\",\"description\":\"Philips android LED TV med 4K UHD . Njut av dina favoritserier, filmer eller spel med en 4K UHD-TV som f\u00e5r allt inneh\u00e5ll att se suver\u00e4nt ut\",\"breadcrumb\":{\"@id\":\"https:\/\/www.heddata.se\/webbutik\/produkt\/philips-android-led-tv\/#breadcrumb\"},\"inLanguage\":\"sv-SE\",\"potentialAction\":[{\"@type\":\"ReadAction\",\"target\":[\"https:\/\/www.heddata.se\/webbutik\/produkt\/philips-android-led-tv\/\"]}]},{\"@type\":\"ImageObject\",\"inLanguage\":\"sv-SE\",\"@id\":\"https:\/\/www.heddata.se\/webbutik\/produkt\/philips-android-led-tv\/#primaryimage\",\"url\":\"https:\/\/www.heddata.se\/webbutik\/wp-content\/uploads\/webbutik\/kategorier\/TV\/Tunn-android-LED-TV-med-4K-UHD-Philips-1.jpg\",\"contentUrl\":\"https:\/\/www.heddata.se\/webbutik\/wp-content\/uploads\/webbutik\/kategorier\/TV\/Tunn-android-LED-TV-med-4K-UHD-Philips-1.jpg\",\"width\":700,\"height\":700,\"caption\":\"Philips android LED TV med 4K UHD 65\\\"\"},{\"@type\":\"BreadcrumbList\",\"@id\":\"https:\/\/www.heddata.se\/webbutik\/produkt\/philips-android-led-tv\/#breadcrumb\",\"itemListElement\":[{\"@type\":\"ListItem\",\"position\":1,\"name\":\"Hem\",\"item\":\"https:\/\/www.heddata.se\/webbutik\/\"},{\"@type\":\"ListItem\",\"position\":2,\"name\":\"Produkter\",\"item\":\"https:\/\/www.heddata.se\/webbutik\/shop\/\"},{\"@type\":\"ListItem\",\"position\":3,\"name\":\"Philips android LED TV med 4K UHD 65&#8243;\"}]},{\"@type\":\"WebSite\",\"@id\":\"https:\/\/www.heddata.se\/webbutik\/#website\",\"url\":\"https:\/\/www.heddata.se\/webbutik\/\",\"name\":\"Datorer, Skrivare, F\u00e4rgpatroner, Mobiltelefoner\",\"description\":\"Kablar\",\"publisher\":{\"@id\":\"https:\/\/www.heddata.se\/webbutik\/#organization\"},\"potentialAction\":[{\"@type\":\"SearchAction\",\"target\":{\"@type\":\"EntryPoint\",\"urlTemplate\":\"https:\/\/www.heddata.se\/webbutik\/?s={search_term_string}\"},\"query-input\":{\"@type\":\"PropertyValueSpecification\",\"valueRequired\":true,\"valueName\":\"search_term_string\"}}],\"inLanguage\":\"sv-SE\"},{\"@type\":\"Organization\",\"@id\":\"https:\/\/www.heddata.se\/webbutik\/#organization\",\"name\":\"Heddata AB\",\"url\":\"https:\/\/www.heddata.se\/webbutik\/\",\"logo\":{\"@type\":\"ImageObject\",\"inLanguage\":\"sv-SE\",\"@id\":\"https:\/\/www.heddata.se\/webbutik\/#\/schema\/logo\/image\/\",\"url\":\"https:\/\/www.heddata.se\/webbutik\/wp-content\/uploads\/logga\/heddata-ab-logga.png\",\"contentUrl\":\"https:\/\/www.heddata.se\/webbutik\/wp-content\/uploads\/logga\/heddata-ab-logga.png\",\"width\":200,\"height\":64,\"caption\":\"Heddata AB\"},\"image\":{\"@id\":\"https:\/\/www.heddata.se\/webbutik\/#\/schema\/logo\/image\/\"}}]}<\/script>\n<!-- \/ Yoast SEO Premium plugin. -->","yoast_head_json":{"title":"Philips android LED TV med 4K UHD. Philips ambilight","description":"Philips android LED TV med 4K UHD . Njut av dina favoritserier, filmer eller spel med en 4K UHD-TV som f\u00e5r allt inneh\u00e5ll att se suver\u00e4nt ut","robots":{"index":"index","follow":"follow","max-snippet":"max-snippet:-1","max-image-preview":"max-image-preview:large","max-video-preview":"max-video-preview:-1"},"canonical":"https:\/\/www.heddata.se\/webbutik\/produkt\/philips-android-led-tv\/","og_locale":"sv_SE","og_type":"article","og_title":"Philips android LED TV med 4K UHD 65\"","og_description":"Philips android LED TV med 4K UHD . Njut av dina favoritserier, filmer eller spel med en 4K UHD-TV som f\u00e5r allt inneh\u00e5ll att se suver\u00e4nt ut","og_url":"https:\/\/www.heddata.se\/webbutik\/produkt\/philips-android-led-tv\/","og_site_name":"Datorer, Skrivare, F\u00e4rgpatroner, Mobiltelefoner","article_modified_time":"2026-04-03T16:16:55+00:00","og_image":[{"width":700,"height":700,"url":"https:\/\/www.heddata.se\/webbutik\/wp-content\/uploads\/webbutik\/kategorier\/TV\/Tunn-android-LED-TV-med-4K-UHD-Philips-1.jpg","type":"image\/jpeg"}],"twitter_card":"summary_large_image","twitter_misc":{"Ber\u00e4knad l\u00e4stid":"1 minut"},"schema":{"@context":"https:\/\/schema.org","@graph":[{"@type":"WebPage","@id":"https:\/\/www.heddata.se\/webbutik\/produkt\/philips-android-led-tv\/","url":"https:\/\/www.heddata.se\/webbutik\/produkt\/philips-android-led-tv\/","name":"Philips android LED TV med 4K UHD. Philips ambilight","isPartOf":{"@id":"https:\/\/www.heddata.se\/webbutik\/#website"},"primaryImageOfPage":{"@id":"https:\/\/www.heddata.se\/webbutik\/produkt\/philips-android-led-tv\/#primaryimage"},"image":{"@id":"https:\/\/www.heddata.se\/webbutik\/produkt\/philips-android-led-tv\/#primaryimage"},"thumbnailUrl":"https:\/\/www.heddata.se\/webbutik\/wp-content\/uploads\/webbutik\/kategorier\/TV\/Tunn-android-LED-TV-med-4K-UHD-Philips-1.jpg","datePublished":"2019-11-08T15:10:11+00:00","dateModified":"2026-04-03T16:16:55+00:00","description":"Philips android LED TV med 4K UHD . Njut av dina favoritserier, filmer eller spel med en 4K UHD-TV som f\u00e5r allt inneh\u00e5ll att se suver\u00e4nt ut","breadcrumb":{"@id":"https:\/\/www.heddata.se\/webbutik\/produkt\/philips-android-led-tv\/#breadcrumb"},"inLanguage":"sv-SE","potentialAction":[{"@type":"ReadAction","target":["https:\/\/www.heddata.se\/webbutik\/produkt\/philips-android-led-tv\/"]}]},{"@type":"ImageObject","inLanguage":"sv-SE","@id":"https:\/\/www.heddata.se\/webbutik\/produkt\/philips-android-led-tv\/#primaryimage","url":"https:\/\/www.heddata.se\/webbutik\/wp-content\/uploads\/webbutik\/kategorier\/TV\/Tunn-android-LED-TV-med-4K-UHD-Philips-1.jpg","contentUrl":"https:\/\/www.heddata.se\/webbutik\/wp-content\/uploads\/webbutik\/kategorier\/TV\/Tunn-android-LED-TV-med-4K-UHD-Philips-1.jpg","width":700,"height":700,"caption":"Philips android LED TV med 4K UHD 65\""},{"@type":"BreadcrumbList","@id":"https:\/\/www.heddata.se\/webbutik\/produkt\/philips-android-led-tv\/#breadcrumb","itemListElement":[{"@type":"ListItem","position":1,"name":"Hem","item":"https:\/\/www.heddata.se\/webbutik\/"},{"@type":"ListItem","position":2,"name":"Produkter","item":"https:\/\/www.heddata.se\/webbutik\/shop\/"},{"@type":"ListItem","position":3,"name":"Philips android LED TV med 4K UHD 65&#8243;"}]},{"@type":"WebSite","@id":"https:\/\/www.heddata.se\/webbutik\/#website","url":"https:\/\/www.heddata.se\/webbutik\/","name":"Datorer, Skrivare, F\u00e4rgpatroner, Mobiltelefoner","description":"Kablar","publisher":{"@id":"https:\/\/www.heddata.se\/webbutik\/#organization"},"potentialAction":[{"@type":"SearchAction","target":{"@type":"EntryPoint","urlTemplate":"https:\/\/www.heddata.se\/webbutik\/?s={search_term_string}"},"query-input":{"@type":"PropertyValueSpecification","valueRequired":true,"valueName":"search_term_string"}}],"inLanguage":"sv-SE"},{"@type":"Organization","@id":"https:\/\/www.heddata.se\/webbutik\/#organization","name":"Heddata AB","url":"https:\/\/www.heddata.se\/webbutik\/","logo":{"@type":"ImageObject","inLanguage":"sv-SE","@id":"https:\/\/www.heddata.se\/webbutik\/#\/schema\/logo\/image\/","url":"https:\/\/www.heddata.se\/webbutik\/wp-content\/uploads\/logga\/heddata-ab-logga.png","contentUrl":"https:\/\/www.heddata.se\/webbutik\/wp-content\/uploads\/logga\/heddata-ab-logga.png","width":200,"height":64,"caption":"Heddata AB"},"image":{"@id":"https:\/\/www.heddata.se\/webbutik\/#\/schema\/logo\/image\/"}}]}},"_links":{"self":[{"href":"https:\/\/www.heddata.se\/webbutik\/wp-json\/wp\/v2\/product\/5097","targetHints":{"allow":["GET"]}}],"collection":[{"href":"https:\/\/www.heddata.se\/webbutik\/wp-json\/wp\/v2\/product"}],"about":[{"href":"https:\/\/www.heddata.se\/webbutik\/wp-json\/wp\/v2\/types\/product"}],"wp:featuredmedia":[{"embeddable":true,"href":"https:\/\/www.heddata.se\/webbutik\/wp-json\/wp\/v2\/media\/15432"}],"wp:attachment":[{"href":"https:\/\/www.heddata.se\/webbutik\/wp-json\/wp\/v2\/media?parent=5097"}],"wp:term":[{"taxonomy":"product_brand","embeddable":true,"href":"https:\/\/www.heddata.se\/webbutik\/wp-json\/wp\/v2\/product_brand?post=5097"},{"taxonomy":"product_cat","embeddable":true,"href":"https:\/\/www.heddata.se\/webbutik\/wp-json\/wp\/v2\/product_cat?post=5097"},{"taxonomy":"product_tag","embeddable":true,"href":"https:\/\/www.heddata.se\/webbutik\/wp-json\/wp\/v2\/product_tag?post=5097"}],"curies":[{"name":"wp","href":"https:\/\/api.w.org\/{rel}","templated":true}]}}