{"id":42037,"date":"2020-02-05T09:46:14","date_gmt":"2020-02-05T08:46:14","guid":{"rendered":"https:\/\/www.heddata.se\/webbutik\/?post_type=product&#038;p=42037"},"modified":"2026-04-07T09:31:30","modified_gmt":"2026-04-07T07:31:30","slug":"philips-klockradio-aj3123-fm","status":"publish","type":"product","link":"https:\/\/www.heddata.se\/webbutik\/produkt\/philips-klockradio-aj3123-fm\/","title":{"rendered":"Philips Klockradio AJ3123 FM"},"content":{"rendered":"<p>Philips Klockradio AJ3123 FM<\/p>\n<h4><strong>V\u00e4lj sj\u00e4lv hur dagen ska b\u00f6rja!<\/strong><\/h4>\n<p class=\"p-body-copy-02\">Philips Klockradio AJ3123 FM \u00e4r snygg och v\u00e4cker dig i tid. Den har en inbyggd FM-radio och du kan v\u00e4lja om du vill vakna till din favoritradiokanal eller en ljudsignal.<\/p>\n<p>Du st\u00e4ller in klockradion fr\u00e5n Philips p\u00e5 att v\u00e4cka dig med den radiokanal du senast lyssnade p\u00e5, eller s\u00e5 kan du v\u00e4lja att bli v\u00e4ckt med en larmsignal.<\/p>\n<p>Med digital <a href=\"https:\/\/www.heddata.se\/webbutik\/hemelektronik\/radio\/\">FM-radio<\/a> f\u00e5r du ytterligare musikalternativ till din musiksamling p\u00e5 ljudsystemet fr\u00e5n <a href=\"https:\/\/www.philips.se\/\" target=\"_blank\" rel=\"noopener noreferrer\">Philips.<\/a> Du s\u00f6ker helt enkelt efter kanalen du vill f\u00f6rinst\u00e4lla och h\u00e5ller snabbvalsknappen intryckt s\u00e5 sparas frekvensen. Med f\u00f6rinst\u00e4llda kanaler kan du snabbt komma \u00e5t din favoritradiokanal utan att manuellt beh\u00f6va st\u00e4lla in frekvensen varje g\u00e5ng.<\/p>\n<p>Starta dagen p\u00e5 r\u00e4tt s\u00e4tt genom att vakna mjukt till en gradvis \u00f6kande alarmvolym. Eftersom vanliga v\u00e4ckarklockor med inst\u00e4lld volym antingen har f\u00f6r l\u00e5gt ljud f\u00f6r att v\u00e4cka dig, eller s\u00e5 obehagligt h\u00f6gt ljud att du vaknar alltf\u00f6r abrupt. Ist\u00e4llet kan du v\u00e4lja att vakna till din favoritmusik, radiostation eller alarmsignal. Med den behagliga uppvakningsfunktionen \u00f6kar volymen gradvis fr\u00e5n svag till n\u00e5gorlunda h\u00f6g f\u00f6r att v\u00e4cka dig f\u00f6rsiktigt.<\/p>\n","protected":false},"excerpt":{"rendered":"<p>Philips Klockradio AJ3123 FM<\/p>\n","protected":false},"featured_media":42251,"template":"","meta":[],"product_brand":[],"product_cat":[60,81],"product_tag":[],"class_list":{"0":"post-42037","1":"product","2":"type-product","3":"status-publish","4":"has-post-thumbnail","6":"product_cat-hemelektronik","7":"product_cat-radio","9":"first","10":"outofstock","11":"taxable","12":"shipping-taxable","13":"product-type-simple"},"yoast_head":"<!-- This site is optimized with the Yoast SEO Premium plugin v26.7 (Yoast SEO v26.7) - https:\/\/yoast.com\/wordpress\/plugins\/seo\/ -->\n<title>Philips Klockradio AJ3123 FM, vakna till musik eller ljudsignal<\/title>\n<meta name=\"description\" content=\"Philips Klockradio AJ3123 med FM-radio, vakna till din favoritkanal eller ljudsignal, insomningsfunktion och repeterande larm.\" \/>\n<meta name=\"robots\" content=\"index, follow, max-snippet:-1, max-image-preview:large, max-video-preview:-1\" \/>\n<link rel=\"canonical\" href=\"https:\/\/www.heddata.se\/webbutik\/produkt\/philips-klockradio-aj3123-fm\/\" \/>\n<meta property=\"og:locale\" content=\"sv_SE\" \/>\n<meta property=\"og:type\" content=\"article\" \/>\n<meta property=\"og:title\" content=\"Philips Klockradio AJ3123 FM\" \/>\n<meta property=\"og:description\" content=\"Philips Klockradio AJ3123 med FM-radio, vakna till din favoritkanal eller ljudsignal, insomningsfunktion och repeterande larm.\" \/>\n<meta property=\"og:url\" content=\"https:\/\/www.heddata.se\/webbutik\/produkt\/philips-klockradio-aj3123-fm\/\" \/>\n<meta property=\"og:site_name\" content=\"Datorer, Skrivare, F\u00e4rgpatroner, Mobiltelefoner\" \/>\n<meta property=\"article:modified_time\" content=\"2026-04-07T07:31:30+00:00\" \/>\n<meta property=\"og:image\" content=\"https:\/\/www.heddata.se\/webbutik\/wp-content\/uploads\/philips-klockradio-aj312312.jpg\" \/>\n\t<meta property=\"og:image:width\" content=\"1024\" \/>\n\t<meta property=\"og:image:height\" content=\"1024\" \/>\n\t<meta property=\"og:image:type\" content=\"image\/jpeg\" \/>\n<meta name=\"twitter:card\" content=\"summary_large_image\" \/>\n<meta name=\"twitter:label1\" content=\"Ber\u00e4knad l\u00e4stid\" \/>\n\t<meta name=\"twitter:data1\" content=\"1 minut\" \/>\n<script type=\"application\/ld+json\" class=\"yoast-schema-graph\">{\"@context\":\"https:\/\/schema.org\",\"@graph\":[{\"@type\":\"WebPage\",\"@id\":\"https:\/\/www.heddata.se\/webbutik\/produkt\/philips-klockradio-aj3123-fm\/\",\"url\":\"https:\/\/www.heddata.se\/webbutik\/produkt\/philips-klockradio-aj3123-fm\/\",\"name\":\"Philips Klockradio AJ3123 FM, vakna till musik eller ljudsignal\",\"isPartOf\":{\"@id\":\"https:\/\/www.heddata.se\/webbutik\/#website\"},\"primaryImageOfPage\":{\"@id\":\"https:\/\/www.heddata.se\/webbutik\/produkt\/philips-klockradio-aj3123-fm\/#primaryimage\"},\"image\":{\"@id\":\"https:\/\/www.heddata.se\/webbutik\/produkt\/philips-klockradio-aj3123-fm\/#primaryimage\"},\"thumbnailUrl\":\"https:\/\/www.heddata.se\/webbutik\/wp-content\/uploads\/philips-klockradio-aj312312.jpg\",\"datePublished\":\"2020-02-05T08:46:14+00:00\",\"dateModified\":\"2026-04-07T07:31:30+00:00\",\"description\":\"Philips Klockradio AJ3123 med FM-radio, vakna till din favoritkanal eller ljudsignal, insomningsfunktion och repeterande larm.\",\"breadcrumb\":{\"@id\":\"https:\/\/www.heddata.se\/webbutik\/produkt\/philips-klockradio-aj3123-fm\/#breadcrumb\"},\"inLanguage\":\"sv-SE\",\"potentialAction\":[{\"@type\":\"ReadAction\",\"target\":[\"https:\/\/www.heddata.se\/webbutik\/produkt\/philips-klockradio-aj3123-fm\/\"]}]},{\"@type\":\"ImageObject\",\"inLanguage\":\"sv-SE\",\"@id\":\"https:\/\/www.heddata.se\/webbutik\/produkt\/philips-klockradio-aj3123-fm\/#primaryimage\",\"url\":\"https:\/\/www.heddata.se\/webbutik\/wp-content\/uploads\/philips-klockradio-aj312312.jpg\",\"contentUrl\":\"https:\/\/www.heddata.se\/webbutik\/wp-content\/uploads\/philips-klockradio-aj312312.jpg\",\"width\":1024,\"height\":1024,\"caption\":\"Philips Klockradio AJ3123\"},{\"@type\":\"BreadcrumbList\",\"@id\":\"https:\/\/www.heddata.se\/webbutik\/produkt\/philips-klockradio-aj3123-fm\/#breadcrumb\",\"itemListElement\":[{\"@type\":\"ListItem\",\"position\":1,\"name\":\"Hem\",\"item\":\"https:\/\/www.heddata.se\/webbutik\/\"},{\"@type\":\"ListItem\",\"position\":2,\"name\":\"Produkter\",\"item\":\"https:\/\/www.heddata.se\/webbutik\/shop\/\"},{\"@type\":\"ListItem\",\"position\":3,\"name\":\"Philips Klockradio AJ3123 FM\"}]},{\"@type\":\"WebSite\",\"@id\":\"https:\/\/www.heddata.se\/webbutik\/#website\",\"url\":\"https:\/\/www.heddata.se\/webbutik\/\",\"name\":\"Datorer, Skrivare, F\u00e4rgpatroner, Mobiltelefoner\",\"description\":\"Kablar\",\"publisher\":{\"@id\":\"https:\/\/www.heddata.se\/webbutik\/#organization\"},\"potentialAction\":[{\"@type\":\"SearchAction\",\"target\":{\"@type\":\"EntryPoint\",\"urlTemplate\":\"https:\/\/www.heddata.se\/webbutik\/?s={search_term_string}\"},\"query-input\":{\"@type\":\"PropertyValueSpecification\",\"valueRequired\":true,\"valueName\":\"search_term_string\"}}],\"inLanguage\":\"sv-SE\"},{\"@type\":\"Organization\",\"@id\":\"https:\/\/www.heddata.se\/webbutik\/#organization\",\"name\":\"Heddata AB\",\"url\":\"https:\/\/www.heddata.se\/webbutik\/\",\"logo\":{\"@type\":\"ImageObject\",\"inLanguage\":\"sv-SE\",\"@id\":\"https:\/\/www.heddata.se\/webbutik\/#\/schema\/logo\/image\/\",\"url\":\"https:\/\/www.heddata.se\/webbutik\/wp-content\/uploads\/logga\/heddata-ab-logga.png\",\"contentUrl\":\"https:\/\/www.heddata.se\/webbutik\/wp-content\/uploads\/logga\/heddata-ab-logga.png\",\"width\":200,\"height\":64,\"caption\":\"Heddata AB\"},\"image\":{\"@id\":\"https:\/\/www.heddata.se\/webbutik\/#\/schema\/logo\/image\/\"}}]}<\/script>\n<!-- \/ Yoast SEO Premium plugin. -->","yoast_head_json":{"title":"Philips Klockradio AJ3123 FM, vakna till musik eller ljudsignal","description":"Philips Klockradio AJ3123 med FM-radio, vakna till din favoritkanal eller ljudsignal, insomningsfunktion och repeterande larm.","robots":{"index":"index","follow":"follow","max-snippet":"max-snippet:-1","max-image-preview":"max-image-preview:large","max-video-preview":"max-video-preview:-1"},"canonical":"https:\/\/www.heddata.se\/webbutik\/produkt\/philips-klockradio-aj3123-fm\/","og_locale":"sv_SE","og_type":"article","og_title":"Philips Klockradio AJ3123 FM","og_description":"Philips Klockradio AJ3123 med FM-radio, vakna till din favoritkanal eller ljudsignal, insomningsfunktion och repeterande larm.","og_url":"https:\/\/www.heddata.se\/webbutik\/produkt\/philips-klockradio-aj3123-fm\/","og_site_name":"Datorer, Skrivare, F\u00e4rgpatroner, Mobiltelefoner","article_modified_time":"2026-04-07T07:31:30+00:00","og_image":[{"width":1024,"height":1024,"url":"https:\/\/www.heddata.se\/webbutik\/wp-content\/uploads\/philips-klockradio-aj312312.jpg","type":"image\/jpeg"}],"twitter_card":"summary_large_image","twitter_misc":{"Ber\u00e4knad l\u00e4stid":"1 minut"},"schema":{"@context":"https:\/\/schema.org","@graph":[{"@type":"WebPage","@id":"https:\/\/www.heddata.se\/webbutik\/produkt\/philips-klockradio-aj3123-fm\/","url":"https:\/\/www.heddata.se\/webbutik\/produkt\/philips-klockradio-aj3123-fm\/","name":"Philips Klockradio AJ3123 FM, vakna till musik eller ljudsignal","isPartOf":{"@id":"https:\/\/www.heddata.se\/webbutik\/#website"},"primaryImageOfPage":{"@id":"https:\/\/www.heddata.se\/webbutik\/produkt\/philips-klockradio-aj3123-fm\/#primaryimage"},"image":{"@id":"https:\/\/www.heddata.se\/webbutik\/produkt\/philips-klockradio-aj3123-fm\/#primaryimage"},"thumbnailUrl":"https:\/\/www.heddata.se\/webbutik\/wp-content\/uploads\/philips-klockradio-aj312312.jpg","datePublished":"2020-02-05T08:46:14+00:00","dateModified":"2026-04-07T07:31:30+00:00","description":"Philips Klockradio AJ3123 med FM-radio, vakna till din favoritkanal eller ljudsignal, insomningsfunktion och repeterande larm.","breadcrumb":{"@id":"https:\/\/www.heddata.se\/webbutik\/produkt\/philips-klockradio-aj3123-fm\/#breadcrumb"},"inLanguage":"sv-SE","potentialAction":[{"@type":"ReadAction","target":["https:\/\/www.heddata.se\/webbutik\/produkt\/philips-klockradio-aj3123-fm\/"]}]},{"@type":"ImageObject","inLanguage":"sv-SE","@id":"https:\/\/www.heddata.se\/webbutik\/produkt\/philips-klockradio-aj3123-fm\/#primaryimage","url":"https:\/\/www.heddata.se\/webbutik\/wp-content\/uploads\/philips-klockradio-aj312312.jpg","contentUrl":"https:\/\/www.heddata.se\/webbutik\/wp-content\/uploads\/philips-klockradio-aj312312.jpg","width":1024,"height":1024,"caption":"Philips Klockradio AJ3123"},{"@type":"BreadcrumbList","@id":"https:\/\/www.heddata.se\/webbutik\/produkt\/philips-klockradio-aj3123-fm\/#breadcrumb","itemListElement":[{"@type":"ListItem","position":1,"name":"Hem","item":"https:\/\/www.heddata.se\/webbutik\/"},{"@type":"ListItem","position":2,"name":"Produkter","item":"https:\/\/www.heddata.se\/webbutik\/shop\/"},{"@type":"ListItem","position":3,"name":"Philips Klockradio AJ3123 FM"}]},{"@type":"WebSite","@id":"https:\/\/www.heddata.se\/webbutik\/#website","url":"https:\/\/www.heddata.se\/webbutik\/","name":"Datorer, Skrivare, F\u00e4rgpatroner, Mobiltelefoner","description":"Kablar","publisher":{"@id":"https:\/\/www.heddata.se\/webbutik\/#organization"},"potentialAction":[{"@type":"SearchAction","target":{"@type":"EntryPoint","urlTemplate":"https:\/\/www.heddata.se\/webbutik\/?s={search_term_string}"},"query-input":{"@type":"PropertyValueSpecification","valueRequired":true,"valueName":"search_term_string"}}],"inLanguage":"sv-SE"},{"@type":"Organization","@id":"https:\/\/www.heddata.se\/webbutik\/#organization","name":"Heddata AB","url":"https:\/\/www.heddata.se\/webbutik\/","logo":{"@type":"ImageObject","inLanguage":"sv-SE","@id":"https:\/\/www.heddata.se\/webbutik\/#\/schema\/logo\/image\/","url":"https:\/\/www.heddata.se\/webbutik\/wp-content\/uploads\/logga\/heddata-ab-logga.png","contentUrl":"https:\/\/www.heddata.se\/webbutik\/wp-content\/uploads\/logga\/heddata-ab-logga.png","width":200,"height":64,"caption":"Heddata AB"},"image":{"@id":"https:\/\/www.heddata.se\/webbutik\/#\/schema\/logo\/image\/"}}]}},"_links":{"self":[{"href":"https:\/\/www.heddata.se\/webbutik\/wp-json\/wp\/v2\/product\/42037","targetHints":{"allow":["GET"]}}],"collection":[{"href":"https:\/\/www.heddata.se\/webbutik\/wp-json\/wp\/v2\/product"}],"about":[{"href":"https:\/\/www.heddata.se\/webbutik\/wp-json\/wp\/v2\/types\/product"}],"wp:featuredmedia":[{"embeddable":true,"href":"https:\/\/www.heddata.se\/webbutik\/wp-json\/wp\/v2\/media\/42251"}],"wp:attachment":[{"href":"https:\/\/www.heddata.se\/webbutik\/wp-json\/wp\/v2\/media?parent=42037"}],"wp:term":[{"taxonomy":"product_brand","embeddable":true,"href":"https:\/\/www.heddata.se\/webbutik\/wp-json\/wp\/v2\/product_brand?post=42037"},{"taxonomy":"product_cat","embeddable":true,"href":"https:\/\/www.heddata.se\/webbutik\/wp-json\/wp\/v2\/product_cat?post=42037"},{"taxonomy":"product_tag","embeddable":true,"href":"https:\/\/www.heddata.se\/webbutik\/wp-json\/wp\/v2\/product_tag?post=42037"}],"curies":[{"name":"wp","href":"https:\/\/api.w.org\/{rel}","templated":true}]}}