{"id":3835,"date":"2019-11-04T08:31:22","date_gmt":"2019-11-04T07:31:22","guid":{"rendered":"https:\/\/www.heddata.se\/webbutik\/?post_type=product&#038;p=3835"},"modified":"2025-04-25T09:34:39","modified_gmt":"2025-04-25T07:34:39","slug":"eset-smart-security-premium-licensfornyelse","status":"publish","type":"product","link":"https:\/\/www.heddata.se\/webbutik\/produkt\/eset-smart-security-premium-licensfornyelse\/","title":{"rendered":"ESET Smart Security Premium Licensf\u00f6rnyelse"},"content":{"rendered":"<p>F\u00f6rnyelse av licens f\u00f6r ESET Smart Security Premium<\/p>\n","protected":false},"excerpt":{"rendered":"<p>V\u00e4lj hur m\u00e5nga \u00e5r du vill f\u00f6rl\u00e4nga din licens.<\/p>\n<p>Beh\u00f6ver du uppgradera eller degradera antalet enheter \u00e4r du v\u00e4lkommen att kontakta oss. T\u00e4nk p\u00e5 att du m\u00e5ste kontakt oss innan ni l\u00e4gger ordern.<\/p>\n","protected":false},"featured_media":928,"template":"","meta":[],"product_brand":[],"product_cat":[50],"product_tag":[4886],"class_list":{"0":"post-3835","1":"product","2":"type-product","3":"status-publish","4":"has-post-thumbnail","6":"product_cat-eset","7":"product_tag-eset-fornyelse","9":"first","10":"instock","11":"sold-individually","12":"taxable","13":"shipping-taxable","14":"purchasable","15":"product-type-variable","16":"has-default-attributes"},"yoast_head":"<!-- This site is optimized with the Yoast SEO Premium plugin v26.7 (Yoast SEO v26.7) - https:\/\/yoast.com\/wordpress\/plugins\/seo\/ -->\n<title>ESET Smart Security Premium Licensf\u00f6rnyelse - Datorer, Skrivare, F\u00e4rgpatroner, Mobiltelefoner<\/title>\n<meta name=\"robots\" content=\"noindex, follow\" \/>\n<meta property=\"og:locale\" content=\"sv_SE\" \/>\n<meta property=\"og:type\" content=\"article\" \/>\n<meta property=\"og:title\" content=\"ESET Smart Security Premium Licensf\u00f6rnyelse\" \/>\n<meta property=\"og:description\" content=\"V\u00e4lj hur m\u00e5nga \u00e5r du vill f\u00f6rl\u00e4nga din licens.  Beh\u00f6ver du uppgradera eller degradera antalet enheter \u00e4r du v\u00e4lkommen att kontakta oss. T\u00e4nk p\u00e5 att du m\u00e5ste kontakt oss innan ni l\u00e4gger ordern.\" \/>\n<meta property=\"og:url\" content=\"https:\/\/www.heddata.se\/webbutik\/produkt\/eset-smart-security-premium-licensfornyelse\/\" \/>\n<meta property=\"og:site_name\" content=\"Datorer, Skrivare, F\u00e4rgpatroner, Mobiltelefoner\" \/>\n<meta property=\"article:modified_time\" content=\"2025-04-25T07:34:39+00:00\" \/>\n<meta property=\"og:image\" content=\"https:\/\/www.heddata.se\/webbutik\/wp-content\/uploads\/182_smartSecurity.png\" \/>\n\t<meta property=\"og:image:width\" content=\"182\" \/>\n\t<meta property=\"og:image:height\" content=\"257\" \/>\n\t<meta property=\"og:image:type\" content=\"image\/png\" \/>\n<meta name=\"twitter:card\" content=\"summary_large_image\" \/>\n<script type=\"application\/ld+json\" class=\"yoast-schema-graph\">{\"@context\":\"https:\/\/schema.org\",\"@graph\":[{\"@type\":\"WebPage\",\"@id\":\"https:\/\/www.heddata.se\/webbutik\/produkt\/eset-smart-security-premium-licensfornyelse\/\",\"url\":\"https:\/\/www.heddata.se\/webbutik\/produkt\/eset-smart-security-premium-licensfornyelse\/\",\"name\":\"ESET Smart Security Premium Licensf\u00f6rnyelse - Datorer, Skrivare, F\u00e4rgpatroner, Mobiltelefoner\",\"isPartOf\":{\"@id\":\"https:\/\/www.heddata.se\/webbutik\/#website\"},\"primaryImageOfPage\":{\"@id\":\"https:\/\/www.heddata.se\/webbutik\/produkt\/eset-smart-security-premium-licensfornyelse\/#primaryimage\"},\"image\":{\"@id\":\"https:\/\/www.heddata.se\/webbutik\/produkt\/eset-smart-security-premium-licensfornyelse\/#primaryimage\"},\"thumbnailUrl\":\"https:\/\/www.heddata.se\/webbutik\/wp-content\/uploads\/182_smartSecurity.png\",\"datePublished\":\"2019-11-04T07:31:22+00:00\",\"dateModified\":\"2025-04-25T07:34:39+00:00\",\"breadcrumb\":{\"@id\":\"https:\/\/www.heddata.se\/webbutik\/produkt\/eset-smart-security-premium-licensfornyelse\/#breadcrumb\"},\"inLanguage\":\"sv-SE\",\"potentialAction\":[{\"@type\":\"ReadAction\",\"target\":[\"https:\/\/www.heddata.se\/webbutik\/produkt\/eset-smart-security-premium-licensfornyelse\/\"]}]},{\"@type\":\"ImageObject\",\"inLanguage\":\"sv-SE\",\"@id\":\"https:\/\/www.heddata.se\/webbutik\/produkt\/eset-smart-security-premium-licensfornyelse\/#primaryimage\",\"url\":\"https:\/\/www.heddata.se\/webbutik\/wp-content\/uploads\/182_smartSecurity.png\",\"contentUrl\":\"https:\/\/www.heddata.se\/webbutik\/wp-content\/uploads\/182_smartSecurity.png\",\"width\":182,\"height\":257},{\"@type\":\"BreadcrumbList\",\"@id\":\"https:\/\/www.heddata.se\/webbutik\/produkt\/eset-smart-security-premium-licensfornyelse\/#breadcrumb\",\"itemListElement\":[{\"@type\":\"ListItem\",\"position\":1,\"name\":\"Hem\",\"item\":\"https:\/\/www.heddata.se\/webbutik\/\"},{\"@type\":\"ListItem\",\"position\":2,\"name\":\"Produkter\",\"item\":\"https:\/\/www.heddata.se\/webbutik\/shop\/\"},{\"@type\":\"ListItem\",\"position\":3,\"name\":\"ESET Smart Security Premium Licensf\u00f6rnyelse\"}]},{\"@type\":\"WebSite\",\"@id\":\"https:\/\/www.heddata.se\/webbutik\/#website\",\"url\":\"https:\/\/www.heddata.se\/webbutik\/\",\"name\":\"Datorer, Skrivare, F\u00e4rgpatroner, Mobiltelefoner\",\"description\":\"Kablar\",\"publisher\":{\"@id\":\"https:\/\/www.heddata.se\/webbutik\/#organization\"},\"potentialAction\":[{\"@type\":\"SearchAction\",\"target\":{\"@type\":\"EntryPoint\",\"urlTemplate\":\"https:\/\/www.heddata.se\/webbutik\/?s={search_term_string}\"},\"query-input\":{\"@type\":\"PropertyValueSpecification\",\"valueRequired\":true,\"valueName\":\"search_term_string\"}}],\"inLanguage\":\"sv-SE\"},{\"@type\":\"Organization\",\"@id\":\"https:\/\/www.heddata.se\/webbutik\/#organization\",\"name\":\"Heddata AB\",\"url\":\"https:\/\/www.heddata.se\/webbutik\/\",\"logo\":{\"@type\":\"ImageObject\",\"inLanguage\":\"sv-SE\",\"@id\":\"https:\/\/www.heddata.se\/webbutik\/#\/schema\/logo\/image\/\",\"url\":\"https:\/\/www.heddata.se\/webbutik\/wp-content\/uploads\/logga\/heddata-ab-logga.png\",\"contentUrl\":\"https:\/\/www.heddata.se\/webbutik\/wp-content\/uploads\/logga\/heddata-ab-logga.png\",\"width\":200,\"height\":64,\"caption\":\"Heddata AB\"},\"image\":{\"@id\":\"https:\/\/www.heddata.se\/webbutik\/#\/schema\/logo\/image\/\"}}]}<\/script>\n<!-- \/ Yoast SEO Premium plugin. -->","yoast_head_json":{"title":"ESET Smart Security Premium Licensf\u00f6rnyelse - Datorer, Skrivare, F\u00e4rgpatroner, Mobiltelefoner","robots":{"index":"noindex","follow":"follow"},"og_locale":"sv_SE","og_type":"article","og_title":"ESET Smart Security Premium Licensf\u00f6rnyelse","og_description":"V\u00e4lj hur m\u00e5nga \u00e5r du vill f\u00f6rl\u00e4nga din licens.  Beh\u00f6ver du uppgradera eller degradera antalet enheter \u00e4r du v\u00e4lkommen att kontakta oss. T\u00e4nk p\u00e5 att du m\u00e5ste kontakt oss innan ni l\u00e4gger ordern.","og_url":"https:\/\/www.heddata.se\/webbutik\/produkt\/eset-smart-security-premium-licensfornyelse\/","og_site_name":"Datorer, Skrivare, F\u00e4rgpatroner, Mobiltelefoner","article_modified_time":"2025-04-25T07:34:39+00:00","og_image":[{"width":182,"height":257,"url":"https:\/\/www.heddata.se\/webbutik\/wp-content\/uploads\/182_smartSecurity.png","type":"image\/png"}],"twitter_card":"summary_large_image","schema":{"@context":"https:\/\/schema.org","@graph":[{"@type":"WebPage","@id":"https:\/\/www.heddata.se\/webbutik\/produkt\/eset-smart-security-premium-licensfornyelse\/","url":"https:\/\/www.heddata.se\/webbutik\/produkt\/eset-smart-security-premium-licensfornyelse\/","name":"ESET Smart Security Premium Licensf\u00f6rnyelse - Datorer, Skrivare, F\u00e4rgpatroner, Mobiltelefoner","isPartOf":{"@id":"https:\/\/www.heddata.se\/webbutik\/#website"},"primaryImageOfPage":{"@id":"https:\/\/www.heddata.se\/webbutik\/produkt\/eset-smart-security-premium-licensfornyelse\/#primaryimage"},"image":{"@id":"https:\/\/www.heddata.se\/webbutik\/produkt\/eset-smart-security-premium-licensfornyelse\/#primaryimage"},"thumbnailUrl":"https:\/\/www.heddata.se\/webbutik\/wp-content\/uploads\/182_smartSecurity.png","datePublished":"2019-11-04T07:31:22+00:00","dateModified":"2025-04-25T07:34:39+00:00","breadcrumb":{"@id":"https:\/\/www.heddata.se\/webbutik\/produkt\/eset-smart-security-premium-licensfornyelse\/#breadcrumb"},"inLanguage":"sv-SE","potentialAction":[{"@type":"ReadAction","target":["https:\/\/www.heddata.se\/webbutik\/produkt\/eset-smart-security-premium-licensfornyelse\/"]}]},{"@type":"ImageObject","inLanguage":"sv-SE","@id":"https:\/\/www.heddata.se\/webbutik\/produkt\/eset-smart-security-premium-licensfornyelse\/#primaryimage","url":"https:\/\/www.heddata.se\/webbutik\/wp-content\/uploads\/182_smartSecurity.png","contentUrl":"https:\/\/www.heddata.se\/webbutik\/wp-content\/uploads\/182_smartSecurity.png","width":182,"height":257},{"@type":"BreadcrumbList","@id":"https:\/\/www.heddata.se\/webbutik\/produkt\/eset-smart-security-premium-licensfornyelse\/#breadcrumb","itemListElement":[{"@type":"ListItem","position":1,"name":"Hem","item":"https:\/\/www.heddata.se\/webbutik\/"},{"@type":"ListItem","position":2,"name":"Produkter","item":"https:\/\/www.heddata.se\/webbutik\/shop\/"},{"@type":"ListItem","position":3,"name":"ESET Smart Security Premium Licensf\u00f6rnyelse"}]},{"@type":"WebSite","@id":"https:\/\/www.heddata.se\/webbutik\/#website","url":"https:\/\/www.heddata.se\/webbutik\/","name":"Datorer, Skrivare, F\u00e4rgpatroner, Mobiltelefoner","description":"Kablar","publisher":{"@id":"https:\/\/www.heddata.se\/webbutik\/#organization"},"potentialAction":[{"@type":"SearchAction","target":{"@type":"EntryPoint","urlTemplate":"https:\/\/www.heddata.se\/webbutik\/?s={search_term_string}"},"query-input":{"@type":"PropertyValueSpecification","valueRequired":true,"valueName":"search_term_string"}}],"inLanguage":"sv-SE"},{"@type":"Organization","@id":"https:\/\/www.heddata.se\/webbutik\/#organization","name":"Heddata AB","url":"https:\/\/www.heddata.se\/webbutik\/","logo":{"@type":"ImageObject","inLanguage":"sv-SE","@id":"https:\/\/www.heddata.se\/webbutik\/#\/schema\/logo\/image\/","url":"https:\/\/www.heddata.se\/webbutik\/wp-content\/uploads\/logga\/heddata-ab-logga.png","contentUrl":"https:\/\/www.heddata.se\/webbutik\/wp-content\/uploads\/logga\/heddata-ab-logga.png","width":200,"height":64,"caption":"Heddata AB"},"image":{"@id":"https:\/\/www.heddata.se\/webbutik\/#\/schema\/logo\/image\/"}}]}},"_links":{"self":[{"href":"https:\/\/www.heddata.se\/webbutik\/wp-json\/wp\/v2\/product\/3835","targetHints":{"allow":["GET"]}}],"collection":[{"href":"https:\/\/www.heddata.se\/webbutik\/wp-json\/wp\/v2\/product"}],"about":[{"href":"https:\/\/www.heddata.se\/webbutik\/wp-json\/wp\/v2\/types\/product"}],"wp:featuredmedia":[{"embeddable":true,"href":"https:\/\/www.heddata.se\/webbutik\/wp-json\/wp\/v2\/media\/928"}],"wp:attachment":[{"href":"https:\/\/www.heddata.se\/webbutik\/wp-json\/wp\/v2\/media?parent=3835"}],"wp:term":[{"taxonomy":"product_brand","embeddable":true,"href":"https:\/\/www.heddata.se\/webbutik\/wp-json\/wp\/v2\/product_brand?post=3835"},{"taxonomy":"product_cat","embeddable":true,"href":"https:\/\/www.heddata.se\/webbutik\/wp-json\/wp\/v2\/product_cat?post=3835"},{"taxonomy":"product_tag","embeddable":true,"href":"https:\/\/www.heddata.se\/webbutik\/wp-json\/wp\/v2\/product_tag?post=3835"}],"curies":[{"name":"wp","href":"https:\/\/api.w.org\/{rel}","templated":true}]}}