{"id":37268,"date":"2020-01-30T11:26:21","date_gmt":"2020-01-30T10:26:21","guid":{"rendered":"https:\/\/www.heddata.se\/webbutik\/?post_type=product&#038;p=37268"},"modified":"2026-04-17T18:09:16","modified_gmt":"2026-04-17T16:09:16","slug":"usb-kabel-skrivare-3m-usb-2-0-kabel-a-hane-b-hane","status":"publish","type":"product","link":"https:\/\/www.heddata.se\/webbutik\/produkt\/usb-kabel-skrivare-3m-usb-2-0-kabel-a-hane-b-hane\/","title":{"rendered":"USB kabel skrivare 3m | USB 2.0-kabel | A-hane &#8211; B-hane"},"content":{"rendered":"<p>USB kabel skrivare 3m fr\u00e5n <a href=\"https:\/\/nedis.se\/sv-se\" target=\"_blank\" rel=\"noopener noreferrer\">Nedis<\/a>. F\u00f6r att ansluta en skrivare till din <a href=\"https:\/\/www.heddata.se\/webbutik\/datorer-tillbehor\/datorer\/\">dator<\/a>. Denna kabel har 24 karat guldpl\u00e4terade kontakter f\u00f6r s\u00e4ker data\u00f6verf\u00f6ring. Den har dessutom USB 2.0 f\u00f6r snabb data\u00f6verf\u00f6ring p\u00e5 upp till 480 Mps.<\/p>\n","protected":false},"excerpt":{"rendered":"<p>USB kabel skrivare 3m<\/p>\n","protected":false},"featured_media":11821,"template":"","meta":[],"product_brand":[],"product_cat":[59,72],"product_tag":[],"class_list":{"0":"post-37268","1":"product","2":"type-product","3":"status-publish","4":"has-post-thumbnail","6":"product_cat-kablar","7":"product_cat-usb-kablar","9":"first","10":"instock","11":"taxable","12":"shipping-taxable","13":"purchasable","14":"product-type-simple"},"yoast_head":"<!-- This site is optimized with the Yoast SEO Premium plugin v26.7 (Yoast SEO v26.7) - https:\/\/yoast.com\/wordpress\/plugins\/seo\/ -->\n<title>USB kabel skrivare 3m | USB 2.0-kabel | A-hane - B-hane<\/title>\n<meta name=\"description\" content=\"USB kabel skrivare 3m fr\u00e5n Nedis. F\u00f6r att ansluta en skrivare till din dator. Denna kabel har 24 karat guldpl\u00e4terade kontakter f\u00f6r s\u00e4ker data\u00f6verf\u00f6ring.\" \/>\n<meta name=\"robots\" content=\"index, follow, max-snippet:-1, max-image-preview:large, max-video-preview:-1\" \/>\n<link rel=\"canonical\" href=\"https:\/\/www.heddata.se\/webbutik\/produkt\/usb-kabel-skrivare-3m-usb-2-0-kabel-a-hane-b-hane\/\" \/>\n<meta property=\"og:locale\" content=\"sv_SE\" \/>\n<meta property=\"og:type\" content=\"article\" \/>\n<meta property=\"og:title\" content=\"USB kabel skrivare 3m | USB 2.0-kabel | A-hane - B-hane\" \/>\n<meta property=\"og:description\" content=\"USB kabel skrivare 3m fr\u00e5n Nedis. F\u00f6r att ansluta en skrivare till din dator. Denna kabel har 24 karat guldpl\u00e4terade kontakter f\u00f6r s\u00e4ker data\u00f6verf\u00f6ring.\" \/>\n<meta property=\"og:url\" content=\"https:\/\/www.heddata.se\/webbutik\/produkt\/usb-kabel-skrivare-3m-usb-2-0-kabel-a-hane-b-hane\/\" \/>\n<meta property=\"og:site_name\" content=\"Datorer, Skrivare, F\u00e4rgpatroner, Mobiltelefoner\" \/>\n<meta property=\"article:modified_time\" content=\"2026-04-17T16:09:16+00:00\" \/>\n<meta property=\"og:image\" content=\"https:\/\/www.heddata.se\/webbutik\/wp-content\/uploads\/Kablar\/USB-kabel-f\u00f6r-skrivare-USB-2.0-kabel-3m.jpg\" \/>\n\t<meta property=\"og:image:width\" content=\"1200\" \/>\n\t<meta property=\"og:image:height\" content=\"1200\" \/>\n\t<meta property=\"og:image:type\" content=\"image\/jpeg\" \/>\n<meta name=\"twitter:card\" content=\"summary_large_image\" \/>\n<script type=\"application\/ld+json\" class=\"yoast-schema-graph\">{\"@context\":\"https:\/\/schema.org\",\"@graph\":[{\"@type\":\"WebPage\",\"@id\":\"https:\/\/www.heddata.se\/webbutik\/produkt\/usb-kabel-skrivare-3m-usb-2-0-kabel-a-hane-b-hane\/\",\"url\":\"https:\/\/www.heddata.se\/webbutik\/produkt\/usb-kabel-skrivare-3m-usb-2-0-kabel-a-hane-b-hane\/\",\"name\":\"USB kabel skrivare 3m | USB 2.0-kabel | A-hane - B-hane\",\"isPartOf\":{\"@id\":\"https:\/\/www.heddata.se\/webbutik\/#website\"},\"primaryImageOfPage\":{\"@id\":\"https:\/\/www.heddata.se\/webbutik\/produkt\/usb-kabel-skrivare-3m-usb-2-0-kabel-a-hane-b-hane\/#primaryimage\"},\"image\":{\"@id\":\"https:\/\/www.heddata.se\/webbutik\/produkt\/usb-kabel-skrivare-3m-usb-2-0-kabel-a-hane-b-hane\/#primaryimage\"},\"thumbnailUrl\":\"https:\/\/www.heddata.se\/webbutik\/wp-content\/uploads\/Kablar\/USB-kabel-f\u00f6r-skrivare-USB-2.0-kabel-3m.jpg\",\"datePublished\":\"2020-01-30T10:26:21+00:00\",\"dateModified\":\"2026-04-17T16:09:16+00:00\",\"description\":\"USB kabel skrivare 3m fr\u00e5n Nedis. F\u00f6r att ansluta en skrivare till din dator. Denna kabel har 24 karat guldpl\u00e4terade kontakter f\u00f6r s\u00e4ker data\u00f6verf\u00f6ring.\",\"breadcrumb\":{\"@id\":\"https:\/\/www.heddata.se\/webbutik\/produkt\/usb-kabel-skrivare-3m-usb-2-0-kabel-a-hane-b-hane\/#breadcrumb\"},\"inLanguage\":\"sv-SE\",\"potentialAction\":[{\"@type\":\"ReadAction\",\"target\":[\"https:\/\/www.heddata.se\/webbutik\/produkt\/usb-kabel-skrivare-3m-usb-2-0-kabel-a-hane-b-hane\/\"]}]},{\"@type\":\"ImageObject\",\"inLanguage\":\"sv-SE\",\"@id\":\"https:\/\/www.heddata.se\/webbutik\/produkt\/usb-kabel-skrivare-3m-usb-2-0-kabel-a-hane-b-hane\/#primaryimage\",\"url\":\"https:\/\/www.heddata.se\/webbutik\/wp-content\/uploads\/Kablar\/USB-kabel-f\u00f6r-skrivare-USB-2.0-kabel-3m.jpg\",\"contentUrl\":\"https:\/\/www.heddata.se\/webbutik\/wp-content\/uploads\/Kablar\/USB-kabel-f\u00f6r-skrivare-USB-2.0-kabel-3m.jpg\",\"width\":1200,\"height\":1200,\"caption\":\"USB kabel skrivare 3m | USB 2.0-kabel | A-hane - B-hane\"},{\"@type\":\"BreadcrumbList\",\"@id\":\"https:\/\/www.heddata.se\/webbutik\/produkt\/usb-kabel-skrivare-3m-usb-2-0-kabel-a-hane-b-hane\/#breadcrumb\",\"itemListElement\":[{\"@type\":\"ListItem\",\"position\":1,\"name\":\"Hem\",\"item\":\"https:\/\/www.heddata.se\/webbutik\/\"},{\"@type\":\"ListItem\",\"position\":2,\"name\":\"Produkter\",\"item\":\"https:\/\/www.heddata.se\/webbutik\/shop\/\"},{\"@type\":\"ListItem\",\"position\":3,\"name\":\"USB kabel skrivare 3m | USB 2.0-kabel | A-hane &#8211; B-hane\"}]},{\"@type\":\"WebSite\",\"@id\":\"https:\/\/www.heddata.se\/webbutik\/#website\",\"url\":\"https:\/\/www.heddata.se\/webbutik\/\",\"name\":\"Datorer, Skrivare, F\u00e4rgpatroner, Mobiltelefoner\",\"description\":\"Kablar\",\"publisher\":{\"@id\":\"https:\/\/www.heddata.se\/webbutik\/#organization\"},\"potentialAction\":[{\"@type\":\"SearchAction\",\"target\":{\"@type\":\"EntryPoint\",\"urlTemplate\":\"https:\/\/www.heddata.se\/webbutik\/?s={search_term_string}\"},\"query-input\":{\"@type\":\"PropertyValueSpecification\",\"valueRequired\":true,\"valueName\":\"search_term_string\"}}],\"inLanguage\":\"sv-SE\"},{\"@type\":\"Organization\",\"@id\":\"https:\/\/www.heddata.se\/webbutik\/#organization\",\"name\":\"Heddata AB\",\"url\":\"https:\/\/www.heddata.se\/webbutik\/\",\"logo\":{\"@type\":\"ImageObject\",\"inLanguage\":\"sv-SE\",\"@id\":\"https:\/\/www.heddata.se\/webbutik\/#\/schema\/logo\/image\/\",\"url\":\"https:\/\/www.heddata.se\/webbutik\/wp-content\/uploads\/logga\/heddata-ab-logga.png\",\"contentUrl\":\"https:\/\/www.heddata.se\/webbutik\/wp-content\/uploads\/logga\/heddata-ab-logga.png\",\"width\":200,\"height\":64,\"caption\":\"Heddata AB\"},\"image\":{\"@id\":\"https:\/\/www.heddata.se\/webbutik\/#\/schema\/logo\/image\/\"}}]}<\/script>\n<!-- \/ Yoast SEO Premium plugin. -->","yoast_head_json":{"title":"USB kabel skrivare 3m | USB 2.0-kabel | A-hane - B-hane","description":"USB kabel skrivare 3m fr\u00e5n Nedis. F\u00f6r att ansluta en skrivare till din dator. Denna kabel har 24 karat guldpl\u00e4terade kontakter f\u00f6r s\u00e4ker data\u00f6verf\u00f6ring.","robots":{"index":"index","follow":"follow","max-snippet":"max-snippet:-1","max-image-preview":"max-image-preview:large","max-video-preview":"max-video-preview:-1"},"canonical":"https:\/\/www.heddata.se\/webbutik\/produkt\/usb-kabel-skrivare-3m-usb-2-0-kabel-a-hane-b-hane\/","og_locale":"sv_SE","og_type":"article","og_title":"USB kabel skrivare 3m | USB 2.0-kabel | A-hane - B-hane","og_description":"USB kabel skrivare 3m fr\u00e5n Nedis. F\u00f6r att ansluta en skrivare till din dator. Denna kabel har 24 karat guldpl\u00e4terade kontakter f\u00f6r s\u00e4ker data\u00f6verf\u00f6ring.","og_url":"https:\/\/www.heddata.se\/webbutik\/produkt\/usb-kabel-skrivare-3m-usb-2-0-kabel-a-hane-b-hane\/","og_site_name":"Datorer, Skrivare, F\u00e4rgpatroner, Mobiltelefoner","article_modified_time":"2026-04-17T16:09:16+00:00","og_image":[{"width":1200,"height":1200,"url":"https:\/\/www.heddata.se\/webbutik\/wp-content\/uploads\/Kablar\/USB-kabel-f\u00f6r-skrivare-USB-2.0-kabel-3m.jpg","type":"image\/jpeg"}],"twitter_card":"summary_large_image","schema":{"@context":"https:\/\/schema.org","@graph":[{"@type":"WebPage","@id":"https:\/\/www.heddata.se\/webbutik\/produkt\/usb-kabel-skrivare-3m-usb-2-0-kabel-a-hane-b-hane\/","url":"https:\/\/www.heddata.se\/webbutik\/produkt\/usb-kabel-skrivare-3m-usb-2-0-kabel-a-hane-b-hane\/","name":"USB kabel skrivare 3m | USB 2.0-kabel | A-hane - B-hane","isPartOf":{"@id":"https:\/\/www.heddata.se\/webbutik\/#website"},"primaryImageOfPage":{"@id":"https:\/\/www.heddata.se\/webbutik\/produkt\/usb-kabel-skrivare-3m-usb-2-0-kabel-a-hane-b-hane\/#primaryimage"},"image":{"@id":"https:\/\/www.heddata.se\/webbutik\/produkt\/usb-kabel-skrivare-3m-usb-2-0-kabel-a-hane-b-hane\/#primaryimage"},"thumbnailUrl":"https:\/\/www.heddata.se\/webbutik\/wp-content\/uploads\/Kablar\/USB-kabel-f\u00f6r-skrivare-USB-2.0-kabel-3m.jpg","datePublished":"2020-01-30T10:26:21+00:00","dateModified":"2026-04-17T16:09:16+00:00","description":"USB kabel skrivare 3m fr\u00e5n Nedis. F\u00f6r att ansluta en skrivare till din dator. Denna kabel har 24 karat guldpl\u00e4terade kontakter f\u00f6r s\u00e4ker data\u00f6verf\u00f6ring.","breadcrumb":{"@id":"https:\/\/www.heddata.se\/webbutik\/produkt\/usb-kabel-skrivare-3m-usb-2-0-kabel-a-hane-b-hane\/#breadcrumb"},"inLanguage":"sv-SE","potentialAction":[{"@type":"ReadAction","target":["https:\/\/www.heddata.se\/webbutik\/produkt\/usb-kabel-skrivare-3m-usb-2-0-kabel-a-hane-b-hane\/"]}]},{"@type":"ImageObject","inLanguage":"sv-SE","@id":"https:\/\/www.heddata.se\/webbutik\/produkt\/usb-kabel-skrivare-3m-usb-2-0-kabel-a-hane-b-hane\/#primaryimage","url":"https:\/\/www.heddata.se\/webbutik\/wp-content\/uploads\/Kablar\/USB-kabel-f\u00f6r-skrivare-USB-2.0-kabel-3m.jpg","contentUrl":"https:\/\/www.heddata.se\/webbutik\/wp-content\/uploads\/Kablar\/USB-kabel-f\u00f6r-skrivare-USB-2.0-kabel-3m.jpg","width":1200,"height":1200,"caption":"USB kabel skrivare 3m | USB 2.0-kabel | A-hane - B-hane"},{"@type":"BreadcrumbList","@id":"https:\/\/www.heddata.se\/webbutik\/produkt\/usb-kabel-skrivare-3m-usb-2-0-kabel-a-hane-b-hane\/#breadcrumb","itemListElement":[{"@type":"ListItem","position":1,"name":"Hem","item":"https:\/\/www.heddata.se\/webbutik\/"},{"@type":"ListItem","position":2,"name":"Produkter","item":"https:\/\/www.heddata.se\/webbutik\/shop\/"},{"@type":"ListItem","position":3,"name":"USB kabel skrivare 3m | USB 2.0-kabel | A-hane &#8211; B-hane"}]},{"@type":"WebSite","@id":"https:\/\/www.heddata.se\/webbutik\/#website","url":"https:\/\/www.heddata.se\/webbutik\/","name":"Datorer, Skrivare, F\u00e4rgpatroner, Mobiltelefoner","description":"Kablar","publisher":{"@id":"https:\/\/www.heddata.se\/webbutik\/#organization"},"potentialAction":[{"@type":"SearchAction","target":{"@type":"EntryPoint","urlTemplate":"https:\/\/www.heddata.se\/webbutik\/?s={search_term_string}"},"query-input":{"@type":"PropertyValueSpecification","valueRequired":true,"valueName":"search_term_string"}}],"inLanguage":"sv-SE"},{"@type":"Organization","@id":"https:\/\/www.heddata.se\/webbutik\/#organization","name":"Heddata AB","url":"https:\/\/www.heddata.se\/webbutik\/","logo":{"@type":"ImageObject","inLanguage":"sv-SE","@id":"https:\/\/www.heddata.se\/webbutik\/#\/schema\/logo\/image\/","url":"https:\/\/www.heddata.se\/webbutik\/wp-content\/uploads\/logga\/heddata-ab-logga.png","contentUrl":"https:\/\/www.heddata.se\/webbutik\/wp-content\/uploads\/logga\/heddata-ab-logga.png","width":200,"height":64,"caption":"Heddata AB"},"image":{"@id":"https:\/\/www.heddata.se\/webbutik\/#\/schema\/logo\/image\/"}}]}},"_links":{"self":[{"href":"https:\/\/www.heddata.se\/webbutik\/wp-json\/wp\/v2\/product\/37268","targetHints":{"allow":["GET"]}}],"collection":[{"href":"https:\/\/www.heddata.se\/webbutik\/wp-json\/wp\/v2\/product"}],"about":[{"href":"https:\/\/www.heddata.se\/webbutik\/wp-json\/wp\/v2\/types\/product"}],"wp:featuredmedia":[{"embeddable":true,"href":"https:\/\/www.heddata.se\/webbutik\/wp-json\/wp\/v2\/media\/11821"}],"wp:attachment":[{"href":"https:\/\/www.heddata.se\/webbutik\/wp-json\/wp\/v2\/media?parent=37268"}],"wp:term":[{"taxonomy":"product_brand","embeddable":true,"href":"https:\/\/www.heddata.se\/webbutik\/wp-json\/wp\/v2\/product_brand?post=37268"},{"taxonomy":"product_cat","embeddable":true,"href":"https:\/\/www.heddata.se\/webbutik\/wp-json\/wp\/v2\/product_cat?post=37268"},{"taxonomy":"product_tag","embeddable":true,"href":"https:\/\/www.heddata.se\/webbutik\/wp-json\/wp\/v2\/product_tag?post=37268"}],"curies":[{"name":"wp","href":"https:\/\/api.w.org\/{rel}","templated":true}]}}