{"id":37028,"date":"2020-01-30T09:04:01","date_gmt":"2020-01-30T08:04:01","guid":{"rendered":"https:\/\/www.heddata.se\/webbutik\/?post_type=product&#038;p=37028"},"modified":"2026-04-03T18:42:27","modified_gmt":"2026-04-03T16:42:27","slug":"vaggladdare-usb-vit-3-0-a-usb-c-snabbladdare","status":"publish","type":"product","link":"https:\/\/www.heddata.se\/webbutik\/produkt\/vaggladdare-usb-vit-3-0-a-usb-c-snabbladdare\/","title":{"rendered":"V\u00e4ggladdare USB Vit | 3.0 A | USB-C | Snabbladdare"},"content":{"rendered":"<p><span style=\"font-size: 100%\"><strong>V\u00e4ggladdare USB Vit. <\/strong><span style=\"float: none;background-color: #ffffff;color: #444444;font-family: Roboto, sans-serif;font-style: normal;font-variant: normal;font-weight: 300;letter-spacing: normal;text-align: left;text-decoration: none;text-indent: 0px;text-transform: none\">Med den h\u00e4r Nedis\u00ae USB-C 3.0 v\u00e4ggladdaren p\u00e5 30 W kan du ladda smartphones, surfplattor, Nintendo Switch och m\u00e5nga andra USB-C-enheter utan behov av en station\u00e4r eller b\u00e4rbar <a href=\"https:\/\/www.heddata.se\/webbutik\/datorer\/\">dator<\/a>.<\/span><\/span><br \/>\n<span style=\"float: none;background-color: #ffffff;color: #444444;font-family: Roboto, sans-serif;font-size: 100%;font-style: normal;font-variant: normal;font-weight: 300;letter-spacing: normal;text-align: left;text-decoration: none;text-indent: 0px;text-transform: none\"> Den avancerade effektstyrningstekniken (Power Delivery) och Quick Charge 3.0 USB-A-anslutningen m\u00f6jligg\u00f6r samtidig snabbladdning av kompatibla enheter vid h\u00f6gre sp\u00e4nning.<\/span><br \/>\n<span style=\"float: none;background-color: #ffffff;color: #444444;font-family: 'Roboto',sans-serif;font-size: 16px;font-style: normal;font-variant: normal;font-weight: 300;letter-spacing: normal;text-align: left;text-decoration: none;text-indent: 0px;text-transform: none\"><span style=\"font-size: 100%\"> Tack vare den begr\u00e4nsade storleken \u00e4r det h\u00e4r den perfekta l\u00f6sningen f\u00f6r portabel laddning. Enheten kan t.o.m. str\u00f6mf\u00f6rs\u00f6rja mindre b\u00e4rbara datorer utrustade med USB-C.<\/span><br \/>\n<span style=\"font-size: 100%\"><a href=\"https:\/\/www.heddata.se\/webbutik\/?page_id=2111&amp;preview=true\">Kabel<\/a> medf\u00f6ljer ej.<\/span><br \/>\n<\/span><\/p>\n<ul class=\"specifications__list\">\n<li><span class=\"specifications__label\">Antal utg\u00e5ngar: <\/span><span class=\"specifications__value\">2<\/span><\/li>\n<li><span class=\"specifications__label\">L\u00e4ngd: <\/span><span class=\"specifications__value\">80 mm<\/span><\/li>\n<li><span class=\"specifications__label\">Anslutning: A<\/span><span class=\"specifications__value\">USB Type-C\u2122<\/span><\/li>\n<li><span class=\"specifications__label\">Utg\u00e5ngssp\u00e4nning: <\/span><span class=\"specifications__value\">3.6 VDC<\/span><\/li>\n<li><span class=\"specifications__label\">Uttagstyp: <\/span><span class=\"specifications__value\">2 x USB<\/span><\/li>\n<li><span class=\"specifications__label\">N\u00e4tkontakt: <\/span><span class=\"specifications__value\">Euro \/ Type C (CEE 7\/16)<\/span><\/li>\n<li><span class=\"specifications__label\">Str\u00f6m: <\/span><span class=\"specifications__value\">3.0 A<\/span><\/li>\n<li><span class=\"specifications__label\">Uteffekt: <\/span><span class=\"specifications__value\">48 W<\/span><\/li>\n<li><span class=\"specifications__label\">F\u00e4rg: <\/span><span class=\"specifications__value\">Vit<\/span><\/li>\n<li><span class=\"specifications__label\">Vikt: <\/span><span class=\"specifications__value\">135 g<\/span><\/li>\n<li><span class=\"specifications__label\">Sp\u00e4nning: <\/span><span class=\"specifications__value\">100&#8230;240 VAC\/ 50&#8230;60 Hz<\/span><\/li>\n<li><span class=\"specifications__label\">Val av utsp\u00e4nning: <\/span><span class=\"specifications__value\">Automatic Voltage Selection<\/span><\/li>\n<li><span class=\"specifications__label\">Bredd:<\/span><span class=\"specifications__value\">62 mm<\/span><\/li>\n<li><span class=\"specifications__label\">Max. output current per port<\/span><span class=\"specifications__value\">3.0 A<\/span><\/li>\n<li><span class=\"specifications__label\">H\u00f6jd: <\/span><span class=\"specifications__value\">32 mm<\/span><\/li>\n<li><span class=\"specifications__label\">Typ av laddare: <\/span><span class=\"specifications__value\">Home Desktop<\/span><\/li>\n<li><span class=\"specifications__label\">Output current: <\/span><span class=\"specifications__value\">3.0 A<\/span><\/li>\n<li>Utg\u00e5ngskontaktyp: <span class=\"specifications__value\" style=\"color: #555555;font-size: 14.4px\"><span class=\"specifications__value\">USB Type-C<\/span><\/span><\/li>\n<\/ul>\n<p><span style=\"float: none;background-color: #ffffff;color: #444444;font-family: 'Roboto',sans-serif;font-size: 16px;font-style: normal;font-variant: normal;font-weight: 300;letter-spacing: normal;text-align: left;text-decoration: none;text-indent: 0px;text-transform: none\"><a href=\"https:\/\/www.heddata.se\/webbutik\/kablar\/\">Kabel<\/a> medf\u00f6ljer ej.<br \/>\nV\u00e4ggladdare USB vit fr\u00e5n <a href=\"https:\/\/nedis.se\/sv-se\">Nedis<\/a>.<\/span><\/p>\n","protected":false},"excerpt":{"rendered":"<p><span style=\"float: none;background-color: #ffffff;color: #444444;font-family: 'Roboto',sans-serif;font-size: 16px;font-style: normal;font-variant: normal;font-weight: 300;letter-spacing: normal;text-align: left;text-decoration: none;text-indent: 0px;text-transform: none\">V\u00e4ggladdare USB Vit<\/span><span style=\"float: none;background-color: #ffffff;color: #444444;font-family: 'Roboto',sans-serif;font-size: 16px;font-style: normal;font-variant: normal;font-weight: 300;letter-spacing: normal;text-align: left;text-decoration: none;text-indent: 0px;text-transform: none\"><br \/>\n<\/span><\/p>\n","protected":false},"featured_media":37105,"template":"","meta":[],"product_brand":[],"product_cat":[104,63,69,123],"product_tag":[185,186,134,172],"class_list":{"0":"post-37028","1":"product","2":"type-product","3":"status-publish","4":"has-post-thumbnail","6":"product_cat-surfplattor","7":"product_cat-telefoner-surfplattor","8":"product_cat-telefontillbehor","9":"product_cat-vaggladdare","10":"product_tag-qc","11":"product_tag-quickcharge","12":"product_tag-usb-c","13":"product_tag-vaggladdare-usb-c","15":"first","16":"outofstock","17":"taxable","18":"shipping-taxable","19":"product-type-simple"},"yoast_head":"<!-- This site is optimized with the Yoast SEO Premium plugin v26.7 (Yoast SEO v26.7) - https:\/\/yoast.com\/wordpress\/plugins\/seo\/ -->\n<title>V\u00e4ggladdare USB Vit | 3.0 A | USB-C | Snabbladdare<\/title>\n<meta name=\"description\" content=\"V\u00e4ggladdare USB Vit. Med den h\u00e4r Nedis\u00ae USB-C 3.0 v\u00e4ggladdaren p\u00e5 30 W kan du ladda smartphones, surfplattor, Nintendo Switch och m\u00e5nga andra\" \/>\n<meta name=\"robots\" content=\"index, follow, max-snippet:-1, max-image-preview:large, max-video-preview:-1\" \/>\n<link rel=\"canonical\" href=\"https:\/\/www.heddata.se\/webbutik\/produkt\/vaggladdare-usb-vit-3-0-a-usb-c-snabbladdare\/\" \/>\n<meta property=\"og:locale\" content=\"sv_SE\" \/>\n<meta property=\"og:type\" content=\"article\" \/>\n<meta property=\"og:title\" content=\"V\u00e4ggladdare USB Vit | 3.0 A | USB-C | Snabbladdare\" \/>\n<meta property=\"og:description\" content=\"V\u00e4ggladdare USB Vit. Med den h\u00e4r Nedis\u00ae USB-C 3.0 v\u00e4ggladdaren p\u00e5 30 W kan du ladda smartphones, surfplattor, Nintendo Switch och m\u00e5nga andra\" \/>\n<meta property=\"og:url\" content=\"https:\/\/www.heddata.se\/webbutik\/produkt\/vaggladdare-usb-vit-3-0-a-usb-c-snabbladdare\/\" \/>\n<meta property=\"og:site_name\" content=\"Datorer, Skrivare, F\u00e4rgpatroner, Mobiltelefoner\" \/>\n<meta property=\"article:modified_time\" content=\"2026-04-03T16:42:27+00:00\" \/>\n<meta property=\"og:image\" content=\"https:\/\/www.heddata.se\/webbutik\/wp-content\/uploads\/webbutik\/kategorier\/Telefontillbehor\/Vaggladdare-USB-Vit-WCPD30W110WT_P30.jpg\" \/>\n\t<meta property=\"og:image:width\" content=\"1200\" \/>\n\t<meta property=\"og:image:height\" content=\"1200\" \/>\n\t<meta property=\"og:image:type\" content=\"image\/jpeg\" \/>\n<meta name=\"twitter:card\" content=\"summary_large_image\" \/>\n<meta name=\"twitter:label1\" content=\"Ber\u00e4knad l\u00e4stid\" \/>\n\t<meta name=\"twitter:data1\" content=\"1 minut\" \/>\n<script type=\"application\/ld+json\" class=\"yoast-schema-graph\">{\"@context\":\"https:\/\/schema.org\",\"@graph\":[{\"@type\":\"WebPage\",\"@id\":\"https:\/\/www.heddata.se\/webbutik\/produkt\/vaggladdare-usb-vit-3-0-a-usb-c-snabbladdare\/\",\"url\":\"https:\/\/www.heddata.se\/webbutik\/produkt\/vaggladdare-usb-vit-3-0-a-usb-c-snabbladdare\/\",\"name\":\"V\u00e4ggladdare USB Vit | 3.0 A | USB-C | Snabbladdare\",\"isPartOf\":{\"@id\":\"https:\/\/www.heddata.se\/webbutik\/#website\"},\"primaryImageOfPage\":{\"@id\":\"https:\/\/www.heddata.se\/webbutik\/produkt\/vaggladdare-usb-vit-3-0-a-usb-c-snabbladdare\/#primaryimage\"},\"image\":{\"@id\":\"https:\/\/www.heddata.se\/webbutik\/produkt\/vaggladdare-usb-vit-3-0-a-usb-c-snabbladdare\/#primaryimage\"},\"thumbnailUrl\":\"https:\/\/www.heddata.se\/webbutik\/wp-content\/uploads\/webbutik\/kategorier\/Telefontillbehor\/Vaggladdare-USB-Vit-WCPD30W110WT_P30.jpg\",\"datePublished\":\"2020-01-30T08:04:01+00:00\",\"dateModified\":\"2026-04-03T16:42:27+00:00\",\"description\":\"V\u00e4ggladdare USB Vit. Med den h\u00e4r Nedis\u00ae USB-C 3.0 v\u00e4ggladdaren p\u00e5 30 W kan du ladda smartphones, surfplattor, Nintendo Switch och m\u00e5nga andra\",\"breadcrumb\":{\"@id\":\"https:\/\/www.heddata.se\/webbutik\/produkt\/vaggladdare-usb-vit-3-0-a-usb-c-snabbladdare\/#breadcrumb\"},\"inLanguage\":\"sv-SE\",\"potentialAction\":[{\"@type\":\"ReadAction\",\"target\":[\"https:\/\/www.heddata.se\/webbutik\/produkt\/vaggladdare-usb-vit-3-0-a-usb-c-snabbladdare\/\"]}]},{\"@type\":\"ImageObject\",\"inLanguage\":\"sv-SE\",\"@id\":\"https:\/\/www.heddata.se\/webbutik\/produkt\/vaggladdare-usb-vit-3-0-a-usb-c-snabbladdare\/#primaryimage\",\"url\":\"https:\/\/www.heddata.se\/webbutik\/wp-content\/uploads\/webbutik\/kategorier\/Telefontillbehor\/Vaggladdare-USB-Vit-WCPD30W110WT_P30.jpg\",\"contentUrl\":\"https:\/\/www.heddata.se\/webbutik\/wp-content\/uploads\/webbutik\/kategorier\/Telefontillbehor\/Vaggladdare-USB-Vit-WCPD30W110WT_P30.jpg\",\"width\":1200,\"height\":1200,\"caption\":\"V\u00e4ggladdare USB Vit | 3.0 A | USB-C | Snabbladdare\"},{\"@type\":\"BreadcrumbList\",\"@id\":\"https:\/\/www.heddata.se\/webbutik\/produkt\/vaggladdare-usb-vit-3-0-a-usb-c-snabbladdare\/#breadcrumb\",\"itemListElement\":[{\"@type\":\"ListItem\",\"position\":1,\"name\":\"Hem\",\"item\":\"https:\/\/www.heddata.se\/webbutik\/\"},{\"@type\":\"ListItem\",\"position\":2,\"name\":\"Produkter\",\"item\":\"https:\/\/www.heddata.se\/webbutik\/shop\/\"},{\"@type\":\"ListItem\",\"position\":3,\"name\":\"V\u00e4ggladdare USB Vit | 3.0 A | USB-C | Snabbladdare\"}]},{\"@type\":\"WebSite\",\"@id\":\"https:\/\/www.heddata.se\/webbutik\/#website\",\"url\":\"https:\/\/www.heddata.se\/webbutik\/\",\"name\":\"Datorer, Skrivare, F\u00e4rgpatroner, Mobiltelefoner\",\"description\":\"Kablar\",\"publisher\":{\"@id\":\"https:\/\/www.heddata.se\/webbutik\/#organization\"},\"potentialAction\":[{\"@type\":\"SearchAction\",\"target\":{\"@type\":\"EntryPoint\",\"urlTemplate\":\"https:\/\/www.heddata.se\/webbutik\/?s={search_term_string}\"},\"query-input\":{\"@type\":\"PropertyValueSpecification\",\"valueRequired\":true,\"valueName\":\"search_term_string\"}}],\"inLanguage\":\"sv-SE\"},{\"@type\":\"Organization\",\"@id\":\"https:\/\/www.heddata.se\/webbutik\/#organization\",\"name\":\"Heddata AB\",\"url\":\"https:\/\/www.heddata.se\/webbutik\/\",\"logo\":{\"@type\":\"ImageObject\",\"inLanguage\":\"sv-SE\",\"@id\":\"https:\/\/www.heddata.se\/webbutik\/#\/schema\/logo\/image\/\",\"url\":\"https:\/\/www.heddata.se\/webbutik\/wp-content\/uploads\/logga\/heddata-ab-logga.png\",\"contentUrl\":\"https:\/\/www.heddata.se\/webbutik\/wp-content\/uploads\/logga\/heddata-ab-logga.png\",\"width\":200,\"height\":64,\"caption\":\"Heddata AB\"},\"image\":{\"@id\":\"https:\/\/www.heddata.se\/webbutik\/#\/schema\/logo\/image\/\"}}]}<\/script>\n<!-- \/ Yoast SEO Premium plugin. -->","yoast_head_json":{"title":"V\u00e4ggladdare USB Vit | 3.0 A | USB-C | Snabbladdare","description":"V\u00e4ggladdare USB Vit. Med den h\u00e4r Nedis\u00ae USB-C 3.0 v\u00e4ggladdaren p\u00e5 30 W kan du ladda smartphones, surfplattor, Nintendo Switch och m\u00e5nga andra","robots":{"index":"index","follow":"follow","max-snippet":"max-snippet:-1","max-image-preview":"max-image-preview:large","max-video-preview":"max-video-preview:-1"},"canonical":"https:\/\/www.heddata.se\/webbutik\/produkt\/vaggladdare-usb-vit-3-0-a-usb-c-snabbladdare\/","og_locale":"sv_SE","og_type":"article","og_title":"V\u00e4ggladdare USB Vit | 3.0 A | USB-C | Snabbladdare","og_description":"V\u00e4ggladdare USB Vit. Med den h\u00e4r Nedis\u00ae USB-C 3.0 v\u00e4ggladdaren p\u00e5 30 W kan du ladda smartphones, surfplattor, Nintendo Switch och m\u00e5nga andra","og_url":"https:\/\/www.heddata.se\/webbutik\/produkt\/vaggladdare-usb-vit-3-0-a-usb-c-snabbladdare\/","og_site_name":"Datorer, Skrivare, F\u00e4rgpatroner, Mobiltelefoner","article_modified_time":"2026-04-03T16:42:27+00:00","og_image":[{"width":1200,"height":1200,"url":"https:\/\/www.heddata.se\/webbutik\/wp-content\/uploads\/webbutik\/kategorier\/Telefontillbehor\/Vaggladdare-USB-Vit-WCPD30W110WT_P30.jpg","type":"image\/jpeg"}],"twitter_card":"summary_large_image","twitter_misc":{"Ber\u00e4knad l\u00e4stid":"1 minut"},"schema":{"@context":"https:\/\/schema.org","@graph":[{"@type":"WebPage","@id":"https:\/\/www.heddata.se\/webbutik\/produkt\/vaggladdare-usb-vit-3-0-a-usb-c-snabbladdare\/","url":"https:\/\/www.heddata.se\/webbutik\/produkt\/vaggladdare-usb-vit-3-0-a-usb-c-snabbladdare\/","name":"V\u00e4ggladdare USB Vit | 3.0 A | USB-C | Snabbladdare","isPartOf":{"@id":"https:\/\/www.heddata.se\/webbutik\/#website"},"primaryImageOfPage":{"@id":"https:\/\/www.heddata.se\/webbutik\/produkt\/vaggladdare-usb-vit-3-0-a-usb-c-snabbladdare\/#primaryimage"},"image":{"@id":"https:\/\/www.heddata.se\/webbutik\/produkt\/vaggladdare-usb-vit-3-0-a-usb-c-snabbladdare\/#primaryimage"},"thumbnailUrl":"https:\/\/www.heddata.se\/webbutik\/wp-content\/uploads\/webbutik\/kategorier\/Telefontillbehor\/Vaggladdare-USB-Vit-WCPD30W110WT_P30.jpg","datePublished":"2020-01-30T08:04:01+00:00","dateModified":"2026-04-03T16:42:27+00:00","description":"V\u00e4ggladdare USB Vit. Med den h\u00e4r Nedis\u00ae USB-C 3.0 v\u00e4ggladdaren p\u00e5 30 W kan du ladda smartphones, surfplattor, Nintendo Switch och m\u00e5nga andra","breadcrumb":{"@id":"https:\/\/www.heddata.se\/webbutik\/produkt\/vaggladdare-usb-vit-3-0-a-usb-c-snabbladdare\/#breadcrumb"},"inLanguage":"sv-SE","potentialAction":[{"@type":"ReadAction","target":["https:\/\/www.heddata.se\/webbutik\/produkt\/vaggladdare-usb-vit-3-0-a-usb-c-snabbladdare\/"]}]},{"@type":"ImageObject","inLanguage":"sv-SE","@id":"https:\/\/www.heddata.se\/webbutik\/produkt\/vaggladdare-usb-vit-3-0-a-usb-c-snabbladdare\/#primaryimage","url":"https:\/\/www.heddata.se\/webbutik\/wp-content\/uploads\/webbutik\/kategorier\/Telefontillbehor\/Vaggladdare-USB-Vit-WCPD30W110WT_P30.jpg","contentUrl":"https:\/\/www.heddata.se\/webbutik\/wp-content\/uploads\/webbutik\/kategorier\/Telefontillbehor\/Vaggladdare-USB-Vit-WCPD30W110WT_P30.jpg","width":1200,"height":1200,"caption":"V\u00e4ggladdare USB Vit | 3.0 A | USB-C | Snabbladdare"},{"@type":"BreadcrumbList","@id":"https:\/\/www.heddata.se\/webbutik\/produkt\/vaggladdare-usb-vit-3-0-a-usb-c-snabbladdare\/#breadcrumb","itemListElement":[{"@type":"ListItem","position":1,"name":"Hem","item":"https:\/\/www.heddata.se\/webbutik\/"},{"@type":"ListItem","position":2,"name":"Produkter","item":"https:\/\/www.heddata.se\/webbutik\/shop\/"},{"@type":"ListItem","position":3,"name":"V\u00e4ggladdare USB Vit | 3.0 A | USB-C | Snabbladdare"}]},{"@type":"WebSite","@id":"https:\/\/www.heddata.se\/webbutik\/#website","url":"https:\/\/www.heddata.se\/webbutik\/","name":"Datorer, Skrivare, F\u00e4rgpatroner, Mobiltelefoner","description":"Kablar","publisher":{"@id":"https:\/\/www.heddata.se\/webbutik\/#organization"},"potentialAction":[{"@type":"SearchAction","target":{"@type":"EntryPoint","urlTemplate":"https:\/\/www.heddata.se\/webbutik\/?s={search_term_string}"},"query-input":{"@type":"PropertyValueSpecification","valueRequired":true,"valueName":"search_term_string"}}],"inLanguage":"sv-SE"},{"@type":"Organization","@id":"https:\/\/www.heddata.se\/webbutik\/#organization","name":"Heddata AB","url":"https:\/\/www.heddata.se\/webbutik\/","logo":{"@type":"ImageObject","inLanguage":"sv-SE","@id":"https:\/\/www.heddata.se\/webbutik\/#\/schema\/logo\/image\/","url":"https:\/\/www.heddata.se\/webbutik\/wp-content\/uploads\/logga\/heddata-ab-logga.png","contentUrl":"https:\/\/www.heddata.se\/webbutik\/wp-content\/uploads\/logga\/heddata-ab-logga.png","width":200,"height":64,"caption":"Heddata AB"},"image":{"@id":"https:\/\/www.heddata.se\/webbutik\/#\/schema\/logo\/image\/"}}]}},"_links":{"self":[{"href":"https:\/\/www.heddata.se\/webbutik\/wp-json\/wp\/v2\/product\/37028","targetHints":{"allow":["GET"]}}],"collection":[{"href":"https:\/\/www.heddata.se\/webbutik\/wp-json\/wp\/v2\/product"}],"about":[{"href":"https:\/\/www.heddata.se\/webbutik\/wp-json\/wp\/v2\/types\/product"}],"wp:featuredmedia":[{"embeddable":true,"href":"https:\/\/www.heddata.se\/webbutik\/wp-json\/wp\/v2\/media\/37105"}],"wp:attachment":[{"href":"https:\/\/www.heddata.se\/webbutik\/wp-json\/wp\/v2\/media?parent=37028"}],"wp:term":[{"taxonomy":"product_brand","embeddable":true,"href":"https:\/\/www.heddata.se\/webbutik\/wp-json\/wp\/v2\/product_brand?post=37028"},{"taxonomy":"product_cat","embeddable":true,"href":"https:\/\/www.heddata.se\/webbutik\/wp-json\/wp\/v2\/product_cat?post=37028"},{"taxonomy":"product_tag","embeddable":true,"href":"https:\/\/www.heddata.se\/webbutik\/wp-json\/wp\/v2\/product_tag?post=37028"}],"curies":[{"name":"wp","href":"https:\/\/api.w.org\/{rel}","templated":true}]}}