{"id":35565,"date":"2020-01-28T16:35:06","date_gmt":"2020-01-28T15:35:06","guid":{"rendered":"https:\/\/www.heddata.se\/webbutik\/?post_type=product&#038;p=35565"},"modified":"2026-04-03T18:42:23","modified_gmt":"2026-04-03T16:42:23","slug":"vaggladdare-svart-2-1-a-1-utgang-usb-a","status":"publish","type":"product","link":"https:\/\/www.heddata.se\/webbutik\/produkt\/vaggladdare-svart-2-1-a-1-utgang-usb-a\/","title":{"rendered":"V\u00e4ggladdare svart | 2.1 A | 1-utg\u00e5ng | USB-A"},"content":{"rendered":"<p>V\u00e4ggladdare svart. Med denna universella v\u00e4ggladdare fr\u00e5n <a href=\"https:\/\/nedis.se\/sv-se\">N<span style=\"font-size: 14.4px;\">edi<\/span><\/a><span style=\"font-size: 14.4px;\">s kan du ladda mobiltelefoner, surfplattor, digitalkameror och andra USB-enheter.<\/span><\/p>\n<p><a href=\"https:\/\/www.heddata.se\/webbutik\/kablar\/\">Kabel<\/a> medf\u00f6ljer ej<\/p>\n<ul class=\"specifications__list\">\n<li><span class=\"specifications__label\">Antal utg\u00e5ngar: <\/span><span class=\"specifications__value\">1<\/span><\/li>\n<li><span class=\"specifications__label\">Uttagstyp: <\/span><span class=\"specifications__value\">USB<\/span><\/li>\n<li><span class=\"specifications__label\">Utg\u00e5ngssp\u00e4nning: <\/span><span class=\"specifications__value\">5 VDC<\/span><\/li>\n<li><span class=\"specifications__label\">N\u00e4tkontakt: <\/span><span class=\"specifications__value\">Euro \/ Type C (CEE 7\/16)<\/span><\/li>\n<li><span class=\"specifications__label\">F\u00e4rg: <\/span><span class=\"specifications__value\">Vit\/Svart<\/span><\/li>\n<li><span class=\"specifications__label\">Sp\u00e4nning: <\/span><span class=\"specifications__value\">100&#8230;240 VAC\/ 50&#8230;60 Hz<\/span><\/li>\n<li><span class=\"specifications__label\">Max. output current per port: <\/span><span class=\"specifications__value\">2.1 A<\/span><\/li>\n<li><span class=\"specifications__label\">Output current: <\/span><span class=\"specifications__value\">2.1 A<\/span><\/li>\n<\/ul>\n","protected":false},"excerpt":{"rendered":"<p>V\u00e4ggladdare svart<\/p>\n","protected":false},"featured_media":35567,"template":"","meta":[],"product_brand":[],"product_cat":[118,69,123],"product_tag":[],"class_list":{"0":"post-35565","1":"product","2":"type-product","3":"status-publish","4":"has-post-thumbnail","6":"product_cat-telefonladdare","7":"product_cat-telefontillbehor","8":"product_cat-vaggladdare","10":"first","11":"outofstock","12":"taxable","13":"shipping-taxable","14":"product-type-simple"},"yoast_head":"<!-- This site is optimized with the Yoast SEO Premium plugin v26.7 (Yoast SEO v26.7) - https:\/\/yoast.com\/wordpress\/plugins\/seo\/ -->\n<title>V\u00e4ggladdare svart | 2.1 A | 1-utg\u00e5ng | USB-A<\/title>\n<meta name=\"description\" content=\"V\u00e4ggladdare svart. Med denna universella v\u00e4ggladdare fr\u00e5n Nedis kan du ladda mobiltelefoner, surfplattor, digitalkameror och andra USB-enheter.\" \/>\n<meta name=\"robots\" content=\"index, follow, max-snippet:-1, max-image-preview:large, max-video-preview:-1\" \/>\n<link rel=\"canonical\" href=\"https:\/\/www.heddata.se\/webbutik\/produkt\/vaggladdare-svart-2-1-a-1-utgang-usb-a\/\" \/>\n<meta property=\"og:locale\" content=\"sv_SE\" \/>\n<meta property=\"og:type\" content=\"article\" \/>\n<meta property=\"og:title\" content=\"V\u00e4ggladdare svart | 2.1 A | 1-utg\u00e5ng | USB-A\" \/>\n<meta property=\"og:description\" content=\"V\u00e4ggladdare svart. Med denna universella v\u00e4ggladdare fr\u00e5n Nedis kan du ladda mobiltelefoner, surfplattor, digitalkameror och andra USB-enheter.\" \/>\n<meta property=\"og:url\" content=\"https:\/\/www.heddata.se\/webbutik\/produkt\/vaggladdare-svart-2-1-a-1-utgang-usb-a\/\" \/>\n<meta property=\"og:site_name\" content=\"Datorer, Skrivare, F\u00e4rgpatroner, Mobiltelefoner\" \/>\n<meta property=\"article:modified_time\" content=\"2026-04-03T16:42:23+00:00\" \/>\n<meta property=\"og:image\" content=\"https:\/\/www.heddata.se\/webbutik\/wp-content\/uploads\/webbutik\/kategorier\/Telefontillbehor\/vaggladdare-svart-WCHAU211ABK_P30.jpg\" \/>\n\t<meta property=\"og:image:width\" content=\"1200\" \/>\n\t<meta property=\"og:image:height\" content=\"1200\" \/>\n\t<meta property=\"og:image:type\" content=\"image\/jpeg\" \/>\n<meta name=\"twitter:card\" content=\"summary_large_image\" \/>\n<script type=\"application\/ld+json\" class=\"yoast-schema-graph\">{\"@context\":\"https:\/\/schema.org\",\"@graph\":[{\"@type\":\"WebPage\",\"@id\":\"https:\/\/www.heddata.se\/webbutik\/produkt\/vaggladdare-svart-2-1-a-1-utgang-usb-a\/\",\"url\":\"https:\/\/www.heddata.se\/webbutik\/produkt\/vaggladdare-svart-2-1-a-1-utgang-usb-a\/\",\"name\":\"V\u00e4ggladdare svart | 2.1 A | 1-utg\u00e5ng | USB-A\",\"isPartOf\":{\"@id\":\"https:\/\/www.heddata.se\/webbutik\/#website\"},\"primaryImageOfPage\":{\"@id\":\"https:\/\/www.heddata.se\/webbutik\/produkt\/vaggladdare-svart-2-1-a-1-utgang-usb-a\/#primaryimage\"},\"image\":{\"@id\":\"https:\/\/www.heddata.se\/webbutik\/produkt\/vaggladdare-svart-2-1-a-1-utgang-usb-a\/#primaryimage\"},\"thumbnailUrl\":\"https:\/\/www.heddata.se\/webbutik\/wp-content\/uploads\/webbutik\/kategorier\/Telefontillbehor\/vaggladdare-svart-WCHAU211ABK_P30.jpg\",\"datePublished\":\"2020-01-28T15:35:06+00:00\",\"dateModified\":\"2026-04-03T16:42:23+00:00\",\"description\":\"V\u00e4ggladdare svart. Med denna universella v\u00e4ggladdare fr\u00e5n Nedis kan du ladda mobiltelefoner, surfplattor, digitalkameror och andra USB-enheter.\",\"breadcrumb\":{\"@id\":\"https:\/\/www.heddata.se\/webbutik\/produkt\/vaggladdare-svart-2-1-a-1-utgang-usb-a\/#breadcrumb\"},\"inLanguage\":\"sv-SE\",\"potentialAction\":[{\"@type\":\"ReadAction\",\"target\":[\"https:\/\/www.heddata.se\/webbutik\/produkt\/vaggladdare-svart-2-1-a-1-utgang-usb-a\/\"]}]},{\"@type\":\"ImageObject\",\"inLanguage\":\"sv-SE\",\"@id\":\"https:\/\/www.heddata.se\/webbutik\/produkt\/vaggladdare-svart-2-1-a-1-utgang-usb-a\/#primaryimage\",\"url\":\"https:\/\/www.heddata.se\/webbutik\/wp-content\/uploads\/webbutik\/kategorier\/Telefontillbehor\/vaggladdare-svart-WCHAU211ABK_P30.jpg\",\"contentUrl\":\"https:\/\/www.heddata.se\/webbutik\/wp-content\/uploads\/webbutik\/kategorier\/Telefontillbehor\/vaggladdare-svart-WCHAU211ABK_P30.jpg\",\"width\":1200,\"height\":1200,\"caption\":\"V\u00e4ggladdare svart | 2.1 A | 1-utg\u00e5ng | USB-A\"},{\"@type\":\"BreadcrumbList\",\"@id\":\"https:\/\/www.heddata.se\/webbutik\/produkt\/vaggladdare-svart-2-1-a-1-utgang-usb-a\/#breadcrumb\",\"itemListElement\":[{\"@type\":\"ListItem\",\"position\":1,\"name\":\"Hem\",\"item\":\"https:\/\/www.heddata.se\/webbutik\/\"},{\"@type\":\"ListItem\",\"position\":2,\"name\":\"Produkter\",\"item\":\"https:\/\/www.heddata.se\/webbutik\/shop\/\"},{\"@type\":\"ListItem\",\"position\":3,\"name\":\"V\u00e4ggladdare svart | 2.1 A | 1-utg\u00e5ng | USB-A\"}]},{\"@type\":\"WebSite\",\"@id\":\"https:\/\/www.heddata.se\/webbutik\/#website\",\"url\":\"https:\/\/www.heddata.se\/webbutik\/\",\"name\":\"Datorer, Skrivare, F\u00e4rgpatroner, Mobiltelefoner\",\"description\":\"Kablar\",\"publisher\":{\"@id\":\"https:\/\/www.heddata.se\/webbutik\/#organization\"},\"potentialAction\":[{\"@type\":\"SearchAction\",\"target\":{\"@type\":\"EntryPoint\",\"urlTemplate\":\"https:\/\/www.heddata.se\/webbutik\/?s={search_term_string}\"},\"query-input\":{\"@type\":\"PropertyValueSpecification\",\"valueRequired\":true,\"valueName\":\"search_term_string\"}}],\"inLanguage\":\"sv-SE\"},{\"@type\":\"Organization\",\"@id\":\"https:\/\/www.heddata.se\/webbutik\/#organization\",\"name\":\"Heddata AB\",\"url\":\"https:\/\/www.heddata.se\/webbutik\/\",\"logo\":{\"@type\":\"ImageObject\",\"inLanguage\":\"sv-SE\",\"@id\":\"https:\/\/www.heddata.se\/webbutik\/#\/schema\/logo\/image\/\",\"url\":\"https:\/\/www.heddata.se\/webbutik\/wp-content\/uploads\/logga\/heddata-ab-logga.png\",\"contentUrl\":\"https:\/\/www.heddata.se\/webbutik\/wp-content\/uploads\/logga\/heddata-ab-logga.png\",\"width\":200,\"height\":64,\"caption\":\"Heddata AB\"},\"image\":{\"@id\":\"https:\/\/www.heddata.se\/webbutik\/#\/schema\/logo\/image\/\"}}]}<\/script>\n<!-- \/ Yoast SEO Premium plugin. -->","yoast_head_json":{"title":"V\u00e4ggladdare svart | 2.1 A | 1-utg\u00e5ng | USB-A","description":"V\u00e4ggladdare svart. Med denna universella v\u00e4ggladdare fr\u00e5n Nedis kan du ladda mobiltelefoner, surfplattor, digitalkameror och andra USB-enheter.","robots":{"index":"index","follow":"follow","max-snippet":"max-snippet:-1","max-image-preview":"max-image-preview:large","max-video-preview":"max-video-preview:-1"},"canonical":"https:\/\/www.heddata.se\/webbutik\/produkt\/vaggladdare-svart-2-1-a-1-utgang-usb-a\/","og_locale":"sv_SE","og_type":"article","og_title":"V\u00e4ggladdare svart | 2.1 A | 1-utg\u00e5ng | USB-A","og_description":"V\u00e4ggladdare svart. Med denna universella v\u00e4ggladdare fr\u00e5n Nedis kan du ladda mobiltelefoner, surfplattor, digitalkameror och andra USB-enheter.","og_url":"https:\/\/www.heddata.se\/webbutik\/produkt\/vaggladdare-svart-2-1-a-1-utgang-usb-a\/","og_site_name":"Datorer, Skrivare, F\u00e4rgpatroner, Mobiltelefoner","article_modified_time":"2026-04-03T16:42:23+00:00","og_image":[{"width":1200,"height":1200,"url":"https:\/\/www.heddata.se\/webbutik\/wp-content\/uploads\/webbutik\/kategorier\/Telefontillbehor\/vaggladdare-svart-WCHAU211ABK_P30.jpg","type":"image\/jpeg"}],"twitter_card":"summary_large_image","schema":{"@context":"https:\/\/schema.org","@graph":[{"@type":"WebPage","@id":"https:\/\/www.heddata.se\/webbutik\/produkt\/vaggladdare-svart-2-1-a-1-utgang-usb-a\/","url":"https:\/\/www.heddata.se\/webbutik\/produkt\/vaggladdare-svart-2-1-a-1-utgang-usb-a\/","name":"V\u00e4ggladdare svart | 2.1 A | 1-utg\u00e5ng | USB-A","isPartOf":{"@id":"https:\/\/www.heddata.se\/webbutik\/#website"},"primaryImageOfPage":{"@id":"https:\/\/www.heddata.se\/webbutik\/produkt\/vaggladdare-svart-2-1-a-1-utgang-usb-a\/#primaryimage"},"image":{"@id":"https:\/\/www.heddata.se\/webbutik\/produkt\/vaggladdare-svart-2-1-a-1-utgang-usb-a\/#primaryimage"},"thumbnailUrl":"https:\/\/www.heddata.se\/webbutik\/wp-content\/uploads\/webbutik\/kategorier\/Telefontillbehor\/vaggladdare-svart-WCHAU211ABK_P30.jpg","datePublished":"2020-01-28T15:35:06+00:00","dateModified":"2026-04-03T16:42:23+00:00","description":"V\u00e4ggladdare svart. Med denna universella v\u00e4ggladdare fr\u00e5n Nedis kan du ladda mobiltelefoner, surfplattor, digitalkameror och andra USB-enheter.","breadcrumb":{"@id":"https:\/\/www.heddata.se\/webbutik\/produkt\/vaggladdare-svart-2-1-a-1-utgang-usb-a\/#breadcrumb"},"inLanguage":"sv-SE","potentialAction":[{"@type":"ReadAction","target":["https:\/\/www.heddata.se\/webbutik\/produkt\/vaggladdare-svart-2-1-a-1-utgang-usb-a\/"]}]},{"@type":"ImageObject","inLanguage":"sv-SE","@id":"https:\/\/www.heddata.se\/webbutik\/produkt\/vaggladdare-svart-2-1-a-1-utgang-usb-a\/#primaryimage","url":"https:\/\/www.heddata.se\/webbutik\/wp-content\/uploads\/webbutik\/kategorier\/Telefontillbehor\/vaggladdare-svart-WCHAU211ABK_P30.jpg","contentUrl":"https:\/\/www.heddata.se\/webbutik\/wp-content\/uploads\/webbutik\/kategorier\/Telefontillbehor\/vaggladdare-svart-WCHAU211ABK_P30.jpg","width":1200,"height":1200,"caption":"V\u00e4ggladdare svart | 2.1 A | 1-utg\u00e5ng | USB-A"},{"@type":"BreadcrumbList","@id":"https:\/\/www.heddata.se\/webbutik\/produkt\/vaggladdare-svart-2-1-a-1-utgang-usb-a\/#breadcrumb","itemListElement":[{"@type":"ListItem","position":1,"name":"Hem","item":"https:\/\/www.heddata.se\/webbutik\/"},{"@type":"ListItem","position":2,"name":"Produkter","item":"https:\/\/www.heddata.se\/webbutik\/shop\/"},{"@type":"ListItem","position":3,"name":"V\u00e4ggladdare svart | 2.1 A | 1-utg\u00e5ng | USB-A"}]},{"@type":"WebSite","@id":"https:\/\/www.heddata.se\/webbutik\/#website","url":"https:\/\/www.heddata.se\/webbutik\/","name":"Datorer, Skrivare, F\u00e4rgpatroner, Mobiltelefoner","description":"Kablar","publisher":{"@id":"https:\/\/www.heddata.se\/webbutik\/#organization"},"potentialAction":[{"@type":"SearchAction","target":{"@type":"EntryPoint","urlTemplate":"https:\/\/www.heddata.se\/webbutik\/?s={search_term_string}"},"query-input":{"@type":"PropertyValueSpecification","valueRequired":true,"valueName":"search_term_string"}}],"inLanguage":"sv-SE"},{"@type":"Organization","@id":"https:\/\/www.heddata.se\/webbutik\/#organization","name":"Heddata AB","url":"https:\/\/www.heddata.se\/webbutik\/","logo":{"@type":"ImageObject","inLanguage":"sv-SE","@id":"https:\/\/www.heddata.se\/webbutik\/#\/schema\/logo\/image\/","url":"https:\/\/www.heddata.se\/webbutik\/wp-content\/uploads\/logga\/heddata-ab-logga.png","contentUrl":"https:\/\/www.heddata.se\/webbutik\/wp-content\/uploads\/logga\/heddata-ab-logga.png","width":200,"height":64,"caption":"Heddata AB"},"image":{"@id":"https:\/\/www.heddata.se\/webbutik\/#\/schema\/logo\/image\/"}}]}},"_links":{"self":[{"href":"https:\/\/www.heddata.se\/webbutik\/wp-json\/wp\/v2\/product\/35565","targetHints":{"allow":["GET"]}}],"collection":[{"href":"https:\/\/www.heddata.se\/webbutik\/wp-json\/wp\/v2\/product"}],"about":[{"href":"https:\/\/www.heddata.se\/webbutik\/wp-json\/wp\/v2\/types\/product"}],"wp:featuredmedia":[{"embeddable":true,"href":"https:\/\/www.heddata.se\/webbutik\/wp-json\/wp\/v2\/media\/35567"}],"wp:attachment":[{"href":"https:\/\/www.heddata.se\/webbutik\/wp-json\/wp\/v2\/media?parent=35565"}],"wp:term":[{"taxonomy":"product_brand","embeddable":true,"href":"https:\/\/www.heddata.se\/webbutik\/wp-json\/wp\/v2\/product_brand?post=35565"},{"taxonomy":"product_cat","embeddable":true,"href":"https:\/\/www.heddata.se\/webbutik\/wp-json\/wp\/v2\/product_cat?post=35565"},{"taxonomy":"product_tag","embeddable":true,"href":"https:\/\/www.heddata.se\/webbutik\/wp-json\/wp\/v2\/product_tag?post=35565"}],"curies":[{"name":"wp","href":"https:\/\/api.w.org\/{rel}","templated":true}]}}