{"id":35173,"date":"2020-01-28T13:30:21","date_gmt":"2020-01-28T12:30:21","guid":{"rendered":"https:\/\/www.heddata.se\/webbutik\/?post_type=product&#038;p=35173"},"modified":"2026-04-07T18:28:53","modified_gmt":"2026-04-07T16:28:53","slug":"usb-c-kabel-1m-typ-c-hane-a-hane-1-0-m-aluminium","status":"publish","type":"product","link":"https:\/\/www.heddata.se\/webbutik\/produkt\/usb-c-kabel-1m-typ-c-hane-a-hane-1-0-m-aluminium\/","title":{"rendered":"USB C kabel 1m | Typ-C hane &#8211; A hane | 1.0 m | Aluminium"},"content":{"rendered":"<p>USB C kabel 1m. USB 2.0 till Typ-C kabel. En f\u00f6rstklassig laddnings och synkroniserings<a href=\"https:\/\/www.heddata.se\/webbutik\/telefontillbehor\/telefonladdare\/kablar\/\">kabel<\/a> fr\u00e5n <a href=\"https:\/\/nedis.se\/sv-se\" target=\"_blank\" rel=\"noopener noreferrer\">Nedis<\/a>. Med st\u00f6d f\u00f6r AV \u2013 USB TYPE-C\u2122 hane till USB-A hane \u2013 g\u00f6r den det m\u00f6jligt f\u00f6r dig att b\u00e5de synkronisera din enhet med PC eller mac, men ocks\u00e5 ladda dina enheter.<br \/>\nErbjuder anslutning i alla riktningar f\u00f6r enkel anv\u00e4ndning, och har dessutom guldpl\u00e4terade kontakter f\u00f6r p\u00e5litlig \u00f6verf\u00f6ring av data. \u00d6verf\u00f6ringen g\u00e5r \u00e4ven snabbt, upp till 480Mbit\/s och med USB2.0 teknik. Passar f\u00f6r alla varum\u00e4rken<\/p>\n","protected":false},"excerpt":{"rendered":"<p>USB C kabel 1m<\/p>\n","protected":false},"featured_media":22112,"template":"","meta":[],"product_brand":[],"product_cat":[8991,72],"product_tag":[],"class_list":{"0":"post-35173","1":"product","2":"type-product","3":"status-publish","4":"has-post-thumbnail","6":"product_cat-usb-c-kablar","7":"product_cat-usb-kablar","9":"first","10":"outofstock","11":"taxable","12":"shipping-taxable","13":"purchasable","14":"product-type-simple"},"yoast_head":"<!-- This site is optimized with the Yoast SEO Premium plugin v26.7 (Yoast SEO v26.7) - https:\/\/yoast.com\/wordpress\/plugins\/seo\/ -->\n<title>USB C kabel 1m | Typ-C, hane - A-hane | 1.0 m | Aluminium<\/title>\n<meta name=\"description\" content=\"USB C kabel 1m. USB 2.0 till Typ-C kabel. En f\u00f6rstklassig laddnings och synkroniseringskabel fr\u00e5n Nedis. Med st\u00f6d f\u00f6r AV \u2013 USB TYPE-C\u2122 hane till USB-A hane\" \/>\n<meta name=\"robots\" content=\"index, follow, max-snippet:-1, max-image-preview:large, max-video-preview:-1\" \/>\n<link rel=\"canonical\" href=\"https:\/\/www.heddata.se\/webbutik\/produkt\/usb-c-kabel-1m-typ-c-hane-a-hane-1-0-m-aluminium\/\" \/>\n<meta property=\"og:locale\" content=\"sv_SE\" \/>\n<meta property=\"og:type\" content=\"article\" \/>\n<meta property=\"og:title\" content=\"USB C kabel 1m | Typ-C hane - A hane | 1.0 m | Aluminium\" \/>\n<meta property=\"og:description\" content=\"USB C kabel 1m. USB 2.0 till Typ-C kabel. En f\u00f6rstklassig laddnings och synkroniseringskabel fr\u00e5n Nedis. Med st\u00f6d f\u00f6r AV \u2013 USB TYPE-C\u2122 hane till USB-A hane\" \/>\n<meta property=\"og:url\" content=\"https:\/\/www.heddata.se\/webbutik\/produkt\/usb-c-kabel-1m-typ-c-hane-a-hane-1-0-m-aluminium\/\" \/>\n<meta property=\"og:site_name\" content=\"Datorer, Skrivare, F\u00e4rgpatroner, Mobiltelefoner\" \/>\n<meta property=\"article:modified_time\" content=\"2026-04-07T16:28:53+00:00\" \/>\n<meta property=\"og:image\" content=\"https:\/\/www.heddata.se\/webbutik\/wp-content\/uploads\/webbutik\/kategorier\/kablar-adaptrar\/Typ-C-kabel-CCTB61600AL10.jpg\" \/>\n\t<meta property=\"og:image:width\" content=\"1200\" \/>\n\t<meta property=\"og:image:height\" content=\"1200\" \/>\n\t<meta property=\"og:image:type\" content=\"image\/jpeg\" \/>\n<meta name=\"twitter:card\" content=\"summary_large_image\" \/>\n<script type=\"application\/ld+json\" class=\"yoast-schema-graph\">{\"@context\":\"https:\/\/schema.org\",\"@graph\":[{\"@type\":\"WebPage\",\"@id\":\"https:\/\/www.heddata.se\/webbutik\/produkt\/usb-c-kabel-1m-typ-c-hane-a-hane-1-0-m-aluminium\/\",\"url\":\"https:\/\/www.heddata.se\/webbutik\/produkt\/usb-c-kabel-1m-typ-c-hane-a-hane-1-0-m-aluminium\/\",\"name\":\"USB C kabel 1m | Typ-C, hane - A-hane | 1.0 m | Aluminium\",\"isPartOf\":{\"@id\":\"https:\/\/www.heddata.se\/webbutik\/#website\"},\"primaryImageOfPage\":{\"@id\":\"https:\/\/www.heddata.se\/webbutik\/produkt\/usb-c-kabel-1m-typ-c-hane-a-hane-1-0-m-aluminium\/#primaryimage\"},\"image\":{\"@id\":\"https:\/\/www.heddata.se\/webbutik\/produkt\/usb-c-kabel-1m-typ-c-hane-a-hane-1-0-m-aluminium\/#primaryimage\"},\"thumbnailUrl\":\"https:\/\/www.heddata.se\/webbutik\/wp-content\/uploads\/webbutik\/kategorier\/kablar-adaptrar\/Typ-C-kabel-CCTB61600AL10.jpg\",\"datePublished\":\"2020-01-28T12:30:21+00:00\",\"dateModified\":\"2026-04-07T16:28:53+00:00\",\"description\":\"USB C kabel 1m. USB 2.0 till Typ-C kabel. En f\u00f6rstklassig laddnings och synkroniseringskabel fr\u00e5n Nedis. Med st\u00f6d f\u00f6r AV \u2013 USB TYPE-C\u2122 hane till USB-A hane\",\"breadcrumb\":{\"@id\":\"https:\/\/www.heddata.se\/webbutik\/produkt\/usb-c-kabel-1m-typ-c-hane-a-hane-1-0-m-aluminium\/#breadcrumb\"},\"inLanguage\":\"sv-SE\",\"potentialAction\":[{\"@type\":\"ReadAction\",\"target\":[\"https:\/\/www.heddata.se\/webbutik\/produkt\/usb-c-kabel-1m-typ-c-hane-a-hane-1-0-m-aluminium\/\"]}]},{\"@type\":\"ImageObject\",\"inLanguage\":\"sv-SE\",\"@id\":\"https:\/\/www.heddata.se\/webbutik\/produkt\/usb-c-kabel-1m-typ-c-hane-a-hane-1-0-m-aluminium\/#primaryimage\",\"url\":\"https:\/\/www.heddata.se\/webbutik\/wp-content\/uploads\/webbutik\/kategorier\/kablar-adaptrar\/Typ-C-kabel-CCTB61600AL10.jpg\",\"contentUrl\":\"https:\/\/www.heddata.se\/webbutik\/wp-content\/uploads\/webbutik\/kategorier\/kablar-adaptrar\/Typ-C-kabel-CCTB61600AL10.jpg\",\"width\":1200,\"height\":1200,\"caption\":\"USB C kabel 1m | Typ-C hane - A hane | 1.0 m | Aluminium\"},{\"@type\":\"BreadcrumbList\",\"@id\":\"https:\/\/www.heddata.se\/webbutik\/produkt\/usb-c-kabel-1m-typ-c-hane-a-hane-1-0-m-aluminium\/#breadcrumb\",\"itemListElement\":[{\"@type\":\"ListItem\",\"position\":1,\"name\":\"Hem\",\"item\":\"https:\/\/www.heddata.se\/webbutik\/\"},{\"@type\":\"ListItem\",\"position\":2,\"name\":\"Produkter\",\"item\":\"https:\/\/www.heddata.se\/webbutik\/shop\/\"},{\"@type\":\"ListItem\",\"position\":3,\"name\":\"USB C kabel 1m | Typ-C hane &#8211; A hane | 1.0 m | Aluminium\"}]},{\"@type\":\"WebSite\",\"@id\":\"https:\/\/www.heddata.se\/webbutik\/#website\",\"url\":\"https:\/\/www.heddata.se\/webbutik\/\",\"name\":\"Datorer, Skrivare, F\u00e4rgpatroner, Mobiltelefoner\",\"description\":\"Kablar\",\"publisher\":{\"@id\":\"https:\/\/www.heddata.se\/webbutik\/#organization\"},\"potentialAction\":[{\"@type\":\"SearchAction\",\"target\":{\"@type\":\"EntryPoint\",\"urlTemplate\":\"https:\/\/www.heddata.se\/webbutik\/?s={search_term_string}\"},\"query-input\":{\"@type\":\"PropertyValueSpecification\",\"valueRequired\":true,\"valueName\":\"search_term_string\"}}],\"inLanguage\":\"sv-SE\"},{\"@type\":\"Organization\",\"@id\":\"https:\/\/www.heddata.se\/webbutik\/#organization\",\"name\":\"Heddata AB\",\"url\":\"https:\/\/www.heddata.se\/webbutik\/\",\"logo\":{\"@type\":\"ImageObject\",\"inLanguage\":\"sv-SE\",\"@id\":\"https:\/\/www.heddata.se\/webbutik\/#\/schema\/logo\/image\/\",\"url\":\"https:\/\/www.heddata.se\/webbutik\/wp-content\/uploads\/logga\/heddata-ab-logga.png\",\"contentUrl\":\"https:\/\/www.heddata.se\/webbutik\/wp-content\/uploads\/logga\/heddata-ab-logga.png\",\"width\":200,\"height\":64,\"caption\":\"Heddata AB\"},\"image\":{\"@id\":\"https:\/\/www.heddata.se\/webbutik\/#\/schema\/logo\/image\/\"}}]}<\/script>\n<!-- \/ Yoast SEO Premium plugin. -->","yoast_head_json":{"title":"USB C kabel 1m | Typ-C, hane - A-hane | 1.0 m | Aluminium","description":"USB C kabel 1m. USB 2.0 till Typ-C kabel. En f\u00f6rstklassig laddnings och synkroniseringskabel fr\u00e5n Nedis. Med st\u00f6d f\u00f6r AV \u2013 USB TYPE-C\u2122 hane till USB-A hane","robots":{"index":"index","follow":"follow","max-snippet":"max-snippet:-1","max-image-preview":"max-image-preview:large","max-video-preview":"max-video-preview:-1"},"canonical":"https:\/\/www.heddata.se\/webbutik\/produkt\/usb-c-kabel-1m-typ-c-hane-a-hane-1-0-m-aluminium\/","og_locale":"sv_SE","og_type":"article","og_title":"USB C kabel 1m | Typ-C hane - A hane | 1.0 m | Aluminium","og_description":"USB C kabel 1m. USB 2.0 till Typ-C kabel. En f\u00f6rstklassig laddnings och synkroniseringskabel fr\u00e5n Nedis. Med st\u00f6d f\u00f6r AV \u2013 USB TYPE-C\u2122 hane till USB-A hane","og_url":"https:\/\/www.heddata.se\/webbutik\/produkt\/usb-c-kabel-1m-typ-c-hane-a-hane-1-0-m-aluminium\/","og_site_name":"Datorer, Skrivare, F\u00e4rgpatroner, Mobiltelefoner","article_modified_time":"2026-04-07T16:28:53+00:00","og_image":[{"width":1200,"height":1200,"url":"https:\/\/www.heddata.se\/webbutik\/wp-content\/uploads\/webbutik\/kategorier\/kablar-adaptrar\/Typ-C-kabel-CCTB61600AL10.jpg","type":"image\/jpeg"}],"twitter_card":"summary_large_image","schema":{"@context":"https:\/\/schema.org","@graph":[{"@type":"WebPage","@id":"https:\/\/www.heddata.se\/webbutik\/produkt\/usb-c-kabel-1m-typ-c-hane-a-hane-1-0-m-aluminium\/","url":"https:\/\/www.heddata.se\/webbutik\/produkt\/usb-c-kabel-1m-typ-c-hane-a-hane-1-0-m-aluminium\/","name":"USB C kabel 1m | Typ-C, hane - A-hane | 1.0 m | Aluminium","isPartOf":{"@id":"https:\/\/www.heddata.se\/webbutik\/#website"},"primaryImageOfPage":{"@id":"https:\/\/www.heddata.se\/webbutik\/produkt\/usb-c-kabel-1m-typ-c-hane-a-hane-1-0-m-aluminium\/#primaryimage"},"image":{"@id":"https:\/\/www.heddata.se\/webbutik\/produkt\/usb-c-kabel-1m-typ-c-hane-a-hane-1-0-m-aluminium\/#primaryimage"},"thumbnailUrl":"https:\/\/www.heddata.se\/webbutik\/wp-content\/uploads\/webbutik\/kategorier\/kablar-adaptrar\/Typ-C-kabel-CCTB61600AL10.jpg","datePublished":"2020-01-28T12:30:21+00:00","dateModified":"2026-04-07T16:28:53+00:00","description":"USB C kabel 1m. USB 2.0 till Typ-C kabel. En f\u00f6rstklassig laddnings och synkroniseringskabel fr\u00e5n Nedis. Med st\u00f6d f\u00f6r AV \u2013 USB TYPE-C\u2122 hane till USB-A hane","breadcrumb":{"@id":"https:\/\/www.heddata.se\/webbutik\/produkt\/usb-c-kabel-1m-typ-c-hane-a-hane-1-0-m-aluminium\/#breadcrumb"},"inLanguage":"sv-SE","potentialAction":[{"@type":"ReadAction","target":["https:\/\/www.heddata.se\/webbutik\/produkt\/usb-c-kabel-1m-typ-c-hane-a-hane-1-0-m-aluminium\/"]}]},{"@type":"ImageObject","inLanguage":"sv-SE","@id":"https:\/\/www.heddata.se\/webbutik\/produkt\/usb-c-kabel-1m-typ-c-hane-a-hane-1-0-m-aluminium\/#primaryimage","url":"https:\/\/www.heddata.se\/webbutik\/wp-content\/uploads\/webbutik\/kategorier\/kablar-adaptrar\/Typ-C-kabel-CCTB61600AL10.jpg","contentUrl":"https:\/\/www.heddata.se\/webbutik\/wp-content\/uploads\/webbutik\/kategorier\/kablar-adaptrar\/Typ-C-kabel-CCTB61600AL10.jpg","width":1200,"height":1200,"caption":"USB C kabel 1m | Typ-C hane - A hane | 1.0 m | Aluminium"},{"@type":"BreadcrumbList","@id":"https:\/\/www.heddata.se\/webbutik\/produkt\/usb-c-kabel-1m-typ-c-hane-a-hane-1-0-m-aluminium\/#breadcrumb","itemListElement":[{"@type":"ListItem","position":1,"name":"Hem","item":"https:\/\/www.heddata.se\/webbutik\/"},{"@type":"ListItem","position":2,"name":"Produkter","item":"https:\/\/www.heddata.se\/webbutik\/shop\/"},{"@type":"ListItem","position":3,"name":"USB C kabel 1m | Typ-C hane &#8211; A hane | 1.0 m | Aluminium"}]},{"@type":"WebSite","@id":"https:\/\/www.heddata.se\/webbutik\/#website","url":"https:\/\/www.heddata.se\/webbutik\/","name":"Datorer, Skrivare, F\u00e4rgpatroner, Mobiltelefoner","description":"Kablar","publisher":{"@id":"https:\/\/www.heddata.se\/webbutik\/#organization"},"potentialAction":[{"@type":"SearchAction","target":{"@type":"EntryPoint","urlTemplate":"https:\/\/www.heddata.se\/webbutik\/?s={search_term_string}"},"query-input":{"@type":"PropertyValueSpecification","valueRequired":true,"valueName":"search_term_string"}}],"inLanguage":"sv-SE"},{"@type":"Organization","@id":"https:\/\/www.heddata.se\/webbutik\/#organization","name":"Heddata AB","url":"https:\/\/www.heddata.se\/webbutik\/","logo":{"@type":"ImageObject","inLanguage":"sv-SE","@id":"https:\/\/www.heddata.se\/webbutik\/#\/schema\/logo\/image\/","url":"https:\/\/www.heddata.se\/webbutik\/wp-content\/uploads\/logga\/heddata-ab-logga.png","contentUrl":"https:\/\/www.heddata.se\/webbutik\/wp-content\/uploads\/logga\/heddata-ab-logga.png","width":200,"height":64,"caption":"Heddata AB"},"image":{"@id":"https:\/\/www.heddata.se\/webbutik\/#\/schema\/logo\/image\/"}}]}},"_links":{"self":[{"href":"https:\/\/www.heddata.se\/webbutik\/wp-json\/wp\/v2\/product\/35173","targetHints":{"allow":["GET"]}}],"collection":[{"href":"https:\/\/www.heddata.se\/webbutik\/wp-json\/wp\/v2\/product"}],"about":[{"href":"https:\/\/www.heddata.se\/webbutik\/wp-json\/wp\/v2\/types\/product"}],"wp:featuredmedia":[{"embeddable":true,"href":"https:\/\/www.heddata.se\/webbutik\/wp-json\/wp\/v2\/media\/22112"}],"wp:attachment":[{"href":"https:\/\/www.heddata.se\/webbutik\/wp-json\/wp\/v2\/media?parent=35173"}],"wp:term":[{"taxonomy":"product_brand","embeddable":true,"href":"https:\/\/www.heddata.se\/webbutik\/wp-json\/wp\/v2\/product_brand?post=35173"},{"taxonomy":"product_cat","embeddable":true,"href":"https:\/\/www.heddata.se\/webbutik\/wp-json\/wp\/v2\/product_cat?post=35173"},{"taxonomy":"product_tag","embeddable":true,"href":"https:\/\/www.heddata.se\/webbutik\/wp-json\/wp\/v2\/product_tag?post=35173"}],"curies":[{"name":"wp","href":"https:\/\/api.w.org\/{rel}","templated":true}]}}