{"id":34635,"date":"2020-01-28T08:40:18","date_gmt":"2020-01-28T07:40:18","guid":{"rendered":"https:\/\/www.heddata.se\/webbutik\/?post_type=product&#038;p=34635"},"modified":"2026-04-09T12:04:05","modified_gmt":"2026-04-09T10:04:05","slug":"unifi-ap-ac-mesh-ubiquiti-accesspunkt-med-mesh-teknologi","status":"publish","type":"product","link":"https:\/\/www.heddata.se\/webbutik\/produkt\/unifi-ap-ac-mesh-ubiquiti-accesspunkt-med-mesh-teknologi\/","title":{"rendered":"Unifi AP AC Mesh | Ubiquiti | Accesspunkt med mesh-teknologi"},"content":{"rendered":"<p>Unifi AP AC Mesh \u00e4r en accesspunkt med mesh-teknologi. Med mesh multi-hop t\u00e4cker du stora ytor med minimal infrastruktur. Dessa AP inkluderar dessutom justerbara dubbla frekvensband med rundstr\u00e5lande antenner. Idealiska f\u00f6r tillf\u00e4lliga installationer, med snabb setup och borttagning. <a href=\"https:\/\/www.ui.com\/\" target=\"_blank\" rel=\"noopener noreferrer\">Ubiquiti<\/a> <a href=\"https:\/\/www.heddata.se\/webbutik\/ubiquiti\/\">Unifi<\/a> AP AC Mesh \u00e4r v\u00e4derbest\u00e4ndiga och klara temperaturer mellan -40 till 70\u00b0 C.<\/p>\n","protected":false},"excerpt":{"rendered":"<p>Ubiquiti Unifi AP AC Mesh<\/p>\n","protected":false},"featured_media":38475,"template":"","meta":[],"product_brand":[],"product_cat":[8980,70],"product_tag":[4312,4270],"class_list":{"0":"post-34635","1":"product","2":"type-product","3":"status-publish","4":"has-post-thumbnail","6":"product_cat-accesspunkter-och-natverksforlangare","7":"product_cat-natverk","8":"product_tag-ubiquiti","9":"product_tag-unifi","11":"first","12":"outofstock","13":"taxable","14":"shipping-taxable","15":"product-type-simple"},"yoast_head":"<!-- This site is optimized with the Yoast SEO Premium plugin v26.7 (Yoast SEO v26.7) - https:\/\/yoast.com\/wordpress\/plugins\/seo\/ -->\n<title>Unifi AP AC Mesh | Ubiquiti | Accesspunkt med mesh-teknologi<\/title>\n<meta name=\"description\" content=\"Unifi AP AC Mesh \u00e4r en accesspunkt med mesh-teknologi. Med mesh multi-hop t\u00e4cker du stora ytor med minimal infrastruktur.\" \/>\n<meta name=\"robots\" content=\"index, follow, max-snippet:-1, max-image-preview:large, max-video-preview:-1\" \/>\n<link rel=\"canonical\" href=\"https:\/\/www.heddata.se\/webbutik\/produkt\/unifi-ap-ac-mesh-ubiquiti-accesspunkt-med-mesh-teknologi\/\" \/>\n<meta property=\"og:locale\" content=\"sv_SE\" \/>\n<meta property=\"og:type\" content=\"article\" \/>\n<meta property=\"og:title\" content=\"Unifi AP AC Mesh | Ubiquiti | Accesspunkt med mesh-teknologi\" \/>\n<meta property=\"og:description\" content=\"Unifi AP AC Mesh \u00e4r en accesspunkt med mesh-teknologi. Med mesh multi-hop t\u00e4cker du stora ytor med minimal infrastruktur.\" \/>\n<meta property=\"og:url\" content=\"https:\/\/www.heddata.se\/webbutik\/produkt\/unifi-ap-ac-mesh-ubiquiti-accesspunkt-med-mesh-teknologi\/\" \/>\n<meta property=\"og:site_name\" content=\"Datorer, Skrivare, F\u00e4rgpatroner, Mobiltelefoner\" \/>\n<meta property=\"article:modified_time\" content=\"2026-04-09T10:04:05+00:00\" \/>\n<meta property=\"og:image\" content=\"https:\/\/www.heddata.se\/webbutik\/wp-content\/uploads\/webbutik\/kategorier\/Natvark\/UAP-AC-M.jpg\" \/>\n\t<meta property=\"og:image:width\" content=\"960\" \/>\n\t<meta property=\"og:image:height\" content=\"960\" \/>\n\t<meta property=\"og:image:type\" content=\"image\/jpeg\" \/>\n<meta name=\"twitter:card\" content=\"summary_large_image\" \/>\n<script type=\"application\/ld+json\" class=\"yoast-schema-graph\">{\"@context\":\"https:\/\/schema.org\",\"@graph\":[{\"@type\":\"WebPage\",\"@id\":\"https:\/\/www.heddata.se\/webbutik\/produkt\/unifi-ap-ac-mesh-ubiquiti-accesspunkt-med-mesh-teknologi\/\",\"url\":\"https:\/\/www.heddata.se\/webbutik\/produkt\/unifi-ap-ac-mesh-ubiquiti-accesspunkt-med-mesh-teknologi\/\",\"name\":\"Unifi AP AC Mesh | Ubiquiti | Accesspunkt med mesh-teknologi\",\"isPartOf\":{\"@id\":\"https:\/\/www.heddata.se\/webbutik\/#website\"},\"primaryImageOfPage\":{\"@id\":\"https:\/\/www.heddata.se\/webbutik\/produkt\/unifi-ap-ac-mesh-ubiquiti-accesspunkt-med-mesh-teknologi\/#primaryimage\"},\"image\":{\"@id\":\"https:\/\/www.heddata.se\/webbutik\/produkt\/unifi-ap-ac-mesh-ubiquiti-accesspunkt-med-mesh-teknologi\/#primaryimage\"},\"thumbnailUrl\":\"https:\/\/www.heddata.se\/webbutik\/wp-content\/uploads\/webbutik\/kategorier\/Natvark\/UAP-AC-M.jpg\",\"datePublished\":\"2020-01-28T07:40:18+00:00\",\"dateModified\":\"2026-04-09T10:04:05+00:00\",\"description\":\"Unifi AP AC Mesh \u00e4r en accesspunkt med mesh-teknologi. Med mesh multi-hop t\u00e4cker du stora ytor med minimal infrastruktur.\",\"breadcrumb\":{\"@id\":\"https:\/\/www.heddata.se\/webbutik\/produkt\/unifi-ap-ac-mesh-ubiquiti-accesspunkt-med-mesh-teknologi\/#breadcrumb\"},\"inLanguage\":\"sv-SE\",\"potentialAction\":[{\"@type\":\"ReadAction\",\"target\":[\"https:\/\/www.heddata.se\/webbutik\/produkt\/unifi-ap-ac-mesh-ubiquiti-accesspunkt-med-mesh-teknologi\/\"]}]},{\"@type\":\"ImageObject\",\"inLanguage\":\"sv-SE\",\"@id\":\"https:\/\/www.heddata.se\/webbutik\/produkt\/unifi-ap-ac-mesh-ubiquiti-accesspunkt-med-mesh-teknologi\/#primaryimage\",\"url\":\"https:\/\/www.heddata.se\/webbutik\/wp-content\/uploads\/webbutik\/kategorier\/Natvark\/UAP-AC-M.jpg\",\"contentUrl\":\"https:\/\/www.heddata.se\/webbutik\/wp-content\/uploads\/webbutik\/kategorier\/Natvark\/UAP-AC-M.jpg\",\"width\":960,\"height\":960,\"caption\":\"Unifi AP AC Mesh | Ubiquiti | Accesspunkt med mesh-teknologi\"},{\"@type\":\"BreadcrumbList\",\"@id\":\"https:\/\/www.heddata.se\/webbutik\/produkt\/unifi-ap-ac-mesh-ubiquiti-accesspunkt-med-mesh-teknologi\/#breadcrumb\",\"itemListElement\":[{\"@type\":\"ListItem\",\"position\":1,\"name\":\"Hem\",\"item\":\"https:\/\/www.heddata.se\/webbutik\/\"},{\"@type\":\"ListItem\",\"position\":2,\"name\":\"Produkter\",\"item\":\"https:\/\/www.heddata.se\/webbutik\/shop\/\"},{\"@type\":\"ListItem\",\"position\":3,\"name\":\"Unifi AP AC Mesh | Ubiquiti | Accesspunkt med mesh-teknologi\"}]},{\"@type\":\"WebSite\",\"@id\":\"https:\/\/www.heddata.se\/webbutik\/#website\",\"url\":\"https:\/\/www.heddata.se\/webbutik\/\",\"name\":\"Datorer, Skrivare, F\u00e4rgpatroner, Mobiltelefoner\",\"description\":\"Kablar\",\"publisher\":{\"@id\":\"https:\/\/www.heddata.se\/webbutik\/#organization\"},\"potentialAction\":[{\"@type\":\"SearchAction\",\"target\":{\"@type\":\"EntryPoint\",\"urlTemplate\":\"https:\/\/www.heddata.se\/webbutik\/?s={search_term_string}\"},\"query-input\":{\"@type\":\"PropertyValueSpecification\",\"valueRequired\":true,\"valueName\":\"search_term_string\"}}],\"inLanguage\":\"sv-SE\"},{\"@type\":\"Organization\",\"@id\":\"https:\/\/www.heddata.se\/webbutik\/#organization\",\"name\":\"Heddata AB\",\"url\":\"https:\/\/www.heddata.se\/webbutik\/\",\"logo\":{\"@type\":\"ImageObject\",\"inLanguage\":\"sv-SE\",\"@id\":\"https:\/\/www.heddata.se\/webbutik\/#\/schema\/logo\/image\/\",\"url\":\"https:\/\/www.heddata.se\/webbutik\/wp-content\/uploads\/logga\/heddata-ab-logga.png\",\"contentUrl\":\"https:\/\/www.heddata.se\/webbutik\/wp-content\/uploads\/logga\/heddata-ab-logga.png\",\"width\":200,\"height\":64,\"caption\":\"Heddata AB\"},\"image\":{\"@id\":\"https:\/\/www.heddata.se\/webbutik\/#\/schema\/logo\/image\/\"}}]}<\/script>\n<!-- \/ Yoast SEO Premium plugin. -->","yoast_head_json":{"title":"Unifi AP AC Mesh | Ubiquiti | Accesspunkt med mesh-teknologi","description":"Unifi AP AC Mesh \u00e4r en accesspunkt med mesh-teknologi. Med mesh multi-hop t\u00e4cker du stora ytor med minimal infrastruktur.","robots":{"index":"index","follow":"follow","max-snippet":"max-snippet:-1","max-image-preview":"max-image-preview:large","max-video-preview":"max-video-preview:-1"},"canonical":"https:\/\/www.heddata.se\/webbutik\/produkt\/unifi-ap-ac-mesh-ubiquiti-accesspunkt-med-mesh-teknologi\/","og_locale":"sv_SE","og_type":"article","og_title":"Unifi AP AC Mesh | Ubiquiti | Accesspunkt med mesh-teknologi","og_description":"Unifi AP AC Mesh \u00e4r en accesspunkt med mesh-teknologi. Med mesh multi-hop t\u00e4cker du stora ytor med minimal infrastruktur.","og_url":"https:\/\/www.heddata.se\/webbutik\/produkt\/unifi-ap-ac-mesh-ubiquiti-accesspunkt-med-mesh-teknologi\/","og_site_name":"Datorer, Skrivare, F\u00e4rgpatroner, Mobiltelefoner","article_modified_time":"2026-04-09T10:04:05+00:00","og_image":[{"width":960,"height":960,"url":"https:\/\/www.heddata.se\/webbutik\/wp-content\/uploads\/webbutik\/kategorier\/Natvark\/UAP-AC-M.jpg","type":"image\/jpeg"}],"twitter_card":"summary_large_image","schema":{"@context":"https:\/\/schema.org","@graph":[{"@type":"WebPage","@id":"https:\/\/www.heddata.se\/webbutik\/produkt\/unifi-ap-ac-mesh-ubiquiti-accesspunkt-med-mesh-teknologi\/","url":"https:\/\/www.heddata.se\/webbutik\/produkt\/unifi-ap-ac-mesh-ubiquiti-accesspunkt-med-mesh-teknologi\/","name":"Unifi AP AC Mesh | Ubiquiti | Accesspunkt med mesh-teknologi","isPartOf":{"@id":"https:\/\/www.heddata.se\/webbutik\/#website"},"primaryImageOfPage":{"@id":"https:\/\/www.heddata.se\/webbutik\/produkt\/unifi-ap-ac-mesh-ubiquiti-accesspunkt-med-mesh-teknologi\/#primaryimage"},"image":{"@id":"https:\/\/www.heddata.se\/webbutik\/produkt\/unifi-ap-ac-mesh-ubiquiti-accesspunkt-med-mesh-teknologi\/#primaryimage"},"thumbnailUrl":"https:\/\/www.heddata.se\/webbutik\/wp-content\/uploads\/webbutik\/kategorier\/Natvark\/UAP-AC-M.jpg","datePublished":"2020-01-28T07:40:18+00:00","dateModified":"2026-04-09T10:04:05+00:00","description":"Unifi AP AC Mesh \u00e4r en accesspunkt med mesh-teknologi. Med mesh multi-hop t\u00e4cker du stora ytor med minimal infrastruktur.","breadcrumb":{"@id":"https:\/\/www.heddata.se\/webbutik\/produkt\/unifi-ap-ac-mesh-ubiquiti-accesspunkt-med-mesh-teknologi\/#breadcrumb"},"inLanguage":"sv-SE","potentialAction":[{"@type":"ReadAction","target":["https:\/\/www.heddata.se\/webbutik\/produkt\/unifi-ap-ac-mesh-ubiquiti-accesspunkt-med-mesh-teknologi\/"]}]},{"@type":"ImageObject","inLanguage":"sv-SE","@id":"https:\/\/www.heddata.se\/webbutik\/produkt\/unifi-ap-ac-mesh-ubiquiti-accesspunkt-med-mesh-teknologi\/#primaryimage","url":"https:\/\/www.heddata.se\/webbutik\/wp-content\/uploads\/webbutik\/kategorier\/Natvark\/UAP-AC-M.jpg","contentUrl":"https:\/\/www.heddata.se\/webbutik\/wp-content\/uploads\/webbutik\/kategorier\/Natvark\/UAP-AC-M.jpg","width":960,"height":960,"caption":"Unifi AP AC Mesh | Ubiquiti | Accesspunkt med mesh-teknologi"},{"@type":"BreadcrumbList","@id":"https:\/\/www.heddata.se\/webbutik\/produkt\/unifi-ap-ac-mesh-ubiquiti-accesspunkt-med-mesh-teknologi\/#breadcrumb","itemListElement":[{"@type":"ListItem","position":1,"name":"Hem","item":"https:\/\/www.heddata.se\/webbutik\/"},{"@type":"ListItem","position":2,"name":"Produkter","item":"https:\/\/www.heddata.se\/webbutik\/shop\/"},{"@type":"ListItem","position":3,"name":"Unifi AP AC Mesh | Ubiquiti | Accesspunkt med mesh-teknologi"}]},{"@type":"WebSite","@id":"https:\/\/www.heddata.se\/webbutik\/#website","url":"https:\/\/www.heddata.se\/webbutik\/","name":"Datorer, Skrivare, F\u00e4rgpatroner, Mobiltelefoner","description":"Kablar","publisher":{"@id":"https:\/\/www.heddata.se\/webbutik\/#organization"},"potentialAction":[{"@type":"SearchAction","target":{"@type":"EntryPoint","urlTemplate":"https:\/\/www.heddata.se\/webbutik\/?s={search_term_string}"},"query-input":{"@type":"PropertyValueSpecification","valueRequired":true,"valueName":"search_term_string"}}],"inLanguage":"sv-SE"},{"@type":"Organization","@id":"https:\/\/www.heddata.se\/webbutik\/#organization","name":"Heddata AB","url":"https:\/\/www.heddata.se\/webbutik\/","logo":{"@type":"ImageObject","inLanguage":"sv-SE","@id":"https:\/\/www.heddata.se\/webbutik\/#\/schema\/logo\/image\/","url":"https:\/\/www.heddata.se\/webbutik\/wp-content\/uploads\/logga\/heddata-ab-logga.png","contentUrl":"https:\/\/www.heddata.se\/webbutik\/wp-content\/uploads\/logga\/heddata-ab-logga.png","width":200,"height":64,"caption":"Heddata AB"},"image":{"@id":"https:\/\/www.heddata.se\/webbutik\/#\/schema\/logo\/image\/"}}]}},"_links":{"self":[{"href":"https:\/\/www.heddata.se\/webbutik\/wp-json\/wp\/v2\/product\/34635","targetHints":{"allow":["GET"]}}],"collection":[{"href":"https:\/\/www.heddata.se\/webbutik\/wp-json\/wp\/v2\/product"}],"about":[{"href":"https:\/\/www.heddata.se\/webbutik\/wp-json\/wp\/v2\/types\/product"}],"wp:featuredmedia":[{"embeddable":true,"href":"https:\/\/www.heddata.se\/webbutik\/wp-json\/wp\/v2\/media\/38475"}],"wp:attachment":[{"href":"https:\/\/www.heddata.se\/webbutik\/wp-json\/wp\/v2\/media?parent=34635"}],"wp:term":[{"taxonomy":"product_brand","embeddable":true,"href":"https:\/\/www.heddata.se\/webbutik\/wp-json\/wp\/v2\/product_brand?post=34635"},{"taxonomy":"product_cat","embeddable":true,"href":"https:\/\/www.heddata.se\/webbutik\/wp-json\/wp\/v2\/product_cat?post=34635"},{"taxonomy":"product_tag","embeddable":true,"href":"https:\/\/www.heddata.se\/webbutik\/wp-json\/wp\/v2\/product_tag?post=34635"}],"curies":[{"name":"wp","href":"https:\/\/api.w.org\/{rel}","templated":true}]}}